{"id":4373,"date":"2025-03-15T22:12:36","date_gmt":"2025-03-15T14:12:36","guid":{"rendered":"https:\/\/ruishengglassco.com\/?post_type=product&#038;p=4373"},"modified":"2025-09-11T16:09:39","modified_gmt":"2025-09-11T08:09:39","slug":"rs011-garrafas-de-vidro-de-375-ml-para-bebidas-no-atacado","status":"publish","type":"product","link":"https:\/\/ruishengglassco.com\/pt\/produto\/rs011-garrafas-de-vidro-de-375-ml-para-bebidas-no-atacado","title":{"rendered":"RS011: Garrafas de vidro para bebidas de 375 ml Fabricante"},"content":{"rendered":"<h2>Informa\u00e7\u00f5es detalhadas sobre o fabricante de garrafas de vidro para bebidas de 375 ml<\/h2>\n<p><span data-preserver-spaces=\"true\">Esta s\u00e9rie de garrafas de vidro de 375 ml para bebidas <\/span><span data-preserver-spaces=\"true\">\u00e9 projetado principalmente<\/span><span data-preserver-spaces=\"true\"> para embalar bebidas alco\u00f3licas, sucos, leite, champanhe e outras bebidas. As garrafas vazias de bebidas no atacado <\/span><span data-preserver-spaces=\"true\">s\u00e3o feitas<\/span><span data-preserver-spaces=\"true\"> de material de vidro de s\u00edlex de alta qualidade, que \u00e9 inofensivo para o corpo humano e pode ser reciclado para proteger o meio ambiente.<\/span><\/p>\n<ul>\n<li><span data-preserver-spaces=\"true\">Nome do modelo: Garrafas de vidro de 375 ml para bebidas no atacado<\/span><\/li>\n<li><span data-preserver-spaces=\"true\">N\u00famero do modelo: RS011<\/span><\/li>\n<li><span data-preserver-spaces=\"true\">Nome da marca: RUISHENG<\/span><\/li>\n<li><strong><span data-preserver-spaces=\"true\">MOQ: 10000pcs<\/span><\/strong><\/li>\n<li><span data-preserver-spaces=\"true\">Capacidade: 375 ml\/500 ml\/700 ml\/750 ml\/personalizado<\/span><\/li>\n<li><span data-preserver-spaces=\"true\">Manuseio de superf\u00edcie: Hot Stamping, Frost, Decalque, Emboss, Serigrafia<\/span><\/li>\n<li><span data-preserver-spaces=\"true\">Material: Vidro Super Flint<\/span><\/li>\n<li><span data-preserver-spaces=\"true\">Material do colar: Garrafa de vidro transparente<\/span><\/li>\n<li><span data-preserver-spaces=\"true\">Tipo de veda\u00e7\u00e3o: Tampa de rosca, corti\u00e7a, tampa de vidro, tampa de rosca<\/span><\/li>\n<li><span data-preserver-spaces=\"true\">Uso: Garrafa de Rum\/Gin\/Whisky<\/span><\/li>\n<li><span data-preserver-spaces=\"true\">Local de origem: Shandong, China<\/span><\/li>\n<li><span data-preserver-spaces=\"true\">Caixas de papel\u00e3o e paletes padr\u00e3o para exporta\u00e7\u00e3o<\/span><\/li>\n<li><span data-preserver-spaces=\"true\">Servi\u00e7os: Servi\u00e7o OEM\/ODM<\/span><\/li>\n<\/ul>\n<p><span data-preserver-spaces=\"true\">A garrafa de bebida por atacado mostrada na imagem \u00e9 produzida por nosso molde de garrafa de vidro.<\/span> <span data-preserver-spaces=\"true\">Se <\/span><span data-preserver-spaces=\"true\">voc\u00ea precisa<\/span><span data-preserver-spaces=\"true\">Se voc\u00ea quiser produzir, pode escolher moldes gratuitos de nossa empresa para a produ\u00e7\u00e3o.<\/span><span data-preserver-spaces=\"true\"> Obviamente, voc\u00ea pode fornecer desenhos ou fotos, e n\u00f3s os produziremos de acordo com suas necessidades.<\/span><\/p>\n<p><span data-preserver-spaces=\"true\">Fornecemos as seguintes tampas de garrafa para os clientes escolherem. <\/span><span data-preserver-spaces=\"true\">Voc\u00ea pode <\/span><span data-preserver-spaces=\"true\">escolher<\/span><span data-preserver-spaces=\"true\"> a tampa de acordo com a <\/span><span data-preserver-spaces=\"true\">necessidades do produto<\/span><span data-preserver-spaces=\"true\">.<\/span><\/p>\n<p><img decoding=\"async\" class=\"aligncenter wp-image-2420 size-full\" src=\"https:\/\/glassbottlewholesale.com\/wp-content\/uploads\/2020\/12\/WX20201229-154422.png\" alt=\"tampas de garrafas\" width=\"752\" height=\"452\" \/><\/p>","protected":false},"excerpt":{"rendered":"<p data-block-id=\"2fccc605-569a-451f-b582-ef4f74e8dea9\" data-pm-slice=\"1 1 []\">A Ruisheng \u00e9 uma das principais fabricantes de garrafas para bebidas alco\u00f3licas da China. Eles oferecem garrafas de vidro de 375 ml para bebidas a pre\u00e7os de atacado. Essas garrafas s\u00e3o perfeitas para licor, suco, leite, champanhe e muito mais. Somos um fabricante e fornecedor profissional de garrafas de vidro. Oferecemos servi\u00e7os de OEM, ODM e garrafas de vidro personalizadas com base nas necessidades de nossos clientes.<\/p>\n<h2 data-block-id=\"f567e7e9-5604-43e5-a87a-2a0497e00473\"><strong>Detalhes preocupantes sobre Garrafas de vidro para bebidas de 375 ml no atacado<\/strong><\/h2>\n<p data-block-id=\"2305cfd6-c096-4e86-802f-cbbe8a8874ca\"><strong>-MOQ: 10000 PCS (cerca de 10000pcs)<\/strong><\/p>\n<p data-block-id=\"9e737b91-c3d0-40e3-a5d5-df8fe3c3d8bc\">-Amostra gr\u00e1tis oferecida.<\/p>\n<p data-block-id=\"9de52572-52c0-4a46-a1f2-a8d73d6e8c47\">-Entrega de amostra gr\u00e1tis em 7 dias. Entrega de pedidos em massa em at\u00e9 30 dias.<\/p>\n<p data-block-id=\"8480d1ea-96f1-4699-9d67-f37482a57305\">Se quiser obter mais informa\u00e7\u00f5es sobre garrafas de vidro para bebidas no atacado, entre em contato conosco para saber mais.<\/p>","protected":false},"featured_media":4374,"comment_status":"closed","ping_status":"closed","template":"","meta":[],"product_cat":[55,40,45],"class_list":{"0":"post-4373","1":"product","2":"type-product","3":"status-publish","4":"has-post-thumbnail","6":"product_cat-375ml-liquor-bottle-manufacturer","7":"product_cat-750ml-liquor-bottle-manufacturer","8":"product_cat-custom-glass-bottle","10":"first","11":"instock","12":"shipping-taxable","13":"product-type-simple"},"yoast_head":"<!-- This site is optimized with the Yoast SEO plugin v22.0 - https:\/\/yoast.com\/wordpress\/plugins\/seo\/ -->\n<title>Glass Beverage Bottles Manufacturers | Liquor Bottling Plant Manufacturers<\/title>\n<meta name=\"description\" content=\"Ruisheng, one of the leading liquor bottling plant manufacturers in China, provides 375ml Glass Beverage Bottles Wholesale for liquor, juice, milk, champagne, and other drinks.\" \/>\n<meta name=\"robots\" content=\"index, follow, max-snippet:-1, max-image-preview:large, max-video-preview:-1\" \/>\n<link rel=\"canonical\" href=\"https:\/\/ruishengglassco.com\/pt\/produto\/rs011-garrafas-de-vidro-de-375-ml-para-bebidas-no-atacado\" \/>\n<meta property=\"og:locale\" content=\"pt_BR\" \/>\n<meta property=\"og:type\" content=\"article\" \/>\n<meta property=\"og:title\" content=\"Glass Beverage Bottles Manufacturers | Liquor Bottling Plant Manufacturers\" \/>\n<meta property=\"og:description\" content=\"Ruisheng, one of the leading liquor bottling plant manufacturers in China, provides 375ml Glass Beverage Bottles Wholesale for liquor, juice, milk, champagne, and other drinks.\" \/>\n<meta property=\"og:url\" content=\"https:\/\/ruishengglassco.com\/pt\/produto\/rs011-garrafas-de-vidro-de-375-ml-para-bebidas-no-atacado\" \/>\n<meta property=\"article:publisher\" content=\"https:\/\/www.facebook.com\/ruishengglassbottles\" \/>\n<meta property=\"article:modified_time\" content=\"2025-09-11T08:09:39+00:00\" \/>\n<meta property=\"og:image\" content=\"https:\/\/ruishengglassco.com\/wp-content\/uploads\/2025\/03\/RS011-375ml-Glass-Beverage-Bottles-Wholesale.webp\" \/>\n\t<meta property=\"og:image:width\" content=\"800\" \/>\n\t<meta property=\"og:image:height\" content=\"800\" \/>\n\t<meta property=\"og:image:type\" content=\"image\/webp\" \/>\n<meta name=\"twitter:card\" content=\"summary_large_image\" \/>\n<meta name=\"twitter:label1\" content=\"Est. tempo de leitura\" \/>\n\t<meta name=\"twitter:data1\" content=\"2 minutos\" \/>\n<script type=\"application\/ld+json\" class=\"yoast-schema-graph\">{\"@context\":\"https:\/\/schema.org\",\"@graph\":[{\"@type\":\"WebPage\",\"@id\":\"https:\/\/ruishengglassco.com\/product\/rs011-375ml-glass-beverage-bottles-wholesale\",\"url\":\"https:\/\/ruishengglassco.com\/product\/rs011-375ml-glass-beverage-bottles-wholesale\",\"name\":\"Glass Beverage Bottles Manufacturers | Liquor Bottling Plant Manufacturers\",\"isPartOf\":{\"@id\":\"https:\/\/ruishengglassco.com\/#website\"},\"datePublished\":\"2025-03-15T14:12:36+00:00\",\"dateModified\":\"2025-09-11T08:09:39+00:00\",\"description\":\"Ruisheng, one of the leading liquor bottling plant manufacturers in China, provides 375ml Glass Beverage Bottles Wholesale for liquor, juice, milk, champagne, and other drinks.\",\"breadcrumb\":{\"@id\":\"https:\/\/ruishengglassco.com\/product\/rs011-375ml-glass-beverage-bottles-wholesale#breadcrumb\"},\"inLanguage\":\"pt-BR\",\"potentialAction\":[{\"@type\":\"ReadAction\",\"target\":[\"https:\/\/ruishengglassco.com\/product\/rs011-375ml-glass-beverage-bottles-wholesale\"]}]},{\"@type\":\"BreadcrumbList\",\"@id\":\"https:\/\/ruishengglassco.com\/product\/rs011-375ml-glass-beverage-bottles-wholesale#breadcrumb\",\"itemListElement\":[{\"@type\":\"ListItem\",\"position\":1,\"name\":\"Home\",\"item\":\"https:\/\/ruishengglassco.com\/\"},{\"@type\":\"ListItem\",\"position\":2,\"name\":\"Products\",\"item\":\"https:\/\/ruishengglassco.com\/products\"},{\"@type\":\"ListItem\",\"position\":3,\"name\":\"RS011: 375ml Glass Beverage Bottles Manufacturer\"}]},{\"@type\":\"WebSite\",\"@id\":\"https:\/\/ruishengglassco.com\/#website\",\"url\":\"https:\/\/ruishengglassco.com\/\",\"name\":\"Ruisheng Glass\",\"description\":\"\",\"publisher\":{\"@id\":\"https:\/\/ruishengglassco.com\/#organization\"},\"potentialAction\":[{\"@type\":\"SearchAction\",\"target\":{\"@type\":\"EntryPoint\",\"urlTemplate\":\"https:\/\/ruishengglassco.com\/?s={search_term_string}\"},\"query-input\":\"required name=search_term_string\"}],\"inLanguage\":\"pt-BR\"},{\"@type\":\"Organization\",\"@id\":\"https:\/\/ruishengglassco.com\/#organization\",\"name\":\"Shandong Yuncheng Ruisheng Glass Co., Ltd\",\"url\":\"https:\/\/ruishengglassco.com\/\",\"logo\":{\"@type\":\"ImageObject\",\"inLanguage\":\"pt-BR\",\"@id\":\"https:\/\/ruishengglassco.com\/#\/schema\/logo\/image\/\",\"url\":\"https:\/\/ruishengglassco.com\/wp-content\/uploads\/2023\/09\/ruisheng_logo_icon.webp\",\"contentUrl\":\"https:\/\/ruishengglassco.com\/wp-content\/uploads\/2023\/09\/ruisheng_logo_icon.webp\",\"width\":400,\"height\":233,\"caption\":\"Shandong Yuncheng Ruisheng Glass Co., Ltd\"},\"image\":{\"@id\":\"https:\/\/ruishengglassco.com\/#\/schema\/logo\/image\/\"},\"sameAs\":[\"https:\/\/www.facebook.com\/ruishengglassbottles\",\"https:\/\/www.instagram.com\/Ruishengglassbottlewholesales\/\",\"https:\/\/www.youtube.com\/channel\/UCMmbMNGwsL-XrtjfSFLCdVQ\"]}]}<\/script>\n<!-- \/ Yoast SEO plugin. -->","yoast_head_json":{"title":"Glass Beverage Bottles Manufacturers | Liquor Bottling Plant Manufacturers","description":"Ruisheng, one of the leading liquor bottling plant manufacturers in China, provides 375ml Glass Beverage Bottles Wholesale for liquor, juice, milk, champagne, and other drinks.","robots":{"index":"index","follow":"follow","max-snippet":"max-snippet:-1","max-image-preview":"max-image-preview:large","max-video-preview":"max-video-preview:-1"},"canonical":"https:\/\/ruishengglassco.com\/pt\/produto\/rs011-garrafas-de-vidro-de-375-ml-para-bebidas-no-atacado","og_locale":"pt_BR","og_type":"article","og_title":"Glass Beverage Bottles Manufacturers | Liquor Bottling Plant Manufacturers","og_description":"Ruisheng, one of the leading liquor bottling plant manufacturers in China, provides 375ml Glass Beverage Bottles Wholesale for liquor, juice, milk, champagne, and other drinks.","og_url":"https:\/\/ruishengglassco.com\/pt\/produto\/rs011-garrafas-de-vidro-de-375-ml-para-bebidas-no-atacado","article_publisher":"https:\/\/www.facebook.com\/ruishengglassbottles","article_modified_time":"2025-09-11T08:09:39+00:00","og_image":[{"width":800,"height":800,"url":"https:\/\/ruishengglassco.com\/wp-content\/uploads\/2025\/03\/RS011-375ml-Glass-Beverage-Bottles-Wholesale.webp","type":"image\/webp"}],"twitter_card":"summary_large_image","twitter_misc":{"Est. tempo de leitura":"2 minutos"},"schema":{"@context":"https:\/\/schema.org","@graph":[{"@type":"WebPage","@id":"https:\/\/ruishengglassco.com\/product\/rs011-375ml-glass-beverage-bottles-wholesale","url":"https:\/\/ruishengglassco.com\/product\/rs011-375ml-glass-beverage-bottles-wholesale","name":"Glass Beverage Bottles Manufacturers | Liquor Bottling Plant Manufacturers","isPartOf":{"@id":"https:\/\/ruishengglassco.com\/#website"},"datePublished":"2025-03-15T14:12:36+00:00","dateModified":"2025-09-11T08:09:39+00:00","description":"Ruisheng, one of the leading liquor bottling plant manufacturers in China, provides 375ml Glass Beverage Bottles Wholesale for liquor, juice, milk, champagne, and other drinks.","breadcrumb":{"@id":"https:\/\/ruishengglassco.com\/product\/rs011-375ml-glass-beverage-bottles-wholesale#breadcrumb"},"inLanguage":"pt-BR","potentialAction":[{"@type":"ReadAction","target":["https:\/\/ruishengglassco.com\/product\/rs011-375ml-glass-beverage-bottles-wholesale"]}]},{"@type":"BreadcrumbList","@id":"https:\/\/ruishengglassco.com\/product\/rs011-375ml-glass-beverage-bottles-wholesale#breadcrumb","itemListElement":[{"@type":"ListItem","position":1,"name":"Home","item":"https:\/\/ruishengglassco.com\/"},{"@type":"ListItem","position":2,"name":"Products","item":"https:\/\/ruishengglassco.com\/products"},{"@type":"ListItem","position":3,"name":"RS011: 375ml Glass Beverage Bottles Manufacturer"}]},{"@type":"WebSite","@id":"https:\/\/ruishengglassco.com\/#website","url":"https:\/\/ruishengglassco.com\/","name":"Ruisheng Glass","description":"","publisher":{"@id":"https:\/\/ruishengglassco.com\/#organization"},"potentialAction":[{"@type":"SearchAction","target":{"@type":"EntryPoint","urlTemplate":"https:\/\/ruishengglassco.com\/?s={search_term_string}"},"query-input":"required name=search_term_string"}],"inLanguage":"pt-BR"},{"@type":"Organization","@id":"https:\/\/ruishengglassco.com\/#organization","name":"Shandong Yuncheng Ruisheng Glass Co., Ltd","url":"https:\/\/ruishengglassco.com\/","logo":{"@type":"ImageObject","inLanguage":"pt-BR","@id":"https:\/\/ruishengglassco.com\/#\/schema\/logo\/image\/","url":"https:\/\/ruishengglassco.com\/wp-content\/uploads\/2023\/09\/ruisheng_logo_icon.webp","contentUrl":"https:\/\/ruishengglassco.com\/wp-content\/uploads\/2023\/09\/ruisheng_logo_icon.webp","width":400,"height":233,"caption":"Shandong Yuncheng Ruisheng Glass Co., Ltd"},"image":{"@id":"https:\/\/ruishengglassco.com\/#\/schema\/logo\/image\/"},"sameAs":["https:\/\/www.facebook.com\/ruishengglassbottles","https:\/\/www.instagram.com\/Ruishengglassbottlewholesales\/","https:\/\/www.youtube.com\/channel\/UCMmbMNGwsL-XrtjfSFLCdVQ"]}]}},"_links":{"self":[{"href":"https:\/\/ruishengglassco.com\/pt\/wp-json\/wp\/v2\/product\/4373","targetHints":{"allow":["GET"]}}],"collection":[{"href":"https:\/\/ruishengglassco.com\/pt\/wp-json\/wp\/v2\/product"}],"about":[{"href":"https:\/\/ruishengglassco.com\/pt\/wp-json\/wp\/v2\/types\/product"}],"replies":[{"embeddable":true,"href":"https:\/\/ruishengglassco.com\/pt\/wp-json\/wp\/v2\/comments?post=4373"}],"wp:featuredmedia":[{"embeddable":true,"href":"https:\/\/ruishengglassco.com\/pt\/wp-json\/wp\/v2\/media\/4374"}],"wp:attachment":[{"href":"https:\/\/ruishengglassco.com\/pt\/wp-json\/wp\/v2\/media?parent=4373"}],"wp:term":[{"taxonomy":"product_cat","embeddable":true,"href":"https:\/\/ruishengglassco.com\/pt\/wp-json\/wp\/v2\/product_cat?post=4373"}],"curies":[{"name":"wp","href":"https:\/\/api.w.org\/{rel}","templated":true}]}}