{"id":4369,"date":"2025-03-15T22:08:41","date_gmt":"2025-03-15T14:08:41","guid":{"rendered":"https:\/\/ruishengglassco.com\/?post_type=product&#038;p=4369"},"modified":"2025-07-17T15:00:43","modified_gmt":"2025-07-17T07:00:43","slug":"rs013-1000ml-750ml-700ml-375ml-garrafa-de-vidro-para-bebidas-alcoolicas-no-atacado","status":"publish","type":"product","link":"https:\/\/ruishengglassco.com\/pt\/produto\/rs013-1000ml-750ml-700ml-375ml-garrafa-de-vidro-para-bebidas-alcoolicas-no-atacado","title":{"rendered":"RS013: Fornecedor de garrafas de vidro para bebidas alco\u00f3licas de 1000 ml\/750 ml\/700 ml\/375 ml"},"content":{"rendered":"<h2>Informa\u00e7\u00f5es detalhadas sobre a f\u00e1brica de garrafas de licor de vidro de 1000ml\/750ml\/700ml\/375ml<\/h2>\n<p><span data-preserver-spaces=\"true\">A Ruisheng Glass \u00e9 especialista na fabrica\u00e7\u00e3o de garrafas de vidro para bebidas alco\u00f3licas. Eles oferecem garrafas de licor de 375 ml para atacado. Elas s\u00e3o \u00f3timas para embalar vinho, u\u00edsque, conhaque, vodca, gim e tequila.<\/span><\/p>\n<ul>\n<li><span data-preserver-spaces=\"true\">Nome do modelo: Garrafa de licor de vidro de 375ml no atacado<\/span><\/li>\n<li><span data-preserver-spaces=\"true\">N\u00famero do modelo: RS013<\/span><\/li>\n<li><span data-preserver-spaces=\"true\">Nome da marca: RUISHENG<\/span><\/li>\n<li><strong><span data-preserver-spaces=\"true\">MOQ: 10000pcs<\/span><\/strong><\/li>\n<li><span data-preserver-spaces=\"true\">Capacidade: 375 ml\/500 ml\/700 ml\/750 ml\/personalizado<\/span><\/li>\n<li><span data-preserver-spaces=\"true\">Manuseio de superf\u00edcie: Hot Stamping, Frost, Decalque, Emboss, Serigrafia<\/span><\/li>\n<li><span data-preserver-spaces=\"true\">Material: Vidro Super Flint<\/span><\/li>\n<li><span data-preserver-spaces=\"true\">Material do colar: Garrafa de vidro transparente<\/span><\/li>\n<li><span data-preserver-spaces=\"true\">Tipo de veda\u00e7\u00e3o: Tampa de rosca, corti\u00e7a, tampa de vidro, tampa de rosca<\/span><\/li>\n<li><span data-preserver-spaces=\"true\">Uso: Garrafa de Rum\/Gin\/Whisky\/Vodka\/Brandy<\/span><\/li>\n<li><span data-preserver-spaces=\"true\">Local de origem: Shandong, China<\/span><\/li>\n<li><span data-preserver-spaces=\"true\">Embalagem: Caixas de papel\u00e3o e paletes padr\u00e3o para exporta\u00e7\u00e3o<\/span><\/li>\n<li><span data-preserver-spaces=\"true\">Servi\u00e7os: Servi\u00e7o OEM\/ODM<\/span><\/li>\n<\/ul>\n<p><span data-preserver-spaces=\"true\">A garrafa de vidro para bebidas alco\u00f3licas no atacado mostrada na imagem \u00e9 especialmente personalizada pelo cliente para embalar brandy.<\/span><span data-preserver-spaces=\"true\"> A garrafa de vidro foi projetada com v\u00e1rias bordas e cantos, o que permite que ela reflita a qualidade e a cor do produto em diferentes \u00e2ngulos. <\/span><span data-preserver-spaces=\"true\">O produto <\/span><span data-preserver-spaces=\"true\">\u00e9 feito<\/span><span data-preserver-spaces=\"true\"> de material de vidro ultraclaro de alta qualidade, <\/span><span data-preserver-spaces=\"true\">o que torna<\/span><span data-preserver-spaces=\"true\"> a garrafa \u00e9 mais transparente, bonita e elegante.<\/span><span data-preserver-spaces=\"true\"> Em geral, os clientes escolhem garrafas de 750 ml ou 700 ml, pois esses dois tamanhos s\u00e3o as capacidades aceitas internacionalmente. <\/span><span data-preserver-spaces=\"true\">Obviamente, tamb\u00e9m podemos produzir garrafas de <\/span><span data-preserver-spaces=\"true\">diferente<\/span><span data-preserver-spaces=\"true\"> capacidades <\/span><span data-preserver-spaces=\"true\">de acordo com<\/span><span data-preserver-spaces=\"true\"> necessidades do cliente.<\/span> <span data-preserver-spaces=\"true\">Al\u00e9m disso<\/span><span data-preserver-spaces=\"true\">, n\u00f3s <\/span><span data-preserver-spaces=\"true\">fornecer<\/span><span data-preserver-spaces=\"true\"> a <\/span><span data-preserver-spaces=\"true\">variedade<\/span><span data-preserver-spaces=\"true\"> de tampas de garrafas para os clientes <\/span><span data-preserver-spaces=\"true\">escolher<\/span><span data-preserver-spaces=\"true\"> de.<\/span><\/p>\n<p><img decoding=\"async\" class=\"aligncenter wp-image-2420 size-full\" src=\"https:\/\/glassbottlewholesale.com\/wp-content\/uploads\/2020\/12\/WX20201229-154422.png\" alt=\"tampas de garrafas\" width=\"752\" height=\"452\" \/><\/p>","protected":false},"excerpt":{"rendered":"<p><span data-preserver-spaces=\"true\">A Ruisheng Glass Co., Ltd. foi fundada em 2009. A empresa \u00e9 especializada em projetar e fabricar todos os tipos de garrafas de vidro para bebidas alco\u00f3licas. Tamb\u00e9m oferece servi\u00e7os de atacado para garrafas de licor de 375 ml. A Ruisheng Glass \u00e9 um fornecedor exclusivo de garrafas de vidro. Eles usam v\u00e1rias t\u00e9cnicas para criar designs padr\u00e3o e personalizados. Al\u00e9m disso, seus pre\u00e7os s\u00e3o justos. Fornecemos aos clientes produtos de qualidade que atendem plenamente \u00e0s suas necessidades dentro do prazo.<\/span><\/p>\n<p><strong><span data-preserver-spaces=\"true\">-MOQ: 10000 PCS (cerca de 10000-30000pcs)<\/span><\/strong><\/p>\n<p><span data-preserver-spaces=\"true\">-Amostra gr\u00e1tis oferecida.<\/span><\/p>\n<p><span data-preserver-spaces=\"true\">-Entrega global em at\u00e9 30 dias.<\/span><\/p>","protected":false},"featured_media":4370,"comment_status":"closed","ping_status":"closed","template":"","meta":[],"product_cat":[55,44,40,43],"class_list":{"0":"post-4369","1":"product","2":"type-product","3":"status-publish","4":"has-post-thumbnail","6":"product_cat-375ml-liquor-bottle-manufacturer","7":"product_cat-700ml-liquor-bottle-manufacturer","8":"product_cat-750ml-liquor-bottle-manufacturer","9":"product_cat-1000ml-liquor-bottle-manufacturer","11":"first","12":"instock","13":"shipping-taxable","14":"product-type-simple"},"yoast_head":"<!-- This site is optimized with the Yoast SEO plugin v22.0 - https:\/\/yoast.com\/wordpress\/plugins\/seo\/ -->\n<title>375ml Liquor Bottle Supplier | Glass Spirit Bottle Manufacturers<\/title>\n<meta name=\"description\" content=\"Ruisheng Glass Co, Ltd, a professional glass spirit bottle manufacturers in China, provide 375ml liquor bottle wholesale at factory outlet price.\" \/>\n<meta name=\"robots\" content=\"index, follow, max-snippet:-1, max-image-preview:large, max-video-preview:-1\" \/>\n<link rel=\"canonical\" href=\"https:\/\/ruishengglassco.com\/pt\/produto\/rs013-1000ml-750ml-700ml-375ml-garrafa-de-vidro-para-bebidas-alcoolicas-no-atacado\" \/>\n<meta property=\"og:locale\" content=\"pt_BR\" \/>\n<meta property=\"og:type\" content=\"article\" \/>\n<meta property=\"og:title\" content=\"375ml Liquor Bottle Supplier | Glass Spirit Bottle Manufacturers\" \/>\n<meta property=\"og:description\" content=\"Ruisheng Glass Co, Ltd, a professional glass spirit bottle manufacturers in China, provide 375ml liquor bottle wholesale at factory outlet price.\" \/>\n<meta property=\"og:url\" content=\"https:\/\/ruishengglassco.com\/pt\/produto\/rs013-1000ml-750ml-700ml-375ml-garrafa-de-vidro-para-bebidas-alcoolicas-no-atacado\" \/>\n<meta property=\"article:publisher\" content=\"https:\/\/www.facebook.com\/ruishengglassbottles\" \/>\n<meta property=\"article:modified_time\" content=\"2025-07-17T07:00:43+00:00\" \/>\n<meta property=\"og:image\" content=\"https:\/\/ruishengglassco.com\/wp-content\/uploads\/2025\/03\/RS013-1000ml-750ml-700ml-375ml-Glass-Liquor-Bottle-Wholesale.webp\" \/>\n\t<meta property=\"og:image:width\" content=\"800\" \/>\n\t<meta property=\"og:image:height\" content=\"800\" \/>\n\t<meta property=\"og:image:type\" content=\"image\/webp\" \/>\n<meta name=\"twitter:card\" content=\"summary_large_image\" \/>\n<meta name=\"twitter:label1\" content=\"Est. tempo de leitura\" \/>\n\t<meta name=\"twitter:data1\" content=\"2 minutos\" \/>\n<script type=\"application\/ld+json\" class=\"yoast-schema-graph\">{\"@context\":\"https:\/\/schema.org\",\"@graph\":[{\"@type\":\"WebPage\",\"@id\":\"https:\/\/ruishengglassco.com\/product\/rs013-1000ml-750ml-700ml-375ml-glass-liquor-bottle-wholesale\",\"url\":\"https:\/\/ruishengglassco.com\/product\/rs013-1000ml-750ml-700ml-375ml-glass-liquor-bottle-wholesale\",\"name\":\"375ml Liquor Bottle Supplier | Glass Spirit Bottle Manufacturers\",\"isPartOf\":{\"@id\":\"https:\/\/ruishengglassco.com\/#website\"},\"datePublished\":\"2025-03-15T14:08:41+00:00\",\"dateModified\":\"2025-07-17T07:00:43+00:00\",\"description\":\"Ruisheng Glass Co, Ltd, a professional glass spirit bottle manufacturers in China, provide 375ml liquor bottle wholesale at factory outlet price.\",\"breadcrumb\":{\"@id\":\"https:\/\/ruishengglassco.com\/product\/rs013-1000ml-750ml-700ml-375ml-glass-liquor-bottle-wholesale#breadcrumb\"},\"inLanguage\":\"pt-BR\",\"potentialAction\":[{\"@type\":\"ReadAction\",\"target\":[\"https:\/\/ruishengglassco.com\/product\/rs013-1000ml-750ml-700ml-375ml-glass-liquor-bottle-wholesale\"]}]},{\"@type\":\"BreadcrumbList\",\"@id\":\"https:\/\/ruishengglassco.com\/product\/rs013-1000ml-750ml-700ml-375ml-glass-liquor-bottle-wholesale#breadcrumb\",\"itemListElement\":[{\"@type\":\"ListItem\",\"position\":1,\"name\":\"Home\",\"item\":\"https:\/\/ruishengglassco.com\/\"},{\"@type\":\"ListItem\",\"position\":2,\"name\":\"Products\",\"item\":\"https:\/\/ruishengglassco.com\/products\"},{\"@type\":\"ListItem\",\"position\":3,\"name\":\"RS013: 1000ml\/750ml\/700ml\/375ml Glass Liquor Bottle Supplier\"}]},{\"@type\":\"WebSite\",\"@id\":\"https:\/\/ruishengglassco.com\/#website\",\"url\":\"https:\/\/ruishengglassco.com\/\",\"name\":\"Ruisheng Glass\",\"description\":\"\",\"publisher\":{\"@id\":\"https:\/\/ruishengglassco.com\/#organization\"},\"potentialAction\":[{\"@type\":\"SearchAction\",\"target\":{\"@type\":\"EntryPoint\",\"urlTemplate\":\"https:\/\/ruishengglassco.com\/?s={search_term_string}\"},\"query-input\":\"required name=search_term_string\"}],\"inLanguage\":\"pt-BR\"},{\"@type\":\"Organization\",\"@id\":\"https:\/\/ruishengglassco.com\/#organization\",\"name\":\"Shandong Yuncheng Ruisheng Glass Co., Ltd\",\"url\":\"https:\/\/ruishengglassco.com\/\",\"logo\":{\"@type\":\"ImageObject\",\"inLanguage\":\"pt-BR\",\"@id\":\"https:\/\/ruishengglassco.com\/#\/schema\/logo\/image\/\",\"url\":\"https:\/\/ruishengglassco.com\/wp-content\/uploads\/2023\/09\/ruisheng_logo_icon.webp\",\"contentUrl\":\"https:\/\/ruishengglassco.com\/wp-content\/uploads\/2023\/09\/ruisheng_logo_icon.webp\",\"width\":400,\"height\":233,\"caption\":\"Shandong Yuncheng Ruisheng Glass Co., Ltd\"},\"image\":{\"@id\":\"https:\/\/ruishengglassco.com\/#\/schema\/logo\/image\/\"},\"sameAs\":[\"https:\/\/www.facebook.com\/ruishengglassbottles\",\"https:\/\/www.instagram.com\/Ruishengglassbottlewholesales\/\",\"https:\/\/www.youtube.com\/channel\/UCMmbMNGwsL-XrtjfSFLCdVQ\"]}]}<\/script>\n<!-- \/ Yoast SEO plugin. -->","yoast_head_json":{"title":"375ml Liquor Bottle Supplier | Glass Spirit Bottle Manufacturers","description":"Ruisheng Glass Co, Ltd, a professional glass spirit bottle manufacturers in China, provide 375ml liquor bottle wholesale at factory outlet price.","robots":{"index":"index","follow":"follow","max-snippet":"max-snippet:-1","max-image-preview":"max-image-preview:large","max-video-preview":"max-video-preview:-1"},"canonical":"https:\/\/ruishengglassco.com\/pt\/produto\/rs013-1000ml-750ml-700ml-375ml-garrafa-de-vidro-para-bebidas-alcoolicas-no-atacado","og_locale":"pt_BR","og_type":"article","og_title":"375ml Liquor Bottle Supplier | Glass Spirit Bottle Manufacturers","og_description":"Ruisheng Glass Co, Ltd, a professional glass spirit bottle manufacturers in China, provide 375ml liquor bottle wholesale at factory outlet price.","og_url":"https:\/\/ruishengglassco.com\/pt\/produto\/rs013-1000ml-750ml-700ml-375ml-garrafa-de-vidro-para-bebidas-alcoolicas-no-atacado","article_publisher":"https:\/\/www.facebook.com\/ruishengglassbottles","article_modified_time":"2025-07-17T07:00:43+00:00","og_image":[{"width":800,"height":800,"url":"https:\/\/ruishengglassco.com\/wp-content\/uploads\/2025\/03\/RS013-1000ml-750ml-700ml-375ml-Glass-Liquor-Bottle-Wholesale.webp","type":"image\/webp"}],"twitter_card":"summary_large_image","twitter_misc":{"Est. tempo de leitura":"2 minutos"},"schema":{"@context":"https:\/\/schema.org","@graph":[{"@type":"WebPage","@id":"https:\/\/ruishengglassco.com\/product\/rs013-1000ml-750ml-700ml-375ml-glass-liquor-bottle-wholesale","url":"https:\/\/ruishengglassco.com\/product\/rs013-1000ml-750ml-700ml-375ml-glass-liquor-bottle-wholesale","name":"375ml Liquor Bottle Supplier | Glass Spirit Bottle Manufacturers","isPartOf":{"@id":"https:\/\/ruishengglassco.com\/#website"},"datePublished":"2025-03-15T14:08:41+00:00","dateModified":"2025-07-17T07:00:43+00:00","description":"Ruisheng Glass Co, Ltd, a professional glass spirit bottle manufacturers in China, provide 375ml liquor bottle wholesale at factory outlet price.","breadcrumb":{"@id":"https:\/\/ruishengglassco.com\/product\/rs013-1000ml-750ml-700ml-375ml-glass-liquor-bottle-wholesale#breadcrumb"},"inLanguage":"pt-BR","potentialAction":[{"@type":"ReadAction","target":["https:\/\/ruishengglassco.com\/product\/rs013-1000ml-750ml-700ml-375ml-glass-liquor-bottle-wholesale"]}]},{"@type":"BreadcrumbList","@id":"https:\/\/ruishengglassco.com\/product\/rs013-1000ml-750ml-700ml-375ml-glass-liquor-bottle-wholesale#breadcrumb","itemListElement":[{"@type":"ListItem","position":1,"name":"Home","item":"https:\/\/ruishengglassco.com\/"},{"@type":"ListItem","position":2,"name":"Products","item":"https:\/\/ruishengglassco.com\/products"},{"@type":"ListItem","position":3,"name":"RS013: 1000ml\/750ml\/700ml\/375ml Glass Liquor Bottle Supplier"}]},{"@type":"WebSite","@id":"https:\/\/ruishengglassco.com\/#website","url":"https:\/\/ruishengglassco.com\/","name":"Ruisheng Glass","description":"","publisher":{"@id":"https:\/\/ruishengglassco.com\/#organization"},"potentialAction":[{"@type":"SearchAction","target":{"@type":"EntryPoint","urlTemplate":"https:\/\/ruishengglassco.com\/?s={search_term_string}"},"query-input":"required name=search_term_string"}],"inLanguage":"pt-BR"},{"@type":"Organization","@id":"https:\/\/ruishengglassco.com\/#organization","name":"Shandong Yuncheng Ruisheng Glass Co., Ltd","url":"https:\/\/ruishengglassco.com\/","logo":{"@type":"ImageObject","inLanguage":"pt-BR","@id":"https:\/\/ruishengglassco.com\/#\/schema\/logo\/image\/","url":"https:\/\/ruishengglassco.com\/wp-content\/uploads\/2023\/09\/ruisheng_logo_icon.webp","contentUrl":"https:\/\/ruishengglassco.com\/wp-content\/uploads\/2023\/09\/ruisheng_logo_icon.webp","width":400,"height":233,"caption":"Shandong Yuncheng Ruisheng Glass Co., Ltd"},"image":{"@id":"https:\/\/ruishengglassco.com\/#\/schema\/logo\/image\/"},"sameAs":["https:\/\/www.facebook.com\/ruishengglassbottles","https:\/\/www.instagram.com\/Ruishengglassbottlewholesales\/","https:\/\/www.youtube.com\/channel\/UCMmbMNGwsL-XrtjfSFLCdVQ"]}]}},"_links":{"self":[{"href":"https:\/\/ruishengglassco.com\/pt\/wp-json\/wp\/v2\/product\/4369","targetHints":{"allow":["GET"]}}],"collection":[{"href":"https:\/\/ruishengglassco.com\/pt\/wp-json\/wp\/v2\/product"}],"about":[{"href":"https:\/\/ruishengglassco.com\/pt\/wp-json\/wp\/v2\/types\/product"}],"replies":[{"embeddable":true,"href":"https:\/\/ruishengglassco.com\/pt\/wp-json\/wp\/v2\/comments?post=4369"}],"wp:featuredmedia":[{"embeddable":true,"href":"https:\/\/ruishengglassco.com\/pt\/wp-json\/wp\/v2\/media\/4370"}],"wp:attachment":[{"href":"https:\/\/ruishengglassco.com\/pt\/wp-json\/wp\/v2\/media?parent=4369"}],"wp:term":[{"taxonomy":"product_cat","embeddable":true,"href":"https:\/\/ruishengglassco.com\/pt\/wp-json\/wp\/v2\/product_cat?post=4369"}],"curies":[{"name":"wp","href":"https:\/\/api.w.org\/{rel}","templated":true}]}}