{"id":4367,"date":"2025-03-15T22:06:38","date_gmt":"2025-03-15T14:06:38","guid":{"rendered":"https:\/\/ruishengglassco.com\/?post_type=product&#038;p=4367"},"modified":"2025-07-17T14:57:26","modified_gmt":"2025-07-17T06:57:26","slug":"rs014-garrafa-de-vidro-transparente-de-375-ml-no-atacado-para-bebidas-alcoolicas","status":"publish","type":"product","link":"https:\/\/ruishengglassco.com\/pt\/produto\/rs014-garrafa-de-vidro-transparente-de-375-ml-no-atacado-para-bebidas-alcoolicas","title":{"rendered":"RS014: F\u00e1brica de garrafas de vidro transparente de 375 ml para bebidas alco\u00f3licas"},"content":{"rendered":"<h2>Informa\u00e7\u00f5es detalhadas sobre as garrafas de licor de f\u00e1brica de 375 ml<\/h2>\n<p><span data-preserver-spaces=\"true\">Deseja vender garrafas de bebidas alco\u00f3licas por atacado?  A compra direta de um fabricante confi\u00e1vel de garrafas de bebidas alco\u00f3licas o ajudar\u00e1 a encontrar garrafas de bebidas alco\u00f3licas de alta qualidade e a economizar custos.<\/span><\/p>\n<p><span data-preserver-spaces=\"true\">Esta s\u00e9rie de garrafas de vidro transparente de 375 ml \u00e9 vendida no atacado <\/span><span data-preserver-spaces=\"true\">\u00e9 usado principalmente<\/span><span data-preserver-spaces=\"true\"> em embalagens de bebidas e licores. <\/span><span data-preserver-spaces=\"true\">O produto <\/span><span data-preserver-spaces=\"true\">adota alta<\/span><span data-preserver-spaces=\"true\"> material de vidro de s\u00edlex, <\/span><span data-preserver-spaces=\"true\">o que torna<\/span><span data-preserver-spaces=\"true\"> nosso vidro <\/span><span data-preserver-spaces=\"true\">garrafa<\/span> <span data-preserver-spaces=\"true\">mais claro<\/span><span data-preserver-spaces=\"true\">transparente e ecologicamente correto.<\/span><\/p>\n<p><span data-preserver-spaces=\"true\">Como fornecedor profissional de garrafas de licor, nossa empresa oferece servi\u00e7os de garrafas de vidro OEM\/ODM\/personalizadas. <\/span><span data-preserver-spaces=\"true\">Voc\u00ea pode <\/span><span data-preserver-spaces=\"true\">apresentar<\/span><span data-preserver-spaces=\"true\"> requisitos <\/span><span data-preserver-spaces=\"true\">em<\/span><span data-preserver-spaces=\"true\"> a capacidade, a cor, o formato, a tampa, <\/span><span data-preserver-spaces=\"true\">etc.<\/span><span data-preserver-spaces=\"true\"> da garrafa de vinho, e podemos produzi-la de acordo com suas necessidades. <\/span><span data-preserver-spaces=\"true\">requisitos<\/span><span data-preserver-spaces=\"true\">.<\/span><\/p>\n<ul>\n<li><span data-preserver-spaces=\"true\">Nome do produto: Garrafa de vidro transparente de 375 ml por atacado para licor<\/span><\/li>\n<li><span data-preserver-spaces=\"true\">N\u00famero de refer\u00eancia: RS014<\/span><\/li>\n<li><span data-preserver-spaces=\"true\">Material do vidro: Super Flint \/ Extra Flint<\/span><\/li>\n<li><span data-preserver-spaces=\"true\">Formato da garrafa: Forma redonda alta<\/span><\/li>\n<li><span data-preserver-spaces=\"true\">Capacidade nominal: 375 ml<\/span><\/li>\n<li><span data-preserver-spaces=\"true\">Peso da garrafa: 580 g<\/span><\/li>\n<li><span data-preserver-spaces=\"true\">Tipo de veda\u00e7\u00e3o: Corti\u00e7a \/ Tampas GPI \/ Tampas Ropp<\/span><\/li>\n<li><span data-preserver-spaces=\"true\">Uso industrial: Vodca, u\u00edsque, brandy, conhaque, rum, tequila, \u00e1gua, suco, xarope.<\/span><\/li>\n<li><span data-preserver-spaces=\"true\">Decora\u00e7\u00e3o Grava\u00e7\u00e3o \/ Impress\u00e3o \/ Frosting \/ Galvanoplastia \/ Pulveriza\u00e7\u00e3o<\/span><\/li>\n<\/ul>\n<p><span data-preserver-spaces=\"true\">Se voc\u00ea <\/span><span data-preserver-spaces=\"true\">querer<\/span><span data-preserver-spaces=\"true\"> para <\/span><span data-preserver-spaces=\"true\">saber<\/span><span data-preserver-spaces=\"true\"> mais informa\u00e7\u00f5es sobre Garrafas de licor por atacado para venda, favor <\/span><span data-preserver-spaces=\"true\">sinta-se \u00e0 vontade<\/span><span data-preserver-spaces=\"true\"> para entrar em contato conosco.<\/span><\/p>","protected":false},"excerpt":{"rendered":"<p><span data-preserver-spaces=\"true\">Encontre garrafas de bebidas alco\u00f3licas no atacado para venda em <\/span><a class=\"editor-rtfLink\" href=\"http:\/\/glassbottlewholesale.com\" target=\"_blank\" rel=\"noopener\"><span data-preserver-spaces=\"true\">glassbottlewholesale.com<\/span><\/a><span data-preserver-spaces=\"true\">. A Ruisheng Glass Co., Ltd. \u00e9 uma fabricante profissional de garrafas de vidro para bebidas alco\u00f3licas na China. Oferecemos garrafas de bebidas alco\u00f3licas vazias no atacado e r\u00f3tulos personalizados para garrafas de bebidas alco\u00f3licas. Nossos servi\u00e7os atendem a atacadistas de garrafas de vidro, distribuidores, supermercados e muito mais.<\/span><\/p>\n<h2><strong><span data-preserver-spaces=\"true\">Informa\u00e7\u00f5es sobre pedidos de garrafas de licor por atacado para venda<\/span><\/strong><\/h2>\n<ul>\n<li><strong><span data-preserver-spaces=\"true\">MOQ:10000pcs(10000 PCS)<\/span><\/strong><\/li>\n<li><span data-preserver-spaces=\"true\">Oferecemos servi\u00e7o de garrafa de licor OEM\/ODM\/personalizado.<\/span><\/li>\n<li><span data-preserver-spaces=\"true\">Entrega da amostra gr\u00e1tis em at\u00e9 7 dias<\/span><\/li>\n<li><span data-preserver-spaces=\"true\">Pedido em massa Envio global em at\u00e9 30 dias<\/span><\/li>\n<\/ul>\n<p><span data-preserver-spaces=\"true\">Se estiver interessado em nossas garrafas de licor no atacado, favor <\/span><span data-preserver-spaces=\"true\">sinta-se \u00e0 vontade<\/span><span data-preserver-spaces=\"true\"> para entrar em contato conosco.<\/span><\/p>","protected":false},"featured_media":4368,"comment_status":"closed","ping_status":"closed","template":"","meta":[],"product_cat":[55,45,52,54,56],"class_list":{"0":"post-4367","1":"product","2":"type-product","3":"status-publish","4":"has-post-thumbnail","6":"product_cat-375ml-liquor-bottle-manufacturer","7":"product_cat-custom-glass-bottle","8":"product_cat-vodka-bottle","9":"product_cat-whiskey-bottle","10":"product_cat-xo-brandy-bottle","12":"first","13":"instock","14":"shipping-taxable","15":"product-type-simple"},"yoast_head":"<!-- This site is optimized with the Yoast SEO plugin v22.0 - https:\/\/yoast.com\/wordpress\/plugins\/seo\/ -->\n<title>FactoryF Liquor Bottles For Sale | Custom Spirit Bottle Labels<\/title>\n<meta name=\"description\" content=\"Find Wholesale Liquor Bottles For Sale At Glassbottlewholesale.com. Custom Spirit Bottle Labels and Free Sample Offered. Get Quote Now.\" \/>\n<meta name=\"robots\" content=\"index, follow, max-snippet:-1, max-image-preview:large, max-video-preview:-1\" \/>\n<link rel=\"canonical\" href=\"https:\/\/ruishengglassco.com\/pt\/produto\/rs014-garrafa-de-vidro-transparente-de-375-ml-no-atacado-para-bebidas-alcoolicas\" \/>\n<meta property=\"og:locale\" content=\"pt_BR\" \/>\n<meta property=\"og:type\" content=\"article\" \/>\n<meta property=\"og:title\" content=\"FactoryF Liquor Bottles For Sale | Custom Spirit Bottle Labels\" \/>\n<meta property=\"og:description\" content=\"Find Wholesale Liquor Bottles For Sale At Glassbottlewholesale.com. Custom Spirit Bottle Labels and Free Sample Offered. Get Quote Now.\" \/>\n<meta property=\"og:url\" content=\"https:\/\/ruishengglassco.com\/pt\/produto\/rs014-garrafa-de-vidro-transparente-de-375-ml-no-atacado-para-bebidas-alcoolicas\" \/>\n<meta property=\"article:publisher\" content=\"https:\/\/www.facebook.com\/ruishengglassbottles\" \/>\n<meta property=\"article:modified_time\" content=\"2025-07-17T06:57:26+00:00\" \/>\n<meta property=\"og:image\" content=\"https:\/\/ruishengglassco.com\/wp-content\/uploads\/2025\/03\/RS014-375ml-Clear-Glass-Bottle-Wholesale-For-Liquor.webp\" \/>\n\t<meta property=\"og:image:width\" content=\"800\" \/>\n\t<meta property=\"og:image:height\" content=\"800\" \/>\n\t<meta property=\"og:image:type\" content=\"image\/webp\" \/>\n<meta name=\"twitter:card\" content=\"summary_large_image\" \/>\n<meta name=\"twitter:label1\" content=\"Est. tempo de leitura\" \/>\n\t<meta name=\"twitter:data1\" content=\"2 minutos\" \/>\n<script type=\"application\/ld+json\" class=\"yoast-schema-graph\">{\"@context\":\"https:\/\/schema.org\",\"@graph\":[{\"@type\":\"WebPage\",\"@id\":\"https:\/\/ruishengglassco.com\/product\/rs014-375ml-clear-glass-bottle-wholesale-for-liquor\",\"url\":\"https:\/\/ruishengglassco.com\/product\/rs014-375ml-clear-glass-bottle-wholesale-for-liquor\",\"name\":\"FactoryF Liquor Bottles For Sale | Custom Spirit Bottle Labels\",\"isPartOf\":{\"@id\":\"https:\/\/ruishengglassco.com\/#website\"},\"datePublished\":\"2025-03-15T14:06:38+00:00\",\"dateModified\":\"2025-07-17T06:57:26+00:00\",\"description\":\"Find Wholesale Liquor Bottles For Sale At Glassbottlewholesale.com. Custom Spirit Bottle Labels and Free Sample Offered. Get Quote Now.\",\"breadcrumb\":{\"@id\":\"https:\/\/ruishengglassco.com\/product\/rs014-375ml-clear-glass-bottle-wholesale-for-liquor#breadcrumb\"},\"inLanguage\":\"pt-BR\",\"potentialAction\":[{\"@type\":\"ReadAction\",\"target\":[\"https:\/\/ruishengglassco.com\/product\/rs014-375ml-clear-glass-bottle-wholesale-for-liquor\"]}]},{\"@type\":\"BreadcrumbList\",\"@id\":\"https:\/\/ruishengglassco.com\/product\/rs014-375ml-clear-glass-bottle-wholesale-for-liquor#breadcrumb\",\"itemListElement\":[{\"@type\":\"ListItem\",\"position\":1,\"name\":\"Home\",\"item\":\"https:\/\/ruishengglassco.com\/\"},{\"@type\":\"ListItem\",\"position\":2,\"name\":\"Products\",\"item\":\"https:\/\/ruishengglassco.com\/products\"},{\"@type\":\"ListItem\",\"position\":3,\"name\":\"RS014: 375ml Clear Glass Bottle Factory For Liquor\"}]},{\"@type\":\"WebSite\",\"@id\":\"https:\/\/ruishengglassco.com\/#website\",\"url\":\"https:\/\/ruishengglassco.com\/\",\"name\":\"Ruisheng Glass\",\"description\":\"\",\"publisher\":{\"@id\":\"https:\/\/ruishengglassco.com\/#organization\"},\"potentialAction\":[{\"@type\":\"SearchAction\",\"target\":{\"@type\":\"EntryPoint\",\"urlTemplate\":\"https:\/\/ruishengglassco.com\/?s={search_term_string}\"},\"query-input\":\"required name=search_term_string\"}],\"inLanguage\":\"pt-BR\"},{\"@type\":\"Organization\",\"@id\":\"https:\/\/ruishengglassco.com\/#organization\",\"name\":\"Shandong Yuncheng Ruisheng Glass Co., Ltd\",\"url\":\"https:\/\/ruishengglassco.com\/\",\"logo\":{\"@type\":\"ImageObject\",\"inLanguage\":\"pt-BR\",\"@id\":\"https:\/\/ruishengglassco.com\/#\/schema\/logo\/image\/\",\"url\":\"https:\/\/ruishengglassco.com\/wp-content\/uploads\/2023\/09\/ruisheng_logo_icon.webp\",\"contentUrl\":\"https:\/\/ruishengglassco.com\/wp-content\/uploads\/2023\/09\/ruisheng_logo_icon.webp\",\"width\":400,\"height\":233,\"caption\":\"Shandong Yuncheng Ruisheng Glass Co., Ltd\"},\"image\":{\"@id\":\"https:\/\/ruishengglassco.com\/#\/schema\/logo\/image\/\"},\"sameAs\":[\"https:\/\/www.facebook.com\/ruishengglassbottles\",\"https:\/\/www.instagram.com\/Ruishengglassbottlewholesales\/\",\"https:\/\/www.youtube.com\/channel\/UCMmbMNGwsL-XrtjfSFLCdVQ\"]}]}<\/script>\n<!-- \/ Yoast SEO plugin. -->","yoast_head_json":{"title":"FactoryF Liquor Bottles For Sale | Custom Spirit Bottle Labels","description":"Find Wholesale Liquor Bottles For Sale At Glassbottlewholesale.com. Custom Spirit Bottle Labels and Free Sample Offered. Get Quote Now.","robots":{"index":"index","follow":"follow","max-snippet":"max-snippet:-1","max-image-preview":"max-image-preview:large","max-video-preview":"max-video-preview:-1"},"canonical":"https:\/\/ruishengglassco.com\/pt\/produto\/rs014-garrafa-de-vidro-transparente-de-375-ml-no-atacado-para-bebidas-alcoolicas","og_locale":"pt_BR","og_type":"article","og_title":"FactoryF Liquor Bottles For Sale | Custom Spirit Bottle Labels","og_description":"Find Wholesale Liquor Bottles For Sale At Glassbottlewholesale.com. Custom Spirit Bottle Labels and Free Sample Offered. Get Quote Now.","og_url":"https:\/\/ruishengglassco.com\/pt\/produto\/rs014-garrafa-de-vidro-transparente-de-375-ml-no-atacado-para-bebidas-alcoolicas","article_publisher":"https:\/\/www.facebook.com\/ruishengglassbottles","article_modified_time":"2025-07-17T06:57:26+00:00","og_image":[{"width":800,"height":800,"url":"https:\/\/ruishengglassco.com\/wp-content\/uploads\/2025\/03\/RS014-375ml-Clear-Glass-Bottle-Wholesale-For-Liquor.webp","type":"image\/webp"}],"twitter_card":"summary_large_image","twitter_misc":{"Est. tempo de leitura":"2 minutos"},"schema":{"@context":"https:\/\/schema.org","@graph":[{"@type":"WebPage","@id":"https:\/\/ruishengglassco.com\/product\/rs014-375ml-clear-glass-bottle-wholesale-for-liquor","url":"https:\/\/ruishengglassco.com\/product\/rs014-375ml-clear-glass-bottle-wholesale-for-liquor","name":"FactoryF Liquor Bottles For Sale | Custom Spirit Bottle Labels","isPartOf":{"@id":"https:\/\/ruishengglassco.com\/#website"},"datePublished":"2025-03-15T14:06:38+00:00","dateModified":"2025-07-17T06:57:26+00:00","description":"Find Wholesale Liquor Bottles For Sale At Glassbottlewholesale.com. Custom Spirit Bottle Labels and Free Sample Offered. Get Quote Now.","breadcrumb":{"@id":"https:\/\/ruishengglassco.com\/product\/rs014-375ml-clear-glass-bottle-wholesale-for-liquor#breadcrumb"},"inLanguage":"pt-BR","potentialAction":[{"@type":"ReadAction","target":["https:\/\/ruishengglassco.com\/product\/rs014-375ml-clear-glass-bottle-wholesale-for-liquor"]}]},{"@type":"BreadcrumbList","@id":"https:\/\/ruishengglassco.com\/product\/rs014-375ml-clear-glass-bottle-wholesale-for-liquor#breadcrumb","itemListElement":[{"@type":"ListItem","position":1,"name":"Home","item":"https:\/\/ruishengglassco.com\/"},{"@type":"ListItem","position":2,"name":"Products","item":"https:\/\/ruishengglassco.com\/products"},{"@type":"ListItem","position":3,"name":"RS014: 375ml Clear Glass Bottle Factory For Liquor"}]},{"@type":"WebSite","@id":"https:\/\/ruishengglassco.com\/#website","url":"https:\/\/ruishengglassco.com\/","name":"Ruisheng Glass","description":"","publisher":{"@id":"https:\/\/ruishengglassco.com\/#organization"},"potentialAction":[{"@type":"SearchAction","target":{"@type":"EntryPoint","urlTemplate":"https:\/\/ruishengglassco.com\/?s={search_term_string}"},"query-input":"required name=search_term_string"}],"inLanguage":"pt-BR"},{"@type":"Organization","@id":"https:\/\/ruishengglassco.com\/#organization","name":"Shandong Yuncheng Ruisheng Glass Co., Ltd","url":"https:\/\/ruishengglassco.com\/","logo":{"@type":"ImageObject","inLanguage":"pt-BR","@id":"https:\/\/ruishengglassco.com\/#\/schema\/logo\/image\/","url":"https:\/\/ruishengglassco.com\/wp-content\/uploads\/2023\/09\/ruisheng_logo_icon.webp","contentUrl":"https:\/\/ruishengglassco.com\/wp-content\/uploads\/2023\/09\/ruisheng_logo_icon.webp","width":400,"height":233,"caption":"Shandong Yuncheng Ruisheng Glass Co., Ltd"},"image":{"@id":"https:\/\/ruishengglassco.com\/#\/schema\/logo\/image\/"},"sameAs":["https:\/\/www.facebook.com\/ruishengglassbottles","https:\/\/www.instagram.com\/Ruishengglassbottlewholesales\/","https:\/\/www.youtube.com\/channel\/UCMmbMNGwsL-XrtjfSFLCdVQ"]}]}},"_links":{"self":[{"href":"https:\/\/ruishengglassco.com\/pt\/wp-json\/wp\/v2\/product\/4367","targetHints":{"allow":["GET"]}}],"collection":[{"href":"https:\/\/ruishengglassco.com\/pt\/wp-json\/wp\/v2\/product"}],"about":[{"href":"https:\/\/ruishengglassco.com\/pt\/wp-json\/wp\/v2\/types\/product"}],"replies":[{"embeddable":true,"href":"https:\/\/ruishengglassco.com\/pt\/wp-json\/wp\/v2\/comments?post=4367"}],"wp:featuredmedia":[{"embeddable":true,"href":"https:\/\/ruishengglassco.com\/pt\/wp-json\/wp\/v2\/media\/4368"}],"wp:attachment":[{"href":"https:\/\/ruishengglassco.com\/pt\/wp-json\/wp\/v2\/media?parent=4367"}],"wp:term":[{"taxonomy":"product_cat","embeddable":true,"href":"https:\/\/ruishengglassco.com\/pt\/wp-json\/wp\/v2\/product_cat?post=4367"}],"curies":[{"name":"wp","href":"https:\/\/api.w.org\/{rel}","templated":true}]}}