{"id":4365,"date":"2025-03-15T22:05:00","date_gmt":"2025-03-15T14:05:00","guid":{"rendered":"https:\/\/ruishengglassco.com\/?post_type=product&#038;p=4365"},"modified":"2025-07-17T14:55:48","modified_gmt":"2025-07-17T06:55:48","slug":"rs015-garrafa-de-suco-de-vidro-redonda-de-350-ml-por-atacado-com-rolha","status":"publish","type":"product","link":"https:\/\/ruishengglassco.com\/pt\/produto\/rs015-garrafa-de-suco-de-vidro-redonda-de-350-ml-por-atacado-com-rolha","title":{"rendered":"RS015: Fabricantes de garrafas de suco de vidro redondas de 350 ml com rolha"},"content":{"rendered":"<h2>Informa\u00e7\u00f5es detalhadas sobre os fabricantes de garrafas de suco de vidro<\/h2>\n<p><span data-preserver-spaces=\"true\">Essa s\u00e9rie de garrafas de vidro para suco no atacado \u00e9 uma garrafa de vidro com design padr\u00e3o. Nossas <\/span><span data-preserver-spaces=\"true\">pr\u00f3prio<\/span><span data-preserver-spaces=\"true\"> O molde de vidro o produz. <\/span><span data-preserver-spaces=\"true\">O produto <\/span><span data-preserver-spaces=\"true\">adota<\/span><span data-preserver-spaces=\"true\"> Vidro de cristal artesanal de alta qualidade <\/span><span data-preserver-spaces=\"true\">material branco<\/span><span data-preserver-spaces=\"true\">, <\/span><span data-preserver-spaces=\"true\">o que torna<\/span><span data-preserver-spaces=\"true\"> Nossa garrafa de vidro \u00e9 clara, transparente e elegante.<\/span><\/p>\n<ul>\n<li><span data-preserver-spaces=\"true\">Item: Garrafa de suco de vidro por atacado<\/span><\/li>\n<li><span data-preserver-spaces=\"true\">N\u00famero do modelo: RS015<\/span><\/li>\n<li><span data-preserver-spaces=\"true\">Capacidade: =1000ml<\/span><\/li>\n<li><span data-preserver-spaces=\"true\">Material: Material de vidro super flint, material de vidro branco cristalino, material de vidro branco caro.<\/span><\/li>\n<li><span data-preserver-spaces=\"true\">Tipo de veda\u00e7\u00e3o: Corti\u00e7a, tampa guala, tampa de rosca, tampa de pl\u00e1stico, tampa de madeira<\/span><\/li>\n<li><span data-preserver-spaces=\"true\">Superf\u00edcie: Geada, decalque, pintura, hot stamping, relevo, impress\u00e3o, dourado, serigrafia<\/span><\/li>\n<li><span data-preserver-spaces=\"true\">Amostra: Livre de mofo existente<\/span><\/li>\n<li><span data-preserver-spaces=\"true\">Prazo de entrega: 20 a 30 dias para produtos em massa<\/span><\/li>\n<li><span data-preserver-spaces=\"true\">Portos: Qingdao, Xangai, Guangzhou<\/span><\/li>\n<li><span data-preserver-spaces=\"true\">Pagamento: T\/T, <\/span><span data-preserver-spaces=\"true\">Paypal<\/span><span data-preserver-spaces=\"true\">, Garantia comercial, DP, LC, Western UNION<\/span><\/li>\n<li><span data-preserver-spaces=\"true\">Mat\u00e9ria-prima: Areia de s\u00edlica, carbonato de s\u00f3dio, calc\u00e1rio, dolomita, feldspato, b\u00f3rax, b\u00e1rio, etc.<\/span><\/li>\n<\/ul>\n<h4><span data-preserver-spaces=\"true\">Caracter\u00edsticas:<\/span><\/h4>\n<ul>\n<li><span data-preserver-spaces=\"true\">Com experi\u00eancia em produ\u00e7\u00e3o profissional.<\/span><\/li>\n<li><span data-preserver-spaces=\"true\">Servi\u00e7o OEM e ODM: de acordo com sua amostra ou desenho.<\/span><\/li>\n<li><span data-preserver-spaces=\"true\">A amostra existente \u00e9 gratuita.<\/span><\/li>\n<li><span data-preserver-spaces=\"true\">Pre\u00e7o razo\u00e1vel, excelente qualidade e servi\u00e7o atencioso<\/span><\/li>\n<li><span data-preserver-spaces=\"true\">Qualquer garrafa quebrada durante o transporte<\/span><span data-preserver-spaces=\"true\">, <\/span><span data-preserver-spaces=\"true\">compensa\u00e7\u00e3o pela <\/span><span data-preserver-spaces=\"true\">pr\u00f3xima<\/span><span data-preserver-spaces=\"true\"> ordem.<\/span><\/li>\n<li><span data-preserver-spaces=\"true\">Resposta instant\u00e2nea: respondendo a sua consulta e e-mail em at\u00e9 12 horas.<\/span><\/li>\n<li><span data-preserver-spaces=\"true\">Entrega: <\/span><span data-preserver-spaces=\"true\">sobre<\/span><span data-preserver-spaces=\"true\"> 20-25 dias depois <\/span><span data-preserver-spaces=\"true\">recebimento<\/span><span data-preserver-spaces=\"true\"> o dep\u00f3sito.<\/span><\/li>\n<li><span data-preserver-spaces=\"true\">J\u00e1 passamos o <\/span><span data-preserver-spaces=\"true\">ISO9001<\/span><span data-preserver-spaces=\"true\">, <\/span><span data-preserver-spaces=\"true\">ISO14001<\/span><span data-preserver-spaces=\"true\">e outros testes.<\/span><\/li>\n<li><span data-preserver-spaces=\"true\">Oferecemos n\u00e3o apenas produtos excelentes, mas tamb\u00e9m servi\u00e7os e solu\u00e7\u00f5es de mercado.<\/span><\/li>\n<li><span data-preserver-spaces=\"true\">Embora tenha um fundo grosso, a cor tamb\u00e9m \u00e9 muito pura.<\/span><\/li>\n<\/ul>","protected":false},"excerpt":{"rendered":"<p><span data-preserver-spaces=\"true\">A Ruisheng Glass Co., Ltd. fabrica garrafas de vidro para bebidas. Seu foco \u00e9 a venda de garrafas de vidro para bebidas alco\u00f3licas e sucos para mercados internacionais.  Nossa empresa oferece servi\u00e7os de design e fabrica\u00e7\u00e3o de garrafas de vidro. Oferecemos servi\u00e7os de OEM\/ODM\/personalizados. <\/span><span data-preserver-spaces=\"true\">Nossos produtos <\/span><span data-preserver-spaces=\"true\">s\u00e3o amplamente aplicados<\/span><span data-preserver-spaces=\"true\"> para <\/span><span data-preserver-spaces=\"true\">esp\u00edrito<\/span><span data-preserver-spaces=\"true\">vinho, vodca, u\u00edsque, vinho de arroz, vinho de frutas, rum, gim, tequila, licor medicinal, perfume, cosm\u00e9ticos, azeite de oliva, <\/span><span data-preserver-spaces=\"true\">etc<\/span><span data-preserver-spaces=\"true\">.<\/span><\/p>\n<h4><strong><span data-preserver-spaces=\"true\">Informa\u00e7\u00f5es preocupantes sobre a garrafa de suco de vidro no atacado<\/span><\/strong><\/h4>\n<p><strong><span data-preserver-spaces=\"true\">-MOQ: 10000 PCS (cerca de 10000-35000pcs)<\/span><\/strong><\/p>\n<p><span data-preserver-spaces=\"true\">-Fornecer garrafas de bebidas alco\u00f3licas personalizadas gratuitas com amostra de rolhas<\/span><\/p>\n<p><span data-preserver-spaces=\"true\">-Servi\u00e7o personalizado oferecido<\/span><\/p>\n<p><span data-preserver-spaces=\"true\">Se voc\u00ea <\/span><span data-preserver-spaces=\"true\">querer<\/span><span data-preserver-spaces=\"true\"> para <\/span><span data-preserver-spaces=\"true\">saber<\/span><span data-preserver-spaces=\"true\"> mais informa\u00e7\u00f5es sobre nossa garrafa de suco de vidro no atacado, por favor <\/span><span data-preserver-spaces=\"true\">sinta-se \u00e0 vontade<\/span><span data-preserver-spaces=\"true\"> para entrar em contato com nossa equipe de vendas.<\/span><\/p>","protected":false},"featured_media":4366,"comment_status":"closed","ping_status":"closed","template":"","meta":[],"product_cat":[55,57,52,54,56],"class_list":{"0":"post-4365","1":"product","2":"type-product","3":"status-publish","4":"has-post-thumbnail","6":"product_cat-375ml-liquor-bottle-manufacturer","7":"product_cat-rum-bottle","8":"product_cat-vodka-bottle","9":"product_cat-whiskey-bottle","10":"product_cat-xo-brandy-bottle","12":"first","13":"instock","14":"shipping-taxable","15":"product-type-simple"},"yoast_head":"<!-- This site is optimized with the Yoast SEO plugin v22.0 - https:\/\/yoast.com\/wordpress\/plugins\/seo\/ -->\n<title>Glass Juice Bottles Manufacturers | Beverage Bottle Manufacturers<\/title>\n<meta name=\"description\" content=\"Ruisheng Glass Co, Ltd, a professional beverage bottle manufacturer, provide glass juice bottles wholesale with cork. Custom Bottle Design Offered.\" \/>\n<meta name=\"robots\" content=\"index, follow, max-snippet:-1, max-image-preview:large, max-video-preview:-1\" \/>\n<link rel=\"canonical\" href=\"https:\/\/ruishengglassco.com\/pt\/produto\/rs015-garrafa-de-suco-de-vidro-redonda-de-350-ml-por-atacado-com-rolha\" \/>\n<meta property=\"og:locale\" content=\"pt_BR\" \/>\n<meta property=\"og:type\" content=\"article\" \/>\n<meta property=\"og:title\" content=\"Glass Juice Bottles Manufacturers | Beverage Bottle Manufacturers\" \/>\n<meta property=\"og:description\" content=\"Ruisheng Glass Co, Ltd, a professional beverage bottle manufacturer, provide glass juice bottles wholesale with cork. Custom Bottle Design Offered.\" \/>\n<meta property=\"og:url\" content=\"https:\/\/ruishengglassco.com\/pt\/produto\/rs015-garrafa-de-suco-de-vidro-redonda-de-350-ml-por-atacado-com-rolha\" \/>\n<meta property=\"article:publisher\" content=\"https:\/\/www.facebook.com\/ruishengglassbottles\" \/>\n<meta property=\"article:modified_time\" content=\"2025-07-17T06:55:48+00:00\" \/>\n<meta property=\"og:image\" content=\"https:\/\/ruishengglassco.com\/wp-content\/uploads\/2025\/03\/RS015-Wholesale-Round-350ml-Glass-Juice-Bottle-Wholesale-With-Cork.webp\" \/>\n\t<meta property=\"og:image:width\" content=\"800\" \/>\n\t<meta property=\"og:image:height\" content=\"800\" \/>\n\t<meta property=\"og:image:type\" content=\"image\/webp\" \/>\n<meta name=\"twitter:card\" content=\"summary_large_image\" \/>\n<meta name=\"twitter:label1\" content=\"Est. tempo de leitura\" \/>\n\t<meta name=\"twitter:data1\" content=\"2 minutos\" \/>\n<script type=\"application\/ld+json\" class=\"yoast-schema-graph\">{\"@context\":\"https:\/\/schema.org\",\"@graph\":[{\"@type\":\"WebPage\",\"@id\":\"https:\/\/ruishengglassco.com\/product\/rs015-wholesale-round-350ml-glass-juice-bottle-wholesale-with-cork\",\"url\":\"https:\/\/ruishengglassco.com\/product\/rs015-wholesale-round-350ml-glass-juice-bottle-wholesale-with-cork\",\"name\":\"Glass Juice Bottles Manufacturers | Beverage Bottle Manufacturers\",\"isPartOf\":{\"@id\":\"https:\/\/ruishengglassco.com\/#website\"},\"datePublished\":\"2025-03-15T14:05:00+00:00\",\"dateModified\":\"2025-07-17T06:55:48+00:00\",\"description\":\"Ruisheng Glass Co, Ltd, a professional beverage bottle manufacturer, provide glass juice bottles wholesale with cork. Custom Bottle Design Offered.\",\"breadcrumb\":{\"@id\":\"https:\/\/ruishengglassco.com\/product\/rs015-wholesale-round-350ml-glass-juice-bottle-wholesale-with-cork#breadcrumb\"},\"inLanguage\":\"pt-BR\",\"potentialAction\":[{\"@type\":\"ReadAction\",\"target\":[\"https:\/\/ruishengglassco.com\/product\/rs015-wholesale-round-350ml-glass-juice-bottle-wholesale-with-cork\"]}]},{\"@type\":\"BreadcrumbList\",\"@id\":\"https:\/\/ruishengglassco.com\/product\/rs015-wholesale-round-350ml-glass-juice-bottle-wholesale-with-cork#breadcrumb\",\"itemListElement\":[{\"@type\":\"ListItem\",\"position\":1,\"name\":\"Home\",\"item\":\"https:\/\/ruishengglassco.com\/\"},{\"@type\":\"ListItem\",\"position\":2,\"name\":\"Products\",\"item\":\"https:\/\/ruishengglassco.com\/products\"},{\"@type\":\"ListItem\",\"position\":3,\"name\":\"RS015: Wholesale Round 350ml Glass Juice Bottle Manufacturers With Cork\"}]},{\"@type\":\"WebSite\",\"@id\":\"https:\/\/ruishengglassco.com\/#website\",\"url\":\"https:\/\/ruishengglassco.com\/\",\"name\":\"Ruisheng Glass\",\"description\":\"\",\"publisher\":{\"@id\":\"https:\/\/ruishengglassco.com\/#organization\"},\"potentialAction\":[{\"@type\":\"SearchAction\",\"target\":{\"@type\":\"EntryPoint\",\"urlTemplate\":\"https:\/\/ruishengglassco.com\/?s={search_term_string}\"},\"query-input\":\"required name=search_term_string\"}],\"inLanguage\":\"pt-BR\"},{\"@type\":\"Organization\",\"@id\":\"https:\/\/ruishengglassco.com\/#organization\",\"name\":\"Shandong Yuncheng Ruisheng Glass Co., Ltd\",\"url\":\"https:\/\/ruishengglassco.com\/\",\"logo\":{\"@type\":\"ImageObject\",\"inLanguage\":\"pt-BR\",\"@id\":\"https:\/\/ruishengglassco.com\/#\/schema\/logo\/image\/\",\"url\":\"https:\/\/ruishengglassco.com\/wp-content\/uploads\/2023\/09\/ruisheng_logo_icon.webp\",\"contentUrl\":\"https:\/\/ruishengglassco.com\/wp-content\/uploads\/2023\/09\/ruisheng_logo_icon.webp\",\"width\":400,\"height\":233,\"caption\":\"Shandong Yuncheng Ruisheng Glass Co., Ltd\"},\"image\":{\"@id\":\"https:\/\/ruishengglassco.com\/#\/schema\/logo\/image\/\"},\"sameAs\":[\"https:\/\/www.facebook.com\/ruishengglassbottles\",\"https:\/\/www.instagram.com\/Ruishengglassbottlewholesales\/\",\"https:\/\/www.youtube.com\/channel\/UCMmbMNGwsL-XrtjfSFLCdVQ\"]}]}<\/script>\n<!-- \/ Yoast SEO plugin. -->","yoast_head_json":{"title":"Glass Juice Bottles Manufacturers | Beverage Bottle Manufacturers","description":"Ruisheng Glass Co, Ltd, a professional beverage bottle manufacturer, provide glass juice bottles wholesale with cork. Custom Bottle Design Offered.","robots":{"index":"index","follow":"follow","max-snippet":"max-snippet:-1","max-image-preview":"max-image-preview:large","max-video-preview":"max-video-preview:-1"},"canonical":"https:\/\/ruishengglassco.com\/pt\/produto\/rs015-garrafa-de-suco-de-vidro-redonda-de-350-ml-por-atacado-com-rolha","og_locale":"pt_BR","og_type":"article","og_title":"Glass Juice Bottles Manufacturers | Beverage Bottle Manufacturers","og_description":"Ruisheng Glass Co, Ltd, a professional beverage bottle manufacturer, provide glass juice bottles wholesale with cork. Custom Bottle Design Offered.","og_url":"https:\/\/ruishengglassco.com\/pt\/produto\/rs015-garrafa-de-suco-de-vidro-redonda-de-350-ml-por-atacado-com-rolha","article_publisher":"https:\/\/www.facebook.com\/ruishengglassbottles","article_modified_time":"2025-07-17T06:55:48+00:00","og_image":[{"width":800,"height":800,"url":"https:\/\/ruishengglassco.com\/wp-content\/uploads\/2025\/03\/RS015-Wholesale-Round-350ml-Glass-Juice-Bottle-Wholesale-With-Cork.webp","type":"image\/webp"}],"twitter_card":"summary_large_image","twitter_misc":{"Est. tempo de leitura":"2 minutos"},"schema":{"@context":"https:\/\/schema.org","@graph":[{"@type":"WebPage","@id":"https:\/\/ruishengglassco.com\/product\/rs015-wholesale-round-350ml-glass-juice-bottle-wholesale-with-cork","url":"https:\/\/ruishengglassco.com\/product\/rs015-wholesale-round-350ml-glass-juice-bottle-wholesale-with-cork","name":"Glass Juice Bottles Manufacturers | Beverage Bottle Manufacturers","isPartOf":{"@id":"https:\/\/ruishengglassco.com\/#website"},"datePublished":"2025-03-15T14:05:00+00:00","dateModified":"2025-07-17T06:55:48+00:00","description":"Ruisheng Glass Co, Ltd, a professional beverage bottle manufacturer, provide glass juice bottles wholesale with cork. Custom Bottle Design Offered.","breadcrumb":{"@id":"https:\/\/ruishengglassco.com\/product\/rs015-wholesale-round-350ml-glass-juice-bottle-wholesale-with-cork#breadcrumb"},"inLanguage":"pt-BR","potentialAction":[{"@type":"ReadAction","target":["https:\/\/ruishengglassco.com\/product\/rs015-wholesale-round-350ml-glass-juice-bottle-wholesale-with-cork"]}]},{"@type":"BreadcrumbList","@id":"https:\/\/ruishengglassco.com\/product\/rs015-wholesale-round-350ml-glass-juice-bottle-wholesale-with-cork#breadcrumb","itemListElement":[{"@type":"ListItem","position":1,"name":"Home","item":"https:\/\/ruishengglassco.com\/"},{"@type":"ListItem","position":2,"name":"Products","item":"https:\/\/ruishengglassco.com\/products"},{"@type":"ListItem","position":3,"name":"RS015: Wholesale Round 350ml Glass Juice Bottle Manufacturers With Cork"}]},{"@type":"WebSite","@id":"https:\/\/ruishengglassco.com\/#website","url":"https:\/\/ruishengglassco.com\/","name":"Ruisheng Glass","description":"","publisher":{"@id":"https:\/\/ruishengglassco.com\/#organization"},"potentialAction":[{"@type":"SearchAction","target":{"@type":"EntryPoint","urlTemplate":"https:\/\/ruishengglassco.com\/?s={search_term_string}"},"query-input":"required name=search_term_string"}],"inLanguage":"pt-BR"},{"@type":"Organization","@id":"https:\/\/ruishengglassco.com\/#organization","name":"Shandong Yuncheng Ruisheng Glass Co., Ltd","url":"https:\/\/ruishengglassco.com\/","logo":{"@type":"ImageObject","inLanguage":"pt-BR","@id":"https:\/\/ruishengglassco.com\/#\/schema\/logo\/image\/","url":"https:\/\/ruishengglassco.com\/wp-content\/uploads\/2023\/09\/ruisheng_logo_icon.webp","contentUrl":"https:\/\/ruishengglassco.com\/wp-content\/uploads\/2023\/09\/ruisheng_logo_icon.webp","width":400,"height":233,"caption":"Shandong Yuncheng Ruisheng Glass Co., Ltd"},"image":{"@id":"https:\/\/ruishengglassco.com\/#\/schema\/logo\/image\/"},"sameAs":["https:\/\/www.facebook.com\/ruishengglassbottles","https:\/\/www.instagram.com\/Ruishengglassbottlewholesales\/","https:\/\/www.youtube.com\/channel\/UCMmbMNGwsL-XrtjfSFLCdVQ"]}]}},"_links":{"self":[{"href":"https:\/\/ruishengglassco.com\/pt\/wp-json\/wp\/v2\/product\/4365","targetHints":{"allow":["GET"]}}],"collection":[{"href":"https:\/\/ruishengglassco.com\/pt\/wp-json\/wp\/v2\/product"}],"about":[{"href":"https:\/\/ruishengglassco.com\/pt\/wp-json\/wp\/v2\/types\/product"}],"replies":[{"embeddable":true,"href":"https:\/\/ruishengglassco.com\/pt\/wp-json\/wp\/v2\/comments?post=4365"}],"wp:featuredmedia":[{"embeddable":true,"href":"https:\/\/ruishengglassco.com\/pt\/wp-json\/wp\/v2\/media\/4366"}],"wp:attachment":[{"href":"https:\/\/ruishengglassco.com\/pt\/wp-json\/wp\/v2\/media?parent=4365"}],"wp:term":[{"taxonomy":"product_cat","embeddable":true,"href":"https:\/\/ruishengglassco.com\/pt\/wp-json\/wp\/v2\/product_cat?post=4365"}],"curies":[{"name":"wp","href":"https:\/\/api.w.org\/{rel}","templated":true}]}}