{"id":4360,"date":"2025-03-15T22:00:57","date_gmt":"2025-03-15T14:00:57","guid":{"rendered":"https:\/\/ruishengglassco.com\/?post_type=product&#038;p=4360"},"modified":"2025-07-17T14:54:00","modified_gmt":"2025-07-17T06:54:00","slug":"rs017-fornecedor-de-garrafas-de-vidro-de-375-ml-para-licor-uisque-brandy-e-vodca","status":"publish","type":"product","link":"https:\/\/ruishengglassco.com\/pt\/produto\/rs017-fornecedor-de-garrafas-de-vidro-de-375-ml-para-licor-uisque-brandy-e-vodca","title":{"rendered":"RS017: Fornecedor de garrafas de vidro de 375 ml para licor\/Whisky\/Brandy\/Vodca"},"content":{"rendered":"<h2>Informa\u00e7\u00f5es detalhadas sobre os fabricantes de garrafas de vidro para licor de 375 ml<\/h2>\n<p>Essas garrafas de vidro para bebidas alco\u00f3licas para atacado s\u00e3o garrafas cl\u00e1ssicas de Bordeaux. Elas s\u00e3o amplamente usadas para embalar bebidas alco\u00f3licas em todo o mundo.<\/p>\n<p>A imagem da capa mostra uma garrafa de licor de vidro de 375 ml. Podemos fabricar garrafas de licor vazias em v\u00e1rios tamanhos para atender \u00e0s necessidades do cliente: 100 ml, 500 ml, 750 ml e 1000 ml est\u00e3o dispon\u00edveis.<\/p>\n<p>Em geral, nossos frascos s\u00e3o transparentes e claros, mas se os clientes quiserem outras cores, nosso processo de produ\u00e7\u00e3o pode fazer isso.<\/p>\n<p>Existem tr\u00eas tipos comuns de rolhas para garrafas de vidro: Rolha de corti\u00e7a, tampa de rosca e tampa Guala. Aqui est\u00e1 a rolha de garrafa de vidro que podemos fornecer:<\/p>\n<p><img decoding=\"async\" class=\"aligncenter wp-image-2429 size-full\" src=\"https:\/\/glassbottlewholesale.com\/wp-content\/uploads\/2020\/12\/WX20201229-154422-1.png\" alt=\"tampas de garrafas de vidro no atacado\" width=\"752\" height=\"452\" \/><\/p>\n<p>Como fabricante profissional de garrafas de vidro para bebidas alco\u00f3licas, nossa empresa oferece servi\u00e7os de OEM\/ODM\/garrafas de bebidas alco\u00f3licas personalizadas. Se tiver alguma d\u00favida sobre a fabrica\u00e7\u00e3o de garrafas de licor, entre em contato conosco aqui.<\/p>\n<ul>\n<li>Nome do produto: Garrafas de licor de vidro de 375 ml por atacado<\/li>\n<li>N\u00famero de refer\u00eancia: RS017<\/li>\n<li>Material do vidro: Extra Flint<\/li>\n<li>Formato da garrafa: Garrafas de licor de formato plano de 375 ml<\/li>\n<li>Capacidade nominal: 375 ml<\/li>\n<li>Peso da garrafa: 550g<\/li>\n<li>Tipo de veda\u00e7\u00e3o: Ropp \/ GPI \/ Corti\u00e7a \/ Guala \/ Swing Top \/ M\u00e9todo de veda\u00e7\u00e3o personalizado<\/li>\n<li>Aplica\u00e7\u00e3o: Garrafa de vodca, garrafa de u\u00edsque, garrafa de conhaque, garrafa de rum, garrafa de xarope<\/li>\n<li>Embalagem\n<ul>\n<li>24 unidades \/ caixa, com separador de papel\u00e3o<\/li>\n<li>6 unidades \/ caixa colorida, com separador de papel\u00e3o<\/li>\n<li>Embalagem em palete, com separador de papel\u00e3o<\/li>\n<li>Embalagem em caixa de papel\u00e3o\/caixa + palete<\/li>\n<\/ul>\n<\/li>\n<li>MOQ: 6000pcs para uma nova tiragem; 1 pcs para garrafas de vidro em estoque<\/li>\n<li>Prazo de entrega: 20 a 30 dias<\/li>\n<\/ul>","protected":false},"excerpt":{"rendered":"<p><span data-preserver-spaces=\"true\">A Ruisheng Glass Co., Ltd \u00e9 uma empresa profissional de engarrafamento de bebidas alco\u00f3licas. Eles oferecem garrafas de vidro para bebidas alco\u00f3licas no atacado para muitos usos. Essas garrafas<\/span><span data-preserver-spaces=\"true\">Incluem vinho, u\u00edsque, conhaque, vodca, tequila, XO, champanhe e outras bebidas alco\u00f3licas.<\/span><\/p>\n<p><span data-preserver-spaces=\"true\">Somos um fabricante de garrafas de licor \u00e0 moda antiga. <\/span><span data-preserver-spaces=\"true\">Nossos produtos <\/span><span data-preserver-spaces=\"true\">s\u00e3o exportados<\/span><span data-preserver-spaces=\"true\"> para os Estados Unidos, Canad\u00e1, <\/span><span data-preserver-spaces=\"true\">Gr\u00e3-Bretanha<\/span><span data-preserver-spaces=\"true\">Fran\u00e7a, Holanda, B\u00e9lgica, R\u00fassia, Moscou, \u00c1frica do Sul e <\/span><span data-preserver-spaces=\"true\">mais<\/span><span data-preserver-spaces=\"true\">.<\/span><span data-preserver-spaces=\"true\"> E recebeu elogios un\u00e2nimes dos clientes locais.<\/span><\/p>\n<p><span data-preserver-spaces=\"true\">Se voc\u00ea quiser encomendar garrafas de vidro para bebidas alco\u00f3licas no atacado, aqui est\u00e3o as perguntas mais importantes que nossos clientes fazem:<\/span><\/p>\n<p><strong><span data-preserver-spaces=\"true\">-MOQ: 10000 PCS (cerca de 10000-30000pcs)<\/span><\/strong><\/p>\n<p><span data-preserver-spaces=\"true\">-Amostra gr\u00e1tis oferecida. Entrega em at\u00e9 7 dias<\/span><\/p>\n<p><span data-preserver-spaces=\"true\">-Pedido a granel Entrega global em at\u00e9 30 dias.<\/span><\/p>\n<p><span data-preserver-spaces=\"true\">-OEM\/ODM\/Custom Liquor Bottle Service oferecido.<\/span><\/p>","protected":false},"featured_media":4361,"comment_status":"closed","ping_status":"closed","template":"","meta":[],"product_cat":[55,52,54,56],"class_list":{"0":"post-4360","1":"product","2":"type-product","3":"status-publish","4":"has-post-thumbnail","6":"product_cat-375ml-liquor-bottle-manufacturer","7":"product_cat-vodka-bottle","8":"product_cat-whiskey-bottle","9":"product_cat-xo-brandy-bottle","11":"first","12":"instock","13":"shipping-taxable","14":"product-type-simple"},"yoast_head":"<!-- This site is optimized with the Yoast SEO plugin v22.0 - https:\/\/yoast.com\/wordpress\/plugins\/seo\/ -->\n<title>375ml Glass Liquor Bottles Supplier | Liquor Bottling Companies<\/title>\n<meta name=\"description\" content=\"Ruisheng Glass Co, Ltd, a professional liquor bottling companies, provide 375ml glass liquor bottles wholesale in factory outlet price.\" \/>\n<meta name=\"robots\" content=\"index, follow, max-snippet:-1, max-image-preview:large, max-video-preview:-1\" \/>\n<link rel=\"canonical\" href=\"https:\/\/ruishengglassco.com\/pt\/produto\/rs017-fornecedor-de-garrafas-de-vidro-de-375-ml-para-licor-uisque-brandy-e-vodca\" \/>\n<meta property=\"og:locale\" content=\"pt_BR\" \/>\n<meta property=\"og:type\" content=\"article\" \/>\n<meta property=\"og:title\" content=\"375ml Glass Liquor Bottles Supplier | Liquor Bottling Companies\" \/>\n<meta property=\"og:description\" content=\"Ruisheng Glass Co, Ltd, a professional liquor bottling companies, provide 375ml glass liquor bottles wholesale in factory outlet price.\" \/>\n<meta property=\"og:url\" content=\"https:\/\/ruishengglassco.com\/pt\/produto\/rs017-fornecedor-de-garrafas-de-vidro-de-375-ml-para-licor-uisque-brandy-e-vodca\" \/>\n<meta property=\"article:publisher\" content=\"https:\/\/www.facebook.com\/ruishengglassbottles\" \/>\n<meta property=\"article:modified_time\" content=\"2025-07-17T06:54:00+00:00\" \/>\n<meta property=\"og:image\" content=\"https:\/\/ruishengglassco.com\/wp-content\/uploads\/2025\/03\/RS017-375ml-Glass-Bottle-Wholesale-For-Liquor-Whiskey-Brandy-Vodka.webp\" \/>\n\t<meta property=\"og:image:width\" content=\"800\" \/>\n\t<meta property=\"og:image:height\" content=\"800\" \/>\n\t<meta property=\"og:image:type\" content=\"image\/webp\" \/>\n<meta name=\"twitter:card\" content=\"summary_large_image\" \/>\n<meta name=\"twitter:label1\" content=\"Est. tempo de leitura\" \/>\n\t<meta name=\"twitter:data1\" content=\"2 minutos\" \/>\n<script type=\"application\/ld+json\" class=\"yoast-schema-graph\">{\"@context\":\"https:\/\/schema.org\",\"@graph\":[{\"@type\":\"WebPage\",\"@id\":\"https:\/\/ruishengglassco.com\/product\/rs017-375ml-glass-bottle-supplier-for-liquor-whiskey-brandy-vodka\",\"url\":\"https:\/\/ruishengglassco.com\/product\/rs017-375ml-glass-bottle-supplier-for-liquor-whiskey-brandy-vodka\",\"name\":\"375ml Glass Liquor Bottles Supplier | Liquor Bottling Companies\",\"isPartOf\":{\"@id\":\"https:\/\/ruishengglassco.com\/#website\"},\"datePublished\":\"2025-03-15T14:00:57+00:00\",\"dateModified\":\"2025-07-17T06:54:00+00:00\",\"description\":\"Ruisheng Glass Co, Ltd, a professional liquor bottling companies, provide 375ml glass liquor bottles wholesale in factory outlet price.\",\"breadcrumb\":{\"@id\":\"https:\/\/ruishengglassco.com\/product\/rs017-375ml-glass-bottle-supplier-for-liquor-whiskey-brandy-vodka#breadcrumb\"},\"inLanguage\":\"pt-BR\",\"potentialAction\":[{\"@type\":\"ReadAction\",\"target\":[\"https:\/\/ruishengglassco.com\/product\/rs017-375ml-glass-bottle-supplier-for-liquor-whiskey-brandy-vodka\"]}]},{\"@type\":\"BreadcrumbList\",\"@id\":\"https:\/\/ruishengglassco.com\/product\/rs017-375ml-glass-bottle-supplier-for-liquor-whiskey-brandy-vodka#breadcrumb\",\"itemListElement\":[{\"@type\":\"ListItem\",\"position\":1,\"name\":\"Home\",\"item\":\"https:\/\/ruishengglassco.com\/\"},{\"@type\":\"ListItem\",\"position\":2,\"name\":\"Products\",\"item\":\"https:\/\/ruishengglassco.com\/products\"},{\"@type\":\"ListItem\",\"position\":3,\"name\":\"RS017: 375ml Glass Bottle Supplier For Liquor\/Whiskey\/Brandy\/Vodka\"}]},{\"@type\":\"WebSite\",\"@id\":\"https:\/\/ruishengglassco.com\/#website\",\"url\":\"https:\/\/ruishengglassco.com\/\",\"name\":\"Ruisheng Glass\",\"description\":\"\",\"publisher\":{\"@id\":\"https:\/\/ruishengglassco.com\/#organization\"},\"potentialAction\":[{\"@type\":\"SearchAction\",\"target\":{\"@type\":\"EntryPoint\",\"urlTemplate\":\"https:\/\/ruishengglassco.com\/?s={search_term_string}\"},\"query-input\":\"required name=search_term_string\"}],\"inLanguage\":\"pt-BR\"},{\"@type\":\"Organization\",\"@id\":\"https:\/\/ruishengglassco.com\/#organization\",\"name\":\"Shandong Yuncheng Ruisheng Glass Co., Ltd\",\"url\":\"https:\/\/ruishengglassco.com\/\",\"logo\":{\"@type\":\"ImageObject\",\"inLanguage\":\"pt-BR\",\"@id\":\"https:\/\/ruishengglassco.com\/#\/schema\/logo\/image\/\",\"url\":\"https:\/\/ruishengglassco.com\/wp-content\/uploads\/2023\/09\/ruisheng_logo_icon.webp\",\"contentUrl\":\"https:\/\/ruishengglassco.com\/wp-content\/uploads\/2023\/09\/ruisheng_logo_icon.webp\",\"width\":400,\"height\":233,\"caption\":\"Shandong Yuncheng Ruisheng Glass Co., Ltd\"},\"image\":{\"@id\":\"https:\/\/ruishengglassco.com\/#\/schema\/logo\/image\/\"},\"sameAs\":[\"https:\/\/www.facebook.com\/ruishengglassbottles\",\"https:\/\/www.instagram.com\/Ruishengglassbottlewholesales\/\",\"https:\/\/www.youtube.com\/channel\/UCMmbMNGwsL-XrtjfSFLCdVQ\"]}]}<\/script>\n<!-- \/ Yoast SEO plugin. -->","yoast_head_json":{"title":"375ml Glass Liquor Bottles Supplier | Liquor Bottling Companies","description":"Ruisheng Glass Co, Ltd, a professional liquor bottling companies, provide 375ml glass liquor bottles wholesale in factory outlet price.","robots":{"index":"index","follow":"follow","max-snippet":"max-snippet:-1","max-image-preview":"max-image-preview:large","max-video-preview":"max-video-preview:-1"},"canonical":"https:\/\/ruishengglassco.com\/pt\/produto\/rs017-fornecedor-de-garrafas-de-vidro-de-375-ml-para-licor-uisque-brandy-e-vodca","og_locale":"pt_BR","og_type":"article","og_title":"375ml Glass Liquor Bottles Supplier | Liquor Bottling Companies","og_description":"Ruisheng Glass Co, Ltd, a professional liquor bottling companies, provide 375ml glass liquor bottles wholesale in factory outlet price.","og_url":"https:\/\/ruishengglassco.com\/pt\/produto\/rs017-fornecedor-de-garrafas-de-vidro-de-375-ml-para-licor-uisque-brandy-e-vodca","article_publisher":"https:\/\/www.facebook.com\/ruishengglassbottles","article_modified_time":"2025-07-17T06:54:00+00:00","og_image":[{"width":800,"height":800,"url":"https:\/\/ruishengglassco.com\/wp-content\/uploads\/2025\/03\/RS017-375ml-Glass-Bottle-Wholesale-For-Liquor-Whiskey-Brandy-Vodka.webp","type":"image\/webp"}],"twitter_card":"summary_large_image","twitter_misc":{"Est. tempo de leitura":"2 minutos"},"schema":{"@context":"https:\/\/schema.org","@graph":[{"@type":"WebPage","@id":"https:\/\/ruishengglassco.com\/product\/rs017-375ml-glass-bottle-supplier-for-liquor-whiskey-brandy-vodka","url":"https:\/\/ruishengglassco.com\/product\/rs017-375ml-glass-bottle-supplier-for-liquor-whiskey-brandy-vodka","name":"375ml Glass Liquor Bottles Supplier | Liquor Bottling Companies","isPartOf":{"@id":"https:\/\/ruishengglassco.com\/#website"},"datePublished":"2025-03-15T14:00:57+00:00","dateModified":"2025-07-17T06:54:00+00:00","description":"Ruisheng Glass Co, Ltd, a professional liquor bottling companies, provide 375ml glass liquor bottles wholesale in factory outlet price.","breadcrumb":{"@id":"https:\/\/ruishengglassco.com\/product\/rs017-375ml-glass-bottle-supplier-for-liquor-whiskey-brandy-vodka#breadcrumb"},"inLanguage":"pt-BR","potentialAction":[{"@type":"ReadAction","target":["https:\/\/ruishengglassco.com\/product\/rs017-375ml-glass-bottle-supplier-for-liquor-whiskey-brandy-vodka"]}]},{"@type":"BreadcrumbList","@id":"https:\/\/ruishengglassco.com\/product\/rs017-375ml-glass-bottle-supplier-for-liquor-whiskey-brandy-vodka#breadcrumb","itemListElement":[{"@type":"ListItem","position":1,"name":"Home","item":"https:\/\/ruishengglassco.com\/"},{"@type":"ListItem","position":2,"name":"Products","item":"https:\/\/ruishengglassco.com\/products"},{"@type":"ListItem","position":3,"name":"RS017: 375ml Glass Bottle Supplier For Liquor\/Whiskey\/Brandy\/Vodka"}]},{"@type":"WebSite","@id":"https:\/\/ruishengglassco.com\/#website","url":"https:\/\/ruishengglassco.com\/","name":"Ruisheng Glass","description":"","publisher":{"@id":"https:\/\/ruishengglassco.com\/#organization"},"potentialAction":[{"@type":"SearchAction","target":{"@type":"EntryPoint","urlTemplate":"https:\/\/ruishengglassco.com\/?s={search_term_string}"},"query-input":"required name=search_term_string"}],"inLanguage":"pt-BR"},{"@type":"Organization","@id":"https:\/\/ruishengglassco.com\/#organization","name":"Shandong Yuncheng Ruisheng Glass Co., Ltd","url":"https:\/\/ruishengglassco.com\/","logo":{"@type":"ImageObject","inLanguage":"pt-BR","@id":"https:\/\/ruishengglassco.com\/#\/schema\/logo\/image\/","url":"https:\/\/ruishengglassco.com\/wp-content\/uploads\/2023\/09\/ruisheng_logo_icon.webp","contentUrl":"https:\/\/ruishengglassco.com\/wp-content\/uploads\/2023\/09\/ruisheng_logo_icon.webp","width":400,"height":233,"caption":"Shandong Yuncheng Ruisheng Glass Co., Ltd"},"image":{"@id":"https:\/\/ruishengglassco.com\/#\/schema\/logo\/image\/"},"sameAs":["https:\/\/www.facebook.com\/ruishengglassbottles","https:\/\/www.instagram.com\/Ruishengglassbottlewholesales\/","https:\/\/www.youtube.com\/channel\/UCMmbMNGwsL-XrtjfSFLCdVQ"]}]}},"_links":{"self":[{"href":"https:\/\/ruishengglassco.com\/pt\/wp-json\/wp\/v2\/product\/4360","targetHints":{"allow":["GET"]}}],"collection":[{"href":"https:\/\/ruishengglassco.com\/pt\/wp-json\/wp\/v2\/product"}],"about":[{"href":"https:\/\/ruishengglassco.com\/pt\/wp-json\/wp\/v2\/types\/product"}],"replies":[{"embeddable":true,"href":"https:\/\/ruishengglassco.com\/pt\/wp-json\/wp\/v2\/comments?post=4360"}],"wp:featuredmedia":[{"embeddable":true,"href":"https:\/\/ruishengglassco.com\/pt\/wp-json\/wp\/v2\/media\/4361"}],"wp:attachment":[{"href":"https:\/\/ruishengglassco.com\/pt\/wp-json\/wp\/v2\/media?parent=4360"}],"wp:term":[{"taxonomy":"product_cat","embeddable":true,"href":"https:\/\/ruishengglassco.com\/pt\/wp-json\/wp\/v2\/product_cat?post=4360"}],"curies":[{"name":"wp","href":"https:\/\/api.w.org\/{rel}","templated":true}]}}