{"id":4353,"date":"2025-03-15T21:52:46","date_gmt":"2025-03-15T13:52:46","guid":{"rendered":"https:\/\/ruishengglassco.com\/?post_type=product&#038;p=4353"},"modified":"2025-07-17T14:52:37","modified_gmt":"2025-07-17T06:52:37","slug":"rs019-garrafa-de-gim-personalizada-500-ml-700-ml-750-ml-custo","status":"publish","type":"product","link":"https:\/\/ruishengglassco.com\/pt\/produto\/rs019-garrafa-de-gim-personalizada-500-ml-700-ml-750-ml-custo","title":{"rendered":"RS019: Garrafa de gim personalizada 500ML\/700ML\/750ML Custo"},"content":{"rendered":"<h2>Informa\u00e7\u00f5es detalhadas sobre o custo da garrafa de gim personalizada 500ML\/700ML\/750ML<\/h2>\n<ul>\n<li>Item: Garrafa de gim personalizada 500ML\/700ML\/750ML<\/li>\n<li>N\u00famero do modelo: RS019<\/li>\n<li>Utiliza\u00e7\u00e3o: Gin, \u00f3leo, u\u00edsque, tequila, vodca, brandy, \u00e1gua, garrafa de vidro para bebidas<\/li>\n<li>Capacidade: 100ml, 200ml, 250ml, 500ml, 600ml, 700ml, 750ml, 1000ml, 2L<\/li>\n<li>Material: Vidro super flint\/vidro flint extra<\/li>\n<li>Manuseio de superf\u00edcie: Em relevo, decalque, pintura, fosco, hot stamping, galvanoplastia<\/li>\n<li>Logotipo: Logotipo personalizado dispon\u00edvel<\/li>\n<li>Amostra: Fornecida gratuitamente se voc\u00ea usar nosso molde existente.<\/li>\n<li>Embalagem: Caixas com divisor de papel\u00e3o, palete, palete+caixa, caixa colorida com logotipo personalizado<\/li>\n<li>Entrega: Por via mar\u00edtima, a\u00e9rea ou expressa<\/li>\n<li>Condi\u00e7\u00f5es de pagamento: T\/T L\/C Western Union<\/li>\n<li>Vantagens:<\/li>\n<\/ul>\n<p>I). Com 10 anos de experi\u00eancia na fabrica\u00e7\u00e3o de garrafas de vidro<\/p>\n<p>II). Transpar\u00eancia de alto grau, baixo \u00edndice de quebra. Superf\u00edcie lisa, sem bolhas, sem rugas<\/p>\n<p>III). Mesmo com o fundo grosso, a cor tamb\u00e9m \u00e9 muito pura.<\/p>\n<p>IV). Pre\u00e7o baixo, mas razo\u00e1vel.<\/p>\n<p>V). O custo do molde pode ser reembolsado para pedidos de 50.000 unidades<\/p>\n<p>VI). Amostras r\u00e1pidas para um pedido personalizado, a amostra pode ser conclu\u00edda em 15 dias.<\/p>\n<p>VII). Se houver garrafas quebradas durante o transporte, haver\u00e1 compensa\u00e7\u00e3o para o pr\u00f3ximo pedido.<\/p>\n<p>VIII). Fomos aprovados nos testes da SGS, TUV, ISO9001, ISO14001 e outros.<\/p>\n<p>VX). O cliente pode obter um servi\u00e7o completo da Ruisheng<\/p>","protected":false},"excerpt":{"rendered":"<p><span data-preserver-spaces=\"true\">Esta s\u00e9rie de garrafas de gim personalizadas <\/span><span data-preserver-spaces=\"true\">foi projetado<\/span><span data-preserver-spaces=\"true\"> para nossos clientes <\/span><span data-preserver-spaces=\"true\">de<\/span><span data-preserver-spaces=\"true\"> no Reino Unido, <\/span><span data-preserver-spaces=\"true\">usado<\/span><span data-preserver-spaces=\"true\"> em embalagens de gim seco.<\/span><span data-preserver-spaces=\"true\"> O design exclusivo e a apar\u00eancia atraente conquistam a prefer\u00eancia dos clientes.<\/span><\/p>\n<p><span data-preserver-spaces=\"true\">A Ruisheng \u00e9 a maior fabricante de garrafas de bebidas alco\u00f3licas da China. Oferecemos servi\u00e7os de OEM, ODM e garrafas personalizadas. Nossos clientes incluem marcas de bebidas alco\u00f3licas, empresas, atacadistas de garrafas de vidro e distribuidores.<\/span><\/p>\n<h2><strong><span data-preserver-spaces=\"true\">Informa\u00e7\u00f5es sobre pedidos de garrafas de gim personalizadas<\/span><\/strong><\/h2>\n<p><strong><span data-preserver-spaces=\"true\">-MOQ: 10000 PCS (cerca de 10000 unidades)<\/span><\/strong><\/p>\n<p><span data-preserver-spaces=\"true\">-Oferta de amostra gr\u00e1tis. OEM\/ODM dispon\u00edvel<\/span><\/p>\n<p><span data-preserver-spaces=\"true\">-Entrega global em at\u00e9 30 dias.<\/span><\/p>\n<p><span data-preserver-spaces=\"true\">Se voc\u00ea <\/span><span data-preserver-spaces=\"true\">querer<\/span><span data-preserver-spaces=\"true\"> para <\/span><span data-preserver-spaces=\"true\">personalizar<\/span><span data-preserver-spaces=\"true\"> a<\/span> <span data-preserver-spaces=\"true\">garrafa de gim, por favor <\/span><span data-preserver-spaces=\"true\">sinta-se \u00e0 vontade<\/span><span data-preserver-spaces=\"true\"> para entrar em contato conosco.<\/span><\/p>","protected":false},"featured_media":4354,"comment_status":"closed","ping_status":"closed","template":"","meta":[],"product_cat":[41,44,40,50],"class_list":{"0":"post-4353","1":"product","2":"type-product","3":"status-publish","4":"has-post-thumbnail","6":"product_cat-500ml-liquor-bottle-manufacturer","7":"product_cat-700ml-liquor-bottle-manufacturer","8":"product_cat-750ml-liquor-bottle-manufacturer","9":"product_cat-gin-bottle","11":"first","12":"instock","13":"shipping-taxable","14":"product-type-simple"},"yoast_head":"<!-- This site is optimized with the Yoast SEO plugin v22.0 - https:\/\/yoast.com\/wordpress\/plugins\/seo\/ -->\n<title>Personalised Gin Bottle 500ML\/700ML\/750ML Cost<\/title>\n<meta name=\"description\" content=\"Want to get personalised gin bottle? Click here to get custom gin bottle 500ML\/700ML\/750ML cost from China Glass Bottle Manufacturer.\" \/>\n<meta name=\"robots\" content=\"index, follow, max-snippet:-1, max-image-preview:large, max-video-preview:-1\" \/>\n<link rel=\"canonical\" href=\"https:\/\/ruishengglassco.com\/pt\/produto\/rs019-garrafa-de-gim-personalizada-500-ml-700-ml-750-ml-custo\" \/>\n<meta property=\"og:locale\" content=\"pt_BR\" \/>\n<meta property=\"og:type\" content=\"article\" \/>\n<meta property=\"og:title\" content=\"Personalised Gin Bottle 500ML\/700ML\/750ML Cost\" \/>\n<meta property=\"og:description\" content=\"Want to get personalised gin bottle? Click here to get custom gin bottle 500ML\/700ML\/750ML cost from China Glass Bottle Manufacturer.\" \/>\n<meta property=\"og:url\" content=\"https:\/\/ruishengglassco.com\/pt\/produto\/rs019-garrafa-de-gim-personalizada-500-ml-700-ml-750-ml-custo\" \/>\n<meta property=\"article:publisher\" content=\"https:\/\/www.facebook.com\/ruishengglassbottles\" \/>\n<meta property=\"article:modified_time\" content=\"2025-07-17T06:52:37+00:00\" \/>\n<meta property=\"og:image\" content=\"https:\/\/ruishengglassco.com\/wp-content\/uploads\/2025\/03\/RS019-Personalised-Gin-Bottle-500ML-700ML-750ML-Cost.webp\" \/>\n\t<meta property=\"og:image:width\" content=\"800\" \/>\n\t<meta property=\"og:image:height\" content=\"800\" \/>\n\t<meta property=\"og:image:type\" content=\"image\/webp\" \/>\n<meta name=\"twitter:card\" content=\"summary_large_image\" \/>\n<meta name=\"twitter:label1\" content=\"Est. tempo de leitura\" \/>\n\t<meta name=\"twitter:data1\" content=\"2 minutos\" \/>\n<script type=\"application\/ld+json\" class=\"yoast-schema-graph\">{\"@context\":\"https:\/\/schema.org\",\"@graph\":[{\"@type\":\"WebPage\",\"@id\":\"https:\/\/ruishengglassco.com\/product\/rs019-personalised-gin-bottle-500ml-700ml-750ml-cost\",\"url\":\"https:\/\/ruishengglassco.com\/product\/rs019-personalised-gin-bottle-500ml-700ml-750ml-cost\",\"name\":\"Personalised Gin Bottle 500ML\/700ML\/750ML Cost\",\"isPartOf\":{\"@id\":\"https:\/\/ruishengglassco.com\/#website\"},\"datePublished\":\"2025-03-15T13:52:46+00:00\",\"dateModified\":\"2025-07-17T06:52:37+00:00\",\"description\":\"Want to get personalised gin bottle? Click here to get custom gin bottle 500ML\/700ML\/750ML cost from China Glass Bottle Manufacturer.\",\"breadcrumb\":{\"@id\":\"https:\/\/ruishengglassco.com\/product\/rs019-personalised-gin-bottle-500ml-700ml-750ml-cost#breadcrumb\"},\"inLanguage\":\"pt-BR\",\"potentialAction\":[{\"@type\":\"ReadAction\",\"target\":[\"https:\/\/ruishengglassco.com\/product\/rs019-personalised-gin-bottle-500ml-700ml-750ml-cost\"]}]},{\"@type\":\"BreadcrumbList\",\"@id\":\"https:\/\/ruishengglassco.com\/product\/rs019-personalised-gin-bottle-500ml-700ml-750ml-cost#breadcrumb\",\"itemListElement\":[{\"@type\":\"ListItem\",\"position\":1,\"name\":\"Home\",\"item\":\"https:\/\/ruishengglassco.com\/\"},{\"@type\":\"ListItem\",\"position\":2,\"name\":\"Products\",\"item\":\"https:\/\/ruishengglassco.com\/products\"},{\"@type\":\"ListItem\",\"position\":3,\"name\":\"RS019: Personalised Gin Bottle 500ML\/700ML\/750ML Cost\"}]},{\"@type\":\"WebSite\",\"@id\":\"https:\/\/ruishengglassco.com\/#website\",\"url\":\"https:\/\/ruishengglassco.com\/\",\"name\":\"Ruisheng Glass\",\"description\":\"\",\"publisher\":{\"@id\":\"https:\/\/ruishengglassco.com\/#organization\"},\"potentialAction\":[{\"@type\":\"SearchAction\",\"target\":{\"@type\":\"EntryPoint\",\"urlTemplate\":\"https:\/\/ruishengglassco.com\/?s={search_term_string}\"},\"query-input\":\"required name=search_term_string\"}],\"inLanguage\":\"pt-BR\"},{\"@type\":\"Organization\",\"@id\":\"https:\/\/ruishengglassco.com\/#organization\",\"name\":\"Shandong Yuncheng Ruisheng Glass Co., Ltd\",\"url\":\"https:\/\/ruishengglassco.com\/\",\"logo\":{\"@type\":\"ImageObject\",\"inLanguage\":\"pt-BR\",\"@id\":\"https:\/\/ruishengglassco.com\/#\/schema\/logo\/image\/\",\"url\":\"https:\/\/ruishengglassco.com\/wp-content\/uploads\/2023\/09\/ruisheng_logo_icon.webp\",\"contentUrl\":\"https:\/\/ruishengglassco.com\/wp-content\/uploads\/2023\/09\/ruisheng_logo_icon.webp\",\"width\":400,\"height\":233,\"caption\":\"Shandong Yuncheng Ruisheng Glass Co., Ltd\"},\"image\":{\"@id\":\"https:\/\/ruishengglassco.com\/#\/schema\/logo\/image\/\"},\"sameAs\":[\"https:\/\/www.facebook.com\/ruishengglassbottles\",\"https:\/\/www.instagram.com\/Ruishengglassbottlewholesales\/\",\"https:\/\/www.youtube.com\/channel\/UCMmbMNGwsL-XrtjfSFLCdVQ\"]}]}<\/script>\n<!-- \/ Yoast SEO plugin. -->","yoast_head_json":{"title":"Personalised Gin Bottle 500ML\/700ML\/750ML Cost","description":"Want to get personalised gin bottle? Click here to get custom gin bottle 500ML\/700ML\/750ML cost from China Glass Bottle Manufacturer.","robots":{"index":"index","follow":"follow","max-snippet":"max-snippet:-1","max-image-preview":"max-image-preview:large","max-video-preview":"max-video-preview:-1"},"canonical":"https:\/\/ruishengglassco.com\/pt\/produto\/rs019-garrafa-de-gim-personalizada-500-ml-700-ml-750-ml-custo","og_locale":"pt_BR","og_type":"article","og_title":"Personalised Gin Bottle 500ML\/700ML\/750ML Cost","og_description":"Want to get personalised gin bottle? Click here to get custom gin bottle 500ML\/700ML\/750ML cost from China Glass Bottle Manufacturer.","og_url":"https:\/\/ruishengglassco.com\/pt\/produto\/rs019-garrafa-de-gim-personalizada-500-ml-700-ml-750-ml-custo","article_publisher":"https:\/\/www.facebook.com\/ruishengglassbottles","article_modified_time":"2025-07-17T06:52:37+00:00","og_image":[{"width":800,"height":800,"url":"https:\/\/ruishengglassco.com\/wp-content\/uploads\/2025\/03\/RS019-Personalised-Gin-Bottle-500ML-700ML-750ML-Cost.webp","type":"image\/webp"}],"twitter_card":"summary_large_image","twitter_misc":{"Est. tempo de leitura":"2 minutos"},"schema":{"@context":"https:\/\/schema.org","@graph":[{"@type":"WebPage","@id":"https:\/\/ruishengglassco.com\/product\/rs019-personalised-gin-bottle-500ml-700ml-750ml-cost","url":"https:\/\/ruishengglassco.com\/product\/rs019-personalised-gin-bottle-500ml-700ml-750ml-cost","name":"Personalised Gin Bottle 500ML\/700ML\/750ML Cost","isPartOf":{"@id":"https:\/\/ruishengglassco.com\/#website"},"datePublished":"2025-03-15T13:52:46+00:00","dateModified":"2025-07-17T06:52:37+00:00","description":"Want to get personalised gin bottle? Click here to get custom gin bottle 500ML\/700ML\/750ML cost from China Glass Bottle Manufacturer.","breadcrumb":{"@id":"https:\/\/ruishengglassco.com\/product\/rs019-personalised-gin-bottle-500ml-700ml-750ml-cost#breadcrumb"},"inLanguage":"pt-BR","potentialAction":[{"@type":"ReadAction","target":["https:\/\/ruishengglassco.com\/product\/rs019-personalised-gin-bottle-500ml-700ml-750ml-cost"]}]},{"@type":"BreadcrumbList","@id":"https:\/\/ruishengglassco.com\/product\/rs019-personalised-gin-bottle-500ml-700ml-750ml-cost#breadcrumb","itemListElement":[{"@type":"ListItem","position":1,"name":"Home","item":"https:\/\/ruishengglassco.com\/"},{"@type":"ListItem","position":2,"name":"Products","item":"https:\/\/ruishengglassco.com\/products"},{"@type":"ListItem","position":3,"name":"RS019: Personalised Gin Bottle 500ML\/700ML\/750ML Cost"}]},{"@type":"WebSite","@id":"https:\/\/ruishengglassco.com\/#website","url":"https:\/\/ruishengglassco.com\/","name":"Ruisheng Glass","description":"","publisher":{"@id":"https:\/\/ruishengglassco.com\/#organization"},"potentialAction":[{"@type":"SearchAction","target":{"@type":"EntryPoint","urlTemplate":"https:\/\/ruishengglassco.com\/?s={search_term_string}"},"query-input":"required name=search_term_string"}],"inLanguage":"pt-BR"},{"@type":"Organization","@id":"https:\/\/ruishengglassco.com\/#organization","name":"Shandong Yuncheng Ruisheng Glass Co., Ltd","url":"https:\/\/ruishengglassco.com\/","logo":{"@type":"ImageObject","inLanguage":"pt-BR","@id":"https:\/\/ruishengglassco.com\/#\/schema\/logo\/image\/","url":"https:\/\/ruishengglassco.com\/wp-content\/uploads\/2023\/09\/ruisheng_logo_icon.webp","contentUrl":"https:\/\/ruishengglassco.com\/wp-content\/uploads\/2023\/09\/ruisheng_logo_icon.webp","width":400,"height":233,"caption":"Shandong Yuncheng Ruisheng Glass Co., Ltd"},"image":{"@id":"https:\/\/ruishengglassco.com\/#\/schema\/logo\/image\/"},"sameAs":["https:\/\/www.facebook.com\/ruishengglassbottles","https:\/\/www.instagram.com\/Ruishengglassbottlewholesales\/","https:\/\/www.youtube.com\/channel\/UCMmbMNGwsL-XrtjfSFLCdVQ"]}]}},"_links":{"self":[{"href":"https:\/\/ruishengglassco.com\/pt\/wp-json\/wp\/v2\/product\/4353","targetHints":{"allow":["GET"]}}],"collection":[{"href":"https:\/\/ruishengglassco.com\/pt\/wp-json\/wp\/v2\/product"}],"about":[{"href":"https:\/\/ruishengglassco.com\/pt\/wp-json\/wp\/v2\/types\/product"}],"replies":[{"embeddable":true,"href":"https:\/\/ruishengglassco.com\/pt\/wp-json\/wp\/v2\/comments?post=4353"}],"wp:featuredmedia":[{"embeddable":true,"href":"https:\/\/ruishengglassco.com\/pt\/wp-json\/wp\/v2\/media\/4354"}],"wp:attachment":[{"href":"https:\/\/ruishengglassco.com\/pt\/wp-json\/wp\/v2\/media?parent=4353"}],"wp:term":[{"taxonomy":"product_cat","embeddable":true,"href":"https:\/\/ruishengglassco.com\/pt\/wp-json\/wp\/v2\/product_cat?post=4353"}],"curies":[{"name":"wp","href":"https:\/\/api.w.org\/{rel}","templated":true}]}}