{"id":4348,"date":"2025-03-15T21:37:28","date_gmt":"2025-03-15T13:37:28","guid":{"rendered":"https:\/\/ruishengglassco.com\/?post_type=product&#038;p=4348"},"modified":"2025-07-17T14:47:59","modified_gmt":"2025-07-17T06:47:59","slug":"rs022-garrafa-de-vidro-de-750-ml-personalizada-para-uisque-xo-brandy","status":"publish","type":"product","link":"https:\/\/ruishengglassco.com\/pt\/produto\/rs022-garrafa-de-vidro-de-750-ml-personalizada-para-uisque-xo-brandy","title":{"rendered":"RS022 Garrafa de vidro personalizada de 750 ml para XO\/Brandy\/Whisky"},"content":{"rendered":"<h2>Informa\u00e7\u00f5es detalhadas sobre a garrafa de vidro personalizada de 750 ml para XO\/Brandy\/Whisky<\/h2>\n<p><span data-preserver-spaces=\"true\">Esta s\u00e9rie de garrafas de vidro personalizadas de 750 ml destina-se principalmente a XO\/Brandy\/Whisky<\/span><span data-preserver-spaces=\"true\">. Personalizado<\/span><span data-preserver-spaces=\"true\"> garrafa de vidro projetada pelo designer-chefe Giugiaro da Royal Belgian Academy. O design exclusivo atrai as pessoas que o veem pela primeira vez.<\/span><\/p>\n<p><span data-preserver-spaces=\"true\">A garrafa de vidro personalizada de 750 ml <\/span><span data-preserver-spaces=\"true\">\u00e9 fabricado<\/span><span data-preserver-spaces=\"true\"> usando o mais avan\u00e7ado processo automatizado de produ\u00e7\u00e3o de garrafas de vidro do mundo. Ela foi fabricada com material de vidro flint de alta qualidade para mostrar o car\u00e1ter refinado da marca.<\/span><\/p>\n<p><span data-preserver-spaces=\"true\">Como fabricante e f\u00e1brica profissional de garrafas de bebidas alco\u00f3licas, nossa empresa tamb\u00e9m oferece servi\u00e7os de OEM\/ODM para marcas e empresas de bebidas alco\u00f3licas. <\/span><span data-preserver-spaces=\"true\">N\u00f3s <\/span><span data-preserver-spaces=\"true\">fornecer<\/span><span data-preserver-spaces=\"true\"> clientes <\/span><span data-preserver-spaces=\"true\">com<\/span> <span data-preserver-spaces=\"true\">gratuito<\/span><span data-preserver-spaces=\"true\"> moldes de garrafas de vidro para escolher.<\/span><span data-preserver-spaces=\"true\"> Ele tamb\u00e9m pode <\/span><span data-preserver-spaces=\"true\">ser produzido<\/span><span data-preserver-spaces=\"true\"> de acordo com os desenhos fornecidos pelo usu\u00e1rio.<\/span><\/p>\n<h4><span data-preserver-spaces=\"true\">Preocupa\u00e7\u00f5es do cliente<\/span><\/h4>\n<ol>\n<li><strong><span data-preserver-spaces=\"true\">O MOQ da garrafa de vidro personalizada de 750 ml\u00a0<\/span><\/strong><\/li>\n<\/ol>\n<p><span data-preserver-spaces=\"true\">Como fabricante profissional de garrafas de u\u00edsque, oferecemos um servi\u00e7o de atacado de garrafas de vidro de 750 ml personalizadas, n\u00e3o a pre\u00e7os de varejo. Devido \u00e0 nossa base de clientes, embalagem, remessa e outros fatores, nosso <\/span><strong><span data-preserver-spaces=\"true\">O MOQ \u00e9 de 10000 PCS (cerca de 20000 PCs)<\/span><\/strong><\/p>\n<p><strong><span data-preserver-spaces=\"true\">2. Sobre a embalagem<\/span><\/strong><\/p>\n<p><span data-preserver-spaces=\"true\">Como todos sabemos, as garrafas de vidro s\u00e3o produtos fr\u00e1geis, portanto, \u00e9 preciso prestar aten\u00e7\u00e3o \u00e0 embalagem. Usamos m\u00e9todos de embalagem seguros, como embalagem a granel em caixa interna\/caixa colorida\/caixa branca\/caixa de exposi\u00e7\u00e3o\/palete de exporta\u00e7\u00e3o padr\u00e3o, conforme a solicita\u00e7\u00e3o do cliente.<\/span><\/p>\n<p><strong><span data-preserver-spaces=\"true\">3. Sobre o prazo de entrega<\/span><\/strong><\/p>\n<ul>\n<li><span data-preserver-spaces=\"true\">Para estoque pronto: 7 dias ap\u00f3s o recebimento do pagamento.<\/span><\/li>\n<li><span data-preserver-spaces=\"true\">Para produtos fora de estoque: 25<\/span><span data-preserver-spaces=\"true\"> ~ <\/span><span data-preserver-spaces=\"true\">40 dias depois <\/span><span data-preserver-spaces=\"true\">recebimento de pagamento<\/span><span data-preserver-spaces=\"true\">.<\/span><\/li>\n<\/ul>","protected":false},"excerpt":{"rendered":"<p>Garrafa de vidro personalizada de 750 ml para XO, conhaque e u\u00edsque do principal fabricante de garrafas de licor da China - Ruisheng. A Ruisheng \u00e9 uma fabricante profissional de garrafas de vidro. Eles t\u00eam mais de 10 anos de experi\u00eancia em design e fabrica\u00e7\u00e3o de garrafas de vidro. Nossa garrafa de vidro de 750 ml no atacado \u00e9 projetada principalmente para embalagens de licor, u\u00edsque, Brandy, XO, conhaque e tequila.<\/p>\n<p>Informa\u00e7\u00f5es sobre o pedido de Garrafa de vidro personalizada de 750 ml para XO, Brandy, Whisky<\/p>\n<ul>\n<li><strong>MOQ: 10000 PCS (aproximadamente 20000pcs)<\/strong><\/li>\n<li>Capacidade: 750 ml (servi\u00e7o personalizado dispon\u00edvel)<\/li>\n<li>Cor: Transparente<\/li>\n<li>Servi\u00e7os personalizados oferecidos: Tamanho, capacidade, padr\u00e3o, cor, tampa, logotipo, impress\u00e3o, etc.<\/li>\n<\/ul>\n<p>Se quiser personalizar a garrafa de vidro para a sua marca, entre em contato conosco.<\/p>","protected":false},"featured_media":4142,"comment_status":"closed","ping_status":"closed","template":"","meta":[],"product_cat":[40,54,56],"class_list":{"0":"post-4348","1":"product","2":"type-product","3":"status-publish","4":"has-post-thumbnail","6":"product_cat-750ml-liquor-bottle-manufacturer","7":"product_cat-whiskey-bottle","8":"product_cat-xo-brandy-bottle","10":"first","11":"instock","12":"shipping-taxable","13":"product-type-simple"},"yoast_head":"<!-- This site is optimized with the Yoast SEO plugin v22.0 - https:\/\/yoast.com\/wordpress\/plugins\/seo\/ -->\n<title>RS022 Custom 750ml Glass Bottle For XO\/Brandy\/Whisky -<\/title>\n<meta name=\"description\" content=\"Custom 750ml Glass Bottle For XO\/Brandy\/Whisky From China Top Glass Bottle Manufacturer. Factory Outlet&amp;Free Sample Offered.\" \/>\n<meta name=\"robots\" content=\"index, follow, max-snippet:-1, max-image-preview:large, max-video-preview:-1\" \/>\n<link rel=\"canonical\" href=\"https:\/\/ruishengglassco.com\/pt\/produto\/rs022-garrafa-de-vidro-de-750-ml-personalizada-para-uisque-xo-brandy\" \/>\n<meta property=\"og:locale\" content=\"pt_BR\" \/>\n<meta property=\"og:type\" content=\"article\" \/>\n<meta property=\"og:title\" content=\"RS022 Custom 750ml Glass Bottle For XO\/Brandy\/Whisky -\" \/>\n<meta property=\"og:description\" content=\"Custom 750ml Glass Bottle For XO\/Brandy\/Whisky From China Top Glass Bottle Manufacturer. Factory Outlet&amp;Free Sample Offered.\" \/>\n<meta property=\"og:url\" content=\"https:\/\/ruishengglassco.com\/pt\/produto\/rs022-garrafa-de-vidro-de-750-ml-personalizada-para-uisque-xo-brandy\" \/>\n<meta property=\"article:publisher\" content=\"https:\/\/www.facebook.com\/ruishengglassbottles\" \/>\n<meta property=\"article:modified_time\" content=\"2025-07-17T06:47:59+00:00\" \/>\n<meta property=\"og:image\" content=\"https:\/\/ruishengglassco.com\/wp-content\/uploads\/2025\/03\/Transparent-750ml-XO-Bottle.webp\" \/>\n\t<meta property=\"og:image:width\" content=\"800\" \/>\n\t<meta property=\"og:image:height\" content=\"800\" \/>\n\t<meta property=\"og:image:type\" content=\"image\/webp\" \/>\n<meta name=\"twitter:card\" content=\"summary_large_image\" \/>\n<meta name=\"twitter:label1\" content=\"Est. tempo de leitura\" \/>\n\t<meta name=\"twitter:data1\" content=\"2 minutos\" \/>\n<script type=\"application\/ld+json\" class=\"yoast-schema-graph\">{\"@context\":\"https:\/\/schema.org\",\"@graph\":[{\"@type\":\"WebPage\",\"@id\":\"https:\/\/ruishengglassco.com\/product\/rs022-custom-750ml-glass-bottle-for-xo-brandy-whisky\",\"url\":\"https:\/\/ruishengglassco.com\/product\/rs022-custom-750ml-glass-bottle-for-xo-brandy-whisky\",\"name\":\"RS022 Custom 750ml Glass Bottle For XO\/Brandy\/Whisky -\",\"isPartOf\":{\"@id\":\"https:\/\/ruishengglassco.com\/#website\"},\"datePublished\":\"2025-03-15T13:37:28+00:00\",\"dateModified\":\"2025-07-17T06:47:59+00:00\",\"description\":\"Custom 750ml Glass Bottle For XO\/Brandy\/Whisky From China Top Glass Bottle Manufacturer. Factory Outlet&Free Sample Offered.\",\"breadcrumb\":{\"@id\":\"https:\/\/ruishengglassco.com\/product\/rs022-custom-750ml-glass-bottle-for-xo-brandy-whisky#breadcrumb\"},\"inLanguage\":\"pt-BR\",\"potentialAction\":[{\"@type\":\"ReadAction\",\"target\":[\"https:\/\/ruishengglassco.com\/product\/rs022-custom-750ml-glass-bottle-for-xo-brandy-whisky\"]}]},{\"@type\":\"BreadcrumbList\",\"@id\":\"https:\/\/ruishengglassco.com\/product\/rs022-custom-750ml-glass-bottle-for-xo-brandy-whisky#breadcrumb\",\"itemListElement\":[{\"@type\":\"ListItem\",\"position\":1,\"name\":\"Home\",\"item\":\"https:\/\/ruishengglassco.com\/\"},{\"@type\":\"ListItem\",\"position\":2,\"name\":\"Products\",\"item\":\"https:\/\/ruishengglassco.com\/products\"},{\"@type\":\"ListItem\",\"position\":3,\"name\":\"RS022 Custom 750ml Glass Bottle For XO\/Brandy\/Whisky\"}]},{\"@type\":\"WebSite\",\"@id\":\"https:\/\/ruishengglassco.com\/#website\",\"url\":\"https:\/\/ruishengglassco.com\/\",\"name\":\"Ruisheng Glass\",\"description\":\"\",\"publisher\":{\"@id\":\"https:\/\/ruishengglassco.com\/#organization\"},\"potentialAction\":[{\"@type\":\"SearchAction\",\"target\":{\"@type\":\"EntryPoint\",\"urlTemplate\":\"https:\/\/ruishengglassco.com\/?s={search_term_string}\"},\"query-input\":\"required name=search_term_string\"}],\"inLanguage\":\"pt-BR\"},{\"@type\":\"Organization\",\"@id\":\"https:\/\/ruishengglassco.com\/#organization\",\"name\":\"Shandong Yuncheng Ruisheng Glass Co., Ltd\",\"url\":\"https:\/\/ruishengglassco.com\/\",\"logo\":{\"@type\":\"ImageObject\",\"inLanguage\":\"pt-BR\",\"@id\":\"https:\/\/ruishengglassco.com\/#\/schema\/logo\/image\/\",\"url\":\"https:\/\/ruishengglassco.com\/wp-content\/uploads\/2023\/09\/ruisheng_logo_icon.webp\",\"contentUrl\":\"https:\/\/ruishengglassco.com\/wp-content\/uploads\/2023\/09\/ruisheng_logo_icon.webp\",\"width\":400,\"height\":233,\"caption\":\"Shandong Yuncheng Ruisheng Glass Co., Ltd\"},\"image\":{\"@id\":\"https:\/\/ruishengglassco.com\/#\/schema\/logo\/image\/\"},\"sameAs\":[\"https:\/\/www.facebook.com\/ruishengglassbottles\",\"https:\/\/www.instagram.com\/Ruishengglassbottlewholesales\/\",\"https:\/\/www.youtube.com\/channel\/UCMmbMNGwsL-XrtjfSFLCdVQ\"]}]}<\/script>\n<!-- \/ Yoast SEO plugin. -->","yoast_head_json":{"title":"RS022 Custom 750ml Glass Bottle For XO\/Brandy\/Whisky -","description":"Custom 750ml Glass Bottle For XO\/Brandy\/Whisky From China Top Glass Bottle Manufacturer. Factory Outlet&Free Sample Offered.","robots":{"index":"index","follow":"follow","max-snippet":"max-snippet:-1","max-image-preview":"max-image-preview:large","max-video-preview":"max-video-preview:-1"},"canonical":"https:\/\/ruishengglassco.com\/pt\/produto\/rs022-garrafa-de-vidro-de-750-ml-personalizada-para-uisque-xo-brandy","og_locale":"pt_BR","og_type":"article","og_title":"RS022 Custom 750ml Glass Bottle For XO\/Brandy\/Whisky -","og_description":"Custom 750ml Glass Bottle For XO\/Brandy\/Whisky From China Top Glass Bottle Manufacturer. Factory Outlet&Free Sample Offered.","og_url":"https:\/\/ruishengglassco.com\/pt\/produto\/rs022-garrafa-de-vidro-de-750-ml-personalizada-para-uisque-xo-brandy","article_publisher":"https:\/\/www.facebook.com\/ruishengglassbottles","article_modified_time":"2025-07-17T06:47:59+00:00","og_image":[{"width":800,"height":800,"url":"https:\/\/ruishengglassco.com\/wp-content\/uploads\/2025\/03\/Transparent-750ml-XO-Bottle.webp","type":"image\/webp"}],"twitter_card":"summary_large_image","twitter_misc":{"Est. tempo de leitura":"2 minutos"},"schema":{"@context":"https:\/\/schema.org","@graph":[{"@type":"WebPage","@id":"https:\/\/ruishengglassco.com\/product\/rs022-custom-750ml-glass-bottle-for-xo-brandy-whisky","url":"https:\/\/ruishengglassco.com\/product\/rs022-custom-750ml-glass-bottle-for-xo-brandy-whisky","name":"RS022 Custom 750ml Glass Bottle For XO\/Brandy\/Whisky -","isPartOf":{"@id":"https:\/\/ruishengglassco.com\/#website"},"datePublished":"2025-03-15T13:37:28+00:00","dateModified":"2025-07-17T06:47:59+00:00","description":"Custom 750ml Glass Bottle For XO\/Brandy\/Whisky From China Top Glass Bottle Manufacturer. Factory Outlet&Free Sample Offered.","breadcrumb":{"@id":"https:\/\/ruishengglassco.com\/product\/rs022-custom-750ml-glass-bottle-for-xo-brandy-whisky#breadcrumb"},"inLanguage":"pt-BR","potentialAction":[{"@type":"ReadAction","target":["https:\/\/ruishengglassco.com\/product\/rs022-custom-750ml-glass-bottle-for-xo-brandy-whisky"]}]},{"@type":"BreadcrumbList","@id":"https:\/\/ruishengglassco.com\/product\/rs022-custom-750ml-glass-bottle-for-xo-brandy-whisky#breadcrumb","itemListElement":[{"@type":"ListItem","position":1,"name":"Home","item":"https:\/\/ruishengglassco.com\/"},{"@type":"ListItem","position":2,"name":"Products","item":"https:\/\/ruishengglassco.com\/products"},{"@type":"ListItem","position":3,"name":"RS022 Custom 750ml Glass Bottle For XO\/Brandy\/Whisky"}]},{"@type":"WebSite","@id":"https:\/\/ruishengglassco.com\/#website","url":"https:\/\/ruishengglassco.com\/","name":"Ruisheng Glass","description":"","publisher":{"@id":"https:\/\/ruishengglassco.com\/#organization"},"potentialAction":[{"@type":"SearchAction","target":{"@type":"EntryPoint","urlTemplate":"https:\/\/ruishengglassco.com\/?s={search_term_string}"},"query-input":"required name=search_term_string"}],"inLanguage":"pt-BR"},{"@type":"Organization","@id":"https:\/\/ruishengglassco.com\/#organization","name":"Shandong Yuncheng Ruisheng Glass Co., Ltd","url":"https:\/\/ruishengglassco.com\/","logo":{"@type":"ImageObject","inLanguage":"pt-BR","@id":"https:\/\/ruishengglassco.com\/#\/schema\/logo\/image\/","url":"https:\/\/ruishengglassco.com\/wp-content\/uploads\/2023\/09\/ruisheng_logo_icon.webp","contentUrl":"https:\/\/ruishengglassco.com\/wp-content\/uploads\/2023\/09\/ruisheng_logo_icon.webp","width":400,"height":233,"caption":"Shandong Yuncheng Ruisheng Glass Co., Ltd"},"image":{"@id":"https:\/\/ruishengglassco.com\/#\/schema\/logo\/image\/"},"sameAs":["https:\/\/www.facebook.com\/ruishengglassbottles","https:\/\/www.instagram.com\/Ruishengglassbottlewholesales\/","https:\/\/www.youtube.com\/channel\/UCMmbMNGwsL-XrtjfSFLCdVQ"]}]}},"_links":{"self":[{"href":"https:\/\/ruishengglassco.com\/pt\/wp-json\/wp\/v2\/product\/4348","targetHints":{"allow":["GET"]}}],"collection":[{"href":"https:\/\/ruishengglassco.com\/pt\/wp-json\/wp\/v2\/product"}],"about":[{"href":"https:\/\/ruishengglassco.com\/pt\/wp-json\/wp\/v2\/types\/product"}],"replies":[{"embeddable":true,"href":"https:\/\/ruishengglassco.com\/pt\/wp-json\/wp\/v2\/comments?post=4348"}],"wp:featuredmedia":[{"embeddable":true,"href":"https:\/\/ruishengglassco.com\/pt\/wp-json\/wp\/v2\/media\/4142"}],"wp:attachment":[{"href":"https:\/\/ruishengglassco.com\/pt\/wp-json\/wp\/v2\/media?parent=4348"}],"wp:term":[{"taxonomy":"product_cat","embeddable":true,"href":"https:\/\/ruishengglassco.com\/pt\/wp-json\/wp\/v2\/product_cat?post=4348"}],"curies":[{"name":"wp","href":"https:\/\/api.w.org\/{rel}","templated":true}]}}