{"id":4344,"date":"2025-03-15T13:36:42","date_gmt":"2025-03-15T05:36:42","guid":{"rendered":"https:\/\/ruishengglassco.com\/?post_type=product&#038;p=4344"},"modified":"2025-07-17T14:45:52","modified_gmt":"2025-07-17T06:45:52","slug":"re024-500-ml-700-ml-750-ml-fabricantes-de-garrafas-de-uisque-de-design-antigo","status":"publish","type":"product","link":"https:\/\/ruishengglassco.com\/pt\/produto\/re024-500-ml-700-ml-750-ml-fabricantes-de-garrafas-de-uisque-de-design-antigo","title":{"rendered":"RE024 Garrafas de u\u00edsque de design antigo de 500 ml\/700 ml\/750 ml Fabricantes"},"content":{"rendered":"<h2>Informa\u00e7\u00f5es detalhadas sobre os fabricantes de garrafas de u\u00edsque antigas de 500 ml\/700 ml\/750 ml<\/h2>\n<p>A Ruisheng \u00e9 fabricante e fornecedora profissional de garrafas de u\u00edsque h\u00e1 mais de 10 anos. Eles s\u00e3o especializados no atacado e na fabrica\u00e7\u00e3o de garrafas de u\u00edsque. Temos a linha de produ\u00e7\u00e3o de garrafas de u\u00edsque totalmente automatizada mais avan\u00e7ada do mundo. Os produtos produzidos t\u00eam alta defini\u00e7\u00e3o e n\u00e3o s\u00e3o facilmente danificados. A produ\u00e7\u00e3o di\u00e1ria pode chegar a 200.000 PCS, o que permite produzir as garrafas de u\u00edsque solicitadas pelos clientes no menor tempo poss\u00edvel. Somos uma f\u00e1brica de produ\u00e7\u00e3o de garrafas. Oferecemos servi\u00e7os de personaliza\u00e7\u00e3o OEM\/ODM. Basta nos enviar sua amostra de design e o logotipo da marca. Podemos ajud\u00e1-lo a criar a garrafa de u\u00edsque perfeita.<\/p>\n<h2>Preocupa\u00e7\u00f5es do cliente<\/h2>\n<ol>\n<li><strong>O MOQ da garrafa de u\u00edsque<\/strong><\/li>\n<\/ol>\n<p>Como fabricante profissional de garrafas de u\u00edsque, fornecemos apenas servi\u00e7o de atacado de garrafas de u\u00edsque, n\u00e3o no varejo. Em vista de nossa base de clientes, embalagem, remessa e outros fatores, nossa <strong>O MOQ \u00e9 <span class=\"mceItemHidden\">10000 PCS\uff08Em torno de 20000 pcs)<\/span><\/strong><\/p>\n<p><strong>2. Sobre a embalagem<\/strong><\/p>\n<p>Como todos sabemos, as garrafas de vinho s\u00e3o produtos fr\u00e1geis, por isso precisamos prestar aten\u00e7\u00e3o \u00e0 embalagem. Usamos embalagens seguras, como caixa interna para embalagem a granel\/caixa colorida\/caixa branca\/caixa de exposi\u00e7\u00e3o\/palete de exporta\u00e7\u00e3o padr\u00e3o, de acordo com a solicita\u00e7\u00e3o do cliente.<\/p>\n<p><strong>3. Sobre o prazo de entrega<\/strong><\/p>\n<ul>\n<li>Para estoque pronto: 7 dias ap\u00f3s o recebimento do pagamento.<\/li>\n<li>Para produtos fora de estoque: 25 a 40 dias ap\u00f3s o recebimento do pagamento.<\/li>\n<\/ul>","protected":false},"excerpt":{"rendered":"<p data-block-id=\"3a75f4ee-898b-45f7-9c96-94add5894751\" data-pm-slice=\"1 1 []\">A Ruisheng \u00e9 uma das principais fabricantes de garrafas de u\u00edsque da China. Eles oferecem garrafas de u\u00edsque antigas para venda no atacado. Fabricante profissional de garrafas de u\u00edsque com mais de 10 anos de experi\u00eancia em fabrica\u00e7\u00e3o. Oferecemos garrafas de u\u00edsque de alta qualidade para marcas, empresas, atacadistas de garrafas de vidro e distribuidores.<\/p>\n<ul>\n<li>Item: Garrafa de u\u00edsque de design antigo por atacado<\/li>\n<li>N\u00ba: RS024<\/li>\n<li><strong>MOQ: 10000PCS<\/strong><\/li>\n<li>Material: Vidro super flint<\/li>\n<li>Servi\u00e7o de OEM\/ODM oferecido<\/li>\n<li>Tipo de veda\u00e7\u00e3o: Topo de corti\u00e7a\/tampa de parafuso<\/li>\n<li>Especifica\u00e7\u00e3o: 50ml-1500ml<\/li>\n<li>M\u00e9todo de embalagem: Embalagem padr\u00e3o para exporta\u00e7\u00e3o ou embalagem personalizada<\/li>\n<li>Prazo de entrega: Dentro de 20 a 30 dias, de acordo com o tamanho e a quantidade solicitados.<\/li>\n<\/ul>\n<p>Se voc\u00ea estiver interessado em nossas garrafas de u\u00edsque antigas no atacado, clique aqui para obter uma cota\u00e7\u00e3o.<\/p>","protected":false},"featured_media":4345,"comment_status":"closed","ping_status":"closed","template":"","meta":[],"product_cat":[41,44,40,54],"class_list":{"0":"post-4344","1":"product","2":"type-product","3":"status-publish","4":"has-post-thumbnail","6":"product_cat-500ml-liquor-bottle-manufacturer","7":"product_cat-700ml-liquor-bottle-manufacturer","8":"product_cat-750ml-liquor-bottle-manufacturer","9":"product_cat-whiskey-bottle","11":"first","12":"instock","13":"shipping-taxable","14":"product-type-simple"},"yoast_head":"<!-- This site is optimized with the Yoast SEO plugin v22.0 - https:\/\/yoast.com\/wordpress\/plugins\/seo\/ -->\n<title>Old Whisky Bottles Manufacturers | Best Whiskey Bottles Manufacturer<\/title>\n<meta name=\"description\" content=\"Want to buy Old Whisky Bottles Manufacturers? Click here to get whisky bottle from best whiskey bottles manufacturer China.\" \/>\n<meta name=\"robots\" content=\"index, follow, max-snippet:-1, max-image-preview:large, max-video-preview:-1\" \/>\n<link rel=\"canonical\" href=\"https:\/\/ruishengglassco.com\/pt\/produto\/re024-500-ml-700-ml-750-ml-fabricantes-de-garrafas-de-uisque-de-design-antigo\" \/>\n<meta property=\"og:locale\" content=\"pt_BR\" \/>\n<meta property=\"og:type\" content=\"article\" \/>\n<meta property=\"og:title\" content=\"Old Whisky Bottles Manufacturers | Best Whiskey Bottles Manufacturer\" \/>\n<meta property=\"og:description\" content=\"Want to buy Old Whisky Bottles Manufacturers? Click here to get whisky bottle from best whiskey bottles manufacturer China.\" \/>\n<meta property=\"og:url\" content=\"https:\/\/ruishengglassco.com\/pt\/produto\/re024-500-ml-700-ml-750-ml-fabricantes-de-garrafas-de-uisque-de-design-antigo\" \/>\n<meta property=\"article:publisher\" content=\"https:\/\/www.facebook.com\/ruishengglassbottles\" \/>\n<meta property=\"article:modified_time\" content=\"2025-07-17T06:45:52+00:00\" \/>\n<meta property=\"og:image\" content=\"https:\/\/ruishengglassco.com\/wp-content\/uploads\/2025\/03\/RE024-500ml-700ml-750ml-Old-Design-Whisky-Bottles-Wholesale.webp\" \/>\n\t<meta property=\"og:image:width\" content=\"800\" \/>\n\t<meta property=\"og:image:height\" content=\"800\" \/>\n\t<meta property=\"og:image:type\" content=\"image\/webp\" \/>\n<meta name=\"twitter:card\" content=\"summary_large_image\" \/>\n<meta name=\"twitter:label1\" content=\"Est. tempo de leitura\" \/>\n\t<meta name=\"twitter:data1\" content=\"2 minutos\" \/>\n<script type=\"application\/ld+json\" class=\"yoast-schema-graph\">{\"@context\":\"https:\/\/schema.org\",\"@graph\":[{\"@type\":\"WebPage\",\"@id\":\"https:\/\/ruishengglassco.com\/product\/re024-500ml-700ml-750ml-old-design-whisky-bottles-manufacturers\",\"url\":\"https:\/\/ruishengglassco.com\/product\/re024-500ml-700ml-750ml-old-design-whisky-bottles-manufacturers\",\"name\":\"Old Whisky Bottles Manufacturers | Best Whiskey Bottles Manufacturer\",\"isPartOf\":{\"@id\":\"https:\/\/ruishengglassco.com\/#website\"},\"datePublished\":\"2025-03-15T05:36:42+00:00\",\"dateModified\":\"2025-07-17T06:45:52+00:00\",\"description\":\"Want to buy Old Whisky Bottles Manufacturers? Click here to get whisky bottle from best whiskey bottles manufacturer China.\",\"breadcrumb\":{\"@id\":\"https:\/\/ruishengglassco.com\/product\/re024-500ml-700ml-750ml-old-design-whisky-bottles-manufacturers#breadcrumb\"},\"inLanguage\":\"pt-BR\",\"potentialAction\":[{\"@type\":\"ReadAction\",\"target\":[\"https:\/\/ruishengglassco.com\/product\/re024-500ml-700ml-750ml-old-design-whisky-bottles-manufacturers\"]}]},{\"@type\":\"BreadcrumbList\",\"@id\":\"https:\/\/ruishengglassco.com\/product\/re024-500ml-700ml-750ml-old-design-whisky-bottles-manufacturers#breadcrumb\",\"itemListElement\":[{\"@type\":\"ListItem\",\"position\":1,\"name\":\"Home\",\"item\":\"https:\/\/ruishengglassco.com\/\"},{\"@type\":\"ListItem\",\"position\":2,\"name\":\"Products\",\"item\":\"https:\/\/ruishengglassco.com\/products\"},{\"@type\":\"ListItem\",\"position\":3,\"name\":\"RE024 500ml\/700ml\/750ml Old Design Whisky Bottles Manufacturers\"}]},{\"@type\":\"WebSite\",\"@id\":\"https:\/\/ruishengglassco.com\/#website\",\"url\":\"https:\/\/ruishengglassco.com\/\",\"name\":\"Ruisheng Glass\",\"description\":\"\",\"publisher\":{\"@id\":\"https:\/\/ruishengglassco.com\/#organization\"},\"potentialAction\":[{\"@type\":\"SearchAction\",\"target\":{\"@type\":\"EntryPoint\",\"urlTemplate\":\"https:\/\/ruishengglassco.com\/?s={search_term_string}\"},\"query-input\":\"required name=search_term_string\"}],\"inLanguage\":\"pt-BR\"},{\"@type\":\"Organization\",\"@id\":\"https:\/\/ruishengglassco.com\/#organization\",\"name\":\"Shandong Yuncheng Ruisheng Glass Co., Ltd\",\"url\":\"https:\/\/ruishengglassco.com\/\",\"logo\":{\"@type\":\"ImageObject\",\"inLanguage\":\"pt-BR\",\"@id\":\"https:\/\/ruishengglassco.com\/#\/schema\/logo\/image\/\",\"url\":\"https:\/\/ruishengglassco.com\/wp-content\/uploads\/2023\/09\/ruisheng_logo_icon.webp\",\"contentUrl\":\"https:\/\/ruishengglassco.com\/wp-content\/uploads\/2023\/09\/ruisheng_logo_icon.webp\",\"width\":400,\"height\":233,\"caption\":\"Shandong Yuncheng Ruisheng Glass Co., Ltd\"},\"image\":{\"@id\":\"https:\/\/ruishengglassco.com\/#\/schema\/logo\/image\/\"},\"sameAs\":[\"https:\/\/www.facebook.com\/ruishengglassbottles\",\"https:\/\/www.instagram.com\/Ruishengglassbottlewholesales\/\",\"https:\/\/www.youtube.com\/channel\/UCMmbMNGwsL-XrtjfSFLCdVQ\"]}]}<\/script>\n<!-- \/ Yoast SEO plugin. -->","yoast_head_json":{"title":"Old Whisky Bottles Manufacturers | Best Whiskey Bottles Manufacturer","description":"Want to buy Old Whisky Bottles Manufacturers? Click here to get whisky bottle from best whiskey bottles manufacturer China.","robots":{"index":"index","follow":"follow","max-snippet":"max-snippet:-1","max-image-preview":"max-image-preview:large","max-video-preview":"max-video-preview:-1"},"canonical":"https:\/\/ruishengglassco.com\/pt\/produto\/re024-500-ml-700-ml-750-ml-fabricantes-de-garrafas-de-uisque-de-design-antigo","og_locale":"pt_BR","og_type":"article","og_title":"Old Whisky Bottles Manufacturers | Best Whiskey Bottles Manufacturer","og_description":"Want to buy Old Whisky Bottles Manufacturers? Click here to get whisky bottle from best whiskey bottles manufacturer China.","og_url":"https:\/\/ruishengglassco.com\/pt\/produto\/re024-500-ml-700-ml-750-ml-fabricantes-de-garrafas-de-uisque-de-design-antigo","article_publisher":"https:\/\/www.facebook.com\/ruishengglassbottles","article_modified_time":"2025-07-17T06:45:52+00:00","og_image":[{"width":800,"height":800,"url":"https:\/\/ruishengglassco.com\/wp-content\/uploads\/2025\/03\/RE024-500ml-700ml-750ml-Old-Design-Whisky-Bottles-Wholesale.webp","type":"image\/webp"}],"twitter_card":"summary_large_image","twitter_misc":{"Est. tempo de leitura":"2 minutos"},"schema":{"@context":"https:\/\/schema.org","@graph":[{"@type":"WebPage","@id":"https:\/\/ruishengglassco.com\/product\/re024-500ml-700ml-750ml-old-design-whisky-bottles-manufacturers","url":"https:\/\/ruishengglassco.com\/product\/re024-500ml-700ml-750ml-old-design-whisky-bottles-manufacturers","name":"Old Whisky Bottles Manufacturers | Best Whiskey Bottles Manufacturer","isPartOf":{"@id":"https:\/\/ruishengglassco.com\/#website"},"datePublished":"2025-03-15T05:36:42+00:00","dateModified":"2025-07-17T06:45:52+00:00","description":"Want to buy Old Whisky Bottles Manufacturers? Click here to get whisky bottle from best whiskey bottles manufacturer China.","breadcrumb":{"@id":"https:\/\/ruishengglassco.com\/product\/re024-500ml-700ml-750ml-old-design-whisky-bottles-manufacturers#breadcrumb"},"inLanguage":"pt-BR","potentialAction":[{"@type":"ReadAction","target":["https:\/\/ruishengglassco.com\/product\/re024-500ml-700ml-750ml-old-design-whisky-bottles-manufacturers"]}]},{"@type":"BreadcrumbList","@id":"https:\/\/ruishengglassco.com\/product\/re024-500ml-700ml-750ml-old-design-whisky-bottles-manufacturers#breadcrumb","itemListElement":[{"@type":"ListItem","position":1,"name":"Home","item":"https:\/\/ruishengglassco.com\/"},{"@type":"ListItem","position":2,"name":"Products","item":"https:\/\/ruishengglassco.com\/products"},{"@type":"ListItem","position":3,"name":"RE024 500ml\/700ml\/750ml Old Design Whisky Bottles Manufacturers"}]},{"@type":"WebSite","@id":"https:\/\/ruishengglassco.com\/#website","url":"https:\/\/ruishengglassco.com\/","name":"Ruisheng Glass","description":"","publisher":{"@id":"https:\/\/ruishengglassco.com\/#organization"},"potentialAction":[{"@type":"SearchAction","target":{"@type":"EntryPoint","urlTemplate":"https:\/\/ruishengglassco.com\/?s={search_term_string}"},"query-input":"required name=search_term_string"}],"inLanguage":"pt-BR"},{"@type":"Organization","@id":"https:\/\/ruishengglassco.com\/#organization","name":"Shandong Yuncheng Ruisheng Glass Co., Ltd","url":"https:\/\/ruishengglassco.com\/","logo":{"@type":"ImageObject","inLanguage":"pt-BR","@id":"https:\/\/ruishengglassco.com\/#\/schema\/logo\/image\/","url":"https:\/\/ruishengglassco.com\/wp-content\/uploads\/2023\/09\/ruisheng_logo_icon.webp","contentUrl":"https:\/\/ruishengglassco.com\/wp-content\/uploads\/2023\/09\/ruisheng_logo_icon.webp","width":400,"height":233,"caption":"Shandong Yuncheng Ruisheng Glass Co., Ltd"},"image":{"@id":"https:\/\/ruishengglassco.com\/#\/schema\/logo\/image\/"},"sameAs":["https:\/\/www.facebook.com\/ruishengglassbottles","https:\/\/www.instagram.com\/Ruishengglassbottlewholesales\/","https:\/\/www.youtube.com\/channel\/UCMmbMNGwsL-XrtjfSFLCdVQ"]}]}},"_links":{"self":[{"href":"https:\/\/ruishengglassco.com\/pt\/wp-json\/wp\/v2\/product\/4344","targetHints":{"allow":["GET"]}}],"collection":[{"href":"https:\/\/ruishengglassco.com\/pt\/wp-json\/wp\/v2\/product"}],"about":[{"href":"https:\/\/ruishengglassco.com\/pt\/wp-json\/wp\/v2\/types\/product"}],"replies":[{"embeddable":true,"href":"https:\/\/ruishengglassco.com\/pt\/wp-json\/wp\/v2\/comments?post=4344"}],"wp:featuredmedia":[{"embeddable":true,"href":"https:\/\/ruishengglassco.com\/pt\/wp-json\/wp\/v2\/media\/4345"}],"wp:attachment":[{"href":"https:\/\/ruishengglassco.com\/pt\/wp-json\/wp\/v2\/media?parent=4344"}],"wp:term":[{"taxonomy":"product_cat","embeddable":true,"href":"https:\/\/ruishengglassco.com\/pt\/wp-json\/wp\/v2\/product_cat?post=4344"}],"curies":[{"name":"wp","href":"https:\/\/api.w.org\/{rel}","templated":true}]}}