{"id":4341,"date":"2025-03-15T13:34:18","date_gmt":"2025-03-15T05:34:18","guid":{"rendered":"https:\/\/ruishengglassco.com\/?post_type=product&#038;p=4341"},"modified":"2025-07-17T14:44:45","modified_gmt":"2025-07-17T06:44:45","slug":"rs025-700ml-750ml-garrafas-de-uisque-redondas-vazias","status":"publish","type":"product","link":"https:\/\/ruishengglassco.com\/pt\/produto\/rs025-700ml-750ml-garrafas-de-uisque-redondas-vazias","title":{"rendered":"RS025 Garrafas de u\u00edsque redondas vazias de 700 ml\/750 ml"},"content":{"rendered":"<h2>Informa\u00e7\u00f5es detalhadas sobre as garrafas de u\u00edsque redondas vazias de 700 ml\/750 ml no atacado<\/h2>\n<p>Essa s\u00e9rie de garrafas de u\u00edsque redondas vazias de 700 ml e 750 ml est\u00e1 dispon\u00edvel no atacado. Elas s\u00e3o feitas de vidro de alta qualidade, o que as torna perfeitas para embalar u\u00edsque, brandy e vodca. O corpo transparente da garrafa demonstra perfeitamente a qualidade e a cor da bebida.<\/p>\n<p>Como principal fabricante de garrafas de u\u00edsque, fornecemos apenas garrafas de vidro de u\u00edsque no atacado. Obviamente, como uma equipe profissional, oferecemos servi\u00e7os de design de garrafas de u\u00edsque personalizadas. Servi\u00e7os de OEM\/ODM dispon\u00edveis.<\/p>\n<p><strong>Detalhes r\u00e1pidos<\/strong><\/p>\n<ul>\n<li>Manuseio da superf\u00edcie: \uff1aDecalque<\/li>\n<li>Uso industrial: bebidas<\/li>\n<li>Material da base: Vidro super flint<\/li>\n<li>Material do corpo: Vidro super flint<\/li>\n<li>Material do colar: Vidro super flint<\/li>\n<li>Tipo de veda\u00e7\u00e3o: Corti\u00e7a<\/li>\n<li>Uso: Whisky\/Brandy<\/li>\n<li>Local de origem: Shandong, China<\/li>\n<li>Nome da marca: Ruisheng<\/li>\n<li>Nome do produto: Garrafa de vidro redonda para bebidas espirituosas de 50 ml vazia de u\u00edsque Extra Flint Vodka Premium<\/li>\n<li>Capacidade: 100-1000 ml \/ personalizado<\/li>\n<li>Certifica\u00e7\u00e3o: ISO9001<\/li>\n<li>Embalagem: Caixa de papel\u00e3o \/ palete \/ personalizado<\/li>\n<li>Palavra-chave: Garrafa de u\u00edsque, Garrafa de u\u00edsque de vidro, Garrafa de u\u00edsque vazia, Garrafa de u\u00edsque redonda<\/li>\n<li>Servi\u00e7os: OEM \/ODM<\/li>\n<li>Amostra: Fornecimento gratuito de amostras<\/li>\n<li>Prazo de entrega: Em geral, 25 a 30 dias \u00fateis<\/li>\n<\/ul>","protected":false},"excerpt":{"rendered":"<p>Est\u00e1 procurando uma garrafa de u\u00edsque vazia para sua marca? A Ruisheng Glass Bottle \u00e9 especialista na fabrica\u00e7\u00e3o de garrafas de vidro para bebidas alco\u00f3licas. Oferecemos garrafas de u\u00edsque vazias redondas de 700 ml e 750 ml. Nossos clientes incluem marcas de u\u00edsque, empresas, fornecedores de garrafas de vidro, atacadistas e distribuidores.<\/p>\n<h2>Informa\u00e7\u00f5es sobre pedidos de garrafas de u\u00edsque redondas vazias de 700 ml\/750 ml<\/h2>\n<ul>\n<li>Nome do modelo: Garrafas de U\u00edsque Vazias Redondas de 700ml\/750ml<\/li>\n<li>N\u00famero do modelo: RS025<\/li>\n<li>Nome da marca: RUISHENG<\/li>\n<li><strong>MOQ: 10000pcs<\/strong><\/li>\n<li>Capacidade: 700 ml\/750 ml\/personalizada<\/li>\n<li>Manuseio de superf\u00edcie: Hot Stamping, Frost, Decalque, Emboss, Serigrafia<\/li>\n<li>Material: Vidro Super Flint<\/li>\n<li>Material do colar: Garrafa de vidro transparente<\/li>\n<li>Tipo de veda\u00e7\u00e3o: Tampa de rosca, corti\u00e7a, tampa de vidro, tampa de rosca<\/li>\n<li>Uso: Garrafa de u\u00edsque<\/li>\n<li>Local de origem: Shandong, China<\/li>\n<li>embalagem: Caixas de papel\u00e3o e paletes padr\u00e3o para exporta\u00e7\u00e3o<\/li>\n<li>Servi\u00e7os: Servi\u00e7o OEM\/ODM<\/li>\n<\/ul>\n<p>Se quiser obter o pre\u00e7o das garrafas de u\u00edsque no atacado, clique aqui para entrar em contato conosco<\/p>","protected":false},"featured_media":4342,"comment_status":"closed","ping_status":"closed","template":"","meta":[],"product_cat":[44,40,54],"class_list":{"0":"post-4341","1":"product","2":"type-product","3":"status-publish","4":"has-post-thumbnail","6":"product_cat-700ml-liquor-bottle-manufacturer","7":"product_cat-750ml-liquor-bottle-manufacturer","8":"product_cat-whiskey-bottle","10":"first","11":"instock","12":"shipping-taxable","13":"product-type-simple"},"yoast_head":"<!-- This site is optimized with the Yoast SEO plugin v22.0 - https:\/\/yoast.com\/wordpress\/plugins\/seo\/ -->\n<title>700ml\/750ml Round Empty Whiskey Bottle Wholesale<\/title>\n<meta name=\"description\" content=\"Do you want to buy Whsikey Bottle in Bulk for Your Brand? Ruisheng, a professional liquor bottle manufacturer, provide 700ml\/750ml Round Empty Whiskey Bottle Wholesale.\" \/>\n<meta name=\"robots\" content=\"index, follow, max-snippet:-1, max-image-preview:large, max-video-preview:-1\" \/>\n<link rel=\"canonical\" href=\"https:\/\/ruishengglassco.com\/pt\/produto\/rs025-700ml-750ml-garrafas-de-uisque-redondas-vazias\" \/>\n<meta property=\"og:locale\" content=\"pt_BR\" \/>\n<meta property=\"og:type\" content=\"article\" \/>\n<meta property=\"og:title\" content=\"700ml\/750ml Round Empty Whiskey Bottle Wholesale\" \/>\n<meta property=\"og:description\" content=\"Do you want to buy Whsikey Bottle in Bulk for Your Brand? Ruisheng, a professional liquor bottle manufacturer, provide 700ml\/750ml Round Empty Whiskey Bottle Wholesale.\" \/>\n<meta property=\"og:url\" content=\"https:\/\/ruishengglassco.com\/pt\/produto\/rs025-700ml-750ml-garrafas-de-uisque-redondas-vazias\" \/>\n<meta property=\"article:publisher\" content=\"https:\/\/www.facebook.com\/ruishengglassbottles\" \/>\n<meta property=\"article:modified_time\" content=\"2025-07-17T06:44:45+00:00\" \/>\n<meta property=\"og:image\" content=\"https:\/\/ruishengglassco.com\/wp-content\/uploads\/2025\/03\/RS025-700ml-750ml-Round-Empty-Whiskey-Bottles.webp\" \/>\n\t<meta property=\"og:image:width\" content=\"800\" \/>\n\t<meta property=\"og:image:height\" content=\"800\" \/>\n\t<meta property=\"og:image:type\" content=\"image\/webp\" \/>\n<meta name=\"twitter:card\" content=\"summary_large_image\" \/>\n<meta name=\"twitter:label1\" content=\"Est. tempo de leitura\" \/>\n\t<meta name=\"twitter:data1\" content=\"1 minuto\" \/>\n<script type=\"application\/ld+json\" class=\"yoast-schema-graph\">{\"@context\":\"https:\/\/schema.org\",\"@graph\":[{\"@type\":\"WebPage\",\"@id\":\"https:\/\/ruishengglassco.com\/product\/rs025-700ml-750ml-round-empty-whiskey-bottles\",\"url\":\"https:\/\/ruishengglassco.com\/product\/rs025-700ml-750ml-round-empty-whiskey-bottles\",\"name\":\"700ml\/750ml Round Empty Whiskey Bottle Wholesale\",\"isPartOf\":{\"@id\":\"https:\/\/ruishengglassco.com\/#website\"},\"datePublished\":\"2025-03-15T05:34:18+00:00\",\"dateModified\":\"2025-07-17T06:44:45+00:00\",\"description\":\"Do you want to buy Whsikey Bottle in Bulk for Your Brand? Ruisheng, a professional liquor bottle manufacturer, provide 700ml\/750ml Round Empty Whiskey Bottle Wholesale.\",\"breadcrumb\":{\"@id\":\"https:\/\/ruishengglassco.com\/product\/rs025-700ml-750ml-round-empty-whiskey-bottles#breadcrumb\"},\"inLanguage\":\"pt-BR\",\"potentialAction\":[{\"@type\":\"ReadAction\",\"target\":[\"https:\/\/ruishengglassco.com\/product\/rs025-700ml-750ml-round-empty-whiskey-bottles\"]}]},{\"@type\":\"BreadcrumbList\",\"@id\":\"https:\/\/ruishengglassco.com\/product\/rs025-700ml-750ml-round-empty-whiskey-bottles#breadcrumb\",\"itemListElement\":[{\"@type\":\"ListItem\",\"position\":1,\"name\":\"Home\",\"item\":\"https:\/\/ruishengglassco.com\/\"},{\"@type\":\"ListItem\",\"position\":2,\"name\":\"Products\",\"item\":\"https:\/\/ruishengglassco.com\/products\"},{\"@type\":\"ListItem\",\"position\":3,\"name\":\"RS025 700ml\/750ml Round Empty Whiskey Bottles\"}]},{\"@type\":\"WebSite\",\"@id\":\"https:\/\/ruishengglassco.com\/#website\",\"url\":\"https:\/\/ruishengglassco.com\/\",\"name\":\"Ruisheng Glass\",\"description\":\"\",\"publisher\":{\"@id\":\"https:\/\/ruishengglassco.com\/#organization\"},\"potentialAction\":[{\"@type\":\"SearchAction\",\"target\":{\"@type\":\"EntryPoint\",\"urlTemplate\":\"https:\/\/ruishengglassco.com\/?s={search_term_string}\"},\"query-input\":\"required name=search_term_string\"}],\"inLanguage\":\"pt-BR\"},{\"@type\":\"Organization\",\"@id\":\"https:\/\/ruishengglassco.com\/#organization\",\"name\":\"Shandong Yuncheng Ruisheng Glass Co., Ltd\",\"url\":\"https:\/\/ruishengglassco.com\/\",\"logo\":{\"@type\":\"ImageObject\",\"inLanguage\":\"pt-BR\",\"@id\":\"https:\/\/ruishengglassco.com\/#\/schema\/logo\/image\/\",\"url\":\"https:\/\/ruishengglassco.com\/wp-content\/uploads\/2023\/09\/ruisheng_logo_icon.webp\",\"contentUrl\":\"https:\/\/ruishengglassco.com\/wp-content\/uploads\/2023\/09\/ruisheng_logo_icon.webp\",\"width\":400,\"height\":233,\"caption\":\"Shandong Yuncheng Ruisheng Glass Co., Ltd\"},\"image\":{\"@id\":\"https:\/\/ruishengglassco.com\/#\/schema\/logo\/image\/\"},\"sameAs\":[\"https:\/\/www.facebook.com\/ruishengglassbottles\",\"https:\/\/www.instagram.com\/Ruishengglassbottlewholesales\/\",\"https:\/\/www.youtube.com\/channel\/UCMmbMNGwsL-XrtjfSFLCdVQ\"]}]}<\/script>\n<!-- \/ Yoast SEO plugin. -->","yoast_head_json":{"title":"700ml\/750ml Round Empty Whiskey Bottle Wholesale","description":"Do you want to buy Whsikey Bottle in Bulk for Your Brand? Ruisheng, a professional liquor bottle manufacturer, provide 700ml\/750ml Round Empty Whiskey Bottle Wholesale.","robots":{"index":"index","follow":"follow","max-snippet":"max-snippet:-1","max-image-preview":"max-image-preview:large","max-video-preview":"max-video-preview:-1"},"canonical":"https:\/\/ruishengglassco.com\/pt\/produto\/rs025-700ml-750ml-garrafas-de-uisque-redondas-vazias","og_locale":"pt_BR","og_type":"article","og_title":"700ml\/750ml Round Empty Whiskey Bottle Wholesale","og_description":"Do you want to buy Whsikey Bottle in Bulk for Your Brand? Ruisheng, a professional liquor bottle manufacturer, provide 700ml\/750ml Round Empty Whiskey Bottle Wholesale.","og_url":"https:\/\/ruishengglassco.com\/pt\/produto\/rs025-700ml-750ml-garrafas-de-uisque-redondas-vazias","article_publisher":"https:\/\/www.facebook.com\/ruishengglassbottles","article_modified_time":"2025-07-17T06:44:45+00:00","og_image":[{"width":800,"height":800,"url":"https:\/\/ruishengglassco.com\/wp-content\/uploads\/2025\/03\/RS025-700ml-750ml-Round-Empty-Whiskey-Bottles.webp","type":"image\/webp"}],"twitter_card":"summary_large_image","twitter_misc":{"Est. tempo de leitura":"1 minuto"},"schema":{"@context":"https:\/\/schema.org","@graph":[{"@type":"WebPage","@id":"https:\/\/ruishengglassco.com\/product\/rs025-700ml-750ml-round-empty-whiskey-bottles","url":"https:\/\/ruishengglassco.com\/product\/rs025-700ml-750ml-round-empty-whiskey-bottles","name":"700ml\/750ml Round Empty Whiskey Bottle Wholesale","isPartOf":{"@id":"https:\/\/ruishengglassco.com\/#website"},"datePublished":"2025-03-15T05:34:18+00:00","dateModified":"2025-07-17T06:44:45+00:00","description":"Do you want to buy Whsikey Bottle in Bulk for Your Brand? Ruisheng, a professional liquor bottle manufacturer, provide 700ml\/750ml Round Empty Whiskey Bottle Wholesale.","breadcrumb":{"@id":"https:\/\/ruishengglassco.com\/product\/rs025-700ml-750ml-round-empty-whiskey-bottles#breadcrumb"},"inLanguage":"pt-BR","potentialAction":[{"@type":"ReadAction","target":["https:\/\/ruishengglassco.com\/product\/rs025-700ml-750ml-round-empty-whiskey-bottles"]}]},{"@type":"BreadcrumbList","@id":"https:\/\/ruishengglassco.com\/product\/rs025-700ml-750ml-round-empty-whiskey-bottles#breadcrumb","itemListElement":[{"@type":"ListItem","position":1,"name":"Home","item":"https:\/\/ruishengglassco.com\/"},{"@type":"ListItem","position":2,"name":"Products","item":"https:\/\/ruishengglassco.com\/products"},{"@type":"ListItem","position":3,"name":"RS025 700ml\/750ml Round Empty Whiskey Bottles"}]},{"@type":"WebSite","@id":"https:\/\/ruishengglassco.com\/#website","url":"https:\/\/ruishengglassco.com\/","name":"Ruisheng Glass","description":"","publisher":{"@id":"https:\/\/ruishengglassco.com\/#organization"},"potentialAction":[{"@type":"SearchAction","target":{"@type":"EntryPoint","urlTemplate":"https:\/\/ruishengglassco.com\/?s={search_term_string}"},"query-input":"required name=search_term_string"}],"inLanguage":"pt-BR"},{"@type":"Organization","@id":"https:\/\/ruishengglassco.com\/#organization","name":"Shandong Yuncheng Ruisheng Glass Co., Ltd","url":"https:\/\/ruishengglassco.com\/","logo":{"@type":"ImageObject","inLanguage":"pt-BR","@id":"https:\/\/ruishengglassco.com\/#\/schema\/logo\/image\/","url":"https:\/\/ruishengglassco.com\/wp-content\/uploads\/2023\/09\/ruisheng_logo_icon.webp","contentUrl":"https:\/\/ruishengglassco.com\/wp-content\/uploads\/2023\/09\/ruisheng_logo_icon.webp","width":400,"height":233,"caption":"Shandong Yuncheng Ruisheng Glass Co., Ltd"},"image":{"@id":"https:\/\/ruishengglassco.com\/#\/schema\/logo\/image\/"},"sameAs":["https:\/\/www.facebook.com\/ruishengglassbottles","https:\/\/www.instagram.com\/Ruishengglassbottlewholesales\/","https:\/\/www.youtube.com\/channel\/UCMmbMNGwsL-XrtjfSFLCdVQ"]}]}},"_links":{"self":[{"href":"https:\/\/ruishengglassco.com\/pt\/wp-json\/wp\/v2\/product\/4341","targetHints":{"allow":["GET"]}}],"collection":[{"href":"https:\/\/ruishengglassco.com\/pt\/wp-json\/wp\/v2\/product"}],"about":[{"href":"https:\/\/ruishengglassco.com\/pt\/wp-json\/wp\/v2\/types\/product"}],"replies":[{"embeddable":true,"href":"https:\/\/ruishengglassco.com\/pt\/wp-json\/wp\/v2\/comments?post=4341"}],"wp:featuredmedia":[{"embeddable":true,"href":"https:\/\/ruishengglassco.com\/pt\/wp-json\/wp\/v2\/media\/4342"}],"wp:attachment":[{"href":"https:\/\/ruishengglassco.com\/pt\/wp-json\/wp\/v2\/media?parent=4341"}],"wp:term":[{"taxonomy":"product_cat","embeddable":true,"href":"https:\/\/ruishengglassco.com\/pt\/wp-json\/wp\/v2\/product_cat?post=4341"}],"curies":[{"name":"wp","href":"https:\/\/api.w.org\/{rel}","templated":true}]}}