{"id":4310,"date":"2025-03-15T12:32:49","date_gmt":"2025-03-15T04:32:49","guid":{"rendered":"https:\/\/ruishengglassco.com\/?post_type=product&#038;p=4310"},"modified":"2025-07-17T14:37:13","modified_gmt":"2025-07-17T06:37:13","slug":"rs040-700ml-750ml-1000ml-garrafa-de-vodka-fosca-atacado","status":"publish","type":"product","link":"https:\/\/ruishengglassco.com\/pt\/produto\/rs040-700ml-750ml-1000ml-garrafa-de-vodka-fosca-atacado","title":{"rendered":"RS040: Fabricantes de garrafas de vodca fosca de 700 ml, 750 ml e 1000 ml"},"content":{"rendered":"<h2>Detalhes sobre os fabricantes de garrafas de vodca fosca de 1000 ml<\/h2>\n<p>Essa garrafa de vodca fosca apresenta um design de corpo fino e \u00e9 usada principalmente para embalar vodca, u\u00edsque e brandy. Os clientes geralmente escolhem entre dois tamanhos padr\u00e3o: 700 ml e 750 ml. Muitas outras especifica\u00e7\u00f5es e capacidades tamb\u00e9m est\u00e3o dispon\u00edveis. Nossa garrafa vazia de vodca \u00e9 feita de vidro de alto brilho e sem chumbo. Isso torna a garrafa mais transparente, clara e com menor probabilidade de quebrar.<\/p>\n<p>Como uma empresa de fabrica\u00e7\u00e3o de garrafas de vidro, oferecemos servi\u00e7os personalizados para garrafas de vidro. A Ruisheng oferece um modelo gratuito de garrafa de vidro para fins de fabrica\u00e7\u00e3o. Se sua empresa tiver um modelo ou design pr\u00f3prio, podemos produzi-lo de acordo com suas necessidades. Ao mesmo tempo, oferecemos servi\u00e7os de etiqueta privada e logotipo impresso.<\/p>\n<h2>Especifica\u00e7\u00f5es sobre nossa garrafa de vodca vazia<\/h2>\n<ul>\n<li>Nome do produto: Garrafa de vidro de vodka transparente de 1 litro por atacado Garrafa de bebida alco\u00f3lica vazia de 750ml<\/li>\n<li>Servi\u00e7o: podemos atender a todos os seus requisitos, incluindo impress\u00e3o de logotipo, etiquetas com decalque, relevo, grava\u00e7\u00e3o, galvanoplastia, glac\u00ea, pintura e voc\u00ea pode personalizar a impress\u00e3o de caixas de varejo e estilo de corti\u00e7a<\/li>\n<li>Marca: RS<\/li>\n<li>Material: Material branco cristalino, material extremamente branco<\/li>\n<li>Especifica\u00e7\u00e3o: 50ml-3500ml<\/li>\n<li>Caracter\u00edsticas: Alta qualidade, mais transparente, inquebr\u00e1vel, recicl\u00e1vel<\/li>\n<li>Amostra: Gratuita se usar nosso molde existente.<\/li>\n<li>Normas: ISO9001:2008, ISO14001:2004<\/li>\n<li>M\u00e9todo de embalagem: Embalagem padr\u00e3o para exporta\u00e7\u00e3o ou embalagem personalizada<\/li>\n<li>Prazo de entrega: dentro de 20 a 30 dias, de acordo com o tamanho e a quantidade solicitados.<\/li>\n<\/ul>\n<p>Se quiser obter mais informa\u00e7\u00f5es, entre em contato conosco.<\/p>","protected":false},"excerpt":{"rendered":"<p>A Ruisheng \u00e9 uma fabricante de garrafas de bebidas alco\u00f3licas da China. Eles oferecem garrafas de vodca fosca de 1000 ml para marcas, f\u00e1bricas e atacadistas. Fundada em 2009, a Ruisheng tem mais de 10 anos de experi\u00eancia em design e fabrica\u00e7\u00e3o de garrafas de vidro. Como uma das principais f\u00e1bricas de garrafas de vidro, nossa produ\u00e7\u00e3o di\u00e1ria de produtos \u00e9 de 120.000 pe\u00e7as. Podemos concluir o pedido em um prazo fixo de acordo com suas necessidades.<\/p>\n<ul>\n<li><strong>MOQ: 10000pcs<\/strong><\/li>\n<li><strong>Amostra: Oferta de amostra gr\u00e1tis<\/strong><\/li>\n<li><strong>Entrega: Dentro de 30 dias<\/strong><\/li>\n<\/ul>\n<p>Se quiser saber o pre\u00e7o da garrafa de vodca, clique aqui para entrar em contato conosco.<\/p>","protected":false},"featured_media":4311,"comment_status":"closed","ping_status":"closed","template":"","meta":[],"product_cat":[43,52],"class_list":{"0":"post-4310","1":"product","2":"type-product","3":"status-publish","4":"has-post-thumbnail","6":"product_cat-1000ml-liquor-bottle-manufacturer","7":"product_cat-vodka-bottle","9":"first","10":"instock","11":"shipping-taxable","12":"product-type-simple"},"yoast_head":"<!-- This site is optimized with the Yoast SEO plugin v22.0 - https:\/\/yoast.com\/wordpress\/plugins\/seo\/ -->\n<title>1000ml Frosted Vodka Bottle Manufacturers | Best Vodka Bottles Suppliers<\/title>\n<meta name=\"description\" content=\"Ruisheng, one of the best vodka bottles suppliers in China, provide 1000ml frosted vodka bottle wholesale in factory outlet price.\" \/>\n<meta name=\"robots\" content=\"index, follow, max-snippet:-1, max-image-preview:large, max-video-preview:-1\" \/>\n<link rel=\"canonical\" href=\"https:\/\/ruishengglassco.com\/pt\/produto\/rs040-700ml-750ml-1000ml-garrafa-de-vodka-fosca-atacado\" \/>\n<meta property=\"og:locale\" content=\"pt_BR\" \/>\n<meta property=\"og:type\" content=\"article\" \/>\n<meta property=\"og:title\" content=\"1000ml Frosted Vodka Bottle Manufacturers | Best Vodka Bottles Suppliers\" \/>\n<meta property=\"og:description\" content=\"Ruisheng, one of the best vodka bottles suppliers in China, provide 1000ml frosted vodka bottle wholesale in factory outlet price.\" \/>\n<meta property=\"og:url\" content=\"https:\/\/ruishengglassco.com\/pt\/produto\/rs040-700ml-750ml-1000ml-garrafa-de-vodka-fosca-atacado\" \/>\n<meta property=\"article:publisher\" content=\"https:\/\/www.facebook.com\/ruishengglassbottles\" \/>\n<meta property=\"article:modified_time\" content=\"2025-07-17T06:37:13+00:00\" \/>\n<meta property=\"og:image\" content=\"https:\/\/ruishengglassco.com\/wp-content\/uploads\/2025\/03\/RS040-700ml-750ml-1000ml-Frosted-Vodka-Bottle-Wholesale.webp\" \/>\n\t<meta property=\"og:image:width\" content=\"800\" \/>\n\t<meta property=\"og:image:height\" content=\"800\" \/>\n\t<meta property=\"og:image:type\" content=\"image\/webp\" \/>\n<meta name=\"twitter:card\" content=\"summary_large_image\" \/>\n<meta name=\"twitter:label1\" content=\"Est. tempo de leitura\" \/>\n\t<meta name=\"twitter:data1\" content=\"2 minutos\" \/>\n<script type=\"application\/ld+json\" class=\"yoast-schema-graph\">{\"@context\":\"https:\/\/schema.org\",\"@graph\":[{\"@type\":\"WebPage\",\"@id\":\"https:\/\/ruishengglassco.com\/product\/rs040-700ml-750ml-1000ml-frosted-vodka-bottle-wholesale\",\"url\":\"https:\/\/ruishengglassco.com\/product\/rs040-700ml-750ml-1000ml-frosted-vodka-bottle-wholesale\",\"name\":\"1000ml Frosted Vodka Bottle Manufacturers | Best Vodka Bottles Suppliers\",\"isPartOf\":{\"@id\":\"https:\/\/ruishengglassco.com\/#website\"},\"datePublished\":\"2025-03-15T04:32:49+00:00\",\"dateModified\":\"2025-07-17T06:37:13+00:00\",\"description\":\"Ruisheng, one of the best vodka bottles suppliers in China, provide 1000ml frosted vodka bottle wholesale in factory outlet price.\",\"breadcrumb\":{\"@id\":\"https:\/\/ruishengglassco.com\/product\/rs040-700ml-750ml-1000ml-frosted-vodka-bottle-wholesale#breadcrumb\"},\"inLanguage\":\"pt-BR\",\"potentialAction\":[{\"@type\":\"ReadAction\",\"target\":[\"https:\/\/ruishengglassco.com\/product\/rs040-700ml-750ml-1000ml-frosted-vodka-bottle-wholesale\"]}]},{\"@type\":\"BreadcrumbList\",\"@id\":\"https:\/\/ruishengglassco.com\/product\/rs040-700ml-750ml-1000ml-frosted-vodka-bottle-wholesale#breadcrumb\",\"itemListElement\":[{\"@type\":\"ListItem\",\"position\":1,\"name\":\"Home\",\"item\":\"https:\/\/ruishengglassco.com\/\"},{\"@type\":\"ListItem\",\"position\":2,\"name\":\"Products\",\"item\":\"https:\/\/ruishengglassco.com\/products\"},{\"@type\":\"ListItem\",\"position\":3,\"name\":\"RS040: 700ml 750ml 1000ml Frosted Vodka Bottle Manufacturers\"}]},{\"@type\":\"WebSite\",\"@id\":\"https:\/\/ruishengglassco.com\/#website\",\"url\":\"https:\/\/ruishengglassco.com\/\",\"name\":\"Ruisheng Glass\",\"description\":\"\",\"publisher\":{\"@id\":\"https:\/\/ruishengglassco.com\/#organization\"},\"potentialAction\":[{\"@type\":\"SearchAction\",\"target\":{\"@type\":\"EntryPoint\",\"urlTemplate\":\"https:\/\/ruishengglassco.com\/?s={search_term_string}\"},\"query-input\":\"required name=search_term_string\"}],\"inLanguage\":\"pt-BR\"},{\"@type\":\"Organization\",\"@id\":\"https:\/\/ruishengglassco.com\/#organization\",\"name\":\"Shandong Yuncheng Ruisheng Glass Co., Ltd\",\"url\":\"https:\/\/ruishengglassco.com\/\",\"logo\":{\"@type\":\"ImageObject\",\"inLanguage\":\"pt-BR\",\"@id\":\"https:\/\/ruishengglassco.com\/#\/schema\/logo\/image\/\",\"url\":\"https:\/\/ruishengglassco.com\/wp-content\/uploads\/2023\/09\/ruisheng_logo_icon.webp\",\"contentUrl\":\"https:\/\/ruishengglassco.com\/wp-content\/uploads\/2023\/09\/ruisheng_logo_icon.webp\",\"width\":400,\"height\":233,\"caption\":\"Shandong Yuncheng Ruisheng Glass Co., Ltd\"},\"image\":{\"@id\":\"https:\/\/ruishengglassco.com\/#\/schema\/logo\/image\/\"},\"sameAs\":[\"https:\/\/www.facebook.com\/ruishengglassbottles\",\"https:\/\/www.instagram.com\/Ruishengglassbottlewholesales\/\",\"https:\/\/www.youtube.com\/channel\/UCMmbMNGwsL-XrtjfSFLCdVQ\"]}]}<\/script>\n<!-- \/ Yoast SEO plugin. -->","yoast_head_json":{"title":"1000ml Frosted Vodka Bottle Manufacturers | Best Vodka Bottles Suppliers","description":"Ruisheng, one of the best vodka bottles suppliers in China, provide 1000ml frosted vodka bottle wholesale in factory outlet price.","robots":{"index":"index","follow":"follow","max-snippet":"max-snippet:-1","max-image-preview":"max-image-preview:large","max-video-preview":"max-video-preview:-1"},"canonical":"https:\/\/ruishengglassco.com\/pt\/produto\/rs040-700ml-750ml-1000ml-garrafa-de-vodka-fosca-atacado","og_locale":"pt_BR","og_type":"article","og_title":"1000ml Frosted Vodka Bottle Manufacturers | Best Vodka Bottles Suppliers","og_description":"Ruisheng, one of the best vodka bottles suppliers in China, provide 1000ml frosted vodka bottle wholesale in factory outlet price.","og_url":"https:\/\/ruishengglassco.com\/pt\/produto\/rs040-700ml-750ml-1000ml-garrafa-de-vodka-fosca-atacado","article_publisher":"https:\/\/www.facebook.com\/ruishengglassbottles","article_modified_time":"2025-07-17T06:37:13+00:00","og_image":[{"width":800,"height":800,"url":"https:\/\/ruishengglassco.com\/wp-content\/uploads\/2025\/03\/RS040-700ml-750ml-1000ml-Frosted-Vodka-Bottle-Wholesale.webp","type":"image\/webp"}],"twitter_card":"summary_large_image","twitter_misc":{"Est. tempo de leitura":"2 minutos"},"schema":{"@context":"https:\/\/schema.org","@graph":[{"@type":"WebPage","@id":"https:\/\/ruishengglassco.com\/product\/rs040-700ml-750ml-1000ml-frosted-vodka-bottle-wholesale","url":"https:\/\/ruishengglassco.com\/product\/rs040-700ml-750ml-1000ml-frosted-vodka-bottle-wholesale","name":"1000ml Frosted Vodka Bottle Manufacturers | Best Vodka Bottles Suppliers","isPartOf":{"@id":"https:\/\/ruishengglassco.com\/#website"},"datePublished":"2025-03-15T04:32:49+00:00","dateModified":"2025-07-17T06:37:13+00:00","description":"Ruisheng, one of the best vodka bottles suppliers in China, provide 1000ml frosted vodka bottle wholesale in factory outlet price.","breadcrumb":{"@id":"https:\/\/ruishengglassco.com\/product\/rs040-700ml-750ml-1000ml-frosted-vodka-bottle-wholesale#breadcrumb"},"inLanguage":"pt-BR","potentialAction":[{"@type":"ReadAction","target":["https:\/\/ruishengglassco.com\/product\/rs040-700ml-750ml-1000ml-frosted-vodka-bottle-wholesale"]}]},{"@type":"BreadcrumbList","@id":"https:\/\/ruishengglassco.com\/product\/rs040-700ml-750ml-1000ml-frosted-vodka-bottle-wholesale#breadcrumb","itemListElement":[{"@type":"ListItem","position":1,"name":"Home","item":"https:\/\/ruishengglassco.com\/"},{"@type":"ListItem","position":2,"name":"Products","item":"https:\/\/ruishengglassco.com\/products"},{"@type":"ListItem","position":3,"name":"RS040: 700ml 750ml 1000ml Frosted Vodka Bottle Manufacturers"}]},{"@type":"WebSite","@id":"https:\/\/ruishengglassco.com\/#website","url":"https:\/\/ruishengglassco.com\/","name":"Ruisheng Glass","description":"","publisher":{"@id":"https:\/\/ruishengglassco.com\/#organization"},"potentialAction":[{"@type":"SearchAction","target":{"@type":"EntryPoint","urlTemplate":"https:\/\/ruishengglassco.com\/?s={search_term_string}"},"query-input":"required name=search_term_string"}],"inLanguage":"pt-BR"},{"@type":"Organization","@id":"https:\/\/ruishengglassco.com\/#organization","name":"Shandong Yuncheng Ruisheng Glass Co., Ltd","url":"https:\/\/ruishengglassco.com\/","logo":{"@type":"ImageObject","inLanguage":"pt-BR","@id":"https:\/\/ruishengglassco.com\/#\/schema\/logo\/image\/","url":"https:\/\/ruishengglassco.com\/wp-content\/uploads\/2023\/09\/ruisheng_logo_icon.webp","contentUrl":"https:\/\/ruishengglassco.com\/wp-content\/uploads\/2023\/09\/ruisheng_logo_icon.webp","width":400,"height":233,"caption":"Shandong Yuncheng Ruisheng Glass Co., Ltd"},"image":{"@id":"https:\/\/ruishengglassco.com\/#\/schema\/logo\/image\/"},"sameAs":["https:\/\/www.facebook.com\/ruishengglassbottles","https:\/\/www.instagram.com\/Ruishengglassbottlewholesales\/","https:\/\/www.youtube.com\/channel\/UCMmbMNGwsL-XrtjfSFLCdVQ"]}]}},"_links":{"self":[{"href":"https:\/\/ruishengglassco.com\/pt\/wp-json\/wp\/v2\/product\/4310","targetHints":{"allow":["GET"]}}],"collection":[{"href":"https:\/\/ruishengglassco.com\/pt\/wp-json\/wp\/v2\/product"}],"about":[{"href":"https:\/\/ruishengglassco.com\/pt\/wp-json\/wp\/v2\/types\/product"}],"replies":[{"embeddable":true,"href":"https:\/\/ruishengglassco.com\/pt\/wp-json\/wp\/v2\/comments?post=4310"}],"wp:featuredmedia":[{"embeddable":true,"href":"https:\/\/ruishengglassco.com\/pt\/wp-json\/wp\/v2\/media\/4311"}],"wp:attachment":[{"href":"https:\/\/ruishengglassco.com\/pt\/wp-json\/wp\/v2\/media?parent=4310"}],"wp:term":[{"taxonomy":"product_cat","embeddable":true,"href":"https:\/\/ruishengglassco.com\/pt\/wp-json\/wp\/v2\/product_cat?post=4310"}],"curies":[{"name":"wp","href":"https:\/\/api.w.org\/{rel}","templated":true}]}}