{"id":4308,"date":"2025-03-15T12:30:18","date_gmt":"2025-03-15T04:30:18","guid":{"rendered":"https:\/\/ruishengglassco.com\/?post_type=product&#038;p=4308"},"modified":"2025-07-17T14:36:13","modified_gmt":"2025-07-17T06:36:13","slug":"rs041-garrafas-de-uisque-de-vidro-de-750-ml-e-700-ml-no-atacado","status":"publish","type":"product","link":"https:\/\/ruishengglassco.com\/pt\/produto\/rs041-garrafas-de-uisque-de-vidro-de-750-ml-e-700-ml-no-atacado","title":{"rendered":"RS041: F\u00e1brica de garrafas de u\u00edsque de vidro de 750 ml e 700 ml"},"content":{"rendered":"<h2>Detalhes sobre a garrafa de vidro para u\u00edsque<\/h2>\n<ul>\n<li>Item:Garrafa de u\u00edsque de vidro de 750 ml por atacado<\/li>\n<li>Capacidade: 250 ml 500 ml 700 ml 750 ml garrafa de vidro<\/li>\n<li>Material: Material de vidro Super Flint, material de vidro High Flint<\/li>\n<li>Tipo de veda\u00e7\u00e3o: Corti\u00e7a, tampa Guala, tampa de rosca<\/li>\n<li>Superf\u00edcie:      Frost, P\u00e9tala, Pintura, Hot Stamping, Relevo, Impress\u00e3o, Gloden, Serigrafia<\/li>\n<li>Amostra: Gr\u00e1tis usando nosso molde existente<\/li>\n<li>Prazo de entrega: 20 a 30 dias para produtos em massa<\/li>\n<li>Porto: Qingdao, China<\/li>\n<li>Pagamento: T\/T, Paypal, garantia comercial<\/li>\n<\/ul>\n<p>Nosso Whiskey Decanter \u00e9 feito de vidro transparente sem chumbo. Esse vidro cont\u00e9m cerca de 70% de areia e uma mistura de carbonato de s\u00f3dio, calc\u00e1rio e outros materiais naturais. A mistura exata depende das propriedades desejadas.  Uma propor\u00e7\u00e3o razo\u00e1vel de material e um processo de queima avan\u00e7ado tornam nossas garrafas de u\u00edsque vazias dur\u00e1veis e resistentes a danos. Al\u00e9m disso, nossas garrafas de vidro podem ser recicladas porque s\u00e3o feitas de material de vidro inofensivo.<\/p>\n<p>A Ruisheng \u00e9 uma fabricante profissional de garrafas de bebidas alco\u00f3licas com 20 anos de experi\u00eancia na produ\u00e7\u00e3o de garrafas de vidro para u\u00edsque. Nossas garrafas de u\u00edsque de vidro no atacado s\u00e3o exportadas para os Estados Unidos, Reino Unido, Fran\u00e7a, Canad\u00e1 e outros pa\u00edses. Muitas marcas famosas de u\u00edsque s\u00e3o nossos clientes fi\u00e9is. Esperamos sinceramente que nossa garrafa de vidro d\u00ea mais brilho \u00e0 sua marca de u\u00edsque.<\/p>","protected":false},"excerpt":{"rendered":"<p>A Ruisheng \u00e9 uma fabricante profissional de garrafas de vidro h\u00e1 cerca de 20 anos. Eles s\u00e3o especializados na produ\u00e7\u00e3o de garrafas de u\u00edsque de vidro no atacado. Estabelecemos uma oficina de produ\u00e7\u00e3o dedicada \u00e0 produ\u00e7\u00e3o de garrafas de vidro para u\u00edsque. A linda cor do u\u00edsque brilha atrav\u00e9s do vidro transparente. Isso funciona para qualquer tipo: Whisky escoc\u00eas, whisky irland\u00eas, whisky americano e whisky canadense.<\/p>\n<p>Como fabricante profissional de garrafas de u\u00edsque, nossa empresa oferece servi\u00e7os de garrafas de vidro personalizadas. Servi\u00e7o de OEM\/ODM oferecido. Se quiser obter um pre\u00e7o de garrafa de vidro no atacado, clique aqui para entrar em contato conosco.<\/p>","protected":false},"featured_media":4309,"comment_status":"closed","ping_status":"closed","template":"","meta":[],"product_cat":[15],"class_list":{"0":"post-4308","1":"product","2":"type-product","3":"status-publish","4":"has-post-thumbnail","6":"product_cat-glass-liquor-spirit-bottles","8":"first","9":"instock","10":"shipping-taxable","11":"product-type-simple"},"yoast_head":"<!-- This site is optimized with the Yoast SEO plugin v22.0 - https:\/\/yoast.com\/wordpress\/plugins\/seo\/ -->\n<title>Factory Glass Whiskey Bottle | Empty Glass Bottles Manufacturer<\/title>\n<meta name=\"description\" content=\"Factory Glass Whiskey Bottle From China Empty Glass Bottles Manufacturers. Factory Outlet Whiskey Decanters Bulk In Cheap Price.\" \/>\n<meta name=\"robots\" content=\"index, follow, max-snippet:-1, max-image-preview:large, max-video-preview:-1\" \/>\n<link rel=\"canonical\" href=\"https:\/\/ruishengglassco.com\/pt\/produto\/rs041-garrafas-de-uisque-de-vidro-de-750-ml-e-700-ml-no-atacado\" \/>\n<meta property=\"og:locale\" content=\"pt_BR\" \/>\n<meta property=\"og:type\" content=\"article\" \/>\n<meta property=\"og:title\" content=\"Factory Glass Whiskey Bottle | Empty Glass Bottles Manufacturer\" \/>\n<meta property=\"og:description\" content=\"Factory Glass Whiskey Bottle From China Empty Glass Bottles Manufacturers. Factory Outlet Whiskey Decanters Bulk In Cheap Price.\" \/>\n<meta property=\"og:url\" content=\"https:\/\/ruishengglassco.com\/pt\/produto\/rs041-garrafas-de-uisque-de-vidro-de-750-ml-e-700-ml-no-atacado\" \/>\n<meta property=\"article:publisher\" content=\"https:\/\/www.facebook.com\/ruishengglassbottles\" \/>\n<meta property=\"article:modified_time\" content=\"2025-07-17T06:36:13+00:00\" \/>\n<meta property=\"og:image\" content=\"https:\/\/ruishengglassco.com\/wp-content\/uploads\/2025\/03\/RS041-750ML-700ML-Glass-Whiskey-Bottles-Wholesale.webp\" \/>\n\t<meta property=\"og:image:width\" content=\"800\" \/>\n\t<meta property=\"og:image:height\" content=\"800\" \/>\n\t<meta property=\"og:image:type\" content=\"image\/webp\" \/>\n<meta name=\"twitter:card\" content=\"summary_large_image\" \/>\n<meta name=\"twitter:label1\" content=\"Est. tempo de leitura\" \/>\n\t<meta name=\"twitter:data1\" content=\"2 minutos\" \/>\n<script type=\"application\/ld+json\" class=\"yoast-schema-graph\">{\"@context\":\"https:\/\/schema.org\",\"@graph\":[{\"@type\":\"WebPage\",\"@id\":\"https:\/\/ruishengglassco.com\/product\/rs041-750ml-700ml-glass-whiskey-bottles-wholesale\",\"url\":\"https:\/\/ruishengglassco.com\/product\/rs041-750ml-700ml-glass-whiskey-bottles-wholesale\",\"name\":\"Factory Glass Whiskey Bottle | Empty Glass Bottles Manufacturer\",\"isPartOf\":{\"@id\":\"https:\/\/ruishengglassco.com\/#website\"},\"datePublished\":\"2025-03-15T04:30:18+00:00\",\"dateModified\":\"2025-07-17T06:36:13+00:00\",\"description\":\"Factory Glass Whiskey Bottle From China Empty Glass Bottles Manufacturers. Factory Outlet Whiskey Decanters Bulk In Cheap Price.\",\"breadcrumb\":{\"@id\":\"https:\/\/ruishengglassco.com\/product\/rs041-750ml-700ml-glass-whiskey-bottles-wholesale#breadcrumb\"},\"inLanguage\":\"pt-BR\",\"potentialAction\":[{\"@type\":\"ReadAction\",\"target\":[\"https:\/\/ruishengglassco.com\/product\/rs041-750ml-700ml-glass-whiskey-bottles-wholesale\"]}]},{\"@type\":\"BreadcrumbList\",\"@id\":\"https:\/\/ruishengglassco.com\/product\/rs041-750ml-700ml-glass-whiskey-bottles-wholesale#breadcrumb\",\"itemListElement\":[{\"@type\":\"ListItem\",\"position\":1,\"name\":\"Home\",\"item\":\"https:\/\/ruishengglassco.com\/\"},{\"@type\":\"ListItem\",\"position\":2,\"name\":\"Products\",\"item\":\"https:\/\/ruishengglassco.com\/products\"},{\"@type\":\"ListItem\",\"position\":3,\"name\":\"RS041: 750ML 700ML Glass Whiskey Bottles Factory\"}]},{\"@type\":\"WebSite\",\"@id\":\"https:\/\/ruishengglassco.com\/#website\",\"url\":\"https:\/\/ruishengglassco.com\/\",\"name\":\"Ruisheng Glass\",\"description\":\"\",\"publisher\":{\"@id\":\"https:\/\/ruishengglassco.com\/#organization\"},\"potentialAction\":[{\"@type\":\"SearchAction\",\"target\":{\"@type\":\"EntryPoint\",\"urlTemplate\":\"https:\/\/ruishengglassco.com\/?s={search_term_string}\"},\"query-input\":\"required name=search_term_string\"}],\"inLanguage\":\"pt-BR\"},{\"@type\":\"Organization\",\"@id\":\"https:\/\/ruishengglassco.com\/#organization\",\"name\":\"Shandong Yuncheng Ruisheng Glass Co., Ltd\",\"url\":\"https:\/\/ruishengglassco.com\/\",\"logo\":{\"@type\":\"ImageObject\",\"inLanguage\":\"pt-BR\",\"@id\":\"https:\/\/ruishengglassco.com\/#\/schema\/logo\/image\/\",\"url\":\"https:\/\/ruishengglassco.com\/wp-content\/uploads\/2023\/09\/ruisheng_logo_icon.webp\",\"contentUrl\":\"https:\/\/ruishengglassco.com\/wp-content\/uploads\/2023\/09\/ruisheng_logo_icon.webp\",\"width\":400,\"height\":233,\"caption\":\"Shandong Yuncheng Ruisheng Glass Co., Ltd\"},\"image\":{\"@id\":\"https:\/\/ruishengglassco.com\/#\/schema\/logo\/image\/\"},\"sameAs\":[\"https:\/\/www.facebook.com\/ruishengglassbottles\",\"https:\/\/www.instagram.com\/Ruishengglassbottlewholesales\/\",\"https:\/\/www.youtube.com\/channel\/UCMmbMNGwsL-XrtjfSFLCdVQ\"]}]}<\/script>\n<!-- \/ Yoast SEO plugin. -->","yoast_head_json":{"title":"Factory Glass Whiskey Bottle | Empty Glass Bottles Manufacturer","description":"Factory Glass Whiskey Bottle From China Empty Glass Bottles Manufacturers. Factory Outlet Whiskey Decanters Bulk In Cheap Price.","robots":{"index":"index","follow":"follow","max-snippet":"max-snippet:-1","max-image-preview":"max-image-preview:large","max-video-preview":"max-video-preview:-1"},"canonical":"https:\/\/ruishengglassco.com\/pt\/produto\/rs041-garrafas-de-uisque-de-vidro-de-750-ml-e-700-ml-no-atacado","og_locale":"pt_BR","og_type":"article","og_title":"Factory Glass Whiskey Bottle | Empty Glass Bottles Manufacturer","og_description":"Factory Glass Whiskey Bottle From China Empty Glass Bottles Manufacturers. Factory Outlet Whiskey Decanters Bulk In Cheap Price.","og_url":"https:\/\/ruishengglassco.com\/pt\/produto\/rs041-garrafas-de-uisque-de-vidro-de-750-ml-e-700-ml-no-atacado","article_publisher":"https:\/\/www.facebook.com\/ruishengglassbottles","article_modified_time":"2025-07-17T06:36:13+00:00","og_image":[{"width":800,"height":800,"url":"https:\/\/ruishengglassco.com\/wp-content\/uploads\/2025\/03\/RS041-750ML-700ML-Glass-Whiskey-Bottles-Wholesale.webp","type":"image\/webp"}],"twitter_card":"summary_large_image","twitter_misc":{"Est. tempo de leitura":"2 minutos"},"schema":{"@context":"https:\/\/schema.org","@graph":[{"@type":"WebPage","@id":"https:\/\/ruishengglassco.com\/product\/rs041-750ml-700ml-glass-whiskey-bottles-wholesale","url":"https:\/\/ruishengglassco.com\/product\/rs041-750ml-700ml-glass-whiskey-bottles-wholesale","name":"Factory Glass Whiskey Bottle | Empty Glass Bottles Manufacturer","isPartOf":{"@id":"https:\/\/ruishengglassco.com\/#website"},"datePublished":"2025-03-15T04:30:18+00:00","dateModified":"2025-07-17T06:36:13+00:00","description":"Factory Glass Whiskey Bottle From China Empty Glass Bottles Manufacturers. Factory Outlet Whiskey Decanters Bulk In Cheap Price.","breadcrumb":{"@id":"https:\/\/ruishengglassco.com\/product\/rs041-750ml-700ml-glass-whiskey-bottles-wholesale#breadcrumb"},"inLanguage":"pt-BR","potentialAction":[{"@type":"ReadAction","target":["https:\/\/ruishengglassco.com\/product\/rs041-750ml-700ml-glass-whiskey-bottles-wholesale"]}]},{"@type":"BreadcrumbList","@id":"https:\/\/ruishengglassco.com\/product\/rs041-750ml-700ml-glass-whiskey-bottles-wholesale#breadcrumb","itemListElement":[{"@type":"ListItem","position":1,"name":"Home","item":"https:\/\/ruishengglassco.com\/"},{"@type":"ListItem","position":2,"name":"Products","item":"https:\/\/ruishengglassco.com\/products"},{"@type":"ListItem","position":3,"name":"RS041: 750ML 700ML Glass Whiskey Bottles Factory"}]},{"@type":"WebSite","@id":"https:\/\/ruishengglassco.com\/#website","url":"https:\/\/ruishengglassco.com\/","name":"Ruisheng Glass","description":"","publisher":{"@id":"https:\/\/ruishengglassco.com\/#organization"},"potentialAction":[{"@type":"SearchAction","target":{"@type":"EntryPoint","urlTemplate":"https:\/\/ruishengglassco.com\/?s={search_term_string}"},"query-input":"required name=search_term_string"}],"inLanguage":"pt-BR"},{"@type":"Organization","@id":"https:\/\/ruishengglassco.com\/#organization","name":"Shandong Yuncheng Ruisheng Glass Co., Ltd","url":"https:\/\/ruishengglassco.com\/","logo":{"@type":"ImageObject","inLanguage":"pt-BR","@id":"https:\/\/ruishengglassco.com\/#\/schema\/logo\/image\/","url":"https:\/\/ruishengglassco.com\/wp-content\/uploads\/2023\/09\/ruisheng_logo_icon.webp","contentUrl":"https:\/\/ruishengglassco.com\/wp-content\/uploads\/2023\/09\/ruisheng_logo_icon.webp","width":400,"height":233,"caption":"Shandong Yuncheng Ruisheng Glass Co., Ltd"},"image":{"@id":"https:\/\/ruishengglassco.com\/#\/schema\/logo\/image\/"},"sameAs":["https:\/\/www.facebook.com\/ruishengglassbottles","https:\/\/www.instagram.com\/Ruishengglassbottlewholesales\/","https:\/\/www.youtube.com\/channel\/UCMmbMNGwsL-XrtjfSFLCdVQ"]}]}},"_links":{"self":[{"href":"https:\/\/ruishengglassco.com\/pt\/wp-json\/wp\/v2\/product\/4308","targetHints":{"allow":["GET"]}}],"collection":[{"href":"https:\/\/ruishengglassco.com\/pt\/wp-json\/wp\/v2\/product"}],"about":[{"href":"https:\/\/ruishengglassco.com\/pt\/wp-json\/wp\/v2\/types\/product"}],"replies":[{"embeddable":true,"href":"https:\/\/ruishengglassco.com\/pt\/wp-json\/wp\/v2\/comments?post=4308"}],"wp:featuredmedia":[{"embeddable":true,"href":"https:\/\/ruishengglassco.com\/pt\/wp-json\/wp\/v2\/media\/4309"}],"wp:attachment":[{"href":"https:\/\/ruishengglassco.com\/pt\/wp-json\/wp\/v2\/media?parent=4308"}],"wp:term":[{"taxonomy":"product_cat","embeddable":true,"href":"https:\/\/ruishengglassco.com\/pt\/wp-json\/wp\/v2\/product_cat?post=4308"}],"curies":[{"name":"wp","href":"https:\/\/api.w.org\/{rel}","templated":true}]}}