{"id":4306,"date":"2025-03-15T12:27:21","date_gmt":"2025-03-15T04:27:21","guid":{"rendered":"https:\/\/ruishengglassco.com\/?post_type=product&#038;p=4306"},"modified":"2025-09-11T16:25:17","modified_gmt":"2025-09-11T08:25:17","slug":"rs043%ef%bc%9awholesale-750ml-glass-liquor-bottles-manufacturer-china","status":"publish","type":"product","link":"https:\/\/ruishengglassco.com\/pt\/produto\/rs043%ef%bc%9awholesale-750ml-glass-liquor-bottles-manufacturer-china","title":{"rendered":"RS043\uff1aFrascos de vidro para bebidas alco\u00f3licas de 750 ml para venda no atacado Fabricante da China"},"content":{"rendered":"<p data-block-id=\"dc195c68-6a49-4a58-ac27-38182bd3d0ae\" data-pm-slice=\"1 1 []\">A Ruisheng, fabricante e fornecedora profissional de garrafas de vidro na China, oferece <em>Garrafas de vidro de 750 ml para bebidas alco\u00f3licas no atacado<\/em> em pre\u00e7o de f\u00e1brica para marcas de bebidas, empresas, fornecedores de garrafas de vidro, atacadistas, supermercados e etc.<\/p>\n<p data-block-id=\"02a02548-fbe8-4fac-b49e-b8fdb9643eec\">Nossa empresa \u00e9 boa nessas garrafas de vidro de alta qualidade, portanto, garantimos que podemos produzir a qualidade da garrafa de vidro.<\/p>\n<p data-block-id=\"9161c487-e211-4c50-a06c-1af3da93d786\">Se voc\u00ea gostar do design dessa garrafa de licor de 750 ml, mas n\u00e3o estiver satisfeito com sua capacidade, podemos alterar a capacidade.<\/p>\n<p data-block-id=\"214de74a-9f8a-4f93-b0dd-4206add0a236\">Oferecemos garrafas de vidro de 750 ml de alta qualidade com rolhas. Nossa sele\u00e7\u00e3o inclui garrafas de vodca, brandy, u\u00edsque e licor, bem como potes de geleia. Tamb\u00e9m podemos oferecer garrafas de vidro \u00e2mbar, garrafas verdes e garrafas de \u00e1gua. Nosso principal mercado \u00e9 a Europa, os EUA, a Austr\u00e1lia, a Am\u00e9rica, etc. E todos os produtos gozam de grande reputa\u00e7\u00e3o em termos de inova\u00e7\u00e3o e funcionalidade.<\/p>\n<p data-block-id=\"a1fbc01a-0e00-45ed-9b0c-0bbfd6a72174\">Selecionamos cuidadosamente os materiais para nossas garrafas de vidro de 750 ml. N\u00f3s os adquirimos em seus pa\u00edses de origem. Al\u00e9m disso, usamos m\u00e1quinas avan\u00e7adas para o processamento. A Ruisheng \u00e9 uma fabricante e fornecedora profissional de garrafas de vidro na China. Oferecemos garrafas de vidro para bebidas alco\u00f3licas de 750 ml a pre\u00e7os de f\u00e1brica. Nossos clientes incluem marcas de bebidas alco\u00f3licas, empresas, atacadistas e supermercados.<\/p>\n<h2>As informa\u00e7\u00f5es sobre garrafas de licor de vidro de 750 ml no atacado est\u00e3o abaixo:<\/h2>\n<ul>\n<li>Material principal: material branco cristalino, material extremamente branco<\/li>\n<li>Tampa: Corti\u00e7a<\/li>\n<li>Refer\u00eancia: RS043<\/li>\n<li>MOQ: 10000 PCS (26000pcs-30000pcs)<\/li>\n<li>Capacidade: 700 ml 750 ml<\/li>\n<li>Pcs\/Ctn: 24pcs<\/li>\n<li>Origem do local: Shandong, China<\/li>\n<li>Caracter\u00edstica: Ecologicamente correto<\/li>\n<\/ul>\n<p>Temos essa garrafa em estoque e voc\u00ea poder\u00e1 receb\u00ea-la em breve se fizer o pedido. Tamb\u00e9m podemos fixar seu logotipo nessa garrafa. Podemos fazer o processamento dessa garrafa, como impress\u00e3o, cobertura, pintura e outros. Organizaremos uma recep\u00e7\u00e3o para voc\u00ea.<\/p>\n<p>Essa garrafa de vidro exclusiva com tampas pode mudar sua boca, pode ser transformada em outra coisa.<\/p>\n<p>Podemos fazer isso se voc\u00ea quiser esculpir padr\u00f5es nele; podemos esculpir o padr\u00e3o que voc\u00ea quiser.<\/p>\n<p>Se estiver satisfeito com essas garrafas de vidro para bebidas alco\u00f3licas de 750 ml no atacado, entre em contato comigo a tempo. Se n\u00e3o gostar, pode dar uma olhada em nossas outras garrafas. Ou eu lhe darei o cat\u00e1logo, e voc\u00ea poder\u00e1 escolher o que quiser. Se estiver interessado nos pre\u00e7os de nossas garrafas de bebidas alco\u00f3licas, entre em contato conosco. Responderemos dentro de 24 horas.<\/p>","protected":false},"excerpt":{"rendered":"<p data-block-id=\"f2324dc5-f301-4029-9a52-4be82090bcb5\" data-pm-slice=\"1 3 []\">Essas garrafas de licor de vidro de 750 ml no atacado s\u00e3o um dos nossos produtos mais vendidos. Adota material de vidro extremamente branco, o que lhe dar\u00e1 um efeito visual claro e puro para mostrar a excelente qualidade do seu licor. Design de corpo de garrafa longo e redondo, adequado para todos os tipos de licor, como u\u00edsque, vodka, conhaque, etc.<\/p>\n<ul>\n<li>MOQ: 10000 PCS (26000pcs-30000pcs)<\/li>\n<li>Capacidade: 700 ml\/750 ml\/1000 ml<\/li>\n<li>Cor: Transparente<\/li>\n<li>Tampa: Tampas de metal<\/li>\n<li>Altura: 230 mm<\/li>\n<li>Peso: 650g<\/li>\n<li>Di\u00e2metro: 60 mm<\/li>\n<\/ul>\n<p>Se voc\u00ea quiser encomendar essas garrafas de vidro de 750 ml para bebidas alco\u00f3licas no atacado, deixe uma mensagem para n\u00f3s.<\/p>","protected":false},"featured_media":4307,"comment_status":"closed","ping_status":"closed","template":"","meta":[],"product_cat":[44,40,52],"class_list":{"0":"post-4306","1":"product","2":"type-product","3":"status-publish","4":"has-post-thumbnail","6":"product_cat-700ml-liquor-bottle-manufacturer","7":"product_cat-750ml-liquor-bottle-manufacturer","8":"product_cat-vodka-bottle","10":"first","11":"instock","12":"shipping-taxable","13":"product-type-simple"},"yoast_head":"<!-- This site is optimized with the Yoast SEO plugin v22.0 - https:\/\/yoast.com\/wordpress\/plugins\/seo\/ -->\n<title>750ml Glass Liquor Bottles Wholesale | Glass Bottle With Corks Suppliers<\/title>\n<meta name=\"description\" content=\"Buy 750ml Glass Liquor Bottles Wholesale All in Lowest Price From China Glass Bottle Manufacturers&amp;Suppliers. Free Sample&amp;5 Years Warranty.\" \/>\n<meta name=\"robots\" content=\"index, follow, max-snippet:-1, max-image-preview:large, max-video-preview:-1\" \/>\n<link rel=\"canonical\" href=\"https:\/\/ruishengglassco.com\/pt\/produto\/rs043\uff1awholesale-750ml-glass-liquor-bottles-manufacturer-china\" \/>\n<meta property=\"og:locale\" content=\"pt_BR\" \/>\n<meta property=\"og:type\" content=\"article\" \/>\n<meta property=\"og:title\" content=\"750ml Glass Liquor Bottles Wholesale | Glass Bottle With Corks Suppliers\" \/>\n<meta property=\"og:description\" content=\"Buy 750ml Glass Liquor Bottles Wholesale All in Lowest Price From China Glass Bottle Manufacturers&amp;Suppliers. Free Sample&amp;5 Years Warranty.\" \/>\n<meta property=\"og:url\" content=\"https:\/\/ruishengglassco.com\/pt\/produto\/rs043\uff1awholesale-750ml-glass-liquor-bottles-manufacturer-china\" \/>\n<meta property=\"article:publisher\" content=\"https:\/\/www.facebook.com\/ruishengglassbottles\" \/>\n<meta property=\"article:modified_time\" content=\"2025-09-11T08:25:17+00:00\" \/>\n<meta property=\"og:image\" content=\"https:\/\/ruishengglassco.com\/wp-content\/uploads\/2025\/03\/RS043\uff1aWholesale-750ml-Glass-Liquor-Bottles-Manufacturer-China.webp\" \/>\n\t<meta property=\"og:image:width\" content=\"800\" \/>\n\t<meta property=\"og:image:height\" content=\"800\" \/>\n\t<meta property=\"og:image:type\" content=\"image\/webp\" \/>\n<meta name=\"twitter:card\" content=\"summary_large_image\" \/>\n<meta name=\"twitter:label1\" content=\"Est. tempo de leitura\" \/>\n\t<meta name=\"twitter:data1\" content=\"2 minutos\" \/>\n<script type=\"application\/ld+json\" class=\"yoast-schema-graph\">{\"@context\":\"https:\/\/schema.org\",\"@graph\":[{\"@type\":\"WebPage\",\"@id\":\"https:\/\/ruishengglassco.com\/product\/rs043%ef%bc%9awholesale-750ml-glass-liquor-bottles-manufacturer-china\",\"url\":\"https:\/\/ruishengglassco.com\/product\/rs043%ef%bc%9awholesale-750ml-glass-liquor-bottles-manufacturer-china\",\"name\":\"750ml Glass Liquor Bottles Wholesale | Glass Bottle With Corks Suppliers\",\"isPartOf\":{\"@id\":\"https:\/\/ruishengglassco.com\/#website\"},\"datePublished\":\"2025-03-15T04:27:21+00:00\",\"dateModified\":\"2025-09-11T08:25:17+00:00\",\"description\":\"Buy 750ml Glass Liquor Bottles Wholesale All in Lowest Price From China Glass Bottle Manufacturers&Suppliers. Free Sample&5 Years Warranty.\",\"breadcrumb\":{\"@id\":\"https:\/\/ruishengglassco.com\/product\/rs043%ef%bc%9awholesale-750ml-glass-liquor-bottles-manufacturer-china#breadcrumb\"},\"inLanguage\":\"pt-BR\",\"potentialAction\":[{\"@type\":\"ReadAction\",\"target\":[\"https:\/\/ruishengglassco.com\/product\/rs043%ef%bc%9awholesale-750ml-glass-liquor-bottles-manufacturer-china\"]}]},{\"@type\":\"BreadcrumbList\",\"@id\":\"https:\/\/ruishengglassco.com\/product\/rs043%ef%bc%9awholesale-750ml-glass-liquor-bottles-manufacturer-china#breadcrumb\",\"itemListElement\":[{\"@type\":\"ListItem\",\"position\":1,\"name\":\"Home\",\"item\":\"https:\/\/ruishengglassco.com\/\"},{\"@type\":\"ListItem\",\"position\":2,\"name\":\"Products\",\"item\":\"https:\/\/ruishengglassco.com\/products\"},{\"@type\":\"ListItem\",\"position\":3,\"name\":\"RS043\uff1aWholesale 750ml Glass Liquor Bottles Manufacturer China\"}]},{\"@type\":\"WebSite\",\"@id\":\"https:\/\/ruishengglassco.com\/#website\",\"url\":\"https:\/\/ruishengglassco.com\/\",\"name\":\"Ruisheng Glass\",\"description\":\"\",\"publisher\":{\"@id\":\"https:\/\/ruishengglassco.com\/#organization\"},\"potentialAction\":[{\"@type\":\"SearchAction\",\"target\":{\"@type\":\"EntryPoint\",\"urlTemplate\":\"https:\/\/ruishengglassco.com\/?s={search_term_string}\"},\"query-input\":\"required name=search_term_string\"}],\"inLanguage\":\"pt-BR\"},{\"@type\":\"Organization\",\"@id\":\"https:\/\/ruishengglassco.com\/#organization\",\"name\":\"Shandong Yuncheng Ruisheng Glass Co., Ltd\",\"url\":\"https:\/\/ruishengglassco.com\/\",\"logo\":{\"@type\":\"ImageObject\",\"inLanguage\":\"pt-BR\",\"@id\":\"https:\/\/ruishengglassco.com\/#\/schema\/logo\/image\/\",\"url\":\"https:\/\/ruishengglassco.com\/wp-content\/uploads\/2023\/09\/ruisheng_logo_icon.webp\",\"contentUrl\":\"https:\/\/ruishengglassco.com\/wp-content\/uploads\/2023\/09\/ruisheng_logo_icon.webp\",\"width\":400,\"height\":233,\"caption\":\"Shandong Yuncheng Ruisheng Glass Co., Ltd\"},\"image\":{\"@id\":\"https:\/\/ruishengglassco.com\/#\/schema\/logo\/image\/\"},\"sameAs\":[\"https:\/\/www.facebook.com\/ruishengglassbottles\",\"https:\/\/www.instagram.com\/Ruishengglassbottlewholesales\/\",\"https:\/\/www.youtube.com\/channel\/UCMmbMNGwsL-XrtjfSFLCdVQ\"]}]}<\/script>\n<!-- \/ Yoast SEO plugin. -->","yoast_head_json":{"title":"750ml Glass Liquor Bottles Wholesale | Glass Bottle With Corks Suppliers","description":"Buy 750ml Glass Liquor Bottles Wholesale All in Lowest Price From China Glass Bottle Manufacturers&Suppliers. Free Sample&5 Years Warranty.","robots":{"index":"index","follow":"follow","max-snippet":"max-snippet:-1","max-image-preview":"max-image-preview:large","max-video-preview":"max-video-preview:-1"},"canonical":"https:\/\/ruishengglassco.com\/pt\/produto\/rs043\uff1awholesale-750ml-glass-liquor-bottles-manufacturer-china","og_locale":"pt_BR","og_type":"article","og_title":"750ml Glass Liquor Bottles Wholesale | Glass Bottle With Corks Suppliers","og_description":"Buy 750ml Glass Liquor Bottles Wholesale All in Lowest Price From China Glass Bottle Manufacturers&Suppliers. Free Sample&5 Years Warranty.","og_url":"https:\/\/ruishengglassco.com\/pt\/produto\/rs043\uff1awholesale-750ml-glass-liquor-bottles-manufacturer-china","article_publisher":"https:\/\/www.facebook.com\/ruishengglassbottles","article_modified_time":"2025-09-11T08:25:17+00:00","og_image":[{"width":800,"height":800,"url":"https:\/\/ruishengglassco.com\/wp-content\/uploads\/2025\/03\/RS043\uff1aWholesale-750ml-Glass-Liquor-Bottles-Manufacturer-China.webp","type":"image\/webp"}],"twitter_card":"summary_large_image","twitter_misc":{"Est. tempo de leitura":"2 minutos"},"schema":{"@context":"https:\/\/schema.org","@graph":[{"@type":"WebPage","@id":"https:\/\/ruishengglassco.com\/product\/rs043%ef%bc%9awholesale-750ml-glass-liquor-bottles-manufacturer-china","url":"https:\/\/ruishengglassco.com\/product\/rs043%ef%bc%9awholesale-750ml-glass-liquor-bottles-manufacturer-china","name":"750ml Glass Liquor Bottles Wholesale | Glass Bottle With Corks Suppliers","isPartOf":{"@id":"https:\/\/ruishengglassco.com\/#website"},"datePublished":"2025-03-15T04:27:21+00:00","dateModified":"2025-09-11T08:25:17+00:00","description":"Buy 750ml Glass Liquor Bottles Wholesale All in Lowest Price From China Glass Bottle Manufacturers&Suppliers. Free Sample&5 Years Warranty.","breadcrumb":{"@id":"https:\/\/ruishengglassco.com\/product\/rs043%ef%bc%9awholesale-750ml-glass-liquor-bottles-manufacturer-china#breadcrumb"},"inLanguage":"pt-BR","potentialAction":[{"@type":"ReadAction","target":["https:\/\/ruishengglassco.com\/product\/rs043%ef%bc%9awholesale-750ml-glass-liquor-bottles-manufacturer-china"]}]},{"@type":"BreadcrumbList","@id":"https:\/\/ruishengglassco.com\/product\/rs043%ef%bc%9awholesale-750ml-glass-liquor-bottles-manufacturer-china#breadcrumb","itemListElement":[{"@type":"ListItem","position":1,"name":"Home","item":"https:\/\/ruishengglassco.com\/"},{"@type":"ListItem","position":2,"name":"Products","item":"https:\/\/ruishengglassco.com\/products"},{"@type":"ListItem","position":3,"name":"RS043\uff1aWholesale 750ml Glass Liquor Bottles Manufacturer China"}]},{"@type":"WebSite","@id":"https:\/\/ruishengglassco.com\/#website","url":"https:\/\/ruishengglassco.com\/","name":"Ruisheng Glass","description":"","publisher":{"@id":"https:\/\/ruishengglassco.com\/#organization"},"potentialAction":[{"@type":"SearchAction","target":{"@type":"EntryPoint","urlTemplate":"https:\/\/ruishengglassco.com\/?s={search_term_string}"},"query-input":"required name=search_term_string"}],"inLanguage":"pt-BR"},{"@type":"Organization","@id":"https:\/\/ruishengglassco.com\/#organization","name":"Shandong Yuncheng Ruisheng Glass Co., Ltd","url":"https:\/\/ruishengglassco.com\/","logo":{"@type":"ImageObject","inLanguage":"pt-BR","@id":"https:\/\/ruishengglassco.com\/#\/schema\/logo\/image\/","url":"https:\/\/ruishengglassco.com\/wp-content\/uploads\/2023\/09\/ruisheng_logo_icon.webp","contentUrl":"https:\/\/ruishengglassco.com\/wp-content\/uploads\/2023\/09\/ruisheng_logo_icon.webp","width":400,"height":233,"caption":"Shandong Yuncheng Ruisheng Glass Co., Ltd"},"image":{"@id":"https:\/\/ruishengglassco.com\/#\/schema\/logo\/image\/"},"sameAs":["https:\/\/www.facebook.com\/ruishengglassbottles","https:\/\/www.instagram.com\/Ruishengglassbottlewholesales\/","https:\/\/www.youtube.com\/channel\/UCMmbMNGwsL-XrtjfSFLCdVQ"]}]}},"_links":{"self":[{"href":"https:\/\/ruishengglassco.com\/pt\/wp-json\/wp\/v2\/product\/4306","targetHints":{"allow":["GET"]}}],"collection":[{"href":"https:\/\/ruishengglassco.com\/pt\/wp-json\/wp\/v2\/product"}],"about":[{"href":"https:\/\/ruishengglassco.com\/pt\/wp-json\/wp\/v2\/types\/product"}],"replies":[{"embeddable":true,"href":"https:\/\/ruishengglassco.com\/pt\/wp-json\/wp\/v2\/comments?post=4306"}],"wp:featuredmedia":[{"embeddable":true,"href":"https:\/\/ruishengglassco.com\/pt\/wp-json\/wp\/v2\/media\/4307"}],"wp:attachment":[{"href":"https:\/\/ruishengglassco.com\/pt\/wp-json\/wp\/v2\/media?parent=4306"}],"wp:term":[{"taxonomy":"product_cat","embeddable":true,"href":"https:\/\/ruishengglassco.com\/pt\/wp-json\/wp\/v2\/product_cat?post=4306"}],"curies":[{"name":"wp","href":"https:\/\/api.w.org\/{rel}","templated":true}]}}