{"id":4304,"date":"2025-03-15T12:19:29","date_gmt":"2025-03-15T04:19:29","guid":{"rendered":"https:\/\/ruishengglassco.com\/?post_type=product&#038;p=4304"},"modified":"2025-07-17T14:32:07","modified_gmt":"2025-07-17T06:32:07","slug":"rs044-garrafas-de-vidro-a-granel-de-70cl-para-brandy","status":"publish","type":"product","link":"https:\/\/ruishengglassco.com\/pt\/produto\/rs044-garrafas-de-vidro-a-granel-de-70cl-para-brandy","title":{"rendered":"RS044: Garrafas de vidro a granel de 70cl para brandy"},"content":{"rendered":"<p>Uma garrafa de licor vazia e transparente projetada para embalar conhaque. Adotamos o material de vidro de cristal extremamente branco, o que torna nosso decantador de conhaque mais transparente, dur\u00e1vel e dif\u00edcil de quebrar. A apar\u00eancia atraente com design em forma de arco na parte inferior chamar\u00e1 a aten\u00e7\u00e3o do cliente pela primeira vez. A garrafa de conhaque vazia com a tampa de metal manter\u00e1 o recipiente longe do oxig\u00eanio.<\/p>\n<h2>Detalhes sobre o pre\u00e7o da garrafa de conhaque vazia<\/h2>\n<ul>\n<li>Refer\u00eancia: RS044<\/li>\n<li>Capacidade: 70cl<\/li>\n<li>Material principal: material branco cristalino, material extremamente branco<\/li>\n<li>Tampa: Tampa de coroa\/corti\u00e7a<\/li>\n<li>MOQ: 10000 PCS<\/li>\n<li>Pcs\/Ctn: 24pcs<\/li>\n<li>Origem do local: Shandong, China<\/li>\n<li>Caracter\u00edstica: Ecologicamente correto<\/li>\n<li>Pre\u00e7o: Obter cota\u00e7\u00e3o<\/li>\n<\/ul>\n<p>Voc\u00ea pode us\u00e1-la como garrafa de brandy, u\u00edsque, vodca, gim ou tequila. Somos um fabricante profissional de garrafas para bebidas alco\u00f3licas na China, oferecendo servi\u00e7os de garrafas de vidro personalizadas. Oferecemos centenas de moldes de vidro para sua escolha. Se voc\u00ea n\u00e3o estiver satisfeito com esses moldes, podemos projet\u00e1-los para atender \u00e0s suas necessidades espec\u00edficas. Voc\u00ea pode solicitar o tamanho, a cor, o padr\u00e3o, o logotipo, o m\u00e9todo de processamento, a embalagem etc. da garrafa de vidro. Faremos o poss\u00edvel para realizar seus desejos.<\/p>\n<p>Nossa empresa se destaca na produ\u00e7\u00e3o de garrafas de vidro de alta qualidade, garantindo a entrega consistente de produtos excepcionais. A produ\u00e7\u00e3o de garrafas de vidro vazias de 700 ml para venda foi rigorosamente selecionada a partir de materiais. Trazemos materiais do pa\u00eds de origem e usamos m\u00e1quinas avan\u00e7adas para processar e fabricar as garrafas de vidro.<\/p>\n<p>Se estiver satisfeito com essas garrafas de conhaque vazias, entre em contato comigo em tempo h\u00e1bil. Se n\u00e3o gostar, pode dar uma olhada em nossas outras garrafas. Ou eu lhe darei o cat\u00e1logo e voc\u00ea poder\u00e1 escolher o que quiser. Se estiver interessado no pre\u00e7o da garrafa de conhaque vazia, entre em contato conosco. Responderemos dentro de 24 horas.<\/p>","protected":false},"excerpt":{"rendered":"<p>Voc\u00ea est\u00e1 procurando o pre\u00e7o de f\u00e1brica da garrafa de conhaque vazia de 70cl? A Ruisheng \u00e9 uma das principais fabricantes chinesas de garrafas de licor com mais de 10 anos de experi\u00eancia. Somos especializados na fabrica\u00e7\u00e3o de garrafas de brandy para marcas, empresas, atacadistas de garrafas de vidro e distribuidores. Essa garrafa de conhaque vazia para atacado foi especialmente projetada para embalagens de conhaque de alto n\u00edvel. As informa\u00e7\u00f5es sobre o pedido s\u00e3o mostradas abaixo:<\/p>\n<ul>\n<li><strong><em>MOQ: 10000 PCS (aproximadamente 11000pcs)<\/em><\/strong><\/li>\n<li>Capacidade: 700 ml\/750 ml\/1000 ml<\/li>\n<li>Cor: Transparente<\/li>\n<li>Peso: 640g<\/li>\n<li>Altura: 211 mm<\/li>\n<li>Di\u00e2metro: 60 mm<\/li>\n<li>Servi\u00e7o de OEM\/ODM oferecido<\/li>\n<\/ul>\n<p>Se voc\u00ea estiver interessado no <em>Pre\u00e7o da garrafa de conhaque vazia<\/em>Clique aqui para entrar em contato conosco.<\/p>","protected":false},"featured_media":4305,"comment_status":"closed","ping_status":"closed","template":"","meta":[],"product_cat":[44,40,58],"class_list":{"0":"post-4304","1":"product","2":"type-product","3":"status-publish","4":"has-post-thumbnail","6":"product_cat-700ml-liquor-bottle-manufacturer","7":"product_cat-750ml-liquor-bottle-manufacturer","8":"product_cat-brandy-bottle","10":"first","11":"instock","12":"shipping-taxable","13":"product-type-simple"},"yoast_head":"<!-- This site is optimized with the Yoast SEO plugin v22.0 - https:\/\/yoast.com\/wordpress\/plugins\/seo\/ -->\n<title>Empty Brandy Bottle Price | China Liquor Bottle Manufacturers<\/title>\n<meta name=\"description\" content=\"Ruisheng, a professional China liquor bottle manufacturer, provide empty brandy bottle price for brands, companies, and wholesalers. Get Quote Here.\" \/>\n<meta name=\"robots\" content=\"index, follow, max-snippet:-1, max-image-preview:large, max-video-preview:-1\" \/>\n<link rel=\"canonical\" href=\"https:\/\/ruishengglassco.com\/pt\/produto\/rs044-garrafas-de-vidro-a-granel-de-70cl-para-brandy\" \/>\n<meta property=\"og:locale\" content=\"pt_BR\" \/>\n<meta property=\"og:type\" content=\"article\" \/>\n<meta property=\"og:title\" content=\"Empty Brandy Bottle Price | China Liquor Bottle Manufacturers\" \/>\n<meta property=\"og:description\" content=\"Ruisheng, a professional China liquor bottle manufacturer, provide empty brandy bottle price for brands, companies, and wholesalers. Get Quote Here.\" \/>\n<meta property=\"og:url\" content=\"https:\/\/ruishengglassco.com\/pt\/produto\/rs044-garrafas-de-vidro-a-granel-de-70cl-para-brandy\" \/>\n<meta property=\"article:publisher\" content=\"https:\/\/www.facebook.com\/ruishengglassbottles\" \/>\n<meta property=\"article:modified_time\" content=\"2025-07-17T06:32:07+00:00\" \/>\n<meta property=\"og:image\" content=\"https:\/\/ruishengglassco.com\/wp-content\/uploads\/2025\/03\/RS044-70cl-Bulk-Glass-Bottles-For-Brandy.webp\" \/>\n\t<meta property=\"og:image:width\" content=\"800\" \/>\n\t<meta property=\"og:image:height\" content=\"800\" \/>\n\t<meta property=\"og:image:type\" content=\"image\/webp\" \/>\n<meta name=\"twitter:card\" content=\"summary_large_image\" \/>\n<meta name=\"twitter:label1\" content=\"Est. tempo de leitura\" \/>\n\t<meta name=\"twitter:data1\" content=\"2 minutos\" \/>\n<script type=\"application\/ld+json\" class=\"yoast-schema-graph\">{\"@context\":\"https:\/\/schema.org\",\"@graph\":[{\"@type\":\"WebPage\",\"@id\":\"https:\/\/ruishengglassco.com\/product\/rs044-70cl-bulk-glass-bottles-for-brandy\",\"url\":\"https:\/\/ruishengglassco.com\/product\/rs044-70cl-bulk-glass-bottles-for-brandy\",\"name\":\"Empty Brandy Bottle Price | China Liquor Bottle Manufacturers\",\"isPartOf\":{\"@id\":\"https:\/\/ruishengglassco.com\/#website\"},\"datePublished\":\"2025-03-15T04:19:29+00:00\",\"dateModified\":\"2025-07-17T06:32:07+00:00\",\"description\":\"Ruisheng, a professional China liquor bottle manufacturer, provide empty brandy bottle price for brands, companies, and wholesalers. Get Quote Here.\",\"breadcrumb\":{\"@id\":\"https:\/\/ruishengglassco.com\/product\/rs044-70cl-bulk-glass-bottles-for-brandy#breadcrumb\"},\"inLanguage\":\"pt-BR\",\"potentialAction\":[{\"@type\":\"ReadAction\",\"target\":[\"https:\/\/ruishengglassco.com\/product\/rs044-70cl-bulk-glass-bottles-for-brandy\"]}]},{\"@type\":\"BreadcrumbList\",\"@id\":\"https:\/\/ruishengglassco.com\/product\/rs044-70cl-bulk-glass-bottles-for-brandy#breadcrumb\",\"itemListElement\":[{\"@type\":\"ListItem\",\"position\":1,\"name\":\"Home\",\"item\":\"https:\/\/ruishengglassco.com\/\"},{\"@type\":\"ListItem\",\"position\":2,\"name\":\"Products\",\"item\":\"https:\/\/ruishengglassco.com\/products\"},{\"@type\":\"ListItem\",\"position\":3,\"name\":\"RS044: 70cl Bulk Glass Bottles For Brandy\"}]},{\"@type\":\"WebSite\",\"@id\":\"https:\/\/ruishengglassco.com\/#website\",\"url\":\"https:\/\/ruishengglassco.com\/\",\"name\":\"Ruisheng Glass\",\"description\":\"\",\"publisher\":{\"@id\":\"https:\/\/ruishengglassco.com\/#organization\"},\"potentialAction\":[{\"@type\":\"SearchAction\",\"target\":{\"@type\":\"EntryPoint\",\"urlTemplate\":\"https:\/\/ruishengglassco.com\/?s={search_term_string}\"},\"query-input\":\"required name=search_term_string\"}],\"inLanguage\":\"pt-BR\"},{\"@type\":\"Organization\",\"@id\":\"https:\/\/ruishengglassco.com\/#organization\",\"name\":\"Shandong Yuncheng Ruisheng Glass Co., Ltd\",\"url\":\"https:\/\/ruishengglassco.com\/\",\"logo\":{\"@type\":\"ImageObject\",\"inLanguage\":\"pt-BR\",\"@id\":\"https:\/\/ruishengglassco.com\/#\/schema\/logo\/image\/\",\"url\":\"https:\/\/ruishengglassco.com\/wp-content\/uploads\/2023\/09\/ruisheng_logo_icon.webp\",\"contentUrl\":\"https:\/\/ruishengglassco.com\/wp-content\/uploads\/2023\/09\/ruisheng_logo_icon.webp\",\"width\":400,\"height\":233,\"caption\":\"Shandong Yuncheng Ruisheng Glass Co., Ltd\"},\"image\":{\"@id\":\"https:\/\/ruishengglassco.com\/#\/schema\/logo\/image\/\"},\"sameAs\":[\"https:\/\/www.facebook.com\/ruishengglassbottles\",\"https:\/\/www.instagram.com\/Ruishengglassbottlewholesales\/\",\"https:\/\/www.youtube.com\/channel\/UCMmbMNGwsL-XrtjfSFLCdVQ\"]}]}<\/script>\n<!-- \/ Yoast SEO plugin. -->","yoast_head_json":{"title":"Empty Brandy Bottle Price | China Liquor Bottle Manufacturers","description":"Ruisheng, a professional China liquor bottle manufacturer, provide empty brandy bottle price for brands, companies, and wholesalers. Get Quote Here.","robots":{"index":"index","follow":"follow","max-snippet":"max-snippet:-1","max-image-preview":"max-image-preview:large","max-video-preview":"max-video-preview:-1"},"canonical":"https:\/\/ruishengglassco.com\/pt\/produto\/rs044-garrafas-de-vidro-a-granel-de-70cl-para-brandy","og_locale":"pt_BR","og_type":"article","og_title":"Empty Brandy Bottle Price | China Liquor Bottle Manufacturers","og_description":"Ruisheng, a professional China liquor bottle manufacturer, provide empty brandy bottle price for brands, companies, and wholesalers. Get Quote Here.","og_url":"https:\/\/ruishengglassco.com\/pt\/produto\/rs044-garrafas-de-vidro-a-granel-de-70cl-para-brandy","article_publisher":"https:\/\/www.facebook.com\/ruishengglassbottles","article_modified_time":"2025-07-17T06:32:07+00:00","og_image":[{"width":800,"height":800,"url":"https:\/\/ruishengglassco.com\/wp-content\/uploads\/2025\/03\/RS044-70cl-Bulk-Glass-Bottles-For-Brandy.webp","type":"image\/webp"}],"twitter_card":"summary_large_image","twitter_misc":{"Est. tempo de leitura":"2 minutos"},"schema":{"@context":"https:\/\/schema.org","@graph":[{"@type":"WebPage","@id":"https:\/\/ruishengglassco.com\/product\/rs044-70cl-bulk-glass-bottles-for-brandy","url":"https:\/\/ruishengglassco.com\/product\/rs044-70cl-bulk-glass-bottles-for-brandy","name":"Empty Brandy Bottle Price | China Liquor Bottle Manufacturers","isPartOf":{"@id":"https:\/\/ruishengglassco.com\/#website"},"datePublished":"2025-03-15T04:19:29+00:00","dateModified":"2025-07-17T06:32:07+00:00","description":"Ruisheng, a professional China liquor bottle manufacturer, provide empty brandy bottle price for brands, companies, and wholesalers. Get Quote Here.","breadcrumb":{"@id":"https:\/\/ruishengglassco.com\/product\/rs044-70cl-bulk-glass-bottles-for-brandy#breadcrumb"},"inLanguage":"pt-BR","potentialAction":[{"@type":"ReadAction","target":["https:\/\/ruishengglassco.com\/product\/rs044-70cl-bulk-glass-bottles-for-brandy"]}]},{"@type":"BreadcrumbList","@id":"https:\/\/ruishengglassco.com\/product\/rs044-70cl-bulk-glass-bottles-for-brandy#breadcrumb","itemListElement":[{"@type":"ListItem","position":1,"name":"Home","item":"https:\/\/ruishengglassco.com\/"},{"@type":"ListItem","position":2,"name":"Products","item":"https:\/\/ruishengglassco.com\/products"},{"@type":"ListItem","position":3,"name":"RS044: 70cl Bulk Glass Bottles For Brandy"}]},{"@type":"WebSite","@id":"https:\/\/ruishengglassco.com\/#website","url":"https:\/\/ruishengglassco.com\/","name":"Ruisheng Glass","description":"","publisher":{"@id":"https:\/\/ruishengglassco.com\/#organization"},"potentialAction":[{"@type":"SearchAction","target":{"@type":"EntryPoint","urlTemplate":"https:\/\/ruishengglassco.com\/?s={search_term_string}"},"query-input":"required name=search_term_string"}],"inLanguage":"pt-BR"},{"@type":"Organization","@id":"https:\/\/ruishengglassco.com\/#organization","name":"Shandong Yuncheng Ruisheng Glass Co., Ltd","url":"https:\/\/ruishengglassco.com\/","logo":{"@type":"ImageObject","inLanguage":"pt-BR","@id":"https:\/\/ruishengglassco.com\/#\/schema\/logo\/image\/","url":"https:\/\/ruishengglassco.com\/wp-content\/uploads\/2023\/09\/ruisheng_logo_icon.webp","contentUrl":"https:\/\/ruishengglassco.com\/wp-content\/uploads\/2023\/09\/ruisheng_logo_icon.webp","width":400,"height":233,"caption":"Shandong Yuncheng Ruisheng Glass Co., Ltd"},"image":{"@id":"https:\/\/ruishengglassco.com\/#\/schema\/logo\/image\/"},"sameAs":["https:\/\/www.facebook.com\/ruishengglassbottles","https:\/\/www.instagram.com\/Ruishengglassbottlewholesales\/","https:\/\/www.youtube.com\/channel\/UCMmbMNGwsL-XrtjfSFLCdVQ"]}]}},"_links":{"self":[{"href":"https:\/\/ruishengglassco.com\/pt\/wp-json\/wp\/v2\/product\/4304","targetHints":{"allow":["GET"]}}],"collection":[{"href":"https:\/\/ruishengglassco.com\/pt\/wp-json\/wp\/v2\/product"}],"about":[{"href":"https:\/\/ruishengglassco.com\/pt\/wp-json\/wp\/v2\/types\/product"}],"replies":[{"embeddable":true,"href":"https:\/\/ruishengglassco.com\/pt\/wp-json\/wp\/v2\/comments?post=4304"}],"wp:featuredmedia":[{"embeddable":true,"href":"https:\/\/ruishengglassco.com\/pt\/wp-json\/wp\/v2\/media\/4305"}],"wp:attachment":[{"href":"https:\/\/ruishengglassco.com\/pt\/wp-json\/wp\/v2\/media?parent=4304"}],"wp:term":[{"taxonomy":"product_cat","embeddable":true,"href":"https:\/\/ruishengglassco.com\/pt\/wp-json\/wp\/v2\/product_cat?post=4304"}],"curies":[{"name":"wp","href":"https:\/\/api.w.org\/{rel}","templated":true}]}}