{"id":4300,"date":"2025-03-15T12:13:21","date_gmt":"2025-03-15T04:13:21","guid":{"rendered":"https:\/\/ruishengglassco.com\/?post_type=product&#038;p=4300"},"modified":"2025-09-11T16:14:45","modified_gmt":"2025-09-11T08:14:45","slug":"rs046-500-ml-700-ml-750-ml-fabricantes-de-garrafas-de-vidro-sofisticadas","status":"publish","type":"product","link":"https:\/\/ruishengglassco.com\/pt\/produto\/rs046-500-ml-700-ml-750-ml-fabricantes-de-garrafas-de-vidro-sofisticadas","title":{"rendered":"RS046: Fabricantes de garrafas de vidro de fantasia de 500 ml, 700 ml e 750 ml"},"content":{"rendered":"<p><span data-preserver-spaces=\"true\">O <\/span><strong><span data-preserver-spaces=\"true\">atacado de garrafas de vidro sofisticadas <\/span><\/strong><span data-preserver-spaces=\"true\">\u00e9 um <\/span><span data-preserver-spaces=\"true\">importante<\/span><span data-preserver-spaces=\"true\"> projeto na Ruisheng. A Ruisheng, um dos principais fabricantes de garrafas de vidro com rolha, oferece uma ampla gama de op\u00e7\u00f5es de atacado. Voc\u00ea pode encontrar garrafas redondas Boston, garrafas quadradas e designs com formatos personalizados. Eles tamb\u00e9m <\/span><span data-preserver-spaces=\"true\">oferta<\/span><span data-preserver-spaces=\"true\"> garrafas especiais com rolha para destilados como u\u00edsque, brandy, rum e vodca.<\/span><\/p>\n<p><span data-preserver-spaces=\"true\">Fa\u00e7a um artesanato ou envie mercadorias para os clientes selecionando uma garrafa de vidro menor ou uma garrafa de vidro maior no atacado. Tamanhos <\/span><span data-preserver-spaces=\"true\">s\u00e3o<\/span><span data-preserver-spaces=\"true\"> dispon\u00edveis de 50 ml a 1500 ml. <\/span><span data-preserver-spaces=\"true\">Pedidos personalizados podem ser aceitos<\/span><span data-preserver-spaces=\"true\">. A maioria das garrafas de vidro \u00e0 venda <\/span><span data-preserver-spaces=\"true\">s\u00e3o feitas<\/span><span data-preserver-spaces=\"true\"> de material de vidro de alta qualidade, o que torna o corpo do <\/span><span data-preserver-spaces=\"true\">o <\/span><span data-preserver-spaces=\"true\">garrafa de licor mais forte e mais bonita. <\/span><span data-preserver-spaces=\"true\">Garantimos que todas as garrafas de vidro transparente com tampa n\u00e3o s\u00e3o t\u00f3xicas, s\u00e3o 100% recicl\u00e1veis, reutiliz\u00e1veis e <\/span><span data-preserver-spaces=\"true\">seguro para o meio ambiente<\/span><span data-preserver-spaces=\"true\">.<\/span><\/p>\n<p><span data-preserver-spaces=\"true\">Essas garrafas de vidro com diamante de 500 ml apresentam um design sofisticado. Tamb\u00e9m podemos personaliz\u00e1-las com base em seus desenhos. Basta nos informar o que voc\u00ea precisa!<\/span><\/p>\n<h2>As informa\u00e7\u00f5es sobre as garrafas de vidro de diamante de 500 ml da Fancy Design est\u00e3o abaixo:<\/h2>\n<ul>\n<li>Material principal: vidro super flint<\/li>\n<li>Tampa: corti\u00e7a<\/li>\n<li>Refer\u00eancia: RS046<\/li>\n<li>MOQ: 10000 PCS<\/li>\n<li>Capacidade: 500 ml<\/li>\n<li>Pcs\/Ctn: 24pcs<\/li>\n<li>Origem do local: Shandong, China<\/li>\n<li>Caracter\u00edstica: Ecologicamente correto<\/li>\n<\/ul>\n<p>A Ruisheng tem um hist\u00f3rico de produ\u00e7\u00e3o de garrafas de vidro de 500 ml. Nossa equipe \u00e9 experiente e estamos confiantes de que podemos atender \u00e0s suas necessidades. As garrafas de vidro transparente da Ruisheng foram bem recebidas na Europa, nos EUA, na Austr\u00e1lia e em outras regi\u00f5es. E todos os produtos gozam de grande reputa\u00e7\u00e3o em termos de inova\u00e7\u00e3o e funcionalidade.<\/p>\n<p>A Ruisheng Glass Bottle agora ampliou um novo local, introduziu m\u00e1quinas avan\u00e7adas e nossa velocidade de produ\u00e7\u00e3o \u00e9 muito maior do que antes. Portanto, faremos boas garrafas na data estabelecida e entregaremos as mercadorias a voc\u00ea.<\/p>\n<p>Se estiver satisfeito com essa garrafa de vidro transparente, informe-me imediatamente. Se n\u00e3o gostar dela, poder\u00e1 dar uma olhada em nossas outras garrafas. Ou eu lhe darei o cat\u00e1logo e voc\u00ea poder\u00e1 escolher o que quiser. Se estiver interessado em nossas garrafas herm\u00e9ticas de \u00e1lcool, entre em contato conosco. Responderemos dentro de 24 horas.<\/p>","protected":false},"excerpt":{"rendered":"<p>A Ruisheng \u00e9 uma fabricante profissional de garrafas de vidro com mais de 10 anos de experi\u00eancia. Oferecemos garrafas de vidro sofisticadas a pre\u00e7os de atacado para marcas de bebidas, empresas, fornecedores e atacadistas. Nosso ponto de venda na f\u00e1brica oferece pre\u00e7os baratos para garrafas de vidro a granel. Essas garrafas de vidro de diamante de 500 ml tamb\u00e9m podem ser personalizadas de acordo com os desenhos que voc\u00ea fornecer; podemos fazer qualquer garrafa que voc\u00ea quiser.<\/p>\n<p>Entre em contato conosco para obter um pre\u00e7o de garrafa de licor de diamante.<\/p>","protected":false},"featured_media":4301,"comment_status":"closed","ping_status":"closed","template":"","meta":[],"product_cat":[41,44,40,57,46],"class_list":{"0":"post-4300","1":"product","2":"type-product","3":"status-publish","4":"has-post-thumbnail","6":"product_cat-500ml-liquor-bottle-manufacturer","7":"product_cat-700ml-liquor-bottle-manufacturer","8":"product_cat-750ml-liquor-bottle-manufacturer","9":"product_cat-rum-bottle","10":"product_cat-tequila-bottle","12":"first","13":"instock","14":"shipping-taxable","15":"product-type-simple"},"yoast_head":"<!-- This site is optimized with the Yoast SEO plugin v22.0 - https:\/\/yoast.com\/wordpress\/plugins\/seo\/ -->\n<title>750ml Fancy Glass Bottle Manufacturers | Diamond Liquor Bottle Suppliers<\/title>\n<meta name=\"description\" content=\"Ruisheng, one of the largest China glass liquor bottle supplirs&amp;factory, sales 750ml fancy glass bottle wholesale in bulk price.\" \/>\n<meta name=\"robots\" content=\"index, follow, max-snippet:-1, max-image-preview:large, max-video-preview:-1\" \/>\n<link rel=\"canonical\" href=\"https:\/\/ruishengglassco.com\/pt\/produto\/rs046-500-ml-700-ml-750-ml-fabricantes-de-garrafas-de-vidro-sofisticadas\" \/>\n<meta property=\"og:locale\" content=\"pt_BR\" \/>\n<meta property=\"og:type\" content=\"article\" \/>\n<meta property=\"og:title\" content=\"750ml Fancy Glass Bottle Manufacturers | Diamond Liquor Bottle Suppliers\" \/>\n<meta property=\"og:description\" content=\"Ruisheng, one of the largest China glass liquor bottle supplirs&amp;factory, sales 750ml fancy glass bottle wholesale in bulk price.\" \/>\n<meta property=\"og:url\" content=\"https:\/\/ruishengglassco.com\/pt\/produto\/rs046-500-ml-700-ml-750-ml-fabricantes-de-garrafas-de-vidro-sofisticadas\" \/>\n<meta property=\"article:publisher\" content=\"https:\/\/www.facebook.com\/ruishengglassbottles\" \/>\n<meta property=\"article:modified_time\" content=\"2025-09-11T08:14:45+00:00\" \/>\n<meta property=\"og:image\" content=\"https:\/\/ruishengglassco.com\/wp-content\/uploads\/2025\/03\/RS046-500ml-700ml-750ml-Fancy-Glass-Bottles-Wholesale.webp\" \/>\n\t<meta property=\"og:image:width\" content=\"602\" \/>\n\t<meta property=\"og:image:height\" content=\"608\" \/>\n\t<meta property=\"og:image:type\" content=\"image\/webp\" \/>\n<meta name=\"twitter:card\" content=\"summary_large_image\" \/>\n<meta name=\"twitter:label1\" content=\"Est. tempo de leitura\" \/>\n\t<meta name=\"twitter:data1\" content=\"2 minutos\" \/>\n<script type=\"application\/ld+json\" class=\"yoast-schema-graph\">{\"@context\":\"https:\/\/schema.org\",\"@graph\":[{\"@type\":\"WebPage\",\"@id\":\"https:\/\/ruishengglassco.com\/product\/rs046-500ml-700ml-750ml-fancy-glass-bottles-manufacturers\",\"url\":\"https:\/\/ruishengglassco.com\/product\/rs046-500ml-700ml-750ml-fancy-glass-bottles-manufacturers\",\"name\":\"750ml Fancy Glass Bottle Manufacturers | Diamond Liquor Bottle Suppliers\",\"isPartOf\":{\"@id\":\"https:\/\/ruishengglassco.com\/#website\"},\"datePublished\":\"2025-03-15T04:13:21+00:00\",\"dateModified\":\"2025-09-11T08:14:45+00:00\",\"description\":\"Ruisheng, one of the largest China glass liquor bottle supplirs&factory, sales 750ml fancy glass bottle wholesale in bulk price.\",\"breadcrumb\":{\"@id\":\"https:\/\/ruishengglassco.com\/product\/rs046-500ml-700ml-750ml-fancy-glass-bottles-manufacturers#breadcrumb\"},\"inLanguage\":\"pt-BR\",\"potentialAction\":[{\"@type\":\"ReadAction\",\"target\":[\"https:\/\/ruishengglassco.com\/product\/rs046-500ml-700ml-750ml-fancy-glass-bottles-manufacturers\"]}]},{\"@type\":\"BreadcrumbList\",\"@id\":\"https:\/\/ruishengglassco.com\/product\/rs046-500ml-700ml-750ml-fancy-glass-bottles-manufacturers#breadcrumb\",\"itemListElement\":[{\"@type\":\"ListItem\",\"position\":1,\"name\":\"Home\",\"item\":\"https:\/\/ruishengglassco.com\/\"},{\"@type\":\"ListItem\",\"position\":2,\"name\":\"Products\",\"item\":\"https:\/\/ruishengglassco.com\/products\"},{\"@type\":\"ListItem\",\"position\":3,\"name\":\"RS046: 500ml 700ml 750ml Fancy Glass Bottles Manufacturers\"}]},{\"@type\":\"WebSite\",\"@id\":\"https:\/\/ruishengglassco.com\/#website\",\"url\":\"https:\/\/ruishengglassco.com\/\",\"name\":\"Ruisheng Glass\",\"description\":\"\",\"publisher\":{\"@id\":\"https:\/\/ruishengglassco.com\/#organization\"},\"potentialAction\":[{\"@type\":\"SearchAction\",\"target\":{\"@type\":\"EntryPoint\",\"urlTemplate\":\"https:\/\/ruishengglassco.com\/?s={search_term_string}\"},\"query-input\":\"required name=search_term_string\"}],\"inLanguage\":\"pt-BR\"},{\"@type\":\"Organization\",\"@id\":\"https:\/\/ruishengglassco.com\/#organization\",\"name\":\"Shandong Yuncheng Ruisheng Glass Co., Ltd\",\"url\":\"https:\/\/ruishengglassco.com\/\",\"logo\":{\"@type\":\"ImageObject\",\"inLanguage\":\"pt-BR\",\"@id\":\"https:\/\/ruishengglassco.com\/#\/schema\/logo\/image\/\",\"url\":\"https:\/\/ruishengglassco.com\/wp-content\/uploads\/2023\/09\/ruisheng_logo_icon.webp\",\"contentUrl\":\"https:\/\/ruishengglassco.com\/wp-content\/uploads\/2023\/09\/ruisheng_logo_icon.webp\",\"width\":400,\"height\":233,\"caption\":\"Shandong Yuncheng Ruisheng Glass Co., Ltd\"},\"image\":{\"@id\":\"https:\/\/ruishengglassco.com\/#\/schema\/logo\/image\/\"},\"sameAs\":[\"https:\/\/www.facebook.com\/ruishengglassbottles\",\"https:\/\/www.instagram.com\/Ruishengglassbottlewholesales\/\",\"https:\/\/www.youtube.com\/channel\/UCMmbMNGwsL-XrtjfSFLCdVQ\"]}]}<\/script>\n<!-- \/ Yoast SEO plugin. -->","yoast_head_json":{"title":"750ml Fancy Glass Bottle Manufacturers | Diamond Liquor Bottle Suppliers","description":"Ruisheng, one of the largest China glass liquor bottle supplirs&factory, sales 750ml fancy glass bottle wholesale in bulk price.","robots":{"index":"index","follow":"follow","max-snippet":"max-snippet:-1","max-image-preview":"max-image-preview:large","max-video-preview":"max-video-preview:-1"},"canonical":"https:\/\/ruishengglassco.com\/pt\/produto\/rs046-500-ml-700-ml-750-ml-fabricantes-de-garrafas-de-vidro-sofisticadas","og_locale":"pt_BR","og_type":"article","og_title":"750ml Fancy Glass Bottle Manufacturers | Diamond Liquor Bottle Suppliers","og_description":"Ruisheng, one of the largest China glass liquor bottle supplirs&factory, sales 750ml fancy glass bottle wholesale in bulk price.","og_url":"https:\/\/ruishengglassco.com\/pt\/produto\/rs046-500-ml-700-ml-750-ml-fabricantes-de-garrafas-de-vidro-sofisticadas","article_publisher":"https:\/\/www.facebook.com\/ruishengglassbottles","article_modified_time":"2025-09-11T08:14:45+00:00","og_image":[{"width":602,"height":608,"url":"https:\/\/ruishengglassco.com\/wp-content\/uploads\/2025\/03\/RS046-500ml-700ml-750ml-Fancy-Glass-Bottles-Wholesale.webp","type":"image\/webp"}],"twitter_card":"summary_large_image","twitter_misc":{"Est. tempo de leitura":"2 minutos"},"schema":{"@context":"https:\/\/schema.org","@graph":[{"@type":"WebPage","@id":"https:\/\/ruishengglassco.com\/product\/rs046-500ml-700ml-750ml-fancy-glass-bottles-manufacturers","url":"https:\/\/ruishengglassco.com\/product\/rs046-500ml-700ml-750ml-fancy-glass-bottles-manufacturers","name":"750ml Fancy Glass Bottle Manufacturers | Diamond Liquor Bottle Suppliers","isPartOf":{"@id":"https:\/\/ruishengglassco.com\/#website"},"datePublished":"2025-03-15T04:13:21+00:00","dateModified":"2025-09-11T08:14:45+00:00","description":"Ruisheng, one of the largest China glass liquor bottle supplirs&factory, sales 750ml fancy glass bottle wholesale in bulk price.","breadcrumb":{"@id":"https:\/\/ruishengglassco.com\/product\/rs046-500ml-700ml-750ml-fancy-glass-bottles-manufacturers#breadcrumb"},"inLanguage":"pt-BR","potentialAction":[{"@type":"ReadAction","target":["https:\/\/ruishengglassco.com\/product\/rs046-500ml-700ml-750ml-fancy-glass-bottles-manufacturers"]}]},{"@type":"BreadcrumbList","@id":"https:\/\/ruishengglassco.com\/product\/rs046-500ml-700ml-750ml-fancy-glass-bottles-manufacturers#breadcrumb","itemListElement":[{"@type":"ListItem","position":1,"name":"Home","item":"https:\/\/ruishengglassco.com\/"},{"@type":"ListItem","position":2,"name":"Products","item":"https:\/\/ruishengglassco.com\/products"},{"@type":"ListItem","position":3,"name":"RS046: 500ml 700ml 750ml Fancy Glass Bottles Manufacturers"}]},{"@type":"WebSite","@id":"https:\/\/ruishengglassco.com\/#website","url":"https:\/\/ruishengglassco.com\/","name":"Ruisheng Glass","description":"","publisher":{"@id":"https:\/\/ruishengglassco.com\/#organization"},"potentialAction":[{"@type":"SearchAction","target":{"@type":"EntryPoint","urlTemplate":"https:\/\/ruishengglassco.com\/?s={search_term_string}"},"query-input":"required name=search_term_string"}],"inLanguage":"pt-BR"},{"@type":"Organization","@id":"https:\/\/ruishengglassco.com\/#organization","name":"Shandong Yuncheng Ruisheng Glass Co., Ltd","url":"https:\/\/ruishengglassco.com\/","logo":{"@type":"ImageObject","inLanguage":"pt-BR","@id":"https:\/\/ruishengglassco.com\/#\/schema\/logo\/image\/","url":"https:\/\/ruishengglassco.com\/wp-content\/uploads\/2023\/09\/ruisheng_logo_icon.webp","contentUrl":"https:\/\/ruishengglassco.com\/wp-content\/uploads\/2023\/09\/ruisheng_logo_icon.webp","width":400,"height":233,"caption":"Shandong Yuncheng Ruisheng Glass Co., Ltd"},"image":{"@id":"https:\/\/ruishengglassco.com\/#\/schema\/logo\/image\/"},"sameAs":["https:\/\/www.facebook.com\/ruishengglassbottles","https:\/\/www.instagram.com\/Ruishengglassbottlewholesales\/","https:\/\/www.youtube.com\/channel\/UCMmbMNGwsL-XrtjfSFLCdVQ"]}]}},"_links":{"self":[{"href":"https:\/\/ruishengglassco.com\/pt\/wp-json\/wp\/v2\/product\/4300","targetHints":{"allow":["GET"]}}],"collection":[{"href":"https:\/\/ruishengglassco.com\/pt\/wp-json\/wp\/v2\/product"}],"about":[{"href":"https:\/\/ruishengglassco.com\/pt\/wp-json\/wp\/v2\/types\/product"}],"replies":[{"embeddable":true,"href":"https:\/\/ruishengglassco.com\/pt\/wp-json\/wp\/v2\/comments?post=4300"}],"wp:featuredmedia":[{"embeddable":true,"href":"https:\/\/ruishengglassco.com\/pt\/wp-json\/wp\/v2\/media\/4301"}],"wp:attachment":[{"href":"https:\/\/ruishengglassco.com\/pt\/wp-json\/wp\/v2\/media?parent=4300"}],"wp:term":[{"taxonomy":"product_cat","embeddable":true,"href":"https:\/\/ruishengglassco.com\/pt\/wp-json\/wp\/v2\/product_cat?post=4300"}],"curies":[{"name":"wp","href":"https:\/\/api.w.org\/{rel}","templated":true}]}}