{"id":4298,"date":"2025-03-15T12:08:58","date_gmt":"2025-03-15T04:08:58","guid":{"rendered":"https:\/\/ruishengglassco.com\/?post_type=product&#038;p=4298"},"modified":"2025-07-17T14:29:28","modified_gmt":"2025-07-17T06:29:28","slug":"rs047-garrafas-planas-de-500-ml-para-rum-no-atacado","status":"publish","type":"product","link":"https:\/\/ruishengglassco.com\/pt\/produto\/rs047-garrafas-planas-de-500-ml-para-rum-no-atacado","title":{"rendered":"RS047: Garrafas planas de 500 ml para rum"},"content":{"rendered":"<p>Essas garrafas de vidro plano de 500 ml s\u00e3o adquiridas no atacado da Shandong Yuncheng Ruisheng Glass Co., Ltd. A Ruisheng \u00e9 uma das maiores produtoras de garrafas de vidro de alto brilho da China. Ela oferece n\u00e3o apenas garrafas de vidro transparente de alta qualidade, mas tamb\u00e9m garrafas de vidro transparente de qualidade m\u00e9dia e garrafas de vidro verde.<\/p>\n<p>Essa garrafa de vidro plana \u00e9 comum. Essas garrafas de vidro de 500 ml s\u00e3o adequadas para armazenar vinho, vodca, u\u00edsque, rum, gim e outros l\u00edquidos. Essas garrafas de vidro podem ser vendidas para muitos pa\u00edses e regi\u00f5es, incluindo Europa, EUA, Austr\u00e1lia e outros.<\/p>\n<p>Essas garrafas de vidro transparentes e planas s\u00e3o feitas de vidro super flint. Esse material para garrafas de vidro \u00e9 o material de mais alta qualidade para garrafas de vidro. Esse material \u00e9 feito de uma garrafa de vidro que \u00e9 muito clara, lisa e dur\u00e1vel.<\/p>\n<p>Podemos fabricar essas garrafas de vidro plano transparente em v\u00e1rios tamanhos, se voc\u00ea precisar delas. Por exemplo, 375 ml, 500 ml, 700 ml, 750 ml, 1000 ml e outros. Atualmente, nossas garrafas de vidro existentes s\u00e3o de 500 ml. Se voc\u00ea precisar, podemos fazer um novo molde para fabricar as garrafas de vidro.<\/p>\n<h2>Detalhes sobre a f\u00e1brica de garrafas de vidro plano de 500 ml para rum<\/h2>\n<ul>\n<li>Marca: Ruisheng(RS)<\/li>\n<li>Capacidade: 500 ml\/750 ml\/personalizado<\/li>\n<li>Cor: claro\/transparente<\/li>\n<li>Rolhas: Corti\u00e7aFormato da garrafa: quadrado<\/li>\n<li>Peso: 700G<\/li>\n<li>Altura: 230MM\u00b12MM<\/li>\n<li>Di\u00e2metro: 90MM\u00b12MM<\/li>\n<li><strong>MOQ:<\/strong> 1\u00d740HQ (cerca de 30000 unidades de garrafas de 500 ml)<\/li>\n<\/ul>\n<p>Nossas garrafas de vidro com esse formato s\u00e3o de 500 ml com tampa de corti\u00e7a, e essas garrafas de vidro podem mudar o acabamento da tampa para tampa de rosca. Isso est\u00e1 de acordo com as demandas do cliente.<\/p>\n<p>Se quiser comprar garrafas de vidro flint transparente de 500 ml ou comprar garrafas de vidro no atacado, entre em contato conosco por e-mail ou telefone. Responderemos o mais breve poss\u00edvel.<\/p>","protected":false},"excerpt":{"rendered":"<p>Essas garrafas de vidro plano de 500 ml s\u00e3o feitas de vidro super flint. Esse material para garrafas de vidro \u00e9 o material de mais alta qualidade para garrafas de vidro. O uso desse material na fabrica\u00e7\u00e3o de garrafas de vidro \u00e9 muito claro, suave e dur\u00e1vel.<\/p>","protected":false},"featured_media":4299,"comment_status":"closed","ping_status":"closed","template":"","meta":[],"product_cat":[41,50,57],"class_list":{"0":"post-4298","1":"product","2":"type-product","3":"status-publish","4":"has-post-thumbnail","6":"product_cat-500ml-liquor-bottle-manufacturer","7":"product_cat-gin-bottle","8":"product_cat-rum-bottle","10":"first","11":"instock","12":"shipping-taxable","13":"product-type-simple"},"yoast_head":"<!-- This site is optimized with the Yoast SEO plugin v22.0 - https:\/\/yoast.com\/wordpress\/plugins\/seo\/ -->\n<title>500ml Flat Glass Bottles Manufacturers | Bulk Old Rum Bottle With Cork<\/title>\n<meta name=\"description\" content=\"Ruidheng, China Best Liquor Bottle Manufacturers, Provide 500ml Flat Glass Bottles Wholesale For Rum. Welcome To Bulk Old Rum Bottle With Cork Factory Price.\" \/>\n<meta name=\"robots\" content=\"index, follow, max-snippet:-1, max-image-preview:large, max-video-preview:-1\" \/>\n<link rel=\"canonical\" href=\"https:\/\/ruishengglassco.com\/pt\/produto\/rs047-garrafas-planas-de-500-ml-para-rum-no-atacado\" \/>\n<meta property=\"og:locale\" content=\"pt_BR\" \/>\n<meta property=\"og:type\" content=\"article\" \/>\n<meta property=\"og:title\" content=\"500ml Flat Glass Bottles Manufacturers | Bulk Old Rum Bottle With Cork\" \/>\n<meta property=\"og:description\" content=\"Ruidheng, China Best Liquor Bottle Manufacturers, Provide 500ml Flat Glass Bottles Wholesale For Rum. Welcome To Bulk Old Rum Bottle With Cork Factory Price.\" \/>\n<meta property=\"og:url\" content=\"https:\/\/ruishengglassco.com\/pt\/produto\/rs047-garrafas-planas-de-500-ml-para-rum-no-atacado\" \/>\n<meta property=\"article:publisher\" content=\"https:\/\/www.facebook.com\/ruishengglassbottles\" \/>\n<meta property=\"article:modified_time\" content=\"2025-07-17T06:29:28+00:00\" \/>\n<meta property=\"og:image\" content=\"https:\/\/ruishengglassco.com\/wp-content\/uploads\/2025\/03\/RS047-Flat-500-ml-Bottles-Wholesale-For-Rum.webp\" \/>\n\t<meta property=\"og:image:width\" content=\"800\" \/>\n\t<meta property=\"og:image:height\" content=\"800\" \/>\n\t<meta property=\"og:image:type\" content=\"image\/webp\" \/>\n<meta name=\"twitter:card\" content=\"summary_large_image\" \/>\n<meta name=\"twitter:label1\" content=\"Est. tempo de leitura\" \/>\n\t<meta name=\"twitter:data1\" content=\"2 minutos\" \/>\n<script type=\"application\/ld+json\" class=\"yoast-schema-graph\">{\"@context\":\"https:\/\/schema.org\",\"@graph\":[{\"@type\":\"WebPage\",\"@id\":\"https:\/\/ruishengglassco.com\/product\/rs047-flat-500-ml-bottles-manufacturers-for-rum\",\"url\":\"https:\/\/ruishengglassco.com\/product\/rs047-flat-500-ml-bottles-manufacturers-for-rum\",\"name\":\"500ml Flat Glass Bottles Manufacturers | Bulk Old Rum Bottle With Cork\",\"isPartOf\":{\"@id\":\"https:\/\/ruishengglassco.com\/#website\"},\"datePublished\":\"2025-03-15T04:08:58+00:00\",\"dateModified\":\"2025-07-17T06:29:28+00:00\",\"description\":\"Ruidheng, China Best Liquor Bottle Manufacturers, Provide 500ml Flat Glass Bottles Wholesale For Rum. Welcome To Bulk Old Rum Bottle With Cork Factory Price.\",\"breadcrumb\":{\"@id\":\"https:\/\/ruishengglassco.com\/product\/rs047-flat-500-ml-bottles-manufacturers-for-rum#breadcrumb\"},\"inLanguage\":\"pt-BR\",\"potentialAction\":[{\"@type\":\"ReadAction\",\"target\":[\"https:\/\/ruishengglassco.com\/product\/rs047-flat-500-ml-bottles-manufacturers-for-rum\"]}]},{\"@type\":\"BreadcrumbList\",\"@id\":\"https:\/\/ruishengglassco.com\/product\/rs047-flat-500-ml-bottles-manufacturers-for-rum#breadcrumb\",\"itemListElement\":[{\"@type\":\"ListItem\",\"position\":1,\"name\":\"Home\",\"item\":\"https:\/\/ruishengglassco.com\/\"},{\"@type\":\"ListItem\",\"position\":2,\"name\":\"Products\",\"item\":\"https:\/\/ruishengglassco.com\/products\"},{\"@type\":\"ListItem\",\"position\":3,\"name\":\"RS047: Flat 500 ml Bottles For Rum\"}]},{\"@type\":\"WebSite\",\"@id\":\"https:\/\/ruishengglassco.com\/#website\",\"url\":\"https:\/\/ruishengglassco.com\/\",\"name\":\"Ruisheng Glass\",\"description\":\"\",\"publisher\":{\"@id\":\"https:\/\/ruishengglassco.com\/#organization\"},\"potentialAction\":[{\"@type\":\"SearchAction\",\"target\":{\"@type\":\"EntryPoint\",\"urlTemplate\":\"https:\/\/ruishengglassco.com\/?s={search_term_string}\"},\"query-input\":\"required name=search_term_string\"}],\"inLanguage\":\"pt-BR\"},{\"@type\":\"Organization\",\"@id\":\"https:\/\/ruishengglassco.com\/#organization\",\"name\":\"Shandong Yuncheng Ruisheng Glass Co., Ltd\",\"url\":\"https:\/\/ruishengglassco.com\/\",\"logo\":{\"@type\":\"ImageObject\",\"inLanguage\":\"pt-BR\",\"@id\":\"https:\/\/ruishengglassco.com\/#\/schema\/logo\/image\/\",\"url\":\"https:\/\/ruishengglassco.com\/wp-content\/uploads\/2023\/09\/ruisheng_logo_icon.webp\",\"contentUrl\":\"https:\/\/ruishengglassco.com\/wp-content\/uploads\/2023\/09\/ruisheng_logo_icon.webp\",\"width\":400,\"height\":233,\"caption\":\"Shandong Yuncheng Ruisheng Glass Co., Ltd\"},\"image\":{\"@id\":\"https:\/\/ruishengglassco.com\/#\/schema\/logo\/image\/\"},\"sameAs\":[\"https:\/\/www.facebook.com\/ruishengglassbottles\",\"https:\/\/www.instagram.com\/Ruishengglassbottlewholesales\/\",\"https:\/\/www.youtube.com\/channel\/UCMmbMNGwsL-XrtjfSFLCdVQ\"]}]}<\/script>\n<!-- \/ Yoast SEO plugin. -->","yoast_head_json":{"title":"500ml Flat Glass Bottles Manufacturers | Bulk Old Rum Bottle With Cork","description":"Ruidheng, China Best Liquor Bottle Manufacturers, Provide 500ml Flat Glass Bottles Wholesale For Rum. Welcome To Bulk Old Rum Bottle With Cork Factory Price.","robots":{"index":"index","follow":"follow","max-snippet":"max-snippet:-1","max-image-preview":"max-image-preview:large","max-video-preview":"max-video-preview:-1"},"canonical":"https:\/\/ruishengglassco.com\/pt\/produto\/rs047-garrafas-planas-de-500-ml-para-rum-no-atacado","og_locale":"pt_BR","og_type":"article","og_title":"500ml Flat Glass Bottles Manufacturers | Bulk Old Rum Bottle With Cork","og_description":"Ruidheng, China Best Liquor Bottle Manufacturers, Provide 500ml Flat Glass Bottles Wholesale For Rum. Welcome To Bulk Old Rum Bottle With Cork Factory Price.","og_url":"https:\/\/ruishengglassco.com\/pt\/produto\/rs047-garrafas-planas-de-500-ml-para-rum-no-atacado","article_publisher":"https:\/\/www.facebook.com\/ruishengglassbottles","article_modified_time":"2025-07-17T06:29:28+00:00","og_image":[{"width":800,"height":800,"url":"https:\/\/ruishengglassco.com\/wp-content\/uploads\/2025\/03\/RS047-Flat-500-ml-Bottles-Wholesale-For-Rum.webp","type":"image\/webp"}],"twitter_card":"summary_large_image","twitter_misc":{"Est. tempo de leitura":"2 minutos"},"schema":{"@context":"https:\/\/schema.org","@graph":[{"@type":"WebPage","@id":"https:\/\/ruishengglassco.com\/product\/rs047-flat-500-ml-bottles-manufacturers-for-rum","url":"https:\/\/ruishengglassco.com\/product\/rs047-flat-500-ml-bottles-manufacturers-for-rum","name":"500ml Flat Glass Bottles Manufacturers | Bulk Old Rum Bottle With Cork","isPartOf":{"@id":"https:\/\/ruishengglassco.com\/#website"},"datePublished":"2025-03-15T04:08:58+00:00","dateModified":"2025-07-17T06:29:28+00:00","description":"Ruidheng, China Best Liquor Bottle Manufacturers, Provide 500ml Flat Glass Bottles Wholesale For Rum. Welcome To Bulk Old Rum Bottle With Cork Factory Price.","breadcrumb":{"@id":"https:\/\/ruishengglassco.com\/product\/rs047-flat-500-ml-bottles-manufacturers-for-rum#breadcrumb"},"inLanguage":"pt-BR","potentialAction":[{"@type":"ReadAction","target":["https:\/\/ruishengglassco.com\/product\/rs047-flat-500-ml-bottles-manufacturers-for-rum"]}]},{"@type":"BreadcrumbList","@id":"https:\/\/ruishengglassco.com\/product\/rs047-flat-500-ml-bottles-manufacturers-for-rum#breadcrumb","itemListElement":[{"@type":"ListItem","position":1,"name":"Home","item":"https:\/\/ruishengglassco.com\/"},{"@type":"ListItem","position":2,"name":"Products","item":"https:\/\/ruishengglassco.com\/products"},{"@type":"ListItem","position":3,"name":"RS047: Flat 500 ml Bottles For Rum"}]},{"@type":"WebSite","@id":"https:\/\/ruishengglassco.com\/#website","url":"https:\/\/ruishengglassco.com\/","name":"Ruisheng Glass","description":"","publisher":{"@id":"https:\/\/ruishengglassco.com\/#organization"},"potentialAction":[{"@type":"SearchAction","target":{"@type":"EntryPoint","urlTemplate":"https:\/\/ruishengglassco.com\/?s={search_term_string}"},"query-input":"required name=search_term_string"}],"inLanguage":"pt-BR"},{"@type":"Organization","@id":"https:\/\/ruishengglassco.com\/#organization","name":"Shandong Yuncheng Ruisheng Glass Co., Ltd","url":"https:\/\/ruishengglassco.com\/","logo":{"@type":"ImageObject","inLanguage":"pt-BR","@id":"https:\/\/ruishengglassco.com\/#\/schema\/logo\/image\/","url":"https:\/\/ruishengglassco.com\/wp-content\/uploads\/2023\/09\/ruisheng_logo_icon.webp","contentUrl":"https:\/\/ruishengglassco.com\/wp-content\/uploads\/2023\/09\/ruisheng_logo_icon.webp","width":400,"height":233,"caption":"Shandong Yuncheng Ruisheng Glass Co., Ltd"},"image":{"@id":"https:\/\/ruishengglassco.com\/#\/schema\/logo\/image\/"},"sameAs":["https:\/\/www.facebook.com\/ruishengglassbottles","https:\/\/www.instagram.com\/Ruishengglassbottlewholesales\/","https:\/\/www.youtube.com\/channel\/UCMmbMNGwsL-XrtjfSFLCdVQ"]}]}},"_links":{"self":[{"href":"https:\/\/ruishengglassco.com\/pt\/wp-json\/wp\/v2\/product\/4298","targetHints":{"allow":["GET"]}}],"collection":[{"href":"https:\/\/ruishengglassco.com\/pt\/wp-json\/wp\/v2\/product"}],"about":[{"href":"https:\/\/ruishengglassco.com\/pt\/wp-json\/wp\/v2\/types\/product"}],"replies":[{"embeddable":true,"href":"https:\/\/ruishengglassco.com\/pt\/wp-json\/wp\/v2\/comments?post=4298"}],"wp:featuredmedia":[{"embeddable":true,"href":"https:\/\/ruishengglassco.com\/pt\/wp-json\/wp\/v2\/media\/4299"}],"wp:attachment":[{"href":"https:\/\/ruishengglassco.com\/pt\/wp-json\/wp\/v2\/media?parent=4298"}],"wp:term":[{"taxonomy":"product_cat","embeddable":true,"href":"https:\/\/ruishengglassco.com\/pt\/wp-json\/wp\/v2\/product_cat?post=4298"}],"curies":[{"name":"wp","href":"https:\/\/api.w.org\/{rel}","templated":true}]}}