{"id":4296,"date":"2025-03-15T12:06:25","date_gmt":"2025-03-15T04:06:25","guid":{"rendered":"https:\/\/ruishengglassco.com\/?post_type=product&#038;p=4296"},"modified":"2025-07-17T09:12:43","modified_gmt":"2025-07-17T01:12:43","slug":"rs049700ml-garrafas-de-bebidas-alcoolicas-no-atacado","status":"publish","type":"product","link":"https:\/\/ruishengglassco.com\/pt\/produto\/rs049700ml-garrafas-de-bebidas-alcoolicas-no-atacado","title":{"rendered":"RS049:Fabricantes de garrafas espirituosas de 700 ml"},"content":{"rendered":"<p>A Ruisheng \u00e9 uma fabricante l\u00edder de garrafas vazias de bebidas alco\u00f3licas na China. Vendemos garrafas de bebidas alco\u00f3licas de vidro de 700 ml a pre\u00e7os de atacado. Nossos clientes incluem empresas de bebidas alco\u00f3licas, fabricantes, atacadistas, vin\u00edcolas, supermercados e lojas.<\/p>\n<p>Essas garrafas de vidro de 700 ml para bebidas alco\u00f3licas com rolhas s\u00e3o feitas de vidro de alta qualidade. Isso as torna transparentes, claras e dur\u00e1veis, por isso s\u00e3o amplamente usadas em embalagens para licor, u\u00edsque, conhaque, XO, rum, gim e outras bebidas alco\u00f3licas.<\/p>\n<h2>Detalhes sobre os fabricantes de garrafas espirituosas de 700 ml<\/h2>\n<ul>\n<li><strong>Marca:<\/strong>\u00a0RS<\/li>\n<li><strong>Capacidade:<\/strong>\u00a0700 ml (personalizado)<\/li>\n<li><strong>Forma:\u00a0<\/strong>Garrafa de vidro redonda, quadrada, oval, curva, com formato de caveira e garrafa de licor com formato exclusivo (servi\u00e7o de garrafa de vidro com formato personalizado dispon\u00edvel)<\/li>\n<li><strong>Cor:<\/strong>\u00a0Transparente, branco, preto, cinza, verde, azul, \u00e2mbar, etc.<\/li>\n<li><strong>Bon\u00e9:\u00a0<\/strong>Tampa de rosca\/corti\u00e7a\/tampa Guala\/rolhas de vidro personalizadas para garrafas<\/li>\n<li><strong>MOQ:<\/strong>\u00a01\u00d740HQ (26.000-30000pcs garrafas de 700 ml)<\/li>\n<li><strong>Pode ser oferecida uma amostra gr\u00e1tis<\/strong><\/li>\n<\/ul>\n<p>A Ruisheng tem mais de 20 linhas de fabrica\u00e7\u00e3o de garrafas de vidro com uma produ\u00e7\u00e3o di\u00e1ria de 120.000 pe\u00e7as. Vendemos garrafas de vidro que variam de minigarrafas de vidro, como garrafas de vidro de 50 ml, a garrafas de vidro grandes, incluindo garrafas de licor de vidro de 1 litro, garrafas de vidro de 1,5 litro, garrafas de vidro de 1,75 litro e garrafas de vidro de 2 litros. Aceitamos servi\u00e7os de garrafas de vidro personalizadas. Quer voc\u00ea prefira um visual tradicional ou algo moderno, a Ruisheng tem as op\u00e7\u00f5es de garrafas de \u00e1lcool de que voc\u00ea precisa.<\/p>\n<p>As garrafas de bebida alco\u00f3lica vazias da s\u00e9rie RS para venda foram exportadas para os Estados Unidos, Reino Unido, Austr\u00e1lia, Canad\u00e1, Fran\u00e7a, Espanha e muitos outros pa\u00edses. Se estiver satisfeito com essa garrafa de vidro transparente, entre em contato comigo a tempo. Se n\u00e3o gostar, pode dar uma olhada em nossas outras garrafas. Ou eu lhe darei o cat\u00e1logo e voc\u00ea poder\u00e1 escolher o que quiser. Se estiver interessado em nossas garrafas herm\u00e9ticas de \u00e1lcool, entre em contato conosco. Responderemos dentro de 24 horas.<\/p>","protected":false},"excerpt":{"rendered":"<table class=\"tg\">\n<tbody>\n<tr>\n<th class=\"tg-24i8\" colspan=\"2\">Garrafas de vidro de 700 ml para bebidas alco\u00f3licas<\/th>\n<\/tr>\n<tr>\n<td class=\"tg-b7b8\">Material principal:<\/td>\n<td class=\"tg-b7b8\">Vidro de s\u00edlex alto<\/td>\n<\/tr>\n<tr>\n<td class=\"tg-yw4l\">Bon\u00e9:<\/td>\n<td class=\"tg-yw4l\">Tampa de rosca\/Tampa de corti\u00e7a\/Guala<\/td>\n<\/tr>\n<tr>\n<td class=\"tg-b7b8\">Capacidade:<\/td>\n<td class=\"tg-b7b8\">700 ml<\/td>\n<\/tr>\n<tr>\n<td class=\"tg-yw4l\">Recurso:<\/td>\n<td class=\"tg-yw4l\">Ecologicamente correto<\/td>\n<\/tr>\n<tr>\n<td class=\"tg-b7b8\">MOQ:<\/td>\n<td class=\"tg-b7b8\">10000 PCS<\/td>\n<\/tr>\n<tr>\n<td class=\"tg-yw4l\">Origem do local:<\/td>\n<td class=\"tg-yw4l\">Shandong, China<\/td>\n<\/tr>\n<tr>\n<td class=\"tg-b7b8\">Pcs\/Ctn:<\/td>\n<td class=\"tg-b7b8\">24 unidades<\/td>\n<\/tr>\n<tr>\n<td class=\"tg-yw4l\">Refer\u00eancia:<\/td>\n<td class=\"tg-yw4l\">RS-2016056<\/td>\n<\/tr>\n<\/tbody>\n<\/table>","protected":false},"featured_media":4297,"comment_status":"closed","ping_status":"closed","template":"","meta":[],"product_cat":[44],"class_list":{"0":"post-4296","1":"product","2":"type-product","3":"status-publish","4":"has-post-thumbnail","6":"product_cat-700ml-liquor-bottle-manufacturer","8":"first","9":"instock","10":"shipping-taxable","11":"product-type-simple"},"yoast_head":"<!-- This site is optimized with the Yoast SEO plugin v22.0 - https:\/\/yoast.com\/wordpress\/plugins\/seo\/ -->\n<title>700ml Spirit Bottles Manufacturers | Round Liquor Bottles Manufacturer<\/title>\n<meta name=\"description\" content=\"Ruisheng, One of the largest Empty Spirit Bottle Manufacturers in China, offer 700ml spirit bottles wholesale to Spirit companies,\" \/>\n<meta name=\"robots\" content=\"index, follow, max-snippet:-1, max-image-preview:large, max-video-preview:-1\" \/>\n<link rel=\"canonical\" href=\"https:\/\/ruishengglassco.com\/pt\/produto\/rs049700ml-garrafas-de-bebidas-alcoolicas-no-atacado\" \/>\n<meta property=\"og:locale\" content=\"pt_BR\" \/>\n<meta property=\"og:type\" content=\"article\" \/>\n<meta property=\"og:title\" content=\"700ml Spirit Bottles Manufacturers | Round Liquor Bottles Manufacturer\" \/>\n<meta property=\"og:description\" content=\"Ruisheng, One of the largest Empty Spirit Bottle Manufacturers in China, offer 700ml spirit bottles wholesale to Spirit companies,\" \/>\n<meta property=\"og:url\" content=\"https:\/\/ruishengglassco.com\/pt\/produto\/rs049700ml-garrafas-de-bebidas-alcoolicas-no-atacado\" \/>\n<meta property=\"article:publisher\" content=\"https:\/\/www.facebook.com\/ruishengglassbottles\" \/>\n<meta property=\"article:modified_time\" content=\"2025-07-17T01:12:43+00:00\" \/>\n<meta property=\"og:image\" content=\"https:\/\/ruishengglassco.com\/wp-content\/uploads\/2025\/03\/RS049-700ml-Spirit-Bottles-Wholesale.webp\" \/>\n\t<meta property=\"og:image:width\" content=\"800\" \/>\n\t<meta property=\"og:image:height\" content=\"800\" \/>\n\t<meta property=\"og:image:type\" content=\"image\/webp\" \/>\n<meta name=\"twitter:card\" content=\"summary_large_image\" \/>\n<meta name=\"twitter:label1\" content=\"Est. tempo de leitura\" \/>\n\t<meta name=\"twitter:data1\" content=\"2 minutos\" \/>\n<script type=\"application\/ld+json\" class=\"yoast-schema-graph\">{\"@context\":\"https:\/\/schema.org\",\"@graph\":[{\"@type\":\"WebPage\",\"@id\":\"https:\/\/ruishengglassco.com\/product\/rs049700ml-spirit-bottles-wholesale\",\"url\":\"https:\/\/ruishengglassco.com\/product\/rs049700ml-spirit-bottles-wholesale\",\"name\":\"700ml Spirit Bottles Manufacturers | Round Liquor Bottles Manufacturer\",\"isPartOf\":{\"@id\":\"https:\/\/ruishengglassco.com\/#website\"},\"datePublished\":\"2025-03-15T04:06:25+00:00\",\"dateModified\":\"2025-07-17T01:12:43+00:00\",\"description\":\"Ruisheng, One of the largest Empty Spirit Bottle Manufacturers in China, offer 700ml spirit bottles wholesale to Spirit companies,\",\"breadcrumb\":{\"@id\":\"https:\/\/ruishengglassco.com\/product\/rs049700ml-spirit-bottles-wholesale#breadcrumb\"},\"inLanguage\":\"pt-BR\",\"potentialAction\":[{\"@type\":\"ReadAction\",\"target\":[\"https:\/\/ruishengglassco.com\/product\/rs049700ml-spirit-bottles-wholesale\"]}]},{\"@type\":\"BreadcrumbList\",\"@id\":\"https:\/\/ruishengglassco.com\/product\/rs049700ml-spirit-bottles-wholesale#breadcrumb\",\"itemListElement\":[{\"@type\":\"ListItem\",\"position\":1,\"name\":\"Home\",\"item\":\"https:\/\/ruishengglassco.com\/\"},{\"@type\":\"ListItem\",\"position\":2,\"name\":\"Products\",\"item\":\"https:\/\/ruishengglassco.com\/products\"},{\"@type\":\"ListItem\",\"position\":3,\"name\":\"RS049:700ml Spirit Bottles Manufacturers\"}]},{\"@type\":\"WebSite\",\"@id\":\"https:\/\/ruishengglassco.com\/#website\",\"url\":\"https:\/\/ruishengglassco.com\/\",\"name\":\"Ruisheng Glass\",\"description\":\"\",\"publisher\":{\"@id\":\"https:\/\/ruishengglassco.com\/#organization\"},\"potentialAction\":[{\"@type\":\"SearchAction\",\"target\":{\"@type\":\"EntryPoint\",\"urlTemplate\":\"https:\/\/ruishengglassco.com\/?s={search_term_string}\"},\"query-input\":\"required name=search_term_string\"}],\"inLanguage\":\"pt-BR\"},{\"@type\":\"Organization\",\"@id\":\"https:\/\/ruishengglassco.com\/#organization\",\"name\":\"Shandong Yuncheng Ruisheng Glass Co., Ltd\",\"url\":\"https:\/\/ruishengglassco.com\/\",\"logo\":{\"@type\":\"ImageObject\",\"inLanguage\":\"pt-BR\",\"@id\":\"https:\/\/ruishengglassco.com\/#\/schema\/logo\/image\/\",\"url\":\"https:\/\/ruishengglassco.com\/wp-content\/uploads\/2023\/09\/ruisheng_logo_icon.webp\",\"contentUrl\":\"https:\/\/ruishengglassco.com\/wp-content\/uploads\/2023\/09\/ruisheng_logo_icon.webp\",\"width\":400,\"height\":233,\"caption\":\"Shandong Yuncheng Ruisheng Glass Co., Ltd\"},\"image\":{\"@id\":\"https:\/\/ruishengglassco.com\/#\/schema\/logo\/image\/\"},\"sameAs\":[\"https:\/\/www.facebook.com\/ruishengglassbottles\",\"https:\/\/www.instagram.com\/Ruishengglassbottlewholesales\/\",\"https:\/\/www.youtube.com\/channel\/UCMmbMNGwsL-XrtjfSFLCdVQ\"]}]}<\/script>\n<!-- \/ Yoast SEO plugin. -->","yoast_head_json":{"title":"700ml Spirit Bottles Manufacturers | Round Liquor Bottles Manufacturer","description":"Ruisheng, One of the largest Empty Spirit Bottle Manufacturers in China, offer 700ml spirit bottles wholesale to Spirit companies,","robots":{"index":"index","follow":"follow","max-snippet":"max-snippet:-1","max-image-preview":"max-image-preview:large","max-video-preview":"max-video-preview:-1"},"canonical":"https:\/\/ruishengglassco.com\/pt\/produto\/rs049700ml-garrafas-de-bebidas-alcoolicas-no-atacado","og_locale":"pt_BR","og_type":"article","og_title":"700ml Spirit Bottles Manufacturers | Round Liquor Bottles Manufacturer","og_description":"Ruisheng, One of the largest Empty Spirit Bottle Manufacturers in China, offer 700ml spirit bottles wholesale to Spirit companies,","og_url":"https:\/\/ruishengglassco.com\/pt\/produto\/rs049700ml-garrafas-de-bebidas-alcoolicas-no-atacado","article_publisher":"https:\/\/www.facebook.com\/ruishengglassbottles","article_modified_time":"2025-07-17T01:12:43+00:00","og_image":[{"width":800,"height":800,"url":"https:\/\/ruishengglassco.com\/wp-content\/uploads\/2025\/03\/RS049-700ml-Spirit-Bottles-Wholesale.webp","type":"image\/webp"}],"twitter_card":"summary_large_image","twitter_misc":{"Est. tempo de leitura":"2 minutos"},"schema":{"@context":"https:\/\/schema.org","@graph":[{"@type":"WebPage","@id":"https:\/\/ruishengglassco.com\/product\/rs049700ml-spirit-bottles-wholesale","url":"https:\/\/ruishengglassco.com\/product\/rs049700ml-spirit-bottles-wholesale","name":"700ml Spirit Bottles Manufacturers | Round Liquor Bottles Manufacturer","isPartOf":{"@id":"https:\/\/ruishengglassco.com\/#website"},"datePublished":"2025-03-15T04:06:25+00:00","dateModified":"2025-07-17T01:12:43+00:00","description":"Ruisheng, One of the largest Empty Spirit Bottle Manufacturers in China, offer 700ml spirit bottles wholesale to Spirit companies,","breadcrumb":{"@id":"https:\/\/ruishengglassco.com\/product\/rs049700ml-spirit-bottles-wholesale#breadcrumb"},"inLanguage":"pt-BR","potentialAction":[{"@type":"ReadAction","target":["https:\/\/ruishengglassco.com\/product\/rs049700ml-spirit-bottles-wholesale"]}]},{"@type":"BreadcrumbList","@id":"https:\/\/ruishengglassco.com\/product\/rs049700ml-spirit-bottles-wholesale#breadcrumb","itemListElement":[{"@type":"ListItem","position":1,"name":"Home","item":"https:\/\/ruishengglassco.com\/"},{"@type":"ListItem","position":2,"name":"Products","item":"https:\/\/ruishengglassco.com\/products"},{"@type":"ListItem","position":3,"name":"RS049:700ml Spirit Bottles Manufacturers"}]},{"@type":"WebSite","@id":"https:\/\/ruishengglassco.com\/#website","url":"https:\/\/ruishengglassco.com\/","name":"Ruisheng Glass","description":"","publisher":{"@id":"https:\/\/ruishengglassco.com\/#organization"},"potentialAction":[{"@type":"SearchAction","target":{"@type":"EntryPoint","urlTemplate":"https:\/\/ruishengglassco.com\/?s={search_term_string}"},"query-input":"required name=search_term_string"}],"inLanguage":"pt-BR"},{"@type":"Organization","@id":"https:\/\/ruishengglassco.com\/#organization","name":"Shandong Yuncheng Ruisheng Glass Co., Ltd","url":"https:\/\/ruishengglassco.com\/","logo":{"@type":"ImageObject","inLanguage":"pt-BR","@id":"https:\/\/ruishengglassco.com\/#\/schema\/logo\/image\/","url":"https:\/\/ruishengglassco.com\/wp-content\/uploads\/2023\/09\/ruisheng_logo_icon.webp","contentUrl":"https:\/\/ruishengglassco.com\/wp-content\/uploads\/2023\/09\/ruisheng_logo_icon.webp","width":400,"height":233,"caption":"Shandong Yuncheng Ruisheng Glass Co., Ltd"},"image":{"@id":"https:\/\/ruishengglassco.com\/#\/schema\/logo\/image\/"},"sameAs":["https:\/\/www.facebook.com\/ruishengglassbottles","https:\/\/www.instagram.com\/Ruishengglassbottlewholesales\/","https:\/\/www.youtube.com\/channel\/UCMmbMNGwsL-XrtjfSFLCdVQ"]}]}},"_links":{"self":[{"href":"https:\/\/ruishengglassco.com\/pt\/wp-json\/wp\/v2\/product\/4296","targetHints":{"allow":["GET"]}}],"collection":[{"href":"https:\/\/ruishengglassco.com\/pt\/wp-json\/wp\/v2\/product"}],"about":[{"href":"https:\/\/ruishengglassco.com\/pt\/wp-json\/wp\/v2\/types\/product"}],"replies":[{"embeddable":true,"href":"https:\/\/ruishengglassco.com\/pt\/wp-json\/wp\/v2\/comments?post=4296"}],"wp:featuredmedia":[{"embeddable":true,"href":"https:\/\/ruishengglassco.com\/pt\/wp-json\/wp\/v2\/media\/4297"}],"wp:attachment":[{"href":"https:\/\/ruishengglassco.com\/pt\/wp-json\/wp\/v2\/media?parent=4296"}],"wp:term":[{"taxonomy":"product_cat","embeddable":true,"href":"https:\/\/ruishengglassco.com\/pt\/wp-json\/wp\/v2\/product_cat?post=4296"}],"curies":[{"name":"wp","href":"https:\/\/api.w.org\/{rel}","templated":true}]}}