{"id":4292,"date":"2025-03-15T12:02:32","date_gmt":"2025-03-15T04:02:32","guid":{"rendered":"https:\/\/ruishengglassco.com\/?post_type=product&#038;p=4292"},"modified":"2025-09-11T16:47:23","modified_gmt":"2025-09-11T08:47:23","slug":"rs052-garrafa-de-vidro-de-conhaque-vazia-incomum-com-rolha-fornecedor","status":"publish","type":"product","link":"https:\/\/ruishengglassco.com\/pt\/produto\/rs052-garrafa-de-vidro-de-conhaque-vazia-incomum-com-rolha-fornecedor","title":{"rendered":"RS052: Garrafa de vidro vazia incomum para conhaque com rolha Fornecedor"},"content":{"rendered":"<h2>Bem-vindo ao seu pedido de fornecedor de garrafa de vidro de conhaque com tampa<\/h2>\n<p>Essa garrafa de vidro de conhaque com rolha, dispon\u00edvel para venda no atacado, apresenta um formato exclusivo. Podemos imprimir seu logotipo e pintar na cor de sua escolha. Nossa empresa tem ampla experi\u00eancia, portanto, voc\u00ea pode confiar em n\u00f3s para produzir garrafas de vidro de alta qualidade.<\/p>\n<p>As mat\u00e9rias-primas para nossas garrafas de vidro s\u00e3o obtidas na origem e, em seguida, rigorosamente selecionadas por nossa equipe, que utiliza equipamentos de ponta para produzir garrafas de alta qualidade.<\/p>\n<p>Tamb\u00e9m oferecemos outras capacidades dessa garrafa de vidro, como 500 ml, 700 ml e 1000 ml. Nossa empresa tamb\u00e9m aceita garrafas personalizadas; o que voc\u00ea quiser, n\u00f3s podemos fazer. Podemos pintar a garrafa da cor que voc\u00ea quiser. Nossa empresa sempre insiste na qualidade em primeiro lugar; voc\u00ea pode contar conosco para fazer um bom produto.<\/p>\n<p>Somos um dos principais fabricantes e fornecedores de garrafas para bebidas alco\u00f3licas. Oferecemos mais de 200 tipos de garrafas, como garrafas de u\u00edsque, brandy, geleia, \u00e1gua e leite. Ap\u00f3s dez anos de crescimento, as garrafas de vidro da Ruisheng est\u00e3o agora em mais de 50 pa\u00edses em todo o mundo. Os Estados Unidos, o Reino Unido, o Canad\u00e1, a Austr\u00e1lia, a Fran\u00e7a, a Espanha e outros pa\u00edses s\u00e3o nossos principais mercados.<\/p>\n<h2>As informa\u00e7\u00f5es sobre a garrafa de vidro est\u00e3o abaixo:<\/h2>\n<ul>\n<li>Material principal: vidro com alto teor de s\u00edlex<\/li>\n<li>Bon\u00e9: Bon\u00e9 Guala<\/li>\n<li>Refer\u00eancia: RS052<\/li>\n<li>MOQ: 10000 PCS<\/li>\n<li>Capacidade: 700 ml<\/li>\n<li>Pcs\/Ctn: 24pcs<\/li>\n<li>Origem do local: Shandong, China<\/li>\n<li>Caracter\u00edstica: Ecologicamente correto<\/li>\n<\/ul>\n<p>Essa garrafa \u00e9 nossa especialidade, mas tamb\u00e9m temos garrafas em outros formatos. Temos um formato cil\u00edndrico, quadrado, de cora\u00e7\u00e3o etc.<\/p>\n<p>Se quiser obter mais informa\u00e7\u00f5es sobre a garrafa de vidro de brandy com rolha no atacado, entre em contato conosco. N\u00f3s lhe responderemos dentro de 24 horas.<\/p>","protected":false},"excerpt":{"rendered":"<p data-block-id=\"149f43d0-bb6f-44a7-81fe-8369ceee64e7\" data-pm-slice=\"1 1 []\">Garrafa de conhaque vazia com rolha, de formato incomum, vendida no atacado por uma f\u00e1brica chinesa de garrafas de licor. Garrafa de vidro transparente e transparente com uma grande barriga de garrafa para embalagem de conhaque. Capacidade para 700 ml. \u00d3tima para embalar conhaque, u\u00edsque, vodca, gim e outras bebidas alco\u00f3licas. Os detalhes sobre essa garrafa de conhaque vazia s\u00e3o mostrados abaixo:<\/p>\n<ul>\n<li>Refer\u00eancia: R-021<\/li>\n<li><strong>MOQ: 10000 PCS<\/strong><\/li>\n<li>Cor: Transparente<\/li>\n<li>Peso: 680g<\/li>\n<li>Altura: 220 mm<\/li>\n<li>Servi\u00e7o personalizado oferecido com amostra gr\u00e1tis<\/li>\n<\/ul>\n<p>Entre em contato conosco para obter o pre\u00e7o da garrafa de brandy no atacado.<\/p>","protected":false},"featured_media":4293,"comment_status":"closed","ping_status":"closed","template":"","meta":[],"product_cat":[40],"class_list":{"0":"post-4292","1":"product","2":"type-product","3":"status-publish","4":"has-post-thumbnail","6":"product_cat-750ml-liquor-bottle-manufacturer","8":"first","9":"instock","10":"shipping-taxable","11":"product-type-simple"},"yoast_head":"<!-- This site is optimized with the Yoast SEO plugin v22.0 - https:\/\/yoast.com\/wordpress\/plugins\/seo\/ -->\n<title>Brandy Glass Bottle With Stopper Supplier | 25 OZ Liquor Bottle Supplier<\/title>\n<meta name=\"description\" content=\"Buy Brandy Glass Bottle With Stopper Supplier From China Liquor Bottle Mnaufacturers. Factory Outlet 750ml\/25 oz Glass Gottle With Custom Service.\" \/>\n<meta name=\"robots\" content=\"index, follow, max-snippet:-1, max-image-preview:large, max-video-preview:-1\" \/>\n<link rel=\"canonical\" href=\"https:\/\/ruishengglassco.com\/pt\/produto\/rs052-garrafa-de-vidro-de-conhaque-vazia-incomum-com-rolha-fornecedor\" \/>\n<meta property=\"og:locale\" content=\"pt_BR\" \/>\n<meta property=\"og:type\" content=\"article\" \/>\n<meta property=\"og:title\" content=\"Brandy Glass Bottle With Stopper Supplier | 25 OZ Liquor Bottle Supplier\" \/>\n<meta property=\"og:description\" content=\"Buy Brandy Glass Bottle With Stopper Supplier From China Liquor Bottle Mnaufacturers. Factory Outlet 750ml\/25 oz Glass Gottle With Custom Service.\" \/>\n<meta property=\"og:url\" content=\"https:\/\/ruishengglassco.com\/pt\/produto\/rs052-garrafa-de-vidro-de-conhaque-vazia-incomum-com-rolha-fornecedor\" \/>\n<meta property=\"article:publisher\" content=\"https:\/\/www.facebook.com\/ruishengglassbottles\" \/>\n<meta property=\"article:modified_time\" content=\"2025-09-11T08:47:23+00:00\" \/>\n<meta property=\"og:image\" content=\"https:\/\/ruishengglassco.com\/wp-content\/uploads\/2025\/03\/RS052-Unusual-Empty-Brandy-Glass-Bottle-With-Stopper-Wholesale.webp\" \/>\n\t<meta property=\"og:image:width\" content=\"800\" \/>\n\t<meta property=\"og:image:height\" content=\"800\" \/>\n\t<meta property=\"og:image:type\" content=\"image\/webp\" \/>\n<meta name=\"twitter:card\" content=\"summary_large_image\" \/>\n<meta name=\"twitter:label1\" content=\"Est. tempo de leitura\" \/>\n\t<meta name=\"twitter:data1\" content=\"2 minutos\" \/>\n<script type=\"application\/ld+json\" class=\"yoast-schema-graph\">{\"@context\":\"https:\/\/schema.org\",\"@graph\":[{\"@type\":\"WebPage\",\"@id\":\"https:\/\/ruishengglassco.com\/product\/rs052-unusual-empty-brandy-glass-bottle-with-stopper-supplier\",\"url\":\"https:\/\/ruishengglassco.com\/product\/rs052-unusual-empty-brandy-glass-bottle-with-stopper-supplier\",\"name\":\"Brandy Glass Bottle With Stopper Supplier | 25 OZ Liquor Bottle Supplier\",\"isPartOf\":{\"@id\":\"https:\/\/ruishengglassco.com\/#website\"},\"datePublished\":\"2025-03-15T04:02:32+00:00\",\"dateModified\":\"2025-09-11T08:47:23+00:00\",\"description\":\"Buy Brandy Glass Bottle With Stopper Supplier From China Liquor Bottle Mnaufacturers. Factory Outlet 750ml\/25 oz Glass Gottle With Custom Service.\",\"breadcrumb\":{\"@id\":\"https:\/\/ruishengglassco.com\/product\/rs052-unusual-empty-brandy-glass-bottle-with-stopper-supplier#breadcrumb\"},\"inLanguage\":\"pt-BR\",\"potentialAction\":[{\"@type\":\"ReadAction\",\"target\":[\"https:\/\/ruishengglassco.com\/product\/rs052-unusual-empty-brandy-glass-bottle-with-stopper-supplier\"]}]},{\"@type\":\"BreadcrumbList\",\"@id\":\"https:\/\/ruishengglassco.com\/product\/rs052-unusual-empty-brandy-glass-bottle-with-stopper-supplier#breadcrumb\",\"itemListElement\":[{\"@type\":\"ListItem\",\"position\":1,\"name\":\"Home\",\"item\":\"https:\/\/ruishengglassco.com\/\"},{\"@type\":\"ListItem\",\"position\":2,\"name\":\"Products\",\"item\":\"https:\/\/ruishengglassco.com\/products\"},{\"@type\":\"ListItem\",\"position\":3,\"name\":\"RS052: Unusual Empty Brandy Glass Bottle With Stopper Supplier\"}]},{\"@type\":\"WebSite\",\"@id\":\"https:\/\/ruishengglassco.com\/#website\",\"url\":\"https:\/\/ruishengglassco.com\/\",\"name\":\"Ruisheng Glass\",\"description\":\"\",\"publisher\":{\"@id\":\"https:\/\/ruishengglassco.com\/#organization\"},\"potentialAction\":[{\"@type\":\"SearchAction\",\"target\":{\"@type\":\"EntryPoint\",\"urlTemplate\":\"https:\/\/ruishengglassco.com\/?s={search_term_string}\"},\"query-input\":\"required name=search_term_string\"}],\"inLanguage\":\"pt-BR\"},{\"@type\":\"Organization\",\"@id\":\"https:\/\/ruishengglassco.com\/#organization\",\"name\":\"Shandong Yuncheng Ruisheng Glass Co., Ltd\",\"url\":\"https:\/\/ruishengglassco.com\/\",\"logo\":{\"@type\":\"ImageObject\",\"inLanguage\":\"pt-BR\",\"@id\":\"https:\/\/ruishengglassco.com\/#\/schema\/logo\/image\/\",\"url\":\"https:\/\/ruishengglassco.com\/wp-content\/uploads\/2023\/09\/ruisheng_logo_icon.webp\",\"contentUrl\":\"https:\/\/ruishengglassco.com\/wp-content\/uploads\/2023\/09\/ruisheng_logo_icon.webp\",\"width\":400,\"height\":233,\"caption\":\"Shandong Yuncheng Ruisheng Glass Co., Ltd\"},\"image\":{\"@id\":\"https:\/\/ruishengglassco.com\/#\/schema\/logo\/image\/\"},\"sameAs\":[\"https:\/\/www.facebook.com\/ruishengglassbottles\",\"https:\/\/www.instagram.com\/Ruishengglassbottlewholesales\/\",\"https:\/\/www.youtube.com\/channel\/UCMmbMNGwsL-XrtjfSFLCdVQ\"]}]}<\/script>\n<!-- \/ Yoast SEO plugin. -->","yoast_head_json":{"title":"Brandy Glass Bottle With Stopper Supplier | 25 OZ Liquor Bottle Supplier","description":"Buy Brandy Glass Bottle With Stopper Supplier From China Liquor Bottle Mnaufacturers. Factory Outlet 750ml\/25 oz Glass Gottle With Custom Service.","robots":{"index":"index","follow":"follow","max-snippet":"max-snippet:-1","max-image-preview":"max-image-preview:large","max-video-preview":"max-video-preview:-1"},"canonical":"https:\/\/ruishengglassco.com\/pt\/produto\/rs052-garrafa-de-vidro-de-conhaque-vazia-incomum-com-rolha-fornecedor","og_locale":"pt_BR","og_type":"article","og_title":"Brandy Glass Bottle With Stopper Supplier | 25 OZ Liquor Bottle Supplier","og_description":"Buy Brandy Glass Bottle With Stopper Supplier From China Liquor Bottle Mnaufacturers. Factory Outlet 750ml\/25 oz Glass Gottle With Custom Service.","og_url":"https:\/\/ruishengglassco.com\/pt\/produto\/rs052-garrafa-de-vidro-de-conhaque-vazia-incomum-com-rolha-fornecedor","article_publisher":"https:\/\/www.facebook.com\/ruishengglassbottles","article_modified_time":"2025-09-11T08:47:23+00:00","og_image":[{"width":800,"height":800,"url":"https:\/\/ruishengglassco.com\/wp-content\/uploads\/2025\/03\/RS052-Unusual-Empty-Brandy-Glass-Bottle-With-Stopper-Wholesale.webp","type":"image\/webp"}],"twitter_card":"summary_large_image","twitter_misc":{"Est. tempo de leitura":"2 minutos"},"schema":{"@context":"https:\/\/schema.org","@graph":[{"@type":"WebPage","@id":"https:\/\/ruishengglassco.com\/product\/rs052-unusual-empty-brandy-glass-bottle-with-stopper-supplier","url":"https:\/\/ruishengglassco.com\/product\/rs052-unusual-empty-brandy-glass-bottle-with-stopper-supplier","name":"Brandy Glass Bottle With Stopper Supplier | 25 OZ Liquor Bottle Supplier","isPartOf":{"@id":"https:\/\/ruishengglassco.com\/#website"},"datePublished":"2025-03-15T04:02:32+00:00","dateModified":"2025-09-11T08:47:23+00:00","description":"Buy Brandy Glass Bottle With Stopper Supplier From China Liquor Bottle Mnaufacturers. Factory Outlet 750ml\/25 oz Glass Gottle With Custom Service.","breadcrumb":{"@id":"https:\/\/ruishengglassco.com\/product\/rs052-unusual-empty-brandy-glass-bottle-with-stopper-supplier#breadcrumb"},"inLanguage":"pt-BR","potentialAction":[{"@type":"ReadAction","target":["https:\/\/ruishengglassco.com\/product\/rs052-unusual-empty-brandy-glass-bottle-with-stopper-supplier"]}]},{"@type":"BreadcrumbList","@id":"https:\/\/ruishengglassco.com\/product\/rs052-unusual-empty-brandy-glass-bottle-with-stopper-supplier#breadcrumb","itemListElement":[{"@type":"ListItem","position":1,"name":"Home","item":"https:\/\/ruishengglassco.com\/"},{"@type":"ListItem","position":2,"name":"Products","item":"https:\/\/ruishengglassco.com\/products"},{"@type":"ListItem","position":3,"name":"RS052: Unusual Empty Brandy Glass Bottle With Stopper Supplier"}]},{"@type":"WebSite","@id":"https:\/\/ruishengglassco.com\/#website","url":"https:\/\/ruishengglassco.com\/","name":"Ruisheng Glass","description":"","publisher":{"@id":"https:\/\/ruishengglassco.com\/#organization"},"potentialAction":[{"@type":"SearchAction","target":{"@type":"EntryPoint","urlTemplate":"https:\/\/ruishengglassco.com\/?s={search_term_string}"},"query-input":"required name=search_term_string"}],"inLanguage":"pt-BR"},{"@type":"Organization","@id":"https:\/\/ruishengglassco.com\/#organization","name":"Shandong Yuncheng Ruisheng Glass Co., Ltd","url":"https:\/\/ruishengglassco.com\/","logo":{"@type":"ImageObject","inLanguage":"pt-BR","@id":"https:\/\/ruishengglassco.com\/#\/schema\/logo\/image\/","url":"https:\/\/ruishengglassco.com\/wp-content\/uploads\/2023\/09\/ruisheng_logo_icon.webp","contentUrl":"https:\/\/ruishengglassco.com\/wp-content\/uploads\/2023\/09\/ruisheng_logo_icon.webp","width":400,"height":233,"caption":"Shandong Yuncheng Ruisheng Glass Co., Ltd"},"image":{"@id":"https:\/\/ruishengglassco.com\/#\/schema\/logo\/image\/"},"sameAs":["https:\/\/www.facebook.com\/ruishengglassbottles","https:\/\/www.instagram.com\/Ruishengglassbottlewholesales\/","https:\/\/www.youtube.com\/channel\/UCMmbMNGwsL-XrtjfSFLCdVQ"]}]}},"_links":{"self":[{"href":"https:\/\/ruishengglassco.com\/pt\/wp-json\/wp\/v2\/product\/4292","targetHints":{"allow":["GET"]}}],"collection":[{"href":"https:\/\/ruishengglassco.com\/pt\/wp-json\/wp\/v2\/product"}],"about":[{"href":"https:\/\/ruishengglassco.com\/pt\/wp-json\/wp\/v2\/types\/product"}],"replies":[{"embeddable":true,"href":"https:\/\/ruishengglassco.com\/pt\/wp-json\/wp\/v2\/comments?post=4292"}],"wp:featuredmedia":[{"embeddable":true,"href":"https:\/\/ruishengglassco.com\/pt\/wp-json\/wp\/v2\/media\/4293"}],"wp:attachment":[{"href":"https:\/\/ruishengglassco.com\/pt\/wp-json\/wp\/v2\/media?parent=4292"}],"wp:term":[{"taxonomy":"product_cat","embeddable":true,"href":"https:\/\/ruishengglassco.com\/pt\/wp-json\/wp\/v2\/product_cat?post=4292"}],"curies":[{"name":"wp","href":"https:\/\/api.w.org\/{rel}","templated":true}]}}