{"id":4286,"date":"2025-03-15T11:53:32","date_gmt":"2025-03-15T03:53:32","guid":{"rendered":"https:\/\/ruishengglassco.com\/?post_type=product&#038;p=4286"},"modified":"2025-07-17T14:24:48","modified_gmt":"2025-07-17T06:24:48","slug":"rs055-garrafas-de-vidro-em-miniatura-50ml-100ml-garrafa-de-vidro-transparente-para-licor","status":"publish","type":"product","link":"https:\/\/ruishengglassco.com\/pt\/produto\/rs055-garrafas-de-vidro-em-miniatura-50ml-100ml-garrafa-de-vidro-transparente-para-licor","title":{"rendered":"RS055: Garrafas de vidro em miniatura 50ml 100ml Garrafa de vidro transparente para licor"},"content":{"rendered":"<p>Essas minigarrafas vazias de bebidas alco\u00f3licas, dispon\u00edveis em grandes quantidades, podem ser usadas tanto como frasco de bebida alco\u00f3lica quanto como frasco de perfume. Podemos imprimir seu logotipo nelas e pint\u00e1-las da cor que desejar. Nossa empresa tem ampla experi\u00eancia, portanto, voc\u00ea pode confiar em n\u00f3s para produzir garrafas de vidro de alta qualidade.<\/p>\n<p>As mat\u00e9rias-primas para nossas garrafas vazias de bebidas alco\u00f3licas s\u00e3o obtidas em sua origem e, em seguida, cuidadosamente selecionadas por nossa equipe. Usamos equipamentos de ponta e produzimos garrafas de alta qualidade.<\/p>\n<p>Essas garrafas de bebidas espirituosas tamb\u00e9m t\u00eam outras capacidades, como 100 ml, 375 ml, 500 ml, 700 ml e 750 ml. Nossa empresa tamb\u00e9m oferece servi\u00e7os de garrafas de vidro personalizadas; podemos criar o que voc\u00ea quiser. Podemos pintar a garrafa da cor que voc\u00ea quiser. Nossa empresa sempre prioriza a qualidade; voc\u00ea pode contar conosco para entregar um produto de alta qualidade.<\/p>\n<p>Nossos principais produtos s\u00e3o garrafas de vidro de alta qualidade, como garrafas de vodca, garrafas de conhaque, garrafas de u\u00edsque, garrafas de licor, garrafas de geleia e assim por diante. Tamb\u00e9m podemos oferecer garrafas de vidro \u00e2mbar, garrafas verdes e garrafas de \u00e1gua. Nossos principais mercados incluem a Europa, os EUA, a Austr\u00e1lia e outros. E todos os produtos gozam de grande reputa\u00e7\u00e3o em termos de inova\u00e7\u00e3o e funcionalidade.<\/p>\n<h2>Informa\u00e7\u00f5es sobre mini garrafas de licor vazias a granel<\/h2>\n<ul>\n<li>Material principal: Vidro Branco Cristalino, Vidro<\/li>\n<li>Tampa: pode ser personalizada<\/li>\n<li>Refer\u00eancia: RS055<\/li>\n<li>MOQ: 10000 PCS (cerca de 500000 unidades)<\/li>\n<li>Capacidade: 50 ml\/100 ml<\/li>\n<li>Pcs\/Ctn: 24pcs<\/li>\n<li>Origem do local: Shandong, China<\/li>\n<li>Caracter\u00edstica: Ecologicamente correto<\/li>\n<\/ul>\n<p>Se voc\u00ea deseja comprar mini garrafas de licor vazias a granel de fornecedores de garrafas de vidro transparente de 50 ml da China, entre em contato conosco. Responderemos a voc\u00ea em 24 horas.<\/p>","protected":false},"excerpt":{"rendered":"<p data-block-id=\"27d1b6e9-7596-48ae-9365-723e99426564\" data-pm-slice=\"1 1 []\">Transpar\u00eancia. Eleg\u00e2ncia. Beleza. As mini garrafas de licor transparentes de 50 ml da Ruisheng combinam \u00f3timos recursos em um s\u00f3. Elas usam vidro de alta qualidade, sem chumbo, que \u00e9 seguro e ecologicamente correto. Essas garrafas s\u00e3o perfeitas para embalar bebidas alco\u00f3licas. Se estiver procurando por um recipiente de vidro perfeito para bebidas alco\u00f3licas, essa deve ser sua primeira op\u00e7\u00e3o.<\/p>","protected":false},"featured_media":4287,"comment_status":"closed","ping_status":"closed","template":"","meta":[],"product_cat":[48],"class_list":{"0":"post-4286","1":"product","2":"type-product","3":"status-publish","4":"has-post-thumbnail","6":"product_cat-50ml-mini-liquor-bottle-manufacturer","8":"first","9":"instock","10":"shipping-taxable","11":"product-type-simple"},"yoast_head":"<!-- This site is optimized with the Yoast SEO plugin v22.0 - https:\/\/yoast.com\/wordpress\/plugins\/seo\/ -->\n<title>Empty Mini Liquor Bottles Bulk | 50ml Transparent Glass Bottle Suppliers<\/title>\n<meta name=\"description\" content=\"Do you want to buy empty mini liquor bottles bulk from China 50ml transparent glass bottle suppliers? Factory Outlet With Wholesale Price! Get Quote Now.\" \/>\n<meta name=\"robots\" content=\"index, follow, max-snippet:-1, max-image-preview:large, max-video-preview:-1\" \/>\n<link rel=\"canonical\" href=\"https:\/\/ruishengglassco.com\/pt\/produto\/rs055-garrafas-de-vidro-em-miniatura-50ml-100ml-garrafa-de-vidro-transparente-para-licor\" \/>\n<meta property=\"og:locale\" content=\"pt_BR\" \/>\n<meta property=\"og:type\" content=\"article\" \/>\n<meta property=\"og:title\" content=\"Empty Mini Liquor Bottles Bulk | 50ml Transparent Glass Bottle Suppliers\" \/>\n<meta property=\"og:description\" content=\"Do you want to buy empty mini liquor bottles bulk from China 50ml transparent glass bottle suppliers? Factory Outlet With Wholesale Price! Get Quote Now.\" \/>\n<meta property=\"og:url\" content=\"https:\/\/ruishengglassco.com\/pt\/produto\/rs055-garrafas-de-vidro-em-miniatura-50ml-100ml-garrafa-de-vidro-transparente-para-licor\" \/>\n<meta property=\"article:publisher\" content=\"https:\/\/www.facebook.com\/ruishengglassbottles\" \/>\n<meta property=\"article:modified_time\" content=\"2025-07-17T06:24:48+00:00\" \/>\n<meta property=\"og:image\" content=\"https:\/\/ruishengglassco.com\/wp-content\/uploads\/2025\/03\/RS055-Miniature-Glass-Bottles-50ml-100ml-Transparent-Glass-Bottle-For-Liquor.webp\" \/>\n\t<meta property=\"og:image:width\" content=\"800\" \/>\n\t<meta property=\"og:image:height\" content=\"800\" \/>\n\t<meta property=\"og:image:type\" content=\"image\/webp\" \/>\n<meta name=\"twitter:card\" content=\"summary_large_image\" \/>\n<meta name=\"twitter:label1\" content=\"Est. tempo de leitura\" \/>\n\t<meta name=\"twitter:data1\" content=\"2 minutos\" \/>\n<script type=\"application\/ld+json\" class=\"yoast-schema-graph\">{\"@context\":\"https:\/\/schema.org\",\"@graph\":[{\"@type\":\"WebPage\",\"@id\":\"https:\/\/ruishengglassco.com\/product\/rs055-miniature-glass-bottles-50ml-100ml-transparent-glass-bottle-for-liquor\",\"url\":\"https:\/\/ruishengglassco.com\/product\/rs055-miniature-glass-bottles-50ml-100ml-transparent-glass-bottle-for-liquor\",\"name\":\"Empty Mini Liquor Bottles Bulk | 50ml Transparent Glass Bottle Suppliers\",\"isPartOf\":{\"@id\":\"https:\/\/ruishengglassco.com\/#website\"},\"datePublished\":\"2025-03-15T03:53:32+00:00\",\"dateModified\":\"2025-07-17T06:24:48+00:00\",\"description\":\"Do you want to buy empty mini liquor bottles bulk from China 50ml transparent glass bottle suppliers? Factory Outlet With Wholesale Price! Get Quote Now.\",\"breadcrumb\":{\"@id\":\"https:\/\/ruishengglassco.com\/product\/rs055-miniature-glass-bottles-50ml-100ml-transparent-glass-bottle-for-liquor#breadcrumb\"},\"inLanguage\":\"pt-BR\",\"potentialAction\":[{\"@type\":\"ReadAction\",\"target\":[\"https:\/\/ruishengglassco.com\/product\/rs055-miniature-glass-bottles-50ml-100ml-transparent-glass-bottle-for-liquor\"]}]},{\"@type\":\"BreadcrumbList\",\"@id\":\"https:\/\/ruishengglassco.com\/product\/rs055-miniature-glass-bottles-50ml-100ml-transparent-glass-bottle-for-liquor#breadcrumb\",\"itemListElement\":[{\"@type\":\"ListItem\",\"position\":1,\"name\":\"Home\",\"item\":\"https:\/\/ruishengglassco.com\/\"},{\"@type\":\"ListItem\",\"position\":2,\"name\":\"Products\",\"item\":\"https:\/\/ruishengglassco.com\/products\"},{\"@type\":\"ListItem\",\"position\":3,\"name\":\"RS055: Miniature Glass Bottles 50ml 100ml Transparent Glass Bottle For Liquor\"}]},{\"@type\":\"WebSite\",\"@id\":\"https:\/\/ruishengglassco.com\/#website\",\"url\":\"https:\/\/ruishengglassco.com\/\",\"name\":\"Ruisheng Glass\",\"description\":\"\",\"publisher\":{\"@id\":\"https:\/\/ruishengglassco.com\/#organization\"},\"potentialAction\":[{\"@type\":\"SearchAction\",\"target\":{\"@type\":\"EntryPoint\",\"urlTemplate\":\"https:\/\/ruishengglassco.com\/?s={search_term_string}\"},\"query-input\":\"required name=search_term_string\"}],\"inLanguage\":\"pt-BR\"},{\"@type\":\"Organization\",\"@id\":\"https:\/\/ruishengglassco.com\/#organization\",\"name\":\"Shandong Yuncheng Ruisheng Glass Co., Ltd\",\"url\":\"https:\/\/ruishengglassco.com\/\",\"logo\":{\"@type\":\"ImageObject\",\"inLanguage\":\"pt-BR\",\"@id\":\"https:\/\/ruishengglassco.com\/#\/schema\/logo\/image\/\",\"url\":\"https:\/\/ruishengglassco.com\/wp-content\/uploads\/2023\/09\/ruisheng_logo_icon.webp\",\"contentUrl\":\"https:\/\/ruishengglassco.com\/wp-content\/uploads\/2023\/09\/ruisheng_logo_icon.webp\",\"width\":400,\"height\":233,\"caption\":\"Shandong Yuncheng Ruisheng Glass Co., Ltd\"},\"image\":{\"@id\":\"https:\/\/ruishengglassco.com\/#\/schema\/logo\/image\/\"},\"sameAs\":[\"https:\/\/www.facebook.com\/ruishengglassbottles\",\"https:\/\/www.instagram.com\/Ruishengglassbottlewholesales\/\",\"https:\/\/www.youtube.com\/channel\/UCMmbMNGwsL-XrtjfSFLCdVQ\"]}]}<\/script>\n<!-- \/ Yoast SEO plugin. -->","yoast_head_json":{"title":"Empty Mini Liquor Bottles Bulk | 50ml Transparent Glass Bottle Suppliers","description":"Do you want to buy empty mini liquor bottles bulk from China 50ml transparent glass bottle suppliers? Factory Outlet With Wholesale Price! Get Quote Now.","robots":{"index":"index","follow":"follow","max-snippet":"max-snippet:-1","max-image-preview":"max-image-preview:large","max-video-preview":"max-video-preview:-1"},"canonical":"https:\/\/ruishengglassco.com\/pt\/produto\/rs055-garrafas-de-vidro-em-miniatura-50ml-100ml-garrafa-de-vidro-transparente-para-licor","og_locale":"pt_BR","og_type":"article","og_title":"Empty Mini Liquor Bottles Bulk | 50ml Transparent Glass Bottle Suppliers","og_description":"Do you want to buy empty mini liquor bottles bulk from China 50ml transparent glass bottle suppliers? Factory Outlet With Wholesale Price! Get Quote Now.","og_url":"https:\/\/ruishengglassco.com\/pt\/produto\/rs055-garrafas-de-vidro-em-miniatura-50ml-100ml-garrafa-de-vidro-transparente-para-licor","article_publisher":"https:\/\/www.facebook.com\/ruishengglassbottles","article_modified_time":"2025-07-17T06:24:48+00:00","og_image":[{"width":800,"height":800,"url":"https:\/\/ruishengglassco.com\/wp-content\/uploads\/2025\/03\/RS055-Miniature-Glass-Bottles-50ml-100ml-Transparent-Glass-Bottle-For-Liquor.webp","type":"image\/webp"}],"twitter_card":"summary_large_image","twitter_misc":{"Est. tempo de leitura":"2 minutos"},"schema":{"@context":"https:\/\/schema.org","@graph":[{"@type":"WebPage","@id":"https:\/\/ruishengglassco.com\/product\/rs055-miniature-glass-bottles-50ml-100ml-transparent-glass-bottle-for-liquor","url":"https:\/\/ruishengglassco.com\/product\/rs055-miniature-glass-bottles-50ml-100ml-transparent-glass-bottle-for-liquor","name":"Empty Mini Liquor Bottles Bulk | 50ml Transparent Glass Bottle Suppliers","isPartOf":{"@id":"https:\/\/ruishengglassco.com\/#website"},"datePublished":"2025-03-15T03:53:32+00:00","dateModified":"2025-07-17T06:24:48+00:00","description":"Do you want to buy empty mini liquor bottles bulk from China 50ml transparent glass bottle suppliers? Factory Outlet With Wholesale Price! Get Quote Now.","breadcrumb":{"@id":"https:\/\/ruishengglassco.com\/product\/rs055-miniature-glass-bottles-50ml-100ml-transparent-glass-bottle-for-liquor#breadcrumb"},"inLanguage":"pt-BR","potentialAction":[{"@type":"ReadAction","target":["https:\/\/ruishengglassco.com\/product\/rs055-miniature-glass-bottles-50ml-100ml-transparent-glass-bottle-for-liquor"]}]},{"@type":"BreadcrumbList","@id":"https:\/\/ruishengglassco.com\/product\/rs055-miniature-glass-bottles-50ml-100ml-transparent-glass-bottle-for-liquor#breadcrumb","itemListElement":[{"@type":"ListItem","position":1,"name":"Home","item":"https:\/\/ruishengglassco.com\/"},{"@type":"ListItem","position":2,"name":"Products","item":"https:\/\/ruishengglassco.com\/products"},{"@type":"ListItem","position":3,"name":"RS055: Miniature Glass Bottles 50ml 100ml Transparent Glass Bottle For Liquor"}]},{"@type":"WebSite","@id":"https:\/\/ruishengglassco.com\/#website","url":"https:\/\/ruishengglassco.com\/","name":"Ruisheng Glass","description":"","publisher":{"@id":"https:\/\/ruishengglassco.com\/#organization"},"potentialAction":[{"@type":"SearchAction","target":{"@type":"EntryPoint","urlTemplate":"https:\/\/ruishengglassco.com\/?s={search_term_string}"},"query-input":"required name=search_term_string"}],"inLanguage":"pt-BR"},{"@type":"Organization","@id":"https:\/\/ruishengglassco.com\/#organization","name":"Shandong Yuncheng Ruisheng Glass Co., Ltd","url":"https:\/\/ruishengglassco.com\/","logo":{"@type":"ImageObject","inLanguage":"pt-BR","@id":"https:\/\/ruishengglassco.com\/#\/schema\/logo\/image\/","url":"https:\/\/ruishengglassco.com\/wp-content\/uploads\/2023\/09\/ruisheng_logo_icon.webp","contentUrl":"https:\/\/ruishengglassco.com\/wp-content\/uploads\/2023\/09\/ruisheng_logo_icon.webp","width":400,"height":233,"caption":"Shandong Yuncheng Ruisheng Glass Co., Ltd"},"image":{"@id":"https:\/\/ruishengglassco.com\/#\/schema\/logo\/image\/"},"sameAs":["https:\/\/www.facebook.com\/ruishengglassbottles","https:\/\/www.instagram.com\/Ruishengglassbottlewholesales\/","https:\/\/www.youtube.com\/channel\/UCMmbMNGwsL-XrtjfSFLCdVQ"]}]}},"_links":{"self":[{"href":"https:\/\/ruishengglassco.com\/pt\/wp-json\/wp\/v2\/product\/4286","targetHints":{"allow":["GET"]}}],"collection":[{"href":"https:\/\/ruishengglassco.com\/pt\/wp-json\/wp\/v2\/product"}],"about":[{"href":"https:\/\/ruishengglassco.com\/pt\/wp-json\/wp\/v2\/types\/product"}],"replies":[{"embeddable":true,"href":"https:\/\/ruishengglassco.com\/pt\/wp-json\/wp\/v2\/comments?post=4286"}],"wp:featuredmedia":[{"embeddable":true,"href":"https:\/\/ruishengglassco.com\/pt\/wp-json\/wp\/v2\/media\/4287"}],"wp:attachment":[{"href":"https:\/\/ruishengglassco.com\/pt\/wp-json\/wp\/v2\/media?parent=4286"}],"wp:term":[{"taxonomy":"product_cat","embeddable":true,"href":"https:\/\/ruishengglassco.com\/pt\/wp-json\/wp\/v2\/product_cat?post=4286"}],"curies":[{"name":"wp","href":"https:\/\/api.w.org\/{rel}","templated":true}]}}