{"id":4284,"date":"2025-03-15T11:43:44","date_gmt":"2025-03-15T03:43:44","guid":{"rendered":"https:\/\/ruishengglassco.com\/?post_type=product&#038;p=4284"},"modified":"2025-07-17T14:23:50","modified_gmt":"2025-07-17T06:23:50","slug":"rs056-fabricantes-de-garrafas-de-vidro-personalizadas-de-750-ml","status":"publish","type":"product","link":"https:\/\/ruishengglassco.com\/pt\/produto\/rs056-fabricantes-de-garrafas-de-vidro-personalizadas-de-750-ml","title":{"rendered":"RS056: Fabricantes de garrafas de vidro personalizadas de 750 ml"},"content":{"rendered":"<p>Essas garrafas de vidro personalizadas de 750 ml s\u00e3o nossas mais recentes garrafas especiais. Podemos imprimir seu logotipo nelas ou misturar as cores que desejar. A superf\u00edcie dessa garrafa de vidro para bebidas alco\u00f3licas de 750 ml tem um padr\u00e3o esculpido. Por isso, \u00e9 muito popular entre os consumidores.<\/p>\n<p>Nossa f\u00e1brica tem uma equipe de opera\u00e7\u00e3o abrangente que trabalha em conjunto de forma eficaz, o que nos permite produzir garrafas de vidro para bebidas rapidamente. Al\u00e9m disso, temos um servi\u00e7o p\u00f3s-venda de primeira classe e podemos responder a quaisquer perguntas que voc\u00ea possa ter.<\/p>\n<p>Essas garrafas de vidro personalizadas de 750 ml para venda t\u00eam tampa; elas podem usar tamp\u00f5es de madeira ou de outro material. Se voc\u00ea quiser outro gargalo, tamb\u00e9m podemos troc\u00e1-lo.<\/p>\n<h2>Fabricantes de garrafas de vidro personalizadas de 750 ml<\/h2>\n<p>As informa\u00e7\u00f5es sobre a garrafa de vidro s\u00e3o as seguintes:<\/p>\n<ul>\n<li>Material principal: vidro com alto teor de s\u00edlex<\/li>\n<li>Tampa: tampa de rosca<\/li>\n<li>Refer\u00eancia: RS056<\/li>\n<li>MOQ: 10000 PCS<\/li>\n<li>Capacidade: 750 ml<\/li>\n<li>Pcs\/Ctn: 24pcs<\/li>\n<li>Origem do local: Shandong, China<\/li>\n<li>Caracter\u00edstica: Ecologicamente correto<\/li>\n<\/ul>\n<p>Podemos produzir uma capacidade maior para essa garrafa de vidro personalizada para bebidas alco\u00f3licas, como 500 ml, 550 ml, 700 ml e 1000 ml. N\u00f3s podemos fazer isso. Podemos alterar a garrafa de acordo com suas necessidades.<\/p>\n<p>Nossa empresa pode realizar um processamento detalhado nessa garrafa, incluindo aplica\u00e7\u00e3o de decalque, impress\u00e3o e cobertura. Nossas garrafas de vidro para licor de 750 ml \u00e0 venda s\u00e3o embaladas de forma padr\u00e3o. E as garrafas n\u00e3o se quebram facilmente em tr\u00e2nsito, pois s\u00e3o medidas antes do envio. Nossa empresa sempre prioriza a qualidade. Temos uma boa reputa\u00e7\u00e3o no setor de garrafas, e muitos clientes nos procuram para comprar garrafas.<\/p>\n<p>Tamb\u00e9m podemos aceitar garrafas personalizadas. Se voc\u00ea puder nos fornecer um desenho da garrafa de vidro, poderemos criar a mesma.<\/p>\n<p>Eles podem confiar em n\u00f3s e nos deixam muito confiantes. Se voc\u00ea quiser vir aqui e fazer garrafas, seremos sempre bem-vindos.<\/p>\n<p>Damos as boas-vindas a clientes de todo o mundo para visitarem nossa f\u00e1brica e cooperarem.<\/p>\n<p>Se estiver interessado em algum de nossos produtos, entre em contato conosco para obter mais detalhes. Responderemos aos detalhes que voc\u00ea gostaria de saber. Espero que voc\u00ea goste dessa garrafa de vidro e fa\u00e7a um pedido.<\/p>","protected":false},"excerpt":{"rendered":"<p data-block-id=\"6f9d5f50-4787-4b8f-b52e-4e5b0f1df3bf\" data-pm-slice=\"1 3 []\">A garrafa de vidro de 750 ml da s\u00e9rie Rs-019 apresenta um design exclusivo com sali\u00eancias. Esse design ajuda a decorar a garrafa e aumenta a ader\u00eancia. Foi feita especialmente para embalar u\u00edsque, vodca, brandy e outras bebidas alco\u00f3licas. Vidro transparente de apar\u00eancia cristalina com um padr\u00e3o que reflete a luz.<\/p>\n<p data-block-id=\"be2fbf11-bd17-4094-960f-707f644c407d\">Garrafa de vidro personalizada para embalagem de bebidas alco\u00f3licas:<\/p>\n<ul data-block-id=\"33c66e36-3d6c-4b87-8b23-c9e6e4da4634\">\n<li>\n<p data-block-id=\"1bdf760f-86a3-4832-956f-1e5f983850cf\">Item: RS056<\/p>\n<\/li>\n<li>\n<p data-block-id=\"ae440700-790a-403f-99db-c5147c2b3b42\">Servi\u00e7o de OEM\/ODM para garrafas de licor de vidro de 750 ml no atacado<\/p>\n<\/li>\n<li>\n<p data-block-id=\"806ffc93-ff88-4259-904f-8c002926599d\">Tampa: tampa de rosca ou personalizada<\/p>\n<\/li>\n<li>\n<p data-block-id=\"2939f365-afa8-412b-a431-193771b80a26\">Peso: 680g<\/p>\n<\/li>\n<li>\n<p data-block-id=\"ec2b6684-91e1-4959-8fd2-3de2efc0c370\">Altura da garrafa: 225 mm<\/p>\n<\/li>\n<li>\n<p data-block-id=\"204e59bf-124c-42ef-9a06-31622f7068d8\">Largura da garrafa: 100 mm<\/p>\n<\/li>\n<\/ul>","protected":false},"featured_media":4285,"comment_status":"closed","ping_status":"closed","template":"","meta":[],"product_cat":[40,45],"class_list":{"0":"post-4284","1":"product","2":"type-product","3":"status-publish","4":"has-post-thumbnail","6":"product_cat-750ml-liquor-bottle-manufacturer","7":"product_cat-custom-glass-bottle","9":"first","10":"instock","11":"shipping-taxable","12":"product-type-simple"},"yoast_head":"<!-- This site is optimized with the Yoast SEO plugin v22.0 - https:\/\/yoast.com\/wordpress\/plugins\/seo\/ -->\n<title>Custom Glass Bottles Manufacturers | Bulk Alcohol Bottles Factory Outlet<\/title>\n<meta name=\"description\" content=\"Want to buy bulk alcohol bottles at a factory outlet? Top China Liquor Bottle Manufacturers, Provide Custom Glass Bottles Manufacturers Service Here.\" \/>\n<meta name=\"robots\" content=\"index, follow, max-snippet:-1, max-image-preview:large, max-video-preview:-1\" \/>\n<link rel=\"canonical\" href=\"https:\/\/ruishengglassco.com\/pt\/produto\/rs056-fabricantes-de-garrafas-de-vidro-personalizadas-de-750-ml\" \/>\n<meta property=\"og:locale\" content=\"pt_BR\" \/>\n<meta property=\"og:type\" content=\"article\" \/>\n<meta property=\"og:title\" content=\"Custom Glass Bottles Manufacturers | Bulk Alcohol Bottles Factory Outlet\" \/>\n<meta property=\"og:description\" content=\"Want to buy bulk alcohol bottles at a factory outlet? Top China Liquor Bottle Manufacturers, Provide Custom Glass Bottles Manufacturers Service Here.\" \/>\n<meta property=\"og:url\" content=\"https:\/\/ruishengglassco.com\/pt\/produto\/rs056-fabricantes-de-garrafas-de-vidro-personalizadas-de-750-ml\" \/>\n<meta property=\"article:publisher\" content=\"https:\/\/www.facebook.com\/ruishengglassbottles\" \/>\n<meta property=\"article:modified_time\" content=\"2025-07-17T06:23:50+00:00\" \/>\n<meta property=\"og:image\" content=\"https:\/\/ruishengglassco.com\/wp-content\/uploads\/2025\/03\/RS056-750ml-Custom-Glass-Bottle-Wholesale-Company.webp\" \/>\n\t<meta property=\"og:image:width\" content=\"800\" \/>\n\t<meta property=\"og:image:height\" content=\"800\" \/>\n\t<meta property=\"og:image:type\" content=\"image\/webp\" \/>\n<meta name=\"twitter:card\" content=\"summary_large_image\" \/>\n<meta name=\"twitter:label1\" content=\"Est. tempo de leitura\" \/>\n\t<meta name=\"twitter:data1\" content=\"2 minutos\" \/>\n<script type=\"application\/ld+json\" class=\"yoast-schema-graph\">{\"@context\":\"https:\/\/schema.org\",\"@graph\":[{\"@type\":\"WebPage\",\"@id\":\"https:\/\/ruishengglassco.com\/product\/rs056-750ml-custom-glass-bottle-manufacturers\",\"url\":\"https:\/\/ruishengglassco.com\/product\/rs056-750ml-custom-glass-bottle-manufacturers\",\"name\":\"Custom Glass Bottles Manufacturers | Bulk Alcohol Bottles Factory Outlet\",\"isPartOf\":{\"@id\":\"https:\/\/ruishengglassco.com\/#website\"},\"datePublished\":\"2025-03-15T03:43:44+00:00\",\"dateModified\":\"2025-07-17T06:23:50+00:00\",\"description\":\"Want to buy bulk alcohol bottles at a factory outlet? Top China Liquor Bottle Manufacturers, Provide Custom Glass Bottles Manufacturers Service Here.\",\"breadcrumb\":{\"@id\":\"https:\/\/ruishengglassco.com\/product\/rs056-750ml-custom-glass-bottle-manufacturers#breadcrumb\"},\"inLanguage\":\"pt-BR\",\"potentialAction\":[{\"@type\":\"ReadAction\",\"target\":[\"https:\/\/ruishengglassco.com\/product\/rs056-750ml-custom-glass-bottle-manufacturers\"]}]},{\"@type\":\"BreadcrumbList\",\"@id\":\"https:\/\/ruishengglassco.com\/product\/rs056-750ml-custom-glass-bottle-manufacturers#breadcrumb\",\"itemListElement\":[{\"@type\":\"ListItem\",\"position\":1,\"name\":\"Home\",\"item\":\"https:\/\/ruishengglassco.com\/\"},{\"@type\":\"ListItem\",\"position\":2,\"name\":\"Products\",\"item\":\"https:\/\/ruishengglassco.com\/products\"},{\"@type\":\"ListItem\",\"position\":3,\"name\":\"RS056: 750ml Custom Glass Bottle Manufacturers\"}]},{\"@type\":\"WebSite\",\"@id\":\"https:\/\/ruishengglassco.com\/#website\",\"url\":\"https:\/\/ruishengglassco.com\/\",\"name\":\"Ruisheng Glass\",\"description\":\"\",\"publisher\":{\"@id\":\"https:\/\/ruishengglassco.com\/#organization\"},\"potentialAction\":[{\"@type\":\"SearchAction\",\"target\":{\"@type\":\"EntryPoint\",\"urlTemplate\":\"https:\/\/ruishengglassco.com\/?s={search_term_string}\"},\"query-input\":\"required name=search_term_string\"}],\"inLanguage\":\"pt-BR\"},{\"@type\":\"Organization\",\"@id\":\"https:\/\/ruishengglassco.com\/#organization\",\"name\":\"Shandong Yuncheng Ruisheng Glass Co., Ltd\",\"url\":\"https:\/\/ruishengglassco.com\/\",\"logo\":{\"@type\":\"ImageObject\",\"inLanguage\":\"pt-BR\",\"@id\":\"https:\/\/ruishengglassco.com\/#\/schema\/logo\/image\/\",\"url\":\"https:\/\/ruishengglassco.com\/wp-content\/uploads\/2023\/09\/ruisheng_logo_icon.webp\",\"contentUrl\":\"https:\/\/ruishengglassco.com\/wp-content\/uploads\/2023\/09\/ruisheng_logo_icon.webp\",\"width\":400,\"height\":233,\"caption\":\"Shandong Yuncheng Ruisheng Glass Co., Ltd\"},\"image\":{\"@id\":\"https:\/\/ruishengglassco.com\/#\/schema\/logo\/image\/\"},\"sameAs\":[\"https:\/\/www.facebook.com\/ruishengglassbottles\",\"https:\/\/www.instagram.com\/Ruishengglassbottlewholesales\/\",\"https:\/\/www.youtube.com\/channel\/UCMmbMNGwsL-XrtjfSFLCdVQ\"]}]}<\/script>\n<!-- \/ Yoast SEO plugin. -->","yoast_head_json":{"title":"Custom Glass Bottles Manufacturers | Bulk Alcohol Bottles Factory Outlet","description":"Want to buy bulk alcohol bottles at a factory outlet? Top China Liquor Bottle Manufacturers, Provide Custom Glass Bottles Manufacturers Service Here.","robots":{"index":"index","follow":"follow","max-snippet":"max-snippet:-1","max-image-preview":"max-image-preview:large","max-video-preview":"max-video-preview:-1"},"canonical":"https:\/\/ruishengglassco.com\/pt\/produto\/rs056-fabricantes-de-garrafas-de-vidro-personalizadas-de-750-ml","og_locale":"pt_BR","og_type":"article","og_title":"Custom Glass Bottles Manufacturers | Bulk Alcohol Bottles Factory Outlet","og_description":"Want to buy bulk alcohol bottles at a factory outlet? Top China Liquor Bottle Manufacturers, Provide Custom Glass Bottles Manufacturers Service Here.","og_url":"https:\/\/ruishengglassco.com\/pt\/produto\/rs056-fabricantes-de-garrafas-de-vidro-personalizadas-de-750-ml","article_publisher":"https:\/\/www.facebook.com\/ruishengglassbottles","article_modified_time":"2025-07-17T06:23:50+00:00","og_image":[{"width":800,"height":800,"url":"https:\/\/ruishengglassco.com\/wp-content\/uploads\/2025\/03\/RS056-750ml-Custom-Glass-Bottle-Wholesale-Company.webp","type":"image\/webp"}],"twitter_card":"summary_large_image","twitter_misc":{"Est. tempo de leitura":"2 minutos"},"schema":{"@context":"https:\/\/schema.org","@graph":[{"@type":"WebPage","@id":"https:\/\/ruishengglassco.com\/product\/rs056-750ml-custom-glass-bottle-manufacturers","url":"https:\/\/ruishengglassco.com\/product\/rs056-750ml-custom-glass-bottle-manufacturers","name":"Custom Glass Bottles Manufacturers | Bulk Alcohol Bottles Factory Outlet","isPartOf":{"@id":"https:\/\/ruishengglassco.com\/#website"},"datePublished":"2025-03-15T03:43:44+00:00","dateModified":"2025-07-17T06:23:50+00:00","description":"Want to buy bulk alcohol bottles at a factory outlet? Top China Liquor Bottle Manufacturers, Provide Custom Glass Bottles Manufacturers Service Here.","breadcrumb":{"@id":"https:\/\/ruishengglassco.com\/product\/rs056-750ml-custom-glass-bottle-manufacturers#breadcrumb"},"inLanguage":"pt-BR","potentialAction":[{"@type":"ReadAction","target":["https:\/\/ruishengglassco.com\/product\/rs056-750ml-custom-glass-bottle-manufacturers"]}]},{"@type":"BreadcrumbList","@id":"https:\/\/ruishengglassco.com\/product\/rs056-750ml-custom-glass-bottle-manufacturers#breadcrumb","itemListElement":[{"@type":"ListItem","position":1,"name":"Home","item":"https:\/\/ruishengglassco.com\/"},{"@type":"ListItem","position":2,"name":"Products","item":"https:\/\/ruishengglassco.com\/products"},{"@type":"ListItem","position":3,"name":"RS056: 750ml Custom Glass Bottle Manufacturers"}]},{"@type":"WebSite","@id":"https:\/\/ruishengglassco.com\/#website","url":"https:\/\/ruishengglassco.com\/","name":"Ruisheng Glass","description":"","publisher":{"@id":"https:\/\/ruishengglassco.com\/#organization"},"potentialAction":[{"@type":"SearchAction","target":{"@type":"EntryPoint","urlTemplate":"https:\/\/ruishengglassco.com\/?s={search_term_string}"},"query-input":"required name=search_term_string"}],"inLanguage":"pt-BR"},{"@type":"Organization","@id":"https:\/\/ruishengglassco.com\/#organization","name":"Shandong Yuncheng Ruisheng Glass Co., Ltd","url":"https:\/\/ruishengglassco.com\/","logo":{"@type":"ImageObject","inLanguage":"pt-BR","@id":"https:\/\/ruishengglassco.com\/#\/schema\/logo\/image\/","url":"https:\/\/ruishengglassco.com\/wp-content\/uploads\/2023\/09\/ruisheng_logo_icon.webp","contentUrl":"https:\/\/ruishengglassco.com\/wp-content\/uploads\/2023\/09\/ruisheng_logo_icon.webp","width":400,"height":233,"caption":"Shandong Yuncheng Ruisheng Glass Co., Ltd"},"image":{"@id":"https:\/\/ruishengglassco.com\/#\/schema\/logo\/image\/"},"sameAs":["https:\/\/www.facebook.com\/ruishengglassbottles","https:\/\/www.instagram.com\/Ruishengglassbottlewholesales\/","https:\/\/www.youtube.com\/channel\/UCMmbMNGwsL-XrtjfSFLCdVQ"]}]}},"_links":{"self":[{"href":"https:\/\/ruishengglassco.com\/pt\/wp-json\/wp\/v2\/product\/4284","targetHints":{"allow":["GET"]}}],"collection":[{"href":"https:\/\/ruishengglassco.com\/pt\/wp-json\/wp\/v2\/product"}],"about":[{"href":"https:\/\/ruishengglassco.com\/pt\/wp-json\/wp\/v2\/types\/product"}],"replies":[{"embeddable":true,"href":"https:\/\/ruishengglassco.com\/pt\/wp-json\/wp\/v2\/comments?post=4284"}],"wp:featuredmedia":[{"embeddable":true,"href":"https:\/\/ruishengglassco.com\/pt\/wp-json\/wp\/v2\/media\/4285"}],"wp:attachment":[{"href":"https:\/\/ruishengglassco.com\/pt\/wp-json\/wp\/v2\/media?parent=4284"}],"wp:term":[{"taxonomy":"product_cat","embeddable":true,"href":"https:\/\/ruishengglassco.com\/pt\/wp-json\/wp\/v2\/product_cat?post=4284"}],"curies":[{"name":"wp","href":"https:\/\/api.w.org\/{rel}","templated":true}]}}