{"id":4280,"date":"2025-03-15T11:38:33","date_gmt":"2025-03-15T03:38:33","guid":{"rendered":"https:\/\/ruishengglassco.com\/?post_type=product&#038;p=4280"},"modified":"2025-07-17T08:39:10","modified_gmt":"2025-07-17T00:39:10","slug":"rs058-garrafa-de-bebida-alcoolica-no-atacado-750-ml-700-ml-500-ml","status":"publish","type":"product","link":"https:\/\/ruishengglassco.com\/pt\/produto\/rs058-garrafa-de-bebida-alcoolica-no-atacado-750-ml-700-ml-500-ml","title":{"rendered":"RS058: Garrafa para bebidas alco\u00f3licas 750 ml 700 ml 500 ml"},"content":{"rendered":"<p>As garrafas de bebidas espirituosas no atacado, dispon\u00edveis em tamanhos a granel de 750 ml, 700 ml e 500 ml, s\u00e3o um projeto fundamental da Ruisheng. A Ruisheng, fabricante l\u00edder de garrafas de vidro com rolha, oferece uma ampla gama de op\u00e7\u00f5es. Eles oferecem garrafas de vidro redondas Boston, garrafas de vidro quadradas e garrafas com formato personalizado. Voc\u00ea tamb\u00e9m pode encontrar garrafas especiais com rolha para bebidas alco\u00f3licas como u\u00edsque, conhaque, rum e vodca.<\/p>\n<p>Fa\u00e7a um artesanato ou envie mercadorias para os clientes selecionando uma garrafa de vidro menor ou uma garrafa de vidro maior no atacado. Os tamanhos est\u00e3o dispon\u00edveis de 50 ml a 1500 ml. Pedidos personalizados podem ser aceitos. A maioria das garrafas de vidro \u00e0 venda \u00e9 feita de material de vidro de alta qualidade, o que torna o corpo da garrafa de licor mais forte e mais bonito. Garantimos que todas as garrafas de vidro transparente com tampa n\u00e3o s\u00e3o t\u00f3xicas, s\u00e3o recuper\u00e1veis, reutiliz\u00e1veis e seguras para o meio ambiente.<\/p>\n<p>Esta garrafa de vidro \u00e9 feita para Brandy XO de alta qualidade. Ela mostra a qualidade superior de seu licor.<\/p>\n<h2>Informa\u00e7\u00f5es sobre garrafas espirituosas a granel para conhaque XO<\/h2>\n<ul>\n<li>Material principal: vidro com alto teor de s\u00edlex<\/li>\n<li>Tampa: tampa de rosca<\/li>\n<li>Refer\u00eancia: RS058<\/li>\n<li>MOQ: 10000 PCS<\/li>\n<li>Capacidade: 700 ml<\/li>\n<li>Pcs\/Ctn: 24pcs<\/li>\n<li>Origem do local: Shandong, China<\/li>\n<li>Caracter\u00edstica: Ecologicamente correto<\/li>\n<\/ul>\n<p>A Ruisheng tem garrafas de vidro de 700 ml com um longo hist\u00f3rico de produ\u00e7\u00e3o. Nossa equipe qualificada \u00e9 experiente, por isso estamos confiantes em fazer um produto que voc\u00ea vai adorar. As garrafas de vidro transparente da Ruisheng foram bem recebidas na Europa, nos EUA, na Austr\u00e1lia e em outras regi\u00f5es. E todos os produtos gozam de grande reputa\u00e7\u00e3o em termos de inova\u00e7\u00e3o e funcionalidade.<\/p>\n<p>A Ruisheng Glass Bottle agora se expandiu para um novo local, introduziu m\u00e1quinas avan\u00e7adas e nossa velocidade de produ\u00e7\u00e3o \u00e9 significativamente maior do que antes. Portanto, faremos boas garrafas na data estabelecida e entregaremos as mercadorias a voc\u00ea.<\/p>\n<p>Se quiser comprar garrafas de bebida alco\u00f3lica a granel para XO ou Brandy, entre em contato conosco. Responderemos dentro de 24 horas.<br \/>Espero que voc\u00ea possa fazer um pedido.<\/p>","protected":false},"excerpt":{"rendered":"<table style=\"undefined;width: 367px;\">\n<colgroup>\n<col style=\"width: 133px;\" \/>\n<col style=\"width: 234px;\" \/> <\/colgroup>\n<tbody>\n<tr>\n<th colspan=\"2\">Garrafas espirituosas por atacado para brandy XO<\/th>\n<\/tr>\n<tr>\n<td>Material principal:<\/td>\n<td>material branco cristalino<\/td>\n<\/tr>\n<tr>\n<td>Bon\u00e9:<\/td>\n<td>Tampa de rosca<\/td>\n<\/tr>\n<tr>\n<td>Capacidade:<\/td>\n<td>750ml<\/td>\n<\/tr>\n<tr>\n<td>Recurso:<\/td>\n<td>Ecologicamente correto<\/td>\n<\/tr>\n<tr>\n<td>MOQ:<\/td>\n<td>10000 PCS<\/td>\n<\/tr>\n<tr>\n<td>Forma de envio:<\/td>\n<td>Navio, expresso<\/td>\n<\/tr>\n<tr>\n<td>OEM\/ODM:<\/td>\n<td>Bem-vindo<\/td>\n<\/tr>\n<tr>\n<td>Origem do local:<\/td>\n<td>Shandong, China<\/td>\n<\/tr>\n<tr>\n<td>Pcs\/Ctn:<\/td>\n<td>24 unidades<\/td>\n<\/tr>\n<\/tbody>\n<\/table>","protected":false},"featured_media":4281,"comment_status":"closed","ping_status":"closed","template":"","meta":[],"product_cat":[41,44,40,56],"class_list":{"0":"post-4280","1":"product","2":"type-product","3":"status-publish","4":"has-post-thumbnail","6":"product_cat-500ml-liquor-bottle-manufacturer","7":"product_cat-700ml-liquor-bottle-manufacturer","8":"product_cat-750ml-liquor-bottle-manufacturer","9":"product_cat-xo-brandy-bottle","11":"first","12":"instock","13":"shipping-taxable","14":"product-type-simple"},"yoast_head":"<!-- This site is optimized with the Yoast SEO plugin v22.0 - https:\/\/yoast.com\/wordpress\/plugins\/seo\/ -->\n<title>Spirit Bottles Bulk | XO Brandy Bottle Supplier<\/title>\n<meta name=\"description\" content=\"Buy Spirit Bottles Bulk From China Glass Bottle Mnaufacturer. Professional Xo Brandy Bottle Supplier, Sales In High Quality&amp;Cheap Price\" \/>\n<meta name=\"robots\" content=\"index, follow, max-snippet:-1, max-image-preview:large, max-video-preview:-1\" \/>\n<link rel=\"canonical\" href=\"https:\/\/ruishengglassco.com\/pt\/produto\/rs058-garrafa-de-bebida-alcoolica-no-atacado-750-ml-700-ml-500-ml\" \/>\n<meta property=\"og:locale\" content=\"pt_BR\" \/>\n<meta property=\"og:type\" content=\"article\" \/>\n<meta property=\"og:title\" content=\"Spirit Bottles Bulk | XO Brandy Bottle Supplier\" \/>\n<meta property=\"og:description\" content=\"Buy Spirit Bottles Bulk From China Glass Bottle Mnaufacturer. Professional Xo Brandy Bottle Supplier, Sales In High Quality&amp;Cheap Price\" \/>\n<meta property=\"og:url\" content=\"https:\/\/ruishengglassco.com\/pt\/produto\/rs058-garrafa-de-bebida-alcoolica-no-atacado-750-ml-700-ml-500-ml\" \/>\n<meta property=\"article:publisher\" content=\"https:\/\/www.facebook.com\/ruishengglassbottles\" \/>\n<meta property=\"article:modified_time\" content=\"2025-07-17T00:39:10+00:00\" \/>\n<meta property=\"og:image\" content=\"https:\/\/ruishengglassco.com\/wp-content\/uploads\/2025\/03\/RS058-Wholesale-Spirit-Bottle-750ml-700ml-500ml.webp\" \/>\n\t<meta property=\"og:image:width\" content=\"800\" \/>\n\t<meta property=\"og:image:height\" content=\"800\" \/>\n\t<meta property=\"og:image:type\" content=\"image\/webp\" \/>\n<meta name=\"twitter:card\" content=\"summary_large_image\" \/>\n<meta name=\"twitter:label1\" content=\"Est. tempo de leitura\" \/>\n\t<meta name=\"twitter:data1\" content=\"2 minutos\" \/>\n<script type=\"application\/ld+json\" class=\"yoast-schema-graph\">{\"@context\":\"https:\/\/schema.org\",\"@graph\":[{\"@type\":\"WebPage\",\"@id\":\"https:\/\/ruishengglassco.com\/product\/rs058-spirit-bottle-750ml-700ml-500ml\",\"url\":\"https:\/\/ruishengglassco.com\/product\/rs058-spirit-bottle-750ml-700ml-500ml\",\"name\":\"Spirit Bottles Bulk | XO Brandy Bottle Supplier\",\"isPartOf\":{\"@id\":\"https:\/\/ruishengglassco.com\/#website\"},\"datePublished\":\"2025-03-15T03:38:33+00:00\",\"dateModified\":\"2025-07-17T00:39:10+00:00\",\"description\":\"Buy Spirit Bottles Bulk From China Glass Bottle Mnaufacturer. Professional Xo Brandy Bottle Supplier, Sales In High Quality&Cheap Price\",\"breadcrumb\":{\"@id\":\"https:\/\/ruishengglassco.com\/product\/rs058-spirit-bottle-750ml-700ml-500ml#breadcrumb\"},\"inLanguage\":\"pt-BR\",\"potentialAction\":[{\"@type\":\"ReadAction\",\"target\":[\"https:\/\/ruishengglassco.com\/product\/rs058-spirit-bottle-750ml-700ml-500ml\"]}]},{\"@type\":\"BreadcrumbList\",\"@id\":\"https:\/\/ruishengglassco.com\/product\/rs058-spirit-bottle-750ml-700ml-500ml#breadcrumb\",\"itemListElement\":[{\"@type\":\"ListItem\",\"position\":1,\"name\":\"Home\",\"item\":\"https:\/\/ruishengglassco.com\/\"},{\"@type\":\"ListItem\",\"position\":2,\"name\":\"Products\",\"item\":\"https:\/\/ruishengglassco.com\/products\"},{\"@type\":\"ListItem\",\"position\":3,\"name\":\"RS058: Spirit Bottle 750ml 700ml 500ml\"}]},{\"@type\":\"WebSite\",\"@id\":\"https:\/\/ruishengglassco.com\/#website\",\"url\":\"https:\/\/ruishengglassco.com\/\",\"name\":\"Ruisheng Glass\",\"description\":\"\",\"publisher\":{\"@id\":\"https:\/\/ruishengglassco.com\/#organization\"},\"potentialAction\":[{\"@type\":\"SearchAction\",\"target\":{\"@type\":\"EntryPoint\",\"urlTemplate\":\"https:\/\/ruishengglassco.com\/?s={search_term_string}\"},\"query-input\":\"required name=search_term_string\"}],\"inLanguage\":\"pt-BR\"},{\"@type\":\"Organization\",\"@id\":\"https:\/\/ruishengglassco.com\/#organization\",\"name\":\"Shandong Yuncheng Ruisheng Glass Co., Ltd\",\"url\":\"https:\/\/ruishengglassco.com\/\",\"logo\":{\"@type\":\"ImageObject\",\"inLanguage\":\"pt-BR\",\"@id\":\"https:\/\/ruishengglassco.com\/#\/schema\/logo\/image\/\",\"url\":\"https:\/\/ruishengglassco.com\/wp-content\/uploads\/2023\/09\/ruisheng_logo_icon.webp\",\"contentUrl\":\"https:\/\/ruishengglassco.com\/wp-content\/uploads\/2023\/09\/ruisheng_logo_icon.webp\",\"width\":400,\"height\":233,\"caption\":\"Shandong Yuncheng Ruisheng Glass Co., Ltd\"},\"image\":{\"@id\":\"https:\/\/ruishengglassco.com\/#\/schema\/logo\/image\/\"},\"sameAs\":[\"https:\/\/www.facebook.com\/ruishengglassbottles\",\"https:\/\/www.instagram.com\/Ruishengglassbottlewholesales\/\",\"https:\/\/www.youtube.com\/channel\/UCMmbMNGwsL-XrtjfSFLCdVQ\"]}]}<\/script>\n<!-- \/ Yoast SEO plugin. -->","yoast_head_json":{"title":"Spirit Bottles Bulk | XO Brandy Bottle Supplier","description":"Buy Spirit Bottles Bulk From China Glass Bottle Mnaufacturer. Professional Xo Brandy Bottle Supplier, Sales In High Quality&Cheap Price","robots":{"index":"index","follow":"follow","max-snippet":"max-snippet:-1","max-image-preview":"max-image-preview:large","max-video-preview":"max-video-preview:-1"},"canonical":"https:\/\/ruishengglassco.com\/pt\/produto\/rs058-garrafa-de-bebida-alcoolica-no-atacado-750-ml-700-ml-500-ml","og_locale":"pt_BR","og_type":"article","og_title":"Spirit Bottles Bulk | XO Brandy Bottle Supplier","og_description":"Buy Spirit Bottles Bulk From China Glass Bottle Mnaufacturer. Professional Xo Brandy Bottle Supplier, Sales In High Quality&Cheap Price","og_url":"https:\/\/ruishengglassco.com\/pt\/produto\/rs058-garrafa-de-bebida-alcoolica-no-atacado-750-ml-700-ml-500-ml","article_publisher":"https:\/\/www.facebook.com\/ruishengglassbottles","article_modified_time":"2025-07-17T00:39:10+00:00","og_image":[{"width":800,"height":800,"url":"https:\/\/ruishengglassco.com\/wp-content\/uploads\/2025\/03\/RS058-Wholesale-Spirit-Bottle-750ml-700ml-500ml.webp","type":"image\/webp"}],"twitter_card":"summary_large_image","twitter_misc":{"Est. tempo de leitura":"2 minutos"},"schema":{"@context":"https:\/\/schema.org","@graph":[{"@type":"WebPage","@id":"https:\/\/ruishengglassco.com\/product\/rs058-spirit-bottle-750ml-700ml-500ml","url":"https:\/\/ruishengglassco.com\/product\/rs058-spirit-bottle-750ml-700ml-500ml","name":"Spirit Bottles Bulk | XO Brandy Bottle Supplier","isPartOf":{"@id":"https:\/\/ruishengglassco.com\/#website"},"datePublished":"2025-03-15T03:38:33+00:00","dateModified":"2025-07-17T00:39:10+00:00","description":"Buy Spirit Bottles Bulk From China Glass Bottle Mnaufacturer. Professional Xo Brandy Bottle Supplier, Sales In High Quality&Cheap Price","breadcrumb":{"@id":"https:\/\/ruishengglassco.com\/product\/rs058-spirit-bottle-750ml-700ml-500ml#breadcrumb"},"inLanguage":"pt-BR","potentialAction":[{"@type":"ReadAction","target":["https:\/\/ruishengglassco.com\/product\/rs058-spirit-bottle-750ml-700ml-500ml"]}]},{"@type":"BreadcrumbList","@id":"https:\/\/ruishengglassco.com\/product\/rs058-spirit-bottle-750ml-700ml-500ml#breadcrumb","itemListElement":[{"@type":"ListItem","position":1,"name":"Home","item":"https:\/\/ruishengglassco.com\/"},{"@type":"ListItem","position":2,"name":"Products","item":"https:\/\/ruishengglassco.com\/products"},{"@type":"ListItem","position":3,"name":"RS058: Spirit Bottle 750ml 700ml 500ml"}]},{"@type":"WebSite","@id":"https:\/\/ruishengglassco.com\/#website","url":"https:\/\/ruishengglassco.com\/","name":"Ruisheng Glass","description":"","publisher":{"@id":"https:\/\/ruishengglassco.com\/#organization"},"potentialAction":[{"@type":"SearchAction","target":{"@type":"EntryPoint","urlTemplate":"https:\/\/ruishengglassco.com\/?s={search_term_string}"},"query-input":"required name=search_term_string"}],"inLanguage":"pt-BR"},{"@type":"Organization","@id":"https:\/\/ruishengglassco.com\/#organization","name":"Shandong Yuncheng Ruisheng Glass Co., Ltd","url":"https:\/\/ruishengglassco.com\/","logo":{"@type":"ImageObject","inLanguage":"pt-BR","@id":"https:\/\/ruishengglassco.com\/#\/schema\/logo\/image\/","url":"https:\/\/ruishengglassco.com\/wp-content\/uploads\/2023\/09\/ruisheng_logo_icon.webp","contentUrl":"https:\/\/ruishengglassco.com\/wp-content\/uploads\/2023\/09\/ruisheng_logo_icon.webp","width":400,"height":233,"caption":"Shandong Yuncheng Ruisheng Glass Co., Ltd"},"image":{"@id":"https:\/\/ruishengglassco.com\/#\/schema\/logo\/image\/"},"sameAs":["https:\/\/www.facebook.com\/ruishengglassbottles","https:\/\/www.instagram.com\/Ruishengglassbottlewholesales\/","https:\/\/www.youtube.com\/channel\/UCMmbMNGwsL-XrtjfSFLCdVQ"]}]}},"_links":{"self":[{"href":"https:\/\/ruishengglassco.com\/pt\/wp-json\/wp\/v2\/product\/4280","targetHints":{"allow":["GET"]}}],"collection":[{"href":"https:\/\/ruishengglassco.com\/pt\/wp-json\/wp\/v2\/product"}],"about":[{"href":"https:\/\/ruishengglassco.com\/pt\/wp-json\/wp\/v2\/types\/product"}],"replies":[{"embeddable":true,"href":"https:\/\/ruishengglassco.com\/pt\/wp-json\/wp\/v2\/comments?post=4280"}],"wp:featuredmedia":[{"embeddable":true,"href":"https:\/\/ruishengglassco.com\/pt\/wp-json\/wp\/v2\/media\/4281"}],"wp:attachment":[{"href":"https:\/\/ruishengglassco.com\/pt\/wp-json\/wp\/v2\/media?parent=4280"}],"wp:term":[{"taxonomy":"product_cat","embeddable":true,"href":"https:\/\/ruishengglassco.com\/pt\/wp-json\/wp\/v2\/product_cat?post=4280"}],"curies":[{"name":"wp","href":"https:\/\/api.w.org\/{rel}","templated":true}]}}