{"id":4278,"date":"2025-03-15T11:35:25","date_gmt":"2025-03-15T03:35:25","guid":{"rendered":"https:\/\/ruishengglassco.com\/?post_type=product&#038;p=4278"},"modified":"2025-09-11T15:56:21","modified_gmt":"2025-09-11T07:56:21","slug":"rs059-onde-comprar-garrafas-de-vidro-garrafa-de-vidro-de-500-ml","status":"publish","type":"product","link":"https:\/\/ruishengglassco.com\/pt\/produto\/rs059-onde-comprar-garrafas-de-vidro-garrafa-de-vidro-de-500-ml","title":{"rendered":"RS059: Onde comprar garrafas de vidro de 500 ml"},"content":{"rendered":"<p>Voc\u00ea est\u00e1 procurando um lugar para comprar garrafas de vidro de 500 ml? A Ruisheng \u00e9 um dos maiores fabricantes de garrafas de vidro da China. Podemos fornecer n\u00e3o apenas garrafas de vidro para bebidas alco\u00f3licas de 500 ml, mas tamb\u00e9m garrafas de vidro personalizadas para voc\u00ea. Elas podem ser usadas para garrafas de vidro de vodca, garrafas de conhaque, garrafas de XO e outras aplica\u00e7\u00f5es semelhantes.<\/p>\n<p>Sempre aderimos ao princ\u00edpio da qualidade em primeiro lugar, e nossos funcion\u00e1rios nunca deixam de trabalhar. Portanto, nossas garrafas de vidro vazias s\u00e3o muito procuradas. Para garantir a qualidade de nossas garrafas de vidro, nossos produtos s\u00e3o submetidos a rigorosos testes de qualidade e embalagem segura para garantir que voc\u00ea possa us\u00e1-los em seu pa\u00eds.<\/p>\n<p>Cada uma de nossas garrafas de vidro para venda passa por uma inspe\u00e7\u00e3o rigorosa antes de ser embalada, o que garante a confian\u00e7a em nossa qualidade.<\/p>\n<p>O que \u00e9 importante \u00e9 nossa atitude em rela\u00e7\u00e3o aos clientes; responderemos pacientemente \u00e0s perguntas dos clientes.<\/p>\n<p>Queremos ter certeza de que nossos clientes entendem nossas garrafas de vidro transparente e que conhecemos todas as exig\u00eancias do cliente. A raz\u00e3o pela qual nossa f\u00e1brica tem tantos clientes antigos se deve \u00e0 nossa atitude consciente.<\/p>\n<p>Voc\u00ea tamb\u00e9m pode visitar nosso site, onde os tamanhos e tipos de garrafas de vidro est\u00e3o listados em detalhes acima. Voc\u00ea pode escolher sua garrafa de vidro favorita.<\/p>\n<h2>Onde comprar garrafas de vidro Garrafa de vidro de 500 ml<\/h2>\n<p>As informa\u00e7\u00f5es sobre a garrafa de vidro s\u00e3o as seguintes:<\/p>\n<ul>\n<li>Material principal: vidro com alto teor de s\u00edlex<\/li>\n<li>Tampa: Corti\u00e7a<\/li>\n<li>Refer\u00eancia: RS059<\/li>\n<li>MOQ: 10000 PCS<\/li>\n<li>Capacidade: Personalizada<\/li>\n<li>Pcs\/Ctn: 24pcs<\/li>\n<li>Origem do local: Shandong, China<\/li>\n<li>Caracter\u00edstica: Ecologicamente correto<\/li>\n<\/ul>\n<p>Tamb\u00e9m podemos personalizar a cor e a capacidade dessas garrafas vazias \u00e0 venda para atender \u00e0s suas necessidades espec\u00edficas. Se voc\u00ea n\u00e3o gostar desse tipo de garrafa de vidro para bebidas alco\u00f3licas, n\u00e3o tem problema. Posso lhe fornecer nosso cat\u00e1logo e voc\u00ea poder\u00e1 escolher a que mais lhe agradar.<\/p>\n<p>Acredito que teremos uma coopera\u00e7\u00e3o de longo prazo porque nossa qualidade atender\u00e1 consistentemente \u00e0s suas expectativas. Nossa equipe est\u00e1 dispon\u00edvel para responder \u00e0s suas perguntas 24 horas por dia, tanto on-line quanto por telefone.<\/p>\n<p>A coopera\u00e7\u00e3o de longo prazo \u00e9 baseada na confian\u00e7a. Espero que voc\u00ea possa confiar em nossos produtos; a qualidade de nossos produtos \u00e9 absolutamente boa.<\/p>\n<p>Se tiver alguma d\u00favida, n\u00e3o hesite em entrar em contato comigo a qualquer momento. Teremos prazer em respond\u00ea-las.<\/p>","protected":false},"excerpt":{"rendered":"<table class=\"tg\">\n<tbody>\n<tr>\n<th class=\"tg-24i8\" colspan=\"2\">Onde comprar garrafas de vidro Garrafa de vidro de 500 ml<\/th>\n<\/tr>\n<tr>\n<td class=\"tg-b7b8\">Refer\u00eancia:<\/td>\n<td class=\"tg-b7b8\">RS059<\/td>\n<\/tr>\n<tr>\n<td class=\"tg-yw4l\">Material principal:<\/td>\n<td class=\"tg-yw4l\">Vidro com alto teor de flint (esse material tamb\u00e9m \u00e9 chamado de vidro branco cristalino)<\/td>\n<\/tr>\n<tr>\n<td class=\"tg-b7b8\">Bon\u00e9:<\/td>\n<td class=\"tg-b7b8\">Corti\u00e7a<\/td>\n<\/tr>\n<tr>\n<td class=\"tg-yw4l\">Capacidade:<\/td>\n<td class=\"tg-yw4l\">Personalizado<\/td>\n<\/tr>\n<tr>\n<td class=\"tg-b7b8\">Recurso:<\/td>\n<td class=\"tg-b7b8\">Ecologicamente correto<\/td>\n<\/tr>\n<tr>\n<td class=\"tg-yw4l\">MOQ:<\/td>\n<td class=\"tg-yw4l\">10000 PCS<\/td>\n<\/tr>\n<tr>\n<td class=\"tg-b7b8\">Forma de embalagem:<\/td>\n<td class=\"tg-b7b8\">Caixa padr\u00e3o de exporta\u00e7\u00e3o \/ palete \/ caixa padr\u00e3o de exporta\u00e7\u00e3o e palete<\/td>\n<\/tr>\n<tr>\n<td class=\"tg-yw4l\">OEM\/ODM:<\/td>\n<td class=\"tg-yw4l\">Bem-vindo<\/td>\n<\/tr>\n<tr>\n<td class=\"tg-b7b8\">Origem do local:<\/td>\n<td class=\"tg-b7b8\">Shandong, China<\/td>\n<\/tr>\n<tr>\n<td class=\"tg-yw4l\">Pcs\/Ctn:<\/td>\n<td class=\"tg-yw4l\">24 unidades ou de acordo com a demanda do cliente<\/td>\n<\/tr>\n<\/tbody>\n<\/table>","protected":false},"featured_media":4279,"comment_status":"closed","ping_status":"closed","template":"","meta":[],"product_cat":[41,52],"class_list":{"0":"post-4278","1":"product","2":"type-product","3":"status-publish","4":"has-post-thumbnail","6":"product_cat-500ml-liquor-bottle-manufacturer","7":"product_cat-vodka-bottle","9":"first","10":"instock","11":"shipping-taxable","12":"product-type-simple"},"yoast_head":"<!-- This site is optimized with the Yoast SEO plugin v22.0 - https:\/\/yoast.com\/wordpress\/plugins\/seo\/ -->\n<title>Where To Buy Glass Bottles 500ml Glass Bottle-Ruisheng<\/title>\n<meta name=\"description\" content=\"Are you searching for a place where to buy glass bottles 500ml glass bottle? Ruisheng Wholesale 500ml glass bottles in factory outlet price.\" \/>\n<meta name=\"robots\" content=\"index, follow, max-snippet:-1, max-image-preview:large, max-video-preview:-1\" \/>\n<link rel=\"canonical\" href=\"https:\/\/ruishengglassco.com\/pt\/produto\/rs059-onde-comprar-garrafas-de-vidro-garrafa-de-vidro-de-500-ml\" \/>\n<meta property=\"og:locale\" content=\"pt_BR\" \/>\n<meta property=\"og:type\" content=\"article\" \/>\n<meta property=\"og:title\" content=\"Where To Buy Glass Bottles 500ml Glass Bottle-Ruisheng\" \/>\n<meta property=\"og:description\" content=\"Are you searching for a place where to buy glass bottles 500ml glass bottle? Ruisheng Wholesale 500ml glass bottles in factory outlet price.\" \/>\n<meta property=\"og:url\" content=\"https:\/\/ruishengglassco.com\/pt\/produto\/rs059-onde-comprar-garrafas-de-vidro-garrafa-de-vidro-de-500-ml\" \/>\n<meta property=\"article:publisher\" content=\"https:\/\/www.facebook.com\/ruishengglassbottles\" \/>\n<meta property=\"article:modified_time\" content=\"2025-09-11T07:56:21+00:00\" \/>\n<meta property=\"og:image\" content=\"https:\/\/ruishengglassco.com\/wp-content\/uploads\/2025\/03\/RS059-Where-to-buy-glass-bottles-500ml-glass-bottle.webp\" \/>\n\t<meta property=\"og:image:width\" content=\"800\" \/>\n\t<meta property=\"og:image:height\" content=\"800\" \/>\n\t<meta property=\"og:image:type\" content=\"image\/webp\" \/>\n<meta name=\"twitter:card\" content=\"summary_large_image\" \/>\n<meta name=\"twitter:label1\" content=\"Est. tempo de leitura\" \/>\n\t<meta name=\"twitter:data1\" content=\"2 minutos\" \/>\n<script type=\"application\/ld+json\" class=\"yoast-schema-graph\">{\"@context\":\"https:\/\/schema.org\",\"@graph\":[{\"@type\":\"WebPage\",\"@id\":\"https:\/\/ruishengglassco.com\/product\/rs059-where-to-buy-glass-bottles-500ml-glass-bottle\",\"url\":\"https:\/\/ruishengglassco.com\/product\/rs059-where-to-buy-glass-bottles-500ml-glass-bottle\",\"name\":\"Where To Buy Glass Bottles 500ml Glass Bottle-Ruisheng\",\"isPartOf\":{\"@id\":\"https:\/\/ruishengglassco.com\/#website\"},\"datePublished\":\"2025-03-15T03:35:25+00:00\",\"dateModified\":\"2025-09-11T07:56:21+00:00\",\"description\":\"Are you searching for a place where to buy glass bottles 500ml glass bottle? Ruisheng Wholesale 500ml glass bottles in factory outlet price.\",\"breadcrumb\":{\"@id\":\"https:\/\/ruishengglassco.com\/product\/rs059-where-to-buy-glass-bottles-500ml-glass-bottle#breadcrumb\"},\"inLanguage\":\"pt-BR\",\"potentialAction\":[{\"@type\":\"ReadAction\",\"target\":[\"https:\/\/ruishengglassco.com\/product\/rs059-where-to-buy-glass-bottles-500ml-glass-bottle\"]}]},{\"@type\":\"BreadcrumbList\",\"@id\":\"https:\/\/ruishengglassco.com\/product\/rs059-where-to-buy-glass-bottles-500ml-glass-bottle#breadcrumb\",\"itemListElement\":[{\"@type\":\"ListItem\",\"position\":1,\"name\":\"Home\",\"item\":\"https:\/\/ruishengglassco.com\/\"},{\"@type\":\"ListItem\",\"position\":2,\"name\":\"Products\",\"item\":\"https:\/\/ruishengglassco.com\/products\"},{\"@type\":\"ListItem\",\"position\":3,\"name\":\"RS059: Where To Buy Glass Bottles 500ml Glass Bottle\"}]},{\"@type\":\"WebSite\",\"@id\":\"https:\/\/ruishengglassco.com\/#website\",\"url\":\"https:\/\/ruishengglassco.com\/\",\"name\":\"Ruisheng Glass\",\"description\":\"\",\"publisher\":{\"@id\":\"https:\/\/ruishengglassco.com\/#organization\"},\"potentialAction\":[{\"@type\":\"SearchAction\",\"target\":{\"@type\":\"EntryPoint\",\"urlTemplate\":\"https:\/\/ruishengglassco.com\/?s={search_term_string}\"},\"query-input\":\"required name=search_term_string\"}],\"inLanguage\":\"pt-BR\"},{\"@type\":\"Organization\",\"@id\":\"https:\/\/ruishengglassco.com\/#organization\",\"name\":\"Shandong Yuncheng Ruisheng Glass Co., Ltd\",\"url\":\"https:\/\/ruishengglassco.com\/\",\"logo\":{\"@type\":\"ImageObject\",\"inLanguage\":\"pt-BR\",\"@id\":\"https:\/\/ruishengglassco.com\/#\/schema\/logo\/image\/\",\"url\":\"https:\/\/ruishengglassco.com\/wp-content\/uploads\/2023\/09\/ruisheng_logo_icon.webp\",\"contentUrl\":\"https:\/\/ruishengglassco.com\/wp-content\/uploads\/2023\/09\/ruisheng_logo_icon.webp\",\"width\":400,\"height\":233,\"caption\":\"Shandong Yuncheng Ruisheng Glass Co., Ltd\"},\"image\":{\"@id\":\"https:\/\/ruishengglassco.com\/#\/schema\/logo\/image\/\"},\"sameAs\":[\"https:\/\/www.facebook.com\/ruishengglassbottles\",\"https:\/\/www.instagram.com\/Ruishengglassbottlewholesales\/\",\"https:\/\/www.youtube.com\/channel\/UCMmbMNGwsL-XrtjfSFLCdVQ\"]}]}<\/script>\n<!-- \/ Yoast SEO plugin. -->","yoast_head_json":{"title":"Where To Buy Glass Bottles 500ml Glass Bottle-Ruisheng","description":"Are you searching for a place where to buy glass bottles 500ml glass bottle? Ruisheng Wholesale 500ml glass bottles in factory outlet price.","robots":{"index":"index","follow":"follow","max-snippet":"max-snippet:-1","max-image-preview":"max-image-preview:large","max-video-preview":"max-video-preview:-1"},"canonical":"https:\/\/ruishengglassco.com\/pt\/produto\/rs059-onde-comprar-garrafas-de-vidro-garrafa-de-vidro-de-500-ml","og_locale":"pt_BR","og_type":"article","og_title":"Where To Buy Glass Bottles 500ml Glass Bottle-Ruisheng","og_description":"Are you searching for a place where to buy glass bottles 500ml glass bottle? Ruisheng Wholesale 500ml glass bottles in factory outlet price.","og_url":"https:\/\/ruishengglassco.com\/pt\/produto\/rs059-onde-comprar-garrafas-de-vidro-garrafa-de-vidro-de-500-ml","article_publisher":"https:\/\/www.facebook.com\/ruishengglassbottles","article_modified_time":"2025-09-11T07:56:21+00:00","og_image":[{"width":800,"height":800,"url":"https:\/\/ruishengglassco.com\/wp-content\/uploads\/2025\/03\/RS059-Where-to-buy-glass-bottles-500ml-glass-bottle.webp","type":"image\/webp"}],"twitter_card":"summary_large_image","twitter_misc":{"Est. tempo de leitura":"2 minutos"},"schema":{"@context":"https:\/\/schema.org","@graph":[{"@type":"WebPage","@id":"https:\/\/ruishengglassco.com\/product\/rs059-where-to-buy-glass-bottles-500ml-glass-bottle","url":"https:\/\/ruishengglassco.com\/product\/rs059-where-to-buy-glass-bottles-500ml-glass-bottle","name":"Where To Buy Glass Bottles 500ml Glass Bottle-Ruisheng","isPartOf":{"@id":"https:\/\/ruishengglassco.com\/#website"},"datePublished":"2025-03-15T03:35:25+00:00","dateModified":"2025-09-11T07:56:21+00:00","description":"Are you searching for a place where to buy glass bottles 500ml glass bottle? Ruisheng Wholesale 500ml glass bottles in factory outlet price.","breadcrumb":{"@id":"https:\/\/ruishengglassco.com\/product\/rs059-where-to-buy-glass-bottles-500ml-glass-bottle#breadcrumb"},"inLanguage":"pt-BR","potentialAction":[{"@type":"ReadAction","target":["https:\/\/ruishengglassco.com\/product\/rs059-where-to-buy-glass-bottles-500ml-glass-bottle"]}]},{"@type":"BreadcrumbList","@id":"https:\/\/ruishengglassco.com\/product\/rs059-where-to-buy-glass-bottles-500ml-glass-bottle#breadcrumb","itemListElement":[{"@type":"ListItem","position":1,"name":"Home","item":"https:\/\/ruishengglassco.com\/"},{"@type":"ListItem","position":2,"name":"Products","item":"https:\/\/ruishengglassco.com\/products"},{"@type":"ListItem","position":3,"name":"RS059: Where To Buy Glass Bottles 500ml Glass Bottle"}]},{"@type":"WebSite","@id":"https:\/\/ruishengglassco.com\/#website","url":"https:\/\/ruishengglassco.com\/","name":"Ruisheng Glass","description":"","publisher":{"@id":"https:\/\/ruishengglassco.com\/#organization"},"potentialAction":[{"@type":"SearchAction","target":{"@type":"EntryPoint","urlTemplate":"https:\/\/ruishengglassco.com\/?s={search_term_string}"},"query-input":"required name=search_term_string"}],"inLanguage":"pt-BR"},{"@type":"Organization","@id":"https:\/\/ruishengglassco.com\/#organization","name":"Shandong Yuncheng Ruisheng Glass Co., Ltd","url":"https:\/\/ruishengglassco.com\/","logo":{"@type":"ImageObject","inLanguage":"pt-BR","@id":"https:\/\/ruishengglassco.com\/#\/schema\/logo\/image\/","url":"https:\/\/ruishengglassco.com\/wp-content\/uploads\/2023\/09\/ruisheng_logo_icon.webp","contentUrl":"https:\/\/ruishengglassco.com\/wp-content\/uploads\/2023\/09\/ruisheng_logo_icon.webp","width":400,"height":233,"caption":"Shandong Yuncheng Ruisheng Glass Co., Ltd"},"image":{"@id":"https:\/\/ruishengglassco.com\/#\/schema\/logo\/image\/"},"sameAs":["https:\/\/www.facebook.com\/ruishengglassbottles","https:\/\/www.instagram.com\/Ruishengglassbottlewholesales\/","https:\/\/www.youtube.com\/channel\/UCMmbMNGwsL-XrtjfSFLCdVQ"]}]}},"_links":{"self":[{"href":"https:\/\/ruishengglassco.com\/pt\/wp-json\/wp\/v2\/product\/4278","targetHints":{"allow":["GET"]}}],"collection":[{"href":"https:\/\/ruishengglassco.com\/pt\/wp-json\/wp\/v2\/product"}],"about":[{"href":"https:\/\/ruishengglassco.com\/pt\/wp-json\/wp\/v2\/types\/product"}],"replies":[{"embeddable":true,"href":"https:\/\/ruishengglassco.com\/pt\/wp-json\/wp\/v2\/comments?post=4278"}],"wp:featuredmedia":[{"embeddable":true,"href":"https:\/\/ruishengglassco.com\/pt\/wp-json\/wp\/v2\/media\/4279"}],"wp:attachment":[{"href":"https:\/\/ruishengglassco.com\/pt\/wp-json\/wp\/v2\/media?parent=4278"}],"wp:term":[{"taxonomy":"product_cat","embeddable":true,"href":"https:\/\/ruishengglassco.com\/pt\/wp-json\/wp\/v2\/product_cat?post=4278"}],"curies":[{"name":"wp","href":"https:\/\/api.w.org\/{rel}","templated":true}]}}