{"id":4276,"date":"2025-03-15T11:33:25","date_gmt":"2025-03-15T03:33:25","guid":{"rendered":"https:\/\/ruishengglassco.com\/?post_type=product&#038;p=4276"},"modified":"2025-09-11T16:28:03","modified_gmt":"2025-09-11T08:28:03","slug":"rs060-garrafas-de-alcool-personalizadas-por-atacado-700ml","status":"publish","type":"product","link":"https:\/\/ruishengglassco.com\/pt\/produto\/rs060-garrafas-de-alcool-personalizadas-por-atacado-700ml","title":{"rendered":"RS060: Fabricantes de garrafas de \u00e1lcool personalizadas de 700 ml"},"content":{"rendered":"<p>Essas garrafas de vidro com impress\u00e3o personalizada para destilados s\u00e3o produzidas pela Shandong Yuncheng Ruisheng Glass Co., Ltd., um dos principais fabricantes.<\/p>\n<p>Usamos mat\u00e9ria-prima de vidro flint de alta qualidade para fabricar essas garrafas de vidro de 700 ml. Nossas garrafas de atacado s\u00e3o mais claras, mais dur\u00e1veis e mais suaves do que as garrafas de vidro de outras f\u00e1bricas. Essas garrafas de vidro a granel s\u00e3o usadas principalmente para embalar e conservar destilados, u\u00edsque, conhaque, rum, bebidas e outras bebidas. Elas t\u00eam boa estanqueidade, transmiss\u00e3o de luz e est\u00e9tica. Al\u00e9m de manter a qualidade original do l\u00edquido, tamb\u00e9m pode aumentar o valor de destilados, u\u00edsque, conhaque, rum, bebidas e drinques. Mantenha seu l\u00edquido real apesar de meses de batismo.<\/p>\n<p>Temos verifica\u00e7\u00f5es rigorosas de controle de qualidade para essas garrafas de vidro para bebidas alco\u00f3licas. Nossa empresa tem mais de 500 funcion\u00e1rios, incluindo aproximadamente 30 funcion\u00e1rios de controle de qualidade e uma equipe de engenheiros qualificados. Com ampla experi\u00eancia, temos uma s\u00f3lida reputa\u00e7\u00e3o em todo o mundo.<\/p>\n<h2>Os detalhes dos fabricantes de garrafas de vidro com impress\u00e3o personalizada<\/h2>\n<p>As informa\u00e7\u00f5es do frasco de vidro de 700 ml s\u00e3o detalhadas:<\/p>\n<ul>\n<li>Material principal: vidro com alto teor de s\u00edlex<\/li>\n<li>Tampa: Corti\u00e7a<\/li>\n<li>Refer\u00eancia: RS060<\/li>\n<li>MOQ: 10000 PCS<\/li>\n<li>Capacidade: 700 ml<\/li>\n<li>Pcs\/Ctn: 24pcs<\/li>\n<li>Origem do local: Shandong, China<\/li>\n<li>Caracter\u00edstica: Ecologicamente correto<\/li>\n<\/ul>\n<p>Como h\u00e1 duas linhas de trem da nossa cidade para Qingdao, podemos enviar as garrafas de vidro transparente para o porto de Qingdao a qualquer momento. Com essa condi\u00e7\u00e3o de tr\u00e1fego conveniente, podemos enviar as garrafas de vidro para bebidas alco\u00f3licas para qualquer lugar do mundo a tempo e garantir que o cliente as receba logo.<\/p>\n<p>Nossos principais produtos s\u00e3o garrafas e potes de alta qualidade no atacado, incluindo uma garrafa de vidro de vodca, uma garrafa de conhaque transparente, uma garrafa de u\u00edsque sofisticada, uma garrafa de vidro de licor, uma garrafa de rum e muito mais. Tamb\u00e9m podemos oferecer outras garrafas de vidro com cores personalizadas, como verde, verde escuro e assim por diante. Nosso principal mercado inclui a Europa, os EUA e a Austr\u00e1lia. Todos os nossos produtos t\u00eam uma forte reputa\u00e7\u00e3o de inova\u00e7\u00e3o e funcionalidade.<\/p>\n<p>Se quiser saber mais sobre nosso servi\u00e7o de atacado de garrafas de vidro com impress\u00e3o personalizada, entre em contato conosco. Responderemos dentro de 24 horas e faremos o melhor para voc\u00ea.<\/p>\n<p>Confie em n\u00f3s e voc\u00ea obter\u00e1 as melhores garrafas de vidro de 700 ml ou garrafas de vidro com formato personalizado.<\/p>","protected":false},"excerpt":{"rendered":"<table class=\"tg\">\n<tbody>\n<tr>\n<th class=\"tg-24i8\" colspan=\"2\">Garrafas de vidro impressas personalizadas de 700 ml no atacado<\/th>\n<\/tr>\n<tr>\n<td class=\"tg-b7b8\">Refer\u00eancia:<\/td>\n<td class=\"tg-b7b8\">RS060<\/td>\n<\/tr>\n<tr>\n<td class=\"tg-yw4l\">Material principal:<\/td>\n<td class=\"tg-yw4l\">Vidro de s\u00edlex alto<\/td>\n<\/tr>\n<tr>\n<td class=\"tg-b7b8\">Bon\u00e9:<\/td>\n<td class=\"tg-b7b8\">Tampa de rosca<\/td>\n<\/tr>\n<tr>\n<td class=\"tg-yw4l\">Capacidade:<\/td>\n<td class=\"tg-yw4l\">700 ml<\/td>\n<\/tr>\n<tr>\n<td class=\"tg-b7b8\">Recurso:<\/td>\n<td class=\"tg-b7b8\">Ecologicamente correto<\/td>\n<\/tr>\n<tr>\n<td class=\"tg-yw4l\"><strong>MOQ:<\/strong><\/td>\n<td class=\"tg-yw4l\"><strong>10000 PCS<\/strong><\/td>\n<\/tr>\n<tr>\n<td class=\"tg-b7b8\">Forma de envio:<\/td>\n<td class=\"tg-b7b8\">Navio, expresso<\/td>\n<\/tr>\n<tr>\n<td class=\"tg-yw4l\">Cor<\/td>\n<td class=\"tg-yw4l\">Claro\/ Transparente<\/td>\n<\/tr>\n<tr>\n<td class=\"tg-b7b8\">Altura:<\/td>\n<td class=\"tg-b7b8\">230MM\u00b12MM<\/td>\n<\/tr>\n<tr>\n<td class=\"tg-yw4l\">Di\u00e2metro<\/td>\n<td class=\"tg-yw4l\">92MM\u00b12MM<\/td>\n<\/tr>\n<\/tbody>\n<\/table>","protected":false},"featured_media":4277,"comment_status":"closed","ping_status":"closed","template":"","meta":[],"product_cat":[44,45],"class_list":{"0":"post-4276","1":"product","2":"type-product","3":"status-publish","4":"has-post-thumbnail","6":"product_cat-700ml-liquor-bottle-manufacturer","7":"product_cat-custom-glass-bottle","9":"first","10":"instock","11":"shipping-taxable","12":"product-type-simple"},"yoast_head":"<!-- This site is optimized with the Yoast SEO plugin v22.0 - https:\/\/yoast.com\/wordpress\/plugins\/seo\/ -->\n<title>Custom Printed Glass Bottles Manufacturers | Clear Spirit Bottle Manufacturer<\/title>\n<meta name=\"description\" content=\"Ruisheng(RS), a top clear spirit bottle manufacturer, provide custom printed glass bottles wholesale service for liquor brands, companiesetc.\" \/>\n<meta name=\"robots\" content=\"index, follow, max-snippet:-1, max-image-preview:large, max-video-preview:-1\" \/>\n<link rel=\"canonical\" href=\"https:\/\/ruishengglassco.com\/pt\/produto\/rs060-garrafas-de-alcool-personalizadas-por-atacado-700ml\" \/>\n<meta property=\"og:locale\" content=\"pt_BR\" \/>\n<meta property=\"og:type\" content=\"article\" \/>\n<meta property=\"og:title\" content=\"Custom Printed Glass Bottles Manufacturers | Clear Spirit Bottle Manufacturer\" \/>\n<meta property=\"og:description\" content=\"Ruisheng(RS), a top clear spirit bottle manufacturer, provide custom printed glass bottles wholesale service for liquor brands, companiesetc.\" \/>\n<meta property=\"og:url\" content=\"https:\/\/ruishengglassco.com\/pt\/produto\/rs060-garrafas-de-alcool-personalizadas-por-atacado-700ml\" \/>\n<meta property=\"article:publisher\" content=\"https:\/\/www.facebook.com\/ruishengglassbottles\" \/>\n<meta property=\"article:modified_time\" content=\"2025-09-11T08:28:03+00:00\" \/>\n<meta property=\"og:image\" content=\"https:\/\/ruishengglassco.com\/wp-content\/uploads\/2025\/03\/RS060-Personalized-Alcohol-Bottles-Wholesale-700ml.webp\" \/>\n\t<meta property=\"og:image:width\" content=\"800\" \/>\n\t<meta property=\"og:image:height\" content=\"800\" \/>\n\t<meta property=\"og:image:type\" content=\"image\/webp\" \/>\n<meta name=\"twitter:card\" content=\"summary_large_image\" \/>\n<meta name=\"twitter:label1\" content=\"Est. tempo de leitura\" \/>\n\t<meta name=\"twitter:data1\" content=\"2 minutos\" \/>\n<script type=\"application\/ld+json\" class=\"yoast-schema-graph\">{\"@context\":\"https:\/\/schema.org\",\"@graph\":[{\"@type\":\"WebPage\",\"@id\":\"https:\/\/ruishengglassco.com\/product\/rs060-personalized-alcohol-bottles-wholesale-700ml\",\"url\":\"https:\/\/ruishengglassco.com\/product\/rs060-personalized-alcohol-bottles-wholesale-700ml\",\"name\":\"Custom Printed Glass Bottles Manufacturers | Clear Spirit Bottle Manufacturer\",\"isPartOf\":{\"@id\":\"https:\/\/ruishengglassco.com\/#website\"},\"datePublished\":\"2025-03-15T03:33:25+00:00\",\"dateModified\":\"2025-09-11T08:28:03+00:00\",\"description\":\"Ruisheng(RS), a top clear spirit bottle manufacturer, provide custom printed glass bottles wholesale service for liquor brands, companiesetc.\",\"breadcrumb\":{\"@id\":\"https:\/\/ruishengglassco.com\/product\/rs060-personalized-alcohol-bottles-wholesale-700ml#breadcrumb\"},\"inLanguage\":\"pt-BR\",\"potentialAction\":[{\"@type\":\"ReadAction\",\"target\":[\"https:\/\/ruishengglassco.com\/product\/rs060-personalized-alcohol-bottles-wholesale-700ml\"]}]},{\"@type\":\"BreadcrumbList\",\"@id\":\"https:\/\/ruishengglassco.com\/product\/rs060-personalized-alcohol-bottles-wholesale-700ml#breadcrumb\",\"itemListElement\":[{\"@type\":\"ListItem\",\"position\":1,\"name\":\"Home\",\"item\":\"https:\/\/ruishengglassco.com\/\"},{\"@type\":\"ListItem\",\"position\":2,\"name\":\"Products\",\"item\":\"https:\/\/ruishengglassco.com\/products\"},{\"@type\":\"ListItem\",\"position\":3,\"name\":\"RS060: Personalized Alcohol Bottles Manufacturers 700ml\"}]},{\"@type\":\"WebSite\",\"@id\":\"https:\/\/ruishengglassco.com\/#website\",\"url\":\"https:\/\/ruishengglassco.com\/\",\"name\":\"Ruisheng Glass\",\"description\":\"\",\"publisher\":{\"@id\":\"https:\/\/ruishengglassco.com\/#organization\"},\"potentialAction\":[{\"@type\":\"SearchAction\",\"target\":{\"@type\":\"EntryPoint\",\"urlTemplate\":\"https:\/\/ruishengglassco.com\/?s={search_term_string}\"},\"query-input\":\"required name=search_term_string\"}],\"inLanguage\":\"pt-BR\"},{\"@type\":\"Organization\",\"@id\":\"https:\/\/ruishengglassco.com\/#organization\",\"name\":\"Shandong Yuncheng Ruisheng Glass Co., Ltd\",\"url\":\"https:\/\/ruishengglassco.com\/\",\"logo\":{\"@type\":\"ImageObject\",\"inLanguage\":\"pt-BR\",\"@id\":\"https:\/\/ruishengglassco.com\/#\/schema\/logo\/image\/\",\"url\":\"https:\/\/ruishengglassco.com\/wp-content\/uploads\/2023\/09\/ruisheng_logo_icon.webp\",\"contentUrl\":\"https:\/\/ruishengglassco.com\/wp-content\/uploads\/2023\/09\/ruisheng_logo_icon.webp\",\"width\":400,\"height\":233,\"caption\":\"Shandong Yuncheng Ruisheng Glass Co., Ltd\"},\"image\":{\"@id\":\"https:\/\/ruishengglassco.com\/#\/schema\/logo\/image\/\"},\"sameAs\":[\"https:\/\/www.facebook.com\/ruishengglassbottles\",\"https:\/\/www.instagram.com\/Ruishengglassbottlewholesales\/\",\"https:\/\/www.youtube.com\/channel\/UCMmbMNGwsL-XrtjfSFLCdVQ\"]}]}<\/script>\n<!-- \/ Yoast SEO plugin. -->","yoast_head_json":{"title":"Custom Printed Glass Bottles Manufacturers | Clear Spirit Bottle Manufacturer","description":"Ruisheng(RS), a top clear spirit bottle manufacturer, provide custom printed glass bottles wholesale service for liquor brands, companiesetc.","robots":{"index":"index","follow":"follow","max-snippet":"max-snippet:-1","max-image-preview":"max-image-preview:large","max-video-preview":"max-video-preview:-1"},"canonical":"https:\/\/ruishengglassco.com\/pt\/produto\/rs060-garrafas-de-alcool-personalizadas-por-atacado-700ml","og_locale":"pt_BR","og_type":"article","og_title":"Custom Printed Glass Bottles Manufacturers | Clear Spirit Bottle Manufacturer","og_description":"Ruisheng(RS), a top clear spirit bottle manufacturer, provide custom printed glass bottles wholesale service for liquor brands, companiesetc.","og_url":"https:\/\/ruishengglassco.com\/pt\/produto\/rs060-garrafas-de-alcool-personalizadas-por-atacado-700ml","article_publisher":"https:\/\/www.facebook.com\/ruishengglassbottles","article_modified_time":"2025-09-11T08:28:03+00:00","og_image":[{"width":800,"height":800,"url":"https:\/\/ruishengglassco.com\/wp-content\/uploads\/2025\/03\/RS060-Personalized-Alcohol-Bottles-Wholesale-700ml.webp","type":"image\/webp"}],"twitter_card":"summary_large_image","twitter_misc":{"Est. tempo de leitura":"2 minutos"},"schema":{"@context":"https:\/\/schema.org","@graph":[{"@type":"WebPage","@id":"https:\/\/ruishengglassco.com\/product\/rs060-personalized-alcohol-bottles-wholesale-700ml","url":"https:\/\/ruishengglassco.com\/product\/rs060-personalized-alcohol-bottles-wholesale-700ml","name":"Custom Printed Glass Bottles Manufacturers | Clear Spirit Bottle Manufacturer","isPartOf":{"@id":"https:\/\/ruishengglassco.com\/#website"},"datePublished":"2025-03-15T03:33:25+00:00","dateModified":"2025-09-11T08:28:03+00:00","description":"Ruisheng(RS), a top clear spirit bottle manufacturer, provide custom printed glass bottles wholesale service for liquor brands, companiesetc.","breadcrumb":{"@id":"https:\/\/ruishengglassco.com\/product\/rs060-personalized-alcohol-bottles-wholesale-700ml#breadcrumb"},"inLanguage":"pt-BR","potentialAction":[{"@type":"ReadAction","target":["https:\/\/ruishengglassco.com\/product\/rs060-personalized-alcohol-bottles-wholesale-700ml"]}]},{"@type":"BreadcrumbList","@id":"https:\/\/ruishengglassco.com\/product\/rs060-personalized-alcohol-bottles-wholesale-700ml#breadcrumb","itemListElement":[{"@type":"ListItem","position":1,"name":"Home","item":"https:\/\/ruishengglassco.com\/"},{"@type":"ListItem","position":2,"name":"Products","item":"https:\/\/ruishengglassco.com\/products"},{"@type":"ListItem","position":3,"name":"RS060: Personalized Alcohol Bottles Manufacturers 700ml"}]},{"@type":"WebSite","@id":"https:\/\/ruishengglassco.com\/#website","url":"https:\/\/ruishengglassco.com\/","name":"Ruisheng Glass","description":"","publisher":{"@id":"https:\/\/ruishengglassco.com\/#organization"},"potentialAction":[{"@type":"SearchAction","target":{"@type":"EntryPoint","urlTemplate":"https:\/\/ruishengglassco.com\/?s={search_term_string}"},"query-input":"required name=search_term_string"}],"inLanguage":"pt-BR"},{"@type":"Organization","@id":"https:\/\/ruishengglassco.com\/#organization","name":"Shandong Yuncheng Ruisheng Glass Co., Ltd","url":"https:\/\/ruishengglassco.com\/","logo":{"@type":"ImageObject","inLanguage":"pt-BR","@id":"https:\/\/ruishengglassco.com\/#\/schema\/logo\/image\/","url":"https:\/\/ruishengglassco.com\/wp-content\/uploads\/2023\/09\/ruisheng_logo_icon.webp","contentUrl":"https:\/\/ruishengglassco.com\/wp-content\/uploads\/2023\/09\/ruisheng_logo_icon.webp","width":400,"height":233,"caption":"Shandong Yuncheng Ruisheng Glass Co., Ltd"},"image":{"@id":"https:\/\/ruishengglassco.com\/#\/schema\/logo\/image\/"},"sameAs":["https:\/\/www.facebook.com\/ruishengglassbottles","https:\/\/www.instagram.com\/Ruishengglassbottlewholesales\/","https:\/\/www.youtube.com\/channel\/UCMmbMNGwsL-XrtjfSFLCdVQ"]}]}},"_links":{"self":[{"href":"https:\/\/ruishengglassco.com\/pt\/wp-json\/wp\/v2\/product\/4276","targetHints":{"allow":["GET"]}}],"collection":[{"href":"https:\/\/ruishengglassco.com\/pt\/wp-json\/wp\/v2\/product"}],"about":[{"href":"https:\/\/ruishengglassco.com\/pt\/wp-json\/wp\/v2\/types\/product"}],"replies":[{"embeddable":true,"href":"https:\/\/ruishengglassco.com\/pt\/wp-json\/wp\/v2\/comments?post=4276"}],"wp:featuredmedia":[{"embeddable":true,"href":"https:\/\/ruishengglassco.com\/pt\/wp-json\/wp\/v2\/media\/4277"}],"wp:attachment":[{"href":"https:\/\/ruishengglassco.com\/pt\/wp-json\/wp\/v2\/media?parent=4276"}],"wp:term":[{"taxonomy":"product_cat","embeddable":true,"href":"https:\/\/ruishengglassco.com\/pt\/wp-json\/wp\/v2\/product_cat?post=4276"}],"curies":[{"name":"wp","href":"https:\/\/api.w.org\/{rel}","templated":true}]}}