{"id":4272,"date":"2025-03-15T11:27:32","date_gmt":"2025-03-15T03:27:32","guid":{"rendered":"https:\/\/ruishengglassco.com\/?post_type=product&#038;p=4272"},"modified":"2025-03-26T14:53:49","modified_gmt":"2025-03-26T06:53:49","slug":"rs062-garrafas-de-vodca-de-vidro-de-1-litro-com-rolhas-no-atacado","status":"publish","type":"product","link":"https:\/\/ruishengglassco.com\/pt\/produto\/rs062-garrafas-de-vodca-de-vidro-de-1-litro-com-rolhas-no-atacado","title":{"rendered":"RS062: Fabricantes de garrafas de vodca de vidro de 1 litro com rolhas"},"content":{"rendered":"<p>A Ruisheng, um dos maiores fornecedores de garrafas de vodca da China, oferece essa garrafa grande de vodca a pre\u00e7o de atacado. Essa garrafa de vidro de 1000 ml com rolha \u00e9 uma das grandes garrafas de vodca.<\/p>\n<p>Oferecemos uma ampla variedade de garrafas de vidro de 1000 ml, como garrafas de conhaque, garrafas de rum, garrafas de vodca, garrafas de u\u00edsque, garrafas de gim e garrafas de vinho etc. Elas est\u00e3o dispon\u00edveis em todos os formatos, tamanhos e cores, como de 50 ml a 3.000 ml, de formato normal a formato personalizado, de cor de s\u00edlex a cor preta. H\u00e1 12 linhas de produ\u00e7\u00e3o em nossa f\u00e1brica, o que garante a produ\u00e7\u00e3o de produtos de qualidade no mercado.<\/p>\n<p>A garrafa grande de vodca \u00e9 uma garrafa de vidro de cano alto. Normalmente, serve para armazenar vodca, mas tamb\u00e9m pode ser usada para armazenar u\u00edsque, conhaque e outros l\u00edquidos. Nossas garrafas de vodca exclusivas s\u00e3o fabricadas por uma m\u00e1quina avan\u00e7ada de fabrica\u00e7\u00e3o de garrafas de vidro - a m\u00e1quina IS. Essa m\u00e1quina \u00e9 totalmente autom\u00e1tica e n\u00e3o precisa de muitas pessoas.<\/p>\n<p>H\u00e1 muitas garrafas de vidro similares no atacado para essas garrafas, como 250 ml, 375 ml, 500 ml, 700 ml e assim por diante. A tampa dessa garrafa de vidro \u00e9 de corti\u00e7a. Oferecemos a corti\u00e7a em diferentes tamanhos, materiais e cores. Podemos oferecer qualquer rolha que voc\u00ea queira. 83 mm.<\/p>\n<h2>Os detalhes do pre\u00e7o do fabricante dessa garrafa grande de vodca<\/h2>\n<p>Essa garrafa de vidro de 1000 ml com rolha \u00e9 fabricada com material de vidro de s\u00edlex alto\/vidro branco cristalino. O peso do vidro \u00e9 de 850g e a garrafa de vodca tem fundo grosso, o que torna a garrafa de vidro de alta qualidade. O tamanho dessa garrafa grande de vodca \u00e9 de 90 x 283 mm. Seu di\u00e2metro externo da boca \u00e9 de 34,5 mm e o di\u00e2metro interno da boca \u00e9 de 21,2 mm. Essa melhor garrafa de vodca \u00e9 adequada para rolha em T de 22,5 mm. E a rolha pode ser a que voc\u00ea quiser.<\/p>\n<p>H\u00e1 mais de 10 funcion\u00e1rios e designers de QC em nossa f\u00e1brica. Tamb\u00e9m aceitamos pedidos de OEM. Seja qual for o frasco desejado, voc\u00ea pode nos informar e n\u00f3s o desenharemos e fabricaremos de acordo com suas demandas.<\/p>\n<p>&nbsp;<\/p>","protected":false},"excerpt":{"rendered":"<table class=\"tg\">\n<tbody>\n<tr>\n<th class=\"tg-hjji\" colspan=\"2\">Garrafa grande de vodca a pre\u00e7o de atacado<\/th>\n<\/tr>\n<tr>\n<td class=\"tg-b7b8\">Capacidade<\/td>\n<td class=\"tg-b7b8\">1000ml 1,5L<\/td>\n<\/tr>\n<tr>\n<td class=\"tg-yw4l\">Material<\/td>\n<td class=\"tg-yw4l\">Material de vidro super flint, material de vidro high flint<\/td>\n<\/tr>\n<tr>\n<td class=\"tg-b7b8\">Tipo de veda\u00e7\u00e3o<\/td>\n<td class=\"tg-b7b8\">Corti\u00e7a, tampa guala, tampa de rosca<\/td>\n<\/tr>\n<tr>\n<td class=\"tg-yw4l\">Superf\u00edcie<\/td>\n<td class=\"tg-yw4l\">Frost, decalque, pintura, hot stamping, relevo, impress\u00e3o, gloden, serigrafia<\/td>\n<\/tr>\n<tr>\n<td class=\"tg-b7b8\">Amostra<\/td>\n<td class=\"tg-b7b8\">Gr\u00e1tis usando nosso molde existente<\/td>\n<\/tr>\n<tr>\n<td class=\"tg-yw4l\">Prazo de entrega<\/td>\n<td class=\"tg-yw4l\">20 a 30 dias para produtos em massa<\/td>\n<\/tr>\n<tr>\n<td class=\"tg-b7b8\">Porto<\/td>\n<td class=\"tg-b7b8\">Qingdao, China<\/td>\n<\/tr>\n<tr>\n<td class=\"tg-yw4l\">Pagamento<\/td>\n<td class=\"tg-yw4l\">T\/T, Paypal, Garantia de transfer\u00eancia<\/td>\n<\/tr>\n<\/tbody>\n<\/table>","protected":false},"featured_media":4273,"comment_status":"closed","ping_status":"closed","template":"","meta":[],"product_cat":[43,52],"class_list":{"0":"post-4272","1":"product","2":"type-product","3":"status-publish","4":"has-post-thumbnail","6":"product_cat-1000ml-liquor-bottle-manufacturer","7":"product_cat-vodka-bottle","9":"first","10":"instock","11":"shipping-taxable","12":"product-type-simple"},"yoast_head":"<!-- This site is optimized with the Yoast SEO plugin v22.0 - https:\/\/yoast.com\/wordpress\/plugins\/seo\/ -->\n<title>Big Bottle of Vodka Manufacturers Price|1 liter Glass Bottle With Corks<\/title>\n<meta name=\"description\" content=\"Big Bottle of Vodka Factory Price. 100% quality assurance.Also provide 1000ml glass bottle wholesale for brandy, rum , vodka, whiksey, gin and wine ect.\" \/>\n<meta name=\"robots\" content=\"index, follow, max-snippet:-1, max-image-preview:large, max-video-preview:-1\" \/>\n<link rel=\"canonical\" href=\"https:\/\/ruishengglassco.com\/pt\/produto\/rs062-garrafas-de-vodca-de-vidro-de-1-litro-com-rolhas-no-atacado\" \/>\n<meta property=\"og:locale\" content=\"pt_BR\" \/>\n<meta property=\"og:type\" content=\"article\" \/>\n<meta property=\"og:title\" content=\"Big Bottle of Vodka Manufacturers Price|1 liter Glass Bottle With Corks\" \/>\n<meta property=\"og:description\" content=\"Big Bottle of Vodka Factory Price. 100% quality assurance.Also provide 1000ml glass bottle wholesale for brandy, rum , vodka, whiksey, gin and wine ect.\" \/>\n<meta property=\"og:url\" content=\"https:\/\/ruishengglassco.com\/pt\/produto\/rs062-garrafas-de-vodca-de-vidro-de-1-litro-com-rolhas-no-atacado\" \/>\n<meta property=\"article:publisher\" content=\"https:\/\/www.facebook.com\/ruishengglassbottles\" \/>\n<meta property=\"article:modified_time\" content=\"2025-03-26T06:53:49+00:00\" \/>\n<meta property=\"og:image\" content=\"https:\/\/ruishengglassco.com\/wp-content\/uploads\/2025\/03\/RS062-1-Liter-Glass-Vodka-Bottles-Wholesale-With-Corks.webp\" \/>\n\t<meta property=\"og:image:width\" content=\"800\" \/>\n\t<meta property=\"og:image:height\" content=\"800\" \/>\n\t<meta property=\"og:image:type\" content=\"image\/webp\" \/>\n<meta name=\"twitter:card\" content=\"summary_large_image\" \/>\n<meta name=\"twitter:label1\" content=\"Est. tempo de leitura\" \/>\n\t<meta name=\"twitter:data1\" content=\"2 minutos\" \/>\n<script type=\"application\/ld+json\" class=\"yoast-schema-graph\">{\"@context\":\"https:\/\/schema.org\",\"@graph\":[{\"@type\":\"WebPage\",\"@id\":\"https:\/\/ruishengglassco.com\/product\/rs062-1-liter-glass-vodka-bottles-manufacturers-with-corks\",\"url\":\"https:\/\/ruishengglassco.com\/product\/rs062-1-liter-glass-vodka-bottles-manufacturers-with-corks\",\"name\":\"Big Bottle of Vodka Manufacturers Price|1 liter Glass Bottle With Corks\",\"isPartOf\":{\"@id\":\"https:\/\/ruishengglassco.com\/#website\"},\"datePublished\":\"2025-03-15T03:27:32+00:00\",\"dateModified\":\"2025-03-26T06:53:49+00:00\",\"description\":\"Big Bottle of Vodka Factory Price. 100% quality assurance.Also provide 1000ml glass bottle wholesale for brandy, rum , vodka, whiksey, gin and wine ect.\",\"breadcrumb\":{\"@id\":\"https:\/\/ruishengglassco.com\/product\/rs062-1-liter-glass-vodka-bottles-manufacturers-with-corks#breadcrumb\"},\"inLanguage\":\"pt-BR\",\"potentialAction\":[{\"@type\":\"ReadAction\",\"target\":[\"https:\/\/ruishengglassco.com\/product\/rs062-1-liter-glass-vodka-bottles-manufacturers-with-corks\"]}]},{\"@type\":\"BreadcrumbList\",\"@id\":\"https:\/\/ruishengglassco.com\/product\/rs062-1-liter-glass-vodka-bottles-manufacturers-with-corks#breadcrumb\",\"itemListElement\":[{\"@type\":\"ListItem\",\"position\":1,\"name\":\"Home\",\"item\":\"https:\/\/ruishengglassco.com\/\"},{\"@type\":\"ListItem\",\"position\":2,\"name\":\"Products\",\"item\":\"https:\/\/ruishengglassco.com\/products\"},{\"@type\":\"ListItem\",\"position\":3,\"name\":\"RS062: 1 Liter Glass Vodka Bottles Manufacturers With Corks\"}]},{\"@type\":\"WebSite\",\"@id\":\"https:\/\/ruishengglassco.com\/#website\",\"url\":\"https:\/\/ruishengglassco.com\/\",\"name\":\"Ruisheng Glass\",\"description\":\"\",\"publisher\":{\"@id\":\"https:\/\/ruishengglassco.com\/#organization\"},\"potentialAction\":[{\"@type\":\"SearchAction\",\"target\":{\"@type\":\"EntryPoint\",\"urlTemplate\":\"https:\/\/ruishengglassco.com\/?s={search_term_string}\"},\"query-input\":\"required name=search_term_string\"}],\"inLanguage\":\"pt-BR\"},{\"@type\":\"Organization\",\"@id\":\"https:\/\/ruishengglassco.com\/#organization\",\"name\":\"Shandong Yuncheng Ruisheng Glass Co., Ltd\",\"url\":\"https:\/\/ruishengglassco.com\/\",\"logo\":{\"@type\":\"ImageObject\",\"inLanguage\":\"pt-BR\",\"@id\":\"https:\/\/ruishengglassco.com\/#\/schema\/logo\/image\/\",\"url\":\"https:\/\/ruishengglassco.com\/wp-content\/uploads\/2023\/09\/ruisheng_logo_icon.webp\",\"contentUrl\":\"https:\/\/ruishengglassco.com\/wp-content\/uploads\/2023\/09\/ruisheng_logo_icon.webp\",\"width\":400,\"height\":233,\"caption\":\"Shandong Yuncheng Ruisheng Glass Co., Ltd\"},\"image\":{\"@id\":\"https:\/\/ruishengglassco.com\/#\/schema\/logo\/image\/\"},\"sameAs\":[\"https:\/\/www.facebook.com\/ruishengglassbottles\",\"https:\/\/www.instagram.com\/Ruishengglassbottlewholesales\/\",\"https:\/\/www.youtube.com\/channel\/UCMmbMNGwsL-XrtjfSFLCdVQ\"]}]}<\/script>\n<!-- \/ Yoast SEO plugin. -->","yoast_head_json":{"title":"Big Bottle of Vodka Manufacturers Price|1 liter Glass Bottle With Corks","description":"Big Bottle of Vodka Factory Price. 100% quality assurance.Also provide 1000ml glass bottle wholesale for brandy, rum , vodka, whiksey, gin and wine ect.","robots":{"index":"index","follow":"follow","max-snippet":"max-snippet:-1","max-image-preview":"max-image-preview:large","max-video-preview":"max-video-preview:-1"},"canonical":"https:\/\/ruishengglassco.com\/pt\/produto\/rs062-garrafas-de-vodca-de-vidro-de-1-litro-com-rolhas-no-atacado","og_locale":"pt_BR","og_type":"article","og_title":"Big Bottle of Vodka Manufacturers Price|1 liter Glass Bottle With Corks","og_description":"Big Bottle of Vodka Factory Price. 100% quality assurance.Also provide 1000ml glass bottle wholesale for brandy, rum , vodka, whiksey, gin and wine ect.","og_url":"https:\/\/ruishengglassco.com\/pt\/produto\/rs062-garrafas-de-vodca-de-vidro-de-1-litro-com-rolhas-no-atacado","article_publisher":"https:\/\/www.facebook.com\/ruishengglassbottles","article_modified_time":"2025-03-26T06:53:49+00:00","og_image":[{"width":800,"height":800,"url":"https:\/\/ruishengglassco.com\/wp-content\/uploads\/2025\/03\/RS062-1-Liter-Glass-Vodka-Bottles-Wholesale-With-Corks.webp","type":"image\/webp"}],"twitter_card":"summary_large_image","twitter_misc":{"Est. tempo de leitura":"2 minutos"},"schema":{"@context":"https:\/\/schema.org","@graph":[{"@type":"WebPage","@id":"https:\/\/ruishengglassco.com\/product\/rs062-1-liter-glass-vodka-bottles-manufacturers-with-corks","url":"https:\/\/ruishengglassco.com\/product\/rs062-1-liter-glass-vodka-bottles-manufacturers-with-corks","name":"Big Bottle of Vodka Manufacturers Price|1 liter Glass Bottle With Corks","isPartOf":{"@id":"https:\/\/ruishengglassco.com\/#website"},"datePublished":"2025-03-15T03:27:32+00:00","dateModified":"2025-03-26T06:53:49+00:00","description":"Big Bottle of Vodka Factory Price. 100% quality assurance.Also provide 1000ml glass bottle wholesale for brandy, rum , vodka, whiksey, gin and wine ect.","breadcrumb":{"@id":"https:\/\/ruishengglassco.com\/product\/rs062-1-liter-glass-vodka-bottles-manufacturers-with-corks#breadcrumb"},"inLanguage":"pt-BR","potentialAction":[{"@type":"ReadAction","target":["https:\/\/ruishengglassco.com\/product\/rs062-1-liter-glass-vodka-bottles-manufacturers-with-corks"]}]},{"@type":"BreadcrumbList","@id":"https:\/\/ruishengglassco.com\/product\/rs062-1-liter-glass-vodka-bottles-manufacturers-with-corks#breadcrumb","itemListElement":[{"@type":"ListItem","position":1,"name":"Home","item":"https:\/\/ruishengglassco.com\/"},{"@type":"ListItem","position":2,"name":"Products","item":"https:\/\/ruishengglassco.com\/products"},{"@type":"ListItem","position":3,"name":"RS062: 1 Liter Glass Vodka Bottles Manufacturers With Corks"}]},{"@type":"WebSite","@id":"https:\/\/ruishengglassco.com\/#website","url":"https:\/\/ruishengglassco.com\/","name":"Ruisheng Glass","description":"","publisher":{"@id":"https:\/\/ruishengglassco.com\/#organization"},"potentialAction":[{"@type":"SearchAction","target":{"@type":"EntryPoint","urlTemplate":"https:\/\/ruishengglassco.com\/?s={search_term_string}"},"query-input":"required name=search_term_string"}],"inLanguage":"pt-BR"},{"@type":"Organization","@id":"https:\/\/ruishengglassco.com\/#organization","name":"Shandong Yuncheng Ruisheng Glass Co., Ltd","url":"https:\/\/ruishengglassco.com\/","logo":{"@type":"ImageObject","inLanguage":"pt-BR","@id":"https:\/\/ruishengglassco.com\/#\/schema\/logo\/image\/","url":"https:\/\/ruishengglassco.com\/wp-content\/uploads\/2023\/09\/ruisheng_logo_icon.webp","contentUrl":"https:\/\/ruishengglassco.com\/wp-content\/uploads\/2023\/09\/ruisheng_logo_icon.webp","width":400,"height":233,"caption":"Shandong Yuncheng Ruisheng Glass Co., Ltd"},"image":{"@id":"https:\/\/ruishengglassco.com\/#\/schema\/logo\/image\/"},"sameAs":["https:\/\/www.facebook.com\/ruishengglassbottles","https:\/\/www.instagram.com\/Ruishengglassbottlewholesales\/","https:\/\/www.youtube.com\/channel\/UCMmbMNGwsL-XrtjfSFLCdVQ"]}]}},"_links":{"self":[{"href":"https:\/\/ruishengglassco.com\/pt\/wp-json\/wp\/v2\/product\/4272","targetHints":{"allow":["GET"]}}],"collection":[{"href":"https:\/\/ruishengglassco.com\/pt\/wp-json\/wp\/v2\/product"}],"about":[{"href":"https:\/\/ruishengglassco.com\/pt\/wp-json\/wp\/v2\/types\/product"}],"replies":[{"embeddable":true,"href":"https:\/\/ruishengglassco.com\/pt\/wp-json\/wp\/v2\/comments?post=4272"}],"wp:featuredmedia":[{"embeddable":true,"href":"https:\/\/ruishengglassco.com\/pt\/wp-json\/wp\/v2\/media\/4273"}],"wp:attachment":[{"href":"https:\/\/ruishengglassco.com\/pt\/wp-json\/wp\/v2\/media?parent=4272"}],"wp:term":[{"taxonomy":"product_cat","embeddable":true,"href":"https:\/\/ruishengglassco.com\/pt\/wp-json\/wp\/v2\/product_cat?post=4272"}],"curies":[{"name":"wp","href":"https:\/\/api.w.org\/{rel}","templated":true}]}}