{"id":4270,"date":"2025-03-15T11:25:02","date_gmt":"2025-03-15T03:25:02","guid":{"rendered":"https:\/\/ruishengglassco.com\/?post_type=product&#038;p=4270"},"modified":"2025-09-11T16:28:10","modified_gmt":"2025-09-11T08:28:10","slug":"rs064-700ml-garrafas-de-vidro-incomuns-para-bebidas-alcoolicas-preco-a-granel","status":"publish","type":"product","link":"https:\/\/ruishengglassco.com\/pt\/produto\/rs064-700ml-garrafas-de-vidro-incomuns-para-bebidas-alcoolicas-preco-a-granel","title":{"rendered":"RS064: Garrafas de vidro incomuns de 700 ml para bebidas alco\u00f3licas a granel"},"content":{"rendered":"<p>Essa garrafa de vidro incomum para bebidas alco\u00f3licas de 700 ml \u00e9 uma garrafa de vidro espec\u00edfica. Seu formato n\u00e3o \u00e9 o formato comum de uma garrafa de vodca, de brandy ou de outras garrafas de bebidas. Essas garrafas de vidro se parecem com <span id=\"result_box\" class=\"short_text\" lang=\"en\" tabindex=\"-1\"><span class=\"\">um punho que estica um dedo. E h\u00e1 um espa\u00e7o em forma de cora\u00e7\u00e3o nas garrafas de vidro. <\/span><\/span><\/p>\n<p>Essas garrafas de bebidas espirituosas de vidro incomuns de 700 ml s\u00e3o garrafas de vidro flint. Podemos pintar qualquer cor nessa garrafa de vidro, se voc\u00ea precisar, como verde, preto, dourado e assim por diante. H\u00e1 uma zona redonda nas garrafas de vidro para bebidas alco\u00f3licas, onde podemos colocar seu logotipo, n\u00e3o importa o logotipo de papel, mas tamb\u00e9m o logotipo de pl\u00e1stico, o logotipo de metal e outros.<\/p>\n<p>Nossas garrafas de vidro para bebidas alco\u00f3licas s\u00e3o fabricadas em uma m\u00e1quina avan\u00e7ada - m\u00e1quinas totalmente autom\u00e1ticas 8S. H\u00e1 4 linhas de produ\u00e7\u00e3o em cada m\u00e1quina e temos 2 m\u00e1quinas 8S totalmente autom\u00e1ticas e 1 m\u00e1quina 6S semiautom\u00e1tica. Portanto, h\u00e1 12 linhas de produ\u00e7\u00e3o em nossa f\u00e1brica, e nossa produ\u00e7\u00e3o \u00e9 de 120.000 garrafas por dia. N\u00e3o importa se o seu pedido \u00e9 pequeno ou grande, tamb\u00e9m podemos finaliz\u00e1-lo e envi\u00e1-lo a tempo.<\/p>\n<p>O acabamento do fechamento de nossas garrafas de vidro \u00e9 a tampa guala. Com rela\u00e7\u00e3o \u00e0 tampa guala, podemos oferecer tampa guala de pl\u00e1stico e tampa guala de \u00f3xido de alum\u00ednio.<\/p>\n<h2>A maneira de embalar essas garrafas de vidro incomuns de 700 ml para bebidas alco\u00f3licas<\/h2>\n<p>Como essa garrafa de vidro exclusiva de 700 ml \u00e9 muito incomum, e seu gargalo tem um logotipo. \u00c9 melhor us\u00e1-las em embalagens cartonadas. A caixa pode ser de papel\u00e3o ondulado de cinco camadas ou outro tipo de papel\u00e3o duro. Como costumamos embalar, h\u00e1 cerca de 24 unidades de garrafa por caixa ou 20 unidades por caixa. E se usarmos a embalagem personalizada, podemos fazer 6 unidades por caixa. Colocamos o papel\u00e3o na caixa para dividir as garrafas de vidro e reduzir a taxa de quebra durante o transporte.<\/p>\n<p>Se quiser saber o pre\u00e7o a granel das garrafas de vidro para bebidas alco\u00f3licas, entre em contato conosco por meio do contato em nosso site. Responderemos o mais breve poss\u00edvel.<\/p>\n<p>&nbsp;<\/p>","protected":false},"excerpt":{"rendered":"<table class=\"tg\">\n<tbody>\n<tr>\n<th class=\"tg-24i8\" colspan=\"2\">Garrafas de vidro incomuns de 700 ml para bebidas alco\u00f3licas Pre\u00e7o a granel<\/th>\n<\/tr>\n<tr>\n<td class=\"tg-b7b8\">Refer\u00eancia:<\/td>\n<td class=\"tg-b7b8\">RS064<\/td>\n<\/tr>\n<tr>\n<td class=\"tg-yw4l\">Material principal:<\/td>\n<td class=\"tg-yw4l\">Vidro High Flint<\/td>\n<\/tr>\n<tr>\n<td class=\"tg-b7b8\">Bon\u00e9:<\/td>\n<td class=\"tg-b7b8\">Corti\u00e7a<\/td>\n<\/tr>\n<tr>\n<td class=\"tg-yw4l\">Capacidade:<\/td>\n<td class=\"tg-yw4l\">700 ml<\/td>\n<\/tr>\n<tr>\n<td class=\"tg-b7b8\">Recurso:<\/td>\n<td class=\"tg-b7b8\">Ecologicamente correto<\/td>\n<\/tr>\n<tr>\n<td class=\"tg-yw4l\">MOQ:<\/td>\n<td class=\"tg-yw4l\">10000 PCS<\/td>\n<\/tr>\n<tr>\n<td class=\"tg-b7b8\">Forma de embalagem:<\/td>\n<td class=\"tg-b7b8\">Caixa padr\u00e3o de exporta\u00e7\u00e3o \/ palete \/ caixa padr\u00e3o de exporta\u00e7\u00e3o e palete<\/td>\n<\/tr>\n<tr>\n<td class=\"tg-yw4l\">OEM\/ODM:<\/td>\n<td class=\"tg-yw4l\">Bem-vindo<\/td>\n<\/tr>\n<tr>\n<td class=\"tg-b7b8\">Origem do local:<\/td>\n<td class=\"tg-b7b8\">Shandong, China<\/td>\n<\/tr>\n<tr>\n<td class=\"tg-yw4l\">Pcs\/Ctn:<\/td>\n<td class=\"tg-yw4l\">24pcs \/ 20pcs<\/td>\n<\/tr>\n<\/tbody>\n<\/table>","protected":false},"featured_media":4271,"comment_status":"closed","ping_status":"closed","template":"","meta":[],"product_cat":[44],"class_list":{"0":"post-4270","1":"product","2":"type-product","3":"status-publish","4":"has-post-thumbnail","6":"product_cat-700ml-liquor-bottle-manufacturer","8":"first","9":"instock","10":"shipping-taxable","11":"product-type-simple"},"yoast_head":"<!-- This site is optimized with the Yoast SEO plugin v22.0 - https:\/\/yoast.com\/wordpress\/plugins\/seo\/ -->\n<title>700ml Unusual Spirit Bottles Bulk | Custom Unique Glass Bottle Company<\/title>\n<meta name=\"description\" content=\"Ruisheng(RS), a professional glass bottle production company, provide 700ml unusual spirit bottles bulk&amp;custom unique glass bottle service.\" \/>\n<meta name=\"robots\" content=\"index, follow, max-snippet:-1, max-image-preview:large, max-video-preview:-1\" \/>\n<link rel=\"canonical\" href=\"https:\/\/ruishengglassco.com\/pt\/produto\/rs064-700ml-garrafas-de-vidro-incomuns-para-bebidas-alcoolicas-preco-a-granel\" \/>\n<meta property=\"og:locale\" content=\"pt_BR\" \/>\n<meta property=\"og:type\" content=\"article\" \/>\n<meta property=\"og:title\" content=\"700ml Unusual Spirit Bottles Bulk | Custom Unique Glass Bottle Company\" \/>\n<meta property=\"og:description\" content=\"Ruisheng(RS), a professional glass bottle production company, provide 700ml unusual spirit bottles bulk&amp;custom unique glass bottle service.\" \/>\n<meta property=\"og:url\" content=\"https:\/\/ruishengglassco.com\/pt\/produto\/rs064-700ml-garrafas-de-vidro-incomuns-para-bebidas-alcoolicas-preco-a-granel\" \/>\n<meta property=\"article:publisher\" content=\"https:\/\/www.facebook.com\/ruishengglassbottles\" \/>\n<meta property=\"article:modified_time\" content=\"2025-09-11T08:28:10+00:00\" \/>\n<meta property=\"og:image\" content=\"https:\/\/ruishengglassco.com\/wp-content\/uploads\/2025\/03\/RS064-700ml-Unusual-Glass-Spirit-Bottles-Bulk-Price.webp\" \/>\n\t<meta property=\"og:image:width\" content=\"800\" \/>\n\t<meta property=\"og:image:height\" content=\"800\" \/>\n\t<meta property=\"og:image:type\" content=\"image\/webp\" \/>\n<meta name=\"twitter:card\" content=\"summary_large_image\" \/>\n<meta name=\"twitter:label1\" content=\"Est. tempo de leitura\" \/>\n\t<meta name=\"twitter:data1\" content=\"2 minutos\" \/>\n<script type=\"application\/ld+json\" class=\"yoast-schema-graph\">{\"@context\":\"https:\/\/schema.org\",\"@graph\":[{\"@type\":\"WebPage\",\"@id\":\"https:\/\/ruishengglassco.com\/product\/rs064-700ml-unusual-glass-spirit-bottles-bulk-price\",\"url\":\"https:\/\/ruishengglassco.com\/product\/rs064-700ml-unusual-glass-spirit-bottles-bulk-price\",\"name\":\"700ml Unusual Spirit Bottles Bulk | Custom Unique Glass Bottle Company\",\"isPartOf\":{\"@id\":\"https:\/\/ruishengglassco.com\/#website\"},\"datePublished\":\"2025-03-15T03:25:02+00:00\",\"dateModified\":\"2025-09-11T08:28:10+00:00\",\"description\":\"Ruisheng(RS), a professional glass bottle production company, provide 700ml unusual spirit bottles bulk&custom unique glass bottle service.\",\"breadcrumb\":{\"@id\":\"https:\/\/ruishengglassco.com\/product\/rs064-700ml-unusual-glass-spirit-bottles-bulk-price#breadcrumb\"},\"inLanguage\":\"pt-BR\",\"potentialAction\":[{\"@type\":\"ReadAction\",\"target\":[\"https:\/\/ruishengglassco.com\/product\/rs064-700ml-unusual-glass-spirit-bottles-bulk-price\"]}]},{\"@type\":\"BreadcrumbList\",\"@id\":\"https:\/\/ruishengglassco.com\/product\/rs064-700ml-unusual-glass-spirit-bottles-bulk-price#breadcrumb\",\"itemListElement\":[{\"@type\":\"ListItem\",\"position\":1,\"name\":\"Home\",\"item\":\"https:\/\/ruishengglassco.com\/\"},{\"@type\":\"ListItem\",\"position\":2,\"name\":\"Products\",\"item\":\"https:\/\/ruishengglassco.com\/products\"},{\"@type\":\"ListItem\",\"position\":3,\"name\":\"RS064: 700ml Unusual Glass Spirit Bottles Bulk Price\"}]},{\"@type\":\"WebSite\",\"@id\":\"https:\/\/ruishengglassco.com\/#website\",\"url\":\"https:\/\/ruishengglassco.com\/\",\"name\":\"Ruisheng Glass\",\"description\":\"\",\"publisher\":{\"@id\":\"https:\/\/ruishengglassco.com\/#organization\"},\"potentialAction\":[{\"@type\":\"SearchAction\",\"target\":{\"@type\":\"EntryPoint\",\"urlTemplate\":\"https:\/\/ruishengglassco.com\/?s={search_term_string}\"},\"query-input\":\"required name=search_term_string\"}],\"inLanguage\":\"pt-BR\"},{\"@type\":\"Organization\",\"@id\":\"https:\/\/ruishengglassco.com\/#organization\",\"name\":\"Shandong Yuncheng Ruisheng Glass Co., Ltd\",\"url\":\"https:\/\/ruishengglassco.com\/\",\"logo\":{\"@type\":\"ImageObject\",\"inLanguage\":\"pt-BR\",\"@id\":\"https:\/\/ruishengglassco.com\/#\/schema\/logo\/image\/\",\"url\":\"https:\/\/ruishengglassco.com\/wp-content\/uploads\/2023\/09\/ruisheng_logo_icon.webp\",\"contentUrl\":\"https:\/\/ruishengglassco.com\/wp-content\/uploads\/2023\/09\/ruisheng_logo_icon.webp\",\"width\":400,\"height\":233,\"caption\":\"Shandong Yuncheng Ruisheng Glass Co., Ltd\"},\"image\":{\"@id\":\"https:\/\/ruishengglassco.com\/#\/schema\/logo\/image\/\"},\"sameAs\":[\"https:\/\/www.facebook.com\/ruishengglassbottles\",\"https:\/\/www.instagram.com\/Ruishengglassbottlewholesales\/\",\"https:\/\/www.youtube.com\/channel\/UCMmbMNGwsL-XrtjfSFLCdVQ\"]}]}<\/script>\n<!-- \/ Yoast SEO plugin. -->","yoast_head_json":{"title":"700ml Unusual Spirit Bottles Bulk | Custom Unique Glass Bottle Company","description":"Ruisheng(RS), a professional glass bottle production company, provide 700ml unusual spirit bottles bulk&custom unique glass bottle service.","robots":{"index":"index","follow":"follow","max-snippet":"max-snippet:-1","max-image-preview":"max-image-preview:large","max-video-preview":"max-video-preview:-1"},"canonical":"https:\/\/ruishengglassco.com\/pt\/produto\/rs064-700ml-garrafas-de-vidro-incomuns-para-bebidas-alcoolicas-preco-a-granel","og_locale":"pt_BR","og_type":"article","og_title":"700ml Unusual Spirit Bottles Bulk | Custom Unique Glass Bottle Company","og_description":"Ruisheng(RS), a professional glass bottle production company, provide 700ml unusual spirit bottles bulk&custom unique glass bottle service.","og_url":"https:\/\/ruishengglassco.com\/pt\/produto\/rs064-700ml-garrafas-de-vidro-incomuns-para-bebidas-alcoolicas-preco-a-granel","article_publisher":"https:\/\/www.facebook.com\/ruishengglassbottles","article_modified_time":"2025-09-11T08:28:10+00:00","og_image":[{"width":800,"height":800,"url":"https:\/\/ruishengglassco.com\/wp-content\/uploads\/2025\/03\/RS064-700ml-Unusual-Glass-Spirit-Bottles-Bulk-Price.webp","type":"image\/webp"}],"twitter_card":"summary_large_image","twitter_misc":{"Est. tempo de leitura":"2 minutos"},"schema":{"@context":"https:\/\/schema.org","@graph":[{"@type":"WebPage","@id":"https:\/\/ruishengglassco.com\/product\/rs064-700ml-unusual-glass-spirit-bottles-bulk-price","url":"https:\/\/ruishengglassco.com\/product\/rs064-700ml-unusual-glass-spirit-bottles-bulk-price","name":"700ml Unusual Spirit Bottles Bulk | Custom Unique Glass Bottle Company","isPartOf":{"@id":"https:\/\/ruishengglassco.com\/#website"},"datePublished":"2025-03-15T03:25:02+00:00","dateModified":"2025-09-11T08:28:10+00:00","description":"Ruisheng(RS), a professional glass bottle production company, provide 700ml unusual spirit bottles bulk&custom unique glass bottle service.","breadcrumb":{"@id":"https:\/\/ruishengglassco.com\/product\/rs064-700ml-unusual-glass-spirit-bottles-bulk-price#breadcrumb"},"inLanguage":"pt-BR","potentialAction":[{"@type":"ReadAction","target":["https:\/\/ruishengglassco.com\/product\/rs064-700ml-unusual-glass-spirit-bottles-bulk-price"]}]},{"@type":"BreadcrumbList","@id":"https:\/\/ruishengglassco.com\/product\/rs064-700ml-unusual-glass-spirit-bottles-bulk-price#breadcrumb","itemListElement":[{"@type":"ListItem","position":1,"name":"Home","item":"https:\/\/ruishengglassco.com\/"},{"@type":"ListItem","position":2,"name":"Products","item":"https:\/\/ruishengglassco.com\/products"},{"@type":"ListItem","position":3,"name":"RS064: 700ml Unusual Glass Spirit Bottles Bulk Price"}]},{"@type":"WebSite","@id":"https:\/\/ruishengglassco.com\/#website","url":"https:\/\/ruishengglassco.com\/","name":"Ruisheng Glass","description":"","publisher":{"@id":"https:\/\/ruishengglassco.com\/#organization"},"potentialAction":[{"@type":"SearchAction","target":{"@type":"EntryPoint","urlTemplate":"https:\/\/ruishengglassco.com\/?s={search_term_string}"},"query-input":"required name=search_term_string"}],"inLanguage":"pt-BR"},{"@type":"Organization","@id":"https:\/\/ruishengglassco.com\/#organization","name":"Shandong Yuncheng Ruisheng Glass Co., Ltd","url":"https:\/\/ruishengglassco.com\/","logo":{"@type":"ImageObject","inLanguage":"pt-BR","@id":"https:\/\/ruishengglassco.com\/#\/schema\/logo\/image\/","url":"https:\/\/ruishengglassco.com\/wp-content\/uploads\/2023\/09\/ruisheng_logo_icon.webp","contentUrl":"https:\/\/ruishengglassco.com\/wp-content\/uploads\/2023\/09\/ruisheng_logo_icon.webp","width":400,"height":233,"caption":"Shandong Yuncheng Ruisheng Glass Co., Ltd"},"image":{"@id":"https:\/\/ruishengglassco.com\/#\/schema\/logo\/image\/"},"sameAs":["https:\/\/www.facebook.com\/ruishengglassbottles","https:\/\/www.instagram.com\/Ruishengglassbottlewholesales\/","https:\/\/www.youtube.com\/channel\/UCMmbMNGwsL-XrtjfSFLCdVQ"]}]}},"_links":{"self":[{"href":"https:\/\/ruishengglassco.com\/pt\/wp-json\/wp\/v2\/product\/4270","targetHints":{"allow":["GET"]}}],"collection":[{"href":"https:\/\/ruishengglassco.com\/pt\/wp-json\/wp\/v2\/product"}],"about":[{"href":"https:\/\/ruishengglassco.com\/pt\/wp-json\/wp\/v2\/types\/product"}],"replies":[{"embeddable":true,"href":"https:\/\/ruishengglassco.com\/pt\/wp-json\/wp\/v2\/comments?post=4270"}],"wp:featuredmedia":[{"embeddable":true,"href":"https:\/\/ruishengglassco.com\/pt\/wp-json\/wp\/v2\/media\/4271"}],"wp:attachment":[{"href":"https:\/\/ruishengglassco.com\/pt\/wp-json\/wp\/v2\/media?parent=4270"}],"wp:term":[{"taxonomy":"product_cat","embeddable":true,"href":"https:\/\/ruishengglassco.com\/pt\/wp-json\/wp\/v2\/product_cat?post=4270"}],"curies":[{"name":"wp","href":"https:\/\/api.w.org\/{rel}","templated":true}]}}