{"id":4268,"date":"2025-03-15T11:21:24","date_gmt":"2025-03-15T03:21:24","guid":{"rendered":"https:\/\/ruishengglassco.com\/?post_type=product&#038;p=4268"},"modified":"2025-09-11T16:22:36","modified_gmt":"2025-09-11T08:22:36","slug":"garrafas-de-vidro-vazias-de-700-ml-a-granel","status":"publish","type":"product","link":"https:\/\/ruishengglassco.com\/pt\/produto\/garrafas-de-vidro-vazias-de-700-ml-a-granel","title":{"rendered":"Garrafas de vidro vazias de 700 ml a granel"},"content":{"rendered":"<p>Como um dos maiores fabricantes de garrafas de vidro para bebidas espirituosas de 70cl, a Ruisheng se concentra na produ\u00e7\u00e3o de garrafas para bebidas espirituosas desde 2009. Essas garrafas de licor vazias de 700 ml s\u00e3o uma das garrafas de vidro mais vendidas em nossa f\u00e1brica. Essas garrafas de vidro para bebidas alco\u00f3licas s\u00e3o destacadas por seu fundo de vidro espesso. Seu material \u00e9 vidro branco cristalino. E essas garrafas de vidro para bebidas alco\u00f3licas de 700 ml s\u00e3o muito suaves e dur\u00e1veis. Essa garrafa de vidro s\u00f3lido \u00e9 perfeita para embalar vodca, bebidas e outros l\u00edquidos.<\/p>\n<p>Essa garrafa de licor de vidro de 700 ml \u00e9 fabricada pelo maior fornecedor de garrafas de vidro super flint da China. O objetivo de nossa empresa \u00e9 fabricar garrafas de vidro de alta qualidade e oferecer o melhor servi\u00e7o. Podemos oferecer a voc\u00ea o servi\u00e7o de fornecimento de garrafas de vidro para bebidas alco\u00f3licas em uma \u00fanica etapa. Por exemplo, desenho da garrafa, impress\u00e3o do logotipo, decora\u00e7\u00e3o do r\u00f3tulo, tampa de fechamento, caixa colorida e outros.<\/p>\n<h2>As informa\u00e7\u00f5es sobre as garrafas de licor vazias de 700 ml a granel<\/h2>\n<p>O peso dessa garrafa de bebida alco\u00f3lica de 70cl \u00e9 de 580g. E \u00e9 feita de material de vidro branco cristalino, a garrafa de vidro para venda com fundo pesado. Isso faz com que os produtos do cliente sejam de alta qualidade.<\/p>\n<p>O tamanho dessa garrafa de vidro de 700 ml no atacado \u00e9 62,6\u00d7340 mm. O di\u00e2metro da garrafa transparente \u00e9 de 62,6 mm e sua altura \u00e9 de 340 mm. O tipo de veda\u00e7\u00e3o dessa garrafa de licor de 70cl \u00e9 a rolha em T. Podemos oferecer tamanhos e cores diferentes para essa rolha. Quanto ao tamanho, podemos fabricar rolhas pequenas, m\u00e9dias, grandes e assim por diante. Quanto \u00e0 cor, podemos fabricar rolhas douradas, prateadas, vermelhas e outras personalizadas.<\/p>\n<p>Nossas garrafas de vidro vazias s\u00e3o vendidas para muitos pa\u00edses e regi\u00f5es. Por exemplo, EUA, Austr\u00e1lia, Su\u00ed\u00e7a, Nova Zel\u00e2ndia e Peru. Temos uma boa reputa\u00e7\u00e3o em todo o mundo.<\/p>\n<p>Nossa f\u00e1brica tamb\u00e9m oferece pedidos de OEM. H\u00e1 mais de 10 designers em nossa f\u00e1brica, e podemos fazer garrafas de vidro personalizadas desde o desenho at\u00e9 o envio.<\/p>\n<p>Essa garrafa de licor vazia de 700 ml a granel \u00e9 apenas uma das nossas garrafas de vidro existentes; se precisar de mais, entre em contato conosco.<\/p>","protected":false},"excerpt":{"rendered":"<table>\n<tbody>\n<tr>\n<th colspan=\"2\">Garrafas de vidro vazias de 700 ml a granel<\/th>\n<\/tr>\n<tr>\n<td>Refer\u00eancia:<\/td>\n<td>R-042<\/td>\n<\/tr>\n<tr>\n<td>Material principal:<\/td>\n<td>Vidro super flint (esse material tamb\u00e9m \u00e9 chamado de vidro branco cristal)<\/td>\n<\/tr>\n<tr>\n<td>Aplicativo:<\/td>\n<td>Licor, u\u00edsque, vodca, conhaque, XO, etc.<\/td>\n<\/tr>\n<tr>\n<td>Bon\u00e9:<\/td>\n<td>Tampa de corti\u00e7a\/coroa<\/td>\n<\/tr>\n<tr>\n<td>Capacidade:<\/td>\n<td>700 ml<\/td>\n<\/tr>\n<tr>\n<td>Recurso:<\/td>\n<td>Ecologicamente correto<\/td>\n<\/tr>\n<tr>\n<td>MOQ:<\/td>\n<td>10000 PCS<\/td>\n<\/tr>\n<tr>\n<td>Forma de embalagem:<\/td>\n<td>Caixa padr\u00e3o de exporta\u00e7\u00e3o \/ palete \/ caixa padr\u00e3o de exporta\u00e7\u00e3o e palete<\/td>\n<\/tr>\n<tr>\n<td>OEM\/ODM:<\/td>\n<td>Bem-vindo<\/td>\n<\/tr>\n<tr>\n<td>Origem do local:<\/td>\n<td>Shandong, China<\/td>\n<\/tr>\n<tr>\n<td>Pcs\/Ctn:<\/td>\n<td>24 unidades ou de acordo com a demanda do cliente<\/td>\n<\/tr>\n<\/tbody>\n<\/table>","protected":false},"featured_media":4269,"comment_status":"closed","ping_status":"closed","template":"","meta":[],"product_cat":[44],"class_list":{"0":"post-4268","1":"product","2":"type-product","3":"status-publish","4":"has-post-thumbnail","6":"product_cat-700ml-liquor-bottle-manufacturer","8":"first","9":"instock","10":"shipping-taxable","11":"product-type-simple"},"yoast_head":"<!-- This site is optimized with the Yoast SEO plugin v22.0 - https:\/\/yoast.com\/wordpress\/plugins\/seo\/ -->\n<title>Buy Empty Liquor Bottles Bulk | 70cl Glass Spirit Bottles Manufacturer<\/title>\n<meta name=\"description\" content=\"Do you want to buy empty liquor bottles bulk from China glass spirit bottles manufacturer? Factory Outlet&amp;Quality Assurance.\" \/>\n<meta name=\"robots\" content=\"index, follow, max-snippet:-1, max-image-preview:large, max-video-preview:-1\" \/>\n<link rel=\"canonical\" href=\"https:\/\/ruishengglassco.com\/pt\/produto\/garrafas-de-vidro-vazias-de-700-ml-a-granel\" \/>\n<meta property=\"og:locale\" content=\"pt_BR\" \/>\n<meta property=\"og:type\" content=\"article\" \/>\n<meta property=\"og:title\" content=\"Buy Empty Liquor Bottles Bulk | 70cl Glass Spirit Bottles Manufacturer\" \/>\n<meta property=\"og:description\" content=\"Do you want to buy empty liquor bottles bulk from China glass spirit bottles manufacturer? Factory Outlet&amp;Quality Assurance.\" \/>\n<meta property=\"og:url\" content=\"https:\/\/ruishengglassco.com\/pt\/produto\/garrafas-de-vidro-vazias-de-700-ml-a-granel\" \/>\n<meta property=\"article:publisher\" content=\"https:\/\/www.facebook.com\/ruishengglassbottles\" \/>\n<meta property=\"article:modified_time\" content=\"2025-09-11T08:22:36+00:00\" \/>\n<meta property=\"og:image\" content=\"https:\/\/ruishengglassco.com\/wp-content\/uploads\/2025\/03\/700ml-Empty-Glass-Bottles-Bulk.webp\" \/>\n\t<meta property=\"og:image:width\" content=\"605\" \/>\n\t<meta property=\"og:image:height\" content=\"606\" \/>\n\t<meta property=\"og:image:type\" content=\"image\/webp\" \/>\n<meta name=\"twitter:card\" content=\"summary_large_image\" \/>\n<meta name=\"twitter:label1\" content=\"Est. tempo de leitura\" \/>\n\t<meta name=\"twitter:data1\" content=\"2 minutos\" \/>\n<script type=\"application\/ld+json\" class=\"yoast-schema-graph\">{\"@context\":\"https:\/\/schema.org\",\"@graph\":[{\"@type\":\"WebPage\",\"@id\":\"https:\/\/ruishengglassco.com\/product\/700ml-empty-glass-bottles-bulk\",\"url\":\"https:\/\/ruishengglassco.com\/product\/700ml-empty-glass-bottles-bulk\",\"name\":\"Buy Empty Liquor Bottles Bulk | 70cl Glass Spirit Bottles Manufacturer\",\"isPartOf\":{\"@id\":\"https:\/\/ruishengglassco.com\/#website\"},\"datePublished\":\"2025-03-15T03:21:24+00:00\",\"dateModified\":\"2025-09-11T08:22:36+00:00\",\"description\":\"Do you want to buy empty liquor bottles bulk from China glass spirit bottles manufacturer? Factory Outlet&Quality Assurance.\",\"breadcrumb\":{\"@id\":\"https:\/\/ruishengglassco.com\/product\/700ml-empty-glass-bottles-bulk#breadcrumb\"},\"inLanguage\":\"pt-BR\",\"potentialAction\":[{\"@type\":\"ReadAction\",\"target\":[\"https:\/\/ruishengglassco.com\/product\/700ml-empty-glass-bottles-bulk\"]}]},{\"@type\":\"BreadcrumbList\",\"@id\":\"https:\/\/ruishengglassco.com\/product\/700ml-empty-glass-bottles-bulk#breadcrumb\",\"itemListElement\":[{\"@type\":\"ListItem\",\"position\":1,\"name\":\"Home\",\"item\":\"https:\/\/ruishengglassco.com\/\"},{\"@type\":\"ListItem\",\"position\":2,\"name\":\"Products\",\"item\":\"https:\/\/ruishengglassco.com\/products\"},{\"@type\":\"ListItem\",\"position\":3,\"name\":\"700ml Empty Glass Bottles Bulk\"}]},{\"@type\":\"WebSite\",\"@id\":\"https:\/\/ruishengglassco.com\/#website\",\"url\":\"https:\/\/ruishengglassco.com\/\",\"name\":\"Ruisheng Glass\",\"description\":\"\",\"publisher\":{\"@id\":\"https:\/\/ruishengglassco.com\/#organization\"},\"potentialAction\":[{\"@type\":\"SearchAction\",\"target\":{\"@type\":\"EntryPoint\",\"urlTemplate\":\"https:\/\/ruishengglassco.com\/?s={search_term_string}\"},\"query-input\":\"required name=search_term_string\"}],\"inLanguage\":\"pt-BR\"},{\"@type\":\"Organization\",\"@id\":\"https:\/\/ruishengglassco.com\/#organization\",\"name\":\"Shandong Yuncheng Ruisheng Glass Co., Ltd\",\"url\":\"https:\/\/ruishengglassco.com\/\",\"logo\":{\"@type\":\"ImageObject\",\"inLanguage\":\"pt-BR\",\"@id\":\"https:\/\/ruishengglassco.com\/#\/schema\/logo\/image\/\",\"url\":\"https:\/\/ruishengglassco.com\/wp-content\/uploads\/2023\/09\/ruisheng_logo_icon.webp\",\"contentUrl\":\"https:\/\/ruishengglassco.com\/wp-content\/uploads\/2023\/09\/ruisheng_logo_icon.webp\",\"width\":400,\"height\":233,\"caption\":\"Shandong Yuncheng Ruisheng Glass Co., Ltd\"},\"image\":{\"@id\":\"https:\/\/ruishengglassco.com\/#\/schema\/logo\/image\/\"},\"sameAs\":[\"https:\/\/www.facebook.com\/ruishengglassbottles\",\"https:\/\/www.instagram.com\/Ruishengglassbottlewholesales\/\",\"https:\/\/www.youtube.com\/channel\/UCMmbMNGwsL-XrtjfSFLCdVQ\"]}]}<\/script>\n<!-- \/ Yoast SEO plugin. -->","yoast_head_json":{"title":"Buy Empty Liquor Bottles Bulk | 70cl Glass Spirit Bottles Manufacturer","description":"Do you want to buy empty liquor bottles bulk from China glass spirit bottles manufacturer? Factory Outlet&Quality Assurance.","robots":{"index":"index","follow":"follow","max-snippet":"max-snippet:-1","max-image-preview":"max-image-preview:large","max-video-preview":"max-video-preview:-1"},"canonical":"https:\/\/ruishengglassco.com\/pt\/produto\/garrafas-de-vidro-vazias-de-700-ml-a-granel","og_locale":"pt_BR","og_type":"article","og_title":"Buy Empty Liquor Bottles Bulk | 70cl Glass Spirit Bottles Manufacturer","og_description":"Do you want to buy empty liquor bottles bulk from China glass spirit bottles manufacturer? Factory Outlet&Quality Assurance.","og_url":"https:\/\/ruishengglassco.com\/pt\/produto\/garrafas-de-vidro-vazias-de-700-ml-a-granel","article_publisher":"https:\/\/www.facebook.com\/ruishengglassbottles","article_modified_time":"2025-09-11T08:22:36+00:00","og_image":[{"width":605,"height":606,"url":"https:\/\/ruishengglassco.com\/wp-content\/uploads\/2025\/03\/700ml-Empty-Glass-Bottles-Bulk.webp","type":"image\/webp"}],"twitter_card":"summary_large_image","twitter_misc":{"Est. tempo de leitura":"2 minutos"},"schema":{"@context":"https:\/\/schema.org","@graph":[{"@type":"WebPage","@id":"https:\/\/ruishengglassco.com\/product\/700ml-empty-glass-bottles-bulk","url":"https:\/\/ruishengglassco.com\/product\/700ml-empty-glass-bottles-bulk","name":"Buy Empty Liquor Bottles Bulk | 70cl Glass Spirit Bottles Manufacturer","isPartOf":{"@id":"https:\/\/ruishengglassco.com\/#website"},"datePublished":"2025-03-15T03:21:24+00:00","dateModified":"2025-09-11T08:22:36+00:00","description":"Do you want to buy empty liquor bottles bulk from China glass spirit bottles manufacturer? Factory Outlet&Quality Assurance.","breadcrumb":{"@id":"https:\/\/ruishengglassco.com\/product\/700ml-empty-glass-bottles-bulk#breadcrumb"},"inLanguage":"pt-BR","potentialAction":[{"@type":"ReadAction","target":["https:\/\/ruishengglassco.com\/product\/700ml-empty-glass-bottles-bulk"]}]},{"@type":"BreadcrumbList","@id":"https:\/\/ruishengglassco.com\/product\/700ml-empty-glass-bottles-bulk#breadcrumb","itemListElement":[{"@type":"ListItem","position":1,"name":"Home","item":"https:\/\/ruishengglassco.com\/"},{"@type":"ListItem","position":2,"name":"Products","item":"https:\/\/ruishengglassco.com\/products"},{"@type":"ListItem","position":3,"name":"700ml Empty Glass Bottles Bulk"}]},{"@type":"WebSite","@id":"https:\/\/ruishengglassco.com\/#website","url":"https:\/\/ruishengglassco.com\/","name":"Ruisheng Glass","description":"","publisher":{"@id":"https:\/\/ruishengglassco.com\/#organization"},"potentialAction":[{"@type":"SearchAction","target":{"@type":"EntryPoint","urlTemplate":"https:\/\/ruishengglassco.com\/?s={search_term_string}"},"query-input":"required name=search_term_string"}],"inLanguage":"pt-BR"},{"@type":"Organization","@id":"https:\/\/ruishengglassco.com\/#organization","name":"Shandong Yuncheng Ruisheng Glass Co., Ltd","url":"https:\/\/ruishengglassco.com\/","logo":{"@type":"ImageObject","inLanguage":"pt-BR","@id":"https:\/\/ruishengglassco.com\/#\/schema\/logo\/image\/","url":"https:\/\/ruishengglassco.com\/wp-content\/uploads\/2023\/09\/ruisheng_logo_icon.webp","contentUrl":"https:\/\/ruishengglassco.com\/wp-content\/uploads\/2023\/09\/ruisheng_logo_icon.webp","width":400,"height":233,"caption":"Shandong Yuncheng Ruisheng Glass Co., Ltd"},"image":{"@id":"https:\/\/ruishengglassco.com\/#\/schema\/logo\/image\/"},"sameAs":["https:\/\/www.facebook.com\/ruishengglassbottles","https:\/\/www.instagram.com\/Ruishengglassbottlewholesales\/","https:\/\/www.youtube.com\/channel\/UCMmbMNGwsL-XrtjfSFLCdVQ"]}]}},"_links":{"self":[{"href":"https:\/\/ruishengglassco.com\/pt\/wp-json\/wp\/v2\/product\/4268","targetHints":{"allow":["GET"]}}],"collection":[{"href":"https:\/\/ruishengglassco.com\/pt\/wp-json\/wp\/v2\/product"}],"about":[{"href":"https:\/\/ruishengglassco.com\/pt\/wp-json\/wp\/v2\/types\/product"}],"replies":[{"embeddable":true,"href":"https:\/\/ruishengglassco.com\/pt\/wp-json\/wp\/v2\/comments?post=4268"}],"wp:featuredmedia":[{"embeddable":true,"href":"https:\/\/ruishengglassco.com\/pt\/wp-json\/wp\/v2\/media\/4269"}],"wp:attachment":[{"href":"https:\/\/ruishengglassco.com\/pt\/wp-json\/wp\/v2\/media?parent=4268"}],"wp:term":[{"taxonomy":"product_cat","embeddable":true,"href":"https:\/\/ruishengglassco.com\/pt\/wp-json\/wp\/v2\/product_cat?post=4268"}],"curies":[{"name":"wp","href":"https:\/\/api.w.org\/{rel}","templated":true}]}}