{"id":4266,"date":"2025-03-15T11:18:57","date_gmt":"2025-03-15T03:18:57","guid":{"rendered":"https:\/\/ruishengglassco.com\/?post_type=product&#038;p=4266"},"modified":"2025-03-26T14:54:07","modified_gmt":"2025-03-26T06:54:07","slug":"rs066-garrafas-transparentes-de-700-ml-no-atacado","status":"publish","type":"product","link":"https:\/\/ruishengglassco.com\/pt\/produto\/rs066-garrafas-transparentes-de-700-ml-no-atacado","title":{"rendered":"RS066: Fabricantes de garrafas transparentes de 700 ml"},"content":{"rendered":"<p>Essa s\u00e9rie de garrafas de \u00e1lcool transparentes de 700 ml foi projetada especialmente para a embalagem de bebidas alco\u00f3licas. Essas garrafas de vidro transparente podem conter qualquer tipo de l\u00edquido, como vinho, bebida, \u00f3leo, vinagre de frutas e assim por diante.<\/p>\n<p>Nossas garrafas de vidro especial transparente de 700 ml t\u00eam gargalo longo e fundo grosso. H\u00e1 um c\u00edrculo redondo nas garrafas de vidro para bebidas alco\u00f3licas. Voc\u00ea pode colocar seu logotipo ali, n\u00e3o importa se \u00e9 o logotipo de papel, de pl\u00e1stico, de metal ou outro.<\/p>\n<p>Nossa empresa pode fabricar muitos tipos de garrafas de vidro exclusivas, n\u00e3o importa se s\u00e3o garrafas de vidro de alto n\u00edvel, como garrafas de vodca, garrafas de conhaque ou garrafas de vidro de n\u00edvel m\u00e9dio, como garrafas de bebidas. Tamb\u00e9m podemos pintar qualquer cor nas garrafas de vidro, pois nossas garrafas de vidro s\u00e3o garrafas de vidro flint.<\/p>\n<h2>Os detalhes das garrafas de \u00e1lcool transparentes de 700 ml a granel<\/h2>\n<p>Essas garrafas de vidro especial transparente de 700 ml s\u00e3o feitas de material de vidro de s\u00edlex de alta qualidade. Nossa garrafa de vidro l\u00edquido \u00e9 muito transparente e dur\u00e1vel. O peso dessa garrafa de vidro \u00e9 de 620g. Seu fundo \u00e9 espesso e seu tamanho \u00e9 de cerca de 10 mm. O tipo de veda\u00e7\u00e3o desse frasco de vidro \u00e9 a tampa de rosca. Podemos oferecer a tampa de rosca de alum\u00ednio e a tampa de rosca de pl\u00e1stico de alum\u00ednio. Quanto \u00e0 tampa de rosca para garrafas de vidro, podemos oferecer uma tampa anti-falsifica\u00e7\u00e3o e uma tampa comum. Se precisar, informe-nos para que possamos oferecer a voc\u00ea.<\/p>\n<p>Podemos oferecer essas garrafas de vidro no atacado com tr\u00eas tipos de embalagem. A primeira forma \u00e9 a caixa de papel\u00e3o padr\u00e3o para exporta\u00e7\u00e3o. Em geral, embrulhamos o vidro em papel pl\u00e1stico e o colocamos na caixa dividida por papel\u00e3o. Normalmente, colocamos 24 garrafas por caixa. Se voc\u00ea tiver alguma demanda sobre a caixa de embalagem, tamb\u00e9m podemos fazer uma caixa personalizada para o cliente.<\/p>\n<p>A segunda maneira \u00e9 a embalagem de paletes. Colocamos as garrafas de vidro no palete e depois as envolvemos com papel pl\u00e1stico.<\/p>\n<p>Se voc\u00ea quiser comprar garrafas de vidro especial transparente de 700 ml no atacado, tamb\u00e9m podemos aceitar pedidos de OEM. Se tiver alguma d\u00favida sobre essas garrafas de vidro para vinho, entre em contato conosco por e-mail e telefone, e responderemos o mais breve poss\u00edvel<br \/>\nA terceira maneira \u00e9 a caixa de papel\u00e3o e o palete. Colocaremos as garrafas de vidro na caixa de papel\u00e3o e depois no palete.<br \/>\n.<\/p>","protected":false},"excerpt":{"rendered":"<table class=\"tg\">\n<tbody>\n<tr>\n<th class=\"tg-24i8\" colspan=\"2\">Garrafas de vidro especial transparente de 700 ml no atacado<\/th>\n<\/tr>\n<tr>\n<td class=\"tg-b7b8\">Material principal:<\/td>\n<td class=\"tg-b7b8\">Vidro High Flint<\/td>\n<\/tr>\n<tr>\n<td class=\"tg-yw4l\">Bon\u00e9:<\/td>\n<td class=\"tg-yw4l\">Tampa de rosca<\/td>\n<\/tr>\n<tr>\n<td class=\"tg-b7b8\">Capacidade:<\/td>\n<td class=\"tg-b7b8\">700 ml<\/td>\n<\/tr>\n<tr>\n<td class=\"tg-yw4l\">Recurso:<\/td>\n<td class=\"tg-yw4l\">Ecologicamente correto<\/td>\n<\/tr>\n<tr>\n<td class=\"tg-b7b8\">MOQ:<\/td>\n<td class=\"tg-b7b8\">10000 PCS<\/td>\n<\/tr>\n<tr>\n<td class=\"tg-yw4l\">Forma de embalagem:<\/td>\n<td class=\"tg-yw4l\">Caixa padr\u00e3o de exporta\u00e7\u00e3o \/ palete \/ caixa padr\u00e3o de exporta\u00e7\u00e3o e palete<\/td>\n<\/tr>\n<tr>\n<td class=\"tg-b7b8\">OEM\/ODM:<\/td>\n<td class=\"tg-b7b8\">Bem-vindo<\/td>\n<\/tr>\n<tr>\n<td class=\"tg-yw4l\">Origem do local:<\/td>\n<td class=\"tg-yw4l\">Shandong, China<\/td>\n<\/tr>\n<tr>\n<td class=\"tg-b7b8\">Pcs\/Ctn:<\/td>\n<td class=\"tg-b7b8\">24pcs \/ 20pcs<\/td>\n<\/tr>\n<\/tbody>\n<\/table>","protected":false},"featured_media":4267,"comment_status":"closed","ping_status":"closed","template":"","meta":[],"product_cat":[44],"class_list":{"0":"post-4266","1":"product","2":"type-product","3":"status-publish","4":"has-post-thumbnail","6":"product_cat-700ml-liquor-bottle-manufacturer","8":"first","9":"instock","10":"shipping-taxable","11":"product-type-simple"},"yoast_head":"<!-- This site is optimized with the Yoast SEO plugin v22.0 - https:\/\/yoast.com\/wordpress\/plugins\/seo\/ -->\n<title>700ml Clear Alcohol Bottles Bulk | Custom Special Glass Bottle<\/title>\n<meta name=\"description\" content=\"Ruisheng, sales 700ml clear alcohol bottles bulk in factory outlet price. Primary liquor bottle manufacturer, provide custon special glass bottle service.\" \/>\n<meta name=\"robots\" content=\"index, follow, max-snippet:-1, max-image-preview:large, max-video-preview:-1\" \/>\n<link rel=\"canonical\" href=\"https:\/\/ruishengglassco.com\/pt\/produto\/rs066-garrafas-transparentes-de-700-ml-no-atacado\" \/>\n<meta property=\"og:locale\" content=\"pt_BR\" \/>\n<meta property=\"og:type\" content=\"article\" \/>\n<meta property=\"og:title\" content=\"700ml Clear Alcohol Bottles Bulk | Custom Special Glass Bottle\" \/>\n<meta property=\"og:description\" content=\"Ruisheng, sales 700ml clear alcohol bottles bulk in factory outlet price. Primary liquor bottle manufacturer, provide custon special glass bottle service.\" \/>\n<meta property=\"og:url\" content=\"https:\/\/ruishengglassco.com\/pt\/produto\/rs066-garrafas-transparentes-de-700-ml-no-atacado\" \/>\n<meta property=\"article:publisher\" content=\"https:\/\/www.facebook.com\/ruishengglassbottles\" \/>\n<meta property=\"article:modified_time\" content=\"2025-03-26T06:54:07+00:00\" \/>\n<meta property=\"og:image\" content=\"https:\/\/ruishengglassco.com\/wp-content\/uploads\/2025\/03\/RS066-700ml-Clear-Bottles-Wholesale.webp\" \/>\n\t<meta property=\"og:image:width\" content=\"800\" \/>\n\t<meta property=\"og:image:height\" content=\"800\" \/>\n\t<meta property=\"og:image:type\" content=\"image\/webp\" \/>\n<meta name=\"twitter:card\" content=\"summary_large_image\" \/>\n<meta name=\"twitter:label1\" content=\"Est. tempo de leitura\" \/>\n\t<meta name=\"twitter:data1\" content=\"2 minutos\" \/>\n<script type=\"application\/ld+json\" class=\"yoast-schema-graph\">{\"@context\":\"https:\/\/schema.org\",\"@graph\":[{\"@type\":\"WebPage\",\"@id\":\"https:\/\/ruishengglassco.com\/product\/rs066-700ml-clear-bottles-wholesale\",\"url\":\"https:\/\/ruishengglassco.com\/product\/rs066-700ml-clear-bottles-wholesale\",\"name\":\"700ml Clear Alcohol Bottles Bulk | Custom Special Glass Bottle\",\"isPartOf\":{\"@id\":\"https:\/\/ruishengglassco.com\/#website\"},\"datePublished\":\"2025-03-15T03:18:57+00:00\",\"dateModified\":\"2025-03-26T06:54:07+00:00\",\"description\":\"Ruisheng, sales 700ml clear alcohol bottles bulk in factory outlet price. Primary liquor bottle manufacturer, provide custon special glass bottle service.\",\"breadcrumb\":{\"@id\":\"https:\/\/ruishengglassco.com\/product\/rs066-700ml-clear-bottles-wholesale#breadcrumb\"},\"inLanguage\":\"pt-BR\",\"potentialAction\":[{\"@type\":\"ReadAction\",\"target\":[\"https:\/\/ruishengglassco.com\/product\/rs066-700ml-clear-bottles-wholesale\"]}]},{\"@type\":\"BreadcrumbList\",\"@id\":\"https:\/\/ruishengglassco.com\/product\/rs066-700ml-clear-bottles-wholesale#breadcrumb\",\"itemListElement\":[{\"@type\":\"ListItem\",\"position\":1,\"name\":\"Home\",\"item\":\"https:\/\/ruishengglassco.com\/\"},{\"@type\":\"ListItem\",\"position\":2,\"name\":\"Products\",\"item\":\"https:\/\/ruishengglassco.com\/products\"},{\"@type\":\"ListItem\",\"position\":3,\"name\":\"RS066: 700ml Clear Bottles Manufacturers\"}]},{\"@type\":\"WebSite\",\"@id\":\"https:\/\/ruishengglassco.com\/#website\",\"url\":\"https:\/\/ruishengglassco.com\/\",\"name\":\"Ruisheng Glass\",\"description\":\"\",\"publisher\":{\"@id\":\"https:\/\/ruishengglassco.com\/#organization\"},\"potentialAction\":[{\"@type\":\"SearchAction\",\"target\":{\"@type\":\"EntryPoint\",\"urlTemplate\":\"https:\/\/ruishengglassco.com\/?s={search_term_string}\"},\"query-input\":\"required name=search_term_string\"}],\"inLanguage\":\"pt-BR\"},{\"@type\":\"Organization\",\"@id\":\"https:\/\/ruishengglassco.com\/#organization\",\"name\":\"Shandong Yuncheng Ruisheng Glass Co., Ltd\",\"url\":\"https:\/\/ruishengglassco.com\/\",\"logo\":{\"@type\":\"ImageObject\",\"inLanguage\":\"pt-BR\",\"@id\":\"https:\/\/ruishengglassco.com\/#\/schema\/logo\/image\/\",\"url\":\"https:\/\/ruishengglassco.com\/wp-content\/uploads\/2023\/09\/ruisheng_logo_icon.webp\",\"contentUrl\":\"https:\/\/ruishengglassco.com\/wp-content\/uploads\/2023\/09\/ruisheng_logo_icon.webp\",\"width\":400,\"height\":233,\"caption\":\"Shandong Yuncheng Ruisheng Glass Co., Ltd\"},\"image\":{\"@id\":\"https:\/\/ruishengglassco.com\/#\/schema\/logo\/image\/\"},\"sameAs\":[\"https:\/\/www.facebook.com\/ruishengglassbottles\",\"https:\/\/www.instagram.com\/Ruishengglassbottlewholesales\/\",\"https:\/\/www.youtube.com\/channel\/UCMmbMNGwsL-XrtjfSFLCdVQ\"]}]}<\/script>\n<!-- \/ Yoast SEO plugin. -->","yoast_head_json":{"title":"700ml Clear Alcohol Bottles Bulk | Custom Special Glass Bottle","description":"Ruisheng, sales 700ml clear alcohol bottles bulk in factory outlet price. Primary liquor bottle manufacturer, provide custon special glass bottle service.","robots":{"index":"index","follow":"follow","max-snippet":"max-snippet:-1","max-image-preview":"max-image-preview:large","max-video-preview":"max-video-preview:-1"},"canonical":"https:\/\/ruishengglassco.com\/pt\/produto\/rs066-garrafas-transparentes-de-700-ml-no-atacado","og_locale":"pt_BR","og_type":"article","og_title":"700ml Clear Alcohol Bottles Bulk | Custom Special Glass Bottle","og_description":"Ruisheng, sales 700ml clear alcohol bottles bulk in factory outlet price. Primary liquor bottle manufacturer, provide custon special glass bottle service.","og_url":"https:\/\/ruishengglassco.com\/pt\/produto\/rs066-garrafas-transparentes-de-700-ml-no-atacado","article_publisher":"https:\/\/www.facebook.com\/ruishengglassbottles","article_modified_time":"2025-03-26T06:54:07+00:00","og_image":[{"width":800,"height":800,"url":"https:\/\/ruishengglassco.com\/wp-content\/uploads\/2025\/03\/RS066-700ml-Clear-Bottles-Wholesale.webp","type":"image\/webp"}],"twitter_card":"summary_large_image","twitter_misc":{"Est. tempo de leitura":"2 minutos"},"schema":{"@context":"https:\/\/schema.org","@graph":[{"@type":"WebPage","@id":"https:\/\/ruishengglassco.com\/product\/rs066-700ml-clear-bottles-wholesale","url":"https:\/\/ruishengglassco.com\/product\/rs066-700ml-clear-bottles-wholesale","name":"700ml Clear Alcohol Bottles Bulk | Custom Special Glass Bottle","isPartOf":{"@id":"https:\/\/ruishengglassco.com\/#website"},"datePublished":"2025-03-15T03:18:57+00:00","dateModified":"2025-03-26T06:54:07+00:00","description":"Ruisheng, sales 700ml clear alcohol bottles bulk in factory outlet price. Primary liquor bottle manufacturer, provide custon special glass bottle service.","breadcrumb":{"@id":"https:\/\/ruishengglassco.com\/product\/rs066-700ml-clear-bottles-wholesale#breadcrumb"},"inLanguage":"pt-BR","potentialAction":[{"@type":"ReadAction","target":["https:\/\/ruishengglassco.com\/product\/rs066-700ml-clear-bottles-wholesale"]}]},{"@type":"BreadcrumbList","@id":"https:\/\/ruishengglassco.com\/product\/rs066-700ml-clear-bottles-wholesale#breadcrumb","itemListElement":[{"@type":"ListItem","position":1,"name":"Home","item":"https:\/\/ruishengglassco.com\/"},{"@type":"ListItem","position":2,"name":"Products","item":"https:\/\/ruishengglassco.com\/products"},{"@type":"ListItem","position":3,"name":"RS066: 700ml Clear Bottles Manufacturers"}]},{"@type":"WebSite","@id":"https:\/\/ruishengglassco.com\/#website","url":"https:\/\/ruishengglassco.com\/","name":"Ruisheng Glass","description":"","publisher":{"@id":"https:\/\/ruishengglassco.com\/#organization"},"potentialAction":[{"@type":"SearchAction","target":{"@type":"EntryPoint","urlTemplate":"https:\/\/ruishengglassco.com\/?s={search_term_string}"},"query-input":"required name=search_term_string"}],"inLanguage":"pt-BR"},{"@type":"Organization","@id":"https:\/\/ruishengglassco.com\/#organization","name":"Shandong Yuncheng Ruisheng Glass Co., Ltd","url":"https:\/\/ruishengglassco.com\/","logo":{"@type":"ImageObject","inLanguage":"pt-BR","@id":"https:\/\/ruishengglassco.com\/#\/schema\/logo\/image\/","url":"https:\/\/ruishengglassco.com\/wp-content\/uploads\/2023\/09\/ruisheng_logo_icon.webp","contentUrl":"https:\/\/ruishengglassco.com\/wp-content\/uploads\/2023\/09\/ruisheng_logo_icon.webp","width":400,"height":233,"caption":"Shandong Yuncheng Ruisheng Glass Co., Ltd"},"image":{"@id":"https:\/\/ruishengglassco.com\/#\/schema\/logo\/image\/"},"sameAs":["https:\/\/www.facebook.com\/ruishengglassbottles","https:\/\/www.instagram.com\/Ruishengglassbottlewholesales\/","https:\/\/www.youtube.com\/channel\/UCMmbMNGwsL-XrtjfSFLCdVQ"]}]}},"_links":{"self":[{"href":"https:\/\/ruishengglassco.com\/pt\/wp-json\/wp\/v2\/product\/4266","targetHints":{"allow":["GET"]}}],"collection":[{"href":"https:\/\/ruishengglassco.com\/pt\/wp-json\/wp\/v2\/product"}],"about":[{"href":"https:\/\/ruishengglassco.com\/pt\/wp-json\/wp\/v2\/types\/product"}],"replies":[{"embeddable":true,"href":"https:\/\/ruishengglassco.com\/pt\/wp-json\/wp\/v2\/comments?post=4266"}],"wp:featuredmedia":[{"embeddable":true,"href":"https:\/\/ruishengglassco.com\/pt\/wp-json\/wp\/v2\/media\/4267"}],"wp:attachment":[{"href":"https:\/\/ruishengglassco.com\/pt\/wp-json\/wp\/v2\/media?parent=4266"}],"wp:term":[{"taxonomy":"product_cat","embeddable":true,"href":"https:\/\/ruishengglassco.com\/pt\/wp-json\/wp\/v2\/product_cat?post=4266"}],"curies":[{"name":"wp","href":"https:\/\/api.w.org\/{rel}","templated":true}]}}