{"id":4261,"date":"2025-03-15T11:11:06","date_gmt":"2025-03-15T03:11:06","guid":{"rendered":"https:\/\/ruishengglassco.com\/?post_type=product&#038;p=4261"},"modified":"2025-09-11T16:15:43","modified_gmt":"2025-09-11T08:15:43","slug":"rs069-fornecedor-de-garrafas-de-vidro-liquido-de-500-ml-personalizadas","status":"publish","type":"product","link":"https:\/\/ruishengglassco.com\/pt\/produto\/rs069-fornecedor-de-garrafas-de-vidro-liquido-de-500-ml-personalizadas","title":{"rendered":"RS069: Fornecedor personalizado de garrafas de vidro para l\u00edquidos de 500 ml"},"content":{"rendered":"<p>As garrafas de vidro l\u00edquido de 500 ml no atacado s\u00e3o fabricadas pela Shandong Yuncheng Ruisheng Glass Company, Ltd. Nossa empresa \u00e9 uma das maiores fabricantes de garrafas personalizadas de vidro espirituoso super flint da China. Estamos trabalhando na produ\u00e7\u00e3o de v\u00e1rios tipos de garrafas de vidro para l\u00edquidos.<\/p>\n<p>Como fornecedora profissional de garrafas personalizadas, a Ruisheng investiu em duas linhas de produ\u00e7\u00e3o da mais avan\u00e7ada m\u00e1quina 8S totalmente autom\u00e1tica, tr\u00eas linhas de produ\u00e7\u00e3o de m\u00e1quinas manuais CNC e quatro linhas de produ\u00e7\u00e3o de m\u00e1quinas semiautom\u00e1ticas CNC. Nossa f\u00e1brica tamb\u00e9m tem 2 conjuntos de m\u00e1quinas IS. A m\u00e1quina 8S e as m\u00e1quinas CNC s\u00e3o usadas para produzir garrafas de vidro de primeira qualidade - garrafas de vidro supper flint. A produ\u00e7\u00e3o di\u00e1ria \u00e9 de 120.000 unidades. As m\u00e1quinas IS s\u00e3o usadas para produzir garrafas de vidro de grau m\u00e9dio, e sua produ\u00e7\u00e3o di\u00e1ria \u00e9 de 200.000 unidades. Nossa empresa tem mais de 500 funcion\u00e1rios e um grupo de engenheiros qualificados. Com a rica experi\u00eancia e a tecnologia avan\u00e7ada, obtivemos uma boa reputa\u00e7\u00e3o de nossos clientes em todo o mundo.<\/p>\n<p>Nossa garrafa de vidro de 500 ml no atacado \u00e9 usada para armazenar vodca, u\u00edsque, gim, rum, conhaque, bebidas e outros licores. N\u00e3o estamos produzindo apenas essa garrafa de vidro l\u00edquido transparente, mas tamb\u00e9m podemos produzir garrafas de vidro verde-claro e verde-escuro. E podemos oferecer a rolha ou a tampa correspondente.<\/p>\n<p>Usamos a mat\u00e9ria-prima de vidro com alto teor de s\u00edlex para fabricar as garrafas de vidro vazias de 500 ml para l\u00edquidos. Essa mat\u00e9ria-prima torna a garrafa de vidro mais clara, mais dur\u00e1vel e mais lisa.<\/p>\n<h2>Detalhes do fornecedor de garrafas de vidro para l\u00edquidos de 500 ml<\/h2>\n<ul>\n<li>Material principal: Vidro com alto teor de s\u00edlex (esse material tamb\u00e9m \u00e9 chamado de vidro branco cristalino)<\/li>\n<li>Tampa: Corti\u00e7a (podemos oferecer cores e materiais diferentes para ela, como cor dourada, cor prateada, material com alto teor de pol\u00edmero, material complexo, material de madeira)<\/li>\n<li>Refer\u00eancia: RS069<\/li>\n<li>MOQ: 10000 PCS<\/li>\n<li>Capacidade: 500 ml (outras capacidades s\u00e3o v\u00e1lidas, como 700 ml, 750 ml e assim por diante)<\/li>\n<li>Peso: 580g<\/li>\n<li>Pcs\/Ctn: 24pcs (caixa colorida personalizada \u00e9 aceit\u00e1vel)<\/li>\n<li>Porto: Qingdao, China<\/li>\n<li>Origem do local: Shandong, China<\/li>\n<li>Caracter\u00edstica: Ecologicamente correto<\/li>\n<\/ul>\n<p>E como escolher garrafas de vidro de l\u00edquido eletr\u00f4nico? Escolha a garrafa de vidro de 500 ml certa para o esp\u00edrito, a primeira \u00e9 a qualidade das garrafas de l\u00edquido, a garrafa de vidro de alta qualidade \u00e9 capaz de garantir a qualidade do licor e melhorar sua v\u00e1lvula. Al\u00e9m disso, os clientes tamb\u00e9m precisam prestar aten\u00e7\u00e3o \u00e0 qualidade dos produtos de bebidas alco\u00f3licas, sabores de bebidas alco\u00f3licas e propaganda cultural para selecionar uma garrafa de vidro e-l\u00edquido. Al\u00e9m disso, para escolher e comprar um produto de garrafa de licor, \u00e9 necess\u00e1rio escolher um fabricante regular de garrafas de licor para garantir a qualidade e o pre\u00e7o das garrafas de \u00e1lcool.<\/p>\n<p>Se voc\u00ea n\u00e3o quiser comprar os acess\u00f3rios de diferentes empresas, tamb\u00e9m podemos oferecer um servi\u00e7o completo para voc\u00ea. Basta nos informar suas demandas e podemos oferecer os acess\u00f3rios para voc\u00ea. Podemos fazer o processamento profundo na garrafa, como fosco, decalque, pintura e assim por diante.<\/p>\n<p>Al\u00e9m das garrafas de vidro l\u00edquido de 500 ml no atacado, a Shandong Yuncheng Ruisheng tem garrafas de licor de 250 ml, garrafa de bebida espirituosa de 375 ml, garrafas de vidro de 700 ml, garrafas de licor de vidro de 750 ml, garrafas de vidro de 1000 ml com rolha, garrafa de vidro de 1,5 litro e etc. Obviamente, como fabricantes de garrafas personalizadas, podemos projetar a capacidade de acordo com suas necessidades.<\/p>","protected":false},"excerpt":{"rendered":"<table class=\"tg\">\n<tbody>\n<tr>\n<th class=\"tg-24i8\" colspan=\"2\">Garrafas de vidro para l\u00edquidos de 500 ml no atacado<\/th>\n<\/tr>\n<tr>\n<td class=\"tg-b7b8\">Refer\u00eancia:<\/td>\n<td class=\"tg-b7b8\">RS069<\/td>\n<\/tr>\n<tr>\n<td class=\"tg-yw4l\">Material principal:<\/td>\n<td class=\"tg-yw4l\">Vidro com alto teor de flint (esse material tamb\u00e9m \u00e9 chamado de vidro branco cristalino)<\/td>\n<\/tr>\n<tr>\n<td class=\"tg-b7b8\">Bon\u00e9:<\/td>\n<td class=\"tg-b7b8\">Corti\u00e7a<\/td>\n<\/tr>\n<tr>\n<td class=\"tg-yw4l\">Capacidade:<\/td>\n<td class=\"tg-yw4l\">500 ml<\/td>\n<\/tr>\n<tr>\n<td class=\"tg-b7b8\">Recurso:<\/td>\n<td class=\"tg-b7b8\">Ecologicamente correto<\/td>\n<\/tr>\n<tr>\n<td class=\"tg-yw4l\">MOQ:<\/td>\n<td class=\"tg-yw4l\">10000 PCS<\/td>\n<\/tr>\n<tr>\n<td class=\"tg-b7b8\">Forma de embalagem:<\/td>\n<td class=\"tg-b7b8\">Caixa padr\u00e3o de exporta\u00e7\u00e3o \/ palete \/ caixa padr\u00e3o de exporta\u00e7\u00e3o e palete<\/td>\n<\/tr>\n<tr>\n<td class=\"tg-yw4l\">OEM\/ODM:<\/td>\n<td class=\"tg-yw4l\">Bem-vindo<\/td>\n<\/tr>\n<tr>\n<td class=\"tg-b7b8\">Origem do local:<\/td>\n<td class=\"tg-b7b8\">Shandong, China<\/td>\n<\/tr>\n<tr>\n<td class=\"tg-yw4l\">Pcs\/Ctn:<\/td>\n<td class=\"tg-yw4l\">24 unidades ou de acordo com a demanda do cliente<\/td>\n<\/tr>\n<\/tbody>\n<\/table>","protected":false},"featured_media":4262,"comment_status":"closed","ping_status":"closed","template":"","meta":[],"product_cat":[41],"class_list":{"0":"post-4261","1":"product","2":"type-product","3":"status-publish","4":"has-post-thumbnail","6":"product_cat-500ml-liquor-bottle-manufacturer","8":"first","9":"instock","10":"shipping-taxable","11":"product-type-simple"},"yoast_head":"<!-- This site is optimized with the Yoast SEO plugin v22.0 - https:\/\/yoast.com\/wordpress\/plugins\/seo\/ -->\n<title>500ml Liquid Glass Bottles Wholesale | Empty Spirit Bottle Manufacturer<\/title>\n<meta name=\"description\" content=\"Ruisheng, a professional China Spirit Bottle Manufacturer, provide 500ml Liquid Glass Bottles Supplier For spirit. Factory Outlet&amp;Free Sample.\" \/>\n<meta name=\"robots\" content=\"index, follow, max-snippet:-1, max-image-preview:large, max-video-preview:-1\" \/>\n<link rel=\"canonical\" href=\"https:\/\/ruishengglassco.com\/pt\/produto\/rs069-fornecedor-de-garrafas-de-vidro-liquido-de-500-ml-personalizadas\" \/>\n<meta property=\"og:locale\" content=\"pt_BR\" \/>\n<meta property=\"og:type\" content=\"article\" \/>\n<meta property=\"og:title\" content=\"500ml Liquid Glass Bottles Wholesale | Empty Spirit Bottle Manufacturer\" \/>\n<meta property=\"og:description\" content=\"Ruisheng, a professional China Spirit Bottle Manufacturer, provide 500ml Liquid Glass Bottles Supplier For spirit. Factory Outlet&amp;Free Sample.\" \/>\n<meta property=\"og:url\" content=\"https:\/\/ruishengglassco.com\/pt\/produto\/rs069-fornecedor-de-garrafas-de-vidro-liquido-de-500-ml-personalizadas\" \/>\n<meta property=\"article:publisher\" content=\"https:\/\/www.facebook.com\/ruishengglassbottles\" \/>\n<meta property=\"article:modified_time\" content=\"2025-09-11T08:15:43+00:00\" \/>\n<meta property=\"og:image\" content=\"https:\/\/ruishengglassco.com\/wp-content\/uploads\/2025\/03\/RS069-Custom-500ml-Liquid-Glass-Bottles-Wholesale.webp\" \/>\n\t<meta property=\"og:image:width\" content=\"800\" \/>\n\t<meta property=\"og:image:height\" content=\"800\" \/>\n\t<meta property=\"og:image:type\" content=\"image\/webp\" \/>\n<meta name=\"twitter:card\" content=\"summary_large_image\" \/>\n<meta name=\"twitter:label1\" content=\"Est. tempo de leitura\" \/>\n\t<meta name=\"twitter:data1\" content=\"3 minutos\" \/>\n<script type=\"application\/ld+json\" class=\"yoast-schema-graph\">{\"@context\":\"https:\/\/schema.org\",\"@graph\":[{\"@type\":\"WebPage\",\"@id\":\"https:\/\/ruishengglassco.com\/product\/rs069-custom-500ml-liquid-glass-bottles-supplier\",\"url\":\"https:\/\/ruishengglassco.com\/product\/rs069-custom-500ml-liquid-glass-bottles-supplier\",\"name\":\"500ml Liquid Glass Bottles Wholesale | Empty Spirit Bottle Manufacturer\",\"isPartOf\":{\"@id\":\"https:\/\/ruishengglassco.com\/#website\"},\"datePublished\":\"2025-03-15T03:11:06+00:00\",\"dateModified\":\"2025-09-11T08:15:43+00:00\",\"description\":\"Ruisheng, a professional China Spirit Bottle Manufacturer, provide 500ml Liquid Glass Bottles Supplier For spirit. Factory Outlet&Free Sample.\",\"breadcrumb\":{\"@id\":\"https:\/\/ruishengglassco.com\/product\/rs069-custom-500ml-liquid-glass-bottles-supplier#breadcrumb\"},\"inLanguage\":\"pt-BR\",\"potentialAction\":[{\"@type\":\"ReadAction\",\"target\":[\"https:\/\/ruishengglassco.com\/product\/rs069-custom-500ml-liquid-glass-bottles-supplier\"]}]},{\"@type\":\"BreadcrumbList\",\"@id\":\"https:\/\/ruishengglassco.com\/product\/rs069-custom-500ml-liquid-glass-bottles-supplier#breadcrumb\",\"itemListElement\":[{\"@type\":\"ListItem\",\"position\":1,\"name\":\"Home\",\"item\":\"https:\/\/ruishengglassco.com\/\"},{\"@type\":\"ListItem\",\"position\":2,\"name\":\"Products\",\"item\":\"https:\/\/ruishengglassco.com\/products\"},{\"@type\":\"ListItem\",\"position\":3,\"name\":\"RS069: Custom 500ml Liquid Glass Bottles Supplier\"}]},{\"@type\":\"WebSite\",\"@id\":\"https:\/\/ruishengglassco.com\/#website\",\"url\":\"https:\/\/ruishengglassco.com\/\",\"name\":\"Ruisheng Glass\",\"description\":\"\",\"publisher\":{\"@id\":\"https:\/\/ruishengglassco.com\/#organization\"},\"potentialAction\":[{\"@type\":\"SearchAction\",\"target\":{\"@type\":\"EntryPoint\",\"urlTemplate\":\"https:\/\/ruishengglassco.com\/?s={search_term_string}\"},\"query-input\":\"required name=search_term_string\"}],\"inLanguage\":\"pt-BR\"},{\"@type\":\"Organization\",\"@id\":\"https:\/\/ruishengglassco.com\/#organization\",\"name\":\"Shandong Yuncheng Ruisheng Glass Co., Ltd\",\"url\":\"https:\/\/ruishengglassco.com\/\",\"logo\":{\"@type\":\"ImageObject\",\"inLanguage\":\"pt-BR\",\"@id\":\"https:\/\/ruishengglassco.com\/#\/schema\/logo\/image\/\",\"url\":\"https:\/\/ruishengglassco.com\/wp-content\/uploads\/2023\/09\/ruisheng_logo_icon.webp\",\"contentUrl\":\"https:\/\/ruishengglassco.com\/wp-content\/uploads\/2023\/09\/ruisheng_logo_icon.webp\",\"width\":400,\"height\":233,\"caption\":\"Shandong Yuncheng Ruisheng Glass Co., Ltd\"},\"image\":{\"@id\":\"https:\/\/ruishengglassco.com\/#\/schema\/logo\/image\/\"},\"sameAs\":[\"https:\/\/www.facebook.com\/ruishengglassbottles\",\"https:\/\/www.instagram.com\/Ruishengglassbottlewholesales\/\",\"https:\/\/www.youtube.com\/channel\/UCMmbMNGwsL-XrtjfSFLCdVQ\"]}]}<\/script>\n<!-- \/ Yoast SEO plugin. -->","yoast_head_json":{"title":"500ml Liquid Glass Bottles Wholesale | Empty Spirit Bottle Manufacturer","description":"Ruisheng, a professional China Spirit Bottle Manufacturer, provide 500ml Liquid Glass Bottles Supplier For spirit. Factory Outlet&Free Sample.","robots":{"index":"index","follow":"follow","max-snippet":"max-snippet:-1","max-image-preview":"max-image-preview:large","max-video-preview":"max-video-preview:-1"},"canonical":"https:\/\/ruishengglassco.com\/pt\/produto\/rs069-fornecedor-de-garrafas-de-vidro-liquido-de-500-ml-personalizadas","og_locale":"pt_BR","og_type":"article","og_title":"500ml Liquid Glass Bottles Wholesale | Empty Spirit Bottle Manufacturer","og_description":"Ruisheng, a professional China Spirit Bottle Manufacturer, provide 500ml Liquid Glass Bottles Supplier For spirit. Factory Outlet&Free Sample.","og_url":"https:\/\/ruishengglassco.com\/pt\/produto\/rs069-fornecedor-de-garrafas-de-vidro-liquido-de-500-ml-personalizadas","article_publisher":"https:\/\/www.facebook.com\/ruishengglassbottles","article_modified_time":"2025-09-11T08:15:43+00:00","og_image":[{"width":800,"height":800,"url":"https:\/\/ruishengglassco.com\/wp-content\/uploads\/2025\/03\/RS069-Custom-500ml-Liquid-Glass-Bottles-Wholesale.webp","type":"image\/webp"}],"twitter_card":"summary_large_image","twitter_misc":{"Est. tempo de leitura":"3 minutos"},"schema":{"@context":"https:\/\/schema.org","@graph":[{"@type":"WebPage","@id":"https:\/\/ruishengglassco.com\/product\/rs069-custom-500ml-liquid-glass-bottles-supplier","url":"https:\/\/ruishengglassco.com\/product\/rs069-custom-500ml-liquid-glass-bottles-supplier","name":"500ml Liquid Glass Bottles Wholesale | Empty Spirit Bottle Manufacturer","isPartOf":{"@id":"https:\/\/ruishengglassco.com\/#website"},"datePublished":"2025-03-15T03:11:06+00:00","dateModified":"2025-09-11T08:15:43+00:00","description":"Ruisheng, a professional China Spirit Bottle Manufacturer, provide 500ml Liquid Glass Bottles Supplier For spirit. Factory Outlet&Free Sample.","breadcrumb":{"@id":"https:\/\/ruishengglassco.com\/product\/rs069-custom-500ml-liquid-glass-bottles-supplier#breadcrumb"},"inLanguage":"pt-BR","potentialAction":[{"@type":"ReadAction","target":["https:\/\/ruishengglassco.com\/product\/rs069-custom-500ml-liquid-glass-bottles-supplier"]}]},{"@type":"BreadcrumbList","@id":"https:\/\/ruishengglassco.com\/product\/rs069-custom-500ml-liquid-glass-bottles-supplier#breadcrumb","itemListElement":[{"@type":"ListItem","position":1,"name":"Home","item":"https:\/\/ruishengglassco.com\/"},{"@type":"ListItem","position":2,"name":"Products","item":"https:\/\/ruishengglassco.com\/products"},{"@type":"ListItem","position":3,"name":"RS069: Custom 500ml Liquid Glass Bottles Supplier"}]},{"@type":"WebSite","@id":"https:\/\/ruishengglassco.com\/#website","url":"https:\/\/ruishengglassco.com\/","name":"Ruisheng Glass","description":"","publisher":{"@id":"https:\/\/ruishengglassco.com\/#organization"},"potentialAction":[{"@type":"SearchAction","target":{"@type":"EntryPoint","urlTemplate":"https:\/\/ruishengglassco.com\/?s={search_term_string}"},"query-input":"required name=search_term_string"}],"inLanguage":"pt-BR"},{"@type":"Organization","@id":"https:\/\/ruishengglassco.com\/#organization","name":"Shandong Yuncheng Ruisheng Glass Co., Ltd","url":"https:\/\/ruishengglassco.com\/","logo":{"@type":"ImageObject","inLanguage":"pt-BR","@id":"https:\/\/ruishengglassco.com\/#\/schema\/logo\/image\/","url":"https:\/\/ruishengglassco.com\/wp-content\/uploads\/2023\/09\/ruisheng_logo_icon.webp","contentUrl":"https:\/\/ruishengglassco.com\/wp-content\/uploads\/2023\/09\/ruisheng_logo_icon.webp","width":400,"height":233,"caption":"Shandong Yuncheng Ruisheng Glass Co., Ltd"},"image":{"@id":"https:\/\/ruishengglassco.com\/#\/schema\/logo\/image\/"},"sameAs":["https:\/\/www.facebook.com\/ruishengglassbottles","https:\/\/www.instagram.com\/Ruishengglassbottlewholesales\/","https:\/\/www.youtube.com\/channel\/UCMmbMNGwsL-XrtjfSFLCdVQ"]}]}},"_links":{"self":[{"href":"https:\/\/ruishengglassco.com\/pt\/wp-json\/wp\/v2\/product\/4261","targetHints":{"allow":["GET"]}}],"collection":[{"href":"https:\/\/ruishengglassco.com\/pt\/wp-json\/wp\/v2\/product"}],"about":[{"href":"https:\/\/ruishengglassco.com\/pt\/wp-json\/wp\/v2\/types\/product"}],"replies":[{"embeddable":true,"href":"https:\/\/ruishengglassco.com\/pt\/wp-json\/wp\/v2\/comments?post=4261"}],"wp:featuredmedia":[{"embeddable":true,"href":"https:\/\/ruishengglassco.com\/pt\/wp-json\/wp\/v2\/media\/4262"}],"wp:attachment":[{"href":"https:\/\/ruishengglassco.com\/pt\/wp-json\/wp\/v2\/media?parent=4261"}],"wp:term":[{"taxonomy":"product_cat","embeddable":true,"href":"https:\/\/ruishengglassco.com\/pt\/wp-json\/wp\/v2\/product_cat?post=4261"}],"curies":[{"name":"wp","href":"https:\/\/api.w.org\/{rel}","templated":true}]}}