{"id":4252,"date":"2025-03-15T11:00:36","date_gmt":"2025-03-15T03:00:36","guid":{"rendered":"https:\/\/ruishengglassco.com\/?post_type=product&#038;p=4252"},"modified":"2025-07-17T14:13:22","modified_gmt":"2025-07-17T06:13:22","slug":"rs075-garrafas-de-vidro-com-tampa-de-cortica-de-500-ml-no-atacado","status":"publish","type":"product","link":"https:\/\/ruishengglassco.com\/pt\/produto\/rs075-garrafas-de-vidro-com-tampa-de-cortica-de-500-ml-no-atacado","title":{"rendered":"RS075: Fabricantes de garrafas de vidro com tampa de corti\u00e7a de 500 ml"},"content":{"rendered":"<h2>Informa\u00e7\u00f5es detalhadas sobre os fabricantes de garrafas de vidro com tampa de corti\u00e7a de 500 ml<\/h2>\n<p>A embalagem de 500 ml <strong>garrafas de vidro com tampa de corti\u00e7a no atacado<\/strong> \u00e9 um dos produtos mais vendidos em nossa f\u00e1brica. Essa garrafa de vidro para licor tem o formato de uma torre, \u00e9 estreita na parte superior e larga na parte inferior. O fechamento dessas garrafas de vidro no atacado \u00e9 de corti\u00e7a, cor preta, cor dourada, cor prata e outras cores est\u00e3o dispon\u00edveis. \u00c9 projetada principalmente para embalagens de gim.<\/p>\n<p>A empresa Ruisheng Glass fabrica essas garrafas vazias de gim de 500 ml. Nossa empresa est\u00e1 localizada em uma cidade famosa por seus produtos de embalagem de bebidas. Nessa cidade, \u00e9 poss\u00edvel encontrar todos os tipos de recipientes de vidro, tampas, caixas de embalagem e todos os tipos de r\u00f3tulos. A empresa Ruisheng se dedica a oferecer um servi\u00e7o completo aos clientes. Podemos oferecer processamento profundo e decora\u00e7\u00e3o nas garrafas de vidro com rolha.<\/p>\n<p>H\u00e1 12 linhas de produ\u00e7\u00e3o de garrafas de vidro com rolhas em nossa f\u00e1brica, incluindo m\u00e1quinas totalmente autom\u00e1ticas e semiautom\u00e1ticas. Podemos produzir 12 tipos de garrafas de vidro para bebidas alco\u00f3licas, cerca de 10.000 unidades por dia e um total de cerca de 120.000 unidades por dia. N\u00e3o importa quantas garrafas de vidro vazias voc\u00ea queira, podemos produzi-las para voc\u00ea dentro do prazo.<\/p>\n<h2>Os detalhes das garrafas de vidro com tampa de corti\u00e7a de 500 ml<\/h2>\n<p>O peso dessas garrafas de vidro de 500 ml com rolha \u00e9 de 550 g. Seu fundo \u00e9 fino e \u00e9 poss\u00edvel ver claramente o licor em seu interior. O di\u00e2metro do fundo dessa garrafa de vidro com rolha \u00e9 de 88 mm. E sua altura \u00e9 de 280 mm. Essa garrafa de vidro tem tampa de corti\u00e7a. Seu di\u00e2metro interno superior \u00e9 de 17,5 mm e o di\u00e2metro externo superior \u00e9 de 28,5 mm. Essa boca de garrafas de vidro por atacado \u00e9 adequada para a rolha em T padr\u00e3o. Quanto \u00e0 cor da rolha em T, podemos oferecer diferentes cores para voc\u00ea, como preto, dourado, prata e outras cores personalizadas. Quanto ao material da rolha em T, podemos oferecer rolha com alto teor de pol\u00edmero, rolha complexa, rolha de madeira e rolha de vidro.<\/p>\n<p>Se quiser saber mais informa\u00e7\u00f5es sobre nossas garrafas de vidro com rolha ou sobre nossa f\u00e1brica, entre em contato conosco.<\/p>","protected":false},"excerpt":{"rendered":"<p><span data-preserver-spaces=\"true\">Ruisheng \u00e9 <\/span><span data-preserver-spaces=\"true\">a pro<\/span><span data-preserver-spaces=\"true\"> em <\/span><span data-preserver-spaces=\"true\">fazendo<\/span><span data-preserver-spaces=\"true\"> garrafas de vidro para bebidas alco\u00f3licas.<\/span> <span data-preserver-spaces=\"true\">Eles oferecem <\/span><span data-preserver-spaces=\"true\">garrafa de vidro com tampa de corti\u00e7a<\/span><span data-preserver-spaces=\"true\"> servi\u00e7os de atacado para marcas e empresas de bebidas alco\u00f3licas.<\/span> <span data-preserver-spaces=\"true\">Esta s\u00e9rie <\/span><strong><span data-preserver-spaces=\"true\">de 500 ml <\/span><span data-preserver-spaces=\"true\">topo de corti\u00e7a<\/span><span data-preserver-spaces=\"true\"> garrafas de vidro <\/span><span data-preserver-spaces=\"true\">atacado<\/span><\/strong><span data-preserver-spaces=\"true\"> \u00e9 um dos produtos mais vendidos em nossa f\u00e1brica.<\/span> <span data-preserver-spaces=\"true\">Esta garrafa de vidro de licor <\/span><span data-preserver-spaces=\"true\">\u00e9 moldado<\/span><span data-preserver-spaces=\"true\"> como uma torre<\/span><span data-preserver-spaces=\"true\">; \u00e9 estreito em<\/span><span data-preserver-spaces=\"true\"> a parte superior e <\/span><span data-preserver-spaces=\"true\">em grande escala<\/span><span data-preserver-spaces=\"true\"> na parte inferior.<\/span> <span data-preserver-spaces=\"true\">O fechamento dessa garrafa de vidro no atacado \u00e9 de corti\u00e7a, preta <\/span><span data-preserver-spaces=\"true\">cor<\/span><span data-preserver-spaces=\"true\">, dourado <\/span><span data-preserver-spaces=\"true\">cor<\/span><span data-preserver-spaces=\"true\">, prata <\/span><span data-preserver-spaces=\"true\">cor<\/span><span data-preserver-spaces=\"true\">, <\/span><span data-preserver-spaces=\"true\">e<\/span><span data-preserver-spaces=\"true\"> outras cores <\/span><span data-preserver-spaces=\"true\">s\u00e3o<\/span><span data-preserver-spaces=\"true\"> dispon\u00edvel.<\/span><\/p>\n<div><strong><span class=\"mceItemHidden\"><span class=\"hiddenSpellError\">-<\/span><span class=\"hiddenSpellError\">MOQ<\/span>: 10000 PCS (cerca de 10000 <span class=\"hiddenSpellError\">pe\u00e7as<\/span>)<\/span><\/strong><\/div>\n<div><span class=\"mceItemHidden\"><span class=\"hiddenSpellError\">-Livre<\/span>\u00a0Amostra oferecida.<\/span><\/div>\n<div><span class=\"mceItemHidden\"><span class=\"hiddenSpellError\">-Global<\/span>\u00a0Entrega em 30 dias.<\/span><\/div>\n<div><span class=\"mceItemHidden\"><span class=\"hiddenSpellError\">-OEM<\/span>Servi\u00e7o oferecido de \/ODM<\/span><\/div>\n<p>Se quiser saber o pre\u00e7o das garrafas de vidro com rolhas no atacado, entre em contato com nossa equipe de vendas.<\/p>","protected":false},"featured_media":4253,"comment_status":"closed","ping_status":"closed","template":"","meta":[],"product_cat":[41,50],"class_list":{"0":"post-4252","1":"product","2":"type-product","3":"status-publish","4":"has-post-thumbnail","6":"product_cat-500ml-liquor-bottle-manufacturer","7":"product_cat-gin-bottle","9":"first","10":"instock","11":"shipping-taxable","12":"product-type-simple"},"yoast_head":"<!-- This site is optimized with the Yoast SEO plugin v22.0 - https:\/\/yoast.com\/wordpress\/plugins\/seo\/ -->\n<title>500ml Cork Top Glass Bottles Manufacturers | Empty Gin Bottle Suppliers<\/title>\n<meta name=\"description\" content=\"Buy 500ml Cork Top Glass Bottles Manufacturers From China Empty Gin Bottle Suppliers. Factory Outlet Price&amp;Free Sample Offered. Get Quote Here.\" \/>\n<meta name=\"robots\" content=\"index, follow, max-snippet:-1, max-image-preview:large, max-video-preview:-1\" \/>\n<link rel=\"canonical\" href=\"https:\/\/ruishengglassco.com\/pt\/produto\/rs075-garrafas-de-vidro-com-tampa-de-cortica-de-500-ml-no-atacado\" \/>\n<meta property=\"og:locale\" content=\"pt_BR\" \/>\n<meta property=\"og:type\" content=\"article\" \/>\n<meta property=\"og:title\" content=\"500ml Cork Top Glass Bottles Manufacturers | Empty Gin Bottle Suppliers\" \/>\n<meta property=\"og:description\" content=\"Buy 500ml Cork Top Glass Bottles Manufacturers From China Empty Gin Bottle Suppliers. Factory Outlet Price&amp;Free Sample Offered. Get Quote Here.\" \/>\n<meta property=\"og:url\" content=\"https:\/\/ruishengglassco.com\/pt\/produto\/rs075-garrafas-de-vidro-com-tampa-de-cortica-de-500-ml-no-atacado\" \/>\n<meta property=\"article:publisher\" content=\"https:\/\/www.facebook.com\/ruishengglassbottles\" \/>\n<meta property=\"article:modified_time\" content=\"2025-07-17T06:13:22+00:00\" \/>\n<meta property=\"og:image\" content=\"https:\/\/ruishengglassco.com\/wp-content\/uploads\/2025\/03\/RS075-500ml-Cork-Top-Glass-Bottles-Wholesale.webp\" \/>\n\t<meta property=\"og:image:width\" content=\"460\" \/>\n\t<meta property=\"og:image:height\" content=\"460\" \/>\n\t<meta property=\"og:image:type\" content=\"image\/webp\" \/>\n<meta name=\"twitter:card\" content=\"summary_large_image\" \/>\n<meta name=\"twitter:label1\" content=\"Est. tempo de leitura\" \/>\n\t<meta name=\"twitter:data1\" content=\"2 minutos\" \/>\n<script type=\"application\/ld+json\" class=\"yoast-schema-graph\">{\"@context\":\"https:\/\/schema.org\",\"@graph\":[{\"@type\":\"WebPage\",\"@id\":\"https:\/\/ruishengglassco.com\/product\/rs075-500ml-cork-top-glass-bottles-wholesale\",\"url\":\"https:\/\/ruishengglassco.com\/product\/rs075-500ml-cork-top-glass-bottles-wholesale\",\"name\":\"500ml Cork Top Glass Bottles Manufacturers | Empty Gin Bottle Suppliers\",\"isPartOf\":{\"@id\":\"https:\/\/ruishengglassco.com\/#website\"},\"datePublished\":\"2025-03-15T03:00:36+00:00\",\"dateModified\":\"2025-07-17T06:13:22+00:00\",\"description\":\"Buy 500ml Cork Top Glass Bottles Manufacturers From China Empty Gin Bottle Suppliers. Factory Outlet Price&Free Sample Offered. Get Quote Here.\",\"breadcrumb\":{\"@id\":\"https:\/\/ruishengglassco.com\/product\/rs075-500ml-cork-top-glass-bottles-wholesale#breadcrumb\"},\"inLanguage\":\"pt-BR\",\"potentialAction\":[{\"@type\":\"ReadAction\",\"target\":[\"https:\/\/ruishengglassco.com\/product\/rs075-500ml-cork-top-glass-bottles-wholesale\"]}]},{\"@type\":\"BreadcrumbList\",\"@id\":\"https:\/\/ruishengglassco.com\/product\/rs075-500ml-cork-top-glass-bottles-wholesale#breadcrumb\",\"itemListElement\":[{\"@type\":\"ListItem\",\"position\":1,\"name\":\"Home\",\"item\":\"https:\/\/ruishengglassco.com\/\"},{\"@type\":\"ListItem\",\"position\":2,\"name\":\"Products\",\"item\":\"https:\/\/ruishengglassco.com\/products\"},{\"@type\":\"ListItem\",\"position\":3,\"name\":\"RS075: 500ml Cork Top Glass Bottles Manufacturers\"}]},{\"@type\":\"WebSite\",\"@id\":\"https:\/\/ruishengglassco.com\/#website\",\"url\":\"https:\/\/ruishengglassco.com\/\",\"name\":\"Ruisheng Glass\",\"description\":\"\",\"publisher\":{\"@id\":\"https:\/\/ruishengglassco.com\/#organization\"},\"potentialAction\":[{\"@type\":\"SearchAction\",\"target\":{\"@type\":\"EntryPoint\",\"urlTemplate\":\"https:\/\/ruishengglassco.com\/?s={search_term_string}\"},\"query-input\":\"required name=search_term_string\"}],\"inLanguage\":\"pt-BR\"},{\"@type\":\"Organization\",\"@id\":\"https:\/\/ruishengglassco.com\/#organization\",\"name\":\"Shandong Yuncheng Ruisheng Glass Co., Ltd\",\"url\":\"https:\/\/ruishengglassco.com\/\",\"logo\":{\"@type\":\"ImageObject\",\"inLanguage\":\"pt-BR\",\"@id\":\"https:\/\/ruishengglassco.com\/#\/schema\/logo\/image\/\",\"url\":\"https:\/\/ruishengglassco.com\/wp-content\/uploads\/2023\/09\/ruisheng_logo_icon.webp\",\"contentUrl\":\"https:\/\/ruishengglassco.com\/wp-content\/uploads\/2023\/09\/ruisheng_logo_icon.webp\",\"width\":400,\"height\":233,\"caption\":\"Shandong Yuncheng Ruisheng Glass Co., Ltd\"},\"image\":{\"@id\":\"https:\/\/ruishengglassco.com\/#\/schema\/logo\/image\/\"},\"sameAs\":[\"https:\/\/www.facebook.com\/ruishengglassbottles\",\"https:\/\/www.instagram.com\/Ruishengglassbottlewholesales\/\",\"https:\/\/www.youtube.com\/channel\/UCMmbMNGwsL-XrtjfSFLCdVQ\"]}]}<\/script>\n<!-- \/ Yoast SEO plugin. -->","yoast_head_json":{"title":"500ml Cork Top Glass Bottles Manufacturers | Empty Gin Bottle Suppliers","description":"Buy 500ml Cork Top Glass Bottles Manufacturers From China Empty Gin Bottle Suppliers. Factory Outlet Price&Free Sample Offered. Get Quote Here.","robots":{"index":"index","follow":"follow","max-snippet":"max-snippet:-1","max-image-preview":"max-image-preview:large","max-video-preview":"max-video-preview:-1"},"canonical":"https:\/\/ruishengglassco.com\/pt\/produto\/rs075-garrafas-de-vidro-com-tampa-de-cortica-de-500-ml-no-atacado","og_locale":"pt_BR","og_type":"article","og_title":"500ml Cork Top Glass Bottles Manufacturers | Empty Gin Bottle Suppliers","og_description":"Buy 500ml Cork Top Glass Bottles Manufacturers From China Empty Gin Bottle Suppliers. Factory Outlet Price&Free Sample Offered. Get Quote Here.","og_url":"https:\/\/ruishengglassco.com\/pt\/produto\/rs075-garrafas-de-vidro-com-tampa-de-cortica-de-500-ml-no-atacado","article_publisher":"https:\/\/www.facebook.com\/ruishengglassbottles","article_modified_time":"2025-07-17T06:13:22+00:00","og_image":[{"width":460,"height":460,"url":"https:\/\/ruishengglassco.com\/wp-content\/uploads\/2025\/03\/RS075-500ml-Cork-Top-Glass-Bottles-Wholesale.webp","type":"image\/webp"}],"twitter_card":"summary_large_image","twitter_misc":{"Est. tempo de leitura":"2 minutos"},"schema":{"@context":"https:\/\/schema.org","@graph":[{"@type":"WebPage","@id":"https:\/\/ruishengglassco.com\/product\/rs075-500ml-cork-top-glass-bottles-wholesale","url":"https:\/\/ruishengglassco.com\/product\/rs075-500ml-cork-top-glass-bottles-wholesale","name":"500ml Cork Top Glass Bottles Manufacturers | Empty Gin Bottle Suppliers","isPartOf":{"@id":"https:\/\/ruishengglassco.com\/#website"},"datePublished":"2025-03-15T03:00:36+00:00","dateModified":"2025-07-17T06:13:22+00:00","description":"Buy 500ml Cork Top Glass Bottles Manufacturers From China Empty Gin Bottle Suppliers. Factory Outlet Price&Free Sample Offered. Get Quote Here.","breadcrumb":{"@id":"https:\/\/ruishengglassco.com\/product\/rs075-500ml-cork-top-glass-bottles-wholesale#breadcrumb"},"inLanguage":"pt-BR","potentialAction":[{"@type":"ReadAction","target":["https:\/\/ruishengglassco.com\/product\/rs075-500ml-cork-top-glass-bottles-wholesale"]}]},{"@type":"BreadcrumbList","@id":"https:\/\/ruishengglassco.com\/product\/rs075-500ml-cork-top-glass-bottles-wholesale#breadcrumb","itemListElement":[{"@type":"ListItem","position":1,"name":"Home","item":"https:\/\/ruishengglassco.com\/"},{"@type":"ListItem","position":2,"name":"Products","item":"https:\/\/ruishengglassco.com\/products"},{"@type":"ListItem","position":3,"name":"RS075: 500ml Cork Top Glass Bottles Manufacturers"}]},{"@type":"WebSite","@id":"https:\/\/ruishengglassco.com\/#website","url":"https:\/\/ruishengglassco.com\/","name":"Ruisheng Glass","description":"","publisher":{"@id":"https:\/\/ruishengglassco.com\/#organization"},"potentialAction":[{"@type":"SearchAction","target":{"@type":"EntryPoint","urlTemplate":"https:\/\/ruishengglassco.com\/?s={search_term_string}"},"query-input":"required name=search_term_string"}],"inLanguage":"pt-BR"},{"@type":"Organization","@id":"https:\/\/ruishengglassco.com\/#organization","name":"Shandong Yuncheng Ruisheng Glass Co., Ltd","url":"https:\/\/ruishengglassco.com\/","logo":{"@type":"ImageObject","inLanguage":"pt-BR","@id":"https:\/\/ruishengglassco.com\/#\/schema\/logo\/image\/","url":"https:\/\/ruishengglassco.com\/wp-content\/uploads\/2023\/09\/ruisheng_logo_icon.webp","contentUrl":"https:\/\/ruishengglassco.com\/wp-content\/uploads\/2023\/09\/ruisheng_logo_icon.webp","width":400,"height":233,"caption":"Shandong Yuncheng Ruisheng Glass Co., Ltd"},"image":{"@id":"https:\/\/ruishengglassco.com\/#\/schema\/logo\/image\/"},"sameAs":["https:\/\/www.facebook.com\/ruishengglassbottles","https:\/\/www.instagram.com\/Ruishengglassbottlewholesales\/","https:\/\/www.youtube.com\/channel\/UCMmbMNGwsL-XrtjfSFLCdVQ"]}]}},"_links":{"self":[{"href":"https:\/\/ruishengglassco.com\/pt\/wp-json\/wp\/v2\/product\/4252","targetHints":{"allow":["GET"]}}],"collection":[{"href":"https:\/\/ruishengglassco.com\/pt\/wp-json\/wp\/v2\/product"}],"about":[{"href":"https:\/\/ruishengglassco.com\/pt\/wp-json\/wp\/v2\/types\/product"}],"replies":[{"embeddable":true,"href":"https:\/\/ruishengglassco.com\/pt\/wp-json\/wp\/v2\/comments?post=4252"}],"wp:featuredmedia":[{"embeddable":true,"href":"https:\/\/ruishengglassco.com\/pt\/wp-json\/wp\/v2\/media\/4253"}],"wp:attachment":[{"href":"https:\/\/ruishengglassco.com\/pt\/wp-json\/wp\/v2\/media?parent=4252"}],"wp:term":[{"taxonomy":"product_cat","embeddable":true,"href":"https:\/\/ruishengglassco.com\/pt\/wp-json\/wp\/v2\/product_cat?post=4252"}],"curies":[{"name":"wp","href":"https:\/\/api.w.org\/{rel}","templated":true}]}}