{"id":4250,"date":"2025-03-15T10:55:41","date_gmt":"2025-03-15T02:55:41","guid":{"rendered":"https:\/\/ruishengglassco.com\/?post_type=product&#038;p=4250"},"modified":"2025-07-17T14:11:37","modified_gmt":"2025-07-17T06:11:37","slug":"rs077-garrafas-de-vidro-de-16-oz-com-rolhas-no-atacado","status":"publish","type":"product","link":"https:\/\/ruishengglassco.com\/pt\/produto\/rs077-garrafas-de-vidro-de-16-oz-com-rolhas-no-atacado","title":{"rendered":"RS077: Fabricantes de garrafas de vidro de 16 oz com rolhas"},"content":{"rendered":"<p>As garrafas de vidro de 16 oz por atacado s\u00e3o fabricadas na Shandong Yuncheng Ruisheng Glass Company, Ltd. Nossa empresa \u00e9 uma das maiores fabricantes de garrafas de vidro super flint da China.<\/p>\n<p>Essa garrafa de vidro vazia foi projetada principalmente para tequila. Suas formas, como a caba\u00e7a, s\u00e3o feitas de material de vidro com alto teor de s\u00edlex, o que torna a garrafa de vidro mais clara, mais dur\u00e1vel e mais suave.<\/p>\n<p>Nossa empresa tem mais de 500 funcion\u00e1rios e um grupo de engenheiros qualificados. Com uma vasta experi\u00eancia, temos uma boa reputa\u00e7\u00e3o em todo o mundo.<\/p>\n<p>Nossos principais produtos s\u00e3o garrafas de vidro de alta qualidade, como garrafas de vodca, garrafas de conhaque, garrafas de u\u00edsque, garrafas de licor, garrafas de geleia e assim por diante. Tamb\u00e9m podemos oferecer garrafas de vidro \u00e2mbar, garrafas verdes e garrafas de \u00e1gua. Nosso principal mercado \u00e9 a Europa, os EUA, a Austr\u00e1lia, a Am\u00e9rica, etc. E todos os produtos gozam de grande reputa\u00e7\u00e3o em termos de inova\u00e7\u00e3o e funcionalidade.<\/p>\n<h2>Detalhes sobre as garrafas de vidro de 16 oz no atacado<\/h2>\n<ul>\n<li>Material principal: vidro com alto teor de s\u00edlex<\/li>\n<li>Bon\u00e9: Bon\u00e9 Guala<\/li>\n<li>Refer\u00eancia: RS077<\/li>\n<li>MOQ: 10000 PCS<\/li>\n<li>Capacidade: 500 ml<\/li>\n<li>Pcs\/Ctn:24pcs<\/li>\n<li>Origem do local: Shandong, China<\/li>\n<li>Caracter\u00edstica: Ecologicamente correto<\/li>\n<\/ul>\n<p>Se quiser obter pre\u00e7os de garrafas de tequila personalizadas, entre em contato conosco. Responderemos dentro de 24 horas.<\/p>","protected":false},"excerpt":{"rendered":"<p>As garrafas espirituosas personalizadas de 500 ml (garrafas de vidro de 16 oz no atacado) s\u00e3o especialmente projetadas para embalagens de tequila. O design exclusivo do formato faz com que ela se destaque e chame a aten\u00e7\u00e3o dos compradores.<\/p>\n<ul>\n<li><b>Servi\u00e7o OEM\/ODM com amostra gr\u00e1tis. MOQ: 10000 PCS\u00a0<\/b><\/li>\n<li>Peso da garrafa: 640g<\/li>\n<li>Altura da garrafa: 220 mm<\/li>\n<li>Di\u00e2metro da garrafa: 90 mm<\/li>\n<\/ul>\n<p>Se quiser personalizar o pre\u00e7o de uma garrafa de tequila sofisticada, entre em contato conosco. Podemos aceitar um pedido experimental como o primeiro pedido.<\/p>","protected":false},"featured_media":4251,"comment_status":"closed","ping_status":"closed","template":"","meta":[],"product_cat":[41,45,46],"class_list":{"0":"post-4250","1":"product","2":"type-product","3":"status-publish","4":"has-post-thumbnail","6":"product_cat-500ml-liquor-bottle-manufacturer","7":"product_cat-custom-glass-bottle","8":"product_cat-tequila-bottle","10":"first","11":"instock","12":"shipping-taxable","13":"product-type-simple"},"yoast_head":"<!-- This site is optimized with the Yoast SEO plugin v22.0 - https:\/\/yoast.com\/wordpress\/plugins\/seo\/ -->\n<title>16 OZ Glass Bottles Manufacturers | Custom Fancy Tequila Bottle Price<\/title>\n<meta name=\"description\" content=\"Do you want to buy 16 oz glass bottles wholesale for tequila from China glass bottle manufacturer, click here to get custom fancy tequila bottle price.\" \/>\n<meta name=\"robots\" content=\"index, follow, max-snippet:-1, max-image-preview:large, max-video-preview:-1\" \/>\n<link rel=\"canonical\" href=\"https:\/\/ruishengglassco.com\/pt\/produto\/rs077-garrafas-de-vidro-de-16-oz-com-rolhas-no-atacado\" \/>\n<meta property=\"og:locale\" content=\"pt_BR\" \/>\n<meta property=\"og:type\" content=\"article\" \/>\n<meta property=\"og:title\" content=\"16 OZ Glass Bottles Manufacturers | Custom Fancy Tequila Bottle Price\" \/>\n<meta property=\"og:description\" content=\"Do you want to buy 16 oz glass bottles wholesale for tequila from China glass bottle manufacturer, click here to get custom fancy tequila bottle price.\" \/>\n<meta property=\"og:url\" content=\"https:\/\/ruishengglassco.com\/pt\/produto\/rs077-garrafas-de-vidro-de-16-oz-com-rolhas-no-atacado\" \/>\n<meta property=\"article:publisher\" content=\"https:\/\/www.facebook.com\/ruishengglassbottles\" \/>\n<meta property=\"article:modified_time\" content=\"2025-07-17T06:11:37+00:00\" \/>\n<meta property=\"og:image\" content=\"https:\/\/ruishengglassco.com\/wp-content\/uploads\/2025\/03\/RS077-16-OZ-Glass-Bottles-With-Corks-Wholesale.webp\" \/>\n\t<meta property=\"og:image:width\" content=\"460\" \/>\n\t<meta property=\"og:image:height\" content=\"460\" \/>\n\t<meta property=\"og:image:type\" content=\"image\/webp\" \/>\n<meta name=\"twitter:card\" content=\"summary_large_image\" \/>\n<meta name=\"twitter:label1\" content=\"Est. tempo de leitura\" \/>\n\t<meta name=\"twitter:data1\" content=\"2 minutos\" \/>\n<script type=\"application\/ld+json\" class=\"yoast-schema-graph\">{\"@context\":\"https:\/\/schema.org\",\"@graph\":[{\"@type\":\"WebPage\",\"@id\":\"https:\/\/ruishengglassco.com\/product\/rs077-16-oz-glass-bottles-with-corks-wholesale\",\"url\":\"https:\/\/ruishengglassco.com\/product\/rs077-16-oz-glass-bottles-with-corks-wholesale\",\"name\":\"16 OZ Glass Bottles Manufacturers | Custom Fancy Tequila Bottle Price\",\"isPartOf\":{\"@id\":\"https:\/\/ruishengglassco.com\/#website\"},\"datePublished\":\"2025-03-15T02:55:41+00:00\",\"dateModified\":\"2025-07-17T06:11:37+00:00\",\"description\":\"Do you want to buy 16 oz glass bottles wholesale for tequila from China glass bottle manufacturer, click here to get custom fancy tequila bottle price.\",\"breadcrumb\":{\"@id\":\"https:\/\/ruishengglassco.com\/product\/rs077-16-oz-glass-bottles-with-corks-wholesale#breadcrumb\"},\"inLanguage\":\"pt-BR\",\"potentialAction\":[{\"@type\":\"ReadAction\",\"target\":[\"https:\/\/ruishengglassco.com\/product\/rs077-16-oz-glass-bottles-with-corks-wholesale\"]}]},{\"@type\":\"BreadcrumbList\",\"@id\":\"https:\/\/ruishengglassco.com\/product\/rs077-16-oz-glass-bottles-with-corks-wholesale#breadcrumb\",\"itemListElement\":[{\"@type\":\"ListItem\",\"position\":1,\"name\":\"Home\",\"item\":\"https:\/\/ruishengglassco.com\/\"},{\"@type\":\"ListItem\",\"position\":2,\"name\":\"Products\",\"item\":\"https:\/\/ruishengglassco.com\/products\"},{\"@type\":\"ListItem\",\"position\":3,\"name\":\"RS077: 16 OZ Glass Bottles With Corks Manufacturers\"}]},{\"@type\":\"WebSite\",\"@id\":\"https:\/\/ruishengglassco.com\/#website\",\"url\":\"https:\/\/ruishengglassco.com\/\",\"name\":\"Ruisheng Glass\",\"description\":\"\",\"publisher\":{\"@id\":\"https:\/\/ruishengglassco.com\/#organization\"},\"potentialAction\":[{\"@type\":\"SearchAction\",\"target\":{\"@type\":\"EntryPoint\",\"urlTemplate\":\"https:\/\/ruishengglassco.com\/?s={search_term_string}\"},\"query-input\":\"required name=search_term_string\"}],\"inLanguage\":\"pt-BR\"},{\"@type\":\"Organization\",\"@id\":\"https:\/\/ruishengglassco.com\/#organization\",\"name\":\"Shandong Yuncheng Ruisheng Glass Co., Ltd\",\"url\":\"https:\/\/ruishengglassco.com\/\",\"logo\":{\"@type\":\"ImageObject\",\"inLanguage\":\"pt-BR\",\"@id\":\"https:\/\/ruishengglassco.com\/#\/schema\/logo\/image\/\",\"url\":\"https:\/\/ruishengglassco.com\/wp-content\/uploads\/2023\/09\/ruisheng_logo_icon.webp\",\"contentUrl\":\"https:\/\/ruishengglassco.com\/wp-content\/uploads\/2023\/09\/ruisheng_logo_icon.webp\",\"width\":400,\"height\":233,\"caption\":\"Shandong Yuncheng Ruisheng Glass Co., Ltd\"},\"image\":{\"@id\":\"https:\/\/ruishengglassco.com\/#\/schema\/logo\/image\/\"},\"sameAs\":[\"https:\/\/www.facebook.com\/ruishengglassbottles\",\"https:\/\/www.instagram.com\/Ruishengglassbottlewholesales\/\",\"https:\/\/www.youtube.com\/channel\/UCMmbMNGwsL-XrtjfSFLCdVQ\"]}]}<\/script>\n<!-- \/ Yoast SEO plugin. -->","yoast_head_json":{"title":"16 OZ Glass Bottles Manufacturers | Custom Fancy Tequila Bottle Price","description":"Do you want to buy 16 oz glass bottles wholesale for tequila from China glass bottle manufacturer, click here to get custom fancy tequila bottle price.","robots":{"index":"index","follow":"follow","max-snippet":"max-snippet:-1","max-image-preview":"max-image-preview:large","max-video-preview":"max-video-preview:-1"},"canonical":"https:\/\/ruishengglassco.com\/pt\/produto\/rs077-garrafas-de-vidro-de-16-oz-com-rolhas-no-atacado","og_locale":"pt_BR","og_type":"article","og_title":"16 OZ Glass Bottles Manufacturers | Custom Fancy Tequila Bottle Price","og_description":"Do you want to buy 16 oz glass bottles wholesale for tequila from China glass bottle manufacturer, click here to get custom fancy tequila bottle price.","og_url":"https:\/\/ruishengglassco.com\/pt\/produto\/rs077-garrafas-de-vidro-de-16-oz-com-rolhas-no-atacado","article_publisher":"https:\/\/www.facebook.com\/ruishengglassbottles","article_modified_time":"2025-07-17T06:11:37+00:00","og_image":[{"width":460,"height":460,"url":"https:\/\/ruishengglassco.com\/wp-content\/uploads\/2025\/03\/RS077-16-OZ-Glass-Bottles-With-Corks-Wholesale.webp","type":"image\/webp"}],"twitter_card":"summary_large_image","twitter_misc":{"Est. tempo de leitura":"2 minutos"},"schema":{"@context":"https:\/\/schema.org","@graph":[{"@type":"WebPage","@id":"https:\/\/ruishengglassco.com\/product\/rs077-16-oz-glass-bottles-with-corks-wholesale","url":"https:\/\/ruishengglassco.com\/product\/rs077-16-oz-glass-bottles-with-corks-wholesale","name":"16 OZ Glass Bottles Manufacturers | Custom Fancy Tequila Bottle Price","isPartOf":{"@id":"https:\/\/ruishengglassco.com\/#website"},"datePublished":"2025-03-15T02:55:41+00:00","dateModified":"2025-07-17T06:11:37+00:00","description":"Do you want to buy 16 oz glass bottles wholesale for tequila from China glass bottle manufacturer, click here to get custom fancy tequila bottle price.","breadcrumb":{"@id":"https:\/\/ruishengglassco.com\/product\/rs077-16-oz-glass-bottles-with-corks-wholesale#breadcrumb"},"inLanguage":"pt-BR","potentialAction":[{"@type":"ReadAction","target":["https:\/\/ruishengglassco.com\/product\/rs077-16-oz-glass-bottles-with-corks-wholesale"]}]},{"@type":"BreadcrumbList","@id":"https:\/\/ruishengglassco.com\/product\/rs077-16-oz-glass-bottles-with-corks-wholesale#breadcrumb","itemListElement":[{"@type":"ListItem","position":1,"name":"Home","item":"https:\/\/ruishengglassco.com\/"},{"@type":"ListItem","position":2,"name":"Products","item":"https:\/\/ruishengglassco.com\/products"},{"@type":"ListItem","position":3,"name":"RS077: 16 OZ Glass Bottles With Corks Manufacturers"}]},{"@type":"WebSite","@id":"https:\/\/ruishengglassco.com\/#website","url":"https:\/\/ruishengglassco.com\/","name":"Ruisheng Glass","description":"","publisher":{"@id":"https:\/\/ruishengglassco.com\/#organization"},"potentialAction":[{"@type":"SearchAction","target":{"@type":"EntryPoint","urlTemplate":"https:\/\/ruishengglassco.com\/?s={search_term_string}"},"query-input":"required name=search_term_string"}],"inLanguage":"pt-BR"},{"@type":"Organization","@id":"https:\/\/ruishengglassco.com\/#organization","name":"Shandong Yuncheng Ruisheng Glass Co., Ltd","url":"https:\/\/ruishengglassco.com\/","logo":{"@type":"ImageObject","inLanguage":"pt-BR","@id":"https:\/\/ruishengglassco.com\/#\/schema\/logo\/image\/","url":"https:\/\/ruishengglassco.com\/wp-content\/uploads\/2023\/09\/ruisheng_logo_icon.webp","contentUrl":"https:\/\/ruishengglassco.com\/wp-content\/uploads\/2023\/09\/ruisheng_logo_icon.webp","width":400,"height":233,"caption":"Shandong Yuncheng Ruisheng Glass Co., Ltd"},"image":{"@id":"https:\/\/ruishengglassco.com\/#\/schema\/logo\/image\/"},"sameAs":["https:\/\/www.facebook.com\/ruishengglassbottles","https:\/\/www.instagram.com\/Ruishengglassbottlewholesales\/","https:\/\/www.youtube.com\/channel\/UCMmbMNGwsL-XrtjfSFLCdVQ"]}]}},"_links":{"self":[{"href":"https:\/\/ruishengglassco.com\/pt\/wp-json\/wp\/v2\/product\/4250","targetHints":{"allow":["GET"]}}],"collection":[{"href":"https:\/\/ruishengglassco.com\/pt\/wp-json\/wp\/v2\/product"}],"about":[{"href":"https:\/\/ruishengglassco.com\/pt\/wp-json\/wp\/v2\/types\/product"}],"replies":[{"embeddable":true,"href":"https:\/\/ruishengglassco.com\/pt\/wp-json\/wp\/v2\/comments?post=4250"}],"wp:featuredmedia":[{"embeddable":true,"href":"https:\/\/ruishengglassco.com\/pt\/wp-json\/wp\/v2\/media\/4251"}],"wp:attachment":[{"href":"https:\/\/ruishengglassco.com\/pt\/wp-json\/wp\/v2\/media?parent=4250"}],"wp:term":[{"taxonomy":"product_cat","embeddable":true,"href":"https:\/\/ruishengglassco.com\/pt\/wp-json\/wp\/v2\/product_cat?post=4250"}],"curies":[{"name":"wp","href":"https:\/\/api.w.org\/{rel}","templated":true}]}}