{"id":4248,"date":"2025-03-15T10:51:11","date_gmt":"2025-03-15T02:51:11","guid":{"rendered":"https:\/\/ruishengglassco.com\/?post_type=product&#038;p=4248"},"modified":"2025-09-11T16:18:09","modified_gmt":"2025-09-11T08:18:09","slug":"rs078-garrafas-de-vinho-de-vidro-transparente-de-500-ml-no-atacado","status":"publish","type":"product","link":"https:\/\/ruishengglassco.com\/pt\/produto\/rs078-garrafas-de-vinho-de-vidro-transparente-de-500-ml-no-atacado","title":{"rendered":"RS078: Garrafas de vinho de vidro transparente de 500 ml"},"content":{"rendered":"<h2>Garrafas de vinho de vidro transparente de 500 ml<\/h2>\n<p>O <em><strong>Garrafas de vinho de vidro transparente de 500 ml<\/strong><\/em> s\u00e3o fabricadas na Shandong Yuncheng Ruisheng Glass Co., Ltd. Nossa empresa \u00e9 uma das maiores fabricantes de garrafas de vidro super flint da China.<\/p>\n<p>As garrafas de vidro transparente de 500 ml para bebidas alco\u00f3licas s\u00e3o fabricadas com material de vidro de alto brilho, o que torna a garrafa de vidro mais transparente, mais dur\u00e1vel e mais suave.<\/p>\n<p>Nossa empresa tem mais de 500 funcion\u00e1rios e um grupo de engenheiros qualificados. Com uma vasta experi\u00eancia, temos uma boa reputa\u00e7\u00e3o em todo o mundo.<\/p>\n<p>Nossos principais produtos s\u00e3o garrafas de vinho de vidro de 500 ml de alta qualidade, como garrafa de vodca, garrafa de conhaque, garrafa de u\u00edsque, garrafa de licor, garrafa de geleia e assim por diante. Tamb\u00e9m podemos oferecer garrafas de vidro \u00e2mbar, garrafas verdes de 500 ml e garrafas de \u00e1gua. Nosso principal mercado \u00e9 a Europa, os EUA, a Austr\u00e1lia, a Am\u00e9rica, etc. E todos os produtos gozam de grande reputa\u00e7\u00e3o em termos de inova\u00e7\u00e3o e funcionalidade.<\/p>\n<h2>As informa\u00e7\u00f5es sobre a garrafa de vinho de vidro de 500 ml no atacado est\u00e3o abaixo:<\/h2>\n<ul>\n<li>Material principal: vidro com alto teor de s\u00edlex<\/li>\n<li>Tampa: tampa de rosca<\/li>\n<li>Refer\u00eancia: RS078<\/li>\n<li>MOQ: 10000 PCS<\/li>\n<li>Capacidade: 500 ml<\/li>\n<li>Pcs\/Ctn: 24pcs<\/li>\n<li>Origem do local: Shandong, China<\/li>\n<li>Caracter\u00edstica: Ecologicamente correto<\/li>\n<\/ul>\n<p>Como fornecedora profissional de garrafas de vidro para bebidas alco\u00f3licas, a Ruisheng investiu em duas linhas de produ\u00e7\u00e3o de garrafas de vidro para bebidas alco\u00f3licas da mais avan\u00e7ada m\u00e1quina 8S totalmente autom\u00e1tica, tr\u00eas linhas de produ\u00e7\u00e3o de m\u00e1quinas manuais CNC e quatro linhas de produ\u00e7\u00e3o de m\u00e1quinas semiautom\u00e1ticas CNC.<\/p>\n<p>Se estiver interessado em nossas garrafas de vinho de vidro transparente de 500 ml no atacado, entre em contato conosco. Responderemos dentro de 24 horas.<\/p>","protected":false},"excerpt":{"rendered":"<p data-block-id=\"c237bc2e-d286-4ba1-894b-d55076e4e3e0\" data-pm-slice=\"1 1 []\">As garrafas de vinho de vidro transparente de 500 ml s\u00e3o fabricadas na Shandong Yuncheng Ruisheng Glass Company, Ltd. Nossa empresa \u00e9 uma das maiores fabricantes de garrafas de vidro super flint da China.<\/p>\n<p data-block-id=\"53c93c51-b303-4926-b14b-23a840cd3f86\">As garrafas de destilados de vidro transparente de 500 ml s\u00e3o feitas de vidro flint de alta qualidade. Esse material torna as garrafas mais claras, mais dur\u00e1veis e mais suaves.<\/p>","protected":false},"featured_media":4249,"comment_status":"closed","ping_status":"closed","template":"","meta":[],"product_cat":[41],"class_list":{"0":"post-4248","1":"product","2":"type-product","3":"status-publish","4":"has-post-thumbnail","6":"product_cat-500ml-liquor-bottle-manufacturer","8":"first","9":"instock","10":"shipping-taxable","11":"product-type-simple"},"yoast_head":"<!-- This site is optimized with the Yoast SEO plugin v22.0 - https:\/\/yoast.com\/wordpress\/plugins\/seo\/ -->\n<title>500ml Clear Glass Wine Bottles | Glass Spirit Bottle Supplier<\/title>\n<meta name=\"description\" content=\"The 500ml clear glass wine bottles are made in Shandong Yuncheng Ruisheng Glass Co., Ltd. Factory Outlet&amp;Free Sample. Get Price Here.\" \/>\n<meta name=\"robots\" content=\"index, follow, max-snippet:-1, max-image-preview:large, max-video-preview:-1\" \/>\n<link rel=\"canonical\" href=\"https:\/\/ruishengglassco.com\/pt\/produto\/rs078-garrafas-de-vinho-de-vidro-transparente-de-500-ml-no-atacado\" \/>\n<meta property=\"og:locale\" content=\"pt_BR\" \/>\n<meta property=\"og:type\" content=\"article\" \/>\n<meta property=\"og:title\" content=\"500ml Clear Glass Wine Bottles | Glass Spirit Bottle Supplier\" \/>\n<meta property=\"og:description\" content=\"The 500ml clear glass wine bottles are made in Shandong Yuncheng Ruisheng Glass Co., Ltd. Factory Outlet&amp;Free Sample. Get Price Here.\" \/>\n<meta property=\"og:url\" content=\"https:\/\/ruishengglassco.com\/pt\/produto\/rs078-garrafas-de-vinho-de-vidro-transparente-de-500-ml-no-atacado\" \/>\n<meta property=\"article:publisher\" content=\"https:\/\/www.facebook.com\/ruishengglassbottles\" \/>\n<meta property=\"article:modified_time\" content=\"2025-09-11T08:18:09+00:00\" \/>\n<meta property=\"og:image\" content=\"https:\/\/ruishengglassco.com\/wp-content\/uploads\/2025\/03\/RS078-Wholesale-500ml-Clear-Glass-Wine-Bottles.webp\" \/>\n\t<meta property=\"og:image:width\" content=\"460\" \/>\n\t<meta property=\"og:image:height\" content=\"460\" \/>\n\t<meta property=\"og:image:type\" content=\"image\/webp\" \/>\n<meta name=\"twitter:card\" content=\"summary_large_image\" \/>\n<meta name=\"twitter:label1\" content=\"Est. tempo de leitura\" \/>\n\t<meta name=\"twitter:data1\" content=\"2 minutos\" \/>\n<script type=\"application\/ld+json\" class=\"yoast-schema-graph\">{\"@context\":\"https:\/\/schema.org\",\"@graph\":[{\"@type\":\"WebPage\",\"@id\":\"https:\/\/ruishengglassco.com\/product\/rs078-wholesale-500ml-clear-glass-wine-bottles\",\"url\":\"https:\/\/ruishengglassco.com\/product\/rs078-wholesale-500ml-clear-glass-wine-bottles\",\"name\":\"500ml Clear Glass Wine Bottles | Glass Spirit Bottle Supplier\",\"isPartOf\":{\"@id\":\"https:\/\/ruishengglassco.com\/#website\"},\"datePublished\":\"2025-03-15T02:51:11+00:00\",\"dateModified\":\"2025-09-11T08:18:09+00:00\",\"description\":\"The 500ml clear glass wine bottles are made in Shandong Yuncheng Ruisheng Glass Co., Ltd. Factory Outlet&Free Sample. Get Price Here.\",\"breadcrumb\":{\"@id\":\"https:\/\/ruishengglassco.com\/product\/rs078-wholesale-500ml-clear-glass-wine-bottles#breadcrumb\"},\"inLanguage\":\"pt-BR\",\"potentialAction\":[{\"@type\":\"ReadAction\",\"target\":[\"https:\/\/ruishengglassco.com\/product\/rs078-wholesale-500ml-clear-glass-wine-bottles\"]}]},{\"@type\":\"BreadcrumbList\",\"@id\":\"https:\/\/ruishengglassco.com\/product\/rs078-wholesale-500ml-clear-glass-wine-bottles#breadcrumb\",\"itemListElement\":[{\"@type\":\"ListItem\",\"position\":1,\"name\":\"Home\",\"item\":\"https:\/\/ruishengglassco.com\/\"},{\"@type\":\"ListItem\",\"position\":2,\"name\":\"Products\",\"item\":\"https:\/\/ruishengglassco.com\/products\"},{\"@type\":\"ListItem\",\"position\":3,\"name\":\"RS078: 500ml Clear Glass Wine Bottles\"}]},{\"@type\":\"WebSite\",\"@id\":\"https:\/\/ruishengglassco.com\/#website\",\"url\":\"https:\/\/ruishengglassco.com\/\",\"name\":\"Ruisheng Glass\",\"description\":\"\",\"publisher\":{\"@id\":\"https:\/\/ruishengglassco.com\/#organization\"},\"potentialAction\":[{\"@type\":\"SearchAction\",\"target\":{\"@type\":\"EntryPoint\",\"urlTemplate\":\"https:\/\/ruishengglassco.com\/?s={search_term_string}\"},\"query-input\":\"required name=search_term_string\"}],\"inLanguage\":\"pt-BR\"},{\"@type\":\"Organization\",\"@id\":\"https:\/\/ruishengglassco.com\/#organization\",\"name\":\"Shandong Yuncheng Ruisheng Glass Co., Ltd\",\"url\":\"https:\/\/ruishengglassco.com\/\",\"logo\":{\"@type\":\"ImageObject\",\"inLanguage\":\"pt-BR\",\"@id\":\"https:\/\/ruishengglassco.com\/#\/schema\/logo\/image\/\",\"url\":\"https:\/\/ruishengglassco.com\/wp-content\/uploads\/2023\/09\/ruisheng_logo_icon.webp\",\"contentUrl\":\"https:\/\/ruishengglassco.com\/wp-content\/uploads\/2023\/09\/ruisheng_logo_icon.webp\",\"width\":400,\"height\":233,\"caption\":\"Shandong Yuncheng Ruisheng Glass Co., Ltd\"},\"image\":{\"@id\":\"https:\/\/ruishengglassco.com\/#\/schema\/logo\/image\/\"},\"sameAs\":[\"https:\/\/www.facebook.com\/ruishengglassbottles\",\"https:\/\/www.instagram.com\/Ruishengglassbottlewholesales\/\",\"https:\/\/www.youtube.com\/channel\/UCMmbMNGwsL-XrtjfSFLCdVQ\"]}]}<\/script>\n<!-- \/ Yoast SEO plugin. -->","yoast_head_json":{"title":"500ml Clear Glass Wine Bottles | Glass Spirit Bottle Supplier","description":"The 500ml clear glass wine bottles are made in Shandong Yuncheng Ruisheng Glass Co., Ltd. Factory Outlet&Free Sample. Get Price Here.","robots":{"index":"index","follow":"follow","max-snippet":"max-snippet:-1","max-image-preview":"max-image-preview:large","max-video-preview":"max-video-preview:-1"},"canonical":"https:\/\/ruishengglassco.com\/pt\/produto\/rs078-garrafas-de-vinho-de-vidro-transparente-de-500-ml-no-atacado","og_locale":"pt_BR","og_type":"article","og_title":"500ml Clear Glass Wine Bottles | Glass Spirit Bottle Supplier","og_description":"The 500ml clear glass wine bottles are made in Shandong Yuncheng Ruisheng Glass Co., Ltd. Factory Outlet&Free Sample. Get Price Here.","og_url":"https:\/\/ruishengglassco.com\/pt\/produto\/rs078-garrafas-de-vinho-de-vidro-transparente-de-500-ml-no-atacado","article_publisher":"https:\/\/www.facebook.com\/ruishengglassbottles","article_modified_time":"2025-09-11T08:18:09+00:00","og_image":[{"width":460,"height":460,"url":"https:\/\/ruishengglassco.com\/wp-content\/uploads\/2025\/03\/RS078-Wholesale-500ml-Clear-Glass-Wine-Bottles.webp","type":"image\/webp"}],"twitter_card":"summary_large_image","twitter_misc":{"Est. tempo de leitura":"2 minutos"},"schema":{"@context":"https:\/\/schema.org","@graph":[{"@type":"WebPage","@id":"https:\/\/ruishengglassco.com\/product\/rs078-wholesale-500ml-clear-glass-wine-bottles","url":"https:\/\/ruishengglassco.com\/product\/rs078-wholesale-500ml-clear-glass-wine-bottles","name":"500ml Clear Glass Wine Bottles | Glass Spirit Bottle Supplier","isPartOf":{"@id":"https:\/\/ruishengglassco.com\/#website"},"datePublished":"2025-03-15T02:51:11+00:00","dateModified":"2025-09-11T08:18:09+00:00","description":"The 500ml clear glass wine bottles are made in Shandong Yuncheng Ruisheng Glass Co., Ltd. Factory Outlet&Free Sample. Get Price Here.","breadcrumb":{"@id":"https:\/\/ruishengglassco.com\/product\/rs078-wholesale-500ml-clear-glass-wine-bottles#breadcrumb"},"inLanguage":"pt-BR","potentialAction":[{"@type":"ReadAction","target":["https:\/\/ruishengglassco.com\/product\/rs078-wholesale-500ml-clear-glass-wine-bottles"]}]},{"@type":"BreadcrumbList","@id":"https:\/\/ruishengglassco.com\/product\/rs078-wholesale-500ml-clear-glass-wine-bottles#breadcrumb","itemListElement":[{"@type":"ListItem","position":1,"name":"Home","item":"https:\/\/ruishengglassco.com\/"},{"@type":"ListItem","position":2,"name":"Products","item":"https:\/\/ruishengglassco.com\/products"},{"@type":"ListItem","position":3,"name":"RS078: 500ml Clear Glass Wine Bottles"}]},{"@type":"WebSite","@id":"https:\/\/ruishengglassco.com\/#website","url":"https:\/\/ruishengglassco.com\/","name":"Ruisheng Glass","description":"","publisher":{"@id":"https:\/\/ruishengglassco.com\/#organization"},"potentialAction":[{"@type":"SearchAction","target":{"@type":"EntryPoint","urlTemplate":"https:\/\/ruishengglassco.com\/?s={search_term_string}"},"query-input":"required name=search_term_string"}],"inLanguage":"pt-BR"},{"@type":"Organization","@id":"https:\/\/ruishengglassco.com\/#organization","name":"Shandong Yuncheng Ruisheng Glass Co., Ltd","url":"https:\/\/ruishengglassco.com\/","logo":{"@type":"ImageObject","inLanguage":"pt-BR","@id":"https:\/\/ruishengglassco.com\/#\/schema\/logo\/image\/","url":"https:\/\/ruishengglassco.com\/wp-content\/uploads\/2023\/09\/ruisheng_logo_icon.webp","contentUrl":"https:\/\/ruishengglassco.com\/wp-content\/uploads\/2023\/09\/ruisheng_logo_icon.webp","width":400,"height":233,"caption":"Shandong Yuncheng Ruisheng Glass Co., Ltd"},"image":{"@id":"https:\/\/ruishengglassco.com\/#\/schema\/logo\/image\/"},"sameAs":["https:\/\/www.facebook.com\/ruishengglassbottles","https:\/\/www.instagram.com\/Ruishengglassbottlewholesales\/","https:\/\/www.youtube.com\/channel\/UCMmbMNGwsL-XrtjfSFLCdVQ"]}]}},"_links":{"self":[{"href":"https:\/\/ruishengglassco.com\/pt\/wp-json\/wp\/v2\/product\/4248","targetHints":{"allow":["GET"]}}],"collection":[{"href":"https:\/\/ruishengglassco.com\/pt\/wp-json\/wp\/v2\/product"}],"about":[{"href":"https:\/\/ruishengglassco.com\/pt\/wp-json\/wp\/v2\/types\/product"}],"replies":[{"embeddable":true,"href":"https:\/\/ruishengglassco.com\/pt\/wp-json\/wp\/v2\/comments?post=4248"}],"wp:featuredmedia":[{"embeddable":true,"href":"https:\/\/ruishengglassco.com\/pt\/wp-json\/wp\/v2\/media\/4249"}],"wp:attachment":[{"href":"https:\/\/ruishengglassco.com\/pt\/wp-json\/wp\/v2\/media?parent=4248"}],"wp:term":[{"taxonomy":"product_cat","embeddable":true,"href":"https:\/\/ruishengglassco.com\/pt\/wp-json\/wp\/v2\/product_cat?post=4248"}],"curies":[{"name":"wp","href":"https:\/\/api.w.org\/{rel}","templated":true}]}}