{"id":4243,"date":"2025-03-15T10:39:42","date_gmt":"2025-03-15T02:39:42","guid":{"rendered":"https:\/\/ruishengglassco.com\/?post_type=product&#038;p=4243"},"modified":"2025-03-26T14:58:31","modified_gmt":"2025-03-26T06:58:31","slug":"rs080-garrafa-de-vidro-fosco-de-375-ml-no-atacado","status":"publish","type":"product","link":"https:\/\/ruishengglassco.com\/pt\/produto\/rs080-garrafa-de-vidro-fosco-de-375-ml-no-atacado","title":{"rendered":"RS080: Fabricantes de garrafas de vidro fosco de 375 ml"},"content":{"rendered":"<h2>Bem-vindo ao seu pedido em massa para os fabricantes de garrafas de vidro fosco de 375 ml<\/h2>\n<div class=\"tab_content\">\n<p>Essa s\u00e9rie de garrafas de vidro fosco de 375 ml \u00e9 fabricada pela Shandong Yuncheng Ruisheng Glass Co., Ltd, um dos maiores fabricantes de garrafas de vidro da China. Essas garrafas de vidro redondas s\u00e3o feitas de material de vidro com alto teor de s\u00edlex, o que torna nossa garrafa de vidro mais clara, transparente e dif\u00edcil de quebrar.<\/p>\n<p>Nossas garrafas de vidro de 375 ml com rolhas no atacado s\u00e3o amplamente usadas como garrafas de vidro para bebidas alco\u00f3licas, garrafas de vidro para u\u00edsque, garrafas de conhaque, garrafas de vodca, garrafas de rum, garrafas de gim, etc., e s\u00e3o bem-vindas por ch\u00e2teaux, empresas de bebidas alco\u00f3licas, atacadistas de garrafas de vidro, supermercados e lojas on-line.<\/p>\n<h2>Detalhes sobre os fabricantes de garrafas de vidro fosco de 375 ml<\/h2>\n<p>O tamanho dessas garrafas de vidro redondas de 375 ml \u00e9 de 57 mm de di\u00e2metro e 330 mm de altura.  Seu principal material \u00e9 o vidro de s\u00edlex alto. E seu peso \u00e9 de 550g. O tipo de veda\u00e7\u00e3o dessa garrafa \u00e9 a rolha. H\u00e1 tr\u00eas formas de embalagem para essa garrafa. A primeira \u00e9 embalada em uma caixa de papel\u00e3o padr\u00e3o para exporta\u00e7\u00e3o.  A segunda \u00e9 embalada por palete. E a \u00faltima forma \u00e9 embalada por caixa e palete.<\/p>\n<p>H\u00e1 muitas vantagens em nossas garrafas de vidro com rolha de 375 ml. Por exemplo, \u00e9 f\u00e1cil de transportar devido ao volume e ao tamanho corretos. E temos diferentes capacidades dessas garrafas de vidro baratas, como 375 ml, 500 ml, 700 ml, 750 ml e 1000 ml (2 oz, 4 oz, 6oz, 8oz, 16oz, 32oz, etc.). Podemos oferecer todas elas, que voc\u00ea pode escolher de acordo com suas necessidades. E nossa garrafa de vidro exclusiva por atacado \u00e9 ecologicamente correta, sabemos a import\u00e2ncia da prote\u00e7\u00e3o ambiental, usamos material ecologicamente correto. Al\u00e9m disso, as garrafas redondas de vidro para licor com rolhas t\u00eam uma bela apar\u00eancia, que \u00e9 popular entre muitas vin\u00edcolas.<\/p>\n<p>Nossa empresa investiu em duas linhas de produ\u00e7\u00e3o da mais avan\u00e7ada m\u00e1quina 8S totalmente autom\u00e1tica, tr\u00eas linhas de produ\u00e7\u00e3o de m\u00e1quinas manuais CNC e quatro linhas de produ\u00e7\u00e3o de m\u00e1quinas semiautom\u00e1ticas CNC. Nossa f\u00e1brica tamb\u00e9m tem 2 conjuntos de m\u00e1quinas IS. A m\u00e1quina 8S e as m\u00e1quinas CNC s\u00e3o usadas para produzir garrafas de vidro de primeira qualidade - garrafas de vidro supper flint. A produ\u00e7\u00e3o di\u00e1ria \u00e9 de 120.000 unidades. As m\u00e1quinas IS s\u00e3o usadas para produzir garrafas de vidro de n\u00edvel m\u00e9dio, e sua produ\u00e7\u00e3o di\u00e1ria \u00e9 de 200.000 unidades.<\/p>\n<p>Se estiver interessado em nossa garrafa de vidro fosco no atacado ou em comprar garrafas de licor com rolhas a granel, entre em contato conosco.<\/p>\n<\/div>","protected":false},"excerpt":{"rendered":"<p>Bem-vindo ao seu pedido a granel para os fabricantes de garrafas de vidro fosco de 375 ml Essa s\u00e9rie de garrafas de vidro fosco de 375 ml no atacado \u00e9 fabricada pela Shandong Yuncheng Ruisheng Glass Co., Ltd, um dos maiores fabricantes de garrafas de vidro da China. Essas garrafas de vidro redondas s\u00e3o feitas de material de vidro com alto teor de s\u00edlex, o que torna nossa garrafa de vidro mais clara, transparente e n\u00e3o...<\/p>","protected":false},"featured_media":4244,"comment_status":"closed","ping_status":"closed","template":"","meta":[],"product_cat":[55],"class_list":{"0":"post-4243","1":"product","2":"type-product","3":"status-publish","4":"has-post-thumbnail","6":"product_cat-375ml-liquor-bottle-manufacturer","8":"first","9":"instock","10":"shipping-taxable","11":"product-type-simple"},"yoast_head":"<!-- This site is optimized with the Yoast SEO plugin v22.0 - https:\/\/yoast.com\/wordpress\/plugins\/seo\/ -->\n<title>375ml Frosted Glass Bottle Manufacturers | Liquor Bottles With Corks In Bulk<\/title>\n<meta name=\"description\" content=\"Ruisheng, a famous China glass liquor bottles manufacturer, sales 375ml Frosted Glass Bottle Wholesale. If you want to buy liquor bottles with corks in bulk, click here!\" \/>\n<meta name=\"robots\" content=\"index, follow, max-snippet:-1, max-image-preview:large, max-video-preview:-1\" \/>\n<link rel=\"canonical\" href=\"https:\/\/ruishengglassco.com\/pt\/produto\/rs080-garrafa-de-vidro-fosco-de-375-ml-no-atacado\" \/>\n<meta property=\"og:locale\" content=\"pt_BR\" \/>\n<meta property=\"og:type\" content=\"article\" \/>\n<meta property=\"og:title\" content=\"375ml Frosted Glass Bottle Manufacturers | Liquor Bottles With Corks In Bulk\" \/>\n<meta property=\"og:description\" content=\"Ruisheng, a famous China glass liquor bottles manufacturer, sales 375ml Frosted Glass Bottle Wholesale. If you want to buy liquor bottles with corks in bulk, click here!\" \/>\n<meta property=\"og:url\" content=\"https:\/\/ruishengglassco.com\/pt\/produto\/rs080-garrafa-de-vidro-fosco-de-375-ml-no-atacado\" \/>\n<meta property=\"article:publisher\" content=\"https:\/\/www.facebook.com\/ruishengglassbottles\" \/>\n<meta property=\"article:modified_time\" content=\"2025-03-26T06:58:31+00:00\" \/>\n<meta property=\"og:image\" content=\"https:\/\/ruishengglassco.com\/wp-content\/uploads\/2025\/03\/RS080-375ml-Frosted-Glass-Bottle-Wholesale.webp\" \/>\n\t<meta property=\"og:image:width\" content=\"800\" \/>\n\t<meta property=\"og:image:height\" content=\"800\" \/>\n\t<meta property=\"og:image:type\" content=\"image\/webp\" \/>\n<meta name=\"twitter:card\" content=\"summary_large_image\" \/>\n<meta name=\"twitter:label1\" content=\"Est. tempo de leitura\" \/>\n\t<meta name=\"twitter:data1\" content=\"2 minutos\" \/>\n<script type=\"application\/ld+json\" class=\"yoast-schema-graph\">{\"@context\":\"https:\/\/schema.org\",\"@graph\":[{\"@type\":\"WebPage\",\"@id\":\"https:\/\/ruishengglassco.com\/product\/rs080-375ml-frosted-glass-bottle-wholesale\",\"url\":\"https:\/\/ruishengglassco.com\/product\/rs080-375ml-frosted-glass-bottle-wholesale\",\"name\":\"375ml Frosted Glass Bottle Manufacturers | Liquor Bottles With Corks In Bulk\",\"isPartOf\":{\"@id\":\"https:\/\/ruishengglassco.com\/#website\"},\"datePublished\":\"2025-03-15T02:39:42+00:00\",\"dateModified\":\"2025-03-26T06:58:31+00:00\",\"description\":\"Ruisheng, a famous China glass liquor bottles manufacturer, sales 375ml Frosted Glass Bottle Wholesale. If you want to buy liquor bottles with corks in bulk, click here!\",\"breadcrumb\":{\"@id\":\"https:\/\/ruishengglassco.com\/product\/rs080-375ml-frosted-glass-bottle-wholesale#breadcrumb\"},\"inLanguage\":\"pt-BR\",\"potentialAction\":[{\"@type\":\"ReadAction\",\"target\":[\"https:\/\/ruishengglassco.com\/product\/rs080-375ml-frosted-glass-bottle-wholesale\"]}]},{\"@type\":\"BreadcrumbList\",\"@id\":\"https:\/\/ruishengglassco.com\/product\/rs080-375ml-frosted-glass-bottle-wholesale#breadcrumb\",\"itemListElement\":[{\"@type\":\"ListItem\",\"position\":1,\"name\":\"Home\",\"item\":\"https:\/\/ruishengglassco.com\/\"},{\"@type\":\"ListItem\",\"position\":2,\"name\":\"Products\",\"item\":\"https:\/\/ruishengglassco.com\/products\"},{\"@type\":\"ListItem\",\"position\":3,\"name\":\"RS080: 375ml Frosted Glass Bottle Manufacturers\"}]},{\"@type\":\"WebSite\",\"@id\":\"https:\/\/ruishengglassco.com\/#website\",\"url\":\"https:\/\/ruishengglassco.com\/\",\"name\":\"Ruisheng Glass\",\"description\":\"\",\"publisher\":{\"@id\":\"https:\/\/ruishengglassco.com\/#organization\"},\"potentialAction\":[{\"@type\":\"SearchAction\",\"target\":{\"@type\":\"EntryPoint\",\"urlTemplate\":\"https:\/\/ruishengglassco.com\/?s={search_term_string}\"},\"query-input\":\"required name=search_term_string\"}],\"inLanguage\":\"pt-BR\"},{\"@type\":\"Organization\",\"@id\":\"https:\/\/ruishengglassco.com\/#organization\",\"name\":\"Shandong Yuncheng Ruisheng Glass Co., Ltd\",\"url\":\"https:\/\/ruishengglassco.com\/\",\"logo\":{\"@type\":\"ImageObject\",\"inLanguage\":\"pt-BR\",\"@id\":\"https:\/\/ruishengglassco.com\/#\/schema\/logo\/image\/\",\"url\":\"https:\/\/ruishengglassco.com\/wp-content\/uploads\/2023\/09\/ruisheng_logo_icon.webp\",\"contentUrl\":\"https:\/\/ruishengglassco.com\/wp-content\/uploads\/2023\/09\/ruisheng_logo_icon.webp\",\"width\":400,\"height\":233,\"caption\":\"Shandong Yuncheng Ruisheng Glass Co., Ltd\"},\"image\":{\"@id\":\"https:\/\/ruishengglassco.com\/#\/schema\/logo\/image\/\"},\"sameAs\":[\"https:\/\/www.facebook.com\/ruishengglassbottles\",\"https:\/\/www.instagram.com\/Ruishengglassbottlewholesales\/\",\"https:\/\/www.youtube.com\/channel\/UCMmbMNGwsL-XrtjfSFLCdVQ\"]}]}<\/script>\n<!-- \/ Yoast SEO plugin. -->","yoast_head_json":{"title":"375ml Frosted Glass Bottle Manufacturers | Liquor Bottles With Corks In Bulk","description":"Ruisheng, a famous China glass liquor bottles manufacturer, sales 375ml Frosted Glass Bottle Wholesale. If you want to buy liquor bottles with corks in bulk, click here!","robots":{"index":"index","follow":"follow","max-snippet":"max-snippet:-1","max-image-preview":"max-image-preview:large","max-video-preview":"max-video-preview:-1"},"canonical":"https:\/\/ruishengglassco.com\/pt\/produto\/rs080-garrafa-de-vidro-fosco-de-375-ml-no-atacado","og_locale":"pt_BR","og_type":"article","og_title":"375ml Frosted Glass Bottle Manufacturers | Liquor Bottles With Corks In Bulk","og_description":"Ruisheng, a famous China glass liquor bottles manufacturer, sales 375ml Frosted Glass Bottle Wholesale. If you want to buy liquor bottles with corks in bulk, click here!","og_url":"https:\/\/ruishengglassco.com\/pt\/produto\/rs080-garrafa-de-vidro-fosco-de-375-ml-no-atacado","article_publisher":"https:\/\/www.facebook.com\/ruishengglassbottles","article_modified_time":"2025-03-26T06:58:31+00:00","og_image":[{"width":800,"height":800,"url":"https:\/\/ruishengglassco.com\/wp-content\/uploads\/2025\/03\/RS080-375ml-Frosted-Glass-Bottle-Wholesale.webp","type":"image\/webp"}],"twitter_card":"summary_large_image","twitter_misc":{"Est. tempo de leitura":"2 minutos"},"schema":{"@context":"https:\/\/schema.org","@graph":[{"@type":"WebPage","@id":"https:\/\/ruishengglassco.com\/product\/rs080-375ml-frosted-glass-bottle-wholesale","url":"https:\/\/ruishengglassco.com\/product\/rs080-375ml-frosted-glass-bottle-wholesale","name":"375ml Frosted Glass Bottle Manufacturers | Liquor Bottles With Corks In Bulk","isPartOf":{"@id":"https:\/\/ruishengglassco.com\/#website"},"datePublished":"2025-03-15T02:39:42+00:00","dateModified":"2025-03-26T06:58:31+00:00","description":"Ruisheng, a famous China glass liquor bottles manufacturer, sales 375ml Frosted Glass Bottle Wholesale. If you want to buy liquor bottles with corks in bulk, click here!","breadcrumb":{"@id":"https:\/\/ruishengglassco.com\/product\/rs080-375ml-frosted-glass-bottle-wholesale#breadcrumb"},"inLanguage":"pt-BR","potentialAction":[{"@type":"ReadAction","target":["https:\/\/ruishengglassco.com\/product\/rs080-375ml-frosted-glass-bottle-wholesale"]}]},{"@type":"BreadcrumbList","@id":"https:\/\/ruishengglassco.com\/product\/rs080-375ml-frosted-glass-bottle-wholesale#breadcrumb","itemListElement":[{"@type":"ListItem","position":1,"name":"Home","item":"https:\/\/ruishengglassco.com\/"},{"@type":"ListItem","position":2,"name":"Products","item":"https:\/\/ruishengglassco.com\/products"},{"@type":"ListItem","position":3,"name":"RS080: 375ml Frosted Glass Bottle Manufacturers"}]},{"@type":"WebSite","@id":"https:\/\/ruishengglassco.com\/#website","url":"https:\/\/ruishengglassco.com\/","name":"Ruisheng Glass","description":"","publisher":{"@id":"https:\/\/ruishengglassco.com\/#organization"},"potentialAction":[{"@type":"SearchAction","target":{"@type":"EntryPoint","urlTemplate":"https:\/\/ruishengglassco.com\/?s={search_term_string}"},"query-input":"required name=search_term_string"}],"inLanguage":"pt-BR"},{"@type":"Organization","@id":"https:\/\/ruishengglassco.com\/#organization","name":"Shandong Yuncheng Ruisheng Glass Co., Ltd","url":"https:\/\/ruishengglassco.com\/","logo":{"@type":"ImageObject","inLanguage":"pt-BR","@id":"https:\/\/ruishengglassco.com\/#\/schema\/logo\/image\/","url":"https:\/\/ruishengglassco.com\/wp-content\/uploads\/2023\/09\/ruisheng_logo_icon.webp","contentUrl":"https:\/\/ruishengglassco.com\/wp-content\/uploads\/2023\/09\/ruisheng_logo_icon.webp","width":400,"height":233,"caption":"Shandong Yuncheng Ruisheng Glass Co., Ltd"},"image":{"@id":"https:\/\/ruishengglassco.com\/#\/schema\/logo\/image\/"},"sameAs":["https:\/\/www.facebook.com\/ruishengglassbottles","https:\/\/www.instagram.com\/Ruishengglassbottlewholesales\/","https:\/\/www.youtube.com\/channel\/UCMmbMNGwsL-XrtjfSFLCdVQ"]}]}},"_links":{"self":[{"href":"https:\/\/ruishengglassco.com\/pt\/wp-json\/wp\/v2\/product\/4243","targetHints":{"allow":["GET"]}}],"collection":[{"href":"https:\/\/ruishengglassco.com\/pt\/wp-json\/wp\/v2\/product"}],"about":[{"href":"https:\/\/ruishengglassco.com\/pt\/wp-json\/wp\/v2\/types\/product"}],"replies":[{"embeddable":true,"href":"https:\/\/ruishengglassco.com\/pt\/wp-json\/wp\/v2\/comments?post=4243"}],"wp:featuredmedia":[{"embeddable":true,"href":"https:\/\/ruishengglassco.com\/pt\/wp-json\/wp\/v2\/media\/4244"}],"wp:attachment":[{"href":"https:\/\/ruishengglassco.com\/pt\/wp-json\/wp\/v2\/media?parent=4243"}],"wp:term":[{"taxonomy":"product_cat","embeddable":true,"href":"https:\/\/ruishengglassco.com\/pt\/wp-json\/wp\/v2\/product_cat?post=4243"}],"curies":[{"name":"wp","href":"https:\/\/api.w.org\/{rel}","templated":true}]}}