{"id":4241,"date":"2025-03-15T10:35:58","date_gmt":"2025-03-15T02:35:58","guid":{"rendered":"https:\/\/ruishengglassco.com\/?post_type=product&#038;p=4241"},"modified":"2025-03-26T14:59:50","modified_gmt":"2025-03-26T06:59:50","slug":"rs081-garrafas-de-vidro-redondas-boston-no-atacado","status":"publish","type":"product","link":"https:\/\/ruishengglassco.com\/pt\/produto\/rs081-garrafas-de-vidro-redondas-boston-no-atacado","title":{"rendered":"RS081: Fornecedor de garrafas de vidro redondas de Boston"},"content":{"rendered":"<h2 style=\"text-align: center;\">Bem-vindo ao seu pedido em massa para o fornecedor de garrafas de vidro redondas de Boston<\/h2>\n<p>S\u00e9rie RS-069 <strong>Garrafas de vidro redondas Boston<\/strong>\uff08tamb\u00e9m conhecido como <strong>frascos de vidro<\/strong>), \u00e9 fabricada pela Shandong Yuncheng Ruisheng Glass Co., Ltd, um dos maiores fabricantes de garrafas de vidro da China. Essas garrafas de vidro redondas de Boston no atacado s\u00e3o feitas de material de vidro de s\u00edlex de alta qualidade, o que torna nossa garrafa de vidro mais clara, transparente e dif\u00edcil de quebrar.<\/p>\n<p>Nossas garrafas de vidro Boston s\u00e3o amplamente utilizadas como garrafas de vidro para bebidas alco\u00f3licas, garrafas de vidro para u\u00edsque, garrafas de conhaque, garrafas de vodca, garrafas de rum, garrafas de gim, etc., e s\u00e3o bem-vindas por castelos, empresas de bebidas alco\u00f3licas, atacadistas de garrafas de vidro, supermercados e lojas on-line.<\/p>\n<h2>Detalhes sobre o fornecedor de garrafas de vidro redondas de Boston<\/h2>\n<p>O tamanho dessas garrafas de vidro redondas de 375 ml \u00e9 de 75 mm de di\u00e2metro e 175 mm de altura.  Seu principal material \u00e9 o vidro de s\u00edlex alto. E seu peso \u00e9 de 420g. O tipo de veda\u00e7\u00e3o dessa garrafa \u00e9 a rolha. H\u00e1 tr\u00eas formas de embalagem para essa garrafa. A primeira \u00e9 embalada em uma caixa de papel\u00e3o padr\u00e3o para exporta\u00e7\u00e3o.  A segunda \u00e9 embalada por palete. E a \u00faltima forma \u00e9 embalada por caixa e palete.<\/p>\n<p>H\u00e1 muitas vantagens em nossas garrafas de vidro redondas no atacado. Por exemplo, \u00e9 f\u00e1cil de transportar devido ao volume e tamanho corretos. E temos diferentes capacidades dessas garrafas de vidro para bebidas alco\u00f3licas, como 375 ml, 500 ml, 700 ml, 750 ml e 1000 ml (2 oz, 4 oz, 6oz, 8oz, 16oz, 32oz, etc.). Podemos oferecer todas elas, que voc\u00ea pode escolher de acordo com suas necessidades. E nossa garrafa de vidro exclusiva por atacado \u00e9 ecologicamente correta, sabemos da import\u00e2ncia da prote\u00e7\u00e3o ambiental, usamos material ecologicamente correto. Al\u00e9m disso, as garrafas redondas de vidro para licor com rolhas t\u00eam uma bela apar\u00eancia, que \u00e9 popular entre muitas vin\u00edcolas.<\/p>\n<p>Nossa empresa investiu em duas linhas de produ\u00e7\u00e3o da mais avan\u00e7ada m\u00e1quina 8S totalmente autom\u00e1tica, tr\u00eas linhas de produ\u00e7\u00e3o de m\u00e1quinas manuais CNC e quatro linhas de produ\u00e7\u00e3o de m\u00e1quinas semiautom\u00e1ticas CNC. Nossa f\u00e1brica tamb\u00e9m tem 2 conjuntos de m\u00e1quinas IS. A m\u00e1quina 8S e as m\u00e1quinas CNC s\u00e3o usadas para produzir garrafas de vidro de primeira qualidade - garrafas de vidro supper flint. A produ\u00e7\u00e3o di\u00e1ria \u00e9 de 120.000 unidades. As m\u00e1quinas IS s\u00e3o usadas para produzir garrafas de vidro de n\u00edvel m\u00e9dio, e sua produ\u00e7\u00e3o di\u00e1ria \u00e9 de 200.000 unidades.<\/p>\n<p>Se estiver interessado em nossas garrafas de vidro redondas Boston por atacado ou em comprar garrafas de \u00e1lcool vazias a granel, entre em contato conosco.<\/p>","protected":false},"excerpt":{"rendered":"<table class=\"tg\">\n<tbody>\n<tr>\n<th class=\"tg-24i8\" colspan=\"2\">Garrafas de vidro redondas de Boston por atacado<\/th>\n<\/tr>\n<tr>\n<td class=\"tg-b7b8\">Refer\u00eancia:<\/td>\n<td class=\"tg-b7b8\">RS081<\/td>\n<\/tr>\n<tr>\n<td class=\"tg-yw4l\">Material principal:<\/td>\n<td class=\"tg-yw4l\">Vidro com alto teor de flint (esse material tamb\u00e9m \u00e9 chamado de vidro branco cristalino)<\/td>\n<\/tr>\n<tr>\n<td class=\"tg-b7b8\">Bon\u00e9:<\/td>\n<td class=\"tg-b7b8\">Corti\u00e7a<\/td>\n<\/tr>\n<tr>\n<td class=\"tg-yw4l\">Capacidade:<\/td>\n<td class=\"tg-yw4l\">50 ml, 375 ml, 500 ml, 750 ml, etc.<\/td>\n<\/tr>\n<tr>\n<td class=\"tg-b7b8\">Peso<\/td>\n<td class=\"tg-b7b8\">420g<\/td>\n<\/tr>\n<tr>\n<td class=\"tg-yw4l\">MOQ:<\/td>\n<td class=\"tg-yw4l\">10000 PCS<\/td>\n<\/tr>\n<tr>\n<td class=\"tg-b7b8\">Altura<\/td>\n<td class=\"tg-b7b8\">175 mm<\/td>\n<\/tr>\n<tr>\n<td class=\"tg-yw4l\">Di\u00e2metro<\/td>\n<td class=\"tg-yw4l\">75 mm<\/td>\n<\/tr>\n<tr>\n<td class=\"tg-b7b8\">Origem do local:<\/td>\n<td class=\"tg-b7b8\">Shandong, China<\/td>\n<\/tr>\n<tr>\n<td class=\"tg-yw4l\">Pcs\/Ctn:<\/td>\n<td class=\"tg-yw4l\">24 unidades ou de acordo com a demanda do cliente<\/td>\n<\/tr>\n<\/tbody>\n<\/table>","protected":false},"featured_media":4242,"comment_status":"closed","ping_status":"closed","template":"","meta":[],"product_cat":[44,40,50],"class_list":{"0":"post-4241","1":"product","2":"type-product","3":"status-publish","4":"has-post-thumbnail","6":"product_cat-700ml-liquor-bottle-manufacturer","7":"product_cat-750ml-liquor-bottle-manufacturer","8":"product_cat-gin-bottle","10":"first","11":"instock","12":"shipping-taxable","13":"product-type-simple"},"yoast_head":"<!-- This site is optimized with the Yoast SEO plugin v22.0 - https:\/\/yoast.com\/wordpress\/plugins\/seo\/ -->\n<title>Boston Round Glass Bottles Supplier | Empty Alcohol Bottles Bulk<\/title>\n<meta name=\"description\" content=\"Factory Outlet Boston Round Glass Bottles Supplier From China Empty Alcohol Bottles Manufacturer. Quality Assurance&amp;Bulk Price.\" \/>\n<meta name=\"robots\" content=\"index, follow, max-snippet:-1, max-image-preview:large, max-video-preview:-1\" \/>\n<link rel=\"canonical\" href=\"https:\/\/ruishengglassco.com\/pt\/produto\/rs081-garrafas-de-vidro-redondas-boston-no-atacado\" \/>\n<meta property=\"og:locale\" content=\"pt_BR\" \/>\n<meta property=\"og:type\" content=\"article\" \/>\n<meta property=\"og:title\" content=\"Boston Round Glass Bottles Supplier | Empty Alcohol Bottles Bulk\" \/>\n<meta property=\"og:description\" content=\"Factory Outlet Boston Round Glass Bottles Supplier From China Empty Alcohol Bottles Manufacturer. Quality Assurance&amp;Bulk Price.\" \/>\n<meta property=\"og:url\" content=\"https:\/\/ruishengglassco.com\/pt\/produto\/rs081-garrafas-de-vidro-redondas-boston-no-atacado\" \/>\n<meta property=\"article:publisher\" content=\"https:\/\/www.facebook.com\/ruishengglassbottles\" \/>\n<meta property=\"article:modified_time\" content=\"2025-03-26T06:59:50+00:00\" \/>\n<meta property=\"og:image\" content=\"https:\/\/ruishengglassco.com\/wp-content\/uploads\/2025\/03\/RS081-Boston-Round-Glass-Bottles-Wholesale.webp\" \/>\n\t<meta property=\"og:image:width\" content=\"800\" \/>\n\t<meta property=\"og:image:height\" content=\"800\" \/>\n\t<meta property=\"og:image:type\" content=\"image\/webp\" \/>\n<meta name=\"twitter:card\" content=\"summary_large_image\" \/>\n<meta name=\"twitter:label1\" content=\"Est. tempo de leitura\" \/>\n\t<meta name=\"twitter:data1\" content=\"2 minutos\" \/>\n<script type=\"application\/ld+json\" class=\"yoast-schema-graph\">{\"@context\":\"https:\/\/schema.org\",\"@graph\":[{\"@type\":\"WebPage\",\"@id\":\"https:\/\/ruishengglassco.com\/product\/rs081-boston-round-glass-bottles-supplier\",\"url\":\"https:\/\/ruishengglassco.com\/product\/rs081-boston-round-glass-bottles-supplier\",\"name\":\"Boston Round Glass Bottles Supplier | Empty Alcohol Bottles Bulk\",\"isPartOf\":{\"@id\":\"https:\/\/ruishengglassco.com\/#website\"},\"datePublished\":\"2025-03-15T02:35:58+00:00\",\"dateModified\":\"2025-03-26T06:59:50+00:00\",\"description\":\"Factory Outlet Boston Round Glass Bottles Supplier From China Empty Alcohol Bottles Manufacturer. Quality Assurance&Bulk Price.\",\"breadcrumb\":{\"@id\":\"https:\/\/ruishengglassco.com\/product\/rs081-boston-round-glass-bottles-supplier#breadcrumb\"},\"inLanguage\":\"pt-BR\",\"potentialAction\":[{\"@type\":\"ReadAction\",\"target\":[\"https:\/\/ruishengglassco.com\/product\/rs081-boston-round-glass-bottles-supplier\"]}]},{\"@type\":\"BreadcrumbList\",\"@id\":\"https:\/\/ruishengglassco.com\/product\/rs081-boston-round-glass-bottles-supplier#breadcrumb\",\"itemListElement\":[{\"@type\":\"ListItem\",\"position\":1,\"name\":\"Home\",\"item\":\"https:\/\/ruishengglassco.com\/\"},{\"@type\":\"ListItem\",\"position\":2,\"name\":\"Products\",\"item\":\"https:\/\/ruishengglassco.com\/products\"},{\"@type\":\"ListItem\",\"position\":3,\"name\":\"RS081: Boston Round Glass Bottles Supplier\"}]},{\"@type\":\"WebSite\",\"@id\":\"https:\/\/ruishengglassco.com\/#website\",\"url\":\"https:\/\/ruishengglassco.com\/\",\"name\":\"Ruisheng Glass\",\"description\":\"\",\"publisher\":{\"@id\":\"https:\/\/ruishengglassco.com\/#organization\"},\"potentialAction\":[{\"@type\":\"SearchAction\",\"target\":{\"@type\":\"EntryPoint\",\"urlTemplate\":\"https:\/\/ruishengglassco.com\/?s={search_term_string}\"},\"query-input\":\"required name=search_term_string\"}],\"inLanguage\":\"pt-BR\"},{\"@type\":\"Organization\",\"@id\":\"https:\/\/ruishengglassco.com\/#organization\",\"name\":\"Shandong Yuncheng Ruisheng Glass Co., Ltd\",\"url\":\"https:\/\/ruishengglassco.com\/\",\"logo\":{\"@type\":\"ImageObject\",\"inLanguage\":\"pt-BR\",\"@id\":\"https:\/\/ruishengglassco.com\/#\/schema\/logo\/image\/\",\"url\":\"https:\/\/ruishengglassco.com\/wp-content\/uploads\/2023\/09\/ruisheng_logo_icon.webp\",\"contentUrl\":\"https:\/\/ruishengglassco.com\/wp-content\/uploads\/2023\/09\/ruisheng_logo_icon.webp\",\"width\":400,\"height\":233,\"caption\":\"Shandong Yuncheng Ruisheng Glass Co., Ltd\"},\"image\":{\"@id\":\"https:\/\/ruishengglassco.com\/#\/schema\/logo\/image\/\"},\"sameAs\":[\"https:\/\/www.facebook.com\/ruishengglassbottles\",\"https:\/\/www.instagram.com\/Ruishengglassbottlewholesales\/\",\"https:\/\/www.youtube.com\/channel\/UCMmbMNGwsL-XrtjfSFLCdVQ\"]}]}<\/script>\n<!-- \/ Yoast SEO plugin. -->","yoast_head_json":{"title":"Boston Round Glass Bottles Supplier | Empty Alcohol Bottles Bulk","description":"Factory Outlet Boston Round Glass Bottles Supplier From China Empty Alcohol Bottles Manufacturer. Quality Assurance&Bulk Price.","robots":{"index":"index","follow":"follow","max-snippet":"max-snippet:-1","max-image-preview":"max-image-preview:large","max-video-preview":"max-video-preview:-1"},"canonical":"https:\/\/ruishengglassco.com\/pt\/produto\/rs081-garrafas-de-vidro-redondas-boston-no-atacado","og_locale":"pt_BR","og_type":"article","og_title":"Boston Round Glass Bottles Supplier | Empty Alcohol Bottles Bulk","og_description":"Factory Outlet Boston Round Glass Bottles Supplier From China Empty Alcohol Bottles Manufacturer. Quality Assurance&Bulk Price.","og_url":"https:\/\/ruishengglassco.com\/pt\/produto\/rs081-garrafas-de-vidro-redondas-boston-no-atacado","article_publisher":"https:\/\/www.facebook.com\/ruishengglassbottles","article_modified_time":"2025-03-26T06:59:50+00:00","og_image":[{"width":800,"height":800,"url":"https:\/\/ruishengglassco.com\/wp-content\/uploads\/2025\/03\/RS081-Boston-Round-Glass-Bottles-Wholesale.webp","type":"image\/webp"}],"twitter_card":"summary_large_image","twitter_misc":{"Est. tempo de leitura":"2 minutos"},"schema":{"@context":"https:\/\/schema.org","@graph":[{"@type":"WebPage","@id":"https:\/\/ruishengglassco.com\/product\/rs081-boston-round-glass-bottles-supplier","url":"https:\/\/ruishengglassco.com\/product\/rs081-boston-round-glass-bottles-supplier","name":"Boston Round Glass Bottles Supplier | Empty Alcohol Bottles Bulk","isPartOf":{"@id":"https:\/\/ruishengglassco.com\/#website"},"datePublished":"2025-03-15T02:35:58+00:00","dateModified":"2025-03-26T06:59:50+00:00","description":"Factory Outlet Boston Round Glass Bottles Supplier From China Empty Alcohol Bottles Manufacturer. Quality Assurance&Bulk Price.","breadcrumb":{"@id":"https:\/\/ruishengglassco.com\/product\/rs081-boston-round-glass-bottles-supplier#breadcrumb"},"inLanguage":"pt-BR","potentialAction":[{"@type":"ReadAction","target":["https:\/\/ruishengglassco.com\/product\/rs081-boston-round-glass-bottles-supplier"]}]},{"@type":"BreadcrumbList","@id":"https:\/\/ruishengglassco.com\/product\/rs081-boston-round-glass-bottles-supplier#breadcrumb","itemListElement":[{"@type":"ListItem","position":1,"name":"Home","item":"https:\/\/ruishengglassco.com\/"},{"@type":"ListItem","position":2,"name":"Products","item":"https:\/\/ruishengglassco.com\/products"},{"@type":"ListItem","position":3,"name":"RS081: Boston Round Glass Bottles Supplier"}]},{"@type":"WebSite","@id":"https:\/\/ruishengglassco.com\/#website","url":"https:\/\/ruishengglassco.com\/","name":"Ruisheng Glass","description":"","publisher":{"@id":"https:\/\/ruishengglassco.com\/#organization"},"potentialAction":[{"@type":"SearchAction","target":{"@type":"EntryPoint","urlTemplate":"https:\/\/ruishengglassco.com\/?s={search_term_string}"},"query-input":"required name=search_term_string"}],"inLanguage":"pt-BR"},{"@type":"Organization","@id":"https:\/\/ruishengglassco.com\/#organization","name":"Shandong Yuncheng Ruisheng Glass Co., Ltd","url":"https:\/\/ruishengglassco.com\/","logo":{"@type":"ImageObject","inLanguage":"pt-BR","@id":"https:\/\/ruishengglassco.com\/#\/schema\/logo\/image\/","url":"https:\/\/ruishengglassco.com\/wp-content\/uploads\/2023\/09\/ruisheng_logo_icon.webp","contentUrl":"https:\/\/ruishengglassco.com\/wp-content\/uploads\/2023\/09\/ruisheng_logo_icon.webp","width":400,"height":233,"caption":"Shandong Yuncheng Ruisheng Glass Co., Ltd"},"image":{"@id":"https:\/\/ruishengglassco.com\/#\/schema\/logo\/image\/"},"sameAs":["https:\/\/www.facebook.com\/ruishengglassbottles","https:\/\/www.instagram.com\/Ruishengglassbottlewholesales\/","https:\/\/www.youtube.com\/channel\/UCMmbMNGwsL-XrtjfSFLCdVQ"]}]}},"_links":{"self":[{"href":"https:\/\/ruishengglassco.com\/pt\/wp-json\/wp\/v2\/product\/4241","targetHints":{"allow":["GET"]}}],"collection":[{"href":"https:\/\/ruishengglassco.com\/pt\/wp-json\/wp\/v2\/product"}],"about":[{"href":"https:\/\/ruishengglassco.com\/pt\/wp-json\/wp\/v2\/types\/product"}],"replies":[{"embeddable":true,"href":"https:\/\/ruishengglassco.com\/pt\/wp-json\/wp\/v2\/comments?post=4241"}],"wp:featuredmedia":[{"embeddable":true,"href":"https:\/\/ruishengglassco.com\/pt\/wp-json\/wp\/v2\/media\/4242"}],"wp:attachment":[{"href":"https:\/\/ruishengglassco.com\/pt\/wp-json\/wp\/v2\/media?parent=4241"}],"wp:term":[{"taxonomy":"product_cat","embeddable":true,"href":"https:\/\/ruishengglassco.com\/pt\/wp-json\/wp\/v2\/product_cat?post=4241"}],"curies":[{"name":"wp","href":"https:\/\/api.w.org\/{rel}","templated":true}]}}