{"id":4235,"date":"2025-03-15T10:23:40","date_gmt":"2025-03-15T02:23:40","guid":{"rendered":"https:\/\/ruishengglassco.com\/?post_type=product&#038;p=4235"},"modified":"2025-07-17T14:02:11","modified_gmt":"2025-07-17T06:02:11","slug":"rs083-mini-frascos-de-vidro-transparente-de-50-ml-no-atacado","status":"publish","type":"product","link":"https:\/\/ruishengglassco.com\/pt\/produto\/rs083-mini-frascos-de-vidro-transparente-de-50-ml-no-atacado","title":{"rendered":"RS083: Fabricantes de mini garrafas de vidro transparentes de 50 ml"},"content":{"rendered":"<p>A Shandong Yuncheng Ruisheng Glass Co., Ltd, um dos maiores fabricantes de garrafas de vidro da China, vende garrafas transparentes de licor de 50 ml no atacado para marcas, empresas, fornecedores de garrafas de vidro, atacadistas, distribuidores e outros.<\/p>\n<p>Somos especializados na exporta\u00e7\u00e3o de garrafas de vidro branco cristalino, por exemplo, vodca, u\u00edsque, conhaque, licor, \u00e1gua, \u00f3leo, bebidas e outras garrafas. Al\u00e9m disso, nossos produtos t\u00eam alta qualidade e pre\u00e7o razo\u00e1vel. Temos parcerias com os EUA, a R\u00fassia, o Oriente M\u00e9dio e os pa\u00edses do sudeste asi\u00e1tico. Qualquer coment\u00e1rio ser\u00e1 muito apreciado.<\/p>\n<p>As garrafas de licor de vidro transparente de 50 ml com rolhas s\u00e3o fabricadas com material de vidro de alto brilho, o que torna nossa garrafa de vidro mais clara, transparente e dif\u00edcil de quebrar. Se voc\u00ea gostar do design dessa garrafa, mas n\u00e3o estiver satisfeito com sua capacidade, podemos alterar a capacidade de acordo com suas necessidades.<\/p>\n<h2>Detalhes sobre os fabricantes de garrafas transparentes de licor de 50 ml<\/h2>\n<ul>\n<li><strong>Marca:<\/strong> Ruisheng<\/li>\n<li><strong>Material principal:<\/strong> Vidro de s\u00edlex alto<\/li>\n<li><strong>Cor principal:<\/strong> Transparente<\/li>\n<li><strong>Forma:\u00a0 <\/strong>Garrafas de licor quadradas<\/li>\n<li><strong>Capacidade:<\/strong> 50 ml<\/li>\n<li><strong>Tipo de veda\u00e7\u00e3o:\u00a0 <\/strong>Tampa de rosca\/corti\u00e7a<\/li>\n<li><strong>Recurso:<\/strong> Ecologicamente correto<\/li>\n<li><strong>Pcs\/Ctn:<\/strong> 24 unidades<\/li>\n<li><strong>MOQ:<\/strong> 1x40GP<\/li>\n<\/ul>\n<p>Se voc\u00ea acha que essas mini garrafas de bebidas alco\u00f3licas a granel s\u00e3o boas, entre em contato comigo a tempo. No entanto, se n\u00e3o gostar, voc\u00ea pode dar uma olhada em nossas outras garrafas. Ou eu lhe darei o cat\u00e1logo, voc\u00ea pode escolher o que quiser. Se estiver interessado nessa garrafa de vidro transparente, entre em contato conosco. Responderemos dentro de 24 horas. Ser\u00e1 um grande prazer se tivermos a oportunidade de atend\u00ea-lo em um futuro pr\u00f3ximo!<\/p>\n<p>&nbsp;<\/p>\n<p style=\"text-align: center;\">","protected":false},"excerpt":{"rendered":"<p>Esses tipos de garrafas s\u00e3o produzidos na Shandong Yuncheng Ruisheng Glass Co., Ltd, um dos maiores fabricantes de garrafas de vidro da China.<\/p>","protected":false},"featured_media":4236,"comment_status":"closed","ping_status":"closed","template":"","meta":[],"product_cat":[48],"class_list":{"0":"post-4235","1":"product","2":"type-product","3":"status-publish","4":"has-post-thumbnail","6":"product_cat-50ml-mini-liquor-bottle-manufacturer","8":"first","9":"instock","10":"shipping-taxable","11":"product-type-simple"},"yoast_head":"<!-- This site is optimized with the Yoast SEO plugin v22.0 - https:\/\/yoast.com\/wordpress\/plugins\/seo\/ -->\n<title>50ml Clear Liquor Bottles Manufacturers | Mini Spirits Bottles Bulk<\/title>\n<meta name=\"description\" content=\"Buy 50ml Clear Liquor Bottles Wholesale In Factory Outlet Price. China Glass Bottle Manufacturer, Sales Mini Spirits Bottles Bulk Around The World.\" \/>\n<meta name=\"robots\" content=\"index, follow, max-snippet:-1, max-image-preview:large, max-video-preview:-1\" \/>\n<link rel=\"canonical\" href=\"https:\/\/ruishengglassco.com\/pt\/produto\/rs083-mini-frascos-de-vidro-transparente-de-50-ml-no-atacado\" \/>\n<meta property=\"og:locale\" content=\"pt_BR\" \/>\n<meta property=\"og:type\" content=\"article\" \/>\n<meta property=\"og:title\" content=\"50ml Clear Liquor Bottles Manufacturers | Mini Spirits Bottles Bulk\" \/>\n<meta property=\"og:description\" content=\"Buy 50ml Clear Liquor Bottles Wholesale In Factory Outlet Price. China Glass Bottle Manufacturer, Sales Mini Spirits Bottles Bulk Around The World.\" \/>\n<meta property=\"og:url\" content=\"https:\/\/ruishengglassco.com\/pt\/produto\/rs083-mini-frascos-de-vidro-transparente-de-50-ml-no-atacado\" \/>\n<meta property=\"article:publisher\" content=\"https:\/\/www.facebook.com\/ruishengglassbottles\" \/>\n<meta property=\"article:modified_time\" content=\"2025-07-17T06:02:11+00:00\" \/>\n<meta property=\"og:image\" content=\"https:\/\/ruishengglassco.com\/wp-content\/uploads\/2025\/03\/RS083-50ml-Clear-Mini-Glass-Bottles-Wholesale.webp\" \/>\n\t<meta property=\"og:image:width\" content=\"800\" \/>\n\t<meta property=\"og:image:height\" content=\"800\" \/>\n\t<meta property=\"og:image:type\" content=\"image\/webp\" \/>\n<meta name=\"twitter:card\" content=\"summary_large_image\" \/>\n<meta name=\"twitter:label1\" content=\"Est. tempo de leitura\" \/>\n\t<meta name=\"twitter:data1\" content=\"2 minutos\" \/>\n<script type=\"application\/ld+json\" class=\"yoast-schema-graph\">{\"@context\":\"https:\/\/schema.org\",\"@graph\":[{\"@type\":\"WebPage\",\"@id\":\"https:\/\/ruishengglassco.com\/product\/rs083-50ml-clear-mini-glass-bottles-wholesale\",\"url\":\"https:\/\/ruishengglassco.com\/product\/rs083-50ml-clear-mini-glass-bottles-wholesale\",\"name\":\"50ml Clear Liquor Bottles Manufacturers | Mini Spirits Bottles Bulk\",\"isPartOf\":{\"@id\":\"https:\/\/ruishengglassco.com\/#website\"},\"datePublished\":\"2025-03-15T02:23:40+00:00\",\"dateModified\":\"2025-07-17T06:02:11+00:00\",\"description\":\"Buy 50ml Clear Liquor Bottles Wholesale In Factory Outlet Price. China Glass Bottle Manufacturer, Sales Mini Spirits Bottles Bulk Around The World.\",\"breadcrumb\":{\"@id\":\"https:\/\/ruishengglassco.com\/product\/rs083-50ml-clear-mini-glass-bottles-wholesale#breadcrumb\"},\"inLanguage\":\"pt-BR\",\"potentialAction\":[{\"@type\":\"ReadAction\",\"target\":[\"https:\/\/ruishengglassco.com\/product\/rs083-50ml-clear-mini-glass-bottles-wholesale\"]}]},{\"@type\":\"BreadcrumbList\",\"@id\":\"https:\/\/ruishengglassco.com\/product\/rs083-50ml-clear-mini-glass-bottles-wholesale#breadcrumb\",\"itemListElement\":[{\"@type\":\"ListItem\",\"position\":1,\"name\":\"Home\",\"item\":\"https:\/\/ruishengglassco.com\/\"},{\"@type\":\"ListItem\",\"position\":2,\"name\":\"Products\",\"item\":\"https:\/\/ruishengglassco.com\/products\"},{\"@type\":\"ListItem\",\"position\":3,\"name\":\"RS083: 50ml Clear Mini Glass Bottles Manufacturers\"}]},{\"@type\":\"WebSite\",\"@id\":\"https:\/\/ruishengglassco.com\/#website\",\"url\":\"https:\/\/ruishengglassco.com\/\",\"name\":\"Ruisheng Glass\",\"description\":\"\",\"publisher\":{\"@id\":\"https:\/\/ruishengglassco.com\/#organization\"},\"potentialAction\":[{\"@type\":\"SearchAction\",\"target\":{\"@type\":\"EntryPoint\",\"urlTemplate\":\"https:\/\/ruishengglassco.com\/?s={search_term_string}\"},\"query-input\":\"required name=search_term_string\"}],\"inLanguage\":\"pt-BR\"},{\"@type\":\"Organization\",\"@id\":\"https:\/\/ruishengglassco.com\/#organization\",\"name\":\"Shandong Yuncheng Ruisheng Glass Co., Ltd\",\"url\":\"https:\/\/ruishengglassco.com\/\",\"logo\":{\"@type\":\"ImageObject\",\"inLanguage\":\"pt-BR\",\"@id\":\"https:\/\/ruishengglassco.com\/#\/schema\/logo\/image\/\",\"url\":\"https:\/\/ruishengglassco.com\/wp-content\/uploads\/2023\/09\/ruisheng_logo_icon.webp\",\"contentUrl\":\"https:\/\/ruishengglassco.com\/wp-content\/uploads\/2023\/09\/ruisheng_logo_icon.webp\",\"width\":400,\"height\":233,\"caption\":\"Shandong Yuncheng Ruisheng Glass Co., Ltd\"},\"image\":{\"@id\":\"https:\/\/ruishengglassco.com\/#\/schema\/logo\/image\/\"},\"sameAs\":[\"https:\/\/www.facebook.com\/ruishengglassbottles\",\"https:\/\/www.instagram.com\/Ruishengglassbottlewholesales\/\",\"https:\/\/www.youtube.com\/channel\/UCMmbMNGwsL-XrtjfSFLCdVQ\"]}]}<\/script>\n<!-- \/ Yoast SEO plugin. -->","yoast_head_json":{"title":"50ml Clear Liquor Bottles Manufacturers | Mini Spirits Bottles Bulk","description":"Buy 50ml Clear Liquor Bottles Wholesale In Factory Outlet Price. China Glass Bottle Manufacturer, Sales Mini Spirits Bottles Bulk Around The World.","robots":{"index":"index","follow":"follow","max-snippet":"max-snippet:-1","max-image-preview":"max-image-preview:large","max-video-preview":"max-video-preview:-1"},"canonical":"https:\/\/ruishengglassco.com\/pt\/produto\/rs083-mini-frascos-de-vidro-transparente-de-50-ml-no-atacado","og_locale":"pt_BR","og_type":"article","og_title":"50ml Clear Liquor Bottles Manufacturers | Mini Spirits Bottles Bulk","og_description":"Buy 50ml Clear Liquor Bottles Wholesale In Factory Outlet Price. China Glass Bottle Manufacturer, Sales Mini Spirits Bottles Bulk Around The World.","og_url":"https:\/\/ruishengglassco.com\/pt\/produto\/rs083-mini-frascos-de-vidro-transparente-de-50-ml-no-atacado","article_publisher":"https:\/\/www.facebook.com\/ruishengglassbottles","article_modified_time":"2025-07-17T06:02:11+00:00","og_image":[{"width":800,"height":800,"url":"https:\/\/ruishengglassco.com\/wp-content\/uploads\/2025\/03\/RS083-50ml-Clear-Mini-Glass-Bottles-Wholesale.webp","type":"image\/webp"}],"twitter_card":"summary_large_image","twitter_misc":{"Est. tempo de leitura":"2 minutos"},"schema":{"@context":"https:\/\/schema.org","@graph":[{"@type":"WebPage","@id":"https:\/\/ruishengglassco.com\/product\/rs083-50ml-clear-mini-glass-bottles-wholesale","url":"https:\/\/ruishengglassco.com\/product\/rs083-50ml-clear-mini-glass-bottles-wholesale","name":"50ml Clear Liquor Bottles Manufacturers | Mini Spirits Bottles Bulk","isPartOf":{"@id":"https:\/\/ruishengglassco.com\/#website"},"datePublished":"2025-03-15T02:23:40+00:00","dateModified":"2025-07-17T06:02:11+00:00","description":"Buy 50ml Clear Liquor Bottles Wholesale In Factory Outlet Price. China Glass Bottle Manufacturer, Sales Mini Spirits Bottles Bulk Around The World.","breadcrumb":{"@id":"https:\/\/ruishengglassco.com\/product\/rs083-50ml-clear-mini-glass-bottles-wholesale#breadcrumb"},"inLanguage":"pt-BR","potentialAction":[{"@type":"ReadAction","target":["https:\/\/ruishengglassco.com\/product\/rs083-50ml-clear-mini-glass-bottles-wholesale"]}]},{"@type":"BreadcrumbList","@id":"https:\/\/ruishengglassco.com\/product\/rs083-50ml-clear-mini-glass-bottles-wholesale#breadcrumb","itemListElement":[{"@type":"ListItem","position":1,"name":"Home","item":"https:\/\/ruishengglassco.com\/"},{"@type":"ListItem","position":2,"name":"Products","item":"https:\/\/ruishengglassco.com\/products"},{"@type":"ListItem","position":3,"name":"RS083: 50ml Clear Mini Glass Bottles Manufacturers"}]},{"@type":"WebSite","@id":"https:\/\/ruishengglassco.com\/#website","url":"https:\/\/ruishengglassco.com\/","name":"Ruisheng Glass","description":"","publisher":{"@id":"https:\/\/ruishengglassco.com\/#organization"},"potentialAction":[{"@type":"SearchAction","target":{"@type":"EntryPoint","urlTemplate":"https:\/\/ruishengglassco.com\/?s={search_term_string}"},"query-input":"required name=search_term_string"}],"inLanguage":"pt-BR"},{"@type":"Organization","@id":"https:\/\/ruishengglassco.com\/#organization","name":"Shandong Yuncheng Ruisheng Glass Co., Ltd","url":"https:\/\/ruishengglassco.com\/","logo":{"@type":"ImageObject","inLanguage":"pt-BR","@id":"https:\/\/ruishengglassco.com\/#\/schema\/logo\/image\/","url":"https:\/\/ruishengglassco.com\/wp-content\/uploads\/2023\/09\/ruisheng_logo_icon.webp","contentUrl":"https:\/\/ruishengglassco.com\/wp-content\/uploads\/2023\/09\/ruisheng_logo_icon.webp","width":400,"height":233,"caption":"Shandong Yuncheng Ruisheng Glass Co., Ltd"},"image":{"@id":"https:\/\/ruishengglassco.com\/#\/schema\/logo\/image\/"},"sameAs":["https:\/\/www.facebook.com\/ruishengglassbottles","https:\/\/www.instagram.com\/Ruishengglassbottlewholesales\/","https:\/\/www.youtube.com\/channel\/UCMmbMNGwsL-XrtjfSFLCdVQ"]}]}},"_links":{"self":[{"href":"https:\/\/ruishengglassco.com\/pt\/wp-json\/wp\/v2\/product\/4235","targetHints":{"allow":["GET"]}}],"collection":[{"href":"https:\/\/ruishengglassco.com\/pt\/wp-json\/wp\/v2\/product"}],"about":[{"href":"https:\/\/ruishengglassco.com\/pt\/wp-json\/wp\/v2\/types\/product"}],"replies":[{"embeddable":true,"href":"https:\/\/ruishengglassco.com\/pt\/wp-json\/wp\/v2\/comments?post=4235"}],"wp:featuredmedia":[{"embeddable":true,"href":"https:\/\/ruishengglassco.com\/pt\/wp-json\/wp\/v2\/media\/4236"}],"wp:attachment":[{"href":"https:\/\/ruishengglassco.com\/pt\/wp-json\/wp\/v2\/media?parent=4235"}],"wp:term":[{"taxonomy":"product_cat","embeddable":true,"href":"https:\/\/ruishengglassco.com\/pt\/wp-json\/wp\/v2\/product_cat?post=4235"}],"curies":[{"name":"wp","href":"https:\/\/api.w.org\/{rel}","templated":true}]}}