{"id":4228,"date":"2025-03-15T10:09:11","date_gmt":"2025-03-15T02:09:11","guid":{"rendered":"https:\/\/ruishengglassco.com\/?post_type=product&#038;p=4228"},"modified":"2025-07-17T14:00:46","modified_gmt":"2025-07-17T06:00:46","slug":"rs086-atacado-garrafa-de-uisque-redonda-long-neck-de-70cl-com-rolha","status":"publish","type":"product","link":"https:\/\/ruishengglassco.com\/pt\/produto\/rs086-atacado-garrafa-de-uisque-redonda-long-neck-de-70cl-com-rolha","title":{"rendered":"RS086: Garrafa de u\u00edsque redonda Long Neck de 70cl com rolha"},"content":{"rendered":"<p><span data-preserver-spaces=\"true\">As garrafas de u\u00edsque a granel da RS s\u00e3o de 70cl e feitas de vidro de alto brilho. Esse material torna as garrafas mais claras, mais fortes e mais suaves do que as fabricadas com outros materiais. Elas <\/span><span data-preserver-spaces=\"true\">s\u00e3o usados principalmente<\/span><span data-preserver-spaces=\"true\"> para licor, u\u00edsque, vodca, bebidas, \u00e1gua e outros l\u00edquidos.<\/span><\/p>\n<p><span data-preserver-spaces=\"true\">Essas garrafas de u\u00edsque redondas de 70cl t\u00eam um gargalo longo. Tamb\u00e9m aceitamos servi\u00e7o de garrafa de vidro de u\u00edsque personalizada. <\/span><span data-preserver-spaces=\"true\">Nesse servi\u00e7o personalizado de garrafas de vidro, voc\u00ea pode <\/span><span data-preserver-spaces=\"true\">personalizar diferentes<\/span><span data-preserver-spaces=\"true\"> formatos de garrafas de vidro, <\/span><span data-preserver-spaces=\"true\">tais como<\/span><span data-preserver-spaces=\"true\"> rodada <\/span><span data-preserver-spaces=\"true\">forma<\/span><span data-preserver-spaces=\"true\">, quadrado <\/span><span data-preserver-spaces=\"true\">forma<\/span><span data-preserver-spaces=\"true\">, simplificado <\/span><span data-preserver-spaces=\"true\">forma<\/span><span data-preserver-spaces=\"true\">, caveira <\/span><span data-preserver-spaces=\"true\">forma, etc<\/span><span data-preserver-spaces=\"true\">.<\/span><span data-preserver-spaces=\"true\"> H\u00e1 diferentes capacidades de garrafas de vidro dispon\u00edveis: 50ml, 100ml, 250ml, 350ml, 500ml, 700ml, 750ml, 1000ml, 1,5 L e outras. <\/span><span data-preserver-spaces=\"true\">E n\u00f3s<\/span><span data-preserver-spaces=\"true\"> tamb\u00e9m aceitam marcas pr\u00f3prias personalizadas e <\/span><span data-preserver-spaces=\"true\">Servi\u00e7o de logotipo<\/span><span data-preserver-spaces=\"true\">.<\/span><span data-preserver-spaces=\"true\"> O que voc\u00ea precisa \u00e9 o que podemos oferecer!<\/span><\/p>\n<h2><span data-preserver-spaces=\"true\">\u00a0<\/span><\/h2>\n<p><span style=\"font-size: 23.04px; color: #333333;\">Obter informa\u00e7\u00f5es sobre o pre\u00e7o das garrafas de u\u00edsque a granel<\/span><\/p>\n<ul>\n<li>Nome: Garrafas de vidro para u\u00edsque por atacado<\/li>\n<li>Pa\u00eds de origem\uff1aChina<\/li>\n<li>Material principal: vidro com alto teor de s\u00edlex<\/li>\n<li>Tampa: Corti\u00e7a (podemos trocar a tampa por uma tampa de rosca, se voc\u00ea precisar)<\/li>\n<li>Refer\u00eancia: RS086<\/li>\n<li>MOQ: 1x 40\u2033 GP<\/li>\n<li>Capacidade: 700 ml<\/li>\n<li>Forma de embalagem: Caixa padr\u00e3o de exporta\u00e7\u00e3o\/Palete\/Caixa padr\u00e3o de exporta\u00e7\u00e3o e palete<\/li>\n<li>Origem do local: Shandong, China<\/li>\n<li>Caracter\u00edstica: Ecologicamente correto<\/li>\n<\/ul>\n<p>H\u00e1 mais de 500 funcion\u00e1rios em nossa f\u00e1brica e cerca de 30 membros do controle de qualidade para verificar a qualidade das garrafas de vidro para beber no atacado. Todas as garrafas de u\u00edsque vazias ser\u00e3o exportadas depois de passarem pelo controle de qualidade.<\/p>\n<p>Al\u00e9m disso, h\u00e1 um grupo de engenheiros qualificados que lidam com tarefas como desenho de garrafas, design de r\u00f3tulos e respondem a quaisquer perguntas entre vendas e clientes. Com uma vasta experi\u00eancia, temos uma boa reputa\u00e7\u00e3o em todo o mundo.<\/p>\n<p>Nossos principais produtos s\u00e3o garrafas de vidro de alta qualidade, como garrafas de vodca, garrafas de conhaque, garrafas de u\u00edsque, garrafas de licor, garrafas de rum e assim por diante. Tamb\u00e9m podemos oferecer garrafas de vidro \u00e2mbar, garrafas verdes e garrafas transparentes.<\/p>\n<p>Se estiver interessado em nossas garrafas de u\u00edsque redondas long neck de 70cl com tampa, entre em contato conosco. Se quiser criar garrafas de vidro personalizadas, n\u00e3o hesite em entrar em contato conosco. Teremos prazer em receber sua consulta sobre as melhores garrafas de vidro para u\u00edsque.<\/p>","protected":false},"excerpt":{"rendered":"<p>A Ruisheng \u00e9 uma fabricante de garrafas de u\u00edsque com mais de 10 anos de experi\u00eancia na fabrica\u00e7\u00e3o de garrafas de vidro. Fabricamos garrafas de vidro de alta qualidade para licor, u\u00edsque, conhaque, vodca e muito mais. Temos uma f\u00e1brica que se concentra na produ\u00e7\u00e3o de garrafas de u\u00edsque. Nossas garrafas de u\u00edsque s\u00e3o exportadas principalmente para os EUA, Reino Unido, R\u00fassia, Austr\u00e1lia, etc. Se estiver interessado em pre\u00e7os de garrafas de u\u00edsque a granel, n\u00e3o hesite em entrar em contato comigo.<\/p>","protected":false},"featured_media":4229,"comment_status":"closed","ping_status":"closed","template":"","meta":[],"product_cat":[45,54],"class_list":{"0":"post-4228","1":"product","2":"type-product","3":"status-publish","4":"has-post-thumbnail","6":"product_cat-custom-glass-bottle","7":"product_cat-whiskey-bottle","9":"first","10":"instock","11":"shipping-taxable","12":"product-type-simple"},"yoast_head":"<!-- This site is optimized with the Yoast SEO plugin v22.0 - https:\/\/yoast.com\/wordpress\/plugins\/seo\/ -->\n<title>Bulk Whiskey Bottles Price | Custom Long Neck Glass Bottles-RS<\/title>\n<meta name=\"description\" content=\"Ruisheng, top liquor bottle manufacturer, custom long neck glass bottles for Whsikey, Brandy, Vodka, and other liquor. Get Bulk Whiskey Bottles Price Here.\" \/>\n<meta name=\"robots\" content=\"index, follow, max-snippet:-1, max-image-preview:large, max-video-preview:-1\" \/>\n<link rel=\"canonical\" href=\"https:\/\/ruishengglassco.com\/pt\/produto\/rs086-atacado-garrafa-de-uisque-redonda-long-neck-de-70cl-com-rolha\" \/>\n<meta property=\"og:locale\" content=\"pt_BR\" \/>\n<meta property=\"og:type\" content=\"article\" \/>\n<meta property=\"og:title\" content=\"Bulk Whiskey Bottles Price | Custom Long Neck Glass Bottles-RS\" \/>\n<meta property=\"og:description\" content=\"Ruisheng, top liquor bottle manufacturer, custom long neck glass bottles for Whsikey, Brandy, Vodka, and other liquor. Get Bulk Whiskey Bottles Price Here.\" \/>\n<meta property=\"og:url\" content=\"https:\/\/ruishengglassco.com\/pt\/produto\/rs086-atacado-garrafa-de-uisque-redonda-long-neck-de-70cl-com-rolha\" \/>\n<meta property=\"article:publisher\" content=\"https:\/\/www.facebook.com\/ruishengglassbottles\" \/>\n<meta property=\"article:modified_time\" content=\"2025-07-17T06:00:46+00:00\" \/>\n<meta property=\"og:image\" content=\"https:\/\/ruishengglassco.com\/wp-content\/uploads\/2025\/03\/RS086-Wholesale-70cl-Long-Neck-Round-Whiskey-Bottle-Corked.webp\" \/>\n\t<meta property=\"og:image:width\" content=\"400\" \/>\n\t<meta property=\"og:image:height\" content=\"400\" \/>\n\t<meta property=\"og:image:type\" content=\"image\/webp\" \/>\n<meta name=\"twitter:card\" content=\"summary_large_image\" \/>\n<meta name=\"twitter:label1\" content=\"Est. tempo de leitura\" \/>\n\t<meta name=\"twitter:data1\" content=\"2 minutos\" \/>\n<script type=\"application\/ld+json\" class=\"yoast-schema-graph\">{\"@context\":\"https:\/\/schema.org\",\"@graph\":[{\"@type\":\"WebPage\",\"@id\":\"https:\/\/ruishengglassco.com\/product\/rs086-wholesale-70cl-long-neck-round-whiskey-bottle-corked\",\"url\":\"https:\/\/ruishengglassco.com\/product\/rs086-wholesale-70cl-long-neck-round-whiskey-bottle-corked\",\"name\":\"Bulk Whiskey Bottles Price | Custom Long Neck Glass Bottles-RS\",\"isPartOf\":{\"@id\":\"https:\/\/ruishengglassco.com\/#website\"},\"datePublished\":\"2025-03-15T02:09:11+00:00\",\"dateModified\":\"2025-07-17T06:00:46+00:00\",\"description\":\"Ruisheng, top liquor bottle manufacturer, custom long neck glass bottles for Whsikey, Brandy, Vodka, and other liquor. Get Bulk Whiskey Bottles Price Here.\",\"breadcrumb\":{\"@id\":\"https:\/\/ruishengglassco.com\/product\/rs086-wholesale-70cl-long-neck-round-whiskey-bottle-corked#breadcrumb\"},\"inLanguage\":\"pt-BR\",\"potentialAction\":[{\"@type\":\"ReadAction\",\"target\":[\"https:\/\/ruishengglassco.com\/product\/rs086-wholesale-70cl-long-neck-round-whiskey-bottle-corked\"]}]},{\"@type\":\"BreadcrumbList\",\"@id\":\"https:\/\/ruishengglassco.com\/product\/rs086-wholesale-70cl-long-neck-round-whiskey-bottle-corked#breadcrumb\",\"itemListElement\":[{\"@type\":\"ListItem\",\"position\":1,\"name\":\"Home\",\"item\":\"https:\/\/ruishengglassco.com\/\"},{\"@type\":\"ListItem\",\"position\":2,\"name\":\"Products\",\"item\":\"https:\/\/ruishengglassco.com\/products\"},{\"@type\":\"ListItem\",\"position\":3,\"name\":\"RS086: 70cl Long Neck Round Whiskey Bottle Corked\"}]},{\"@type\":\"WebSite\",\"@id\":\"https:\/\/ruishengglassco.com\/#website\",\"url\":\"https:\/\/ruishengglassco.com\/\",\"name\":\"Ruisheng Glass\",\"description\":\"\",\"publisher\":{\"@id\":\"https:\/\/ruishengglassco.com\/#organization\"},\"potentialAction\":[{\"@type\":\"SearchAction\",\"target\":{\"@type\":\"EntryPoint\",\"urlTemplate\":\"https:\/\/ruishengglassco.com\/?s={search_term_string}\"},\"query-input\":\"required name=search_term_string\"}],\"inLanguage\":\"pt-BR\"},{\"@type\":\"Organization\",\"@id\":\"https:\/\/ruishengglassco.com\/#organization\",\"name\":\"Shandong Yuncheng Ruisheng Glass Co., Ltd\",\"url\":\"https:\/\/ruishengglassco.com\/\",\"logo\":{\"@type\":\"ImageObject\",\"inLanguage\":\"pt-BR\",\"@id\":\"https:\/\/ruishengglassco.com\/#\/schema\/logo\/image\/\",\"url\":\"https:\/\/ruishengglassco.com\/wp-content\/uploads\/2023\/09\/ruisheng_logo_icon.webp\",\"contentUrl\":\"https:\/\/ruishengglassco.com\/wp-content\/uploads\/2023\/09\/ruisheng_logo_icon.webp\",\"width\":400,\"height\":233,\"caption\":\"Shandong Yuncheng Ruisheng Glass Co., Ltd\"},\"image\":{\"@id\":\"https:\/\/ruishengglassco.com\/#\/schema\/logo\/image\/\"},\"sameAs\":[\"https:\/\/www.facebook.com\/ruishengglassbottles\",\"https:\/\/www.instagram.com\/Ruishengglassbottlewholesales\/\",\"https:\/\/www.youtube.com\/channel\/UCMmbMNGwsL-XrtjfSFLCdVQ\"]}]}<\/script>\n<!-- \/ Yoast SEO plugin. -->","yoast_head_json":{"title":"Bulk Whiskey Bottles Price | Custom Long Neck Glass Bottles-RS","description":"Ruisheng, top liquor bottle manufacturer, custom long neck glass bottles for Whsikey, Brandy, Vodka, and other liquor. Get Bulk Whiskey Bottles Price Here.","robots":{"index":"index","follow":"follow","max-snippet":"max-snippet:-1","max-image-preview":"max-image-preview:large","max-video-preview":"max-video-preview:-1"},"canonical":"https:\/\/ruishengglassco.com\/pt\/produto\/rs086-atacado-garrafa-de-uisque-redonda-long-neck-de-70cl-com-rolha","og_locale":"pt_BR","og_type":"article","og_title":"Bulk Whiskey Bottles Price | Custom Long Neck Glass Bottles-RS","og_description":"Ruisheng, top liquor bottle manufacturer, custom long neck glass bottles for Whsikey, Brandy, Vodka, and other liquor. Get Bulk Whiskey Bottles Price Here.","og_url":"https:\/\/ruishengglassco.com\/pt\/produto\/rs086-atacado-garrafa-de-uisque-redonda-long-neck-de-70cl-com-rolha","article_publisher":"https:\/\/www.facebook.com\/ruishengglassbottles","article_modified_time":"2025-07-17T06:00:46+00:00","og_image":[{"width":400,"height":400,"url":"https:\/\/ruishengglassco.com\/wp-content\/uploads\/2025\/03\/RS086-Wholesale-70cl-Long-Neck-Round-Whiskey-Bottle-Corked.webp","type":"image\/webp"}],"twitter_card":"summary_large_image","twitter_misc":{"Est. tempo de leitura":"2 minutos"},"schema":{"@context":"https:\/\/schema.org","@graph":[{"@type":"WebPage","@id":"https:\/\/ruishengglassco.com\/product\/rs086-wholesale-70cl-long-neck-round-whiskey-bottle-corked","url":"https:\/\/ruishengglassco.com\/product\/rs086-wholesale-70cl-long-neck-round-whiskey-bottle-corked","name":"Bulk Whiskey Bottles Price | Custom Long Neck Glass Bottles-RS","isPartOf":{"@id":"https:\/\/ruishengglassco.com\/#website"},"datePublished":"2025-03-15T02:09:11+00:00","dateModified":"2025-07-17T06:00:46+00:00","description":"Ruisheng, top liquor bottle manufacturer, custom long neck glass bottles for Whsikey, Brandy, Vodka, and other liquor. Get Bulk Whiskey Bottles Price Here.","breadcrumb":{"@id":"https:\/\/ruishengglassco.com\/product\/rs086-wholesale-70cl-long-neck-round-whiskey-bottle-corked#breadcrumb"},"inLanguage":"pt-BR","potentialAction":[{"@type":"ReadAction","target":["https:\/\/ruishengglassco.com\/product\/rs086-wholesale-70cl-long-neck-round-whiskey-bottle-corked"]}]},{"@type":"BreadcrumbList","@id":"https:\/\/ruishengglassco.com\/product\/rs086-wholesale-70cl-long-neck-round-whiskey-bottle-corked#breadcrumb","itemListElement":[{"@type":"ListItem","position":1,"name":"Home","item":"https:\/\/ruishengglassco.com\/"},{"@type":"ListItem","position":2,"name":"Products","item":"https:\/\/ruishengglassco.com\/products"},{"@type":"ListItem","position":3,"name":"RS086: 70cl Long Neck Round Whiskey Bottle Corked"}]},{"@type":"WebSite","@id":"https:\/\/ruishengglassco.com\/#website","url":"https:\/\/ruishengglassco.com\/","name":"Ruisheng Glass","description":"","publisher":{"@id":"https:\/\/ruishengglassco.com\/#organization"},"potentialAction":[{"@type":"SearchAction","target":{"@type":"EntryPoint","urlTemplate":"https:\/\/ruishengglassco.com\/?s={search_term_string}"},"query-input":"required name=search_term_string"}],"inLanguage":"pt-BR"},{"@type":"Organization","@id":"https:\/\/ruishengglassco.com\/#organization","name":"Shandong Yuncheng Ruisheng Glass Co., Ltd","url":"https:\/\/ruishengglassco.com\/","logo":{"@type":"ImageObject","inLanguage":"pt-BR","@id":"https:\/\/ruishengglassco.com\/#\/schema\/logo\/image\/","url":"https:\/\/ruishengglassco.com\/wp-content\/uploads\/2023\/09\/ruisheng_logo_icon.webp","contentUrl":"https:\/\/ruishengglassco.com\/wp-content\/uploads\/2023\/09\/ruisheng_logo_icon.webp","width":400,"height":233,"caption":"Shandong Yuncheng Ruisheng Glass Co., Ltd"},"image":{"@id":"https:\/\/ruishengglassco.com\/#\/schema\/logo\/image\/"},"sameAs":["https:\/\/www.facebook.com\/ruishengglassbottles","https:\/\/www.instagram.com\/Ruishengglassbottlewholesales\/","https:\/\/www.youtube.com\/channel\/UCMmbMNGwsL-XrtjfSFLCdVQ"]}]}},"_links":{"self":[{"href":"https:\/\/ruishengglassco.com\/pt\/wp-json\/wp\/v2\/product\/4228","targetHints":{"allow":["GET"]}}],"collection":[{"href":"https:\/\/ruishengglassco.com\/pt\/wp-json\/wp\/v2\/product"}],"about":[{"href":"https:\/\/ruishengglassco.com\/pt\/wp-json\/wp\/v2\/types\/product"}],"replies":[{"embeddable":true,"href":"https:\/\/ruishengglassco.com\/pt\/wp-json\/wp\/v2\/comments?post=4228"}],"wp:featuredmedia":[{"embeddable":true,"href":"https:\/\/ruishengglassco.com\/pt\/wp-json\/wp\/v2\/media\/4229"}],"wp:attachment":[{"href":"https:\/\/ruishengglassco.com\/pt\/wp-json\/wp\/v2\/media?parent=4228"}],"wp:term":[{"taxonomy":"product_cat","embeddable":true,"href":"https:\/\/ruishengglassco.com\/pt\/wp-json\/wp\/v2\/product_cat?post=4228"}],"curies":[{"name":"wp","href":"https:\/\/api.w.org\/{rel}","templated":true}]}}