{"id":4217,"date":"2025-03-15T09:52:30","date_gmt":"2025-03-15T01:52:30","guid":{"rendered":"https:\/\/ruishengglassco.com\/?post_type=product&#038;p=4217"},"modified":"2025-09-11T17:01:43","modified_gmt":"2025-09-11T09:01:43","slug":"rs093-garrafas-de-vidro-redondas-boston-de-1000-ml-para-venda-de-vodca-no-atacado","status":"publish","type":"product","link":"https:\/\/ruishengglassco.com\/pt\/produto\/rs093-garrafas-de-vidro-redondas-boston-de-1000-ml-para-venda-de-vodca-no-atacado","title":{"rendered":"RS093: Garrafas de vidro redondas Boston de 1000 ml para fabricantes de vodca"},"content":{"rendered":"<h2>Informa\u00e7\u00f5es detalhadas sobre os fabricantes de garrafas de vidro redondas de Boston<\/h2>\n<p>Essas garrafas de vidro redondas Boston de 1000 ml est\u00e3o dispon\u00edveis em quatro tamanhos: 1000 ml, 750 ml, 700 ml e 500 ml. Tamb\u00e9m temos garrafas de vodca com formato semelhante para 375 ml. Essa garrafa de vidro de vodca \u00e9 um de nossos produtos mais vendidos. Nossas garrafas de vidro redondas transparentes de Boston s\u00e3o populares em muitos lugares. Elas s\u00e3o vendidas nos Estados Unidos, no Reino Unido, na Austr\u00e1lia, na Nova Zel\u00e2ndia, no Canad\u00e1 e em outros pa\u00edses europeus e americanos. Elas s\u00e3o conhecidas por sua inova\u00e7\u00e3o e funcionalidade.<\/p>\n<p>Como um dos maiores fabricantes de garrafas de vodca da China, a Ruisheng tem se concentrado na fabrica\u00e7\u00e3o de garrafas de bebidas alco\u00f3licas h\u00e1 cerca de 10 anos. M\u00e1quinas manuais CNC s\u00e3o usadas para produzir nossas garrafas de Boston no atacado. Utilizamos essa m\u00e1quina para produzir garrafas de vidro de alta qualidade e cristalinas. Isso garante que as garrafas de vidro sejam de qualidade perfeita, com alta transpar\u00eancia e superf\u00edcie lisa.<\/p>\n<p>Essas garrafas de vidro redondas Boston de 1000 ml para venda no atacado t\u00eam acabamento com rolha. Se necess\u00e1rio, tamb\u00e9m podemos trocar sua boca por uma tampa de rosca. Nossa f\u00e1brica produz corti\u00e7a de alto pol\u00edmero, corti\u00e7a de madeira natural, corti\u00e7a complexa, corti\u00e7a de vidro e tampas de rosca de v\u00e1rios tamanhos. Podemos oferecer as tampas correspondentes para as garrafas de vidro, se voc\u00ea precisar delas.<\/p>\n<p><img decoding=\"async\" class=\"aligncenter wp-image-2429 size-full\" src=\"https:\/\/glassbottlewholesale.com\/wp-content\/uploads\/2020\/12\/WX20201229-154422-1.png\" alt=\"tampas de garrafas de vidro no atacado\" width=\"752\" height=\"452\" \/><\/p>\n<p>H\u00e1 mais de 500 funcion\u00e1rios em nossa f\u00e1brica, incluindo cerca de 30 QC e um grupo de engenheiros qualificados. Aceitamos pedidos de OEM e ODM. Basta enviar uma foto ou nos informar as demandas sobre o design da garrafa de vodca que deseja, e podemos fornecer um servi\u00e7o personalizado de garrafa de vodca para voc\u00ea. N\u00e3o podemos enviar as garrafas de vidro de nossa f\u00e1brica at\u00e9 que elas passem pelo teste de controle de qualidade.<\/p>\n<h2>Os detalhes de nossos fabricantes de garrafas de vidro redondas Boston de 1 litro<\/h2>\n<p>As informa\u00e7\u00f5es sobre a garrafa de vidro s\u00e3o as seguintes:<\/p>\n<ul>\n<li>Item: Frascos redondos Bostom de 1000 ml no atacado<\/li>\n<li>Material principal: vidro com alto teor de flint (vidro branco cristal)<\/li>\n<li>Tampa: Corti\u00e7a (corti\u00e7a de alto pol\u00edmero, corti\u00e7a complexa, corti\u00e7a de madeira natural)<\/li>\n<li>Refer\u00eancia: RS093<\/li>\n<li>MOQ: 10000 PCS<\/li>\n<li>Capacidade: 500ml \/ 700ml \/ 750ml \/1000ml<\/li>\n<li>Forma de embalagem: Caixa de papel\u00e3o \/ Palete \/ Palete e caixa de papel\u00e3o<\/li>\n<li>Pcs\/Ctn: 24pcs \/ 20pcs \/ 15 pcs<\/li>\n<li>Origem do local: Shandong, China<\/li>\n<li>Caracter\u00edstica: Ecologicamente correto<\/li>\n<\/ul>\n<p>Se quiser saber mais informa\u00e7\u00f5es sobre essas garrafas de vidro redondas de 1000 ml Boston no atacado ou se quiser fazer garrafas de vidro personalizadas, entre em contato conosco. Faremos o melhor para voc\u00ea.<\/p>","protected":false},"excerpt":{"rendered":"<p>A marca Ruisheng oferece servi\u00e7os pesados e transparentes<strong> Rodada de Boston<\/strong> <strong>garrafas de vidro<\/strong>. Feitas de vidro branco cristalino de alto brilho, s\u00e3o \u00f3timas para encher com vodca e outras bebidas alco\u00f3licas. Garrafa de vidro de f\u00e1brica no atacado com garantia de qualidade&amp;Pre\u00e7o a granel<\/p>\n<p>Informa\u00e7\u00f5es sobre pedidos de garrafas de vidro redondas de Boston por atacado<\/p>\n<ul>\n<li>Refer\u00eancia: RS093<\/li>\n<li><strong>Oferecemos servi\u00e7o de OEM\/ODM. MOQ:10000pcs(10000 PCS)<\/strong><\/li>\n<li>Capacity: 500ml\/700ml\/750ml\/1000ml\/custom<\/li>\n<li>Tampa: Corti\u00e7a ou personalizada<\/li>\n<li>Material: Vidro branco cristalino<\/li>\n<\/ul>\n<p data-block-id=\"cf255d49-0436-49e0-9121-8d6e8606e3a5\" data-pm-slice=\"1 1 []\">Se quiser obter uma garrafa de vidro redonda de Boston para vodca, entre em contato conosco.<\/p>","protected":false},"featured_media":4218,"comment_status":"closed","ping_status":"closed","template":"","meta":[],"product_cat":[43,52],"class_list":{"0":"post-4217","1":"product","2":"type-product","3":"status-publish","4":"has-post-thumbnail","6":"product_cat-1000ml-liquor-bottle-manufacturer","7":"product_cat-vodka-bottle","9":"first","10":"instock","11":"shipping-taxable","12":"product-type-simple"},"yoast_head":"<!-- This site is optimized with the Yoast SEO plugin v22.0 - https:\/\/yoast.com\/wordpress\/plugins\/seo\/ -->\n<title>Boston Round Glass Bottles Manufacturers | Vodka Bottle Manufacturers<\/title>\n<meta name=\"description\" content=\"This boston round glass bottles wholesale are a set of glass bottles for 1000ml, 750ml, 700ml and 500ml. Factory Outlet From Vodka Bottle Manufacturers.\" \/>\n<meta name=\"robots\" content=\"index, follow, max-snippet:-1, max-image-preview:large, max-video-preview:-1\" \/>\n<link rel=\"canonical\" href=\"https:\/\/ruishengglassco.com\/pt\/produto\/rs093-garrafas-de-vidro-redondas-boston-de-1000-ml-para-venda-de-vodca-no-atacado\" \/>\n<meta property=\"og:locale\" content=\"pt_BR\" \/>\n<meta property=\"og:type\" content=\"article\" \/>\n<meta property=\"og:title\" content=\"Boston Round Glass Bottles Manufacturers | Vodka Bottle Manufacturers\" \/>\n<meta property=\"og:description\" content=\"This boston round glass bottles wholesale are a set of glass bottles for 1000ml, 750ml, 700ml and 500ml. Factory Outlet From Vodka Bottle Manufacturers.\" \/>\n<meta property=\"og:url\" content=\"https:\/\/ruishengglassco.com\/pt\/produto\/rs093-garrafas-de-vidro-redondas-boston-de-1000-ml-para-venda-de-vodca-no-atacado\" \/>\n<meta property=\"article:publisher\" content=\"https:\/\/www.facebook.com\/ruishengglassbottles\" \/>\n<meta property=\"article:modified_time\" content=\"2025-09-11T09:01:43+00:00\" \/>\n<meta property=\"og:image\" content=\"https:\/\/ruishengglassco.com\/wp-content\/uploads\/2025\/03\/RS093-1000ml-Boston-Round-Glass-Bottles-Wholesale-Vodka.webp\" \/>\n\t<meta property=\"og:image:width\" content=\"800\" \/>\n\t<meta property=\"og:image:height\" content=\"800\" \/>\n\t<meta property=\"og:image:type\" content=\"image\/webp\" \/>\n<meta name=\"twitter:card\" content=\"summary_large_image\" \/>\n<meta name=\"twitter:label1\" content=\"Est. tempo de leitura\" \/>\n\t<meta name=\"twitter:data1\" content=\"3 minutos\" \/>\n<script type=\"application\/ld+json\" class=\"yoast-schema-graph\">{\"@context\":\"https:\/\/schema.org\",\"@graph\":[{\"@type\":\"WebPage\",\"@id\":\"https:\/\/ruishengglassco.com\/product\/rs093-1000ml-boston-round-glass-bottles-wholesale-vodka\",\"url\":\"https:\/\/ruishengglassco.com\/product\/rs093-1000ml-boston-round-glass-bottles-wholesale-vodka\",\"name\":\"Boston Round Glass Bottles Manufacturers | Vodka Bottle Manufacturers\",\"isPartOf\":{\"@id\":\"https:\/\/ruishengglassco.com\/#website\"},\"datePublished\":\"2025-03-15T01:52:30+00:00\",\"dateModified\":\"2025-09-11T09:01:43+00:00\",\"description\":\"This boston round glass bottles wholesale are a set of glass bottles for 1000ml, 750ml, 700ml and 500ml. Factory Outlet From Vodka Bottle Manufacturers.\",\"breadcrumb\":{\"@id\":\"https:\/\/ruishengglassco.com\/product\/rs093-1000ml-boston-round-glass-bottles-wholesale-vodka#breadcrumb\"},\"inLanguage\":\"pt-BR\",\"potentialAction\":[{\"@type\":\"ReadAction\",\"target\":[\"https:\/\/ruishengglassco.com\/product\/rs093-1000ml-boston-round-glass-bottles-wholesale-vodka\"]}]},{\"@type\":\"BreadcrumbList\",\"@id\":\"https:\/\/ruishengglassco.com\/product\/rs093-1000ml-boston-round-glass-bottles-wholesale-vodka#breadcrumb\",\"itemListElement\":[{\"@type\":\"ListItem\",\"position\":1,\"name\":\"Home\",\"item\":\"https:\/\/ruishengglassco.com\/\"},{\"@type\":\"ListItem\",\"position\":2,\"name\":\"Products\",\"item\":\"https:\/\/ruishengglassco.com\/products\"},{\"@type\":\"ListItem\",\"position\":3,\"name\":\"RS093: 1000ml Boston Round Glass Bottles Manufacturers Vodka\"}]},{\"@type\":\"WebSite\",\"@id\":\"https:\/\/ruishengglassco.com\/#website\",\"url\":\"https:\/\/ruishengglassco.com\/\",\"name\":\"Ruisheng Glass\",\"description\":\"\",\"publisher\":{\"@id\":\"https:\/\/ruishengglassco.com\/#organization\"},\"potentialAction\":[{\"@type\":\"SearchAction\",\"target\":{\"@type\":\"EntryPoint\",\"urlTemplate\":\"https:\/\/ruishengglassco.com\/?s={search_term_string}\"},\"query-input\":\"required name=search_term_string\"}],\"inLanguage\":\"pt-BR\"},{\"@type\":\"Organization\",\"@id\":\"https:\/\/ruishengglassco.com\/#organization\",\"name\":\"Shandong Yuncheng Ruisheng Glass Co., Ltd\",\"url\":\"https:\/\/ruishengglassco.com\/\",\"logo\":{\"@type\":\"ImageObject\",\"inLanguage\":\"pt-BR\",\"@id\":\"https:\/\/ruishengglassco.com\/#\/schema\/logo\/image\/\",\"url\":\"https:\/\/ruishengglassco.com\/wp-content\/uploads\/2023\/09\/ruisheng_logo_icon.webp\",\"contentUrl\":\"https:\/\/ruishengglassco.com\/wp-content\/uploads\/2023\/09\/ruisheng_logo_icon.webp\",\"width\":400,\"height\":233,\"caption\":\"Shandong Yuncheng Ruisheng Glass Co., Ltd\"},\"image\":{\"@id\":\"https:\/\/ruishengglassco.com\/#\/schema\/logo\/image\/\"},\"sameAs\":[\"https:\/\/www.facebook.com\/ruishengglassbottles\",\"https:\/\/www.instagram.com\/Ruishengglassbottlewholesales\/\",\"https:\/\/www.youtube.com\/channel\/UCMmbMNGwsL-XrtjfSFLCdVQ\"]}]}<\/script>\n<!-- \/ Yoast SEO plugin. -->","yoast_head_json":{"title":"Boston Round Glass Bottles Manufacturers | Vodka Bottle Manufacturers","description":"This boston round glass bottles wholesale are a set of glass bottles for 1000ml, 750ml, 700ml and 500ml. Factory Outlet From Vodka Bottle Manufacturers.","robots":{"index":"index","follow":"follow","max-snippet":"max-snippet:-1","max-image-preview":"max-image-preview:large","max-video-preview":"max-video-preview:-1"},"canonical":"https:\/\/ruishengglassco.com\/pt\/produto\/rs093-garrafas-de-vidro-redondas-boston-de-1000-ml-para-venda-de-vodca-no-atacado","og_locale":"pt_BR","og_type":"article","og_title":"Boston Round Glass Bottles Manufacturers | Vodka Bottle Manufacturers","og_description":"This boston round glass bottles wholesale are a set of glass bottles for 1000ml, 750ml, 700ml and 500ml. Factory Outlet From Vodka Bottle Manufacturers.","og_url":"https:\/\/ruishengglassco.com\/pt\/produto\/rs093-garrafas-de-vidro-redondas-boston-de-1000-ml-para-venda-de-vodca-no-atacado","article_publisher":"https:\/\/www.facebook.com\/ruishengglassbottles","article_modified_time":"2025-09-11T09:01:43+00:00","og_image":[{"width":800,"height":800,"url":"https:\/\/ruishengglassco.com\/wp-content\/uploads\/2025\/03\/RS093-1000ml-Boston-Round-Glass-Bottles-Wholesale-Vodka.webp","type":"image\/webp"}],"twitter_card":"summary_large_image","twitter_misc":{"Est. tempo de leitura":"3 minutos"},"schema":{"@context":"https:\/\/schema.org","@graph":[{"@type":"WebPage","@id":"https:\/\/ruishengglassco.com\/product\/rs093-1000ml-boston-round-glass-bottles-wholesale-vodka","url":"https:\/\/ruishengglassco.com\/product\/rs093-1000ml-boston-round-glass-bottles-wholesale-vodka","name":"Boston Round Glass Bottles Manufacturers | Vodka Bottle Manufacturers","isPartOf":{"@id":"https:\/\/ruishengglassco.com\/#website"},"datePublished":"2025-03-15T01:52:30+00:00","dateModified":"2025-09-11T09:01:43+00:00","description":"This boston round glass bottles wholesale are a set of glass bottles for 1000ml, 750ml, 700ml and 500ml. Factory Outlet From Vodka Bottle Manufacturers.","breadcrumb":{"@id":"https:\/\/ruishengglassco.com\/product\/rs093-1000ml-boston-round-glass-bottles-wholesale-vodka#breadcrumb"},"inLanguage":"pt-BR","potentialAction":[{"@type":"ReadAction","target":["https:\/\/ruishengglassco.com\/product\/rs093-1000ml-boston-round-glass-bottles-wholesale-vodka"]}]},{"@type":"BreadcrumbList","@id":"https:\/\/ruishengglassco.com\/product\/rs093-1000ml-boston-round-glass-bottles-wholesale-vodka#breadcrumb","itemListElement":[{"@type":"ListItem","position":1,"name":"Home","item":"https:\/\/ruishengglassco.com\/"},{"@type":"ListItem","position":2,"name":"Products","item":"https:\/\/ruishengglassco.com\/products"},{"@type":"ListItem","position":3,"name":"RS093: 1000ml Boston Round Glass Bottles Manufacturers Vodka"}]},{"@type":"WebSite","@id":"https:\/\/ruishengglassco.com\/#website","url":"https:\/\/ruishengglassco.com\/","name":"Ruisheng Glass","description":"","publisher":{"@id":"https:\/\/ruishengglassco.com\/#organization"},"potentialAction":[{"@type":"SearchAction","target":{"@type":"EntryPoint","urlTemplate":"https:\/\/ruishengglassco.com\/?s={search_term_string}"},"query-input":"required name=search_term_string"}],"inLanguage":"pt-BR"},{"@type":"Organization","@id":"https:\/\/ruishengglassco.com\/#organization","name":"Shandong Yuncheng Ruisheng Glass Co., Ltd","url":"https:\/\/ruishengglassco.com\/","logo":{"@type":"ImageObject","inLanguage":"pt-BR","@id":"https:\/\/ruishengglassco.com\/#\/schema\/logo\/image\/","url":"https:\/\/ruishengglassco.com\/wp-content\/uploads\/2023\/09\/ruisheng_logo_icon.webp","contentUrl":"https:\/\/ruishengglassco.com\/wp-content\/uploads\/2023\/09\/ruisheng_logo_icon.webp","width":400,"height":233,"caption":"Shandong Yuncheng Ruisheng Glass Co., Ltd"},"image":{"@id":"https:\/\/ruishengglassco.com\/#\/schema\/logo\/image\/"},"sameAs":["https:\/\/www.facebook.com\/ruishengglassbottles","https:\/\/www.instagram.com\/Ruishengglassbottlewholesales\/","https:\/\/www.youtube.com\/channel\/UCMmbMNGwsL-XrtjfSFLCdVQ"]}]}},"_links":{"self":[{"href":"https:\/\/ruishengglassco.com\/pt\/wp-json\/wp\/v2\/product\/4217","targetHints":{"allow":["GET"]}}],"collection":[{"href":"https:\/\/ruishengglassco.com\/pt\/wp-json\/wp\/v2\/product"}],"about":[{"href":"https:\/\/ruishengglassco.com\/pt\/wp-json\/wp\/v2\/types\/product"}],"replies":[{"embeddable":true,"href":"https:\/\/ruishengglassco.com\/pt\/wp-json\/wp\/v2\/comments?post=4217"}],"wp:featuredmedia":[{"embeddable":true,"href":"https:\/\/ruishengglassco.com\/pt\/wp-json\/wp\/v2\/media\/4218"}],"wp:attachment":[{"href":"https:\/\/ruishengglassco.com\/pt\/wp-json\/wp\/v2\/media?parent=4217"}],"wp:term":[{"taxonomy":"product_cat","embeddable":true,"href":"https:\/\/ruishengglassco.com\/pt\/wp-json\/wp\/v2\/product_cat?post=4217"}],"curies":[{"name":"wp","href":"https:\/\/api.w.org\/{rel}","templated":true}]}}