{"id":4215,"date":"2025-03-15T09:50:03","date_gmt":"2025-03-15T01:50:03","guid":{"rendered":"https:\/\/ruishengglassco.com\/?post_type=product&#038;p=4215"},"modified":"2025-07-16T16:49:37","modified_gmt":"2025-07-16T08:49:37","slug":"rs094-garrafas-de-tequila-de-750-ml-com-caveira-no-atacado","status":"publish","type":"product","link":"https:\/\/ruishengglassco.com\/pt\/produto\/rs094-garrafas-de-tequila-de-750-ml-com-caveira-no-atacado","title":{"rendered":"RS094: Fabricantes de garrafas de tequila de 750 ml com caveira"},"content":{"rendered":"<p><span data-preserver-spaces=\"true\">Garrafas de tequila com caveira de 750 ml no atacado ou decantador de tequila com caveira <\/span><span data-preserver-spaces=\"true\">\u00e9<\/span><span data-preserver-spaces=\"true\"> feito<\/span> <span data-preserver-spaces=\"true\">em<\/span><span data-preserver-spaces=\"true\"> A Ruisheng Glass Bottle, uma das <\/span><span data-preserver-spaces=\"true\">maior<\/span><span data-preserver-spaces=\"true\">\u00a0Fabricantes e fornecedores chineses de garrafas de vidro.<\/span><\/p>\n<p><span data-preserver-spaces=\"true\">Essas garrafas de tequila <\/span><span data-preserver-spaces=\"true\">adotar<\/span><span data-preserver-spaces=\"true\"> material de vidro flint de alta qualidade, o que torna o vidro mais transparente, claro e suave. Nossa empresa oferece garrafas de licor de caveira em v\u00e1rios tamanhos: 750 ml, 700 ml, 100 ml e muito mais. Voc\u00ea pode escolher entre diferentes cores, incluindo branco, preto, azul, verde, roxo e transparente. Tamb\u00e9m oferecemos um servi\u00e7o de garrafa de vidro personalizada.<\/span><\/p>\n<p><span data-preserver-spaces=\"true\">Com ampla experi\u00eancia, temos uma s\u00f3lida reputa\u00e7\u00e3o em todo o mundo.  Nossas garrafas de tequila Kah foram exportadas para os EUA, Reino Unido, Austr\u00e1lia, Fran\u00e7a, \u00c1frica do Sul e muitos outros pa\u00edses, conquistando a boa reputa\u00e7\u00e3o de nossos clientes.<\/span><\/p>\n<h2><strong><span data-preserver-spaces=\"true\">Sobre os fabricantes de garrafas de Tequila Skull<\/span><\/strong><\/h2>\n<ul>\n<li><span data-preserver-spaces=\"true\">Nome: Garrafa de Tequila Caveira 750ml<\/span><\/li>\n<li><span data-preserver-spaces=\"true\">Origem do local: Shandong, China<\/span><\/li>\n<li><span data-preserver-spaces=\"true\">Material prim\u00e1rio: Vidro de s\u00edlex alto<\/span><\/li>\n<li><span data-preserver-spaces=\"true\">Tampa: Corti\u00e7a, tampa de rosca<\/span><\/li>\n<li><strong><span data-preserver-spaces=\"true\">MOQ: 10000 PCS<\/span><\/strong><\/li>\n<li><span data-preserver-spaces=\"true\">Capacidade: 750 ml<\/span><\/li>\n<li><span data-preserver-spaces=\"true\">Pcs\/Ctn: 24pcs<\/span><\/li>\n<li><span data-preserver-spaces=\"true\">Caracter\u00edstica: Ecologicamente correto<\/span><\/li>\n<\/ul>\n<p><span data-preserver-spaces=\"true\">Al\u00e9m dessa caveira de cristal de 750 ml<\/span><span data-preserver-spaces=\"true\"> Al\u00e9m da garrafa de tequila, tamb\u00e9m fornecemos garrafas de vidro vazias de diferentes capacidades para licor, vermute, vodca, u\u00edsque, conhaque, rum, gim e outras bebidas alco\u00f3licas.<\/span><\/p>\n<p><span data-preserver-spaces=\"true\">Se estiver satisfeito com essa garrafa de vidro transparente, informe-me imediatamente. Se n\u00e3o gostar dela, poder\u00e1 dar uma olhada em nossas outras garrafas. Ou eu lhe darei o cat\u00e1logo e<\/span> <span data-preserver-spaces=\"true\">voc\u00ea pode escolher o que quiser. <\/span><span data-preserver-spaces=\"true\">Se voc\u00ea estiver interessado em nossas garrafas herm\u00e9ticas de \u00e1lcool, <\/span><span data-preserver-spaces=\"true\">Entre em contato conosco<\/span><span data-preserver-spaces=\"true\">.<\/span><span data-preserver-spaces=\"true\"> Responderemos a voc\u00ea em at\u00e9 24 horas.<\/span><\/p>","protected":false},"excerpt":{"rendered":"<table>\n<colgroup>\n<col \/>\n<col \/><\/colgroup>\n<tbody>\n<tr>\n<th colspan=\"2\">Garrafas de Tequila Skull de 750 ml no atacado<\/th>\n<\/tr>\n<tr>\n<td>Material principal:<\/td>\n<td>Vidro de s\u00edlex alto<\/td>\n<\/tr>\n<tr>\n<td>Bon\u00e9:<\/td>\n<td>Tampa de rosca<\/td>\n<\/tr>\n<tr>\n<td>Capacidade:<\/td>\n<td>750ml<\/td>\n<\/tr>\n<tr>\n<td>Recurso:<\/td>\n<td>Ecologicamente correto<\/td>\n<\/tr>\n<tr>\n<td>MOQ:<\/td>\n<td>10000 PCS<\/td>\n<\/tr>\n<tr>\n<td>Forma de envio:<\/td>\n<td>Navio, expresso<\/td>\n<\/tr>\n<tr>\n<td>OEM\/ODM:<\/td>\n<td>Bem-vindo<\/td>\n<\/tr>\n<tr>\n<td>Origem do local:<\/td>\n<td>Shandong, China<\/td>\n<\/tr>\n<tr>\n<td>Pcs\/Ctn:<\/td>\n<td>24 unidades<\/td>\n<\/tr>\n<\/tbody>\n<\/table>","protected":false},"featured_media":4216,"comment_status":"closed","ping_status":"closed","template":"","meta":[],"product_cat":[40,46],"class_list":{"0":"post-4215","1":"product","2":"type-product","3":"status-publish","4":"has-post-thumbnail","6":"product_cat-750ml-liquor-bottle-manufacturer","7":"product_cat-tequila-bottle","9":"first","10":"instock","11":"shipping-taxable","12":"product-type-simple"},"yoast_head":"<!-- This site is optimized with the Yoast SEO plugin v22.0 - https:\/\/yoast.com\/wordpress\/plugins\/seo\/ -->\n<title>750ml Tequila Skull Bottles Manufacturers | Custom Made Glass Bottle<\/title>\n<meta name=\"description\" content=\"Ruisheng, one of the largest glass bottle manufacturers and suppliers in China, sales different capacity tequila skull bottles wholesale in factory price.\" \/>\n<meta name=\"robots\" content=\"index, follow, max-snippet:-1, max-image-preview:large, max-video-preview:-1\" \/>\n<link rel=\"canonical\" href=\"https:\/\/ruishengglassco.com\/pt\/produto\/rs094-garrafas-de-tequila-de-750-ml-com-caveira-no-atacado\" \/>\n<meta property=\"og:locale\" content=\"pt_BR\" \/>\n<meta property=\"og:type\" content=\"article\" \/>\n<meta property=\"og:title\" content=\"750ml Tequila Skull Bottles Manufacturers | Custom Made Glass Bottle\" \/>\n<meta property=\"og:description\" content=\"Ruisheng, one of the largest glass bottle manufacturers and suppliers in China, sales different capacity tequila skull bottles wholesale in factory price.\" \/>\n<meta property=\"og:url\" content=\"https:\/\/ruishengglassco.com\/pt\/produto\/rs094-garrafas-de-tequila-de-750-ml-com-caveira-no-atacado\" \/>\n<meta property=\"article:publisher\" content=\"https:\/\/www.facebook.com\/ruishengglassbottles\" \/>\n<meta property=\"article:modified_time\" content=\"2025-07-16T08:49:37+00:00\" \/>\n<meta property=\"og:image\" content=\"https:\/\/ruishengglassco.com\/wp-content\/uploads\/2025\/03\/RS094-750ml-Tequila-Skull-Bottles-Wholesale.webp\" \/>\n\t<meta property=\"og:image:width\" content=\"500\" \/>\n\t<meta property=\"og:image:height\" content=\"500\" \/>\n\t<meta property=\"og:image:type\" content=\"image\/webp\" \/>\n<meta name=\"twitter:card\" content=\"summary_large_image\" \/>\n<meta name=\"twitter:label1\" content=\"Est. tempo de leitura\" \/>\n\t<meta name=\"twitter:data1\" content=\"2 minutos\" \/>\n<script type=\"application\/ld+json\" class=\"yoast-schema-graph\">{\"@context\":\"https:\/\/schema.org\",\"@graph\":[{\"@type\":\"WebPage\",\"@id\":\"https:\/\/ruishengglassco.com\/product\/rs094-750ml-tequila-skull-bottles-wholesale\",\"url\":\"https:\/\/ruishengglassco.com\/product\/rs094-750ml-tequila-skull-bottles-wholesale\",\"name\":\"750ml Tequila Skull Bottles Manufacturers | Custom Made Glass Bottle\",\"isPartOf\":{\"@id\":\"https:\/\/ruishengglassco.com\/#website\"},\"datePublished\":\"2025-03-15T01:50:03+00:00\",\"dateModified\":\"2025-07-16T08:49:37+00:00\",\"description\":\"Ruisheng, one of the largest glass bottle manufacturers and suppliers in China, sales different capacity tequila skull bottles wholesale in factory price.\",\"breadcrumb\":{\"@id\":\"https:\/\/ruishengglassco.com\/product\/rs094-750ml-tequila-skull-bottles-wholesale#breadcrumb\"},\"inLanguage\":\"pt-BR\",\"potentialAction\":[{\"@type\":\"ReadAction\",\"target\":[\"https:\/\/ruishengglassco.com\/product\/rs094-750ml-tequila-skull-bottles-wholesale\"]}]},{\"@type\":\"BreadcrumbList\",\"@id\":\"https:\/\/ruishengglassco.com\/product\/rs094-750ml-tequila-skull-bottles-wholesale#breadcrumb\",\"itemListElement\":[{\"@type\":\"ListItem\",\"position\":1,\"name\":\"Home\",\"item\":\"https:\/\/ruishengglassco.com\/\"},{\"@type\":\"ListItem\",\"position\":2,\"name\":\"Products\",\"item\":\"https:\/\/ruishengglassco.com\/products\"},{\"@type\":\"ListItem\",\"position\":3,\"name\":\"RS094: 750ml Tequila Skull Bottles Manufacturers\"}]},{\"@type\":\"WebSite\",\"@id\":\"https:\/\/ruishengglassco.com\/#website\",\"url\":\"https:\/\/ruishengglassco.com\/\",\"name\":\"Ruisheng Glass\",\"description\":\"\",\"publisher\":{\"@id\":\"https:\/\/ruishengglassco.com\/#organization\"},\"potentialAction\":[{\"@type\":\"SearchAction\",\"target\":{\"@type\":\"EntryPoint\",\"urlTemplate\":\"https:\/\/ruishengglassco.com\/?s={search_term_string}\"},\"query-input\":\"required name=search_term_string\"}],\"inLanguage\":\"pt-BR\"},{\"@type\":\"Organization\",\"@id\":\"https:\/\/ruishengglassco.com\/#organization\",\"name\":\"Shandong Yuncheng Ruisheng Glass Co., Ltd\",\"url\":\"https:\/\/ruishengglassco.com\/\",\"logo\":{\"@type\":\"ImageObject\",\"inLanguage\":\"pt-BR\",\"@id\":\"https:\/\/ruishengglassco.com\/#\/schema\/logo\/image\/\",\"url\":\"https:\/\/ruishengglassco.com\/wp-content\/uploads\/2023\/09\/ruisheng_logo_icon.webp\",\"contentUrl\":\"https:\/\/ruishengglassco.com\/wp-content\/uploads\/2023\/09\/ruisheng_logo_icon.webp\",\"width\":400,\"height\":233,\"caption\":\"Shandong Yuncheng Ruisheng Glass Co., Ltd\"},\"image\":{\"@id\":\"https:\/\/ruishengglassco.com\/#\/schema\/logo\/image\/\"},\"sameAs\":[\"https:\/\/www.facebook.com\/ruishengglassbottles\",\"https:\/\/www.instagram.com\/Ruishengglassbottlewholesales\/\",\"https:\/\/www.youtube.com\/channel\/UCMmbMNGwsL-XrtjfSFLCdVQ\"]}]}<\/script>\n<!-- \/ Yoast SEO plugin. -->","yoast_head_json":{"title":"750ml Tequila Skull Bottles Manufacturers | Custom Made Glass Bottle","description":"Ruisheng, one of the largest glass bottle manufacturers and suppliers in China, sales different capacity tequila skull bottles wholesale in factory price.","robots":{"index":"index","follow":"follow","max-snippet":"max-snippet:-1","max-image-preview":"max-image-preview:large","max-video-preview":"max-video-preview:-1"},"canonical":"https:\/\/ruishengglassco.com\/pt\/produto\/rs094-garrafas-de-tequila-de-750-ml-com-caveira-no-atacado","og_locale":"pt_BR","og_type":"article","og_title":"750ml Tequila Skull Bottles Manufacturers | Custom Made Glass Bottle","og_description":"Ruisheng, one of the largest glass bottle manufacturers and suppliers in China, sales different capacity tequila skull bottles wholesale in factory price.","og_url":"https:\/\/ruishengglassco.com\/pt\/produto\/rs094-garrafas-de-tequila-de-750-ml-com-caveira-no-atacado","article_publisher":"https:\/\/www.facebook.com\/ruishengglassbottles","article_modified_time":"2025-07-16T08:49:37+00:00","og_image":[{"width":500,"height":500,"url":"https:\/\/ruishengglassco.com\/wp-content\/uploads\/2025\/03\/RS094-750ml-Tequila-Skull-Bottles-Wholesale.webp","type":"image\/webp"}],"twitter_card":"summary_large_image","twitter_misc":{"Est. tempo de leitura":"2 minutos"},"schema":{"@context":"https:\/\/schema.org","@graph":[{"@type":"WebPage","@id":"https:\/\/ruishengglassco.com\/product\/rs094-750ml-tequila-skull-bottles-wholesale","url":"https:\/\/ruishengglassco.com\/product\/rs094-750ml-tequila-skull-bottles-wholesale","name":"750ml Tequila Skull Bottles Manufacturers | Custom Made Glass Bottle","isPartOf":{"@id":"https:\/\/ruishengglassco.com\/#website"},"datePublished":"2025-03-15T01:50:03+00:00","dateModified":"2025-07-16T08:49:37+00:00","description":"Ruisheng, one of the largest glass bottle manufacturers and suppliers in China, sales different capacity tequila skull bottles wholesale in factory price.","breadcrumb":{"@id":"https:\/\/ruishengglassco.com\/product\/rs094-750ml-tequila-skull-bottles-wholesale#breadcrumb"},"inLanguage":"pt-BR","potentialAction":[{"@type":"ReadAction","target":["https:\/\/ruishengglassco.com\/product\/rs094-750ml-tequila-skull-bottles-wholesale"]}]},{"@type":"BreadcrumbList","@id":"https:\/\/ruishengglassco.com\/product\/rs094-750ml-tequila-skull-bottles-wholesale#breadcrumb","itemListElement":[{"@type":"ListItem","position":1,"name":"Home","item":"https:\/\/ruishengglassco.com\/"},{"@type":"ListItem","position":2,"name":"Products","item":"https:\/\/ruishengglassco.com\/products"},{"@type":"ListItem","position":3,"name":"RS094: 750ml Tequila Skull Bottles Manufacturers"}]},{"@type":"WebSite","@id":"https:\/\/ruishengglassco.com\/#website","url":"https:\/\/ruishengglassco.com\/","name":"Ruisheng Glass","description":"","publisher":{"@id":"https:\/\/ruishengglassco.com\/#organization"},"potentialAction":[{"@type":"SearchAction","target":{"@type":"EntryPoint","urlTemplate":"https:\/\/ruishengglassco.com\/?s={search_term_string}"},"query-input":"required name=search_term_string"}],"inLanguage":"pt-BR"},{"@type":"Organization","@id":"https:\/\/ruishengglassco.com\/#organization","name":"Shandong Yuncheng Ruisheng Glass Co., Ltd","url":"https:\/\/ruishengglassco.com\/","logo":{"@type":"ImageObject","inLanguage":"pt-BR","@id":"https:\/\/ruishengglassco.com\/#\/schema\/logo\/image\/","url":"https:\/\/ruishengglassco.com\/wp-content\/uploads\/2023\/09\/ruisheng_logo_icon.webp","contentUrl":"https:\/\/ruishengglassco.com\/wp-content\/uploads\/2023\/09\/ruisheng_logo_icon.webp","width":400,"height":233,"caption":"Shandong Yuncheng Ruisheng Glass Co., Ltd"},"image":{"@id":"https:\/\/ruishengglassco.com\/#\/schema\/logo\/image\/"},"sameAs":["https:\/\/www.facebook.com\/ruishengglassbottles","https:\/\/www.instagram.com\/Ruishengglassbottlewholesales\/","https:\/\/www.youtube.com\/channel\/UCMmbMNGwsL-XrtjfSFLCdVQ"]}]}},"_links":{"self":[{"href":"https:\/\/ruishengglassco.com\/pt\/wp-json\/wp\/v2\/product\/4215","targetHints":{"allow":["GET"]}}],"collection":[{"href":"https:\/\/ruishengglassco.com\/pt\/wp-json\/wp\/v2\/product"}],"about":[{"href":"https:\/\/ruishengglassco.com\/pt\/wp-json\/wp\/v2\/types\/product"}],"replies":[{"embeddable":true,"href":"https:\/\/ruishengglassco.com\/pt\/wp-json\/wp\/v2\/comments?post=4215"}],"wp:featuredmedia":[{"embeddable":true,"href":"https:\/\/ruishengglassco.com\/pt\/wp-json\/wp\/v2\/media\/4216"}],"wp:attachment":[{"href":"https:\/\/ruishengglassco.com\/pt\/wp-json\/wp\/v2\/media?parent=4215"}],"wp:term":[{"taxonomy":"product_cat","embeddable":true,"href":"https:\/\/ruishengglassco.com\/pt\/wp-json\/wp\/v2\/product_cat?post=4215"}],"curies":[{"name":"wp","href":"https:\/\/api.w.org\/{rel}","templated":true}]}}