{"id":4211,"date":"2025-03-15T09:45:26","date_gmt":"2025-03-15T01:45:26","guid":{"rendered":"https:\/\/ruishengglassco.com\/?post_type=product&#038;p=4211"},"modified":"2025-07-16T16:37:18","modified_gmt":"2025-07-16T08:37:18","slug":"fabricantes-de-garrafas-de-gim-vazias-de-700-ml-rs096","status":"publish","type":"product","link":"https:\/\/ruishengglassco.com\/pt\/produto\/fabricantes-de-garrafas-de-gim-vazias-de-700-ml-rs096","title":{"rendered":"RS096: Fabricantes de garrafas de gim vazias de 700 ml"},"content":{"rendered":"<p><span data-preserver-spaces=\"true\">Como l\u00edder dos fabricantes de garrafas de vidro na China, a Ruisheng tem se concentrado no design e na produ\u00e7\u00e3o de garrafas de vidro desde 2009.  Nossas garrafas de gim vazias de 700 ml <\/span><span data-preserver-spaces=\"true\">s\u00e3o usados principalmente<\/span><span data-preserver-spaces=\"true\"> para embalar produtos alco\u00f3licos. Esta garrafa de gim preta vazia de 700 ml <\/span><span data-preserver-spaces=\"true\">\u00e9 projetado principalmente<\/span><span data-preserver-spaces=\"true\"> para <\/span><span data-preserver-spaces=\"true\">armazenamento<\/span><span data-preserver-spaces=\"true\"> e embalagem de gim.<\/span><\/p>\n<p><span data-preserver-spaces=\"true\">As garrafas de gim de vidro vazias da s\u00e9rie RS-2028 adotam vidros super flint de alta qualidade, o que torna as garrafas de vidro mais transparentes, claras e duras. <\/span><span data-preserver-spaces=\"true\">\u00c9 bem recebido por fabricantes de gim, atacadistas de garrafas de vidro, supermercados, etc.<\/span><\/p>\n<p><span data-preserver-spaces=\"true\">Aqui est\u00e3o as informa\u00e7\u00f5es sobre nossas garrafas de gim vazias para venda. Bem-vindo para iniciar seu pedido no atacado ou a granel!<\/span><\/p>\n<h2><span data-preserver-spaces=\"true\">Sobre os fabricantes de garrafas de gim vazias de 700 ml<\/span><\/h2>\n<ul>\n<li><strong><span data-preserver-spaces=\"true\">Marca:<\/span><\/strong><span data-preserver-spaces=\"true\">\u00a0<\/span><a class=\"editor-rtfLink\" href=\"https:\/\/glassbottlewholesale.com\/about-us\/\" target=\"_blank\" rel=\"noopener\"><span data-preserver-spaces=\"true\">RS<\/span><\/a><\/li>\n<li><strong><span data-preserver-spaces=\"true\">Tamanho da garrafa de gim:<\/span><\/strong><span data-preserver-spaces=\"true\"> Garrafas de licor de 700ml e 750ml (ou pedido personalizado de 50ml a 15ooml)<\/span><\/li>\n<li><strong><span data-preserver-spaces=\"true\">Forma:\u00a0<\/span><\/strong><span data-preserver-spaces=\"true\"> Garrafas de vidro redondas, quadradas, ovais, curvas, em formato de caveira e formatos exclusivos de garrafas de gim. (Servi\u00e7o de garrafa de vidro com formato personalizado dispon\u00edvel)<\/span><\/li>\n<li><strong><span data-preserver-spaces=\"true\">Tipo de veda\u00e7\u00e3o:<\/span><\/strong><span data-preserver-spaces=\"true\"> Tampa de corti\u00e7a, tampa de rosca e tampa Guala seladas<\/span><\/li>\n<li><strong><span data-preserver-spaces=\"true\">MOQ:<\/span><\/strong><span data-preserver-spaces=\"true\"> 1\u00d740HQ (26.000-30000pcs garrafas de 700ml). Oferta de amostra gr\u00e1tis de garrafas de gim vazias.<\/span><\/li>\n<li><span data-preserver-spaces=\"true\">Uma amostra gr\u00e1tis pode ser oferecida<\/span><span data-preserver-spaces=\"true\">.<\/span><\/li>\n<\/ul>\n<p><span data-preserver-spaces=\"true\">Nossa empresa investiu em duas linhas de produ\u00e7\u00e3o das mais avan\u00e7adas m\u00e1quinas 8S totalmente autom\u00e1ticas, tr\u00eas linhas de produ\u00e7\u00e3o de m\u00e1quinas manuais CNC e quatro linhas de produ\u00e7\u00e3o de m\u00e1quinas semiautom\u00e1ticas CNC para a fabrica\u00e7\u00e3o de garrafas de vidro. Ao mesmo tempo em que garantimos o fornecimento de copos Gin em miniatura no atacado, a qualidade tamb\u00e9m \u00e9 garantida.<\/span><\/p>\n<p><span data-preserver-spaces=\"true\">As melhores garrafas de Gin de 700 ml do RS t\u00eam <\/span><span data-preserver-spaces=\"true\">foram exportados<\/span><span data-preserver-spaces=\"true\"> para muitos pa\u00edses, incluindo EUA, Reino Unido, Canad\u00e1, Austr\u00e1lia, Fran\u00e7a, Holanda, Alemanha e B\u00e9lgica. Com um bom suprimento, alta qualidade e pre\u00e7o razo\u00e1vel, eles conquistaram uma s\u00f3lida reputa\u00e7\u00e3o entre nossos clientes.<\/span><\/p>\n<p><span data-preserver-spaces=\"true\">Se voc\u00ea estiver satisfeito com essas garrafas vazias de bebidas alco\u00f3licas para venda, <\/span><span data-preserver-spaces=\"true\">Entre em contato comigo<\/span><span data-preserver-spaces=\"true\"> prontamente.<\/span><span data-preserver-spaces=\"true\"> Se n\u00e3o gostar, pode dar uma olhada em nossas outras garrafas. Ou eu lhe darei o cat\u00e1logo e<\/span> <span data-preserver-spaces=\"true\">voc\u00ea pode escolher o que quer <\/span><span data-preserver-spaces=\"true\">como<\/span><span data-preserver-spaces=\"true\">. <\/span><span data-preserver-spaces=\"true\">Se voc\u00ea estiver interessado em nossas garrafas de gin vazias de 700 ml no atacado, <\/span><span data-preserver-spaces=\"true\">Entre em contato conosco<\/span><span data-preserver-spaces=\"true\">.<\/span><span data-preserver-spaces=\"true\"> Responderemos a voc\u00ea em at\u00e9 24 horas.<\/span><\/p>","protected":false},"excerpt":{"rendered":"<table class=\"tg\">\n<tbody>\n<tr>\n<th class=\"tg-24i8\" colspan=\"2\">Garrafas de gim vazias de 700 ml no atacado<\/th>\n<\/tr>\n<tr>\n<td class=\"tg-b7b8\">Refer\u00eancia:<\/td>\n<td class=\"tg-b7b8\">RS096<\/td>\n<\/tr>\n<tr>\n<td class=\"tg-yw4l\">Material principal:<\/td>\n<td class=\"tg-yw4l\">Vidro com alto teor de flint (esse material tamb\u00e9m \u00e9 chamado de vidro branco cristalino)<\/td>\n<\/tr>\n<tr>\n<td class=\"tg-b7b8\">Bon\u00e9:<\/td>\n<td class=\"tg-b7b8\">Tampa de corti\u00e7a, tampa de rosca e tampa Guala<\/td>\n<\/tr>\n<tr>\n<td class=\"tg-yw4l\">Capacidade:<\/td>\n<td class=\"tg-yw4l\">700ml\/750ml<\/td>\n<\/tr>\n<tr>\n<td class=\"tg-b7b8\">Recurso:<\/td>\n<td class=\"tg-b7b8\">Ecologicamente correto<\/td>\n<\/tr>\n<tr>\n<td class=\"tg-yw4l\">MOQ:<\/td>\n<td class=\"tg-yw4l\">10000 PCS<\/td>\n<\/tr>\n<tr>\n<td class=\"tg-b7b8\">Forma de embalagem:<\/td>\n<td class=\"tg-b7b8\">Caixa padr\u00e3o de exporta\u00e7\u00e3o \/ palete \/ caixa padr\u00e3o de exporta\u00e7\u00e3o e palete<\/td>\n<\/tr>\n<tr>\n<td class=\"tg-yw4l\">OEM\/ODM:<\/td>\n<td class=\"tg-yw4l\">Bem-vindo<\/td>\n<\/tr>\n<tr>\n<td class=\"tg-b7b8\">Origem do local:<\/td>\n<td class=\"tg-b7b8\">Shandong, China<\/td>\n<\/tr>\n<tr>\n<td class=\"tg-yw4l\">Pcs\/Ctn:<\/td>\n<td class=\"tg-yw4l\">24 unidades ou de acordo com a demanda do cliente<\/td>\n<\/tr>\n<\/tbody>\n<\/table>","protected":false},"featured_media":4212,"comment_status":"closed","ping_status":"closed","template":"","meta":[],"product_cat":[44,50],"class_list":{"0":"post-4211","1":"product","2":"type-product","3":"status-publish","4":"has-post-thumbnail","6":"product_cat-700ml-liquor-bottle-manufacturer","7":"product_cat-gin-bottle","9":"first","10":"instock","11":"shipping-taxable","12":"product-type-simple"},"yoast_head":"<!-- This site is optimized with the Yoast SEO plugin v22.0 - https:\/\/yoast.com\/wordpress\/plugins\/seo\/ -->\n<title>700ml Empty Gin Bottles Manufacturers | Best Gin Black Bottles Maker-RS<\/title>\n<meta name=\"description\" content=\"Ruisheng, one of the glass bottle manufacturers in China, provide 700ml empty gin bottles wholesale in a factory price. OEM\/ODM Order Acceptable.\" \/>\n<meta name=\"robots\" content=\"index, follow, max-snippet:-1, max-image-preview:large, max-video-preview:-1\" \/>\n<link rel=\"canonical\" href=\"https:\/\/ruishengglassco.com\/pt\/produto\/fabricantes-de-garrafas-de-gim-vazias-de-700-ml-rs096\" \/>\n<meta property=\"og:locale\" content=\"pt_BR\" \/>\n<meta property=\"og:type\" content=\"article\" \/>\n<meta property=\"og:title\" content=\"700ml Empty Gin Bottles Manufacturers | Best Gin Black Bottles Maker-RS\" \/>\n<meta property=\"og:description\" content=\"Ruisheng, one of the glass bottle manufacturers in China, provide 700ml empty gin bottles wholesale in a factory price. OEM\/ODM Order Acceptable.\" \/>\n<meta property=\"og:url\" content=\"https:\/\/ruishengglassco.com\/pt\/produto\/fabricantes-de-garrafas-de-gim-vazias-de-700-ml-rs096\" \/>\n<meta property=\"article:publisher\" content=\"https:\/\/www.facebook.com\/ruishengglassbottles\" \/>\n<meta property=\"article:modified_time\" content=\"2025-07-16T08:37:18+00:00\" \/>\n<meta property=\"og:image\" content=\"https:\/\/ruishengglassco.com\/wp-content\/uploads\/2025\/03\/RS096-700ml-Empty-Gin-Bottles-Wholesale.webp\" \/>\n\t<meta property=\"og:image:width\" content=\"500\" \/>\n\t<meta property=\"og:image:height\" content=\"500\" \/>\n\t<meta property=\"og:image:type\" content=\"image\/webp\" \/>\n<meta name=\"twitter:card\" content=\"summary_large_image\" \/>\n<meta name=\"twitter:label1\" content=\"Est. tempo de leitura\" \/>\n\t<meta name=\"twitter:data1\" content=\"2 minutos\" \/>\n<script type=\"application\/ld+json\" class=\"yoast-schema-graph\">{\"@context\":\"https:\/\/schema.org\",\"@graph\":[{\"@type\":\"WebPage\",\"@id\":\"https:\/\/ruishengglassco.com\/product\/rs096-700ml-empty-gin-bottles-manufacturers\",\"url\":\"https:\/\/ruishengglassco.com\/product\/rs096-700ml-empty-gin-bottles-manufacturers\",\"name\":\"700ml Empty Gin Bottles Manufacturers | Best Gin Black Bottles Maker-RS\",\"isPartOf\":{\"@id\":\"https:\/\/ruishengglassco.com\/#website\"},\"datePublished\":\"2025-03-15T01:45:26+00:00\",\"dateModified\":\"2025-07-16T08:37:18+00:00\",\"description\":\"Ruisheng, one of the glass bottle manufacturers in China, provide 700ml empty gin bottles wholesale in a factory price. OEM\/ODM Order Acceptable.\",\"breadcrumb\":{\"@id\":\"https:\/\/ruishengglassco.com\/product\/rs096-700ml-empty-gin-bottles-manufacturers#breadcrumb\"},\"inLanguage\":\"pt-BR\",\"potentialAction\":[{\"@type\":\"ReadAction\",\"target\":[\"https:\/\/ruishengglassco.com\/product\/rs096-700ml-empty-gin-bottles-manufacturers\"]}]},{\"@type\":\"BreadcrumbList\",\"@id\":\"https:\/\/ruishengglassco.com\/product\/rs096-700ml-empty-gin-bottles-manufacturers#breadcrumb\",\"itemListElement\":[{\"@type\":\"ListItem\",\"position\":1,\"name\":\"Home\",\"item\":\"https:\/\/ruishengglassco.com\/\"},{\"@type\":\"ListItem\",\"position\":2,\"name\":\"Products\",\"item\":\"https:\/\/ruishengglassco.com\/products\"},{\"@type\":\"ListItem\",\"position\":3,\"name\":\"RS096: 700ml Empty Gin Bottles Manufacturers\"}]},{\"@type\":\"WebSite\",\"@id\":\"https:\/\/ruishengglassco.com\/#website\",\"url\":\"https:\/\/ruishengglassco.com\/\",\"name\":\"Ruisheng Glass\",\"description\":\"\",\"publisher\":{\"@id\":\"https:\/\/ruishengglassco.com\/#organization\"},\"potentialAction\":[{\"@type\":\"SearchAction\",\"target\":{\"@type\":\"EntryPoint\",\"urlTemplate\":\"https:\/\/ruishengglassco.com\/?s={search_term_string}\"},\"query-input\":\"required name=search_term_string\"}],\"inLanguage\":\"pt-BR\"},{\"@type\":\"Organization\",\"@id\":\"https:\/\/ruishengglassco.com\/#organization\",\"name\":\"Shandong Yuncheng Ruisheng Glass Co., Ltd\",\"url\":\"https:\/\/ruishengglassco.com\/\",\"logo\":{\"@type\":\"ImageObject\",\"inLanguage\":\"pt-BR\",\"@id\":\"https:\/\/ruishengglassco.com\/#\/schema\/logo\/image\/\",\"url\":\"https:\/\/ruishengglassco.com\/wp-content\/uploads\/2023\/09\/ruisheng_logo_icon.webp\",\"contentUrl\":\"https:\/\/ruishengglassco.com\/wp-content\/uploads\/2023\/09\/ruisheng_logo_icon.webp\",\"width\":400,\"height\":233,\"caption\":\"Shandong Yuncheng Ruisheng Glass Co., Ltd\"},\"image\":{\"@id\":\"https:\/\/ruishengglassco.com\/#\/schema\/logo\/image\/\"},\"sameAs\":[\"https:\/\/www.facebook.com\/ruishengglassbottles\",\"https:\/\/www.instagram.com\/Ruishengglassbottlewholesales\/\",\"https:\/\/www.youtube.com\/channel\/UCMmbMNGwsL-XrtjfSFLCdVQ\"]}]}<\/script>\n<!-- \/ Yoast SEO plugin. -->","yoast_head_json":{"title":"700ml Empty Gin Bottles Manufacturers | Best Gin Black Bottles Maker-RS","description":"Ruisheng, one of the glass bottle manufacturers in China, provide 700ml empty gin bottles wholesale in a factory price. OEM\/ODM Order Acceptable.","robots":{"index":"index","follow":"follow","max-snippet":"max-snippet:-1","max-image-preview":"max-image-preview:large","max-video-preview":"max-video-preview:-1"},"canonical":"https:\/\/ruishengglassco.com\/pt\/produto\/fabricantes-de-garrafas-de-gim-vazias-de-700-ml-rs096","og_locale":"pt_BR","og_type":"article","og_title":"700ml Empty Gin Bottles Manufacturers | Best Gin Black Bottles Maker-RS","og_description":"Ruisheng, one of the glass bottle manufacturers in China, provide 700ml empty gin bottles wholesale in a factory price. OEM\/ODM Order Acceptable.","og_url":"https:\/\/ruishengglassco.com\/pt\/produto\/fabricantes-de-garrafas-de-gim-vazias-de-700-ml-rs096","article_publisher":"https:\/\/www.facebook.com\/ruishengglassbottles","article_modified_time":"2025-07-16T08:37:18+00:00","og_image":[{"width":500,"height":500,"url":"https:\/\/ruishengglassco.com\/wp-content\/uploads\/2025\/03\/RS096-700ml-Empty-Gin-Bottles-Wholesale.webp","type":"image\/webp"}],"twitter_card":"summary_large_image","twitter_misc":{"Est. tempo de leitura":"2 minutos"},"schema":{"@context":"https:\/\/schema.org","@graph":[{"@type":"WebPage","@id":"https:\/\/ruishengglassco.com\/product\/rs096-700ml-empty-gin-bottles-manufacturers","url":"https:\/\/ruishengglassco.com\/product\/rs096-700ml-empty-gin-bottles-manufacturers","name":"700ml Empty Gin Bottles Manufacturers | Best Gin Black Bottles Maker-RS","isPartOf":{"@id":"https:\/\/ruishengglassco.com\/#website"},"datePublished":"2025-03-15T01:45:26+00:00","dateModified":"2025-07-16T08:37:18+00:00","description":"Ruisheng, one of the glass bottle manufacturers in China, provide 700ml empty gin bottles wholesale in a factory price. OEM\/ODM Order Acceptable.","breadcrumb":{"@id":"https:\/\/ruishengglassco.com\/product\/rs096-700ml-empty-gin-bottles-manufacturers#breadcrumb"},"inLanguage":"pt-BR","potentialAction":[{"@type":"ReadAction","target":["https:\/\/ruishengglassco.com\/product\/rs096-700ml-empty-gin-bottles-manufacturers"]}]},{"@type":"BreadcrumbList","@id":"https:\/\/ruishengglassco.com\/product\/rs096-700ml-empty-gin-bottles-manufacturers#breadcrumb","itemListElement":[{"@type":"ListItem","position":1,"name":"Home","item":"https:\/\/ruishengglassco.com\/"},{"@type":"ListItem","position":2,"name":"Products","item":"https:\/\/ruishengglassco.com\/products"},{"@type":"ListItem","position":3,"name":"RS096: 700ml Empty Gin Bottles Manufacturers"}]},{"@type":"WebSite","@id":"https:\/\/ruishengglassco.com\/#website","url":"https:\/\/ruishengglassco.com\/","name":"Ruisheng Glass","description":"","publisher":{"@id":"https:\/\/ruishengglassco.com\/#organization"},"potentialAction":[{"@type":"SearchAction","target":{"@type":"EntryPoint","urlTemplate":"https:\/\/ruishengglassco.com\/?s={search_term_string}"},"query-input":"required name=search_term_string"}],"inLanguage":"pt-BR"},{"@type":"Organization","@id":"https:\/\/ruishengglassco.com\/#organization","name":"Shandong Yuncheng Ruisheng Glass Co., Ltd","url":"https:\/\/ruishengglassco.com\/","logo":{"@type":"ImageObject","inLanguage":"pt-BR","@id":"https:\/\/ruishengglassco.com\/#\/schema\/logo\/image\/","url":"https:\/\/ruishengglassco.com\/wp-content\/uploads\/2023\/09\/ruisheng_logo_icon.webp","contentUrl":"https:\/\/ruishengglassco.com\/wp-content\/uploads\/2023\/09\/ruisheng_logo_icon.webp","width":400,"height":233,"caption":"Shandong Yuncheng Ruisheng Glass Co., Ltd"},"image":{"@id":"https:\/\/ruishengglassco.com\/#\/schema\/logo\/image\/"},"sameAs":["https:\/\/www.facebook.com\/ruishengglassbottles","https:\/\/www.instagram.com\/Ruishengglassbottlewholesales\/","https:\/\/www.youtube.com\/channel\/UCMmbMNGwsL-XrtjfSFLCdVQ"]}]}},"_links":{"self":[{"href":"https:\/\/ruishengglassco.com\/pt\/wp-json\/wp\/v2\/product\/4211","targetHints":{"allow":["GET"]}}],"collection":[{"href":"https:\/\/ruishengglassco.com\/pt\/wp-json\/wp\/v2\/product"}],"about":[{"href":"https:\/\/ruishengglassco.com\/pt\/wp-json\/wp\/v2\/types\/product"}],"replies":[{"embeddable":true,"href":"https:\/\/ruishengglassco.com\/pt\/wp-json\/wp\/v2\/comments?post=4211"}],"wp:featuredmedia":[{"embeddable":true,"href":"https:\/\/ruishengglassco.com\/pt\/wp-json\/wp\/v2\/media\/4212"}],"wp:attachment":[{"href":"https:\/\/ruishengglassco.com\/pt\/wp-json\/wp\/v2\/media?parent=4211"}],"wp:term":[{"taxonomy":"product_cat","embeddable":true,"href":"https:\/\/ruishengglassco.com\/pt\/wp-json\/wp\/v2\/product_cat?post=4211"}],"curies":[{"name":"wp","href":"https:\/\/api.w.org\/{rel}","templated":true}]}}