{"id":4194,"date":"2025-03-15T09:32:03","date_gmt":"2025-03-15T01:32:03","guid":{"rendered":"https:\/\/ruishengglassco.com\/?post_type=product&#038;p=4194"},"modified":"2025-09-12T09:00:35","modified_gmt":"2025-09-12T01:00:35","slug":"rs0971000ml-fornecedor-de-garrafas-de-vidro-transparente-com-rolhas","status":"publish","type":"product","link":"https:\/\/ruishengglassco.com\/pt\/produto\/rs0971000ml-fornecedor-de-garrafas-de-vidro-transparente-com-rolhas","title":{"rendered":"RS097:Fornecedor de frascos de vidro transparente de 1000 ml com tampa"},"content":{"rendered":"<p><span data-preserver-spaces=\"true\">As m\u00e1quinas CNC mais avan\u00e7adas <\/span><span data-preserver-spaces=\"true\">fazer<\/span><span data-preserver-spaces=\"true\"> essas garrafas de vidro transparente de 1000 ml no atacado.<\/span><span data-preserver-spaces=\"true\"> Normalmente, usamos essas m\u00e1quinas para produzir garrafas de vidro de alta qualidade. Nossas garrafas de vidro transparente no atacado <\/span><span data-preserver-spaces=\"true\">s\u00e3o feitas<\/span><span data-preserver-spaces=\"true\"> de vidro de alta qualidade. Essa garrafa de vidro com rolha \u00e9 muito macia e <\/span><span data-preserver-spaces=\"true\">claro<\/span><span data-preserver-spaces=\"true\">.<\/span><\/p>\n<p><span data-preserver-spaces=\"true\">Essa garrafa de vidro para bebidas alco\u00f3licas de 1 litro \u00e9 redonda e seu tipo de veda\u00e7\u00e3o \u00e9 a rolha. <\/span><span data-preserver-spaces=\"true\">N\u00f3s <\/span><span data-preserver-spaces=\"true\">pode<\/span><span data-preserver-spaces=\"true\"> oferta <\/span><span data-preserver-spaces=\"true\">diferente<\/span><span data-preserver-spaces=\"true\"> cores e <\/span><span data-preserver-spaces=\"true\">diferente<\/span><span data-preserver-spaces=\"true\"> materiais <\/span><span data-preserver-spaces=\"true\">de<\/span> <span data-preserver-spaces=\"true\">corti\u00e7a, <\/span><span data-preserver-spaces=\"true\">tais como<\/span><span data-preserver-spaces=\"true\"> bon\u00e9s preto\/dourado\/prata com <\/span><span data-preserver-spaces=\"true\">alto teor de pol\u00edmero<\/span><span data-preserver-spaces=\"true\"> corti\u00e7a, tampas pretas com corti\u00e7a complexa, tampas pretas com corti\u00e7a de madeira, tampas de madeira <\/span><span data-preserver-spaces=\"true\">e<\/span><span data-preserver-spaces=\"true\"> corti\u00e7a de madeira e outras rolhas.<\/span><\/p>\n<h2><span data-preserver-spaces=\"true\">Informa\u00e7\u00f5es sobre o fornecedor de garrafas de vidro transparente de 1000 ml<\/span><\/h2>\n<ul>\n<li><span data-preserver-spaces=\"true\">Principal<\/span><span data-preserver-spaces=\"true\"> Material: branco cristal \/ vidro de alto brilho<\/span><\/li>\n<li><span data-preserver-spaces=\"true\">Tampa: Blackcap com corti\u00e7a de alto pol\u00edmero<\/span><\/li>\n<li><span data-preserver-spaces=\"true\">Refer\u00eancia: RS097<\/span><\/li>\n<li><span data-preserver-spaces=\"true\">MOQ: 10000 PCS<\/span><\/li>\n<li><span data-preserver-spaces=\"true\">Capacidade: 1000 ml<\/span><\/li>\n<li><span data-preserver-spaces=\"true\">Pcs\/Ctn: 24pcs ou de acordo com a demanda do cliente<\/span><\/li>\n<li><span data-preserver-spaces=\"true\">Origem do local: Shandong, China<\/span><\/li>\n<li><span data-preserver-spaces=\"true\">Caracter\u00edstica: Ecologicamente correto e reutiliz\u00e1vel<\/span><\/li>\n<\/ul>\n<p><span data-preserver-spaces=\"true\">Se voc\u00ea preferir outro tipo de veda\u00e7\u00e3o para essas garrafas de vidro de 1000 ml, podemos fornec\u00ea-las com uma tampa de rosca. Se precisar de garrafas de vidro personalizadas, n\u00e3o hesite em entrar em contato conosco. Podemos aceitar pedidos de OEM ou ODM. <\/span><span data-preserver-spaces=\"true\">Nosso <\/span><span data-preserver-spaces=\"true\">opera\u00e7\u00e3o<\/span><span data-preserver-spaces=\"true\"> princ\u00edpio \u00e9 <\/span><span data-preserver-spaces=\"true\">de<\/span><span data-preserver-spaces=\"true\"> alta qualidade e alta defini\u00e7\u00e3o.<\/span><span data-preserver-spaces=\"true\"> H\u00e1 quatro linhas de produ\u00e7\u00e3o para as m\u00e1quinas manuais CNC para a produ\u00e7\u00e3o de garrafas de vidro branco cristal e dois conjuntos de m\u00e1quinas IS totalmente autom\u00e1ticas para a fabrica\u00e7\u00e3o de garrafas de vidro branco alto.<\/span><\/p>\n<p><span data-preserver-spaces=\"true\">Esses <\/span><span data-preserver-spaces=\"true\">1 litro<\/span><span data-preserver-spaces=\"true\"> garrafas de vidro com lata de corti\u00e7a <\/span><span data-preserver-spaces=\"true\">ser usado<\/span><span data-preserver-spaces=\"true\"> como garrafas de licor, garrafas de chiclete e outras garrafas de bebidas. Podemos garantir que todas as nossas garrafas sejam atraentes e tenham pre\u00e7os competitivos em termos de qualidade. Nossos principais mercados incluem a Europa, os EUA, a Austr\u00e1lia e outros. E todos os produtos gozam de grande reputa\u00e7\u00e3o em termos de inova\u00e7\u00e3o e funcionalidade.<\/span><\/p>\n<p><span data-preserver-spaces=\"true\">Se estiver interessado em nossas garrafas de vidro transparente de 1000 ml para atacado ou em comprar garrafas de bebidas alco\u00f3licas a granel, n\u00e3o hesite em entrar em contato conosco e faremos o poss\u00edvel para ajud\u00e1-lo.<\/span><\/p>","protected":false},"excerpt":{"rendered":"<table class=\"tg\">\n<tbody>\n<tr>\n<th class=\"tg-24i8\" colspan=\"2\">Garrafa de vidro transparente de 1000 ml com rolha Atacado<\/th>\n<\/tr>\n<tr>\n<td class=\"tg-b7b8\">Refer\u00eancia:<\/td>\n<td class=\"tg-b7b8\">RS097<\/td>\n<\/tr>\n<tr>\n<td class=\"tg-yw4l\">Material principal:<\/td>\n<td class=\"tg-yw4l\">vidro branco cristal \/ high flint<\/td>\n<\/tr>\n<tr>\n<td class=\"tg-b7b8\">Bon\u00e9:<\/td>\n<td class=\"tg-b7b8\">Tampa preta com rolha de alto pol\u00edmero<\/td>\n<\/tr>\n<tr>\n<td class=\"tg-yw4l\">Capacidade:<\/td>\n<td class=\"tg-yw4l\">1000ml<\/td>\n<\/tr>\n<tr>\n<td class=\"tg-b7b8\">Recurso:<\/td>\n<td class=\"tg-b7b8\">Ecologicamente correto<\/td>\n<\/tr>\n<tr>\n<td class=\"tg-yw4l\">MOQ:<\/td>\n<td class=\"tg-yw4l\">10000 PCS<\/td>\n<\/tr>\n<tr>\n<td class=\"tg-b7b8\">Forma de embalagem:<\/td>\n<td class=\"tg-b7b8\">Caixa padr\u00e3o de exporta\u00e7\u00e3o \/ palete \/ caixa padr\u00e3o de exporta\u00e7\u00e3o e palete<\/td>\n<\/tr>\n<tr>\n<td class=\"tg-yw4l\">OEM\/ODM:<\/td>\n<td class=\"tg-yw4l\">Bem-vindo<\/td>\n<\/tr>\n<tr>\n<td class=\"tg-b7b8\">Origem do local:<\/td>\n<td class=\"tg-b7b8\">Shandong, China<\/td>\n<\/tr>\n<tr>\n<td class=\"tg-yw4l\">Pcs\/Ctn:<\/td>\n<td class=\"tg-yw4l\">24 unidades ou de acordo com a demanda do cliente<\/td>\n<\/tr>\n<\/tbody>\n<\/table>","protected":false},"featured_media":4195,"comment_status":"closed","ping_status":"closed","template":"","meta":[],"product_cat":[50],"class_list":{"0":"post-4194","1":"product","2":"type-product","3":"status-publish","4":"has-post-thumbnail","6":"product_cat-gin-bottle","8":"first","9":"instock","10":"shipping-taxable","11":"product-type-simple"},"yoast_head":"<!-- This site is optimized with the Yoast SEO plugin v22.0 - https:\/\/yoast.com\/wordpress\/plugins\/seo\/ -->\n<title>1000ml Clear Glass Bottles Supplier | China Liquor Bottle Manufacturer<\/title>\n<meta name=\"description\" content=\"Ruisheng, one of best China Liquor Bottle Manufacturer, sales bulk 1000ml clear glass bottles wholesale for spirit. Factory Outlet&amp;Quality Assurance.\" \/>\n<meta name=\"robots\" content=\"index, follow, max-snippet:-1, max-image-preview:large, max-video-preview:-1\" \/>\n<link rel=\"canonical\" href=\"https:\/\/ruishengglassco.com\/pt\/produto\/rs0971000ml-fornecedor-de-garrafas-de-vidro-transparente-com-rolhas\" \/>\n<meta property=\"og:locale\" content=\"pt_BR\" \/>\n<meta property=\"og:type\" content=\"article\" \/>\n<meta property=\"og:title\" content=\"1000ml Clear Glass Bottles Supplier | China Liquor Bottle Manufacturer\" \/>\n<meta property=\"og:description\" content=\"Ruisheng, one of best China Liquor Bottle Manufacturer, sales bulk 1000ml clear glass bottles wholesale for spirit. Factory Outlet&amp;Quality Assurance.\" \/>\n<meta property=\"og:url\" content=\"https:\/\/ruishengglassco.com\/pt\/produto\/rs0971000ml-fornecedor-de-garrafas-de-vidro-transparente-com-rolhas\" \/>\n<meta property=\"article:publisher\" content=\"https:\/\/www.facebook.com\/ruishengglassbottles\" \/>\n<meta property=\"article:modified_time\" content=\"2025-09-12T01:00:35+00:00\" \/>\n<meta property=\"og:image\" content=\"https:\/\/ruishengglassco.com\/wp-content\/uploads\/2025\/03\/RS097-1000ml-Clear-Glass-Bottles-Wholesale-With-Stoppers.webp\" \/>\n\t<meta property=\"og:image:width\" content=\"800\" \/>\n\t<meta property=\"og:image:height\" content=\"800\" \/>\n\t<meta property=\"og:image:type\" content=\"image\/webp\" \/>\n<meta name=\"twitter:card\" content=\"summary_large_image\" \/>\n<meta name=\"twitter:label1\" content=\"Est. tempo de leitura\" \/>\n\t<meta name=\"twitter:data1\" content=\"2 minutos\" \/>\n<script type=\"application\/ld+json\" class=\"yoast-schema-graph\">{\"@context\":\"https:\/\/schema.org\",\"@graph\":[{\"@type\":\"WebPage\",\"@id\":\"https:\/\/ruishengglassco.com\/product\/rs0971000ml-clear-glass-bottles-supplier-with-stoppers\",\"url\":\"https:\/\/ruishengglassco.com\/product\/rs0971000ml-clear-glass-bottles-supplier-with-stoppers\",\"name\":\"1000ml Clear Glass Bottles Supplier | China Liquor Bottle Manufacturer\",\"isPartOf\":{\"@id\":\"https:\/\/ruishengglassco.com\/#website\"},\"datePublished\":\"2025-03-15T01:32:03+00:00\",\"dateModified\":\"2025-09-12T01:00:35+00:00\",\"description\":\"Ruisheng, one of best China Liquor Bottle Manufacturer, sales bulk 1000ml clear glass bottles wholesale for spirit. Factory Outlet&Quality Assurance.\",\"breadcrumb\":{\"@id\":\"https:\/\/ruishengglassco.com\/product\/rs0971000ml-clear-glass-bottles-supplier-with-stoppers#breadcrumb\"},\"inLanguage\":\"pt-BR\",\"potentialAction\":[{\"@type\":\"ReadAction\",\"target\":[\"https:\/\/ruishengglassco.com\/product\/rs0971000ml-clear-glass-bottles-supplier-with-stoppers\"]}]},{\"@type\":\"BreadcrumbList\",\"@id\":\"https:\/\/ruishengglassco.com\/product\/rs0971000ml-clear-glass-bottles-supplier-with-stoppers#breadcrumb\",\"itemListElement\":[{\"@type\":\"ListItem\",\"position\":1,\"name\":\"Home\",\"item\":\"https:\/\/ruishengglassco.com\/\"},{\"@type\":\"ListItem\",\"position\":2,\"name\":\"Products\",\"item\":\"https:\/\/ruishengglassco.com\/products\"},{\"@type\":\"ListItem\",\"position\":3,\"name\":\"RS097:1000ml Clear Glass Bottles Supplier With Stoppers\"}]},{\"@type\":\"WebSite\",\"@id\":\"https:\/\/ruishengglassco.com\/#website\",\"url\":\"https:\/\/ruishengglassco.com\/\",\"name\":\"Ruisheng Glass\",\"description\":\"\",\"publisher\":{\"@id\":\"https:\/\/ruishengglassco.com\/#organization\"},\"potentialAction\":[{\"@type\":\"SearchAction\",\"target\":{\"@type\":\"EntryPoint\",\"urlTemplate\":\"https:\/\/ruishengglassco.com\/?s={search_term_string}\"},\"query-input\":\"required name=search_term_string\"}],\"inLanguage\":\"pt-BR\"},{\"@type\":\"Organization\",\"@id\":\"https:\/\/ruishengglassco.com\/#organization\",\"name\":\"Shandong Yuncheng Ruisheng Glass Co., Ltd\",\"url\":\"https:\/\/ruishengglassco.com\/\",\"logo\":{\"@type\":\"ImageObject\",\"inLanguage\":\"pt-BR\",\"@id\":\"https:\/\/ruishengglassco.com\/#\/schema\/logo\/image\/\",\"url\":\"https:\/\/ruishengglassco.com\/wp-content\/uploads\/2023\/09\/ruisheng_logo_icon.webp\",\"contentUrl\":\"https:\/\/ruishengglassco.com\/wp-content\/uploads\/2023\/09\/ruisheng_logo_icon.webp\",\"width\":400,\"height\":233,\"caption\":\"Shandong Yuncheng Ruisheng Glass Co., Ltd\"},\"image\":{\"@id\":\"https:\/\/ruishengglassco.com\/#\/schema\/logo\/image\/\"},\"sameAs\":[\"https:\/\/www.facebook.com\/ruishengglassbottles\",\"https:\/\/www.instagram.com\/Ruishengglassbottlewholesales\/\",\"https:\/\/www.youtube.com\/channel\/UCMmbMNGwsL-XrtjfSFLCdVQ\"]}]}<\/script>\n<!-- \/ Yoast SEO plugin. -->","yoast_head_json":{"title":"1000ml Clear Glass Bottles Supplier | China Liquor Bottle Manufacturer","description":"Ruisheng, one of best China Liquor Bottle Manufacturer, sales bulk 1000ml clear glass bottles wholesale for spirit. Factory Outlet&Quality Assurance.","robots":{"index":"index","follow":"follow","max-snippet":"max-snippet:-1","max-image-preview":"max-image-preview:large","max-video-preview":"max-video-preview:-1"},"canonical":"https:\/\/ruishengglassco.com\/pt\/produto\/rs0971000ml-fornecedor-de-garrafas-de-vidro-transparente-com-rolhas","og_locale":"pt_BR","og_type":"article","og_title":"1000ml Clear Glass Bottles Supplier | China Liquor Bottle Manufacturer","og_description":"Ruisheng, one of best China Liquor Bottle Manufacturer, sales bulk 1000ml clear glass bottles wholesale for spirit. Factory Outlet&Quality Assurance.","og_url":"https:\/\/ruishengglassco.com\/pt\/produto\/rs0971000ml-fornecedor-de-garrafas-de-vidro-transparente-com-rolhas","article_publisher":"https:\/\/www.facebook.com\/ruishengglassbottles","article_modified_time":"2025-09-12T01:00:35+00:00","og_image":[{"width":800,"height":800,"url":"https:\/\/ruishengglassco.com\/wp-content\/uploads\/2025\/03\/RS097-1000ml-Clear-Glass-Bottles-Wholesale-With-Stoppers.webp","type":"image\/webp"}],"twitter_card":"summary_large_image","twitter_misc":{"Est. tempo de leitura":"2 minutos"},"schema":{"@context":"https:\/\/schema.org","@graph":[{"@type":"WebPage","@id":"https:\/\/ruishengglassco.com\/product\/rs0971000ml-clear-glass-bottles-supplier-with-stoppers","url":"https:\/\/ruishengglassco.com\/product\/rs0971000ml-clear-glass-bottles-supplier-with-stoppers","name":"1000ml Clear Glass Bottles Supplier | China Liquor Bottle Manufacturer","isPartOf":{"@id":"https:\/\/ruishengglassco.com\/#website"},"datePublished":"2025-03-15T01:32:03+00:00","dateModified":"2025-09-12T01:00:35+00:00","description":"Ruisheng, one of best China Liquor Bottle Manufacturer, sales bulk 1000ml clear glass bottles wholesale for spirit. Factory Outlet&Quality Assurance.","breadcrumb":{"@id":"https:\/\/ruishengglassco.com\/product\/rs0971000ml-clear-glass-bottles-supplier-with-stoppers#breadcrumb"},"inLanguage":"pt-BR","potentialAction":[{"@type":"ReadAction","target":["https:\/\/ruishengglassco.com\/product\/rs0971000ml-clear-glass-bottles-supplier-with-stoppers"]}]},{"@type":"BreadcrumbList","@id":"https:\/\/ruishengglassco.com\/product\/rs0971000ml-clear-glass-bottles-supplier-with-stoppers#breadcrumb","itemListElement":[{"@type":"ListItem","position":1,"name":"Home","item":"https:\/\/ruishengglassco.com\/"},{"@type":"ListItem","position":2,"name":"Products","item":"https:\/\/ruishengglassco.com\/products"},{"@type":"ListItem","position":3,"name":"RS097:1000ml Clear Glass Bottles Supplier With Stoppers"}]},{"@type":"WebSite","@id":"https:\/\/ruishengglassco.com\/#website","url":"https:\/\/ruishengglassco.com\/","name":"Ruisheng Glass","description":"","publisher":{"@id":"https:\/\/ruishengglassco.com\/#organization"},"potentialAction":[{"@type":"SearchAction","target":{"@type":"EntryPoint","urlTemplate":"https:\/\/ruishengglassco.com\/?s={search_term_string}"},"query-input":"required name=search_term_string"}],"inLanguage":"pt-BR"},{"@type":"Organization","@id":"https:\/\/ruishengglassco.com\/#organization","name":"Shandong Yuncheng Ruisheng Glass Co., Ltd","url":"https:\/\/ruishengglassco.com\/","logo":{"@type":"ImageObject","inLanguage":"pt-BR","@id":"https:\/\/ruishengglassco.com\/#\/schema\/logo\/image\/","url":"https:\/\/ruishengglassco.com\/wp-content\/uploads\/2023\/09\/ruisheng_logo_icon.webp","contentUrl":"https:\/\/ruishengglassco.com\/wp-content\/uploads\/2023\/09\/ruisheng_logo_icon.webp","width":400,"height":233,"caption":"Shandong Yuncheng Ruisheng Glass Co., Ltd"},"image":{"@id":"https:\/\/ruishengglassco.com\/#\/schema\/logo\/image\/"},"sameAs":["https:\/\/www.facebook.com\/ruishengglassbottles","https:\/\/www.instagram.com\/Ruishengglassbottlewholesales\/","https:\/\/www.youtube.com\/channel\/UCMmbMNGwsL-XrtjfSFLCdVQ"]}]}},"_links":{"self":[{"href":"https:\/\/ruishengglassco.com\/pt\/wp-json\/wp\/v2\/product\/4194","targetHints":{"allow":["GET"]}}],"collection":[{"href":"https:\/\/ruishengglassco.com\/pt\/wp-json\/wp\/v2\/product"}],"about":[{"href":"https:\/\/ruishengglassco.com\/pt\/wp-json\/wp\/v2\/types\/product"}],"replies":[{"embeddable":true,"href":"https:\/\/ruishengglassco.com\/pt\/wp-json\/wp\/v2\/comments?post=4194"}],"wp:featuredmedia":[{"embeddable":true,"href":"https:\/\/ruishengglassco.com\/pt\/wp-json\/wp\/v2\/media\/4195"}],"wp:attachment":[{"href":"https:\/\/ruishengglassco.com\/pt\/wp-json\/wp\/v2\/media?parent=4194"}],"wp:term":[{"taxonomy":"product_cat","embeddable":true,"href":"https:\/\/ruishengglassco.com\/pt\/wp-json\/wp\/v2\/product_cat?post=4194"}],"curies":[{"name":"wp","href":"https:\/\/api.w.org\/{rel}","templated":true}]}}