{"id":4192,"date":"2025-03-15T09:23:51","date_gmt":"2025-03-15T01:23:51","guid":{"rendered":"https:\/\/ruishengglassco.com\/?post_type=product&#038;p=4192"},"modified":"2025-09-11T16:19:37","modified_gmt":"2025-09-11T08:19:37","slug":"rs09850cl-garrafas-de-vidro-redondas-boston-no-atacado","status":"publish","type":"product","link":"https:\/\/ruishengglassco.com\/pt\/produto\/rs09850cl-garrafas-de-vidro-redondas-boston-no-atacado","title":{"rendered":"RS098:Fabricantes de garrafas de vidro redondas Boston de 50cl"},"content":{"rendered":"<p><span data-preserver-spaces=\"true\">As garrafas de vidro redondas Boston de 50cl <\/span><span data-preserver-spaces=\"true\">s\u00e3o fabricados<\/span><span data-preserver-spaces=\"true\"> em vidro de alta qualidade da China para venda no atacado. Essas garrafas de licor baratas no atacado <\/span><span data-preserver-spaces=\"true\">s\u00e3o usados<\/span><span data-preserver-spaces=\"true\"> para armazenar vodca, u\u00edsque, licor, bebidas e outros l\u00edquidos.<\/span><\/p>\n<p><span data-preserver-spaces=\"true\">Nossa f\u00e1brica, Shandong Yuncheng Ruisheng Glass Co., Ltd., est\u00e1 situada no condado de Yuncheng, conhecido por sua experi\u00eancia em embalagens de bebidas alco\u00f3licas. Nossa f\u00e1brica pode oferecer uma gama de servi\u00e7os, desde a produ\u00e7\u00e3o de garrafas de vidro transparente at\u00e9 o processamento profundo das garrafas.<\/span><\/p>\n<p><span data-preserver-spaces=\"true\">Existem<\/span><span data-preserver-spaces=\"true\"> 12 linhas de produ\u00e7\u00e3o para <\/span><span data-preserver-spaces=\"true\">o<\/span><span data-preserver-spaces=\"true\"> garrafas de vidro <\/span><span data-preserver-spaces=\"true\">em nossa f\u00e1brica<\/span><span data-preserver-spaces=\"true\">, ambos totalmente autom\u00e1ticos <\/span><span data-preserver-spaces=\"true\">m\u00e1quinas<\/span><span data-preserver-spaces=\"true\"> e m\u00e1quinas semiautom\u00e1ticas.<\/span><span data-preserver-spaces=\"true\"> Nossa produ\u00e7\u00e3o di\u00e1ria \u00e9 de cerca de 120.000 pe\u00e7as. Independentemente do n\u00famero de garrafas de vidro para bebidas alco\u00f3licas que voc\u00ea pedir, podemos termin\u00e1-las no prazo. Nossa f\u00e1brica tem mais de 500 funcion\u00e1rios e um grupo de QC e designers qualificados. <\/span><span data-preserver-spaces=\"true\">Podemos projetar e <\/span><span data-preserver-spaces=\"true\">fazer o<\/span><span data-preserver-spaces=\"true\"> garrafas de vidro personalizadas ap\u00f3s <\/span><span data-preserver-spaces=\"true\">obtendo<\/span><span data-preserver-spaces=\"true\"> sua foto ou ideia.<\/span><\/p>\n<h2><span data-preserver-spaces=\"true\">Os detalhes das garrafas de vidro redondas Boston de 50cl<\/span><\/h2>\n<p><span data-preserver-spaces=\"true\">Essas garrafas de vidro redondas de 50cl Boston para atacado <\/span><span data-preserver-spaces=\"true\">s\u00e3o feitas<\/span><span data-preserver-spaces=\"true\"> de vidro flint de alta qualidade. Esse material \u00e9 a melhor qualidade para o uso di\u00e1rio de garrafas de vidro. <\/span><span data-preserver-spaces=\"true\">O peso dessa garrafa de vidro \u00e9 de 580 \u00b1 10g, e sua capacidade \u00e9 de 520 \u00b1 10g. <\/span><span data-preserver-spaces=\"true\">10 ml<\/span><span data-preserver-spaces=\"true\">.<\/span><span data-preserver-spaces=\"true\"> O tamanho da garrafa de vidro \u00e9 de 84,2x 192,2 mm. <\/span><span data-preserver-spaces=\"true\">Seu di\u00e2metro \u00e9 <\/span><span data-preserver-spaces=\"true\">84,2 mm<\/span><span data-preserver-spaces=\"true\">e sua altura \u00e9 <\/span><span data-preserver-spaces=\"true\">192,2 mm<\/span><span data-preserver-spaces=\"true\">.<\/span><span data-preserver-spaces=\"true\"> E a espessura da parte inferior \u00e9 de 19\u00b12 mm.<\/span><\/p>\n<h2><span data-preserver-spaces=\"true\">O prazo de entrega dessas garrafas de licor baratas dos fabricantes<\/span><\/h2>\n<p><span data-preserver-spaces=\"true\">Garrafas de vidro em estoque<\/span><\/p>\n<p><span data-preserver-spaces=\"true\">Podemos envi\u00e1-los imediatamente. E o tempo de chegada depende do tempo de tr\u00e2nsito at\u00e9 o destino final.<\/span><\/p>\n<p><span data-preserver-spaces=\"true\">O molde existente das garrafas de vidro<\/span><\/p>\n<p><span data-preserver-spaces=\"true\">Essas garrafas de vidro ser\u00e3o enviadas<\/span><span data-preserver-spaces=\"true\"> dentro de 20 a 30 dias. E o tempo de chegada depende do tempo de tr\u00e2nsito at\u00e9 o destino final.<\/span><\/p>\n<p><span data-preserver-spaces=\"true\">As garrafas de vidro personalizadas<\/span><\/p>\n<p><span data-preserver-spaces=\"true\">O tempo de moldagem \u00e9 de cerca de 15 a 20 dias, e o tempo de entrega para a produ\u00e7\u00e3o em massa \u00e9 de cerca de 20 a 30 dias, o que <\/span><span data-preserver-spaces=\"true\">\u00e9 baseado<\/span><span data-preserver-spaces=\"true\"> em nossa programa\u00e7\u00e3o de fabrica\u00e7\u00e3o. O tempo de chegada depende do tempo de tr\u00e2nsito at\u00e9 o destino final.<\/span><\/p>\n<p><span data-preserver-spaces=\"true\">Se quiser comprar garrafas de vidro redondas Boston de 50cl ou garrafas de vidro no atacado, entre em contato conosco por meio do contato do nosso site<\/span><span data-preserver-spaces=\"true\"> forma, e<\/span><span data-preserver-spaces=\"true\"> responderemos o mais breve poss\u00edvel.<\/span><\/p>","protected":false},"excerpt":{"rendered":"<p>Se estiver interessado em nossas garrafas de vidro Boston de 500 ml, entre em contato conosco. Responderemos dentro de 24 horas.<\/p>","protected":false},"featured_media":4193,"comment_status":"closed","ping_status":"closed","template":"","meta":[],"product_cat":[41,50],"class_list":{"0":"post-4192","1":"product","2":"type-product","3":"status-publish","4":"has-post-thumbnail","6":"product_cat-500ml-liquor-bottle-manufacturer","7":"product_cat-gin-bottle","9":"first","10":"instock","11":"shipping-taxable","12":"product-type-simple"},"yoast_head":"<!-- This site is optimized with the Yoast SEO plugin v22.0 - https:\/\/yoast.com\/wordpress\/plugins\/seo\/ -->\n<title>Cheap Liquor Bottles Manufacturers | 50cl Boston Round Glass Bottles Bulk<\/title>\n<meta name=\"description\" content=\"Want To Buy Cheap Liquor Bottles Wholesale? Click here to know 50cl Boston Round Glass Bottles Bulk From China Liquor Bottle Manufacturing Factory.\" \/>\n<meta name=\"robots\" content=\"index, follow, max-snippet:-1, max-image-preview:large, max-video-preview:-1\" \/>\n<link rel=\"canonical\" href=\"https:\/\/ruishengglassco.com\/pt\/produto\/rs09850cl-garrafas-de-vidro-redondas-boston-no-atacado\" \/>\n<meta property=\"og:locale\" content=\"pt_BR\" \/>\n<meta property=\"og:type\" content=\"article\" \/>\n<meta property=\"og:title\" content=\"Cheap Liquor Bottles Manufacturers | 50cl Boston Round Glass Bottles Bulk\" \/>\n<meta property=\"og:description\" content=\"Want To Buy Cheap Liquor Bottles Wholesale? Click here to know 50cl Boston Round Glass Bottles Bulk From China Liquor Bottle Manufacturing Factory.\" \/>\n<meta property=\"og:url\" content=\"https:\/\/ruishengglassco.com\/pt\/produto\/rs09850cl-garrafas-de-vidro-redondas-boston-no-atacado\" \/>\n<meta property=\"article:publisher\" content=\"https:\/\/www.facebook.com\/ruishengglassbottles\" \/>\n<meta property=\"article:modified_time\" content=\"2025-09-11T08:19:37+00:00\" \/>\n<meta property=\"og:image\" content=\"https:\/\/ruishengglassco.com\/wp-content\/uploads\/2025\/03\/RS098-50cl-Boston-Round-Glass-Bottles-Wholesale.webp\" \/>\n\t<meta property=\"og:image:width\" content=\"400\" \/>\n\t<meta property=\"og:image:height\" content=\"400\" \/>\n\t<meta property=\"og:image:type\" content=\"image\/webp\" \/>\n<meta name=\"twitter:card\" content=\"summary_large_image\" \/>\n<meta name=\"twitter:label1\" content=\"Est. tempo de leitura\" \/>\n\t<meta name=\"twitter:data1\" content=\"2 minutos\" \/>\n<script type=\"application\/ld+json\" class=\"yoast-schema-graph\">{\"@context\":\"https:\/\/schema.org\",\"@graph\":[{\"@type\":\"WebPage\",\"@id\":\"https:\/\/ruishengglassco.com\/product\/rs09850cl-boston-round-glass-bottles-wholesale\",\"url\":\"https:\/\/ruishengglassco.com\/product\/rs09850cl-boston-round-glass-bottles-wholesale\",\"name\":\"Cheap Liquor Bottles Manufacturers | 50cl Boston Round Glass Bottles Bulk\",\"isPartOf\":{\"@id\":\"https:\/\/ruishengglassco.com\/#website\"},\"datePublished\":\"2025-03-15T01:23:51+00:00\",\"dateModified\":\"2025-09-11T08:19:37+00:00\",\"description\":\"Want To Buy Cheap Liquor Bottles Wholesale? Click here to know 50cl Boston Round Glass Bottles Bulk From China Liquor Bottle Manufacturing Factory.\",\"breadcrumb\":{\"@id\":\"https:\/\/ruishengglassco.com\/product\/rs09850cl-boston-round-glass-bottles-wholesale#breadcrumb\"},\"inLanguage\":\"pt-BR\",\"potentialAction\":[{\"@type\":\"ReadAction\",\"target\":[\"https:\/\/ruishengglassco.com\/product\/rs09850cl-boston-round-glass-bottles-wholesale\"]}]},{\"@type\":\"BreadcrumbList\",\"@id\":\"https:\/\/ruishengglassco.com\/product\/rs09850cl-boston-round-glass-bottles-wholesale#breadcrumb\",\"itemListElement\":[{\"@type\":\"ListItem\",\"position\":1,\"name\":\"Home\",\"item\":\"https:\/\/ruishengglassco.com\/\"},{\"@type\":\"ListItem\",\"position\":2,\"name\":\"Products\",\"item\":\"https:\/\/ruishengglassco.com\/products\"},{\"@type\":\"ListItem\",\"position\":3,\"name\":\"RS098:50cl Boston Round Glass Bottles Manufacturers\"}]},{\"@type\":\"WebSite\",\"@id\":\"https:\/\/ruishengglassco.com\/#website\",\"url\":\"https:\/\/ruishengglassco.com\/\",\"name\":\"Ruisheng Glass\",\"description\":\"\",\"publisher\":{\"@id\":\"https:\/\/ruishengglassco.com\/#organization\"},\"potentialAction\":[{\"@type\":\"SearchAction\",\"target\":{\"@type\":\"EntryPoint\",\"urlTemplate\":\"https:\/\/ruishengglassco.com\/?s={search_term_string}\"},\"query-input\":\"required name=search_term_string\"}],\"inLanguage\":\"pt-BR\"},{\"@type\":\"Organization\",\"@id\":\"https:\/\/ruishengglassco.com\/#organization\",\"name\":\"Shandong Yuncheng Ruisheng Glass Co., Ltd\",\"url\":\"https:\/\/ruishengglassco.com\/\",\"logo\":{\"@type\":\"ImageObject\",\"inLanguage\":\"pt-BR\",\"@id\":\"https:\/\/ruishengglassco.com\/#\/schema\/logo\/image\/\",\"url\":\"https:\/\/ruishengglassco.com\/wp-content\/uploads\/2023\/09\/ruisheng_logo_icon.webp\",\"contentUrl\":\"https:\/\/ruishengglassco.com\/wp-content\/uploads\/2023\/09\/ruisheng_logo_icon.webp\",\"width\":400,\"height\":233,\"caption\":\"Shandong Yuncheng Ruisheng Glass Co., Ltd\"},\"image\":{\"@id\":\"https:\/\/ruishengglassco.com\/#\/schema\/logo\/image\/\"},\"sameAs\":[\"https:\/\/www.facebook.com\/ruishengglassbottles\",\"https:\/\/www.instagram.com\/Ruishengglassbottlewholesales\/\",\"https:\/\/www.youtube.com\/channel\/UCMmbMNGwsL-XrtjfSFLCdVQ\"]}]}<\/script>\n<!-- \/ Yoast SEO plugin. -->","yoast_head_json":{"title":"Cheap Liquor Bottles Manufacturers | 50cl Boston Round Glass Bottles Bulk","description":"Want To Buy Cheap Liquor Bottles Wholesale? Click here to know 50cl Boston Round Glass Bottles Bulk From China Liquor Bottle Manufacturing Factory.","robots":{"index":"index","follow":"follow","max-snippet":"max-snippet:-1","max-image-preview":"max-image-preview:large","max-video-preview":"max-video-preview:-1"},"canonical":"https:\/\/ruishengglassco.com\/pt\/produto\/rs09850cl-garrafas-de-vidro-redondas-boston-no-atacado","og_locale":"pt_BR","og_type":"article","og_title":"Cheap Liquor Bottles Manufacturers | 50cl Boston Round Glass Bottles Bulk","og_description":"Want To Buy Cheap Liquor Bottles Wholesale? Click here to know 50cl Boston Round Glass Bottles Bulk From China Liquor Bottle Manufacturing Factory.","og_url":"https:\/\/ruishengglassco.com\/pt\/produto\/rs09850cl-garrafas-de-vidro-redondas-boston-no-atacado","article_publisher":"https:\/\/www.facebook.com\/ruishengglassbottles","article_modified_time":"2025-09-11T08:19:37+00:00","og_image":[{"width":400,"height":400,"url":"https:\/\/ruishengglassco.com\/wp-content\/uploads\/2025\/03\/RS098-50cl-Boston-Round-Glass-Bottles-Wholesale.webp","type":"image\/webp"}],"twitter_card":"summary_large_image","twitter_misc":{"Est. tempo de leitura":"2 minutos"},"schema":{"@context":"https:\/\/schema.org","@graph":[{"@type":"WebPage","@id":"https:\/\/ruishengglassco.com\/product\/rs09850cl-boston-round-glass-bottles-wholesale","url":"https:\/\/ruishengglassco.com\/product\/rs09850cl-boston-round-glass-bottles-wholesale","name":"Cheap Liquor Bottles Manufacturers | 50cl Boston Round Glass Bottles Bulk","isPartOf":{"@id":"https:\/\/ruishengglassco.com\/#website"},"datePublished":"2025-03-15T01:23:51+00:00","dateModified":"2025-09-11T08:19:37+00:00","description":"Want To Buy Cheap Liquor Bottles Wholesale? Click here to know 50cl Boston Round Glass Bottles Bulk From China Liquor Bottle Manufacturing Factory.","breadcrumb":{"@id":"https:\/\/ruishengglassco.com\/product\/rs09850cl-boston-round-glass-bottles-wholesale#breadcrumb"},"inLanguage":"pt-BR","potentialAction":[{"@type":"ReadAction","target":["https:\/\/ruishengglassco.com\/product\/rs09850cl-boston-round-glass-bottles-wholesale"]}]},{"@type":"BreadcrumbList","@id":"https:\/\/ruishengglassco.com\/product\/rs09850cl-boston-round-glass-bottles-wholesale#breadcrumb","itemListElement":[{"@type":"ListItem","position":1,"name":"Home","item":"https:\/\/ruishengglassco.com\/"},{"@type":"ListItem","position":2,"name":"Products","item":"https:\/\/ruishengglassco.com\/products"},{"@type":"ListItem","position":3,"name":"RS098:50cl Boston Round Glass Bottles Manufacturers"}]},{"@type":"WebSite","@id":"https:\/\/ruishengglassco.com\/#website","url":"https:\/\/ruishengglassco.com\/","name":"Ruisheng Glass","description":"","publisher":{"@id":"https:\/\/ruishengglassco.com\/#organization"},"potentialAction":[{"@type":"SearchAction","target":{"@type":"EntryPoint","urlTemplate":"https:\/\/ruishengglassco.com\/?s={search_term_string}"},"query-input":"required name=search_term_string"}],"inLanguage":"pt-BR"},{"@type":"Organization","@id":"https:\/\/ruishengglassco.com\/#organization","name":"Shandong Yuncheng Ruisheng Glass Co., Ltd","url":"https:\/\/ruishengglassco.com\/","logo":{"@type":"ImageObject","inLanguage":"pt-BR","@id":"https:\/\/ruishengglassco.com\/#\/schema\/logo\/image\/","url":"https:\/\/ruishengglassco.com\/wp-content\/uploads\/2023\/09\/ruisheng_logo_icon.webp","contentUrl":"https:\/\/ruishengglassco.com\/wp-content\/uploads\/2023\/09\/ruisheng_logo_icon.webp","width":400,"height":233,"caption":"Shandong Yuncheng Ruisheng Glass Co., Ltd"},"image":{"@id":"https:\/\/ruishengglassco.com\/#\/schema\/logo\/image\/"},"sameAs":["https:\/\/www.facebook.com\/ruishengglassbottles","https:\/\/www.instagram.com\/Ruishengglassbottlewholesales\/","https:\/\/www.youtube.com\/channel\/UCMmbMNGwsL-XrtjfSFLCdVQ"]}]}},"_links":{"self":[{"href":"https:\/\/ruishengglassco.com\/pt\/wp-json\/wp\/v2\/product\/4192","targetHints":{"allow":["GET"]}}],"collection":[{"href":"https:\/\/ruishengglassco.com\/pt\/wp-json\/wp\/v2\/product"}],"about":[{"href":"https:\/\/ruishengglassco.com\/pt\/wp-json\/wp\/v2\/types\/product"}],"replies":[{"embeddable":true,"href":"https:\/\/ruishengglassco.com\/pt\/wp-json\/wp\/v2\/comments?post=4192"}],"wp:featuredmedia":[{"embeddable":true,"href":"https:\/\/ruishengglassco.com\/pt\/wp-json\/wp\/v2\/media\/4193"}],"wp:attachment":[{"href":"https:\/\/ruishengglassco.com\/pt\/wp-json\/wp\/v2\/media?parent=4192"}],"wp:term":[{"taxonomy":"product_cat","embeddable":true,"href":"https:\/\/ruishengglassco.com\/pt\/wp-json\/wp\/v2\/product_cat?post=4192"}],"curies":[{"name":"wp","href":"https:\/\/api.w.org\/{rel}","templated":true}]}}