{"id":4190,"date":"2025-03-15T09:20:48","date_gmt":"2025-03-15T01:20:48","guid":{"rendered":"https:\/\/ruishengglassco.com\/?post_type=product&#038;p=4190"},"modified":"2025-09-11T16:51:23","modified_gmt":"2025-09-11T08:51:23","slug":"rs101750ml-fabrica-de-garrafas-com-tampa-giratoria","status":"publish","type":"product","link":"https:\/\/ruishengglassco.com\/pt\/produto\/rs101750ml-fabrica-de-garrafas-com-tampa-giratoria","title":{"rendered":"RS101:F\u00e1brica de garrafas com tampa girat\u00f3ria de 750 ml"},"content":{"rendered":"<p>Essa garrafa Swing-Top de 750 ml \u00e9 feita de vidro flint de alta qualidade. Esse material torna a garrafa clara, transparente e elegante. Ela exibe a excelente qualidade de sua bebida.<\/p>\n<p>Como fabricante profissional de garrafas de licor de alta qualidade na China, a Ruisheng tem se concentrado na fabrica\u00e7\u00e3o de garrafas de vidro desde 2009. Nossa f\u00e1brica ocupa uma \u00e1rea de 20.000 metros quadrados e tem uma produ\u00e7\u00e3o di\u00e1ria de at\u00e9 120.000 garrafas. Com mais de 500 funcion\u00e1rios e 10 linhas de produ\u00e7\u00e3o em nossa f\u00e1brica, garantimos que todos os pedidos sejam conclu\u00eddos no prazo.<\/p>\n<h2>Os detalhes da f\u00e1brica de garrafas com tampa girat\u00f3ria de 750 ml<\/h2>\n<ul>\n<li>Material principal: Vidro<\/li>\n<li>Tampa: Corti\u00e7a<\/li>\n<li>Refer\u00eancia: RS101<\/li>\n<li><strong>MOQ: 10000 PCS<\/strong><\/li>\n<li>Capacidade: 750 ml<\/li>\n<li>PCS\/CTN: 24pcs ou de acordo com a demanda do cliente<\/li>\n<li>Origem do local: Shandong, China<\/li>\n<li>Caracter\u00edstica: Ecologicamente correto<\/li>\n<\/ul>\n<p><span data-preserver-spaces=\"true\">Nossa embalagem para esses cont\u00eaineres de vidro para bebidas alco\u00f3licas de 750 ml \u00e9, normalmente, caixas ou paletes padr\u00e3o para exporta\u00e7\u00e3o. <\/span><span data-preserver-spaces=\"true\">E n\u00f3s<\/span><span data-preserver-spaces=\"true\"> tamb\u00e9m pode embalar a garrafa <\/span><span data-preserver-spaces=\"true\">com<\/span><span data-preserver-spaces=\"true\"> caixas de papel\u00e3o e paletes padr\u00e3o para exporta\u00e7\u00e3o, se <\/span><span data-preserver-spaces=\"true\">voc\u00ea precisa dele<\/span><span data-preserver-spaces=\"true\">.<\/span> <span data-preserver-spaces=\"true\">Nosso QC ir\u00e1 <\/span><span data-preserver-spaces=\"true\">verificar<\/span><span data-preserver-spaces=\"true\"> o vidro <\/span><span data-preserver-spaces=\"true\">qualidade das garrafas<\/span><span data-preserver-spaces=\"true\"> antes da embalagem e n\u00e3o enviaremos nenhum <\/span><span data-preserver-spaces=\"true\">ruim<\/span><span data-preserver-spaces=\"true\"> produtos de nossa f\u00e1brica.<\/span><\/p>\n<p><span data-preserver-spaces=\"true\">Nossa f\u00e1brica tem uma frota de caminh\u00f5es. Essa frota envia as garrafas de vidro para o porto de Qingdao, garantindo que elas sejam carregadas a bordo dentro do prazo.<\/span><\/p>\n<h4><span data-preserver-spaces=\"true\">Sobre nossas principais garrafas de vidro \u00e0 venda<\/span><\/h4>\n<p><span data-preserver-spaces=\"true\">Nossos principais produtos s\u00e3o garrafas de vidro de alta qualidade, como garrafas de vidro para vodca e outras garrafas de vidro coloridas. <\/span><span data-preserver-spaces=\"true\">Nosso <\/span><span data-preserver-spaces=\"true\">principal<\/span><span data-preserver-spaces=\"true\"> mercados <\/span><span data-preserver-spaces=\"true\">s\u00e3o<\/span><span data-preserver-spaces=\"true\"> Europa, <\/span><span data-preserver-spaces=\"true\">o <\/span><span data-preserver-spaces=\"true\">EUA, Austr\u00e1lia, <\/span><span data-preserver-spaces=\"true\">etc<\/span><span data-preserver-spaces=\"true\">.<\/span><span data-preserver-spaces=\"true\"> E todos os produtos gozam de grande reputa\u00e7\u00e3o em termos de inova\u00e7\u00e3o e funcionalidade.<\/span><\/p>\n<p><span data-preserver-spaces=\"true\">Nossa empresa continuar\u00e1 a aderir ao princ\u00edpio de \"Boa f\u00e9, boa qualidade\". Defender\u00e1 o conceito de servi\u00e7o \"integridade, cuidado, efici\u00eancia, pragmatismo\" com uma atitude confiante para atingir o objetivo da empresa de se tornar uma marca de vidro chinesa.<\/span><\/p>\n<p><span data-preserver-spaces=\"true\">Se voc\u00ea <\/span><span data-preserver-spaces=\"true\">querer<\/span><span data-preserver-spaces=\"true\"> para obter informa\u00e7\u00f5es sobre<\/span> <span data-preserver-spaces=\"true\">Nosso licor flint de 750 ml no atacado <\/span><span data-preserver-spaces=\"true\">garrafa<\/span><span data-preserver-spaces=\"true\"> ou licor de vidro personalizado de 750 ml <\/span><span data-preserver-spaces=\"true\">cont\u00eainer<\/span><span data-preserver-spaces=\"true\">Por favor <\/span><span data-preserver-spaces=\"true\">Entre em contato com<\/span><span data-preserver-spaces=\"true\"> n\u00f3s.<\/span><span data-preserver-spaces=\"true\"> Responderemos a voc\u00ea o mais r\u00e1pido poss\u00edvel. <\/span><span data-preserver-spaces=\"true\">Nosso <\/span><span data-preserver-spaces=\"true\">objetivo<\/span><span data-preserver-spaces=\"true\"> \u00e9 <\/span><span data-preserver-spaces=\"true\">fazer um<\/span><span data-preserver-spaces=\"true\"> vidro de alta qualidade <\/span><span data-preserver-spaces=\"true\">garrafa<\/span><span data-preserver-spaces=\"true\"> e <\/span><span data-preserver-spaces=\"true\">oferta<\/span><span data-preserver-spaces=\"true\"> o melhor servi\u00e7o para os clientes <\/span><span data-preserver-spaces=\"true\">de todo o mundo<\/span><span data-preserver-spaces=\"true\">.<\/span><\/p>","protected":false},"excerpt":{"rendered":"<p>Essa garrafa de licor flint de 750 ml \u00e9 usada principalmente em embalagens de bebidas alco\u00f3licas. Essas garrafas de licor flint de 750 ml s\u00e3o fabricadas com mat\u00e9ria-prima de vidro.<\/p>","protected":false},"featured_media":4191,"comment_status":"closed","ping_status":"closed","template":"","meta":[],"product_cat":[40],"class_list":{"0":"post-4190","1":"product","2":"type-product","3":"status-publish","4":"has-post-thumbnail","6":"product_cat-750ml-liquor-bottle-manufacturer","8":"first","9":"instock","10":"shipping-taxable","11":"product-type-simple"},"yoast_head":"<!-- This site is optimized with the Yoast SEO plugin v22.0 - https:\/\/yoast.com\/wordpress\/plugins\/seo\/ -->\n<title>750ml Swing Top Bottles Factory | High Flint Liquor Bottle Manufacturer<\/title>\n<meta name=\"description\" content=\"These 750ml Swing Top Bottles Factory are made by high flint glass material, which widely used for liquor packaging. Primary Liquor Bottle Manufacturer, Sales In Cheap Price.\" \/>\n<meta name=\"robots\" content=\"index, follow, max-snippet:-1, max-image-preview:large, max-video-preview:-1\" \/>\n<link rel=\"canonical\" href=\"https:\/\/ruishengglassco.com\/pt\/rs101750ml-fabrica-de-garrafas-com-tampa-giratoria\/\" \/>\n<meta property=\"og:locale\" content=\"pt_BR\" \/>\n<meta property=\"og:type\" content=\"article\" \/>\n<meta property=\"og:title\" content=\"750ml Swing Top Bottles Factory | High Flint Liquor Bottle Manufacturer\" \/>\n<meta property=\"og:description\" content=\"These 750ml Swing Top Bottles Factory are made by high flint glass material, which widely used for liquor packaging. Primary Liquor Bottle Manufacturer, Sales In Cheap Price.\" \/>\n<meta property=\"og:url\" content=\"https:\/\/ruishengglassco.com\/pt\/rs101750ml-fabrica-de-garrafas-com-tampa-giratoria\/\" \/>\n<meta property=\"article:publisher\" content=\"https:\/\/www.facebook.com\/ruishengglassbottles\" \/>\n<meta property=\"article:modified_time\" content=\"2025-09-11T08:51:23+00:00\" \/>\n<meta property=\"og:image\" content=\"https:\/\/ruishengglassco.com\/wp-content\/uploads\/2025\/03\/RS101-750ml-Swing-Top-Bottles-Wholesale.webp\" \/>\n\t<meta property=\"og:image:width\" content=\"800\" \/>\n\t<meta property=\"og:image:height\" content=\"800\" \/>\n\t<meta property=\"og:image:type\" content=\"image\/webp\" \/>\n<meta name=\"twitter:card\" content=\"summary_large_image\" \/>\n<meta name=\"twitter:label1\" content=\"Est. tempo de leitura\" \/>\n\t<meta name=\"twitter:data1\" content=\"2 minutos\" \/>\n<script type=\"application\/ld+json\" class=\"yoast-schema-graph\">{\"@context\":\"https:\/\/schema.org\",\"@graph\":[{\"@type\":\"WebPage\",\"@id\":\"https:\/\/ruishengglassco.com\/ru\/rs101750ml-%d0%b1%d1%83%d1%82%d1%8b%d0%bb%d0%ba%d0%b8-%d1%81-%d0%bf%d0%be%d0%b2%d0%be%d1%80%d0%be%d1%82%d0%bd%d1%8b%d0%bc-%d0%b2%d0%b5%d1%80%d1%85%d0%be%d0%bc-%d0%be%d0%bf%d1%82%d0%be%d0%bc\",\"url\":\"https:\/\/ruishengglassco.com\/ru\/rs101750ml-%d0%b1%d1%83%d1%82%d1%8b%d0%bb%d0%ba%d0%b8-%d1%81-%d0%bf%d0%be%d0%b2%d0%be%d1%80%d0%be%d1%82%d0%bd%d1%8b%d0%bc-%d0%b2%d0%b5%d1%80%d1%85%d0%be%d0%bc-%d0%be%d0%bf%d1%82%d0%be%d0%bc\",\"name\":\"750ml Swing Top Bottles Factory | High Flint Liquor Bottle Manufacturer\",\"isPartOf\":{\"@id\":\"https:\/\/ruishengglassco.com\/#website\"},\"datePublished\":\"2025-03-15T01:20:48+00:00\",\"dateModified\":\"2025-09-11T08:51:23+00:00\",\"description\":\"These 750ml Swing Top Bottles Factory are made by high flint glass material, which widely used for liquor packaging. Primary Liquor Bottle Manufacturer, Sales In Cheap Price.\",\"breadcrumb\":{\"@id\":\"https:\/\/ruishengglassco.com\/ru\/rs101750ml-%d0%b1%d1%83%d1%82%d1%8b%d0%bb%d0%ba%d0%b8-%d1%81-%d0%bf%d0%be%d0%b2%d0%be%d1%80%d0%be%d1%82%d0%bd%d1%8b%d0%bc-%d0%b2%d0%b5%d1%80%d1%85%d0%be%d0%bc-%d0%be%d0%bf%d1%82%d0%be%d0%bc#breadcrumb\"},\"inLanguage\":\"pt-BR\",\"potentialAction\":[{\"@type\":\"ReadAction\",\"target\":[\"https:\/\/ruishengglassco.com\/ru\/rs101750ml-%d0%b1%d1%83%d1%82%d1%8b%d0%bb%d0%ba%d0%b8-%d1%81-%d0%bf%d0%be%d0%b2%d0%be%d1%80%d0%be%d1%82%d0%bd%d1%8b%d0%bc-%d0%b2%d0%b5%d1%80%d1%85%d0%be%d0%bc-%d0%be%d0%bf%d1%82%d0%be%d0%bc\"]}]},{\"@type\":\"BreadcrumbList\",\"@id\":\"https:\/\/ruishengglassco.com\/ru\/rs101750ml-%d0%b1%d1%83%d1%82%d1%8b%d0%bb%d0%ba%d0%b8-%d1%81-%d0%bf%d0%be%d0%b2%d0%be%d1%80%d0%be%d1%82%d0%bd%d1%8b%d0%bc-%d0%b2%d0%b5%d1%80%d1%85%d0%be%d0%bc-%d0%be%d0%bf%d1%82%d0%be%d0%bc#breadcrumb\",\"itemListElement\":[{\"@type\":\"ListItem\",\"position\":1,\"name\":\"Home\",\"item\":\"https:\/\/ruishengglassco.com\/\"},{\"@type\":\"ListItem\",\"position\":2,\"name\":\"Products\",\"item\":\"https:\/\/ruishengglassco.com\/products\"},{\"@type\":\"ListItem\",\"position\":3,\"name\":\"RS101:750ml Swing Top Bottles Factory\"}]},{\"@type\":\"WebSite\",\"@id\":\"https:\/\/ruishengglassco.com\/#website\",\"url\":\"https:\/\/ruishengglassco.com\/\",\"name\":\"Ruisheng Glass\",\"description\":\"\",\"publisher\":{\"@id\":\"https:\/\/ruishengglassco.com\/#organization\"},\"potentialAction\":[{\"@type\":\"SearchAction\",\"target\":{\"@type\":\"EntryPoint\",\"urlTemplate\":\"https:\/\/ruishengglassco.com\/?s={search_term_string}\"},\"query-input\":\"required name=search_term_string\"}],\"inLanguage\":\"pt-BR\"},{\"@type\":\"Organization\",\"@id\":\"https:\/\/ruishengglassco.com\/#organization\",\"name\":\"Shandong Yuncheng Ruisheng Glass Co., Ltd\",\"url\":\"https:\/\/ruishengglassco.com\/\",\"logo\":{\"@type\":\"ImageObject\",\"inLanguage\":\"pt-BR\",\"@id\":\"https:\/\/ruishengglassco.com\/#\/schema\/logo\/image\/\",\"url\":\"https:\/\/ruishengglassco.com\/wp-content\/uploads\/2023\/09\/ruisheng_logo_icon.webp\",\"contentUrl\":\"https:\/\/ruishengglassco.com\/wp-content\/uploads\/2023\/09\/ruisheng_logo_icon.webp\",\"width\":400,\"height\":233,\"caption\":\"Shandong Yuncheng Ruisheng Glass Co., Ltd\"},\"image\":{\"@id\":\"https:\/\/ruishengglassco.com\/#\/schema\/logo\/image\/\"},\"sameAs\":[\"https:\/\/www.facebook.com\/ruishengglassbottles\",\"https:\/\/www.instagram.com\/Ruishengglassbottlewholesales\/\",\"https:\/\/www.youtube.com\/channel\/UCMmbMNGwsL-XrtjfSFLCdVQ\"]}]}<\/script>\n<!-- \/ Yoast SEO plugin. -->","yoast_head_json":{"title":"750ml Swing Top Bottles Factory | High Flint Liquor Bottle Manufacturer","description":"These 750ml Swing Top Bottles Factory are made by high flint glass material, which widely used for liquor packaging. Primary Liquor Bottle Manufacturer, Sales In Cheap Price.","robots":{"index":"index","follow":"follow","max-snippet":"max-snippet:-1","max-image-preview":"max-image-preview:large","max-video-preview":"max-video-preview:-1"},"canonical":"https:\/\/ruishengglassco.com\/pt\/rs101750ml-fabrica-de-garrafas-com-tampa-giratoria\/","og_locale":"pt_BR","og_type":"article","og_title":"750ml Swing Top Bottles Factory | High Flint Liquor Bottle Manufacturer","og_description":"These 750ml Swing Top Bottles Factory are made by high flint glass material, which widely used for liquor packaging. Primary Liquor Bottle Manufacturer, Sales In Cheap Price.","og_url":"https:\/\/ruishengglassco.com\/pt\/rs101750ml-fabrica-de-garrafas-com-tampa-giratoria\/","article_publisher":"https:\/\/www.facebook.com\/ruishengglassbottles","article_modified_time":"2025-09-11T08:51:23+00:00","og_image":[{"width":800,"height":800,"url":"https:\/\/ruishengglassco.com\/wp-content\/uploads\/2025\/03\/RS101-750ml-Swing-Top-Bottles-Wholesale.webp","type":"image\/webp"}],"twitter_card":"summary_large_image","twitter_misc":{"Est. tempo de leitura":"2 minutos"},"schema":{"@context":"https:\/\/schema.org","@graph":[{"@type":"WebPage","@id":"https:\/\/ruishengglassco.com\/ru\/rs101750ml-%d0%b1%d1%83%d1%82%d1%8b%d0%bb%d0%ba%d0%b8-%d1%81-%d0%bf%d0%be%d0%b2%d0%be%d1%80%d0%be%d1%82%d0%bd%d1%8b%d0%bc-%d0%b2%d0%b5%d1%80%d1%85%d0%be%d0%bc-%d0%be%d0%bf%d1%82%d0%be%d0%bc","url":"https:\/\/ruishengglassco.com\/ru\/rs101750ml-%d0%b1%d1%83%d1%82%d1%8b%d0%bb%d0%ba%d0%b8-%d1%81-%d0%bf%d0%be%d0%b2%d0%be%d1%80%d0%be%d1%82%d0%bd%d1%8b%d0%bc-%d0%b2%d0%b5%d1%80%d1%85%d0%be%d0%bc-%d0%be%d0%bf%d1%82%d0%be%d0%bc","name":"750ml Swing Top Bottles Factory | High Flint Liquor Bottle Manufacturer","isPartOf":{"@id":"https:\/\/ruishengglassco.com\/#website"},"datePublished":"2025-03-15T01:20:48+00:00","dateModified":"2025-09-11T08:51:23+00:00","description":"These 750ml Swing Top Bottles Factory are made by high flint glass material, which widely used for liquor packaging. Primary Liquor Bottle Manufacturer, Sales In Cheap Price.","breadcrumb":{"@id":"https:\/\/ruishengglassco.com\/ru\/rs101750ml-%d0%b1%d1%83%d1%82%d1%8b%d0%bb%d0%ba%d0%b8-%d1%81-%d0%bf%d0%be%d0%b2%d0%be%d1%80%d0%be%d1%82%d0%bd%d1%8b%d0%bc-%d0%b2%d0%b5%d1%80%d1%85%d0%be%d0%bc-%d0%be%d0%bf%d1%82%d0%be%d0%bc#breadcrumb"},"inLanguage":"pt-BR","potentialAction":[{"@type":"ReadAction","target":["https:\/\/ruishengglassco.com\/ru\/rs101750ml-%d0%b1%d1%83%d1%82%d1%8b%d0%bb%d0%ba%d0%b8-%d1%81-%d0%bf%d0%be%d0%b2%d0%be%d1%80%d0%be%d1%82%d0%bd%d1%8b%d0%bc-%d0%b2%d0%b5%d1%80%d1%85%d0%be%d0%bc-%d0%be%d0%bf%d1%82%d0%be%d0%bc"]}]},{"@type":"BreadcrumbList","@id":"https:\/\/ruishengglassco.com\/ru\/rs101750ml-%d0%b1%d1%83%d1%82%d1%8b%d0%bb%d0%ba%d0%b8-%d1%81-%d0%bf%d0%be%d0%b2%d0%be%d1%80%d0%be%d1%82%d0%bd%d1%8b%d0%bc-%d0%b2%d0%b5%d1%80%d1%85%d0%be%d0%bc-%d0%be%d0%bf%d1%82%d0%be%d0%bc#breadcrumb","itemListElement":[{"@type":"ListItem","position":1,"name":"Home","item":"https:\/\/ruishengglassco.com\/"},{"@type":"ListItem","position":2,"name":"Products","item":"https:\/\/ruishengglassco.com\/products"},{"@type":"ListItem","position":3,"name":"RS101:750ml Swing Top Bottles Factory"}]},{"@type":"WebSite","@id":"https:\/\/ruishengglassco.com\/#website","url":"https:\/\/ruishengglassco.com\/","name":"Ruisheng Glass","description":"","publisher":{"@id":"https:\/\/ruishengglassco.com\/#organization"},"potentialAction":[{"@type":"SearchAction","target":{"@type":"EntryPoint","urlTemplate":"https:\/\/ruishengglassco.com\/?s={search_term_string}"},"query-input":"required name=search_term_string"}],"inLanguage":"pt-BR"},{"@type":"Organization","@id":"https:\/\/ruishengglassco.com\/#organization","name":"Shandong Yuncheng Ruisheng Glass Co., Ltd","url":"https:\/\/ruishengglassco.com\/","logo":{"@type":"ImageObject","inLanguage":"pt-BR","@id":"https:\/\/ruishengglassco.com\/#\/schema\/logo\/image\/","url":"https:\/\/ruishengglassco.com\/wp-content\/uploads\/2023\/09\/ruisheng_logo_icon.webp","contentUrl":"https:\/\/ruishengglassco.com\/wp-content\/uploads\/2023\/09\/ruisheng_logo_icon.webp","width":400,"height":233,"caption":"Shandong Yuncheng Ruisheng Glass Co., Ltd"},"image":{"@id":"https:\/\/ruishengglassco.com\/#\/schema\/logo\/image\/"},"sameAs":["https:\/\/www.facebook.com\/ruishengglassbottles","https:\/\/www.instagram.com\/Ruishengglassbottlewholesales\/","https:\/\/www.youtube.com\/channel\/UCMmbMNGwsL-XrtjfSFLCdVQ"]}]}},"_links":{"self":[{"href":"https:\/\/ruishengglassco.com\/pt\/wp-json\/wp\/v2\/product\/4190","targetHints":{"allow":["GET"]}}],"collection":[{"href":"https:\/\/ruishengglassco.com\/pt\/wp-json\/wp\/v2\/product"}],"about":[{"href":"https:\/\/ruishengglassco.com\/pt\/wp-json\/wp\/v2\/types\/product"}],"replies":[{"embeddable":true,"href":"https:\/\/ruishengglassco.com\/pt\/wp-json\/wp\/v2\/comments?post=4190"}],"wp:featuredmedia":[{"embeddable":true,"href":"https:\/\/ruishengglassco.com\/pt\/wp-json\/wp\/v2\/media\/4191"}],"wp:attachment":[{"href":"https:\/\/ruishengglassco.com\/pt\/wp-json\/wp\/v2\/media?parent=4190"}],"wp:term":[{"taxonomy":"product_cat","embeddable":true,"href":"https:\/\/ruishengglassco.com\/pt\/wp-json\/wp\/v2\/product_cat?post=4190"}],"curies":[{"name":"wp","href":"https:\/\/api.w.org\/{rel}","templated":true}]}}