{"id":4188,"date":"2025-03-15T09:17:55","date_gmt":"2025-03-15T01:17:55","guid":{"rendered":"https:\/\/ruishengglassco.com\/?post_type=product&#038;p=4188"},"modified":"2025-07-17T13:50:13","modified_gmt":"2025-07-17T05:50:13","slug":"rs102comprar-mini-garrafas-de-licor-a-granel","status":"publish","type":"product","link":"https:\/\/ruishengglassco.com\/pt\/produto\/rs102comprar-mini-garrafas-de-licor-a-granel","title":{"rendered":"RS102:Comprar mini garrafas de licor a granel"},"content":{"rendered":"<p>Deseja comprar mini vidros a granel? <span class=\"wrapper\">fundo<\/span>les fo<span class=\"wrapper\">r li<\/span>quor de uma empresa confi\u00e1vel da China liq<span class=\"wrapper\">uor<\/span>fabricante de garrafas? A Ruisheng Glass Ltd. \u00e9 o<span class=\"wrapper\">ne de t<\/span>maiores fabricantes de garrafas de bebidas alco\u00f3licas da China. Nossa f\u00e1brica produz principalmente garrafas de vidro para bebidas alco\u00f3licas de n\u00edvel superior e m\u00e9dio. Isso inclui garrafas de vidro cristalino e garrafas de vidro branco de alta qualidade.<\/p>\n<p>Essa garrafa de vidro redonda transparente \u00e9 vendida por atacado<span class=\"wrapper\">e \u00e9 o<\/span>m dos principais volumes do <span class=\"wrapper\">garrafas de vidro em nosso fator<\/span>y. Oferecemos v\u00e1rias garrafas de vidro vazias. Voc\u00ea pode escolher entre cilindro, quadrado, placa ou formatos personalizados. E podemos <span class=\"wrapper\">fazer<\/span> copos de licor de diferentes volumes<span class=\"wrapper\">s bott<\/span>As garrafas de vidro podem ser de 100 ml, 125 ml, 250 ml, 375 ml e 500 ml. 700 ml, 750 ml, 1000 ml, 1750 ml, 3000 ml e outras garrafas de vidro de volume personalizado.<\/p>\n<h2>Informa\u00e7\u00f5es sobre a compra de mini garrafas de licor a granel<\/h2>\n<ul>\n<li>Capacidade: 50 ml<\/li>\n<li>Forma: Redondo<\/li>\n<li>Largura: 80 mm<\/li>\n<li>Comprimento: 190 mm<\/li>\n<li>Tampa: Tampa de rosca<\/li>\n<li>Cor: claro, transparente<\/li>\n<li>Servi\u00e7os: OEM\/ODM<\/li>\n<\/ul>\n<p>Temos tr\u00eas formas de embalar as garrafas de vidro redondas transparentes no atacado, e tamb\u00e9m podemos embalar as garrafas de vidro de acordo com a demanda do cliente.<\/p>\n<p>A primeira forma de embalagem de garrafas de vidro \u00e9 a embalagem cartonada. A caixa \u00e9 uma caixa padr\u00e3o para exporta\u00e7\u00e3o. Se voc\u00ea quiser fazer sua caixa de embalagem personalizada, tamb\u00e9m podemos fazer isso para voc\u00ea.<\/p>\n<p>A segunda forma de embalagem de garrafas de vidro para destilados \u00e9 a embalagem em palete. O palete \u00e9 livre de fumiga\u00e7\u00e3o. E o tamanho do palete \u00e9 de 100 x 120 cm.<\/p>\n<p>A terceira forma de embalagem \u00e9 a embalagem em caixa e palete. A caixa de papel\u00e3o \u00e9 uma caixa padr\u00e3o para exporta\u00e7\u00e3o ou uma caixa colorida personalizada, e o palete \u00e9 livre de fumiga\u00e7\u00e3o.<\/p>\n<p>Se estiver satisfeito com essa garrafa de vidro transparente, entre em contato comigo em tempo h\u00e1bil. Se n\u00e3o gostar, pode dar uma olhada em nossas outras garrafas. Ou eu lhe darei o cat\u00e1logo e voc\u00ea poder\u00e1 escolher o que quiser. Se estiver interessado em nossas garrafas herm\u00e9ticas de \u00e1lcool, entre em contato conosco. Responderemos dentro de 24 horas.<\/p>","protected":false},"excerpt":{"rendered":"<div class=\"col col-sm-6 col-xs-12\">\n<div id=\"slider-4582-product-image-carosel\" class=\"rt-carousel carousel-holder clearfix product-image-carosel rt-image-carousel\" data-item-width=\"1\" data-nav=\"true\" data-dots=\"false\" data-margin=\"15\" data-autoplay=\"true\" data-timeout=\"7500\" data-loop=\"false\" data-tablet-item-width=\"\" data-mobile-item-width=\"1\">\n<div class=\"owl-carousel owl-loaded owl-drag\">\n<div class=\"owl-nav\">\n<div class=\"owl-next disabled\">As garrafas de vidro transparente de 50 ml de grau superior s\u00e3o uma das principais garrafas de vidro de volume em nossa f\u00e1brica. Oferecemos v\u00e1rios formatos de garrafas de vidro vazias. Isso inclui garrafas de vidro cil\u00edndricas, quadradas e em formato de placa. Tamb\u00e9m fornecemos garrafas de vidro com formato personalizado. Podemos produzir v\u00e1rios volumes de garrafas de vidro para bebidas alco\u00f3licas, incluindo 100 ml, 125 ml, 250 ml, 375 ml e 500 ml. 700 ml, 750 ml, 1000 ml, 1750 ml, 3000 ml e outras garrafas de vidro de volume personalizado.<\/div>\n<\/div>\n<\/div>\n<\/div>\n<\/div>","protected":false},"featured_media":4189,"comment_status":"closed","ping_status":"closed","template":"","meta":[],"product_cat":[48],"class_list":{"0":"post-4188","1":"product","2":"type-product","3":"status-publish","4":"has-post-thumbnail","6":"product_cat-50ml-mini-liquor-bottle-manufacturer","8":"first","9":"instock","10":"shipping-taxable","11":"product-type-simple"},"yoast_head":"<!-- This site is optimized with the Yoast SEO plugin v22.0 - https:\/\/yoast.com\/wordpress\/plugins\/seo\/ -->\n<title>Buy Bulk Mini Liquor Bottles | Clear Round Glass Bottle Wholesale<\/title>\n<meta name=\"description\" content=\"Buy Bulk Mini Liquor Bottles Bulk From China Spirit Bottle Manufacturer. Factory Outlet&amp;Cheap Clear Round Glass Bottle Wholesale. Get Quote Now.\" \/>\n<meta name=\"robots\" content=\"index, follow, max-snippet:-1, max-image-preview:large, max-video-preview:-1\" \/>\n<link rel=\"canonical\" href=\"https:\/\/ruishengglassco.com\/pt\/produto\/rs102comprar-mini-garrafas-de-licor-a-granel\" \/>\n<meta property=\"og:locale\" content=\"pt_BR\" \/>\n<meta property=\"og:type\" content=\"article\" \/>\n<meta property=\"og:title\" content=\"Buy Bulk Mini Liquor Bottles | Clear Round Glass Bottle Wholesale\" \/>\n<meta property=\"og:description\" content=\"Buy Bulk Mini Liquor Bottles Bulk From China Spirit Bottle Manufacturer. Factory Outlet&amp;Cheap Clear Round Glass Bottle Wholesale. Get Quote Now.\" \/>\n<meta property=\"og:url\" content=\"https:\/\/ruishengglassco.com\/pt\/produto\/rs102comprar-mini-garrafas-de-licor-a-granel\" \/>\n<meta property=\"article:publisher\" content=\"https:\/\/www.facebook.com\/ruishengglassbottles\" \/>\n<meta property=\"article:modified_time\" content=\"2025-07-17T05:50:13+00:00\" \/>\n<meta property=\"og:image\" content=\"https:\/\/ruishengglassco.com\/wp-content\/uploads\/2025\/03\/RS102-Buy-Bulk-Mini-Liquor-Bottles.webp\" \/>\n\t<meta property=\"og:image:width\" content=\"640\" \/>\n\t<meta property=\"og:image:height\" content=\"640\" \/>\n\t<meta property=\"og:image:type\" content=\"image\/webp\" \/>\n<meta name=\"twitter:card\" content=\"summary_large_image\" \/>\n<meta name=\"twitter:label1\" content=\"Est. tempo de leitura\" \/>\n\t<meta name=\"twitter:data1\" content=\"2 minutos\" \/>\n<script type=\"application\/ld+json\" class=\"yoast-schema-graph\">{\"@context\":\"https:\/\/schema.org\",\"@graph\":[{\"@type\":\"WebPage\",\"@id\":\"https:\/\/ruishengglassco.com\/product\/rs102buy-bulk-mini-liquor-bottles\",\"url\":\"https:\/\/ruishengglassco.com\/product\/rs102buy-bulk-mini-liquor-bottles\",\"name\":\"Buy Bulk Mini Liquor Bottles | Clear Round Glass Bottle Wholesale\",\"isPartOf\":{\"@id\":\"https:\/\/ruishengglassco.com\/#website\"},\"datePublished\":\"2025-03-15T01:17:55+00:00\",\"dateModified\":\"2025-07-17T05:50:13+00:00\",\"description\":\"Buy Bulk Mini Liquor Bottles Bulk From China Spirit Bottle Manufacturer. Factory Outlet&Cheap Clear Round Glass Bottle Wholesale. Get Quote Now.\",\"breadcrumb\":{\"@id\":\"https:\/\/ruishengglassco.com\/product\/rs102buy-bulk-mini-liquor-bottles#breadcrumb\"},\"inLanguage\":\"pt-BR\",\"potentialAction\":[{\"@type\":\"ReadAction\",\"target\":[\"https:\/\/ruishengglassco.com\/product\/rs102buy-bulk-mini-liquor-bottles\"]}]},{\"@type\":\"BreadcrumbList\",\"@id\":\"https:\/\/ruishengglassco.com\/product\/rs102buy-bulk-mini-liquor-bottles#breadcrumb\",\"itemListElement\":[{\"@type\":\"ListItem\",\"position\":1,\"name\":\"Home\",\"item\":\"https:\/\/ruishengglassco.com\/\"},{\"@type\":\"ListItem\",\"position\":2,\"name\":\"Products\",\"item\":\"https:\/\/ruishengglassco.com\/products\"},{\"@type\":\"ListItem\",\"position\":3,\"name\":\"RS102:Buy Bulk Mini Liquor Bottles\"}]},{\"@type\":\"WebSite\",\"@id\":\"https:\/\/ruishengglassco.com\/#website\",\"url\":\"https:\/\/ruishengglassco.com\/\",\"name\":\"Ruisheng Glass\",\"description\":\"\",\"publisher\":{\"@id\":\"https:\/\/ruishengglassco.com\/#organization\"},\"potentialAction\":[{\"@type\":\"SearchAction\",\"target\":{\"@type\":\"EntryPoint\",\"urlTemplate\":\"https:\/\/ruishengglassco.com\/?s={search_term_string}\"},\"query-input\":\"required name=search_term_string\"}],\"inLanguage\":\"pt-BR\"},{\"@type\":\"Organization\",\"@id\":\"https:\/\/ruishengglassco.com\/#organization\",\"name\":\"Shandong Yuncheng Ruisheng Glass Co., Ltd\",\"url\":\"https:\/\/ruishengglassco.com\/\",\"logo\":{\"@type\":\"ImageObject\",\"inLanguage\":\"pt-BR\",\"@id\":\"https:\/\/ruishengglassco.com\/#\/schema\/logo\/image\/\",\"url\":\"https:\/\/ruishengglassco.com\/wp-content\/uploads\/2023\/09\/ruisheng_logo_icon.webp\",\"contentUrl\":\"https:\/\/ruishengglassco.com\/wp-content\/uploads\/2023\/09\/ruisheng_logo_icon.webp\",\"width\":400,\"height\":233,\"caption\":\"Shandong Yuncheng Ruisheng Glass Co., Ltd\"},\"image\":{\"@id\":\"https:\/\/ruishengglassco.com\/#\/schema\/logo\/image\/\"},\"sameAs\":[\"https:\/\/www.facebook.com\/ruishengglassbottles\",\"https:\/\/www.instagram.com\/Ruishengglassbottlewholesales\/\",\"https:\/\/www.youtube.com\/channel\/UCMmbMNGwsL-XrtjfSFLCdVQ\"]}]}<\/script>\n<!-- \/ Yoast SEO plugin. -->","yoast_head_json":{"title":"Buy Bulk Mini Liquor Bottles | Clear Round Glass Bottle Wholesale","description":"Buy Bulk Mini Liquor Bottles Bulk From China Spirit Bottle Manufacturer. Factory Outlet&Cheap Clear Round Glass Bottle Wholesale. Get Quote Now.","robots":{"index":"index","follow":"follow","max-snippet":"max-snippet:-1","max-image-preview":"max-image-preview:large","max-video-preview":"max-video-preview:-1"},"canonical":"https:\/\/ruishengglassco.com\/pt\/produto\/rs102comprar-mini-garrafas-de-licor-a-granel","og_locale":"pt_BR","og_type":"article","og_title":"Buy Bulk Mini Liquor Bottles | Clear Round Glass Bottle Wholesale","og_description":"Buy Bulk Mini Liquor Bottles Bulk From China Spirit Bottle Manufacturer. Factory Outlet&Cheap Clear Round Glass Bottle Wholesale. Get Quote Now.","og_url":"https:\/\/ruishengglassco.com\/pt\/produto\/rs102comprar-mini-garrafas-de-licor-a-granel","article_publisher":"https:\/\/www.facebook.com\/ruishengglassbottles","article_modified_time":"2025-07-17T05:50:13+00:00","og_image":[{"width":640,"height":640,"url":"https:\/\/ruishengglassco.com\/wp-content\/uploads\/2025\/03\/RS102-Buy-Bulk-Mini-Liquor-Bottles.webp","type":"image\/webp"}],"twitter_card":"summary_large_image","twitter_misc":{"Est. tempo de leitura":"2 minutos"},"schema":{"@context":"https:\/\/schema.org","@graph":[{"@type":"WebPage","@id":"https:\/\/ruishengglassco.com\/product\/rs102buy-bulk-mini-liquor-bottles","url":"https:\/\/ruishengglassco.com\/product\/rs102buy-bulk-mini-liquor-bottles","name":"Buy Bulk Mini Liquor Bottles | Clear Round Glass Bottle Wholesale","isPartOf":{"@id":"https:\/\/ruishengglassco.com\/#website"},"datePublished":"2025-03-15T01:17:55+00:00","dateModified":"2025-07-17T05:50:13+00:00","description":"Buy Bulk Mini Liquor Bottles Bulk From China Spirit Bottle Manufacturer. Factory Outlet&Cheap Clear Round Glass Bottle Wholesale. Get Quote Now.","breadcrumb":{"@id":"https:\/\/ruishengglassco.com\/product\/rs102buy-bulk-mini-liquor-bottles#breadcrumb"},"inLanguage":"pt-BR","potentialAction":[{"@type":"ReadAction","target":["https:\/\/ruishengglassco.com\/product\/rs102buy-bulk-mini-liquor-bottles"]}]},{"@type":"BreadcrumbList","@id":"https:\/\/ruishengglassco.com\/product\/rs102buy-bulk-mini-liquor-bottles#breadcrumb","itemListElement":[{"@type":"ListItem","position":1,"name":"Home","item":"https:\/\/ruishengglassco.com\/"},{"@type":"ListItem","position":2,"name":"Products","item":"https:\/\/ruishengglassco.com\/products"},{"@type":"ListItem","position":3,"name":"RS102:Buy Bulk Mini Liquor Bottles"}]},{"@type":"WebSite","@id":"https:\/\/ruishengglassco.com\/#website","url":"https:\/\/ruishengglassco.com\/","name":"Ruisheng Glass","description":"","publisher":{"@id":"https:\/\/ruishengglassco.com\/#organization"},"potentialAction":[{"@type":"SearchAction","target":{"@type":"EntryPoint","urlTemplate":"https:\/\/ruishengglassco.com\/?s={search_term_string}"},"query-input":"required name=search_term_string"}],"inLanguage":"pt-BR"},{"@type":"Organization","@id":"https:\/\/ruishengglassco.com\/#organization","name":"Shandong Yuncheng Ruisheng Glass Co., Ltd","url":"https:\/\/ruishengglassco.com\/","logo":{"@type":"ImageObject","inLanguage":"pt-BR","@id":"https:\/\/ruishengglassco.com\/#\/schema\/logo\/image\/","url":"https:\/\/ruishengglassco.com\/wp-content\/uploads\/2023\/09\/ruisheng_logo_icon.webp","contentUrl":"https:\/\/ruishengglassco.com\/wp-content\/uploads\/2023\/09\/ruisheng_logo_icon.webp","width":400,"height":233,"caption":"Shandong Yuncheng Ruisheng Glass Co., Ltd"},"image":{"@id":"https:\/\/ruishengglassco.com\/#\/schema\/logo\/image\/"},"sameAs":["https:\/\/www.facebook.com\/ruishengglassbottles","https:\/\/www.instagram.com\/Ruishengglassbottlewholesales\/","https:\/\/www.youtube.com\/channel\/UCMmbMNGwsL-XrtjfSFLCdVQ"]}]}},"_links":{"self":[{"href":"https:\/\/ruishengglassco.com\/pt\/wp-json\/wp\/v2\/product\/4188","targetHints":{"allow":["GET"]}}],"collection":[{"href":"https:\/\/ruishengglassco.com\/pt\/wp-json\/wp\/v2\/product"}],"about":[{"href":"https:\/\/ruishengglassco.com\/pt\/wp-json\/wp\/v2\/types\/product"}],"replies":[{"embeddable":true,"href":"https:\/\/ruishengglassco.com\/pt\/wp-json\/wp\/v2\/comments?post=4188"}],"wp:featuredmedia":[{"embeddable":true,"href":"https:\/\/ruishengglassco.com\/pt\/wp-json\/wp\/v2\/media\/4189"}],"wp:attachment":[{"href":"https:\/\/ruishengglassco.com\/pt\/wp-json\/wp\/v2\/media?parent=4188"}],"wp:term":[{"taxonomy":"product_cat","embeddable":true,"href":"https:\/\/ruishengglassco.com\/pt\/wp-json\/wp\/v2\/product_cat?post=4188"}],"curies":[{"name":"wp","href":"https:\/\/api.w.org\/{rel}","templated":true}]}}