{"id":4186,"date":"2025-03-15T09:14:31","date_gmt":"2025-03-15T01:14:31","guid":{"rendered":"https:\/\/ruishengglassco.com\/?post_type=product&#038;p=4186"},"modified":"2025-09-11T16:00:06","modified_gmt":"2025-09-11T08:00:06","slug":"rs10350ml-garrafa-redonda-de-licor-a-granel","status":"publish","type":"product","link":"https:\/\/ruishengglassco.com\/pt\/produto\/rs10350ml-garrafa-redonda-de-licor-a-granel","title":{"rendered":"RS103:Garrafa de licor redonda de 50 ml a granel"},"content":{"rendered":"<p>Est\u00e1 procurando garrafas de vidro redondas no atacado para sua marca de bebidas alco\u00f3licas?  Essas garrafas de licor de 50 ml a granel s\u00e3o garrafas de vidro flint. Podemos pintar qualquer cor nessa garrafa de vidro, se voc\u00ea precisar, como verde, preto, dourado e assim por diante. H\u00e1 uma \u00e1rea redonda nas garrafas de vidro para bebidas, onde podemos colocar seu logotipo, seja ele de papel, pl\u00e1stico, metal ou outro tipo.<\/p>\n<p>Nossa garrafa de vidro redonda de 50 ml no atacado \u00e9 fabricada com m\u00e1quinas totalmente autom\u00e1ticas 8S avan\u00e7adas. H\u00e1 quatro linhas de produ\u00e7\u00e3o por m\u00e1quina, e temos 2 m\u00e1quinas 8S totalmente autom\u00e1ticas e 1 m\u00e1quina 6S semiautom\u00e1tica. Nossa f\u00e1brica tem 12 linhas de produ\u00e7\u00e3o e produzimos 120.000 garrafas por dia. N\u00e3o importa se o seu pedido \u00e9 pequeno ou grande, tamb\u00e9m podemos finaliz\u00e1-lo e envi\u00e1-lo a tempo.<\/p>\n<h2>As informa\u00e7\u00f5es sobre as garrafas de vidro redondas no atacado est\u00e3o abaixo:<\/h2>\n<ul>\n<li>Material principal: Vidro Branco Cristalino, Vidro<\/li>\n<li>Tampa: tampa de rosca<\/li>\n<li>Refer\u00eancia: RS103<\/li>\n<li>MOQ: 10000 PCS<\/li>\n<li><span class=\"attr-name J-attr-name\" title=\"Capacidade\">Capacidade<\/span>: 50ml\/ 100ml\/375ml\/500ml\/700ml\/750ml\/Custom<\/li>\n<li>Pcs\/Ctn: 24pcs<\/li>\n<li>Origem do local: Shandong, China<\/li>\n<li>Caracter\u00edstica: Ecologicamente correto<\/li>\n<\/ul>\n<p>Se estiver satisfeito com essas garrafas de licor de 50 ml a granel, entre em contato comigo a tempo. Se n\u00e3o gostar, pode dar uma olhada em nossas outras garrafas. Ou eu lhe darei o cat\u00e1logo, voc\u00ea pode escolher o que quiser. Se estiver interessado em nossas garrafas herm\u00e9ticas de \u00e1lcool, entre em contato conosco. Responderemos dentro de 24 horas.<\/p>","protected":false},"excerpt":{"rendered":"<div class=\"col col-sm-6 col-xs-12\">\n<div id=\"slider-4570-product-image-carosel\" class=\"rt-carousel carousel-holder clearfix product-image-carosel rt-image-carousel\" data-item-width=\"1\" data-nav=\"true\" data-dots=\"false\" data-margin=\"15\" data-autoplay=\"true\" data-timeout=\"7500\" data-loop=\"false\" data-tablet-item-width=\"\" data-mobile-item-width=\"1\">\n<div class=\"owl-carousel owl-loaded owl-drag\">\n<div class=\"owl-nav\">\n<div class=\"owl-next\">Garrafas de vidro redondas por atacado com rolhas de um fabricante chin\u00eas de garrafas de bebidas alco\u00f3licas. A cor clara e transparente do corpo mostrar\u00e1 claramente a qualidade do conte\u00fado da garrafa. O design do fundo da garrafa \u00e9 mais espesso, o que favorece a coloca\u00e7\u00e3o das garrafas. Essa garrafa de 50 ml oferece tr\u00eas op\u00e7\u00f5es de rolha: tampa de rosca, corti\u00e7a e tampa Guala. Cada tipo foi testado quanto \u00e0 estanqueidade. Elas preservam efetivamente o sabor original do licor.<\/div>\n<div><\/div>\n<div class=\"owl-next\">Se estiver interessado em comprar garrafas de licor de 50 ml a granel, entre em contato conosco.<\/div>\n<\/div>\n<\/div>\n<\/div>\n<\/div>","protected":false},"featured_media":4187,"comment_status":"closed","ping_status":"closed","template":"","meta":[],"product_cat":[48],"class_list":{"0":"post-4186","1":"product","2":"type-product","3":"status-publish","4":"has-post-thumbnail","6":"product_cat-50ml-mini-liquor-bottle-manufacturer","8":"first","9":"instock","10":"shipping-taxable","11":"product-type-simple"},"yoast_head":"<!-- This site is optimized with the Yoast SEO plugin v22.0 - https:\/\/yoast.com\/wordpress\/plugins\/seo\/ -->\n<title>Wholesale Round Glass Bottles With Stoppers | 50ml Liquor Bottles Bulk<\/title>\n<meta name=\"description\" content=\"Buy Wholesale Round Glass Bottles With Stoopers Factory Outlet&amp;Cheap Price. High Quality 50ml Liquor Bottles Bulk With Free Sample. Get Quote Now\" \/>\n<meta name=\"robots\" content=\"index, follow, max-snippet:-1, max-image-preview:large, max-video-preview:-1\" \/>\n<link rel=\"canonical\" href=\"https:\/\/ruishengglassco.com\/pt\/produto\/rs10350ml-garrafa-redonda-de-licor-a-granel\" \/>\n<meta property=\"og:locale\" content=\"pt_BR\" \/>\n<meta property=\"og:type\" content=\"article\" \/>\n<meta property=\"og:title\" content=\"Wholesale Round Glass Bottles With Stoppers | 50ml Liquor Bottles Bulk\" \/>\n<meta property=\"og:description\" content=\"Buy Wholesale Round Glass Bottles With Stoopers Factory Outlet&amp;Cheap Price. High Quality 50ml Liquor Bottles Bulk With Free Sample. Get Quote Now\" \/>\n<meta property=\"og:url\" content=\"https:\/\/ruishengglassco.com\/pt\/produto\/rs10350ml-garrafa-redonda-de-licor-a-granel\" \/>\n<meta property=\"article:publisher\" content=\"https:\/\/www.facebook.com\/ruishengglassbottles\" \/>\n<meta property=\"article:modified_time\" content=\"2025-09-11T08:00:06+00:00\" \/>\n<meta property=\"og:image\" content=\"https:\/\/ruishengglassco.com\/wp-content\/uploads\/2025\/03\/RS103-50ml-Round-Liquor-Bottle-In-Bulk.webp\" \/>\n\t<meta property=\"og:image:width\" content=\"400\" \/>\n\t<meta property=\"og:image:height\" content=\"400\" \/>\n\t<meta property=\"og:image:type\" content=\"image\/webp\" \/>\n<meta name=\"twitter:card\" content=\"summary_large_image\" \/>\n<meta name=\"twitter:label1\" content=\"Est. tempo de leitura\" \/>\n\t<meta name=\"twitter:data1\" content=\"2 minutos\" \/>\n<script type=\"application\/ld+json\" class=\"yoast-schema-graph\">{\"@context\":\"https:\/\/schema.org\",\"@graph\":[{\"@type\":\"WebPage\",\"@id\":\"https:\/\/ruishengglassco.com\/product\/rs10350ml-round-liquor-bottle-in-bulk\",\"url\":\"https:\/\/ruishengglassco.com\/product\/rs10350ml-round-liquor-bottle-in-bulk\",\"name\":\"Wholesale Round Glass Bottles With Stoppers | 50ml Liquor Bottles Bulk\",\"isPartOf\":{\"@id\":\"https:\/\/ruishengglassco.com\/#website\"},\"datePublished\":\"2025-03-15T01:14:31+00:00\",\"dateModified\":\"2025-09-11T08:00:06+00:00\",\"description\":\"Buy Wholesale Round Glass Bottles With Stoopers Factory Outlet&Cheap Price. High Quality 50ml Liquor Bottles Bulk With Free Sample. Get Quote Now\",\"breadcrumb\":{\"@id\":\"https:\/\/ruishengglassco.com\/product\/rs10350ml-round-liquor-bottle-in-bulk#breadcrumb\"},\"inLanguage\":\"pt-BR\",\"potentialAction\":[{\"@type\":\"ReadAction\",\"target\":[\"https:\/\/ruishengglassco.com\/product\/rs10350ml-round-liquor-bottle-in-bulk\"]}]},{\"@type\":\"BreadcrumbList\",\"@id\":\"https:\/\/ruishengglassco.com\/product\/rs10350ml-round-liquor-bottle-in-bulk#breadcrumb\",\"itemListElement\":[{\"@type\":\"ListItem\",\"position\":1,\"name\":\"Home\",\"item\":\"https:\/\/ruishengglassco.com\/\"},{\"@type\":\"ListItem\",\"position\":2,\"name\":\"Products\",\"item\":\"https:\/\/ruishengglassco.com\/products\"},{\"@type\":\"ListItem\",\"position\":3,\"name\":\"RS103:50ml Round Liquor Bottle In Bulk\"}]},{\"@type\":\"WebSite\",\"@id\":\"https:\/\/ruishengglassco.com\/#website\",\"url\":\"https:\/\/ruishengglassco.com\/\",\"name\":\"Ruisheng Glass\",\"description\":\"\",\"publisher\":{\"@id\":\"https:\/\/ruishengglassco.com\/#organization\"},\"potentialAction\":[{\"@type\":\"SearchAction\",\"target\":{\"@type\":\"EntryPoint\",\"urlTemplate\":\"https:\/\/ruishengglassco.com\/?s={search_term_string}\"},\"query-input\":\"required name=search_term_string\"}],\"inLanguage\":\"pt-BR\"},{\"@type\":\"Organization\",\"@id\":\"https:\/\/ruishengglassco.com\/#organization\",\"name\":\"Shandong Yuncheng Ruisheng Glass Co., Ltd\",\"url\":\"https:\/\/ruishengglassco.com\/\",\"logo\":{\"@type\":\"ImageObject\",\"inLanguage\":\"pt-BR\",\"@id\":\"https:\/\/ruishengglassco.com\/#\/schema\/logo\/image\/\",\"url\":\"https:\/\/ruishengglassco.com\/wp-content\/uploads\/2023\/09\/ruisheng_logo_icon.webp\",\"contentUrl\":\"https:\/\/ruishengglassco.com\/wp-content\/uploads\/2023\/09\/ruisheng_logo_icon.webp\",\"width\":400,\"height\":233,\"caption\":\"Shandong Yuncheng Ruisheng Glass Co., Ltd\"},\"image\":{\"@id\":\"https:\/\/ruishengglassco.com\/#\/schema\/logo\/image\/\"},\"sameAs\":[\"https:\/\/www.facebook.com\/ruishengglassbottles\",\"https:\/\/www.instagram.com\/Ruishengglassbottlewholesales\/\",\"https:\/\/www.youtube.com\/channel\/UCMmbMNGwsL-XrtjfSFLCdVQ\"]}]}<\/script>\n<!-- \/ Yoast SEO plugin. -->","yoast_head_json":{"title":"Wholesale Round Glass Bottles With Stoppers | 50ml Liquor Bottles Bulk","description":"Buy Wholesale Round Glass Bottles With Stoopers Factory Outlet&Cheap Price. High Quality 50ml Liquor Bottles Bulk With Free Sample. Get Quote Now","robots":{"index":"index","follow":"follow","max-snippet":"max-snippet:-1","max-image-preview":"max-image-preview:large","max-video-preview":"max-video-preview:-1"},"canonical":"https:\/\/ruishengglassco.com\/pt\/produto\/rs10350ml-garrafa-redonda-de-licor-a-granel","og_locale":"pt_BR","og_type":"article","og_title":"Wholesale Round Glass Bottles With Stoppers | 50ml Liquor Bottles Bulk","og_description":"Buy Wholesale Round Glass Bottles With Stoopers Factory Outlet&Cheap Price. High Quality 50ml Liquor Bottles Bulk With Free Sample. Get Quote Now","og_url":"https:\/\/ruishengglassco.com\/pt\/produto\/rs10350ml-garrafa-redonda-de-licor-a-granel","article_publisher":"https:\/\/www.facebook.com\/ruishengglassbottles","article_modified_time":"2025-09-11T08:00:06+00:00","og_image":[{"width":400,"height":400,"url":"https:\/\/ruishengglassco.com\/wp-content\/uploads\/2025\/03\/RS103-50ml-Round-Liquor-Bottle-In-Bulk.webp","type":"image\/webp"}],"twitter_card":"summary_large_image","twitter_misc":{"Est. tempo de leitura":"2 minutos"},"schema":{"@context":"https:\/\/schema.org","@graph":[{"@type":"WebPage","@id":"https:\/\/ruishengglassco.com\/product\/rs10350ml-round-liquor-bottle-in-bulk","url":"https:\/\/ruishengglassco.com\/product\/rs10350ml-round-liquor-bottle-in-bulk","name":"Wholesale Round Glass Bottles With Stoppers | 50ml Liquor Bottles Bulk","isPartOf":{"@id":"https:\/\/ruishengglassco.com\/#website"},"datePublished":"2025-03-15T01:14:31+00:00","dateModified":"2025-09-11T08:00:06+00:00","description":"Buy Wholesale Round Glass Bottles With Stoopers Factory Outlet&Cheap Price. High Quality 50ml Liquor Bottles Bulk With Free Sample. Get Quote Now","breadcrumb":{"@id":"https:\/\/ruishengglassco.com\/product\/rs10350ml-round-liquor-bottle-in-bulk#breadcrumb"},"inLanguage":"pt-BR","potentialAction":[{"@type":"ReadAction","target":["https:\/\/ruishengglassco.com\/product\/rs10350ml-round-liquor-bottle-in-bulk"]}]},{"@type":"BreadcrumbList","@id":"https:\/\/ruishengglassco.com\/product\/rs10350ml-round-liquor-bottle-in-bulk#breadcrumb","itemListElement":[{"@type":"ListItem","position":1,"name":"Home","item":"https:\/\/ruishengglassco.com\/"},{"@type":"ListItem","position":2,"name":"Products","item":"https:\/\/ruishengglassco.com\/products"},{"@type":"ListItem","position":3,"name":"RS103:50ml Round Liquor Bottle In Bulk"}]},{"@type":"WebSite","@id":"https:\/\/ruishengglassco.com\/#website","url":"https:\/\/ruishengglassco.com\/","name":"Ruisheng Glass","description":"","publisher":{"@id":"https:\/\/ruishengglassco.com\/#organization"},"potentialAction":[{"@type":"SearchAction","target":{"@type":"EntryPoint","urlTemplate":"https:\/\/ruishengglassco.com\/?s={search_term_string}"},"query-input":"required name=search_term_string"}],"inLanguage":"pt-BR"},{"@type":"Organization","@id":"https:\/\/ruishengglassco.com\/#organization","name":"Shandong Yuncheng Ruisheng Glass Co., Ltd","url":"https:\/\/ruishengglassco.com\/","logo":{"@type":"ImageObject","inLanguage":"pt-BR","@id":"https:\/\/ruishengglassco.com\/#\/schema\/logo\/image\/","url":"https:\/\/ruishengglassco.com\/wp-content\/uploads\/2023\/09\/ruisheng_logo_icon.webp","contentUrl":"https:\/\/ruishengglassco.com\/wp-content\/uploads\/2023\/09\/ruisheng_logo_icon.webp","width":400,"height":233,"caption":"Shandong Yuncheng Ruisheng Glass Co., Ltd"},"image":{"@id":"https:\/\/ruishengglassco.com\/#\/schema\/logo\/image\/"},"sameAs":["https:\/\/www.facebook.com\/ruishengglassbottles","https:\/\/www.instagram.com\/Ruishengglassbottlewholesales\/","https:\/\/www.youtube.com\/channel\/UCMmbMNGwsL-XrtjfSFLCdVQ"]}]}},"_links":{"self":[{"href":"https:\/\/ruishengglassco.com\/pt\/wp-json\/wp\/v2\/product\/4186","targetHints":{"allow":["GET"]}}],"collection":[{"href":"https:\/\/ruishengglassco.com\/pt\/wp-json\/wp\/v2\/product"}],"about":[{"href":"https:\/\/ruishengglassco.com\/pt\/wp-json\/wp\/v2\/types\/product"}],"replies":[{"embeddable":true,"href":"https:\/\/ruishengglassco.com\/pt\/wp-json\/wp\/v2\/comments?post=4186"}],"wp:featuredmedia":[{"embeddable":true,"href":"https:\/\/ruishengglassco.com\/pt\/wp-json\/wp\/v2\/media\/4187"}],"wp:attachment":[{"href":"https:\/\/ruishengglassco.com\/pt\/wp-json\/wp\/v2\/media?parent=4186"}],"wp:term":[{"taxonomy":"product_cat","embeddable":true,"href":"https:\/\/ruishengglassco.com\/pt\/wp-json\/wp\/v2\/product_cat?post=4186"}],"curies":[{"name":"wp","href":"https:\/\/api.w.org\/{rel}","templated":true}]}}