{"id":4183,"date":"2025-03-15T00:30:26","date_gmt":"2025-03-14T16:30:26","guid":{"rendered":"https:\/\/ruishengglassco.com\/?post_type=product&#038;p=4183"},"modified":"2025-09-11T16:51:37","modified_gmt":"2025-09-11T08:51:37","slug":"rs104-garrafas-de-vidro-para-bebidas-alcoolicas-a-granel-com-rolhas-no-atacado","status":"publish","type":"product","link":"https:\/\/ruishengglassco.com\/pt\/produto\/rs104-garrafas-de-vidro-para-bebidas-alcoolicas-a-granel-com-rolhas-no-atacado","title":{"rendered":"RS104: Fabricantes de garrafas de vidro para licor a granel com rolhas"},"content":{"rendered":"<p>Essa s\u00e9rie de garrafas de vidro a granel com rolhas \u00e9 um de nossos produtos mais vendidos. O material dessa garrafa de licor redonda transparente \u00e9 cristal extremamente branco. As garrafas de licor de vidro transparente permitem que os clientes vejam a qualidade do seu licor. Isso pode atrair mais compradores.<\/p>\n<p>Nossa empresa \u00e9 boa na produ\u00e7\u00e3o de garrafas de vidro de alta qualidade, portanto, garantimos que podemos produzir garrafas de vidro de alta qualidade. Se voc\u00ea gostar do design dessa garrafa, mas n\u00e3o estiver satisfeito com sua capacidade, podemos alterar a capacidade.<\/p>\n<p>Oferecemos principalmente garrafas de vidro de alta qualidade com rolhas. Nossos produtos incluem garrafas de vodca, brandy, u\u00edsque e licor, bem como garrafas de geleia e muito mais. Tamb\u00e9m podemos oferecer garrafas de vidro \u00e2mbar, garrafas verdes e garrafas de \u00e1gua. Nossos principais mercados s\u00e3o a Europa, os EUA, a Austr\u00e1lia, etc. E todos os produtos gozam de grande reputa\u00e7\u00e3o em termos de inova\u00e7\u00e3o e funcionalidade.<\/p>\n<p>Selecionamos cuidadosamente os materiais para nossas garrafas de vidro vazias de 750 ml. Esses materiais s\u00e3o obtidos em seus pa\u00edses de origem. Depois, usamos m\u00e1quinas avan\u00e7adas para transform\u00e1-los em garrafas de vidro.<\/p>\n<h2>As informa\u00e7\u00f5es sobre garrafas de vidro a granel com rolhas<\/h2>\n<ul>\n<li>Material principal: material branco cristalino, material extremamente branco<\/li>\n<li>Tampa: Corti\u00e7a<\/li>\n<li>Refer\u00eancia: RS104<\/li>\n<li>MOQ: 10000 PCS<\/li>\n<li>Capacidade: 750 ml<\/li>\n<li>Pcs\/Ctn: 24pcs<\/li>\n<li>Origem do local: Shandong, China<\/li>\n<li>Caracter\u00edstica: Ecologicamente correto<\/li>\n<\/ul>\n<p>Temos essa garrafa em estoque, e voc\u00ea pode esperar receb\u00ea-la muito em breve se fizer seu pedido. Tamb\u00e9m podemos fixar seu logotipo nessa garrafa. Podemos processar essa garrafa de v\u00e1rias maneiras, como impress\u00e3o, cobertura, pintura e outras. Convidamos amigos de todo o mundo para nos visitar! Organizaremos uma recep\u00e7\u00e3o para voc\u00ea.<\/p>\n<p>Essa garrafa de vidro exclusiva tem tampas que podem ser trocadas; podemos mudar sua boca para outra coisa.<\/p>\n<p>Podemos fazer isso se voc\u00ea quiser esculpir padr\u00f5es nele; podemos criar o padr\u00e3o que voc\u00ea quiser.<\/p>\n<p>Se estiver satisfeito com essa garrafa de licor redonda e transparente, entre em contato comigo em tempo h\u00e1bil. Se n\u00e3o gostar dela, poder\u00e1 dar uma olhada em nossas outras garrafas. Ou eu lhe darei o cat\u00e1logo e voc\u00ea poder\u00e1 escolher o que quiser. Se estiver interessado em garrafas de vidro a granel com rolhas, entre em contato conosco. Responderemos dentro de 24 horas.<\/p>","protected":false},"excerpt":{"rendered":"<p>Somos um fabricante e uma f\u00e1brica profissional de garrafas de vidro com mais de 10 anos de experi\u00eancia em fabrica\u00e7\u00e3o. Vendemos garrafas de vidro a granel com rolhas. Nosso principal produto s\u00e3o garrafas de licor de alta qualidade. Nossas garrafas para bebidas alco\u00f3licas s\u00e3o adequadas para embalar u\u00edsque, vodca, brandy, XO e tequila.<\/p>\n<p>Essa s\u00e9rie de garrafas de vidro redondas no atacado \u00e9 um dos produtos mais populares, que foi exportado para os EUA, Reino Unido, Canad\u00e1, R\u00fassia, It\u00e1lia, Alemanha, etc.<\/p>\n<p>Se estiver interessado em pre\u00e7os de garrafas de vidro redondas no atacado, entre em contato conosco.<\/p>","protected":false},"featured_media":4184,"comment_status":"closed","ping_status":"closed","template":"","meta":[],"product_cat":[40],"class_list":{"0":"post-4183","1":"product","2":"type-product","3":"status-publish","4":"has-post-thumbnail","6":"product_cat-750ml-liquor-bottle-manufacturer","8":"first","9":"instock","10":"shipping-taxable","11":"product-type-simple"},"yoast_head":"<!-- This site is optimized with the Yoast SEO plugin v22.0 - https:\/\/yoast.com\/wordpress\/plugins\/seo\/ -->\n<title>Bulk Glass Bottles With Corks | Round Clear Liquor Bottle Supplier<\/title>\n<meta name=\"description\" content=\"Are you searching for to buy round clear liquor bottles? Click here to bulk glass bottles with corks for liquor. Factory outlet&amp;Quality Assurance.\" \/>\n<meta name=\"robots\" content=\"index, follow, max-snippet:-1, max-image-preview:large, max-video-preview:-1\" \/>\n<link rel=\"canonical\" href=\"https:\/\/ruishengglassco.com\/pt\/produto\/rs104-garrafas-de-vidro-para-bebidas-alcoolicas-a-granel-com-rolhas-no-atacado\" \/>\n<meta property=\"og:locale\" content=\"pt_BR\" \/>\n<meta property=\"og:type\" content=\"article\" \/>\n<meta property=\"og:title\" content=\"Bulk Glass Bottles With Corks | Round Clear Liquor Bottle Supplier\" \/>\n<meta property=\"og:description\" content=\"Are you searching for to buy round clear liquor bottles? Click here to bulk glass bottles with corks for liquor. Factory outlet&amp;Quality Assurance.\" \/>\n<meta property=\"og:url\" content=\"https:\/\/ruishengglassco.com\/pt\/produto\/rs104-garrafas-de-vidro-para-bebidas-alcoolicas-a-granel-com-rolhas-no-atacado\" \/>\n<meta property=\"article:publisher\" content=\"https:\/\/www.facebook.com\/ruishengglassbottles\" \/>\n<meta property=\"article:modified_time\" content=\"2025-09-11T08:51:37+00:00\" \/>\n<meta property=\"og:image\" content=\"https:\/\/ruishengglassco.com\/wp-content\/uploads\/2025\/03\/RS104-Bulk-Glass-Liquor-Bottles-With-Corks-Wholesale.webp\" \/>\n\t<meta property=\"og:image:width\" content=\"800\" \/>\n\t<meta property=\"og:image:height\" content=\"800\" \/>\n\t<meta property=\"og:image:type\" content=\"image\/webp\" \/>\n<meta name=\"twitter:card\" content=\"summary_large_image\" \/>\n<meta name=\"twitter:label1\" content=\"Est. tempo de leitura\" \/>\n\t<meta name=\"twitter:data1\" content=\"2 minutos\" \/>\n<script type=\"application\/ld+json\" class=\"yoast-schema-graph\">{\"@context\":\"https:\/\/schema.org\",\"@graph\":[{\"@type\":\"WebPage\",\"@id\":\"https:\/\/ruishengglassco.com\/product\/rs104-bulk-glass-liquor-bottles-with-corks-wholesale\",\"url\":\"https:\/\/ruishengglassco.com\/product\/rs104-bulk-glass-liquor-bottles-with-corks-wholesale\",\"name\":\"Bulk Glass Bottles With Corks | Round Clear Liquor Bottle Supplier\",\"isPartOf\":{\"@id\":\"https:\/\/ruishengglassco.com\/#website\"},\"datePublished\":\"2025-03-14T16:30:26+00:00\",\"dateModified\":\"2025-09-11T08:51:37+00:00\",\"description\":\"Are you searching for to buy round clear liquor bottles? Click here to bulk glass bottles with corks for liquor. Factory outlet&Quality Assurance.\",\"breadcrumb\":{\"@id\":\"https:\/\/ruishengglassco.com\/product\/rs104-bulk-glass-liquor-bottles-with-corks-wholesale#breadcrumb\"},\"inLanguage\":\"pt-BR\",\"potentialAction\":[{\"@type\":\"ReadAction\",\"target\":[\"https:\/\/ruishengglassco.com\/product\/rs104-bulk-glass-liquor-bottles-with-corks-wholesale\"]}]},{\"@type\":\"BreadcrumbList\",\"@id\":\"https:\/\/ruishengglassco.com\/product\/rs104-bulk-glass-liquor-bottles-with-corks-wholesale#breadcrumb\",\"itemListElement\":[{\"@type\":\"ListItem\",\"position\":1,\"name\":\"Home\",\"item\":\"https:\/\/ruishengglassco.com\/\"},{\"@type\":\"ListItem\",\"position\":2,\"name\":\"Products\",\"item\":\"https:\/\/ruishengglassco.com\/products\"},{\"@type\":\"ListItem\",\"position\":3,\"name\":\"RS104: Bulk Glass Liquor Bottles With Corks Manufacturers\"}]},{\"@type\":\"WebSite\",\"@id\":\"https:\/\/ruishengglassco.com\/#website\",\"url\":\"https:\/\/ruishengglassco.com\/\",\"name\":\"Ruisheng Glass\",\"description\":\"\",\"publisher\":{\"@id\":\"https:\/\/ruishengglassco.com\/#organization\"},\"potentialAction\":[{\"@type\":\"SearchAction\",\"target\":{\"@type\":\"EntryPoint\",\"urlTemplate\":\"https:\/\/ruishengglassco.com\/?s={search_term_string}\"},\"query-input\":\"required name=search_term_string\"}],\"inLanguage\":\"pt-BR\"},{\"@type\":\"Organization\",\"@id\":\"https:\/\/ruishengglassco.com\/#organization\",\"name\":\"Shandong Yuncheng Ruisheng Glass Co., Ltd\",\"url\":\"https:\/\/ruishengglassco.com\/\",\"logo\":{\"@type\":\"ImageObject\",\"inLanguage\":\"pt-BR\",\"@id\":\"https:\/\/ruishengglassco.com\/#\/schema\/logo\/image\/\",\"url\":\"https:\/\/ruishengglassco.com\/wp-content\/uploads\/2023\/09\/ruisheng_logo_icon.webp\",\"contentUrl\":\"https:\/\/ruishengglassco.com\/wp-content\/uploads\/2023\/09\/ruisheng_logo_icon.webp\",\"width\":400,\"height\":233,\"caption\":\"Shandong Yuncheng Ruisheng Glass Co., Ltd\"},\"image\":{\"@id\":\"https:\/\/ruishengglassco.com\/#\/schema\/logo\/image\/\"},\"sameAs\":[\"https:\/\/www.facebook.com\/ruishengglassbottles\",\"https:\/\/www.instagram.com\/Ruishengglassbottlewholesales\/\",\"https:\/\/www.youtube.com\/channel\/UCMmbMNGwsL-XrtjfSFLCdVQ\"]}]}<\/script>\n<!-- \/ Yoast SEO plugin. -->","yoast_head_json":{"title":"Bulk Glass Bottles With Corks | Round Clear Liquor Bottle Supplier","description":"Are you searching for to buy round clear liquor bottles? Click here to bulk glass bottles with corks for liquor. Factory outlet&Quality Assurance.","robots":{"index":"index","follow":"follow","max-snippet":"max-snippet:-1","max-image-preview":"max-image-preview:large","max-video-preview":"max-video-preview:-1"},"canonical":"https:\/\/ruishengglassco.com\/pt\/produto\/rs104-garrafas-de-vidro-para-bebidas-alcoolicas-a-granel-com-rolhas-no-atacado","og_locale":"pt_BR","og_type":"article","og_title":"Bulk Glass Bottles With Corks | Round Clear Liquor Bottle Supplier","og_description":"Are you searching for to buy round clear liquor bottles? Click here to bulk glass bottles with corks for liquor. Factory outlet&Quality Assurance.","og_url":"https:\/\/ruishengglassco.com\/pt\/produto\/rs104-garrafas-de-vidro-para-bebidas-alcoolicas-a-granel-com-rolhas-no-atacado","article_publisher":"https:\/\/www.facebook.com\/ruishengglassbottles","article_modified_time":"2025-09-11T08:51:37+00:00","og_image":[{"width":800,"height":800,"url":"https:\/\/ruishengglassco.com\/wp-content\/uploads\/2025\/03\/RS104-Bulk-Glass-Liquor-Bottles-With-Corks-Wholesale.webp","type":"image\/webp"}],"twitter_card":"summary_large_image","twitter_misc":{"Est. tempo de leitura":"2 minutos"},"schema":{"@context":"https:\/\/schema.org","@graph":[{"@type":"WebPage","@id":"https:\/\/ruishengglassco.com\/product\/rs104-bulk-glass-liquor-bottles-with-corks-wholesale","url":"https:\/\/ruishengglassco.com\/product\/rs104-bulk-glass-liquor-bottles-with-corks-wholesale","name":"Bulk Glass Bottles With Corks | Round Clear Liquor Bottle Supplier","isPartOf":{"@id":"https:\/\/ruishengglassco.com\/#website"},"datePublished":"2025-03-14T16:30:26+00:00","dateModified":"2025-09-11T08:51:37+00:00","description":"Are you searching for to buy round clear liquor bottles? Click here to bulk glass bottles with corks for liquor. Factory outlet&Quality Assurance.","breadcrumb":{"@id":"https:\/\/ruishengglassco.com\/product\/rs104-bulk-glass-liquor-bottles-with-corks-wholesale#breadcrumb"},"inLanguage":"pt-BR","potentialAction":[{"@type":"ReadAction","target":["https:\/\/ruishengglassco.com\/product\/rs104-bulk-glass-liquor-bottles-with-corks-wholesale"]}]},{"@type":"BreadcrumbList","@id":"https:\/\/ruishengglassco.com\/product\/rs104-bulk-glass-liquor-bottles-with-corks-wholesale#breadcrumb","itemListElement":[{"@type":"ListItem","position":1,"name":"Home","item":"https:\/\/ruishengglassco.com\/"},{"@type":"ListItem","position":2,"name":"Products","item":"https:\/\/ruishengglassco.com\/products"},{"@type":"ListItem","position":3,"name":"RS104: Bulk Glass Liquor Bottles With Corks Manufacturers"}]},{"@type":"WebSite","@id":"https:\/\/ruishengglassco.com\/#website","url":"https:\/\/ruishengglassco.com\/","name":"Ruisheng Glass","description":"","publisher":{"@id":"https:\/\/ruishengglassco.com\/#organization"},"potentialAction":[{"@type":"SearchAction","target":{"@type":"EntryPoint","urlTemplate":"https:\/\/ruishengglassco.com\/?s={search_term_string}"},"query-input":"required name=search_term_string"}],"inLanguage":"pt-BR"},{"@type":"Organization","@id":"https:\/\/ruishengglassco.com\/#organization","name":"Shandong Yuncheng Ruisheng Glass Co., Ltd","url":"https:\/\/ruishengglassco.com\/","logo":{"@type":"ImageObject","inLanguage":"pt-BR","@id":"https:\/\/ruishengglassco.com\/#\/schema\/logo\/image\/","url":"https:\/\/ruishengglassco.com\/wp-content\/uploads\/2023\/09\/ruisheng_logo_icon.webp","contentUrl":"https:\/\/ruishengglassco.com\/wp-content\/uploads\/2023\/09\/ruisheng_logo_icon.webp","width":400,"height":233,"caption":"Shandong Yuncheng Ruisheng Glass Co., Ltd"},"image":{"@id":"https:\/\/ruishengglassco.com\/#\/schema\/logo\/image\/"},"sameAs":["https:\/\/www.facebook.com\/ruishengglassbottles","https:\/\/www.instagram.com\/Ruishengglassbottlewholesales\/","https:\/\/www.youtube.com\/channel\/UCMmbMNGwsL-XrtjfSFLCdVQ"]}]}},"_links":{"self":[{"href":"https:\/\/ruishengglassco.com\/pt\/wp-json\/wp\/v2\/product\/4183","targetHints":{"allow":["GET"]}}],"collection":[{"href":"https:\/\/ruishengglassco.com\/pt\/wp-json\/wp\/v2\/product"}],"about":[{"href":"https:\/\/ruishengglassco.com\/pt\/wp-json\/wp\/v2\/types\/product"}],"replies":[{"embeddable":true,"href":"https:\/\/ruishengglassco.com\/pt\/wp-json\/wp\/v2\/comments?post=4183"}],"wp:featuredmedia":[{"embeddable":true,"href":"https:\/\/ruishengglassco.com\/pt\/wp-json\/wp\/v2\/media\/4184"}],"wp:attachment":[{"href":"https:\/\/ruishengglassco.com\/pt\/wp-json\/wp\/v2\/media?parent=4183"}],"wp:term":[{"taxonomy":"product_cat","embeddable":true,"href":"https:\/\/ruishengglassco.com\/pt\/wp-json\/wp\/v2\/product_cat?post=4183"}],"curies":[{"name":"wp","href":"https:\/\/api.w.org\/{rel}","templated":true}]}}