{"id":4179,"date":"2025-03-15T00:25:45","date_gmt":"2025-03-14T16:25:45","guid":{"rendered":"https:\/\/ruishengglassco.com\/?post_type=product&#038;p=4179"},"modified":"2025-09-11T16:00:58","modified_gmt":"2025-09-11T08:00:58","slug":"rs106-garrafas-de-licor-de-50-ml-com-rolhas-no-atacado","status":"publish","type":"product","link":"https:\/\/ruishengglassco.com\/pt\/produto\/rs106-garrafas-de-licor-de-50-ml-com-rolhas-no-atacado","title":{"rendered":"RS106: Garrafas de licor de 50 ml com rolhas no atacado"},"content":{"rendered":"<p><span data-preserver-spaces=\"true\">Esses\u00a0<\/span><em><span data-preserver-spaces=\"true\">Garrafas de licor de 50 ml<\/span><\/em><span data-preserver-spaces=\"true\"> As garrafas de vidro de 50 ml da nossa f\u00e1brica s\u00e3o uma das garrafas de vidro de 50 ml com rolhas no atacado. Essa mini garrafa de vidro de 50 ml \u00e9 quadrada. Voc\u00ea pode usar essa garrafa para conter qualquer l\u00edquido, como bebida, \u00f3leo, perfume ou outros l\u00edquidos.<\/span><\/p>\n<p><span data-preserver-spaces=\"true\">Esta garrafa de licor de vidro de 50 ml com rolhas <\/span><span data-preserver-spaces=\"true\">\u00e9 feito<\/span><span data-preserver-spaces=\"true\"> de vidro flint de alta qualidade, tamb\u00e9m conhecido como vidro branco cristalino. Esse frasco de vidro \u00e9 \u00f3bvio e muito s\u00f3lido. O tipo de veda\u00e7\u00e3o \u00e9 uma tampa de rosca e, se necess\u00e1rio, voc\u00ea pode troc\u00e1-la.<\/span><\/p>\n<p><span data-preserver-spaces=\"true\">Podemos fornecer servi\u00e7os de impress\u00e3o, como serigrafia e hot stamping, etc., nas garrafas de vidro pequenas. E tamb\u00e9m podemos congelar a superf\u00edcie.<\/span><\/p>\n<p><span data-preserver-spaces=\"true\">O tamanho dessas garrafas vazias de bebidas alco\u00f3licas para venda \u00e9 de 130x70 mm, e normalmente as embalamos em caixas de 30 unidades.<\/span><\/p>\n<h2><span data-preserver-spaces=\"true\">A maneira de embalar essas garrafas de licor de 50 ml com rolhas no atacado<\/span><\/h2>\n<p><span data-preserver-spaces=\"true\">H\u00e1 tr\u00eas maneiras de usar essas mini garrafas de licor.<\/span><\/p>\n<p><span data-preserver-spaces=\"true\">A primeira maneira \u00e9 a embalagem cartonada. Esse m\u00e9todo de embalagem <\/span><span data-preserver-spaces=\"true\">est\u00e1 de acordo com<\/span><span data-preserver-spaces=\"true\"> com o padr\u00e3o internacional de embalagem para exporta\u00e7\u00e3o. A caixa de papel\u00e3o \u00e9 embalada com divis\u00f3rias de papel\u00e3o ondulado.<\/span><\/p>\n<p><span data-preserver-spaces=\"true\">A segunda maneira \u00e9 a embalagem de paletes. Esse palete n\u00e3o \u00e9 fumigado e seu tamanho padr\u00e3o \u00e9 100x120cm. Geralmente usamos papel pl\u00e1stico para embrulhar as garrafas e os paletes. Isso garante a seguran\u00e7a das garrafas de vidro em tr\u00e2nsito.<\/span><\/p>\n<p><span data-preserver-spaces=\"true\">A \u00faltima maneira \u00e9 a embalagem em caixas e paletes. Essa \u00e9 a maneira mais segura para as garrafas de vidro. A caixa de papel\u00e3o pode ser uma caixa de papel\u00e3o padr\u00e3o para exporta\u00e7\u00e3o.<\/span><\/p>\n<p><span data-preserver-spaces=\"true\">Como somos um fabricante de garrafas de vidro, temos milhares de moldes de garrafas de vidro no local. Talvez um deles seja o que voc\u00ea precisa. Se voc\u00ea quiser fazer garrafas de vidro personalizadas, tamb\u00e9m podemos projetar e fabric\u00e1-las para voc\u00ea ap\u00f3s receber suas demandas.<\/span><\/p>\n<p><span data-preserver-spaces=\"true\">Tamb\u00e9m podemos oferecer <\/span><span data-preserver-spaces=\"true\">diferente<\/span><span data-preserver-spaces=\"true\"> tampas para as minigarrafas vazias de bebidas alco\u00f3licas, <\/span><span data-preserver-spaces=\"true\">tais como<\/span><span data-preserver-spaces=\"true\"> rolha, tampa de rosca, <\/span><span data-preserver-spaces=\"true\">guala<\/span><span data-preserver-spaces=\"true\"> bon\u00e9, <\/span><span data-preserver-spaces=\"true\">e assim por diante<\/span><span data-preserver-spaces=\"true\">.<\/span><span data-preserver-spaces=\"true\">\u00a0 Se tiver alguma d\u00favida sobre as garrafas de vidro, n\u00e3o hesite em entrar em contato conosco.<\/span><\/p>","protected":false},"excerpt":{"rendered":"<table>\n<tbody>\n<tr>\n<th colspan=\"2\">Garrafas pequenas de licor de 50 ml no atacado<\/th>\n<\/tr>\n<tr>\n<td>Refer\u00eancia:<\/td>\n<td>RS106<\/td>\n<\/tr>\n<tr>\n<td>Material principal:<\/td>\n<td>Vidro super flint (esse material tamb\u00e9m \u00e9 chamado de vidro branco cristal)<\/td>\n<\/tr>\n<tr>\n<td>Bon\u00e9:<\/td>\n<td>Tampa de corti\u00e7a\/coroa<\/td>\n<\/tr>\n<tr>\n<td>Capacidade:<\/td>\n<td>50 ml<\/td>\n<\/tr>\n<tr>\n<td>Recurso:<\/td>\n<td>Ecologicamente correto<\/td>\n<\/tr>\n<tr>\n<td>MOQ:<\/td>\n<td>10000 PCS<\/td>\n<\/tr>\n<tr>\n<td>Forma de embalagem:<\/td>\n<td>Caixa padr\u00e3o de exporta\u00e7\u00e3o \/ palete \/ caixa padr\u00e3o de exporta\u00e7\u00e3o e palete<\/td>\n<\/tr>\n<tr>\n<td>OEM\/ODM:<\/td>\n<td>Bem-vindo<\/td>\n<\/tr>\n<tr>\n<td>Origem do local:<\/td>\n<td>Shandong, China<\/td>\n<\/tr>\n<tr>\n<td>Pcs\/Ctn:<\/td>\n<td>24 unidades ou de acordo com a demanda do cliente<\/td>\n<\/tr>\n<\/tbody>\n<\/table>","protected":false},"featured_media":4180,"comment_status":"closed","ping_status":"closed","template":"","meta":[],"product_cat":[48],"class_list":{"0":"post-4179","1":"product","2":"type-product","3":"status-publish","4":"has-post-thumbnail","6":"product_cat-50ml-mini-liquor-bottle-manufacturer","8":"first","9":"instock","10":"shipping-taxable","11":"product-type-simple"},"yoast_head":"<!-- This site is optimized with the Yoast SEO plugin v22.0 - https:\/\/yoast.com\/wordpress\/plugins\/seo\/ -->\n<title>50ml Liquor Bottles With Corks Wholesale | Mini Spirit Bottles Suppliers<\/title>\n<meta name=\"description\" content=\"Buy 50ml Liquor Bottles With Corks Wholesale From Mini Spirit Bottles Suppliers. Factory Outlet Price&amp;High Quality Assurance. Get Quote Here.\" \/>\n<meta name=\"robots\" content=\"index, follow, max-snippet:-1, max-image-preview:large, max-video-preview:-1\" \/>\n<link rel=\"canonical\" href=\"https:\/\/ruishengglassco.com\/pt\/produto\/rs106-garrafas-de-licor-de-50-ml-com-rolhas-no-atacado\" \/>\n<meta property=\"og:locale\" content=\"pt_BR\" \/>\n<meta property=\"og:type\" content=\"article\" \/>\n<meta property=\"og:title\" content=\"50ml Liquor Bottles With Corks Wholesale | Mini Spirit Bottles Suppliers\" \/>\n<meta property=\"og:description\" content=\"Buy 50ml Liquor Bottles With Corks Wholesale From Mini Spirit Bottles Suppliers. Factory Outlet Price&amp;High Quality Assurance. Get Quote Here.\" \/>\n<meta property=\"og:url\" content=\"https:\/\/ruishengglassco.com\/pt\/produto\/rs106-garrafas-de-licor-de-50-ml-com-rolhas-no-atacado\" \/>\n<meta property=\"article:publisher\" content=\"https:\/\/www.facebook.com\/ruishengglassbottles\" \/>\n<meta property=\"article:modified_time\" content=\"2025-09-11T08:00:58+00:00\" \/>\n<meta property=\"og:image\" content=\"https:\/\/ruishengglassco.com\/wp-content\/uploads\/2025\/03\/RS106-Wholesale-50ml-Liquor-Bottles-With-Corks.webp\" \/>\n\t<meta property=\"og:image:width\" content=\"800\" \/>\n\t<meta property=\"og:image:height\" content=\"800\" \/>\n\t<meta property=\"og:image:type\" content=\"image\/webp\" \/>\n<meta name=\"twitter:card\" content=\"summary_large_image\" \/>\n<meta name=\"twitter:label1\" content=\"Est. tempo de leitura\" \/>\n\t<meta name=\"twitter:data1\" content=\"2 minutos\" \/>\n<script type=\"application\/ld+json\" class=\"yoast-schema-graph\">{\"@context\":\"https:\/\/schema.org\",\"@graph\":[{\"@type\":\"WebPage\",\"@id\":\"https:\/\/ruishengglassco.com\/product\/rs106-wholesale-50ml-liquor-bottles-with-corks\",\"url\":\"https:\/\/ruishengglassco.com\/product\/rs106-wholesale-50ml-liquor-bottles-with-corks\",\"name\":\"50ml Liquor Bottles With Corks Wholesale | Mini Spirit Bottles Suppliers\",\"isPartOf\":{\"@id\":\"https:\/\/ruishengglassco.com\/#website\"},\"datePublished\":\"2025-03-14T16:25:45+00:00\",\"dateModified\":\"2025-09-11T08:00:58+00:00\",\"description\":\"Buy 50ml Liquor Bottles With Corks Wholesale From Mini Spirit Bottles Suppliers. Factory Outlet Price&High Quality Assurance. Get Quote Here.\",\"breadcrumb\":{\"@id\":\"https:\/\/ruishengglassco.com\/product\/rs106-wholesale-50ml-liquor-bottles-with-corks#breadcrumb\"},\"inLanguage\":\"pt-BR\",\"potentialAction\":[{\"@type\":\"ReadAction\",\"target\":[\"https:\/\/ruishengglassco.com\/product\/rs106-wholesale-50ml-liquor-bottles-with-corks\"]}]},{\"@type\":\"BreadcrumbList\",\"@id\":\"https:\/\/ruishengglassco.com\/product\/rs106-wholesale-50ml-liquor-bottles-with-corks#breadcrumb\",\"itemListElement\":[{\"@type\":\"ListItem\",\"position\":1,\"name\":\"Home\",\"item\":\"https:\/\/ruishengglassco.com\/\"},{\"@type\":\"ListItem\",\"position\":2,\"name\":\"Products\",\"item\":\"https:\/\/ruishengglassco.com\/products\"},{\"@type\":\"ListItem\",\"position\":3,\"name\":\"RS106: Wholesale 50ml Liquor Bottles With Corks\"}]},{\"@type\":\"WebSite\",\"@id\":\"https:\/\/ruishengglassco.com\/#website\",\"url\":\"https:\/\/ruishengglassco.com\/\",\"name\":\"Ruisheng Glass\",\"description\":\"\",\"publisher\":{\"@id\":\"https:\/\/ruishengglassco.com\/#organization\"},\"potentialAction\":[{\"@type\":\"SearchAction\",\"target\":{\"@type\":\"EntryPoint\",\"urlTemplate\":\"https:\/\/ruishengglassco.com\/?s={search_term_string}\"},\"query-input\":\"required name=search_term_string\"}],\"inLanguage\":\"pt-BR\"},{\"@type\":\"Organization\",\"@id\":\"https:\/\/ruishengglassco.com\/#organization\",\"name\":\"Shandong Yuncheng Ruisheng Glass Co., Ltd\",\"url\":\"https:\/\/ruishengglassco.com\/\",\"logo\":{\"@type\":\"ImageObject\",\"inLanguage\":\"pt-BR\",\"@id\":\"https:\/\/ruishengglassco.com\/#\/schema\/logo\/image\/\",\"url\":\"https:\/\/ruishengglassco.com\/wp-content\/uploads\/2023\/09\/ruisheng_logo_icon.webp\",\"contentUrl\":\"https:\/\/ruishengglassco.com\/wp-content\/uploads\/2023\/09\/ruisheng_logo_icon.webp\",\"width\":400,\"height\":233,\"caption\":\"Shandong Yuncheng Ruisheng Glass Co., Ltd\"},\"image\":{\"@id\":\"https:\/\/ruishengglassco.com\/#\/schema\/logo\/image\/\"},\"sameAs\":[\"https:\/\/www.facebook.com\/ruishengglassbottles\",\"https:\/\/www.instagram.com\/Ruishengglassbottlewholesales\/\",\"https:\/\/www.youtube.com\/channel\/UCMmbMNGwsL-XrtjfSFLCdVQ\"]}]}<\/script>\n<!-- \/ Yoast SEO plugin. -->","yoast_head_json":{"title":"50ml Liquor Bottles With Corks Wholesale | Mini Spirit Bottles Suppliers","description":"Buy 50ml Liquor Bottles With Corks Wholesale From Mini Spirit Bottles Suppliers. Factory Outlet Price&High Quality Assurance. Get Quote Here.","robots":{"index":"index","follow":"follow","max-snippet":"max-snippet:-1","max-image-preview":"max-image-preview:large","max-video-preview":"max-video-preview:-1"},"canonical":"https:\/\/ruishengglassco.com\/pt\/produto\/rs106-garrafas-de-licor-de-50-ml-com-rolhas-no-atacado","og_locale":"pt_BR","og_type":"article","og_title":"50ml Liquor Bottles With Corks Wholesale | Mini Spirit Bottles Suppliers","og_description":"Buy 50ml Liquor Bottles With Corks Wholesale From Mini Spirit Bottles Suppliers. Factory Outlet Price&High Quality Assurance. Get Quote Here.","og_url":"https:\/\/ruishengglassco.com\/pt\/produto\/rs106-garrafas-de-licor-de-50-ml-com-rolhas-no-atacado","article_publisher":"https:\/\/www.facebook.com\/ruishengglassbottles","article_modified_time":"2025-09-11T08:00:58+00:00","og_image":[{"width":800,"height":800,"url":"https:\/\/ruishengglassco.com\/wp-content\/uploads\/2025\/03\/RS106-Wholesale-50ml-Liquor-Bottles-With-Corks.webp","type":"image\/webp"}],"twitter_card":"summary_large_image","twitter_misc":{"Est. tempo de leitura":"2 minutos"},"schema":{"@context":"https:\/\/schema.org","@graph":[{"@type":"WebPage","@id":"https:\/\/ruishengglassco.com\/product\/rs106-wholesale-50ml-liquor-bottles-with-corks","url":"https:\/\/ruishengglassco.com\/product\/rs106-wholesale-50ml-liquor-bottles-with-corks","name":"50ml Liquor Bottles With Corks Wholesale | Mini Spirit Bottles Suppliers","isPartOf":{"@id":"https:\/\/ruishengglassco.com\/#website"},"datePublished":"2025-03-14T16:25:45+00:00","dateModified":"2025-09-11T08:00:58+00:00","description":"Buy 50ml Liquor Bottles With Corks Wholesale From Mini Spirit Bottles Suppliers. Factory Outlet Price&High Quality Assurance. Get Quote Here.","breadcrumb":{"@id":"https:\/\/ruishengglassco.com\/product\/rs106-wholesale-50ml-liquor-bottles-with-corks#breadcrumb"},"inLanguage":"pt-BR","potentialAction":[{"@type":"ReadAction","target":["https:\/\/ruishengglassco.com\/product\/rs106-wholesale-50ml-liquor-bottles-with-corks"]}]},{"@type":"BreadcrumbList","@id":"https:\/\/ruishengglassco.com\/product\/rs106-wholesale-50ml-liquor-bottles-with-corks#breadcrumb","itemListElement":[{"@type":"ListItem","position":1,"name":"Home","item":"https:\/\/ruishengglassco.com\/"},{"@type":"ListItem","position":2,"name":"Products","item":"https:\/\/ruishengglassco.com\/products"},{"@type":"ListItem","position":3,"name":"RS106: Wholesale 50ml Liquor Bottles With Corks"}]},{"@type":"WebSite","@id":"https:\/\/ruishengglassco.com\/#website","url":"https:\/\/ruishengglassco.com\/","name":"Ruisheng Glass","description":"","publisher":{"@id":"https:\/\/ruishengglassco.com\/#organization"},"potentialAction":[{"@type":"SearchAction","target":{"@type":"EntryPoint","urlTemplate":"https:\/\/ruishengglassco.com\/?s={search_term_string}"},"query-input":"required name=search_term_string"}],"inLanguage":"pt-BR"},{"@type":"Organization","@id":"https:\/\/ruishengglassco.com\/#organization","name":"Shandong Yuncheng Ruisheng Glass Co., Ltd","url":"https:\/\/ruishengglassco.com\/","logo":{"@type":"ImageObject","inLanguage":"pt-BR","@id":"https:\/\/ruishengglassco.com\/#\/schema\/logo\/image\/","url":"https:\/\/ruishengglassco.com\/wp-content\/uploads\/2023\/09\/ruisheng_logo_icon.webp","contentUrl":"https:\/\/ruishengglassco.com\/wp-content\/uploads\/2023\/09\/ruisheng_logo_icon.webp","width":400,"height":233,"caption":"Shandong Yuncheng Ruisheng Glass Co., Ltd"},"image":{"@id":"https:\/\/ruishengglassco.com\/#\/schema\/logo\/image\/"},"sameAs":["https:\/\/www.facebook.com\/ruishengglassbottles","https:\/\/www.instagram.com\/Ruishengglassbottlewholesales\/","https:\/\/www.youtube.com\/channel\/UCMmbMNGwsL-XrtjfSFLCdVQ"]}]}},"_links":{"self":[{"href":"https:\/\/ruishengglassco.com\/pt\/wp-json\/wp\/v2\/product\/4179","targetHints":{"allow":["GET"]}}],"collection":[{"href":"https:\/\/ruishengglassco.com\/pt\/wp-json\/wp\/v2\/product"}],"about":[{"href":"https:\/\/ruishengglassco.com\/pt\/wp-json\/wp\/v2\/types\/product"}],"replies":[{"embeddable":true,"href":"https:\/\/ruishengglassco.com\/pt\/wp-json\/wp\/v2\/comments?post=4179"}],"wp:featuredmedia":[{"embeddable":true,"href":"https:\/\/ruishengglassco.com\/pt\/wp-json\/wp\/v2\/media\/4180"}],"wp:attachment":[{"href":"https:\/\/ruishengglassco.com\/pt\/wp-json\/wp\/v2\/media?parent=4179"}],"wp:term":[{"taxonomy":"product_cat","embeddable":true,"href":"https:\/\/ruishengglassco.com\/pt\/wp-json\/wp\/v2\/product_cat?post=4179"}],"curies":[{"name":"wp","href":"https:\/\/api.w.org\/{rel}","templated":true}]}}