{"id":4173,"date":"2025-03-15T00:19:29","date_gmt":"2025-03-14T16:19:29","guid":{"rendered":"https:\/\/ruishengglassco.com\/?post_type=product&#038;p=4173"},"modified":"2025-07-16T15:28:37","modified_gmt":"2025-07-16T07:28:37","slug":"rs109700ml-fornecedores-de-garrafas-de-vidro-para-bebidas-alcoolicas-de-1000ml","status":"publish","type":"product","link":"https:\/\/ruishengglassco.com\/pt\/produto\/rs109700ml-fornecedores-de-garrafas-de-vidro-para-bebidas-alcoolicas-de-1000ml","title":{"rendered":"RS109:Garrafa de licor de vidro de 700 ml e 1000 ml Fornecedores"},"content":{"rendered":"<div class=\"\" data-block=\"true\" data-editor=\"fjt74\" data-offset-key=\"de3pj-0-0\">\n<div class=\"public-DraftStyleDefault-block public-DraftStyleDefault-ltr\" data-offset-key=\"de3pj-0-0\">\n<p><span data-preserver-spaces=\"true\">Shandong Yuncheng Ruisheng Glass Co, <\/span><span data-preserver-spaces=\"true\">Ltda.<\/span><span data-preserver-spaces=\"true\"> \u00e9 um dos vidros espirituosos <\/span><span data-preserver-spaces=\"true\">fornecedores de garrafas<\/span><span data-preserver-spaces=\"true\">, <\/span><strong><em><span data-preserver-spaces=\"true\">garrafas de licor no atacado<\/span><\/em><\/strong><span data-preserver-spaces=\"true\"> 700 ml<\/span><span data-preserver-spaces=\"true\">, 750ml,<\/span><span data-preserver-spaces=\"true\"> 1000ml, <\/span><span data-preserver-spaces=\"true\">e<\/span><span data-preserver-spaces=\"true\"> muitos outros <\/span><span data-preserver-spaces=\"true\">garrafas de vidro com capacidade<\/span><span data-preserver-spaces=\"true\"> para bebidas alco\u00f3licas.<\/span><span data-preserver-spaces=\"true\">\u00a0 Em nossa f\u00e1brica, produzimos uma variedade de l\u00edquidos<\/span><span data-preserver-spaces=\"true\"> garrafas de vidro, inclusive garrafas de vidro para vodca e brandy, <\/span><span data-preserver-spaces=\"true\">garrafas de gim e muito mais. N\u00e3o s\u00f3 produzimos garrafas de vidro de alto n\u00edvel, mas tamb\u00e9m fabricamos garrafas de vidro de n\u00edvel m\u00e9dio.<\/span><\/p>\n<p><span data-preserver-spaces=\"true\">\u00a0<\/span><\/p>\n<p><span data-preserver-spaces=\"true\">Aqui, voc\u00ea ver\u00e1 uma s\u00e9rie de garrafas de vidro redondas <\/span><span data-preserver-spaces=\"true\">como 500 ml<\/span><span data-preserver-spaces=\"true\">, <\/span><span data-preserver-spaces=\"true\">700 ml, 750 ml e<\/span><span data-preserver-spaces=\"true\"> 1000ml.<\/span> <span data-preserver-spaces=\"true\">Podemos oferecer garrafas de vidro transparente, garrafas de vidro fosco e<\/span> <span data-preserver-spaces=\"true\">garrafas de vidro pintadas<\/span><span data-preserver-spaces=\"true\">Isso est\u00e1 de acordo com<\/span><span data-preserver-spaces=\"true\"> para sua <\/span><span data-preserver-spaces=\"true\">demandas<\/span><span data-preserver-spaces=\"true\">.<\/span><span data-preserver-spaces=\"true\"> Se precisar de um logotipo, tamb\u00e9m podemos criar um logotipo para serigrafia, um logotipo para decalque ou<\/span> <span data-preserver-spaces=\"true\">Logotipo em relevo com hot stamp nas garrafas.<\/span><\/p>\n<p><span data-preserver-spaces=\"true\">\u00a0<\/span><\/p>\n<p><span data-preserver-spaces=\"true\">Essa garrafa de vidro para bebidas alco\u00f3licas tem acabamento em corti\u00e7a; normalmente usamos corti\u00e7a de alto pol\u00edmero, corti\u00e7a complexa, corti\u00e7a de madeira e outros tipos de corti\u00e7a. <\/span><span data-preserver-spaces=\"true\">Nossas garrafas de vidro de 1000 ml <\/span><span data-preserver-spaces=\"true\">tamb\u00e9m<\/span><span data-preserver-spaces=\"true\"> pode mudar seu traje bucal <\/span><span data-preserver-spaces=\"true\">para o<\/span><span data-preserver-spaces=\"true\"> tampa de rosca.<\/span> <span data-preserver-spaces=\"true\">E sobre<\/span><span data-preserver-spaces=\"true\"> a tampa de rosca, n\u00f3s <\/span><span data-preserver-spaces=\"true\">pode<\/span><span data-preserver-spaces=\"true\"> oferecem uma tampa de rosca curta, uma tampa de rosca m\u00e9dia e uma tampa de rosca longa.<\/span><\/p>\n<p><span data-preserver-spaces=\"true\">\u00a0<\/span><\/p>\n<p><span data-preserver-spaces=\"true\">Temos uma s\u00e9rie de sistemas rigorosos de gerenciamento de qualidade para essas garrafas de vidro. <\/span><span data-preserver-spaces=\"true\">Todas as garrafas de vidro ser\u00e3o <\/span><span data-preserver-spaces=\"true\">ser enviado<\/span><span data-preserver-spaces=\"true\"> de nosso escrit\u00f3rio antes de passar pelo teste de controle de qualidade. Todos os nossos produtos gozam de grande reputa\u00e7\u00e3o de inova\u00e7\u00e3o e funcionalidade entre os clientes de todo o mundo.<\/span><\/p>\n<p><span data-preserver-spaces=\"true\">\u00a0<\/span><\/p>\n<p><span data-preserver-spaces=\"true\">Aceitamos pedidos de OEM ou ODM. <\/span><span data-preserver-spaces=\"true\">Se voc\u00ea <\/span><span data-preserver-spaces=\"true\">querer<\/span><span data-preserver-spaces=\"true\"> para <\/span><span data-preserver-spaces=\"true\">fazer<\/span><span data-preserver-spaces=\"true\"> garrafas de vidro personalizadas, tamb\u00e9m podemos <\/span><span data-preserver-spaces=\"true\">fazer<\/span><span data-preserver-spaces=\"true\"> para voc\u00ea.<\/span><span data-preserver-spaces=\"true\"> \u00c9 necess\u00e1rio apenas que voc\u00ea ofere\u00e7a fotos ou amostras.<\/span><\/p>\n<\/div>\n<\/div>\n<h2 class=\"public-DraftStyleDefault-block public-DraftStyleDefault-ltr\" data-offset-key=\"8ln21-0-0\"><span data-offset-key=\"8ln21-0-0\">Os detalhes das garrafas de licor no atacado<\/span><\/h2>\n<div class=\"\" data-block=\"true\" data-editor=\"fjt74\" data-offset-key=\"a9lcl-0-0\">\n<div class=\"public-DraftStyleDefault-block public-DraftStyleDefault-ltr\" data-offset-key=\"a9lcl-0-0\"><span data-offset-key=\"a9lcl-0-0\">\u00a0<\/span><\/div>\n<\/div>\n<ul>\n<li class=\"public-DraftStyleDefault-block public-DraftStyleDefault-ltr\" data-offset-key=\"36vqo-0-0\"><span data-offset-key=\"36vqo-0-0\">Material principal: vidro com alto teor de s\u00edlex<\/span><span data-offset-key=\"fu6iu-0-0\"><br data-text=\"true\" \/><\/span><\/li>\n<li class=\"public-DraftStyleDefault-block public-DraftStyleDefault-ltr\" data-offset-key=\"5mmf-0-0\"><span data-offset-key=\"5mmf-0-0\">Tampa: Corti\u00e7a<\/span><\/li>\n<li data-block=\"true\" data-editor=\"fjt74\" data-offset-key=\"9fcta-0-0\"><span data-offset-key=\"80bg6-0-0\">Refer\u00eancia: RS109<\/span><\/li>\n<li data-block=\"true\" data-editor=\"fjt74\" data-offset-key=\"asnef-0-0\"><span data-offset-key=\"5l13k-0-0\">MOQ: 10000 PCS<\/span><\/li>\n<li data-block=\"true\" data-editor=\"fjt74\" data-offset-key=\"2uifl-0-0\"><span data-offset-key=\"fb1pn-0-0\">Capacidade: 500 ml 700 ml 750 ml 1000 ml<\/span><\/li>\n<li data-block=\"true\" data-editor=\"fjt74\" data-offset-key=\"9sgma-0-0\"><span data-offset-key=\"93ppb-0-0\">Pcs\/Ctn: 24pcs ou 20pcs<\/span><\/li>\n<li data-block=\"true\" data-editor=\"fjt74\" data-offset-key=\"e3qd7-0-0\"><span data-offset-key=\"8sp57-0-0\">Origem do local: Shandong, China<\/span><\/li>\n<li data-block=\"true\" data-editor=\"fjt74\" data-offset-key=\"a6c0-0-0\"><span data-offset-key=\"73gcj-0-0\">Recurso: <\/span><span class=\"adverb\"><span data-offset-key=\"73gcj-1-0\">Ecologicamente correto<\/span><\/span><\/li>\n<\/ul>\n<div class=\"\" data-block=\"true\" data-editor=\"fjt74\" data-offset-key=\"dp5u9-0-0\">\n<div class=\"public-DraftStyleDefault-block public-DraftStyleDefault-ltr\" data-offset-key=\"dp5u9-0-0\"><span data-offset-key=\"dp5u9-0-0\">\u00a0<\/span><\/div>\n<\/div>\n<div class=\"\" data-block=\"true\" data-editor=\"fjt74\" data-offset-key=\"arq5a-0-0\">\n<div class=\"public-DraftStyleDefault-block public-DraftStyleDefault-ltr\" data-offset-key=\"arq5a-0-0\"><span data-offset-key=\"arq5a-0-0\">Se voc\u00ea <\/span><span class=\"passivevoice\"><span data-offset-key=\"arq5a-1-0\">est\u00e3o interessados<\/span><\/span><span data-offset-key=\"arq5a-2-0\"> em pre\u00e7o de garrafas de licor no atacado, entre em contato conosco. Faremos o melhor para voc\u00ea.<\/span><\/div>\n<\/div>","protected":false},"excerpt":{"rendered":"<table class=\"tg\">\n<tbody>\n<tr>\n<th class=\"tg-24i8\" colspan=\"2\">Garrafas de licor por atacado 700ml 1000ml<\/th>\n<\/tr>\n<tr>\n<td class=\"tg-b7b8\">Refer\u00eancia:<\/td>\n<td class=\"tg-b7b8\">RS109<\/td>\n<\/tr>\n<tr>\n<td class=\"tg-yw4l\">Material principal:<\/td>\n<td class=\"tg-yw4l\">Vidro de s\u00edlex alto<\/td>\n<\/tr>\n<tr>\n<td class=\"tg-b7b8\">Bon\u00e9:<\/td>\n<td class=\"tg-b7b8\">tampa de rosca<\/td>\n<\/tr>\n<tr>\n<td class=\"tg-yw4l\">Capacidade:<\/td>\n<td class=\"tg-yw4l\">500 ml 700 ml 750 ml 1000 ml<\/td>\n<\/tr>\n<tr>\n<td class=\"tg-b7b8\">Recurso:<\/td>\n<td class=\"tg-b7b8\">Ecologicamente correto<\/td>\n<\/tr>\n<tr>\n<td class=\"tg-yw4l\">MOQ:<\/td>\n<td class=\"tg-yw4l\">10000 PCS<\/td>\n<\/tr>\n<tr>\n<td class=\"tg-b7b8\">Forma de envio:<\/td>\n<td class=\"tg-b7b8\">Navio, expresso<\/td>\n<\/tr>\n<tr>\n<td class=\"tg-yw4l\">OEM\/ODM:<\/td>\n<td class=\"tg-yw4l\">Bem-vindo<\/td>\n<\/tr>\n<tr>\n<td class=\"tg-b7b8\">Origem do local:<\/td>\n<td class=\"tg-b7b8\">Shandong, China<\/td>\n<\/tr>\n<tr>\n<td class=\"tg-yw4l\">Pcs\/Ctn:<\/td>\n<td class=\"tg-yw4l\">24pcs ou 20pcs<\/td>\n<\/tr>\n<\/tbody>\n<\/table>","protected":false},"featured_media":4174,"comment_status":"closed","ping_status":"closed","template":"","meta":[],"product_cat":[44,43],"class_list":{"0":"post-4173","1":"product","2":"type-product","3":"status-publish","4":"has-post-thumbnail","6":"product_cat-700ml-liquor-bottle-manufacturer","7":"product_cat-1000ml-liquor-bottle-manufacturer","9":"first","10":"instock","11":"shipping-taxable","12":"product-type-simple"},"yoast_head":"<!-- This site is optimized with the Yoast SEO plugin v22.0 - https:\/\/yoast.com\/wordpress\/plugins\/seo\/ -->\n<title>Wholesale Liquor Bottles 700ml 1000ml | Spirit Glass Bottle Suppliers<\/title>\n<meta name=\"description\" content=\"Shandong Yuncheng Ruisheng Glass Co., Ltd is One Of The Spirit Glass Bottle Suppliers, Wholesale Liquor Bottles 700ml 1000ml In Bulk Cheap Price.\" \/>\n<meta name=\"robots\" content=\"index, follow, max-snippet:-1, max-image-preview:large, max-video-preview:-1\" \/>\n<link rel=\"canonical\" href=\"https:\/\/ruishengglassco.com\/pt\/produto\/rs109700ml-fornecedores-de-garrafas-de-vidro-para-bebidas-alcoolicas-de-1000ml\" \/>\n<meta property=\"og:locale\" content=\"pt_BR\" \/>\n<meta property=\"og:type\" content=\"article\" \/>\n<meta property=\"og:title\" content=\"Wholesale Liquor Bottles 700ml 1000ml | Spirit Glass Bottle Suppliers\" \/>\n<meta property=\"og:description\" content=\"Shandong Yuncheng Ruisheng Glass Co., Ltd is One Of The Spirit Glass Bottle Suppliers, Wholesale Liquor Bottles 700ml 1000ml In Bulk Cheap Price.\" \/>\n<meta property=\"og:url\" content=\"https:\/\/ruishengglassco.com\/pt\/produto\/rs109700ml-fornecedores-de-garrafas-de-vidro-para-bebidas-alcoolicas-de-1000ml\" \/>\n<meta property=\"article:publisher\" content=\"https:\/\/www.facebook.com\/ruishengglassbottles\" \/>\n<meta property=\"article:modified_time\" content=\"2025-07-16T07:28:37+00:00\" \/>\n<meta property=\"og:image\" content=\"https:\/\/ruishengglassco.com\/wp-content\/uploads\/2025\/03\/RS109-700ml-1000ml-Glass-Liquor-Bottle-Suppliers.webp\" \/>\n\t<meta property=\"og:image:width\" content=\"800\" \/>\n\t<meta property=\"og:image:height\" content=\"800\" \/>\n\t<meta property=\"og:image:type\" content=\"image\/webp\" \/>\n<meta name=\"twitter:card\" content=\"summary_large_image\" \/>\n<meta name=\"twitter:label1\" content=\"Est. tempo de leitura\" \/>\n\t<meta name=\"twitter:data1\" content=\"2 minutos\" \/>\n<script type=\"application\/ld+json\" class=\"yoast-schema-graph\">{\"@context\":\"https:\/\/schema.org\",\"@graph\":[{\"@type\":\"WebPage\",\"@id\":\"https:\/\/ruishengglassco.com\/product\/rs109700ml-1000ml-glass-liquor-bottle-suppliers\",\"url\":\"https:\/\/ruishengglassco.com\/product\/rs109700ml-1000ml-glass-liquor-bottle-suppliers\",\"name\":\"Wholesale Liquor Bottles 700ml 1000ml | Spirit Glass Bottle Suppliers\",\"isPartOf\":{\"@id\":\"https:\/\/ruishengglassco.com\/#website\"},\"datePublished\":\"2025-03-14T16:19:29+00:00\",\"dateModified\":\"2025-07-16T07:28:37+00:00\",\"description\":\"Shandong Yuncheng Ruisheng Glass Co., Ltd is One Of The Spirit Glass Bottle Suppliers, Wholesale Liquor Bottles 700ml 1000ml In Bulk Cheap Price.\",\"breadcrumb\":{\"@id\":\"https:\/\/ruishengglassco.com\/product\/rs109700ml-1000ml-glass-liquor-bottle-suppliers#breadcrumb\"},\"inLanguage\":\"pt-BR\",\"potentialAction\":[{\"@type\":\"ReadAction\",\"target\":[\"https:\/\/ruishengglassco.com\/product\/rs109700ml-1000ml-glass-liquor-bottle-suppliers\"]}]},{\"@type\":\"BreadcrumbList\",\"@id\":\"https:\/\/ruishengglassco.com\/product\/rs109700ml-1000ml-glass-liquor-bottle-suppliers#breadcrumb\",\"itemListElement\":[{\"@type\":\"ListItem\",\"position\":1,\"name\":\"Home\",\"item\":\"https:\/\/ruishengglassco.com\/\"},{\"@type\":\"ListItem\",\"position\":2,\"name\":\"Products\",\"item\":\"https:\/\/ruishengglassco.com\/products\"},{\"@type\":\"ListItem\",\"position\":3,\"name\":\"RS109:700ml 1000ml Glass Liquor Bottle Suppliers\"}]},{\"@type\":\"WebSite\",\"@id\":\"https:\/\/ruishengglassco.com\/#website\",\"url\":\"https:\/\/ruishengglassco.com\/\",\"name\":\"Ruisheng Glass\",\"description\":\"\",\"publisher\":{\"@id\":\"https:\/\/ruishengglassco.com\/#organization\"},\"potentialAction\":[{\"@type\":\"SearchAction\",\"target\":{\"@type\":\"EntryPoint\",\"urlTemplate\":\"https:\/\/ruishengglassco.com\/?s={search_term_string}\"},\"query-input\":\"required name=search_term_string\"}],\"inLanguage\":\"pt-BR\"},{\"@type\":\"Organization\",\"@id\":\"https:\/\/ruishengglassco.com\/#organization\",\"name\":\"Shandong Yuncheng Ruisheng Glass Co., Ltd\",\"url\":\"https:\/\/ruishengglassco.com\/\",\"logo\":{\"@type\":\"ImageObject\",\"inLanguage\":\"pt-BR\",\"@id\":\"https:\/\/ruishengglassco.com\/#\/schema\/logo\/image\/\",\"url\":\"https:\/\/ruishengglassco.com\/wp-content\/uploads\/2023\/09\/ruisheng_logo_icon.webp\",\"contentUrl\":\"https:\/\/ruishengglassco.com\/wp-content\/uploads\/2023\/09\/ruisheng_logo_icon.webp\",\"width\":400,\"height\":233,\"caption\":\"Shandong Yuncheng Ruisheng Glass Co., Ltd\"},\"image\":{\"@id\":\"https:\/\/ruishengglassco.com\/#\/schema\/logo\/image\/\"},\"sameAs\":[\"https:\/\/www.facebook.com\/ruishengglassbottles\",\"https:\/\/www.instagram.com\/Ruishengglassbottlewholesales\/\",\"https:\/\/www.youtube.com\/channel\/UCMmbMNGwsL-XrtjfSFLCdVQ\"]}]}<\/script>\n<!-- \/ Yoast SEO plugin. -->","yoast_head_json":{"title":"Wholesale Liquor Bottles 700ml 1000ml | Spirit Glass Bottle Suppliers","description":"Shandong Yuncheng Ruisheng Glass Co., Ltd is One Of The Spirit Glass Bottle Suppliers, Wholesale Liquor Bottles 700ml 1000ml In Bulk Cheap Price.","robots":{"index":"index","follow":"follow","max-snippet":"max-snippet:-1","max-image-preview":"max-image-preview:large","max-video-preview":"max-video-preview:-1"},"canonical":"https:\/\/ruishengglassco.com\/pt\/produto\/rs109700ml-fornecedores-de-garrafas-de-vidro-para-bebidas-alcoolicas-de-1000ml","og_locale":"pt_BR","og_type":"article","og_title":"Wholesale Liquor Bottles 700ml 1000ml | Spirit Glass Bottle Suppliers","og_description":"Shandong Yuncheng Ruisheng Glass Co., Ltd is One Of The Spirit Glass Bottle Suppliers, Wholesale Liquor Bottles 700ml 1000ml In Bulk Cheap Price.","og_url":"https:\/\/ruishengglassco.com\/pt\/produto\/rs109700ml-fornecedores-de-garrafas-de-vidro-para-bebidas-alcoolicas-de-1000ml","article_publisher":"https:\/\/www.facebook.com\/ruishengglassbottles","article_modified_time":"2025-07-16T07:28:37+00:00","og_image":[{"width":800,"height":800,"url":"https:\/\/ruishengglassco.com\/wp-content\/uploads\/2025\/03\/RS109-700ml-1000ml-Glass-Liquor-Bottle-Suppliers.webp","type":"image\/webp"}],"twitter_card":"summary_large_image","twitter_misc":{"Est. tempo de leitura":"2 minutos"},"schema":{"@context":"https:\/\/schema.org","@graph":[{"@type":"WebPage","@id":"https:\/\/ruishengglassco.com\/product\/rs109700ml-1000ml-glass-liquor-bottle-suppliers","url":"https:\/\/ruishengglassco.com\/product\/rs109700ml-1000ml-glass-liquor-bottle-suppliers","name":"Wholesale Liquor Bottles 700ml 1000ml | Spirit Glass Bottle Suppliers","isPartOf":{"@id":"https:\/\/ruishengglassco.com\/#website"},"datePublished":"2025-03-14T16:19:29+00:00","dateModified":"2025-07-16T07:28:37+00:00","description":"Shandong Yuncheng Ruisheng Glass Co., Ltd is One Of The Spirit Glass Bottle Suppliers, Wholesale Liquor Bottles 700ml 1000ml In Bulk Cheap Price.","breadcrumb":{"@id":"https:\/\/ruishengglassco.com\/product\/rs109700ml-1000ml-glass-liquor-bottle-suppliers#breadcrumb"},"inLanguage":"pt-BR","potentialAction":[{"@type":"ReadAction","target":["https:\/\/ruishengglassco.com\/product\/rs109700ml-1000ml-glass-liquor-bottle-suppliers"]}]},{"@type":"BreadcrumbList","@id":"https:\/\/ruishengglassco.com\/product\/rs109700ml-1000ml-glass-liquor-bottle-suppliers#breadcrumb","itemListElement":[{"@type":"ListItem","position":1,"name":"Home","item":"https:\/\/ruishengglassco.com\/"},{"@type":"ListItem","position":2,"name":"Products","item":"https:\/\/ruishengglassco.com\/products"},{"@type":"ListItem","position":3,"name":"RS109:700ml 1000ml Glass Liquor Bottle Suppliers"}]},{"@type":"WebSite","@id":"https:\/\/ruishengglassco.com\/#website","url":"https:\/\/ruishengglassco.com\/","name":"Ruisheng Glass","description":"","publisher":{"@id":"https:\/\/ruishengglassco.com\/#organization"},"potentialAction":[{"@type":"SearchAction","target":{"@type":"EntryPoint","urlTemplate":"https:\/\/ruishengglassco.com\/?s={search_term_string}"},"query-input":"required name=search_term_string"}],"inLanguage":"pt-BR"},{"@type":"Organization","@id":"https:\/\/ruishengglassco.com\/#organization","name":"Shandong Yuncheng Ruisheng Glass Co., Ltd","url":"https:\/\/ruishengglassco.com\/","logo":{"@type":"ImageObject","inLanguage":"pt-BR","@id":"https:\/\/ruishengglassco.com\/#\/schema\/logo\/image\/","url":"https:\/\/ruishengglassco.com\/wp-content\/uploads\/2023\/09\/ruisheng_logo_icon.webp","contentUrl":"https:\/\/ruishengglassco.com\/wp-content\/uploads\/2023\/09\/ruisheng_logo_icon.webp","width":400,"height":233,"caption":"Shandong Yuncheng Ruisheng Glass Co., Ltd"},"image":{"@id":"https:\/\/ruishengglassco.com\/#\/schema\/logo\/image\/"},"sameAs":["https:\/\/www.facebook.com\/ruishengglassbottles","https:\/\/www.instagram.com\/Ruishengglassbottlewholesales\/","https:\/\/www.youtube.com\/channel\/UCMmbMNGwsL-XrtjfSFLCdVQ"]}]}},"_links":{"self":[{"href":"https:\/\/ruishengglassco.com\/pt\/wp-json\/wp\/v2\/product\/4173","targetHints":{"allow":["GET"]}}],"collection":[{"href":"https:\/\/ruishengglassco.com\/pt\/wp-json\/wp\/v2\/product"}],"about":[{"href":"https:\/\/ruishengglassco.com\/pt\/wp-json\/wp\/v2\/types\/product"}],"replies":[{"embeddable":true,"href":"https:\/\/ruishengglassco.com\/pt\/wp-json\/wp\/v2\/comments?post=4173"}],"wp:featuredmedia":[{"embeddable":true,"href":"https:\/\/ruishengglassco.com\/pt\/wp-json\/wp\/v2\/media\/4174"}],"wp:attachment":[{"href":"https:\/\/ruishengglassco.com\/pt\/wp-json\/wp\/v2\/media?parent=4173"}],"wp:term":[{"taxonomy":"product_cat","embeddable":true,"href":"https:\/\/ruishengglassco.com\/pt\/wp-json\/wp\/v2\/product_cat?post=4173"}],"curies":[{"name":"wp","href":"https:\/\/api.w.org\/{rel}","templated":true}]}}