{"id":4169,"date":"2025-03-15T00:14:47","date_gmt":"2025-03-14T16:14:47","guid":{"rendered":"https:\/\/ruishengglassco.com\/?post_type=product&#038;p=4169"},"modified":"2025-07-17T13:43:18","modified_gmt":"2025-07-17T05:43:18","slug":"fornecedores-de-garrafas-de-vidro-para-bebidas-alcoolicas-personalizadas-rs111-50cl","status":"publish","type":"product","link":"https:\/\/ruishengglassco.com\/pt\/produto\/fornecedores-de-garrafas-de-vidro-para-bebidas-alcoolicas-personalizadas-rs111-50cl","title":{"rendered":"RS111: Fornecedores de garrafas de vidro para licor personalizadas de 50cl"},"content":{"rendered":"<p><span data-preserver-spaces=\"true\">A Ruisheng Glass Company \u00e9 uma das empresas de vidro de licor personalizado de 50cl <\/span><span data-preserver-spaces=\"true\">fornecedores de garrafas<\/span><span data-preserver-spaces=\"true\">.<\/span><span data-preserver-spaces=\"true\"> Essa empresa fornece uma variedade de garrafas de vidro para bebidas alco\u00f3licas. A maioria das garrafas de vidro para bebidas alco\u00f3licas est\u00e1 dispon\u00edvel em verde ou transparente (flint). O tamanho das garrafas de vidro varia de 50 ml a 3 litros. O vidro oferece excelente resist\u00eancia e compatibilidade com materiais que <\/span><span data-preserver-spaces=\"true\">n\u00e3o pode ser armazenado<\/span><span data-preserver-spaces=\"true\"> em recipientes pl\u00e1sticos. <\/span><span data-preserver-spaces=\"true\">As garrafas de vidro n\u00e3o s\u00e3o t\u00f3xicas, s\u00e3o 100% recicl\u00e1veis, reutiliz\u00e1veis e <\/span><span data-preserver-spaces=\"true\">seguro para o planeta<\/span><span data-preserver-spaces=\"true\">.<\/span><\/p>\n<p><span data-preserver-spaces=\"true\">Esta garrafa de vidro de licor personalizada de 50cl <\/span><span data-preserver-spaces=\"true\">\u00e9 feito<\/span><span data-preserver-spaces=\"true\"> de material de vidro com alto teor de s\u00edlex. Com sua espessura, essas garrafas de vidro proporcionam uma sensa\u00e7\u00e3o de maior qualidade. O tipo de veda\u00e7\u00e3o dessas garrafas de vidro \u00e9 uma tampa de gala. Essa garrafa de vidro tem formato quadrado.<\/span><\/p>\n<p><span data-preserver-spaces=\"true\">A Ruisheng Glass Company se dedica \u00e0 fabrica\u00e7\u00e3o de garrafas de vidro para bebidas alco\u00f3licas de alta qualidade. H\u00e1 muitos formatos em nossa f\u00e1brica. Por exemplo, formas redondas, oblatas, quadradas e outras formas personalizadas. O tamanho de nossas garrafas de vidro \u00e9 de 50 ml, 100 ml, 125 ml, 250 ml, 375 ml, 500 ml, 700 ml, 750 ml, 1000 ml, 3000 ml e outros tamanhos personalizados, como 187 ml. Todos os nossos produtos s\u00e3o vendidos por atacado e a granel.<\/span><\/p>\n<h5><span data-preserver-spaces=\"true\">Os detalhes da garrafa de vidro para licor personalizada de 50cl<\/span><\/h5>\n<p><span data-preserver-spaces=\"true\">Essa garrafa de vidro de licor personalizada de 50cl pesa 580g. E essa garrafa tem um fundo pesado. <\/span><span data-preserver-spaces=\"true\">H\u00e1 um <\/span><span data-preserver-spaces=\"true\">forma de arco no<\/span><span data-preserver-spaces=\"true\"> inferior.<\/span> <span data-preserver-spaces=\"true\">A garrafa <\/span><span data-preserver-spaces=\"true\">parece<\/span><span data-preserver-spaces=\"true\"> uma antiga muralha da cidade; o ombro externo \u00e9 mais baixo que o <\/span><span data-preserver-spaces=\"true\">dentro<\/span><span data-preserver-spaces=\"true\"> ombro.<\/span> <span data-preserver-spaces=\"true\">O tipo de veda\u00e7\u00e3o dessa garrafa \u00e9 uma tampa de gala; podemos oferecer tampas de pl\u00e1stico <\/span><span data-preserver-spaces=\"true\">g<\/span><span data-preserver-spaces=\"true\">tampas de ala e pl\u00e1stico de alum\u00ednio <\/span><span data-preserver-spaces=\"true\">gala <\/span><span data-preserver-spaces=\"true\">tampas, <\/span><span data-preserver-spaces=\"true\">Isso est\u00e1 de acordo com<\/span><span data-preserver-spaces=\"true\"> cliente <\/span><span data-preserver-spaces=\"true\">demandas<\/span><span data-preserver-spaces=\"true\">.<\/span><\/p>\n<p><span data-preserver-spaces=\"true\">Como somos um fabricante de garrafas de vidro com uma equipe de designers qualificados, aceitamos pedidos de OEM. <\/span><span data-preserver-spaces=\"true\">Voc\u00ea pode <\/span><span data-preserver-spaces=\"true\">dar<\/span><span data-preserver-spaces=\"true\"> sua amostra ou <\/span><span data-preserver-spaces=\"true\">seu<\/span><span data-preserver-spaces=\"true\"> ideia <\/span><span data-preserver-spaces=\"true\">sobre<\/span> <span data-preserver-spaces=\"true\">50cl<\/span><span data-preserver-spaces=\"true\"> Garrafa de vidro personalizada para bebidas alco\u00f3licas, <\/span><span data-preserver-spaces=\"true\">n\u00f3s<\/span> <span data-preserver-spaces=\"true\">seria<\/span><span data-preserver-spaces=\"true\"> design e <\/span><span data-preserver-spaces=\"true\">fazer<\/span><span data-preserver-spaces=\"true\"> suas garrafas de vidro personalizadas.<\/span><span data-preserver-spaces=\"true\"> Tamb\u00e9m oferecemos servi\u00e7os personalizados em um s\u00f3 lugar.<\/span><\/p>","protected":false},"excerpt":{"rendered":"<p>A Ruisheng Glass Company \u00e9 um dos fornecedores de garrafas de vidro para bebidas alco\u00f3licas personalizadas de 50cl. Essa empresa fornece uma variedade de garrafas de vidro para bebidas alco\u00f3licas. A maioria das garrafas de vidro para bebidas alco\u00f3licas est\u00e1 dispon\u00edvel em verde ou transparente (flint). O tamanho das garrafas de vidro est\u00e1 dispon\u00edvel em 50 ml a 3 litros. O vidro oferece excelente resist\u00eancia, durabilidade e compatibilidade para materiais que n\u00e3o podem ser armazenados em recipientes de pl\u00e1stico. As garrafas de vidro n\u00e3o s\u00e3o t\u00f3xicas, s\u00e3o 100% recicl\u00e1veis, reutiliz\u00e1veis e seguras para o planeta.<\/p>","protected":false},"featured_media":4170,"comment_status":"closed","ping_status":"closed","template":"","meta":[],"product_cat":[41],"class_list":{"0":"post-4169","1":"product","2":"type-product","3":"status-publish","4":"has-post-thumbnail","6":"product_cat-500ml-liquor-bottle-manufacturer","8":"first","9":"instock","10":"shipping-taxable","11":"product-type-simple"},"yoast_head":"<!-- This site is optimized with the Yoast SEO plugin v22.0 - https:\/\/yoast.com\/wordpress\/plugins\/seo\/ -->\n<title>Custom Liquor Bottle Suppliers | Engraved Alcohol Bottles Wholesale<\/title>\n<meta name=\"description\" content=\"Custom Liquor Bottle From China Glass Bottle Manufacturer&amp;Supplier. Engraved Alcohol Bottles Wholesale With Factory Outlet Price.\" \/>\n<meta name=\"robots\" content=\"index, follow, max-snippet:-1, max-image-preview:large, max-video-preview:-1\" \/>\n<link rel=\"canonical\" href=\"https:\/\/ruishengglassco.com\/pt\/produto\/fornecedores-de-garrafas-de-vidro-para-bebidas-alcoolicas-personalizadas-rs111-50cl\" \/>\n<meta property=\"og:locale\" content=\"pt_BR\" \/>\n<meta property=\"og:type\" content=\"article\" \/>\n<meta property=\"og:title\" content=\"Custom Liquor Bottle Suppliers | Engraved Alcohol Bottles Wholesale\" \/>\n<meta property=\"og:description\" content=\"Custom Liquor Bottle From China Glass Bottle Manufacturer&amp;Supplier. Engraved Alcohol Bottles Wholesale With Factory Outlet Price.\" \/>\n<meta property=\"og:url\" content=\"https:\/\/ruishengglassco.com\/pt\/produto\/fornecedores-de-garrafas-de-vidro-para-bebidas-alcoolicas-personalizadas-rs111-50cl\" \/>\n<meta property=\"article:publisher\" content=\"https:\/\/www.facebook.com\/ruishengglassbottles\" \/>\n<meta property=\"article:modified_time\" content=\"2025-07-17T05:43:18+00:00\" \/>\n<meta property=\"og:image\" content=\"https:\/\/ruishengglassco.com\/wp-content\/uploads\/2025\/03\/RS111-50cl-Custom-Liquor-Glass-Bottle-Suppliers.webp\" \/>\n\t<meta property=\"og:image:width\" content=\"400\" \/>\n\t<meta property=\"og:image:height\" content=\"400\" \/>\n\t<meta property=\"og:image:type\" content=\"image\/webp\" \/>\n<meta name=\"twitter:card\" content=\"summary_large_image\" \/>\n<meta name=\"twitter:label1\" content=\"Est. tempo de leitura\" \/>\n\t<meta name=\"twitter:data1\" content=\"2 minutos\" \/>\n<script type=\"application\/ld+json\" class=\"yoast-schema-graph\">{\"@context\":\"https:\/\/schema.org\",\"@graph\":[{\"@type\":\"WebPage\",\"@id\":\"https:\/\/ruishengglassco.com\/product\/rs111-50cl-custom-liquor-glass-bottle-suppliers\",\"url\":\"https:\/\/ruishengglassco.com\/product\/rs111-50cl-custom-liquor-glass-bottle-suppliers\",\"name\":\"Custom Liquor Bottle Suppliers | Engraved Alcohol Bottles Wholesale\",\"isPartOf\":{\"@id\":\"https:\/\/ruishengglassco.com\/#website\"},\"datePublished\":\"2025-03-14T16:14:47+00:00\",\"dateModified\":\"2025-07-17T05:43:18+00:00\",\"description\":\"Custom Liquor Bottle From China Glass Bottle Manufacturer&Supplier. Engraved Alcohol Bottles Wholesale With Factory Outlet Price.\",\"breadcrumb\":{\"@id\":\"https:\/\/ruishengglassco.com\/product\/rs111-50cl-custom-liquor-glass-bottle-suppliers#breadcrumb\"},\"inLanguage\":\"pt-BR\",\"potentialAction\":[{\"@type\":\"ReadAction\",\"target\":[\"https:\/\/ruishengglassco.com\/product\/rs111-50cl-custom-liquor-glass-bottle-suppliers\"]}]},{\"@type\":\"BreadcrumbList\",\"@id\":\"https:\/\/ruishengglassco.com\/product\/rs111-50cl-custom-liquor-glass-bottle-suppliers#breadcrumb\",\"itemListElement\":[{\"@type\":\"ListItem\",\"position\":1,\"name\":\"Home\",\"item\":\"https:\/\/ruishengglassco.com\/\"},{\"@type\":\"ListItem\",\"position\":2,\"name\":\"Products\",\"item\":\"https:\/\/ruishengglassco.com\/products\"},{\"@type\":\"ListItem\",\"position\":3,\"name\":\"RS111: 50cl Custom Liquor Glass Bottle Suppliers\"}]},{\"@type\":\"WebSite\",\"@id\":\"https:\/\/ruishengglassco.com\/#website\",\"url\":\"https:\/\/ruishengglassco.com\/\",\"name\":\"Ruisheng Glass\",\"description\":\"\",\"publisher\":{\"@id\":\"https:\/\/ruishengglassco.com\/#organization\"},\"potentialAction\":[{\"@type\":\"SearchAction\",\"target\":{\"@type\":\"EntryPoint\",\"urlTemplate\":\"https:\/\/ruishengglassco.com\/?s={search_term_string}\"},\"query-input\":\"required name=search_term_string\"}],\"inLanguage\":\"pt-BR\"},{\"@type\":\"Organization\",\"@id\":\"https:\/\/ruishengglassco.com\/#organization\",\"name\":\"Shandong Yuncheng Ruisheng Glass Co., Ltd\",\"url\":\"https:\/\/ruishengglassco.com\/\",\"logo\":{\"@type\":\"ImageObject\",\"inLanguage\":\"pt-BR\",\"@id\":\"https:\/\/ruishengglassco.com\/#\/schema\/logo\/image\/\",\"url\":\"https:\/\/ruishengglassco.com\/wp-content\/uploads\/2023\/09\/ruisheng_logo_icon.webp\",\"contentUrl\":\"https:\/\/ruishengglassco.com\/wp-content\/uploads\/2023\/09\/ruisheng_logo_icon.webp\",\"width\":400,\"height\":233,\"caption\":\"Shandong Yuncheng Ruisheng Glass Co., Ltd\"},\"image\":{\"@id\":\"https:\/\/ruishengglassco.com\/#\/schema\/logo\/image\/\"},\"sameAs\":[\"https:\/\/www.facebook.com\/ruishengglassbottles\",\"https:\/\/www.instagram.com\/Ruishengglassbottlewholesales\/\",\"https:\/\/www.youtube.com\/channel\/UCMmbMNGwsL-XrtjfSFLCdVQ\"]}]}<\/script>\n<!-- \/ Yoast SEO plugin. -->","yoast_head_json":{"title":"Custom Liquor Bottle Suppliers | Engraved Alcohol Bottles Wholesale","description":"Custom Liquor Bottle From China Glass Bottle Manufacturer&Supplier. Engraved Alcohol Bottles Wholesale With Factory Outlet Price.","robots":{"index":"index","follow":"follow","max-snippet":"max-snippet:-1","max-image-preview":"max-image-preview:large","max-video-preview":"max-video-preview:-1"},"canonical":"https:\/\/ruishengglassco.com\/pt\/produto\/fornecedores-de-garrafas-de-vidro-para-bebidas-alcoolicas-personalizadas-rs111-50cl","og_locale":"pt_BR","og_type":"article","og_title":"Custom Liquor Bottle Suppliers | Engraved Alcohol Bottles Wholesale","og_description":"Custom Liquor Bottle From China Glass Bottle Manufacturer&Supplier. Engraved Alcohol Bottles Wholesale With Factory Outlet Price.","og_url":"https:\/\/ruishengglassco.com\/pt\/produto\/fornecedores-de-garrafas-de-vidro-para-bebidas-alcoolicas-personalizadas-rs111-50cl","article_publisher":"https:\/\/www.facebook.com\/ruishengglassbottles","article_modified_time":"2025-07-17T05:43:18+00:00","og_image":[{"width":400,"height":400,"url":"https:\/\/ruishengglassco.com\/wp-content\/uploads\/2025\/03\/RS111-50cl-Custom-Liquor-Glass-Bottle-Suppliers.webp","type":"image\/webp"}],"twitter_card":"summary_large_image","twitter_misc":{"Est. tempo de leitura":"2 minutos"},"schema":{"@context":"https:\/\/schema.org","@graph":[{"@type":"WebPage","@id":"https:\/\/ruishengglassco.com\/product\/rs111-50cl-custom-liquor-glass-bottle-suppliers","url":"https:\/\/ruishengglassco.com\/product\/rs111-50cl-custom-liquor-glass-bottle-suppliers","name":"Custom Liquor Bottle Suppliers | Engraved Alcohol Bottles Wholesale","isPartOf":{"@id":"https:\/\/ruishengglassco.com\/#website"},"datePublished":"2025-03-14T16:14:47+00:00","dateModified":"2025-07-17T05:43:18+00:00","description":"Custom Liquor Bottle From China Glass Bottle Manufacturer&Supplier. Engraved Alcohol Bottles Wholesale With Factory Outlet Price.","breadcrumb":{"@id":"https:\/\/ruishengglassco.com\/product\/rs111-50cl-custom-liquor-glass-bottle-suppliers#breadcrumb"},"inLanguage":"pt-BR","potentialAction":[{"@type":"ReadAction","target":["https:\/\/ruishengglassco.com\/product\/rs111-50cl-custom-liquor-glass-bottle-suppliers"]}]},{"@type":"BreadcrumbList","@id":"https:\/\/ruishengglassco.com\/product\/rs111-50cl-custom-liquor-glass-bottle-suppliers#breadcrumb","itemListElement":[{"@type":"ListItem","position":1,"name":"Home","item":"https:\/\/ruishengglassco.com\/"},{"@type":"ListItem","position":2,"name":"Products","item":"https:\/\/ruishengglassco.com\/products"},{"@type":"ListItem","position":3,"name":"RS111: 50cl Custom Liquor Glass Bottle Suppliers"}]},{"@type":"WebSite","@id":"https:\/\/ruishengglassco.com\/#website","url":"https:\/\/ruishengglassco.com\/","name":"Ruisheng Glass","description":"","publisher":{"@id":"https:\/\/ruishengglassco.com\/#organization"},"potentialAction":[{"@type":"SearchAction","target":{"@type":"EntryPoint","urlTemplate":"https:\/\/ruishengglassco.com\/?s={search_term_string}"},"query-input":"required name=search_term_string"}],"inLanguage":"pt-BR"},{"@type":"Organization","@id":"https:\/\/ruishengglassco.com\/#organization","name":"Shandong Yuncheng Ruisheng Glass Co., Ltd","url":"https:\/\/ruishengglassco.com\/","logo":{"@type":"ImageObject","inLanguage":"pt-BR","@id":"https:\/\/ruishengglassco.com\/#\/schema\/logo\/image\/","url":"https:\/\/ruishengglassco.com\/wp-content\/uploads\/2023\/09\/ruisheng_logo_icon.webp","contentUrl":"https:\/\/ruishengglassco.com\/wp-content\/uploads\/2023\/09\/ruisheng_logo_icon.webp","width":400,"height":233,"caption":"Shandong Yuncheng Ruisheng Glass Co., Ltd"},"image":{"@id":"https:\/\/ruishengglassco.com\/#\/schema\/logo\/image\/"},"sameAs":["https:\/\/www.facebook.com\/ruishengglassbottles","https:\/\/www.instagram.com\/Ruishengglassbottlewholesales\/","https:\/\/www.youtube.com\/channel\/UCMmbMNGwsL-XrtjfSFLCdVQ"]}]}},"_links":{"self":[{"href":"https:\/\/ruishengglassco.com\/pt\/wp-json\/wp\/v2\/product\/4169","targetHints":{"allow":["GET"]}}],"collection":[{"href":"https:\/\/ruishengglassco.com\/pt\/wp-json\/wp\/v2\/product"}],"about":[{"href":"https:\/\/ruishengglassco.com\/pt\/wp-json\/wp\/v2\/types\/product"}],"replies":[{"embeddable":true,"href":"https:\/\/ruishengglassco.com\/pt\/wp-json\/wp\/v2\/comments?post=4169"}],"wp:featuredmedia":[{"embeddable":true,"href":"https:\/\/ruishengglassco.com\/pt\/wp-json\/wp\/v2\/media\/4170"}],"wp:attachment":[{"href":"https:\/\/ruishengglassco.com\/pt\/wp-json\/wp\/v2\/media?parent=4169"}],"wp:term":[{"taxonomy":"product_cat","embeddable":true,"href":"https:\/\/ruishengglassco.com\/pt\/wp-json\/wp\/v2\/product_cat?post=4169"}],"curies":[{"name":"wp","href":"https:\/\/api.w.org\/{rel}","templated":true}]}}