{"id":4167,"date":"2025-03-15T00:11:41","date_gmt":"2025-03-14T16:11:41","guid":{"rendered":"https:\/\/ruishengglassco.com\/?post_type=product&#038;p=4167"},"modified":"2025-07-17T13:38:06","modified_gmt":"2025-07-17T05:38:06","slug":"rs112-garrafas-de-vidro-de-750-ml-personalizadas-precos-a-granel","status":"publish","type":"product","link":"https:\/\/ruishengglassco.com\/pt\/produto\/rs112-garrafas-de-vidro-de-750-ml-personalizadas-precos-a-granel","title":{"rendered":"RS112: Garrafas de vidro personalizadas de 750 ml a pre\u00e7os de atacado"},"content":{"rendered":"<p>Essa garrafa de vidro exclusiva de 750 ml \u00e9 uma de nossas linhas de garrafas de vidro para bebidas alco\u00f3licas. Tem um gargalo grosso e o corpo da garrafa tamb\u00e9m \u00e9 irregular, tornando-a mais grossa, para que n\u00e3o se quebre facilmente. Como o maior fornecedor de garrafas de vidro, a Ruisheng pode lhe fornecer uma grande quantidade de garrafas de vidro antigas de 750 ml com tampas de uma s\u00f3 vez.<\/p>\n<p>Nossa empresa tem mais de 500 funcion\u00e1rios e uma equipe de engenheiros qualificados. Espera-se que os trabalhadores de nossa empresa tenham ampla experi\u00eancia, garantindo que possamos produzir garrafas de vidro para bebidas alco\u00f3licas perfeitas. Com uma vasta experi\u00eancia, temos uma boa reputa\u00e7\u00e3o em todo o mundo.<\/p>\n<p>Nossos principais produtos s\u00e3o garrafas de vidro de alta qualidade, incluindo garrafas de vodca, garrafas de conhaque, garrafas de u\u00edsque, garrafas de licor, garrafas de geleia e muito mais. Tamb\u00e9m podemos oferecer garrafas de vidro \u00e2mbar, garrafas verdes e garrafas de \u00e1gua. Nosso principal mercado \u00e9 a Europa, os EUA, a Austr\u00e1lia, a Am\u00e9rica, etc. Todos os produtos gozam de grande reputa\u00e7\u00e3o em termos de inova\u00e7\u00e3o e funcionalidade.<\/p>\n<p>Podemos imprimir seu logotipo nela e tamb\u00e9m podemos realizar um processamento profundo nessa garrafa, como impress\u00e3o, pintura e outros.<\/p>\n<h2>Detalhes sobre a garrafa de vidro exclusiva de 750 ml no atacado<\/h2>\n<ul>\n<li>Material principal: vidro com alto teor de s\u00edlex<\/li>\n<li>Tampa: Corti\u00e7a<\/li>\n<li>Refer\u00eancia: RS112<\/li>\n<li>MOQ: 10000 PCS<\/li>\n<li>Capacidade: 750 ml<\/li>\n<li>Pcs\/Ctn: 24pcs<\/li>\n<li>Origem do local: Shandong, China<\/li>\n<li>Caracter\u00edstica: Ecologicamente correto<\/li>\n<\/ul>\n<p>Estamos gradualmente abrindo novos mercados. Estamos muito confiantes quanto \u00e0 qualidade de nossas garrafas de vidro de 750 ml para venda, pois a qualidade \u00e9 tudo para n\u00f3s.<\/p>\n<p>Nossa empresa tem uma equipe de opera\u00e7\u00f5es qualificada. Somos especializados em garrafas de vidro de 750 ml com tampas de rosca. Esse projeto \u00e9 bem conhecido por n\u00f3s, portanto, estamos muito familiarizados com o processo.<\/p>\n<p>Se desejar, sinta-se \u00e0 vontade para entrar em contato conosco. Se quiser visitar nossa f\u00e1brica, ser\u00e1 muito bem-vindo.<\/p>\n<p>Teremos pessoal especializado para familiariz\u00e1-lo com a f\u00e1brica. Apresentaremos a voc\u00ea uma descri\u00e7\u00e3o detalhada do processo de produ\u00e7\u00e3o da garrafa de vidro exclusiva.<br \/>\nSe quiser obter pre\u00e7os especiais personalizados para garrafas de bebidas alco\u00f3licas, entre em contato conosco. Responderemos dentro de 24 horas.<\/p>","protected":false},"excerpt":{"rendered":"<p>Garrafas de licor especiais personalizadas de uma f\u00e1brica chinesa de garrafas de vidro. A garrafa de vidro redonda com gargalo longo e grosso, com design de fundo s\u00f3lido combinando, mant\u00e9m essa garrafa de vidro exclusiva de 750 ml especial, exclusiva, est\u00e1vel e dif\u00edcil de quebrar.<\/p>\n<p>Entre em contato conosco e obtenha pre\u00e7os de garrafas de bebidas alco\u00f3licas:<\/p>\n<ul>\n<li>Refer\u00eancia: RS112<\/li>\n<li><strong>Servi\u00e7o de garrafa de licor personalizado oferecido. MOQ:10000pcs(10000 PCS)<\/strong><\/li>\n<li>Tampa: Corti\u00e7a ou personalizada<\/li>\n<li>Material: Vidro de alto brilho<\/li>\n<li>Altura da garrafa: 230 mm<\/li>\n<li>Di\u00e2metro da garrafa: 45 mm<\/li>\n<\/ul>","protected":false},"featured_media":4168,"comment_status":"closed","ping_status":"closed","template":"","meta":[],"product_cat":[40,45],"class_list":{"0":"post-4167","1":"product","2":"type-product","3":"status-publish","4":"has-post-thumbnail","6":"product_cat-750ml-liquor-bottle-manufacturer","7":"product_cat-custom-glass-bottle","9":"first","10":"instock","11":"shipping-taxable","12":"product-type-simple"},"yoast_head":"<!-- This site is optimized with the Yoast SEO plugin v22.0 - https:\/\/yoast.com\/wordpress\/plugins\/seo\/ -->\n<title>750ml Unique Glass Bottle Wholesale |Custom Special Liquor Bottles Price<\/title>\n<meta name=\"description\" content=\"Do you want to get custom special liquor bottles price? Click here to contact us and get 750ml unique glass bottle wholesale price.\" \/>\n<meta name=\"robots\" content=\"index, follow, max-snippet:-1, max-image-preview:large, max-video-preview:-1\" \/>\n<link rel=\"canonical\" href=\"https:\/\/ruishengglassco.com\/pt\/produto\/rs112-garrafas-de-vidro-de-750-ml-personalizadas-precos-a-granel\" \/>\n<meta property=\"og:locale\" content=\"pt_BR\" \/>\n<meta property=\"og:type\" content=\"article\" \/>\n<meta property=\"og:title\" content=\"750ml Unique Glass Bottle Wholesale |Custom Special Liquor Bottles Price\" \/>\n<meta property=\"og:description\" content=\"Do you want to get custom special liquor bottles price? Click here to contact us and get 750ml unique glass bottle wholesale price.\" \/>\n<meta property=\"og:url\" content=\"https:\/\/ruishengglassco.com\/pt\/produto\/rs112-garrafas-de-vidro-de-750-ml-personalizadas-precos-a-granel\" \/>\n<meta property=\"article:publisher\" content=\"https:\/\/www.facebook.com\/ruishengglassbottles\" \/>\n<meta property=\"article:modified_time\" content=\"2025-07-17T05:38:06+00:00\" \/>\n<meta property=\"og:image\" content=\"https:\/\/ruishengglassco.com\/wp-content\/uploads\/2025\/03\/RS112-Custom-750ml-Glass-Bottles-Bulk-Prices.webp\" \/>\n\t<meta property=\"og:image:width\" content=\"800\" \/>\n\t<meta property=\"og:image:height\" content=\"800\" \/>\n\t<meta property=\"og:image:type\" content=\"image\/webp\" \/>\n<meta name=\"twitter:card\" content=\"summary_large_image\" \/>\n<meta name=\"twitter:label1\" content=\"Est. tempo de leitura\" \/>\n\t<meta name=\"twitter:data1\" content=\"2 minutos\" \/>\n<script type=\"application\/ld+json\" class=\"yoast-schema-graph\">{\"@context\":\"https:\/\/schema.org\",\"@graph\":[{\"@type\":\"WebPage\",\"@id\":\"https:\/\/ruishengglassco.com\/product\/rs112-custom-750ml-glass-bottles-bulk-prices\",\"url\":\"https:\/\/ruishengglassco.com\/product\/rs112-custom-750ml-glass-bottles-bulk-prices\",\"name\":\"750ml Unique Glass Bottle Wholesale |Custom Special Liquor Bottles Price\",\"isPartOf\":{\"@id\":\"https:\/\/ruishengglassco.com\/#website\"},\"datePublished\":\"2025-03-14T16:11:41+00:00\",\"dateModified\":\"2025-07-17T05:38:06+00:00\",\"description\":\"Do you want to get custom special liquor bottles price? Click here to contact us and get 750ml unique glass bottle wholesale price.\",\"breadcrumb\":{\"@id\":\"https:\/\/ruishengglassco.com\/product\/rs112-custom-750ml-glass-bottles-bulk-prices#breadcrumb\"},\"inLanguage\":\"pt-BR\",\"potentialAction\":[{\"@type\":\"ReadAction\",\"target\":[\"https:\/\/ruishengglassco.com\/product\/rs112-custom-750ml-glass-bottles-bulk-prices\"]}]},{\"@type\":\"BreadcrumbList\",\"@id\":\"https:\/\/ruishengglassco.com\/product\/rs112-custom-750ml-glass-bottles-bulk-prices#breadcrumb\",\"itemListElement\":[{\"@type\":\"ListItem\",\"position\":1,\"name\":\"Home\",\"item\":\"https:\/\/ruishengglassco.com\/\"},{\"@type\":\"ListItem\",\"position\":2,\"name\":\"Products\",\"item\":\"https:\/\/ruishengglassco.com\/products\"},{\"@type\":\"ListItem\",\"position\":3,\"name\":\"RS112: Custom 750ml Glass Bottles Bulk Prices\"}]},{\"@type\":\"WebSite\",\"@id\":\"https:\/\/ruishengglassco.com\/#website\",\"url\":\"https:\/\/ruishengglassco.com\/\",\"name\":\"Ruisheng Glass\",\"description\":\"\",\"publisher\":{\"@id\":\"https:\/\/ruishengglassco.com\/#organization\"},\"potentialAction\":[{\"@type\":\"SearchAction\",\"target\":{\"@type\":\"EntryPoint\",\"urlTemplate\":\"https:\/\/ruishengglassco.com\/?s={search_term_string}\"},\"query-input\":\"required name=search_term_string\"}],\"inLanguage\":\"pt-BR\"},{\"@type\":\"Organization\",\"@id\":\"https:\/\/ruishengglassco.com\/#organization\",\"name\":\"Shandong Yuncheng Ruisheng Glass Co., Ltd\",\"url\":\"https:\/\/ruishengglassco.com\/\",\"logo\":{\"@type\":\"ImageObject\",\"inLanguage\":\"pt-BR\",\"@id\":\"https:\/\/ruishengglassco.com\/#\/schema\/logo\/image\/\",\"url\":\"https:\/\/ruishengglassco.com\/wp-content\/uploads\/2023\/09\/ruisheng_logo_icon.webp\",\"contentUrl\":\"https:\/\/ruishengglassco.com\/wp-content\/uploads\/2023\/09\/ruisheng_logo_icon.webp\",\"width\":400,\"height\":233,\"caption\":\"Shandong Yuncheng Ruisheng Glass Co., Ltd\"},\"image\":{\"@id\":\"https:\/\/ruishengglassco.com\/#\/schema\/logo\/image\/\"},\"sameAs\":[\"https:\/\/www.facebook.com\/ruishengglassbottles\",\"https:\/\/www.instagram.com\/Ruishengglassbottlewholesales\/\",\"https:\/\/www.youtube.com\/channel\/UCMmbMNGwsL-XrtjfSFLCdVQ\"]}]}<\/script>\n<!-- \/ Yoast SEO plugin. -->","yoast_head_json":{"title":"750ml Unique Glass Bottle Wholesale |Custom Special Liquor Bottles Price","description":"Do you want to get custom special liquor bottles price? Click here to contact us and get 750ml unique glass bottle wholesale price.","robots":{"index":"index","follow":"follow","max-snippet":"max-snippet:-1","max-image-preview":"max-image-preview:large","max-video-preview":"max-video-preview:-1"},"canonical":"https:\/\/ruishengglassco.com\/pt\/produto\/rs112-garrafas-de-vidro-de-750-ml-personalizadas-precos-a-granel","og_locale":"pt_BR","og_type":"article","og_title":"750ml Unique Glass Bottle Wholesale |Custom Special Liquor Bottles Price","og_description":"Do you want to get custom special liquor bottles price? Click here to contact us and get 750ml unique glass bottle wholesale price.","og_url":"https:\/\/ruishengglassco.com\/pt\/produto\/rs112-garrafas-de-vidro-de-750-ml-personalizadas-precos-a-granel","article_publisher":"https:\/\/www.facebook.com\/ruishengglassbottles","article_modified_time":"2025-07-17T05:38:06+00:00","og_image":[{"width":800,"height":800,"url":"https:\/\/ruishengglassco.com\/wp-content\/uploads\/2025\/03\/RS112-Custom-750ml-Glass-Bottles-Bulk-Prices.webp","type":"image\/webp"}],"twitter_card":"summary_large_image","twitter_misc":{"Est. tempo de leitura":"2 minutos"},"schema":{"@context":"https:\/\/schema.org","@graph":[{"@type":"WebPage","@id":"https:\/\/ruishengglassco.com\/product\/rs112-custom-750ml-glass-bottles-bulk-prices","url":"https:\/\/ruishengglassco.com\/product\/rs112-custom-750ml-glass-bottles-bulk-prices","name":"750ml Unique Glass Bottle Wholesale |Custom Special Liquor Bottles Price","isPartOf":{"@id":"https:\/\/ruishengglassco.com\/#website"},"datePublished":"2025-03-14T16:11:41+00:00","dateModified":"2025-07-17T05:38:06+00:00","description":"Do you want to get custom special liquor bottles price? Click here to contact us and get 750ml unique glass bottle wholesale price.","breadcrumb":{"@id":"https:\/\/ruishengglassco.com\/product\/rs112-custom-750ml-glass-bottles-bulk-prices#breadcrumb"},"inLanguage":"pt-BR","potentialAction":[{"@type":"ReadAction","target":["https:\/\/ruishengglassco.com\/product\/rs112-custom-750ml-glass-bottles-bulk-prices"]}]},{"@type":"BreadcrumbList","@id":"https:\/\/ruishengglassco.com\/product\/rs112-custom-750ml-glass-bottles-bulk-prices#breadcrumb","itemListElement":[{"@type":"ListItem","position":1,"name":"Home","item":"https:\/\/ruishengglassco.com\/"},{"@type":"ListItem","position":2,"name":"Products","item":"https:\/\/ruishengglassco.com\/products"},{"@type":"ListItem","position":3,"name":"RS112: Custom 750ml Glass Bottles Bulk Prices"}]},{"@type":"WebSite","@id":"https:\/\/ruishengglassco.com\/#website","url":"https:\/\/ruishengglassco.com\/","name":"Ruisheng Glass","description":"","publisher":{"@id":"https:\/\/ruishengglassco.com\/#organization"},"potentialAction":[{"@type":"SearchAction","target":{"@type":"EntryPoint","urlTemplate":"https:\/\/ruishengglassco.com\/?s={search_term_string}"},"query-input":"required name=search_term_string"}],"inLanguage":"pt-BR"},{"@type":"Organization","@id":"https:\/\/ruishengglassco.com\/#organization","name":"Shandong Yuncheng Ruisheng Glass Co., Ltd","url":"https:\/\/ruishengglassco.com\/","logo":{"@type":"ImageObject","inLanguage":"pt-BR","@id":"https:\/\/ruishengglassco.com\/#\/schema\/logo\/image\/","url":"https:\/\/ruishengglassco.com\/wp-content\/uploads\/2023\/09\/ruisheng_logo_icon.webp","contentUrl":"https:\/\/ruishengglassco.com\/wp-content\/uploads\/2023\/09\/ruisheng_logo_icon.webp","width":400,"height":233,"caption":"Shandong Yuncheng Ruisheng Glass Co., Ltd"},"image":{"@id":"https:\/\/ruishengglassco.com\/#\/schema\/logo\/image\/"},"sameAs":["https:\/\/www.facebook.com\/ruishengglassbottles","https:\/\/www.instagram.com\/Ruishengglassbottlewholesales\/","https:\/\/www.youtube.com\/channel\/UCMmbMNGwsL-XrtjfSFLCdVQ"]}]}},"_links":{"self":[{"href":"https:\/\/ruishengglassco.com\/pt\/wp-json\/wp\/v2\/product\/4167","targetHints":{"allow":["GET"]}}],"collection":[{"href":"https:\/\/ruishengglassco.com\/pt\/wp-json\/wp\/v2\/product"}],"about":[{"href":"https:\/\/ruishengglassco.com\/pt\/wp-json\/wp\/v2\/types\/product"}],"replies":[{"embeddable":true,"href":"https:\/\/ruishengglassco.com\/pt\/wp-json\/wp\/v2\/comments?post=4167"}],"wp:featuredmedia":[{"embeddable":true,"href":"https:\/\/ruishengglassco.com\/pt\/wp-json\/wp\/v2\/media\/4168"}],"wp:attachment":[{"href":"https:\/\/ruishengglassco.com\/pt\/wp-json\/wp\/v2\/media?parent=4167"}],"wp:term":[{"taxonomy":"product_cat","embeddable":true,"href":"https:\/\/ruishengglassco.com\/pt\/wp-json\/wp\/v2\/product_cat?post=4167"}],"curies":[{"name":"wp","href":"https:\/\/api.w.org\/{rel}","templated":true}]}}