{"id":4165,"date":"2025-03-15T00:08:40","date_gmt":"2025-03-14T16:08:40","guid":{"rendered":"https:\/\/ruishengglassco.com\/?post_type=product&#038;p=4165"},"modified":"2025-09-12T09:37:59","modified_gmt":"2025-09-12T01:37:59","slug":"fornecedor-de-garrafas-de-licor-vazias-de-750-ml-rs113","status":"publish","type":"product","link":"https:\/\/ruishengglassco.com\/pt\/produto\/fornecedor-de-garrafas-de-licor-vazias-de-750-ml-rs113","title":{"rendered":"RS113: Fornecedor de garrafas de licor vazias de 750 ml"},"content":{"rendered":"<h2>Bem-vindo ao seu pedido de fornecedor de garrafas de licor vazias de 750 ml<\/h2>\n<p><span data-preserver-spaces=\"true\">Voc\u00ea est\u00e1 procurando um site onde possa<\/span> <span data-preserver-spaces=\"true\">comprar garrafas de bebidas alco\u00f3licas on-line?\u00a0 <\/span><span data-preserver-spaces=\"true\">O\u00a0<\/span><em><span data-preserver-spaces=\"true\">Garrafas de licor vazias de 750 ml no atacado <\/span><\/em><span data-preserver-spaces=\"true\">\u00e9 um dos <\/span><span data-preserver-spaces=\"true\">o<\/span><span data-preserver-spaces=\"true\"> projetos <\/span><span data-preserver-spaces=\"true\">em <\/span><a class=\"editor-rtfLink\" href=\"https:\/\/glassbottlewholesale.com\" target=\"_blank\" rel=\"noopener\"><span data-preserver-spaces=\"true\">Ruisheng<\/span><\/a><span data-preserver-spaces=\"true\">, <\/span><span data-preserver-spaces=\"true\">um dos maiores<\/span><span data-preserver-spaces=\"true\"> licor <\/span><span data-preserver-spaces=\"true\">fornecedores de garrafas<\/span><span data-preserver-spaces=\"true\"> na China.<\/span><span data-preserver-spaces=\"true\"> Oferecemos mais do que apenas essa garrafa de vidro de 750 ml. <\/span><span data-preserver-spaces=\"true\">Confira<\/span><span data-preserver-spaces=\"true\"> nossa linha de garrafas de vidro, <\/span><span data-preserver-spaces=\"true\">como<\/span><span data-preserver-spaces=\"true\"> a mini garrafa de 50 ml, a garrafa de 250 ml, a garrafa de 700 ml e a garrafa grande de 1 litro.<\/span><span data-preserver-spaces=\"true\"> Elas podem servir como garrafas de bebidas alco\u00f3licas para vodca, u\u00edsque, conhaque, tequila e muito mais.<\/span><\/p>\n<p><span data-preserver-spaces=\"true\">Sobre isso<\/span><span data-preserver-spaces=\"true\"> Garrafa de licor de vidro de 750 ml no atacado, podemos imprimir seu logotipo <\/span><span data-preserver-spaces=\"true\">ou imprima seu logotipo em<\/span><span data-preserver-spaces=\"true\"> a tampa.<\/span><span data-preserver-spaces=\"true\"> Se voc\u00ea n\u00e3o gostar dessa cor, tamb\u00e9m podemos misturar cores para atender \u00e0s suas prefer\u00eancias. <\/span><span data-preserver-spaces=\"true\">As garrafas de vidro para bebidas \u00e0 venda <\/span><span data-preserver-spaces=\"true\">s\u00e3o feitas<\/span><span data-preserver-spaces=\"true\"> de material de vidro de alto brilho, o que torna os decantadores de licor de vidro <\/span><span data-preserver-spaces=\"true\">mais claro<\/span><span data-preserver-spaces=\"true\">mais dur\u00e1vel e mais suave.<\/span> <span data-preserver-spaces=\"true\">Esta garrafa vazia de 750 ml <\/span><span data-preserver-spaces=\"true\">\u00e9 <\/span><span data-preserver-spaces=\"true\">amorda\u00e7ado<\/span><span data-preserver-spaces=\"true\">; seu gargalo \u00e9 <\/span><span data-preserver-spaces=\"true\">adequado para<\/span><span data-preserver-spaces=\"true\"> corti\u00e7a de madeira, corti\u00e7a de pol\u00edmero, corti\u00e7a sint\u00e9tica e <\/span><span data-preserver-spaces=\"true\">assim por diante<\/span><span data-preserver-spaces=\"true\">.<\/span><span data-preserver-spaces=\"true\"> Nossa empresa tem mais de 500 funcion\u00e1rios e uma equipe de engenheiros qualificados. Com vasta experi\u00eancia, temos uma boa reputa\u00e7\u00e3o em todo o mundo.<\/span><\/p>\n<p><span data-preserver-spaces=\"true\">Nossos principais produtos s\u00e3o garrafas de vidro vazias de alta qualidade para atacado, incluindo garrafas de vinho, garrafas de vodca, garrafas de conhaque, garrafas de u\u00edsque, mini garrafas de licor, garrafas de geleia e muito mais. <\/span><span data-preserver-spaces=\"true\">N\u00f3s <\/span><span data-preserver-spaces=\"true\">pode<\/span><span data-preserver-spaces=\"true\"> oferecem garrafas de vidro \u00e2mbar, garrafas verdes e<\/span><span data-preserver-spaces=\"true\"> a <\/span><span data-preserver-spaces=\"true\">\u00e1gua <\/span><span data-preserver-spaces=\"true\">garrafa<\/span><span data-preserver-spaces=\"true\">.<\/span> <span data-preserver-spaces=\"true\">Nosso <\/span><span data-preserver-spaces=\"true\">principal<\/span><span data-preserver-spaces=\"true\"> Os mercados incluem a Europa, os <\/span><span data-preserver-spaces=\"true\">EUA<\/span><span data-preserver-spaces=\"true\">e Austr\u00e1lia.<\/span><span data-preserver-spaces=\"true\"> Todos os nossos produtos t\u00eam uma forte reputa\u00e7\u00e3o de inova\u00e7\u00e3o e funcionalidade.<\/span><\/p>\n<h2><span data-preserver-spaces=\"true\">\u00a0<\/span><\/h2>\n<p><span style=\"font-size: 23.04px; color: #333333;\">Sobre o fornecedor de garrafas de licor vazias de 750 ml<\/span><\/p>\n<ul>\n<li>Material principal: vidro com alto teor de s\u00edlex<\/li>\n<li>Tampa: tampa de rosca<\/li>\n<li>Refer\u00eancia: RS113<\/li>\n<li>MOQ: 10000 PCS<\/li>\n<li>Capacidade: 750 ml<\/li>\n<li>Pcs\/Ctn: 24pcs<\/li>\n<li>Origem do local: Shandong, China<\/li>\n<li>Caracter\u00edstica: Ecologicamente correto<\/li>\n<\/ul>\n<p>Bem-vindo ao nosso site e compre garrafas vazias de bebidas alco\u00f3licas on-line. Espero que voc\u00ea goste de nossas garrafas de vidro com rolhas e fa\u00e7a seu pedido.<\/p>\n<p>Se estiver interessado nos pre\u00e7os dessa garrafa de licor legal, entre em contato conosco. Responderemos dentro de 24 horas.<\/p>","protected":false},"excerpt":{"rendered":"<p>Oferecemos garrafas de licor vazias de 750 ml no atacado para fornecedores, empresas, atacadistas e distribuidores de garrafas de vidro. Esse conjunto de garrafas redondas para bebidas alco\u00f3licas vem com rolhas de madeira ou tampa de rosca. As garrafas de vidro com rolha oferecem prote\u00e7\u00e3o adicional aos seus produtos e os mant\u00eam em condi\u00e7\u00f5es prim\u00e1rias. Oferecemos servi\u00e7o de marca pr\u00f3pria.<\/p>\n<h2>Detalhes sobre as garrafas de licor vazias de 750 ml no atacado<\/h2>\n<ul>\n<li>Refer\u00eancia: RS113<\/li>\n<li><strong>Oferecemos servi\u00e7o de OEM\/ODM. MOQ:10000pcs(10000 PCS)<\/strong><\/li>\n<li>Tampa: Corti\u00e7a, tampa de rosca ou personalizada<\/li>\n<li>Material: Vidro de alto brilho<\/li>\n<li>Altura da garrafa: 220 mm<\/li>\n<li>Di\u00e2metro da garrafa: 55 mm<\/li>\n<\/ul>","protected":false},"featured_media":4166,"comment_status":"closed","ping_status":"closed","template":"","meta":[],"product_cat":[40,46],"class_list":{"0":"post-4165","1":"product","2":"type-product","3":"status-publish","4":"has-post-thumbnail","6":"product_cat-750ml-liquor-bottle-manufacturer","7":"product_cat-tequila-bottle","9":"first","10":"instock","11":"shipping-taxable","12":"product-type-simple"},"yoast_head":"<!-- This site is optimized with the Yoast SEO plugin v22.0 - https:\/\/yoast.com\/wordpress\/plugins\/seo\/ -->\n<title>750ml Empty Liquor Bottles Supplier | Cheap Glass Bottles Bulk<\/title>\n<meta name=\"description\" content=\"Buy 750ml Empty Liquor Bottles Wholesale From China Glass Bottle Manufacturer. Factory Outlet&amp;Cheap Glass Bottles Bulk Price.\" \/>\n<meta name=\"robots\" content=\"index, follow, max-snippet:-1, max-image-preview:large, max-video-preview:-1\" \/>\n<link rel=\"canonical\" href=\"https:\/\/ruishengglassco.com\/pt\/produto\/fornecedor-de-garrafas-de-licor-vazias-de-750-ml-rs113\" \/>\n<meta property=\"og:locale\" content=\"pt_BR\" \/>\n<meta property=\"og:type\" content=\"article\" \/>\n<meta property=\"og:title\" content=\"750ml Empty Liquor Bottles Supplier | Cheap Glass Bottles Bulk\" \/>\n<meta property=\"og:description\" content=\"Buy 750ml Empty Liquor Bottles Wholesale From China Glass Bottle Manufacturer. Factory Outlet&amp;Cheap Glass Bottles Bulk Price.\" \/>\n<meta property=\"og:url\" content=\"https:\/\/ruishengglassco.com\/pt\/produto\/fornecedor-de-garrafas-de-licor-vazias-de-750-ml-rs113\" \/>\n<meta property=\"article:publisher\" content=\"https:\/\/www.facebook.com\/ruishengglassbottles\" \/>\n<meta property=\"article:modified_time\" content=\"2025-09-12T01:37:59+00:00\" \/>\n<meta property=\"og:image\" content=\"https:\/\/ruishengglassco.com\/wp-content\/uploads\/2025\/03\/RS113-750ml-Empty-Liquor-Bottles-Wholesale.webp\" \/>\n\t<meta property=\"og:image:width\" content=\"800\" \/>\n\t<meta property=\"og:image:height\" content=\"800\" \/>\n\t<meta property=\"og:image:type\" content=\"image\/webp\" \/>\n<meta name=\"twitter:card\" content=\"summary_large_image\" \/>\n<meta name=\"twitter:label1\" content=\"Est. tempo de leitura\" \/>\n\t<meta name=\"twitter:data1\" content=\"2 minutos\" \/>\n<script type=\"application\/ld+json\" class=\"yoast-schema-graph\">{\"@context\":\"https:\/\/schema.org\",\"@graph\":[{\"@type\":\"WebPage\",\"@id\":\"https:\/\/ruishengglassco.com\/product\/rs113-750ml-empty-liquor-bottles-supplier\",\"url\":\"https:\/\/ruishengglassco.com\/product\/rs113-750ml-empty-liquor-bottles-supplier\",\"name\":\"750ml Empty Liquor Bottles Supplier | Cheap Glass Bottles Bulk\",\"isPartOf\":{\"@id\":\"https:\/\/ruishengglassco.com\/#website\"},\"datePublished\":\"2025-03-14T16:08:40+00:00\",\"dateModified\":\"2025-09-12T01:37:59+00:00\",\"description\":\"Buy 750ml Empty Liquor Bottles Wholesale From China Glass Bottle Manufacturer. Factory Outlet&Cheap Glass Bottles Bulk Price.\",\"breadcrumb\":{\"@id\":\"https:\/\/ruishengglassco.com\/product\/rs113-750ml-empty-liquor-bottles-supplier#breadcrumb\"},\"inLanguage\":\"pt-BR\",\"potentialAction\":[{\"@type\":\"ReadAction\",\"target\":[\"https:\/\/ruishengglassco.com\/product\/rs113-750ml-empty-liquor-bottles-supplier\"]}]},{\"@type\":\"BreadcrumbList\",\"@id\":\"https:\/\/ruishengglassco.com\/product\/rs113-750ml-empty-liquor-bottles-supplier#breadcrumb\",\"itemListElement\":[{\"@type\":\"ListItem\",\"position\":1,\"name\":\"Home\",\"item\":\"https:\/\/ruishengglassco.com\/\"},{\"@type\":\"ListItem\",\"position\":2,\"name\":\"Products\",\"item\":\"https:\/\/ruishengglassco.com\/products\"},{\"@type\":\"ListItem\",\"position\":3,\"name\":\"RS113: 750ml Empty Liquor Bottles Supplier\"}]},{\"@type\":\"WebSite\",\"@id\":\"https:\/\/ruishengglassco.com\/#website\",\"url\":\"https:\/\/ruishengglassco.com\/\",\"name\":\"Ruisheng Glass\",\"description\":\"\",\"publisher\":{\"@id\":\"https:\/\/ruishengglassco.com\/#organization\"},\"potentialAction\":[{\"@type\":\"SearchAction\",\"target\":{\"@type\":\"EntryPoint\",\"urlTemplate\":\"https:\/\/ruishengglassco.com\/?s={search_term_string}\"},\"query-input\":\"required name=search_term_string\"}],\"inLanguage\":\"pt-BR\"},{\"@type\":\"Organization\",\"@id\":\"https:\/\/ruishengglassco.com\/#organization\",\"name\":\"Shandong Yuncheng Ruisheng Glass Co., Ltd\",\"url\":\"https:\/\/ruishengglassco.com\/\",\"logo\":{\"@type\":\"ImageObject\",\"inLanguage\":\"pt-BR\",\"@id\":\"https:\/\/ruishengglassco.com\/#\/schema\/logo\/image\/\",\"url\":\"https:\/\/ruishengglassco.com\/wp-content\/uploads\/2023\/09\/ruisheng_logo_icon.webp\",\"contentUrl\":\"https:\/\/ruishengglassco.com\/wp-content\/uploads\/2023\/09\/ruisheng_logo_icon.webp\",\"width\":400,\"height\":233,\"caption\":\"Shandong Yuncheng Ruisheng Glass Co., Ltd\"},\"image\":{\"@id\":\"https:\/\/ruishengglassco.com\/#\/schema\/logo\/image\/\"},\"sameAs\":[\"https:\/\/www.facebook.com\/ruishengglassbottles\",\"https:\/\/www.instagram.com\/Ruishengglassbottlewholesales\/\",\"https:\/\/www.youtube.com\/channel\/UCMmbMNGwsL-XrtjfSFLCdVQ\"]}]}<\/script>\n<!-- \/ Yoast SEO plugin. -->","yoast_head_json":{"title":"750ml Empty Liquor Bottles Supplier | Cheap Glass Bottles Bulk","description":"Buy 750ml Empty Liquor Bottles Wholesale From China Glass Bottle Manufacturer. Factory Outlet&Cheap Glass Bottles Bulk Price.","robots":{"index":"index","follow":"follow","max-snippet":"max-snippet:-1","max-image-preview":"max-image-preview:large","max-video-preview":"max-video-preview:-1"},"canonical":"https:\/\/ruishengglassco.com\/pt\/produto\/fornecedor-de-garrafas-de-licor-vazias-de-750-ml-rs113","og_locale":"pt_BR","og_type":"article","og_title":"750ml Empty Liquor Bottles Supplier | Cheap Glass Bottles Bulk","og_description":"Buy 750ml Empty Liquor Bottles Wholesale From China Glass Bottle Manufacturer. Factory Outlet&Cheap Glass Bottles Bulk Price.","og_url":"https:\/\/ruishengglassco.com\/pt\/produto\/fornecedor-de-garrafas-de-licor-vazias-de-750-ml-rs113","article_publisher":"https:\/\/www.facebook.com\/ruishengglassbottles","article_modified_time":"2025-09-12T01:37:59+00:00","og_image":[{"width":800,"height":800,"url":"https:\/\/ruishengglassco.com\/wp-content\/uploads\/2025\/03\/RS113-750ml-Empty-Liquor-Bottles-Wholesale.webp","type":"image\/webp"}],"twitter_card":"summary_large_image","twitter_misc":{"Est. tempo de leitura":"2 minutos"},"schema":{"@context":"https:\/\/schema.org","@graph":[{"@type":"WebPage","@id":"https:\/\/ruishengglassco.com\/product\/rs113-750ml-empty-liquor-bottles-supplier","url":"https:\/\/ruishengglassco.com\/product\/rs113-750ml-empty-liquor-bottles-supplier","name":"750ml Empty Liquor Bottles Supplier | Cheap Glass Bottles Bulk","isPartOf":{"@id":"https:\/\/ruishengglassco.com\/#website"},"datePublished":"2025-03-14T16:08:40+00:00","dateModified":"2025-09-12T01:37:59+00:00","description":"Buy 750ml Empty Liquor Bottles Wholesale From China Glass Bottle Manufacturer. Factory Outlet&Cheap Glass Bottles Bulk Price.","breadcrumb":{"@id":"https:\/\/ruishengglassco.com\/product\/rs113-750ml-empty-liquor-bottles-supplier#breadcrumb"},"inLanguage":"pt-BR","potentialAction":[{"@type":"ReadAction","target":["https:\/\/ruishengglassco.com\/product\/rs113-750ml-empty-liquor-bottles-supplier"]}]},{"@type":"BreadcrumbList","@id":"https:\/\/ruishengglassco.com\/product\/rs113-750ml-empty-liquor-bottles-supplier#breadcrumb","itemListElement":[{"@type":"ListItem","position":1,"name":"Home","item":"https:\/\/ruishengglassco.com\/"},{"@type":"ListItem","position":2,"name":"Products","item":"https:\/\/ruishengglassco.com\/products"},{"@type":"ListItem","position":3,"name":"RS113: 750ml Empty Liquor Bottles Supplier"}]},{"@type":"WebSite","@id":"https:\/\/ruishengglassco.com\/#website","url":"https:\/\/ruishengglassco.com\/","name":"Ruisheng Glass","description":"","publisher":{"@id":"https:\/\/ruishengglassco.com\/#organization"},"potentialAction":[{"@type":"SearchAction","target":{"@type":"EntryPoint","urlTemplate":"https:\/\/ruishengglassco.com\/?s={search_term_string}"},"query-input":"required name=search_term_string"}],"inLanguage":"pt-BR"},{"@type":"Organization","@id":"https:\/\/ruishengglassco.com\/#organization","name":"Shandong Yuncheng Ruisheng Glass Co., Ltd","url":"https:\/\/ruishengglassco.com\/","logo":{"@type":"ImageObject","inLanguage":"pt-BR","@id":"https:\/\/ruishengglassco.com\/#\/schema\/logo\/image\/","url":"https:\/\/ruishengglassco.com\/wp-content\/uploads\/2023\/09\/ruisheng_logo_icon.webp","contentUrl":"https:\/\/ruishengglassco.com\/wp-content\/uploads\/2023\/09\/ruisheng_logo_icon.webp","width":400,"height":233,"caption":"Shandong Yuncheng Ruisheng Glass Co., Ltd"},"image":{"@id":"https:\/\/ruishengglassco.com\/#\/schema\/logo\/image\/"},"sameAs":["https:\/\/www.facebook.com\/ruishengglassbottles","https:\/\/www.instagram.com\/Ruishengglassbottlewholesales\/","https:\/\/www.youtube.com\/channel\/UCMmbMNGwsL-XrtjfSFLCdVQ"]}]}},"_links":{"self":[{"href":"https:\/\/ruishengglassco.com\/pt\/wp-json\/wp\/v2\/product\/4165","targetHints":{"allow":["GET"]}}],"collection":[{"href":"https:\/\/ruishengglassco.com\/pt\/wp-json\/wp\/v2\/product"}],"about":[{"href":"https:\/\/ruishengglassco.com\/pt\/wp-json\/wp\/v2\/types\/product"}],"replies":[{"embeddable":true,"href":"https:\/\/ruishengglassco.com\/pt\/wp-json\/wp\/v2\/comments?post=4165"}],"wp:featuredmedia":[{"embeddable":true,"href":"https:\/\/ruishengglassco.com\/pt\/wp-json\/wp\/v2\/media\/4166"}],"wp:attachment":[{"href":"https:\/\/ruishengglassco.com\/pt\/wp-json\/wp\/v2\/media?parent=4165"}],"wp:term":[{"taxonomy":"product_cat","embeddable":true,"href":"https:\/\/ruishengglassco.com\/pt\/wp-json\/wp\/v2\/product_cat?post=4165"}],"curies":[{"name":"wp","href":"https:\/\/api.w.org\/{rel}","templated":true}]}}