{"id":4163,"date":"2025-03-15T00:05:40","date_gmt":"2025-03-14T16:05:40","guid":{"rendered":"https:\/\/ruishengglassco.com\/?post_type=product&#038;p=4163"},"modified":"2025-09-11T16:11:58","modified_gmt":"2025-09-11T08:11:58","slug":"rs114-garrafas-de-vidro-long-neck-de-375-ml-com-rolha-t","status":"publish","type":"product","link":"https:\/\/ruishengglassco.com\/pt\/produto\/rs114-garrafas-de-vidro-long-neck-de-375-ml-com-rolha-t","title":{"rendered":"RS114: Garrafas de vidro Long Neck de 375 ml com rolha em T"},"content":{"rendered":"<p><span data-preserver-spaces=\"true\">O fabricante de garrafas de vidro para bebidas alco\u00f3licas de 375 ml, Shandong Yuncheng Ruisheng Glass Co., Ltd., \u00e9 uma das maiores f\u00e1bricas de garrafas de vidro de alto teor de vidro da China. Nossa empresa \u00e9 uma empresa industrial e comercial. Vendemos as garrafas de vidro para a Europa, os EUA, a Austr\u00e1lia, a Am\u00e9rica e outros pa\u00edses e regi\u00f5es.<\/span><\/p>\n<p><span data-preserver-spaces=\"true\">Essa garrafa de vidro para bebidas alco\u00f3licas de 375 ml tem um formato cil\u00edndrico e<\/span> <span data-preserver-spaces=\"true\">\u00e9 muito f\u00e1cil de transportar. <\/span><span data-preserver-spaces=\"true\">Essas garrafas de vidro podem ser usadas<\/span><span data-preserver-spaces=\"true\"> para garrafas de vodca, gim, u\u00edsque e outros l\u00edquidos. Nosso tipo de veda\u00e7\u00e3o para essas garrafas \u00e9 a corti\u00e7a de madeira. Podemos produzir corti\u00e7a em qualquer tamanho e com diferentes materiais.<\/span><\/p>\n<h2><span data-preserver-spaces=\"true\">Os detalhes das garrafas de licor de vidro de 375 ml<\/span><\/h2>\n<p><span data-preserver-spaces=\"true\">O di\u00e2metro da garrafa de licor de vidro de 375 ml \u00e9 de 59 mm \u00b1 1,5 mm e sua altura \u00e9 de 343,8 mm \u00b1 2 mm. O peso do vidro dessas garrafas \u00e9 de 580g.  O acabamento do gargalo dessa garrafa de licor de vidro de 375 ml \u00e9 T- a<\/span> <span data-preserver-spaces=\"true\">acabamento em corti\u00e7a.<\/span><\/p>\n<p><span data-preserver-spaces=\"true\">O principal material usado para essas garrafas de vidro \u00e9 o vidro de alto brilho. Esse material \u00e9 de primeira qualidade, o que torna as garrafas de vidro muito transparentes e dur\u00e1veis.<\/span><\/p>\n<p><span data-preserver-spaces=\"true\">Sobre a<\/span><span data-preserver-spaces=\"true\"> embalagem <\/span><span data-preserver-spaces=\"true\">maneira<\/span><span data-preserver-spaces=\"true\">, quantidades diferentes <\/span><span data-preserver-spaces=\"true\">com<\/span><span data-preserver-spaces=\"true\"> embalagens diferentes <\/span><span data-preserver-spaces=\"true\">formas<\/span><span data-preserver-spaces=\"true\">.<\/span><span data-preserver-spaces=\"true\"> Se o seu pedido for pequeno, podemos usar a caixa de papel\u00e3o padr\u00e3o para embalar as garrafas de vidro. <\/span><span data-preserver-spaces=\"true\">Existem <\/span><span data-preserver-spaces=\"true\">sobre<\/span><span data-preserver-spaces=\"true\"> 20 <\/span><span data-preserver-spaces=\"true\">pe\u00e7as<\/span><span data-preserver-spaces=\"true\"> por caixa ou 24 <\/span><span data-preserver-spaces=\"true\">pe\u00e7as<\/span><span data-preserver-spaces=\"true\"> por caixa.<\/span><span data-preserver-spaces=\"true\"> No entanto, se voc\u00ea quiser criar uma caixa colorida personalizada para a embalagem, tamb\u00e9m podemos oferecer isso. Se o seu pedido for muito grande, podemos usar o palete sem fumiga\u00e7\u00e3o para embal\u00e1-lo. Se o seu pedido n\u00e3o for muito grande nem muito pequeno, podemos embalar as garrafas de vidro em uma caixa de papel\u00e3o e um palete.<\/span><\/p>\n<p><span data-preserver-spaces=\"true\">E, \u00e9 claro, se voc\u00ea <\/span><span data-preserver-spaces=\"true\">querer<\/span><span data-preserver-spaces=\"true\"> a embalagem da garrafa de vidro com suas especifica\u00e7\u00f5es, tamb\u00e9m podemos <\/span><span data-preserver-spaces=\"true\">fa\u00e7a isso por voc\u00ea<\/span><span data-preserver-spaces=\"true\">.<\/span><\/p>\n<p><span data-preserver-spaces=\"true\">Como principal fabricante de garrafas de vidro para bebidas alco\u00f3licas, temos uma equipe de design profissional em nossa f\u00e1brica e podemos oferecer pedidos de OEM e ODM. <\/span><span data-preserver-spaces=\"true\">Voc\u00ea pode <\/span><span data-preserver-spaces=\"true\">apenas<\/span><span data-preserver-spaces=\"true\"> informe-nos <\/span><span data-preserver-spaces=\"true\">que<\/span><span data-preserver-spaces=\"true\"> voc\u00ea quiser ou enviar uma foto para n\u00f3s, e<\/span> <span data-preserver-spaces=\"true\">ent\u00e3o projetaremos e <\/span><span data-preserver-spaces=\"true\">fazer<\/span><span data-preserver-spaces=\"true\"> as garrafas de vidro.<\/span><\/p>","protected":false},"excerpt":{"rendered":"<table class=\"tg\">\n<tbody>\n<tr>\n<th class=\"tg-24i8\" colspan=\"2\">Garrafas de vidro Long Neck de 375 ml com rolha em T<\/th>\n<\/tr>\n<tr>\n<td class=\"tg-b7b8\">Refer\u00eancia:<\/td>\n<td class=\"tg-b7b8\">RS114<\/td>\n<\/tr>\n<tr>\n<td class=\"tg-yw4l\">Material principal:<\/td>\n<td class=\"tg-yw4l\">Vidro com alto teor de flint (esse material tamb\u00e9m \u00e9 chamado de vidro branco cristalino)<\/td>\n<\/tr>\n<tr>\n<td class=\"tg-b7b8\">Bon\u00e9:<\/td>\n<td class=\"tg-b7b8\">Corti\u00e7a<\/td>\n<\/tr>\n<tr>\n<td class=\"tg-yw4l\">Capacidade:<\/td>\n<td class=\"tg-yw4l\">375ml<\/td>\n<\/tr>\n<tr>\n<td class=\"tg-b7b8\">Recurso:<\/td>\n<td class=\"tg-b7b8\">Ecologicamente correto<\/td>\n<\/tr>\n<tr>\n<td class=\"tg-yw4l\">MOQ:<\/td>\n<td class=\"tg-yw4l\">10000 PCS<\/td>\n<\/tr>\n<tr>\n<td class=\"tg-b7b8\">Forma de embalagem:<\/td>\n<td class=\"tg-b7b8\">Caixa padr\u00e3o de exporta\u00e7\u00e3o \/ palete \/ caixa padr\u00e3o de exporta\u00e7\u00e3o e palete<\/td>\n<\/tr>\n<tr>\n<td class=\"tg-yw4l\">OEM\/ODM:<\/td>\n<td class=\"tg-yw4l\">Bem-vindo<\/td>\n<\/tr>\n<tr>\n<td class=\"tg-b7b8\">Origem do local:<\/td>\n<td class=\"tg-b7b8\">Shandong, China<\/td>\n<\/tr>\n<tr>\n<td class=\"tg-yw4l\">Pcs\/Ctn:<\/td>\n<td class=\"tg-yw4l\">24 unidades ou de acordo com a demanda do cliente<\/td>\n<\/tr>\n<\/tbody>\n<\/table>","protected":false},"featured_media":4164,"comment_status":"closed","ping_status":"closed","template":"","meta":[],"product_cat":[15,55],"class_list":{"0":"post-4163","1":"product","2":"type-product","3":"status-publish","4":"has-post-thumbnail","6":"product_cat-glass-liquor-spirit-bottles","7":"product_cat-375ml-liquor-bottle-manufacturer","9":"first","10":"instock","11":"shipping-taxable","12":"product-type-simple"},"yoast_head":"<!-- This site is optimized with the Yoast SEO plugin v22.0 - https:\/\/yoast.com\/wordpress\/plugins\/seo\/ -->\n<title>Glass Liquor Bottles Manufacturer | Wholesale Long Neck Glass Bottles<\/title>\n<meta name=\"description\" content=\"Ruisheng, a professional glass liquor bottles manufacturer in China, wholesale long neck glass bottles with T-corks in factory outlet price.\" \/>\n<meta name=\"robots\" content=\"index, follow, max-snippet:-1, max-image-preview:large, max-video-preview:-1\" \/>\n<link rel=\"canonical\" href=\"https:\/\/ruishengglassco.com\/pt\/produto\/rs114-garrafas-de-vidro-long-neck-de-375-ml-com-rolha-t\" \/>\n<meta property=\"og:locale\" content=\"pt_BR\" \/>\n<meta property=\"og:type\" content=\"article\" \/>\n<meta property=\"og:title\" content=\"Glass Liquor Bottles Manufacturer | Wholesale Long Neck Glass Bottles\" \/>\n<meta property=\"og:description\" content=\"Ruisheng, a professional glass liquor bottles manufacturer in China, wholesale long neck glass bottles with T-corks in factory outlet price.\" \/>\n<meta property=\"og:url\" content=\"https:\/\/ruishengglassco.com\/pt\/produto\/rs114-garrafas-de-vidro-long-neck-de-375-ml-com-rolha-t\" \/>\n<meta property=\"article:publisher\" content=\"https:\/\/www.facebook.com\/ruishengglassbottles\" \/>\n<meta property=\"article:modified_time\" content=\"2025-09-11T08:11:58+00:00\" \/>\n<meta property=\"og:image\" content=\"https:\/\/ruishengglassco.com\/wp-content\/uploads\/2025\/03\/RS114-375ml-Long-Neck-Glass-Bottles-With-T-cork.webp\" \/>\n\t<meta property=\"og:image:width\" content=\"400\" \/>\n\t<meta property=\"og:image:height\" content=\"400\" \/>\n\t<meta property=\"og:image:type\" content=\"image\/webp\" \/>\n<meta name=\"twitter:card\" content=\"summary_large_image\" \/>\n<meta name=\"twitter:label1\" content=\"Est. tempo de leitura\" \/>\n\t<meta name=\"twitter:data1\" content=\"2 minutos\" \/>\n<script type=\"application\/ld+json\" class=\"yoast-schema-graph\">{\"@context\":\"https:\/\/schema.org\",\"@graph\":[{\"@type\":\"WebPage\",\"@id\":\"https:\/\/ruishengglassco.com\/product\/rs114-375ml-long-neck-glass-bottles-with-t-cork\",\"url\":\"https:\/\/ruishengglassco.com\/product\/rs114-375ml-long-neck-glass-bottles-with-t-cork\",\"name\":\"Glass Liquor Bottles Manufacturer | Wholesale Long Neck Glass Bottles\",\"isPartOf\":{\"@id\":\"https:\/\/ruishengglassco.com\/#website\"},\"datePublished\":\"2025-03-14T16:05:40+00:00\",\"dateModified\":\"2025-09-11T08:11:58+00:00\",\"description\":\"Ruisheng, a professional glass liquor bottles manufacturer in China, wholesale long neck glass bottles with T-corks in factory outlet price.\",\"breadcrumb\":{\"@id\":\"https:\/\/ruishengglassco.com\/product\/rs114-375ml-long-neck-glass-bottles-with-t-cork#breadcrumb\"},\"inLanguage\":\"pt-BR\",\"potentialAction\":[{\"@type\":\"ReadAction\",\"target\":[\"https:\/\/ruishengglassco.com\/product\/rs114-375ml-long-neck-glass-bottles-with-t-cork\"]}]},{\"@type\":\"BreadcrumbList\",\"@id\":\"https:\/\/ruishengglassco.com\/product\/rs114-375ml-long-neck-glass-bottles-with-t-cork#breadcrumb\",\"itemListElement\":[{\"@type\":\"ListItem\",\"position\":1,\"name\":\"Home\",\"item\":\"https:\/\/ruishengglassco.com\/\"},{\"@type\":\"ListItem\",\"position\":2,\"name\":\"Products\",\"item\":\"https:\/\/ruishengglassco.com\/products\"},{\"@type\":\"ListItem\",\"position\":3,\"name\":\"RS114: 375ml Long Neck Glass Bottles With T- cork\"}]},{\"@type\":\"WebSite\",\"@id\":\"https:\/\/ruishengglassco.com\/#website\",\"url\":\"https:\/\/ruishengglassco.com\/\",\"name\":\"Ruisheng Glass\",\"description\":\"\",\"publisher\":{\"@id\":\"https:\/\/ruishengglassco.com\/#organization\"},\"potentialAction\":[{\"@type\":\"SearchAction\",\"target\":{\"@type\":\"EntryPoint\",\"urlTemplate\":\"https:\/\/ruishengglassco.com\/?s={search_term_string}\"},\"query-input\":\"required name=search_term_string\"}],\"inLanguage\":\"pt-BR\"},{\"@type\":\"Organization\",\"@id\":\"https:\/\/ruishengglassco.com\/#organization\",\"name\":\"Shandong Yuncheng Ruisheng Glass Co., Ltd\",\"url\":\"https:\/\/ruishengglassco.com\/\",\"logo\":{\"@type\":\"ImageObject\",\"inLanguage\":\"pt-BR\",\"@id\":\"https:\/\/ruishengglassco.com\/#\/schema\/logo\/image\/\",\"url\":\"https:\/\/ruishengglassco.com\/wp-content\/uploads\/2023\/09\/ruisheng_logo_icon.webp\",\"contentUrl\":\"https:\/\/ruishengglassco.com\/wp-content\/uploads\/2023\/09\/ruisheng_logo_icon.webp\",\"width\":400,\"height\":233,\"caption\":\"Shandong Yuncheng Ruisheng Glass Co., Ltd\"},\"image\":{\"@id\":\"https:\/\/ruishengglassco.com\/#\/schema\/logo\/image\/\"},\"sameAs\":[\"https:\/\/www.facebook.com\/ruishengglassbottles\",\"https:\/\/www.instagram.com\/Ruishengglassbottlewholesales\/\",\"https:\/\/www.youtube.com\/channel\/UCMmbMNGwsL-XrtjfSFLCdVQ\"]}]}<\/script>\n<!-- \/ Yoast SEO plugin. -->","yoast_head_json":{"title":"Glass Liquor Bottles Manufacturer | Wholesale Long Neck Glass Bottles","description":"Ruisheng, a professional glass liquor bottles manufacturer in China, wholesale long neck glass bottles with T-corks in factory outlet price.","robots":{"index":"index","follow":"follow","max-snippet":"max-snippet:-1","max-image-preview":"max-image-preview:large","max-video-preview":"max-video-preview:-1"},"canonical":"https:\/\/ruishengglassco.com\/pt\/produto\/rs114-garrafas-de-vidro-long-neck-de-375-ml-com-rolha-t","og_locale":"pt_BR","og_type":"article","og_title":"Glass Liquor Bottles Manufacturer | Wholesale Long Neck Glass Bottles","og_description":"Ruisheng, a professional glass liquor bottles manufacturer in China, wholesale long neck glass bottles with T-corks in factory outlet price.","og_url":"https:\/\/ruishengglassco.com\/pt\/produto\/rs114-garrafas-de-vidro-long-neck-de-375-ml-com-rolha-t","article_publisher":"https:\/\/www.facebook.com\/ruishengglassbottles","article_modified_time":"2025-09-11T08:11:58+00:00","og_image":[{"width":400,"height":400,"url":"https:\/\/ruishengglassco.com\/wp-content\/uploads\/2025\/03\/RS114-375ml-Long-Neck-Glass-Bottles-With-T-cork.webp","type":"image\/webp"}],"twitter_card":"summary_large_image","twitter_misc":{"Est. tempo de leitura":"2 minutos"},"schema":{"@context":"https:\/\/schema.org","@graph":[{"@type":"WebPage","@id":"https:\/\/ruishengglassco.com\/product\/rs114-375ml-long-neck-glass-bottles-with-t-cork","url":"https:\/\/ruishengglassco.com\/product\/rs114-375ml-long-neck-glass-bottles-with-t-cork","name":"Glass Liquor Bottles Manufacturer | Wholesale Long Neck Glass Bottles","isPartOf":{"@id":"https:\/\/ruishengglassco.com\/#website"},"datePublished":"2025-03-14T16:05:40+00:00","dateModified":"2025-09-11T08:11:58+00:00","description":"Ruisheng, a professional glass liquor bottles manufacturer in China, wholesale long neck glass bottles with T-corks in factory outlet price.","breadcrumb":{"@id":"https:\/\/ruishengglassco.com\/product\/rs114-375ml-long-neck-glass-bottles-with-t-cork#breadcrumb"},"inLanguage":"pt-BR","potentialAction":[{"@type":"ReadAction","target":["https:\/\/ruishengglassco.com\/product\/rs114-375ml-long-neck-glass-bottles-with-t-cork"]}]},{"@type":"BreadcrumbList","@id":"https:\/\/ruishengglassco.com\/product\/rs114-375ml-long-neck-glass-bottles-with-t-cork#breadcrumb","itemListElement":[{"@type":"ListItem","position":1,"name":"Home","item":"https:\/\/ruishengglassco.com\/"},{"@type":"ListItem","position":2,"name":"Products","item":"https:\/\/ruishengglassco.com\/products"},{"@type":"ListItem","position":3,"name":"RS114: 375ml Long Neck Glass Bottles With T- cork"}]},{"@type":"WebSite","@id":"https:\/\/ruishengglassco.com\/#website","url":"https:\/\/ruishengglassco.com\/","name":"Ruisheng Glass","description":"","publisher":{"@id":"https:\/\/ruishengglassco.com\/#organization"},"potentialAction":[{"@type":"SearchAction","target":{"@type":"EntryPoint","urlTemplate":"https:\/\/ruishengglassco.com\/?s={search_term_string}"},"query-input":"required name=search_term_string"}],"inLanguage":"pt-BR"},{"@type":"Organization","@id":"https:\/\/ruishengglassco.com\/#organization","name":"Shandong Yuncheng Ruisheng Glass Co., Ltd","url":"https:\/\/ruishengglassco.com\/","logo":{"@type":"ImageObject","inLanguage":"pt-BR","@id":"https:\/\/ruishengglassco.com\/#\/schema\/logo\/image\/","url":"https:\/\/ruishengglassco.com\/wp-content\/uploads\/2023\/09\/ruisheng_logo_icon.webp","contentUrl":"https:\/\/ruishengglassco.com\/wp-content\/uploads\/2023\/09\/ruisheng_logo_icon.webp","width":400,"height":233,"caption":"Shandong Yuncheng Ruisheng Glass Co., Ltd"},"image":{"@id":"https:\/\/ruishengglassco.com\/#\/schema\/logo\/image\/"},"sameAs":["https:\/\/www.facebook.com\/ruishengglassbottles","https:\/\/www.instagram.com\/Ruishengglassbottlewholesales\/","https:\/\/www.youtube.com\/channel\/UCMmbMNGwsL-XrtjfSFLCdVQ"]}]}},"_links":{"self":[{"href":"https:\/\/ruishengglassco.com\/pt\/wp-json\/wp\/v2\/product\/4163","targetHints":{"allow":["GET"]}}],"collection":[{"href":"https:\/\/ruishengglassco.com\/pt\/wp-json\/wp\/v2\/product"}],"about":[{"href":"https:\/\/ruishengglassco.com\/pt\/wp-json\/wp\/v2\/types\/product"}],"replies":[{"embeddable":true,"href":"https:\/\/ruishengglassco.com\/pt\/wp-json\/wp\/v2\/comments?post=4163"}],"wp:featuredmedia":[{"embeddable":true,"href":"https:\/\/ruishengglassco.com\/pt\/wp-json\/wp\/v2\/media\/4164"}],"wp:attachment":[{"href":"https:\/\/ruishengglassco.com\/pt\/wp-json\/wp\/v2\/media?parent=4163"}],"wp:term":[{"taxonomy":"product_cat","embeddable":true,"href":"https:\/\/ruishengglassco.com\/pt\/wp-json\/wp\/v2\/product_cat?post=4163"}],"curies":[{"name":"wp","href":"https:\/\/api.w.org\/{rel}","templated":true}]}}