{"id":4161,"date":"2025-03-15T00:03:49","date_gmt":"2025-03-14T16:03:49","guid":{"rendered":"https:\/\/ruishengglassco.com\/?post_type=product&#038;p=4161"},"modified":"2025-07-16T15:06:09","modified_gmt":"2025-07-16T07:06:09","slug":"fabricantes-de-garrafas-de-vidro-quadradas-de-750-ml-personalizadas-rs115","status":"publish","type":"product","link":"https:\/\/ruishengglassco.com\/pt\/produto\/fabricantes-de-garrafas-de-vidro-quadradas-de-750-ml-personalizadas-rs115","title":{"rendered":"RS115: Fabricantes de garrafas de vidro quadradas personalizadas de 750 ml"},"content":{"rendered":"<h2>Fabricantes de garrafas de vidro quadradas de 750 ml feitas sob medida<\/h2>\n<p>Nossa f\u00e1brica est\u00e1 localizada em Shandong, na China. Ela cobre uma grande \u00e1rea e, por isso, temos mais de 500 funcion\u00e1rios. Nossa empresa utiliza equipamentos avan\u00e7ados para garantir a qualidade de nossas garrafas de licor personalizadas.<\/p>\n<p>A garrafa de licor personalizada \u00e9 um dos projetos de alta qualidade da nossa empresa. Nossos principais produtos s\u00e3o garrafas de vidro de alta qualidade, incluindo garrafas de vodca, garrafas de conhaque, garrafas de u\u00edsque, garrafas de licor, garrafas de geleia e muito mais. Tamb\u00e9m podemos oferecer garrafas de vidro \u00e2mbar, garrafas verdes e garrafas de \u00e1gua.<\/p>\n<p>Nossa empresa prioriza a qualidade. Seguimos regras r\u00edgidas ao vender por atacado garrafas quadradas de licor de 750 ml. Garantimos uma garrafa de vidro de vinho perfeita.<\/p>\n<p>Nossa garrafa de licor personalizada \u00e9 bem vendida no pa\u00eds e no exterior. Esperamos sinceramente poder colaborar com voc\u00ea. Al\u00e9m disso, oferecemos um servi\u00e7o p\u00f3s-venda de primeira classe e resolveremos qualquer problema relacionado \u00e0 carga que voc\u00ea possa ter.<\/p>\n<h4>Detalhes sobre a garrafa de vidro personalizada de 750 ml no atacado<\/h4>\n<ul>\n<li>Material principal: vidro com alto teor de s\u00edlex<\/li>\n<li>Tampa: tampa de rosca<\/li>\n<li>Refer\u00eancia: RS115<\/li>\n<li>MOQ: 10000 PCS<\/li>\n<li>Capacidade: 750 ml<\/li>\n<li>Pcs\/Ctn: 24pcs<\/li>\n<li>Origem do local: Shandong, China<\/li>\n<li>Caracter\u00edstica: Ecologicamente correto<\/li>\n<\/ul>\n<p>Se n\u00e3o gostar dessa garrafa quadrada de licor de 750 ml, voc\u00ea pode explorar nossos outros produtos, que oferecem uma ampla variedade de op\u00e7\u00f5es para voc\u00ea escolher.<\/p>\n<p>Nossa empresa participa frequentemente de exposi\u00e7\u00f5es no pa\u00eds e no exterior, portanto, nosso mercado \u00e9 amplo. Ser\u00e1 um prazer colocar nossa ampla experi\u00eancia a seu servi\u00e7o. Damos as boas-vindas a clientes de todo o mundo para visitarem nossa f\u00e1brica e cooperarem.<\/p>\n<p>Espero que voc\u00ea goste de nossas garrafas de vidro; tamb\u00e9m aceitamos garrafas de vidro personalizadas.<\/p>\n<p>Se estiver interessado em nossa garrafa de licor quadrada de 750 ml feita sob medida, entre em contato conosco. Responderemos dentro de 24 horas.<\/p>","protected":false},"excerpt":{"rendered":"<table class=\"tg\">\n<tbody>\n<tr>\n<th class=\"tg-24i8\" colspan=\"2\">Garrafas personalizadas Garrafa de licor quadrada de 750 ml<\/th>\n<\/tr>\n<tr>\n<td class=\"tg-b7b8\">Refer\u00eancia:<\/td>\n<td class=\"tg-b7b8\">RS115<\/td>\n<\/tr>\n<tr>\n<td class=\"tg-yw4l\">Material principal:<\/td>\n<td class=\"tg-yw4l\">Vidro de s\u00edlex alto<\/td>\n<\/tr>\n<tr>\n<td class=\"tg-b7b8\">Bon\u00e9:<\/td>\n<td class=\"tg-b7b8\">Tampa de rosca<\/td>\n<\/tr>\n<tr>\n<td class=\"tg-yw4l\">Capacidade:<\/td>\n<td class=\"tg-yw4l\">750ml<\/td>\n<\/tr>\n<tr>\n<td class=\"tg-b7b8\">Recurso:<\/td>\n<td class=\"tg-b7b8\">Ecologicamente correto<\/td>\n<\/tr>\n<tr>\n<td class=\"tg-yw4l\">MOQ:<\/td>\n<td class=\"tg-yw4l\">10000 PCS<\/td>\n<\/tr>\n<tr>\n<td class=\"tg-b7b8\">Forma de envio:<\/td>\n<td class=\"tg-b7b8\">Navio, expresso<\/td>\n<\/tr>\n<tr>\n<td class=\"tg-yw4l\">OEM\/ODM:<\/td>\n<td class=\"tg-yw4l\">Bem-vindo<\/td>\n<\/tr>\n<tr>\n<td class=\"tg-b7b8\">Origem do local:<\/td>\n<td class=\"tg-b7b8\">Shandong, China<\/td>\n<\/tr>\n<tr>\n<td class=\"tg-yw4l\">Pcs\/Ctn:<\/td>\n<td class=\"tg-yw4l\">24pcs ou 20pcs<\/td>\n<\/tr>\n<\/tbody>\n<\/table>","protected":false},"featured_media":4162,"comment_status":"closed","ping_status":"closed","template":"","meta":[],"product_cat":[40,45],"class_list":{"0":"post-4161","1":"product","2":"type-product","3":"status-publish","4":"has-post-thumbnail","6":"product_cat-750ml-liquor-bottle-manufacturer","7":"product_cat-custom-glass-bottle","9":"first","10":"instock","11":"shipping-taxable","12":"product-type-simple"},"yoast_head":"<!-- This site is optimized with the Yoast SEO plugin v22.0 - https:\/\/yoast.com\/wordpress\/plugins\/seo\/ -->\n<title>750ml Square Glass Bottles Manufacturers | Customized Liquor Bottle Company<\/title>\n<meta name=\"description\" content=\"Buy 750ml Square Glass Bottles Wholesale From China Liquor Bottle Company. Factory Outlet&amp;Customized Service Offered. Free Sample Here.\" \/>\n<meta name=\"robots\" content=\"index, follow, max-snippet:-1, max-image-preview:large, max-video-preview:-1\" \/>\n<link rel=\"canonical\" href=\"https:\/\/ruishengglassco.com\/pt\/produto\/fabricantes-de-garrafas-de-vidro-quadradas-de-750-ml-personalizadas-rs115\" \/>\n<meta property=\"og:locale\" content=\"pt_BR\" \/>\n<meta property=\"og:type\" content=\"article\" \/>\n<meta property=\"og:title\" content=\"750ml Square Glass Bottles Manufacturers | Customized Liquor Bottle Company\" \/>\n<meta property=\"og:description\" content=\"Buy 750ml Square Glass Bottles Wholesale From China Liquor Bottle Company. Factory Outlet&amp;Customized Service Offered. Free Sample Here.\" \/>\n<meta property=\"og:url\" content=\"https:\/\/ruishengglassco.com\/pt\/produto\/fabricantes-de-garrafas-de-vidro-quadradas-de-750-ml-personalizadas-rs115\" \/>\n<meta property=\"article:publisher\" content=\"https:\/\/www.facebook.com\/ruishengglassbottles\" \/>\n<meta property=\"article:modified_time\" content=\"2025-07-16T07:06:09+00:00\" \/>\n<meta property=\"og:image\" content=\"https:\/\/ruishengglassco.com\/wp-content\/uploads\/2025\/03\/RS115-Custom-750ml-Square-Glass-Bottles-Wholesale.webp\" \/>\n\t<meta property=\"og:image:width\" content=\"800\" \/>\n\t<meta property=\"og:image:height\" content=\"800\" \/>\n\t<meta property=\"og:image:type\" content=\"image\/webp\" \/>\n<meta name=\"twitter:card\" content=\"summary_large_image\" \/>\n<meta name=\"twitter:label1\" content=\"Est. tempo de leitura\" \/>\n\t<meta name=\"twitter:data1\" content=\"2 minutos\" \/>\n<script type=\"application\/ld+json\" class=\"yoast-schema-graph\">{\"@context\":\"https:\/\/schema.org\",\"@graph\":[{\"@type\":\"WebPage\",\"@id\":\"https:\/\/ruishengglassco.com\/product\/rs115-custom-750ml-square-glass-bottles-manufacturers\",\"url\":\"https:\/\/ruishengglassco.com\/product\/rs115-custom-750ml-square-glass-bottles-manufacturers\",\"name\":\"750ml Square Glass Bottles Manufacturers | Customized Liquor Bottle Company\",\"isPartOf\":{\"@id\":\"https:\/\/ruishengglassco.com\/#website\"},\"datePublished\":\"2025-03-14T16:03:49+00:00\",\"dateModified\":\"2025-07-16T07:06:09+00:00\",\"description\":\"Buy 750ml Square Glass Bottles Wholesale From China Liquor Bottle Company. Factory Outlet&Customized Service Offered. Free Sample Here.\",\"breadcrumb\":{\"@id\":\"https:\/\/ruishengglassco.com\/product\/rs115-custom-750ml-square-glass-bottles-manufacturers#breadcrumb\"},\"inLanguage\":\"pt-BR\",\"potentialAction\":[{\"@type\":\"ReadAction\",\"target\":[\"https:\/\/ruishengglassco.com\/product\/rs115-custom-750ml-square-glass-bottles-manufacturers\"]}]},{\"@type\":\"BreadcrumbList\",\"@id\":\"https:\/\/ruishengglassco.com\/product\/rs115-custom-750ml-square-glass-bottles-manufacturers#breadcrumb\",\"itemListElement\":[{\"@type\":\"ListItem\",\"position\":1,\"name\":\"Home\",\"item\":\"https:\/\/ruishengglassco.com\/\"},{\"@type\":\"ListItem\",\"position\":2,\"name\":\"Products\",\"item\":\"https:\/\/ruishengglassco.com\/products\"},{\"@type\":\"ListItem\",\"position\":3,\"name\":\"RS115: Custom 750ml Square Glass Bottles Manufacturers\"}]},{\"@type\":\"WebSite\",\"@id\":\"https:\/\/ruishengglassco.com\/#website\",\"url\":\"https:\/\/ruishengglassco.com\/\",\"name\":\"Ruisheng Glass\",\"description\":\"\",\"publisher\":{\"@id\":\"https:\/\/ruishengglassco.com\/#organization\"},\"potentialAction\":[{\"@type\":\"SearchAction\",\"target\":{\"@type\":\"EntryPoint\",\"urlTemplate\":\"https:\/\/ruishengglassco.com\/?s={search_term_string}\"},\"query-input\":\"required name=search_term_string\"}],\"inLanguage\":\"pt-BR\"},{\"@type\":\"Organization\",\"@id\":\"https:\/\/ruishengglassco.com\/#organization\",\"name\":\"Shandong Yuncheng Ruisheng Glass Co., Ltd\",\"url\":\"https:\/\/ruishengglassco.com\/\",\"logo\":{\"@type\":\"ImageObject\",\"inLanguage\":\"pt-BR\",\"@id\":\"https:\/\/ruishengglassco.com\/#\/schema\/logo\/image\/\",\"url\":\"https:\/\/ruishengglassco.com\/wp-content\/uploads\/2023\/09\/ruisheng_logo_icon.webp\",\"contentUrl\":\"https:\/\/ruishengglassco.com\/wp-content\/uploads\/2023\/09\/ruisheng_logo_icon.webp\",\"width\":400,\"height\":233,\"caption\":\"Shandong Yuncheng Ruisheng Glass Co., Ltd\"},\"image\":{\"@id\":\"https:\/\/ruishengglassco.com\/#\/schema\/logo\/image\/\"},\"sameAs\":[\"https:\/\/www.facebook.com\/ruishengglassbottles\",\"https:\/\/www.instagram.com\/Ruishengglassbottlewholesales\/\",\"https:\/\/www.youtube.com\/channel\/UCMmbMNGwsL-XrtjfSFLCdVQ\"]}]}<\/script>\n<!-- \/ Yoast SEO plugin. -->","yoast_head_json":{"title":"750ml Square Glass Bottles Manufacturers | Customized Liquor Bottle Company","description":"Buy 750ml Square Glass Bottles Wholesale From China Liquor Bottle Company. Factory Outlet&Customized Service Offered. Free Sample Here.","robots":{"index":"index","follow":"follow","max-snippet":"max-snippet:-1","max-image-preview":"max-image-preview:large","max-video-preview":"max-video-preview:-1"},"canonical":"https:\/\/ruishengglassco.com\/pt\/produto\/fabricantes-de-garrafas-de-vidro-quadradas-de-750-ml-personalizadas-rs115","og_locale":"pt_BR","og_type":"article","og_title":"750ml Square Glass Bottles Manufacturers | Customized Liquor Bottle Company","og_description":"Buy 750ml Square Glass Bottles Wholesale From China Liquor Bottle Company. Factory Outlet&Customized Service Offered. Free Sample Here.","og_url":"https:\/\/ruishengglassco.com\/pt\/produto\/fabricantes-de-garrafas-de-vidro-quadradas-de-750-ml-personalizadas-rs115","article_publisher":"https:\/\/www.facebook.com\/ruishengglassbottles","article_modified_time":"2025-07-16T07:06:09+00:00","og_image":[{"width":800,"height":800,"url":"https:\/\/ruishengglassco.com\/wp-content\/uploads\/2025\/03\/RS115-Custom-750ml-Square-Glass-Bottles-Wholesale.webp","type":"image\/webp"}],"twitter_card":"summary_large_image","twitter_misc":{"Est. tempo de leitura":"2 minutos"},"schema":{"@context":"https:\/\/schema.org","@graph":[{"@type":"WebPage","@id":"https:\/\/ruishengglassco.com\/product\/rs115-custom-750ml-square-glass-bottles-manufacturers","url":"https:\/\/ruishengglassco.com\/product\/rs115-custom-750ml-square-glass-bottles-manufacturers","name":"750ml Square Glass Bottles Manufacturers | Customized Liquor Bottle Company","isPartOf":{"@id":"https:\/\/ruishengglassco.com\/#website"},"datePublished":"2025-03-14T16:03:49+00:00","dateModified":"2025-07-16T07:06:09+00:00","description":"Buy 750ml Square Glass Bottles Wholesale From China Liquor Bottle Company. Factory Outlet&Customized Service Offered. Free Sample Here.","breadcrumb":{"@id":"https:\/\/ruishengglassco.com\/product\/rs115-custom-750ml-square-glass-bottles-manufacturers#breadcrumb"},"inLanguage":"pt-BR","potentialAction":[{"@type":"ReadAction","target":["https:\/\/ruishengglassco.com\/product\/rs115-custom-750ml-square-glass-bottles-manufacturers"]}]},{"@type":"BreadcrumbList","@id":"https:\/\/ruishengglassco.com\/product\/rs115-custom-750ml-square-glass-bottles-manufacturers#breadcrumb","itemListElement":[{"@type":"ListItem","position":1,"name":"Home","item":"https:\/\/ruishengglassco.com\/"},{"@type":"ListItem","position":2,"name":"Products","item":"https:\/\/ruishengglassco.com\/products"},{"@type":"ListItem","position":3,"name":"RS115: Custom 750ml Square Glass Bottles Manufacturers"}]},{"@type":"WebSite","@id":"https:\/\/ruishengglassco.com\/#website","url":"https:\/\/ruishengglassco.com\/","name":"Ruisheng Glass","description":"","publisher":{"@id":"https:\/\/ruishengglassco.com\/#organization"},"potentialAction":[{"@type":"SearchAction","target":{"@type":"EntryPoint","urlTemplate":"https:\/\/ruishengglassco.com\/?s={search_term_string}"},"query-input":"required name=search_term_string"}],"inLanguage":"pt-BR"},{"@type":"Organization","@id":"https:\/\/ruishengglassco.com\/#organization","name":"Shandong Yuncheng Ruisheng Glass Co., Ltd","url":"https:\/\/ruishengglassco.com\/","logo":{"@type":"ImageObject","inLanguage":"pt-BR","@id":"https:\/\/ruishengglassco.com\/#\/schema\/logo\/image\/","url":"https:\/\/ruishengglassco.com\/wp-content\/uploads\/2023\/09\/ruisheng_logo_icon.webp","contentUrl":"https:\/\/ruishengglassco.com\/wp-content\/uploads\/2023\/09\/ruisheng_logo_icon.webp","width":400,"height":233,"caption":"Shandong Yuncheng Ruisheng Glass Co., Ltd"},"image":{"@id":"https:\/\/ruishengglassco.com\/#\/schema\/logo\/image\/"},"sameAs":["https:\/\/www.facebook.com\/ruishengglassbottles","https:\/\/www.instagram.com\/Ruishengglassbottlewholesales\/","https:\/\/www.youtube.com\/channel\/UCMmbMNGwsL-XrtjfSFLCdVQ"]}]}},"_links":{"self":[{"href":"https:\/\/ruishengglassco.com\/pt\/wp-json\/wp\/v2\/product\/4161","targetHints":{"allow":["GET"]}}],"collection":[{"href":"https:\/\/ruishengglassco.com\/pt\/wp-json\/wp\/v2\/product"}],"about":[{"href":"https:\/\/ruishengglassco.com\/pt\/wp-json\/wp\/v2\/types\/product"}],"replies":[{"embeddable":true,"href":"https:\/\/ruishengglassco.com\/pt\/wp-json\/wp\/v2\/comments?post=4161"}],"wp:featuredmedia":[{"embeddable":true,"href":"https:\/\/ruishengglassco.com\/pt\/wp-json\/wp\/v2\/media\/4162"}],"wp:attachment":[{"href":"https:\/\/ruishengglassco.com\/pt\/wp-json\/wp\/v2\/media?parent=4161"}],"wp:term":[{"taxonomy":"product_cat","embeddable":true,"href":"https:\/\/ruishengglassco.com\/pt\/wp-json\/wp\/v2\/product_cat?post=4161"}],"curies":[{"name":"wp","href":"https:\/\/api.w.org\/{rel}","templated":true}]}}